{"id":50509,"date":"2026-03-17T14:12:29","date_gmt":"2026-03-17T17:12:29","guid":{"rendered":"https:\/\/portifolioos-prontos.com\/?post_type=product&#038;p=50509"},"modified":"2026-03-17T14:12:33","modified_gmt":"2026-03-17T17:12:33","slug":"aula-pratica-gestao-de-agronegocio","status":"publish","type":"product","link":"https:\/\/portifolioos-prontos.com\/index.php\/product\/aula-pratica-gestao-de-agronegocio\/","title":{"rendered":"Aula Pr\u00e1tica Gest\u00e3o de Agroneg\u00f3cio"},"content":{"rendered":"<p><strong>Aula Pr\u00e1tica Gest\u00e3o de Agroneg\u00f3cio<\/strong><\/p>\n<hr \/>\n<p>&nbsp;<\/p>\n<p><strong>ROTEIRO DE AULA PR\u00c1TICA<\/strong><\/p>\n<p><strong>NOME DA DISCIPLINA:<\/strong> GEST\u00c3O DE AGRONEG\u00d3CIO<\/p>\n<p><strong>Unidade:<\/strong> U2_ECONOMIA_INDUSTRIAL_NO_AGRIBUSINESS<\/p>\n<p><strong>Aula:<\/strong> A2_AGRIBUSINESS_E_A_TECNOLOGIA<\/p>\n<p><strong>Aula:<\/strong> A3_ESTRATEGIAS_TECNOLOGICAS_NO_AGRIBUSINESS<\/p>\n<hr \/>\n<p><strong>OBJETIVOS<\/strong><\/p>\n<ul>\n<li>Trazer um panorama geral e compreender a dimens\u00e3o da agricultura na regi\u00e3o em que o estudante reside.<\/li>\n<li>Conhecer as principais tecnologias utilizadas por diferentes realidades de produ\u00e7\u00e3o.<\/li>\n<li>Descrever como essas tecnologias melhoram a produtividade e rendimento.<\/li>\n<li>Identificar como \u00e9 feita a gest\u00e3o dessas tecnologias.<\/li>\n<\/ul>\n<hr \/>\n<p><strong>SOLU\u00c7\u00c3O DIGITAL<\/strong><\/p>\n<p>Propriedade agr\u00edcola; tablet, notebook, celular ou papel e caneta.<\/p>\n<p>Tablet ou iPad com acesso \u00e0 internet.<\/p>\n<hr \/>\n<p><strong>PROCEDIMENTOS PR\u00c1TICOS E APLICA\u00c7\u00d5ES<\/strong><\/p>\n<p><strong>Procedimento\/Atividade n\u00ba 1<\/strong><\/p>\n<p><strong>Etapa 1:<\/strong> Import\u00e2ncia no Agroneg\u00f3cio no seu munic\u00edpio<\/p>\n<p><strong>Etapa 2:<\/strong> Uso de tecnologias aplicadas na produ\u00e7\u00e3o e manejo agr\u00edcola<\/p>\n<p><strong>Atividade proposta:<\/strong> Realizar uma pesquisa coletando dados nos principais \u00f3rg\u00e3os do munic\u00edpio, trazendo todos os dados necess\u00e1rios para compreens\u00e3o do panorama geral, econ\u00f4mico e agr\u00edcola da regi\u00e3o em que o estudante reside. Bem como, conhecer as tecnologias aplicadas no manejo e produ\u00e7\u00e3o agr\u00edcola entre dois produtores.<\/p>\n<hr \/>\n<p><strong>PROCEDIMENTOS PARA A REALIZA\u00c7\u00c3O DA ATIVIDADE<\/strong><\/p>\n<p><strong>Etapa 1: Import\u00e2ncia do Agroneg\u00f3cio no seu munic\u00edpio<\/strong><\/p>\n<p><strong>Orienta\u00e7\u00f5es:<\/strong><\/p>\n<p>Na primeira etapa dessa atividade voc\u00ea ir\u00e1 trazer um panorama da sua regi\u00e3o, destacando a import\u00e2ncia do agroneg\u00f3cio no seu munic\u00edpio.<\/p>\n<p>\u2022 Traga um panorama geral da sua cidade (regi\u00e3o, \u00e1rea territorial, popula\u00e7\u00e3o, densidade demogr\u00e1fica, clima, economia (principais setores que impactam na economia) qual a parcela que agricultura ocupa no PIB.<\/p>\n<p>\u2022 Quais as principais culturas agr\u00edcolas em seu munic\u00edpio, o tamanho das \u00e1reas dessas culturas, seus potenciais produtivos e rendimento m\u00e9dios.<\/p>\n<p>\u2022 Perfil dos produtores da regi\u00e3o: 1- Tamanho m\u00e9dio das propriedades, 2- N\u00edvel de investimento, 3-Tecnologia.<\/p>\n<p>\u2022 Principais produtos agroindustriais: 1- N\u00edvel de industrializa\u00e7\u00e3o, 2- Mercado de destino.<\/p>\n<p>\u2022 Principais canais de suportes aos produtores da regi\u00e3o: Identificar forma de atua\u00e7\u00e3o (cooperativa, venda direta, revenda) e n\u00famero de estabelecimentos.<\/p>\n<hr \/>\n<p><strong>Etapa 2- Uso de tecnologias aplicadas na produ\u00e7\u00e3o e manejo agr\u00edcola<\/strong><\/p>\n<p><strong>Orienta\u00e7\u00f5es:<\/strong><\/p>\n<p>Definir e descrever os dois produtores escolhidos: tamanho da propriedade, tipo de cultura, quais as principais ferramentas tecnol\u00f3gicas utilizadas, como se deu a mudan\u00e7a com o uso dessas tecnologias, dados da produtividade antes e ap\u00f3s a implanta\u00e7\u00e3o das tecnologias.<\/p>\n<p>Aplicar um roteiro que contemple as seguintes quest\u00f5es:<\/p>\n<ul>\n<li>Quais as tecnologias utilizadas no manejo (nomeie e descreva as tecnologias)?<\/li>\n<li>Quais as ferramentas de gest\u00e3o s\u00e3o utilizadas para monitorar essas tecnologias? Como \u00e9 feita essa gest\u00e3o?<\/li>\n<li>Quem s\u00e3o os respons\u00e1veis pelo uso das ferramentas tecnol\u00f3gicas e quem s\u00e3o os respons\u00e1veis pela gest\u00e3o dessas tecnologias?<\/li>\n<li>Coletar os dados da produtividade antes e depois da implanta\u00e7\u00e3o das tecnologias.<\/li>\n<li>Qual a percep\u00e7\u00e3o do produtor em rela\u00e7\u00e3o a implanta\u00e7\u00e3o dessas tecnologias e da import\u00e2ncia da gest\u00e3o?<\/li>\n<\/ul>\n<p>Fa\u00e7a um comparativo das duas propriedades analisadas, escreva as principais diferen\u00e7as utilizando an\u00e1lise quantitativa (dados num\u00e9ricos), depois fa\u00e7a uma an\u00e1lise qualitativa apresentando sua percep\u00e7\u00e3o em rela\u00e7\u00e3o as duas propriedades pesquisadas e o uso das tecnologias e da gest\u00e3o.<\/p>\n<p><strong>OBSERVA\u00c7\u00c2O:<\/strong> N\u00e3o se esque\u00e7a de apresentar a rela\u00e7\u00e3o de todas as bibliografias consultadas, seguindo o padr\u00e3o da ABNT utilizado pela institui\u00e7\u00e3o. Esta pr\u00e1tica \u00e9 um trabalho original e, portanto, n\u00e3o poder\u00e1 haver trabalhos id\u00eanticos aos de outros alunos ou com reprodu\u00e7\u00e3o de materiais extra\u00eddos da internet. Os trabalhos plagiados ser\u00e3o invalidados. Lembre-se de que a pr\u00e1tica do pl\u00e1gio constitui crime, com pena prevista em lei (Lei n.\u00ba 9.610), e deve ser evitada no \u00e2mbito acad\u00eamico.<\/p>\n<hr \/>\n<p><strong>AVALIANDO OS RESULTADOS<\/strong><\/p>\n<ol>\n<li>Com base nos seus conhecimentos, qual a import\u00e2ncia de silos pr\u00f3ximos as \u00e1reas produtoras de gr\u00e3os? Justifique.<\/li>\n<li>Considerando as tecnologias aplicadas \u00e0 produ\u00e7\u00e3o agr\u00edcola, quais as principais dificuldades entre os produtores rurais? Reflita sobre sua resposta.<\/li>\n<\/ol>\n<hr \/>\n<p><strong>CHECKLIST<\/strong><\/p>\n<p><strong>Etapa 1: Anotar as informa\u00e7\u00f5es sobre:<\/strong><\/p>\n<p>\u2713 Cidade:<br \/>\n\u2713 Regi\u00e3o:<br \/>\n\u2713 \u00c1rea territorial:<br \/>\n\u2713 Popula\u00e7\u00e3o:<br \/>\n\u2713 Densidade demogr\u00e1fica:<br \/>\n\u2713 Economia (principais setores que impactam a economia):<br \/>\n\u2713 Parcela da agricultura no PIB:<br \/>\n\u2713 Principais culturas agr\u00edcolas, tamanho das \u00e1reas, potenciais produtivos e rendimentos m\u00e9dios.<br \/>\n\u2713 Perfil dos produtores da regi\u00e3o:<br \/>\n\u2713 Principais produtos agroindustriais:<br \/>\n\u2713 Principais canais de suportes aos produtores da regi\u00e3o:<br \/>\n\u2713 Revis\u00e3o bibliogr\u00e1fica;<br \/>\n\u2713 An\u00e1lise do material pesquisado;<br \/>\n\u2713 Reda\u00e7\u00e3o do texto;<br \/>\n\u2713 Relat\u00f3rio.<\/p>\n<hr \/>\n<p><strong>Etapa 2: Anotar informa\u00e7\u00f5es sobre:<\/strong><\/p>\n<p>\u2713 Definir quem ser\u00e3o os produtores entrevistados;<br \/>\n\u2713 Agendar um hor\u00e1rio com o produtor com anteced\u00eancia para que ele possa atender com um tempo h\u00e1bil, ou seja, suficiente para conhecer bem a realidade e poder aplicar todo o roteiro de quest\u00f5es;<br \/>\n\u2713 Aplicar o roteiro, detalhando todas as quest\u00f5es elencadas no procedimento da atividade.<br \/>\n\u2713 Transcrever todos os dados coletados;<br \/>\n\u2713 Escrever as principais diferen\u00e7as encontradas entre as duas propriedades visitadas;<br \/>\n\u2713 Fazer uma an\u00e1lise quantitativa, utilizando dados num\u00e9ricos e depois qualitativas, apresentando a sua percep\u00e7\u00e3o em rela\u00e7\u00e3o as duas propriedades pesquisadas, no que diz respeito ao uso das tecnologias e como essas s\u00e3o geridas;<br \/>\n\u2713 Revis\u00e3o bibliogr\u00e1fica;<br \/>\n\u2713 Analisar do material pesquisado;<br \/>\n\u2713 Reda\u00e7\u00e3o do texto;<br \/>\n\u2713 Relat\u00f3rio.<\/p>\n<hr \/>\n<p><strong>RESULTADOS<\/strong><\/p>\n<p><strong>Resultados do experimento:<\/strong><\/p>\n<p>Ao final da primeira etapa da aula pr\u00e1tica, voc\u00ea dever\u00e1 enviar um relat\u00f3rio, no formato word, contemplando todas as quest\u00f5es elencadas. Na segunda etapa da aula pr\u00e1tica providenciar um relat\u00f3rio das duas visitas, contemplando todas as quest\u00f5es elencadas, al\u00e9m do texto que apresente a an\u00e1lise quantitativa e qualitativa, trazendo um comparativo entre as propriedades.<\/p>\n<p><strong>Resultados de Aprendizagem:<\/strong><\/p>\n<p>Como resultados dessa pr\u00e1tica ser\u00e1 poss\u00edvel conhecer um panorama sobre as atividades agr\u00edcolas da sua regi\u00e3o. Tamb\u00e9m ser\u00e1 poss\u00edvel analisar a utiliza\u00e7\u00e3o de ferramentas tecnol\u00f3gicas entre os produtores rurais.<\/p>\n<hr \/>\n<p><strong>Como funciona?<\/strong><\/p>\n<div class=\"elementor-toggle-item\">\n<p>Elaboramos os portf\u00f3lios, j\u00e1 deixamos prontos, nas normas da ABNT e conforme os requisitos da universidade. F\u00e1cil assim! O MELHOR \u00c9 QUE VOC\u00ca COMPRA E J\u00c1 BAIXA NA HORA O SEU ARQUIVO EM WORD! Sabemos que conciliar trabalho, fam\u00edlia, vida profissional e estudos \u00e9 dif\u00edcil hoje em dia, por isso, estamos aqui para ajudar voc\u00ea. Conte com nossa qualidade, experi\u00eancia e profissionalismo adquirindo seu portf\u00f3lio conosco. GARANTIMOS SEU CONCEITO!<\/p>\n<p><strong>Como se realizam os envios?<\/strong><\/p>\n<\/div>\n<p id=\"elementor-tab-content-1942\" class=\"elementor-tab-content elementor-clearfix elementor-active\" role=\"tabpanel\" data-tab=\"2\" aria-labelledby=\"elementor-tab-title-1942\">O seu trabalho \u00e9 disponibilizado pronto, respondido e nas normas j\u00e1 na mesma hora aqui em nosso site na sua \u00e1rea de downloads e tamb\u00e9m no seu e-mail.<\/p>\n<p><strong>Em quanto tempo recebo o portf\u00f3lio?<\/strong><\/p>\n<p>Os envios s\u00e3o imediatos. Ap\u00f3s sua compra, o trabalho j\u00e1 \u00e9 disponibilizado instantaneamente aqui em nosso site e no seu e-mail.<\/p>\n<p><strong>E se o portf\u00f3lio que comprei precisar de corre\u00e7\u00e3o?<\/strong><\/p>\n<p>Caso haja alguma solicita\u00e7\u00e3o de corre\u00e7\u00e3o\/altera\u00e7\u00e3o por parte do tutor, basta entrar em contato conosco pelo\u00a0WhatsApp\u00a0que provid\u00eanciaremos sem custo algum.<\/p>\n<p><strong>Qual o formato do arquivo?<\/strong><\/p>\n<p>Os arquivos s\u00e3o enviados em formato Word e s\u00e3o edit\u00e1veis.<\/p>\n<p><strong>Caso eu tiver alguma d\u00favida, terei suporte no p\u00f3s venda?<\/strong><\/p>\n<p>Sim, com certeza. Basta clicar no \u00edcone do WhatsApp no cantinho da tela. Ser\u00e1 um prazer atend\u00ea-lo(a).<\/p>\n<div id=\"elementor-tab-content-1948\" class=\"elementor-tab-content elementor-clearfix elementor-active\" role=\"tabpanel\" data-tab=\"8\" aria-labelledby=\"elementor-tab-title-1948\">\n<p><strong>Quais os seus canais de contato?<\/strong><\/p>\n<\/div>\n<div id=\"elementor-tab-content-1949\" class=\"elementor-tab-content elementor-clearfix elementor-active\" role=\"tabpanel\" data-tab=\"9\" aria-labelledby=\"elementor-tab-title-1949\">\n<p>Whatsapp: 53 984751621 \u2013 Clicar no canto da tela ou ESCANEIE O QRCODE ABAIXO<\/p>\n<h4><img decoding=\"async\" class=\"alignnone wp-image-13699 jetpack-lazy-image jetpack-lazy-image--handled\" src=\"https:\/\/i0.wp.com\/portifolioos-prontos.com\/wp-content\/uploads\/2023\/02\/whatsapp-business-projeto-de-extensao-300x300.jpeg?resize=144%2C144\" sizes=\"(max-width: 144px) 100vw, 144px\" srcset=\"https:\/\/i0.wp.com\/portifolioos-prontos.com\/wp-content\/uploads\/2023\/02\/whatsapp-business-projeto-de-extensao.jpeg?resize=300%2C301&amp;ssl=1 300w, https:\/\/i0.wp.com\/portifolioos-prontos.com\/wp-content\/uploads\/2023\/02\/whatsapp-business-projeto-de-extensao.jpeg?resize=150%2C150&amp;ssl=1 150w, https:\/\/i0.wp.com\/portifolioos-prontos.com\/wp-content\/uploads\/2023\/02\/whatsapp-business-projeto-de-extensao.jpeg?resize=370%2C372&amp;ssl=1 370w, https:\/\/i0.wp.com\/portifolioos-prontos.com\/wp-content\/uploads\/2023\/02\/whatsapp-business-projeto-de-extensao.jpeg?resize=100%2C100&amp;ssl=1 100w, https:\/\/i0.wp.com\/portifolioos-prontos.com\/wp-content\/uploads\/2023\/02\/whatsapp-business-projeto-de-extensao.jpeg?w=470&amp;ssl=1 470w\" alt=\"projeto de extens\u00e3o unopar\" width=\"144\" height=\"144\" data-lazy-loaded=\"1\" \/><\/h4>\n<\/div>\n<div class=\"elementor-toggle-item\">\n<div id=\"elementor-tab-content-1949\" class=\"elementor-tab-content elementor-clearfix elementor-active\" role=\"tabpanel\" data-tab=\"9\" aria-labelledby=\"elementor-tab-title-1949\">\n<p>E-mail:portifoliosp@gmail.com<\/p>\n<div id=\"attachment_143\" class=\"wp-caption alignnone\">\n<div id=\"attachment_143\" class=\"wp-caption alignnone\">\n<p id=\"caption-attachment-143\" class=\"wp-caption-text\"><a href=\"http:\/\/portfolio-pronto.com\/\">Portf\u00f3lio<\/a>\u00a0em Word, respondido, completo e j\u00e1 nas normas<\/p>\n<\/div>\n<\/div>\n<\/div>\n<\/div>\n","protected":false},"excerpt":{"rendered":"<p>Aula Pr\u00e1tica Gest\u00e3o de Agroneg\u00f3cio &nbsp; ROTEIRO DE AULA PR\u00c1TICA NOME DA DISCIPLINA: GEST\u00c3O DE AGRONEG\u00d3CIO Unidade: U2_ECONOMIA_INDUSTRIAL_NO_AGRIBUSINESS Aula: A2_AGRIBUSINESS_E_A_TECNOLOGIA Aula: A3_ESTRATEGIAS_TECNOLOGICAS_NO_AGRIBUSINESS OBJETIVOS Trazer um panorama geral e compreender a dimens\u00e3o da agricultura na regi\u00e3o em que o estudante reside. Conhecer as principais tecnologias utilizadas por diferentes realidades de produ\u00e7\u00e3o. Descrever como essas tecnologias melhoram&hellip;<\/p>\n","protected":false},"featured_media":50512,"template":"","meta":{"_seopress_robots_primary_cat":"","_seopress_titles_title":"","_seopress_titles_desc":"","_seopress_robots_index":""},"product_cat":[63,29],"product_tag":[],"class_list":{"0":"post-50509","1":"product","2":"type-product","3":"status-publish","4":"has-post-thumbnail","6":"product_cat-agronegocio","7":"product_cat-agronomia","9":"first","10":"instock","11":"shipping-taxable","12":"purchasable","13":"product-type-simple","14":"col-xs-6 col-sm-4","15":"col-mf-5","16":"un-5-cols"},"jetpack_sharing_enabled":true,"_links":{"self":[{"href":"https:\/\/portifolioos-prontos.com\/index.php\/wp-json\/wp\/v2\/product\/50509","targetHints":{"allow":["GET"]}}],"collection":[{"href":"https:\/\/portifolioos-prontos.com\/index.php\/wp-json\/wp\/v2\/product"}],"about":[{"href":"https:\/\/portifolioos-prontos.com\/index.php\/wp-json\/wp\/v2\/types\/product"}],"version-history":[{"count":1,"href":"https:\/\/portifolioos-prontos.com\/index.php\/wp-json\/wp\/v2\/product\/50509\/revisions"}],"predecessor-version":[{"id":50513,"href":"https:\/\/portifolioos-prontos.com\/index.php\/wp-json\/wp\/v2\/product\/50509\/revisions\/50513"}],"wp:featuredmedia":[{"embeddable":true,"href":"https:\/\/portifolioos-prontos.com\/index.php\/wp-json\/wp\/v2\/media\/50512"}],"wp:attachment":[{"href":"https:\/\/portifolioos-prontos.com\/index.php\/wp-json\/wp\/v2\/media?parent=50509"}],"wp:term":[{"taxonomy":"product_cat","embeddable":true,"href":"https:\/\/portifolioos-prontos.com\/index.php\/wp-json\/wp\/v2\/product_cat?post=50509"},{"taxonomy":"product_tag","embeddable":true,"href":"https:\/\/portifolioos-prontos.com\/index.php\/wp-json\/wp\/v2\/product_tag?post=50509"}],"curies":[{"name":"wp","href":"https:\/\/api.w.org\/{rel}","templated":true}]}}