{"id":50597,"date":"2026-03-22T19:50:15","date_gmt":"2026-03-22T22:50:15","guid":{"rendered":"https:\/\/portifolioos-prontos.com\/?post_type=product&#038;p=50597"},"modified":"2026-04-19T09:24:18","modified_gmt":"2026-04-19T12:24:18","slug":"aula-pratica-ciencia-de-materiais-e-nanoparticulas-2","status":"publish","type":"product","link":"https:\/\/portifolioos-prontos.com\/index.php\/product\/aula-pratica-ciencia-de-materiais-e-nanoparticulas-2\/","title":{"rendered":"Aula Pr\u00e1tica Ci\u00eancia de Materiais e Nanopart\u00edculas"},"content":{"rendered":"<p><strong>Aula Pr\u00e1tica Ci\u00eancia de Materiais e Nanopart\u00edculas<\/strong><\/p>\n<hr \/>\n<p><strong>Unidade:<\/strong> 3<\/p>\n<p><strong>Se\u00e7\u00e3o:<\/strong> 1<\/p>\n<p><strong>ROTEIRO DE AULA PR\u00c1TICA 1<\/strong><\/p>\n<p><strong>NOME DA DISCIPLINA:<\/strong> CI\u00caNCIA DE MATERIAIS E NANOPART\u00cdCULAS<\/p>\n<p><strong>Unidade:<\/strong> COMPORTAMENTO MEC\u00c2NICO E T\u00c9RMICO, DIAGRAMAS DE FASES E TRATAMENTO T\u00c9RMICO<\/p>\n<p><strong>Se\u00e7\u00e3o:<\/strong> COMPORTAMENTO MEC\u00c2NICO<\/p>\n<hr \/>\n<p><strong>OBJETIVOS<\/strong><\/p>\n<p>Defini\u00e7\u00e3o dos objetivos da aula pr\u00e1tica:<\/p>\n<p>Conhecer o ensaio de compress\u00e3o;<\/p>\n<p>Compreender a constru\u00e7\u00e3o da curva de escoamento;<\/p>\n<p>Analisar a curva de escoamento e obter a equa\u00e7\u00e3o que descreve a resist\u00eancia ao escoamento.<\/p>\n<hr \/>\n<p><strong>INFRAESTRUTURA<\/strong><\/p>\n<p>Instala\u00e7\u00f5es \u2013 Materiais de consumo \u2013 Equipamentos:<\/p>\n<p>N\u00e3o se aplica<\/p>\n<hr \/>\n<p><strong>SOLU\u00c7\u00c3O DIGITAL<\/strong><\/p>\n<p>\u2022 ALGETEC &#8211; ENGENHARIAS E ARQUITETURA &#8211; PR\u00c1TICAS ESPEC\u00cdFICAS DE ENG. MEC\u00c2NICA E ENG. PRODU\u00c7\u00c3O (Simulador)<\/p>\n<p>Os Laborat\u00f3rios Virtuais Algetec s\u00e3o simuladores digitais que replicam, com alto grau de fidelidade, as pr\u00e1ticas realizadas em um laborat\u00f3rio f\u00edsico.<\/p>\n<hr \/>\n<p><strong>EQUIPAMENTO DE PROTE\u00c7\u00c3O INDIVIDUAL (EPI)<\/strong><\/p>\n<p>N\u00e3o se aplica<\/p>\n<hr \/>\n<p><strong>PROCEDIMENTOS PR\u00c1TICOS<\/strong><\/p>\n<p><strong>Procedimento\/Atividade n\u00ba 1<\/strong><\/p>\n<p><strong>Atividade proposta:<\/strong><\/p>\n<p>Construir e analisar a curva de escoamento do a\u00e7o SAE 1045 a partir do ensaio de compress\u00e3o.<\/p>\n<hr \/>\n<p><strong>Procedimentos para a realiza\u00e7\u00e3o da atividade:<\/strong><\/p>\n<p>Caro aluno, voc\u00ea dever\u00e1 acessar na plataforma Algetec (<a href=\"https:\/\/algetec.grupoa.education\/plataforma\/course\/295468a\">https:\/\/algetec.grupoa.education\/plataforma\/course\/295468a<\/a>) a aula pr\u00e1tica, ap\u00f3s fazer seu login, a partir do seguinte caminho:<\/p>\n<ul>\n<li>Selecione o conte\u00fado: EXATAS, conforme a Figura 1;<\/li>\n<\/ul>\n<p>Figura 1. Demonstra\u00e7\u00e3o do conte\u00fado que deve ser selecionado.<\/p>\n<ul>\n<li>Logo ap\u00f3s selecionar o conte\u00fado, clicar em: ESTRUTURAS, conforme a Figura 2.<\/li>\n<\/ul>\n<p>Figura 2. Imagem da tela mostrando o conte\u00fado ESTRUTURAS onde deve ser clicado.<\/p>\n<ul>\n<li>Na nova janela aberta clicar na pr\u00e1tica: Curvas de Escoamento \u2013 ID 166, conforme demonstrado na Figura 3.<\/li>\n<\/ul>\n<p>Figura 3. Aula que deve ser selecionada Curvas de Escoamento \u2013 ID 166.<\/p>\n<ul>\n<li>No menu \u00e0 sua esquerda haver\u00e1 as etapas da aula pr\u00e1tica, conforme Figura 4 (obs: conforme voc\u00ea for realizando as etapas o \u00edcone ficar\u00e1 verde).<\/li>\n<\/ul>\n<p>Figura 4. Menu da aula pr\u00e1tica.<\/p>\n<ul>\n<li>Leia com aten\u00e7\u00e3o a apresenta\u00e7\u00e3o, sum\u00e1rio te\u00f3rico e o roteiro, pois a leitura do sum\u00e1rio te\u00f3rico vai lhe auxiliar a resolver as quest\u00f5es do pr\u00e9-teste;<\/li>\n<li>Responda ao pr\u00e9-teste;<\/li>\n<li>Agora sim, voc\u00ea est\u00e1 pronto para iniciar o experimento;<\/li>\n<li>No documento Roteiro tem uma subse\u00e7\u00e3o chamada \u201cTutorial Virtualab\u201d onde voc\u00ea possui as instru\u00e7\u00f5es de como manusear os materiais presentes no laborat\u00f3rio virtual;<\/li>\n<li>Nessa pr\u00e1tica voc\u00ea realizar\u00e1 o ensaio de compress\u00e3o em tarugos dispon\u00edveis no laborat\u00f3rio virtual;<\/li>\n<li>Deve ser realizada a inspe\u00e7\u00e3o do tarugo antes e depois do ensaio;<\/li>\n<li>Ap\u00f3s realizar o experimento deve ser respondido o p\u00f3s-teste;<\/li>\n<li>Enfim, deve ser realizado o relat\u00f3rio final contendo as respostas das perguntas contidas em avalia\u00e7\u00e3o dos resultados (roteiro).<\/li>\n<\/ul>\n<hr \/>\n<p><strong>Refer\u00eancias<\/strong><\/p>\n<p>CALLISTER, William D. Jr. Ci\u00eancia e Engenharia de Materiais &#8211; Uma Introdu\u00e7\u00e3o. 10\u00aa edi\u00e7\u00e3o. Rio de Janeiro: LTC, 2019. Grupo GEN, 2020. E-book. ISBN 9788521637325. Dispon\u00edvel em: <a href=\"https:\/\/integrada.minhabiblioteca.com.br\/#\/books\/9788521637325\/\">https:\/\/integrada.minhabiblioteca.com.br\/#\/books\/9788521637325\/<\/a>.<\/p>\n<hr \/>\n<p><strong>Checklist:<\/strong><\/p>\n<p><strong>Antes da pr\u00e1tica:<\/strong><\/p>\n<p>Ler as instru\u00e7\u00f5es da plataforma com aten\u00e7\u00e3o;<\/p>\n<p>Compreender como manusear os materiais no laborat\u00f3rio virtual;<\/p>\n<p><strong>Durante a pr\u00e1tica:<\/strong><\/p>\n<p>Inicie com a medi\u00e7\u00e3o do di\u00e2metro e da altura iniciais, em dois locais diferentes, do tarugo (anote as medidas);<\/p>\n<p>Limpeza do tarugo;<\/p>\n<p>Lubrifica\u00e7\u00e3o do corpo de prova;<\/p>\n<p>Posicionamento do tarugo na prensa;<\/p>\n<p>Realiza\u00e7\u00e3o do ensaio de compress\u00e3o;<\/p>\n<p>Leitura dos gr\u00e1ficos do ensaio no notebook;<\/p>\n<p>Retirar o tarugo da prensa;<\/p>\n<p>Medi\u00e7\u00e3o de di\u00e2metros e altura, em dois locais diferentes, do corpo de prova ap\u00f3s o ensaio (anote as medidas);<\/p>\n<p><strong>Ap\u00f3s a pr\u00e1tica:<\/strong><\/p>\n<p>Realizar o relat\u00f3rio com as respostas das quest\u00f5es solicitadas em avalia\u00e7\u00e3o de resultados;<\/p>\n<p>Anexar o arquivo do relat\u00f3rio no local indicado (Atividade).<\/p>\n<hr \/>\n<p><strong>ROTEIRO DE AULA PR\u00c1TICA 2<\/strong><\/p>\n<p><strong>NOME DA DISCIPLINA:<\/strong> CI\u00caNCIA DE MATERIAIS E NANOPART\u00cdCULAS<\/p>\n<p><strong>Unidade:<\/strong> COMPORTAMENTO MEC\u00c2NICO E T\u00c9RMICO, DIAGRAMAS DE FASES E TRATAMENTO T\u00c9RMICO<\/p>\n<p><strong>Se\u00e7\u00e3o:<\/strong> TRATAMENTO T\u00c9RMICO<\/p>\n<hr \/>\n<p><strong>OBJETIVOS<\/strong><\/p>\n<p>Defini\u00e7\u00e3o dos objetivos da aula pr\u00e1tica:<\/p>\n<p>Aplicar diferentes tratamentos t\u00e9rmicos no material;<\/p>\n<p>Compreender as diferen\u00e7as de propriedades no material entre os diferentes tratamentos t\u00e9rmicos aplicados;<\/p>\n<p>Analisar e comparar as propriedades do material.<\/p>\n<hr \/>\n<p><strong>INFRAESTRUTURA<\/strong><\/p>\n<p>Instala\u00e7\u00f5es \u2013 Materiais de consumo \u2013 Equipamentos:<\/p>\n<p>N\u00e3o se aplica<\/p>\n<hr \/>\n<p><strong>SOLU\u00c7\u00c3O DIGITAL<\/strong><\/p>\n<p>\u2022 ALGETEC &#8211; ENGENHARIAS E ARQUITETURA &#8211; PR\u00c1TICAS ESPEC\u00cdFICAS DE ENG. MEC\u00c2NICA E ENG. PRODU\u00c7\u00c3O (Simulador)<\/p>\n<p>Os Laborat\u00f3rios Virtuais Algetec s\u00e3o simuladores digitais que replicam, com alto grau de fidelidade, as pr\u00e1ticas realizadas em um laborat\u00f3rio f\u00edsico.<\/p>\n<hr \/>\n<p><strong>EQUIPAMENTO DE PROTE\u00c7\u00c3O INDIVIDUAL (EPI)<\/strong><\/p>\n<p>N\u00e3o se aplica<\/p>\n<hr \/>\n<p><strong>PROCEDIMENTOS PR\u00c1TICOS<\/strong><\/p>\n<p><strong>Procedimento\/Atividade n\u00ba 1 (Virtual)<\/strong><\/p>\n<p><strong>Atividade proposta:<\/strong><\/p>\n<p>Analisar diferentes tratamentos t\u00e9rmicos e verificar suas consequ\u00eancias nas propriedades do material.<\/p>\n<hr \/>\n<p><strong>Procedimentos para a realiza\u00e7\u00e3o da atividade:<\/strong><\/p>\n<p>Caro aluno, voc\u00ea dever\u00e1 acessar na plataforma Algetec (<a href=\"https:\/\/algetec.grupoa.education\/plataforma\/course\/295468\">https:\/\/algetec.grupoa.education\/plataforma\/course\/295468<\/a>) a aula pr\u00e1tica, ap\u00f3s fazer o login, a partir do seguinte caminho:<\/p>\n<ul>\n<li>Selecione o conte\u00fado: EXATAS. Conforme Figura 5.<\/li>\n<\/ul>\n<p>Figura 5. Demonstra\u00e7\u00e3o do conte\u00fado que deve ser selecionado.<\/p>\n<ul>\n<li>Logo ap\u00f3s selecionar o conte\u00fado, clicar em: PR\u00c1TICAS ESPEC\u00cdFICAS DE ENG. MEC\u00c2NICA E ENG. PRODU\u00c7\u00c3O, conforme Figura 6.<\/li>\n<\/ul>\n<p>Figura 6. Imagem da tela mostrando o conte\u00fado PR\u00c1TICAS ESPEC\u00cdFICAS DE ENG. MEC\u00c2NICA E ENG. PRODU\u00c7\u00c3O onde deve ser clicado.<\/p>\n<ul>\n<li>Na janela aberta clicar na pr\u00e1tica: Materiais e Tratamentos T\u00e9rmicos: Conhecimentos B\u00e1sicos \u2013 ID 145, conforme Figura 7.<\/li>\n<\/ul>\n<p>Figura 7. Aula que deve ser selecionada Materiais e Tratamentos T\u00e9rmicos: Conhecimentos B\u00e1sicos \u2013 ID 145.<\/p>\n<ul>\n<li>No menu \u00e0 sua esquerda haver\u00e1 as etapas da aula pr\u00e1tica, conforme Figura 8 (obs: conforme voc\u00ea for realizando as etapas o \u00edcone ficar\u00e1 verde).<\/li>\n<\/ul>\n<p>Figura 8. Menu da aula pr\u00e1tica.<\/p>\n<ul>\n<li>Leia com aten\u00e7\u00e3o a apresenta\u00e7\u00e3o, sum\u00e1rio te\u00f3rico e o roteiro, pois a leitura do sum\u00e1rio te\u00f3rico vai lhe auxiliar a resolver as quest\u00f5es do pr\u00e9-teste;<\/li>\n<li>Responda ao pr\u00e9-teste;<\/li>\n<li>Agora sim, voc\u00ea est\u00e1 pronto para iniciar o experimento;<\/li>\n<li>No documento Roteiro tem uma subse\u00e7\u00e3o chamada \u201cTutorial Virtualab\u201d onde voc\u00ea possui as instru\u00e7\u00f5es de como manusear os materiais presentes no laborat\u00f3rio virtual;<\/li>\n<li>Nessa pr\u00e1tica voc\u00ea dever\u00e1 escolher diferentes tratamentos t\u00e9rmicos contidos na Tabela 1 (Figura 9) do documento Roteiro e aplicar ao corpo de prova que est\u00e1 presente no laborat\u00f3rio. Portanto, anote a temperatura de aquecimento e o meio de resfriamento que voc\u00ea vai utilizar, de acordo com os tratamentos escolhidos, conforme o exemplo abaixo:<\/li>\n<\/ul>\n<p>Figura 9. Tabela de tratamentos t\u00e9rmicos fornecida no Roteiro da Pr\u00e1tica ID 145.<\/p>\n<p>Neste caso se voc\u00ea selecionar o tratamento t\u00e9rmico de T\u00eampera voc\u00ea deve aquecer o corpo de prova a uma temperatura de 900 \u00baC e depois resfri\u00e1-lo em \u00e1gua ou salmoura. O tempo que o corpo de prova permanece no forno \u00e9 de acordo com a sua espessura, sendo indicado 1 hora por polegada. Por fim, realizar um tratamento de revenimento, dentre as temperaturas sugeridas na Tabela 1, faixas entre 150 e 230 \u00baC, 230 \u00baC a 400 \u00baC ou de 400 \u00baC a 500 \u00baC;<\/p>\n<ul>\n<li>Como nas perguntas finais \u00e9 solicitado o efeito do tratamento de revenimento \u00e9 importar utiliz\u00e1-lo durante a pr\u00e1tica;<\/li>\n<li>Ap\u00f3s realizar o experimento deve ser respondido o p\u00f3s-teste;<\/li>\n<li>Enfim, deve ser realizado o relat\u00f3rio final contendo as respostas das perguntas contidas em avalia\u00e7\u00e3o dos resultados.<\/li>\n<\/ul>\n<hr \/>\n<p><strong>Refer\u00eancias<\/strong><\/p>\n<p>CALLISTER, William D. Jr. Ci\u00eancia e Engenharia de Materiais &#8211; Uma Introdu\u00e7\u00e3o. 10\u00aa edi\u00e7\u00e3o. Rio de Janeiro: LTC, 2019. Grupo GEN, 2020. E-book. ISBN 9788521637325. Dispon\u00edvel em: <a href=\"https:\/\/integrada.minhabiblioteca.com.br\/#\/books\/9788521637325\/\">https:\/\/integrada.minhabiblioteca.com.br\/#\/books\/9788521637325\/<\/a>.<\/p>\n<p>COLPAERT, Hubertus. Metalografia dos produtos sider\u00fargicos comuns. Editora Blucher, 2008. E-book. ISBN 9788521215714. Dispon\u00edvel em: <a href=\"https:\/\/integrada.minhabiblioteca.com.br\/#\/books\/9788521215714\/\">https:\/\/integrada.minhabiblioteca.com.br\/#\/books\/9788521215714\/<\/a>.<\/p>\n<hr \/>\n<p><strong>Checklist:<\/strong><\/p>\n<p><strong>Antes da pr\u00e1tica:<\/strong><\/p>\n<p>Ler as instru\u00e7\u00f5es da plataforma com aten\u00e7\u00e3o;<\/p>\n<p>Compreender como manusear os materiais no laborat\u00f3rio virtual;<\/p>\n<p><strong>Durante a pr\u00e1tica:<\/strong><\/p>\n<p>Vestir os EPIs indicados (avental de raspa, luva de raspa e \u00f3culos escuro);<\/p>\n<p>Inspecionar o corpo de prova (tirar print da micrografia);<\/p>\n<p>Inserir o corpo de prova no forno;<\/p>\n<p>Selecionar a temperatura desejada no forno;<\/p>\n<p>Resfriar o corpo de prova conforme o tratamento t\u00e9rmico selecionado;<\/p>\n<p>Inspecionar o corpo de prova ap\u00f3s o tratamento t\u00e9rmico;<\/p>\n<p><strong>Ap\u00f3s a pr\u00e1tica:<\/strong><\/p>\n<p>Comparar resultados com dados da bibliografia;<\/p>\n<p>Realizar o relat\u00f3rio com as respostas das quest\u00f5es solicitadas em avalia\u00e7\u00e3o de resultados.<\/p>\n<p>Anexar o arquivo do relat\u00f3rio no local indicado (Atividade).<\/p>\n<hr \/>\n<p><strong>RESULTADOS<\/strong><\/p>\n<p><strong>Resultados de Aprendizagem:<\/strong><\/p>\n<p>Aula Pr\u00e1tica 1: As respostas das quest\u00f5es 1 e 2 da se\u00e7\u00e3o \u201cAvalia\u00e7\u00e3o dos resultados\u201d dissertando sobre a import\u00e2ncia de realizar as medi\u00e7\u00f5es em pontos diferentes do tarugo e a fun\u00e7\u00e3o do \u00f3leo lubrificante no ensaio.<\/p>\n<p>Aula Pr\u00e1tica 2: Respostas da quest\u00e3o 1 e 2 da \u201cAvalia\u00e7\u00e3o dos resultados\u201d: uma compara\u00e7\u00e3o entre a micrografia obtida no seu tratamento t\u00e9rmico com os da literatura e identificar os constituintes (fases) da micrografia obtida;<\/p>\n<p>Respostas das quest\u00f5es 3, 4 e 5 da \u201cAvalia\u00e7\u00e3o dos resultados\u201d: uma compara\u00e7\u00e3o entre os tratamentos t\u00e9rmicos em termos de propriedades do material obtidas ap\u00f3s os tratamentos realizados.<\/p>\n<hr \/>\n<p><strong>NORMAS PARA ELABORA\u00c7\u00c3O E ENTREGA DO RELAT\u00d3RIO DE ATIVIDADE PR\u00c1TICA<\/strong><\/p>\n<p>Ol\u00e1, estudante. Tudo bem?<\/p>\n<p>As atividades pr\u00e1ticas visam desenvolver compet\u00eancias para a atua\u00e7\u00e3o profissional. Elas s\u00e3o importantes para que voc\u00ea vivencie situa\u00e7\u00f5es que te preparar\u00e3o para o mercado de trabalho.<\/p>\n<p>Por isso, trazemos informa\u00e7\u00f5es para que voc\u00ea possa realizar as atividades propostas com \u00eaxito.<\/p>\n<hr \/>\n<p><strong>1. Que atividade dever\u00e1 ser feita?<\/strong><\/p>\n<p>\u2022 A(s) atividades a ser(em) realizada(s) est\u00e3o descritas no Roteiro de Atividade Pr\u00e1tica, dispon\u00edvel no AVA.<\/p>\n<p>\u2022 Ap\u00f3s a leitura do Roteiro, voc\u00ea dever\u00e1 realizar a(s) atividade(s) pr\u00e1tica(s) solicitadas e elaborar um documento \u00daNICO contendo todas as resolu\u00e7\u00f5es de acordo com a proposta estabelecida.<\/p>\n<p>\u2022 O trabalho deve ser aut\u00eantico e contemplar todas as resolu\u00e7\u00f5es das atividades propostas. N\u00e3o ser\u00e3o aceitos trabalhos com reprodu\u00e7\u00e3o de materiais extra\u00eddos da internet.<\/p>\n<hr \/>\n<p><strong>2. Como farei a entrega dessa atividade?<\/strong><\/p>\n<p>\u2022 Voc\u00ea dever\u00e1 postar seu trabalho final no AVA, na pasta espec\u00edfica relacionada \u00e0 atividade pr\u00e1tica, obedecendo o prazo limite de postagem, conforme disposto no AVA.<\/p>\n<p>\u2022 Todas as resolu\u00e7\u00f5es das atividades pr\u00e1ticas devem ser entregues em um ARQUIVO \u00daNICO de at\u00e9 10 MB.<\/p>\n<p>\u2022 O trabalho deve ser enviado em formato Word ou PDF, exceto nos casos em que h\u00e1 formato especificado no Roteiro.<\/p>\n<p>\u2022 O sistema permite anexar apenas um arquivo. Caso haja mais de uma postagem, ser\u00e1 considerada a \u00faltima vers\u00e3o.<\/p>\n<hr \/>\n<p><strong>IMPORTANTE:<\/strong><\/p>\n<p>\u2022 A entrega da atividade, de acordo com a proposta solicitada, \u00e9 um crit\u00e9rio de aprova\u00e7\u00e3o na disciplina.<\/p>\n<p>\u2022 N\u00e3o h\u00e1 prorroga\u00e7\u00e3o para a postagem da atividade.<\/p>\n<p>Aproveite essa oportunidade para aprofundar ainda mais seus conhecimentos.<\/p>\n<p>Bons estudos!<\/p>\n<hr \/>\n<p><span style=\"color: #000000; font-size: 18px; font-weight: bold;\">Como funciona?<\/span><\/p>\n<div>\n<div id=\"elementor-tab-content-1941\" role=\"tabpanel\" data-tab=\"1\" aria-labelledby=\"elementor-tab-title-1941\">\n<p>Elaboramos os portf\u00f3lios, j\u00e1 deixamos prontos, nas normas da ABNT e conforme os requisitos da universidade. F\u00e1cil assim! O MELHOR \u00c9 QUE VOC\u00ca COMPRA E J\u00c1 BAIXA NA HORA O SEU ARQUIVO EM WORD! Sabemos que conciliar trabalho, fam\u00edlia, vida profissional e estudos \u00e9 dif\u00edcil hoje em dia, por isso, estamos aqui para ajudar voc\u00ea. Conte com nossa qualidade, experi\u00eancia e profissionalismo adquirindo seu portf\u00f3lio conosco. GARANTIMOS SEU CONCEITO!<\/p>\n<h4>Como se realizam os envios?<\/h4>\n<\/div>\n<\/div>\n<div>\n<div id=\"elementor-tab-content-1942\" role=\"tabpanel\" data-tab=\"2\" aria-labelledby=\"elementor-tab-title-1942\">O seu trabalho \u00e9 disponibilizado pronto, respondido e nas normas j\u00e1 na mesma hora aqui em nosso site na sua \u00e1rea de downloads e tamb\u00e9m no seu e-mail.<\/div>\n<\/div>\n<div>\n<div id=\"elementor-tab-content-1943\" role=\"tabpanel\" data-tab=\"3\" aria-labelledby=\"elementor-tab-title-1943\">\n<h4>Em quanto tempo recebo o portf\u00f3lio?<\/h4>\n<\/div>\n<\/div>\n<div>\n<div id=\"elementor-tab-content-1944\" role=\"tabpanel\" data-tab=\"4\" aria-labelledby=\"elementor-tab-title-1944\">\n<p>Os envios s\u00e3o imediatos. Ap\u00f3s sua compra, o trabalho j\u00e1 \u00e9 disponibilizado instantaneamente aqui em nosso site e no seu e-mail.<\/p>\n<h4>E se o portf\u00f3lio que comprei precisar de corre\u00e7\u00e3o?<\/h4>\n<\/div>\n<\/div>\n<div>\n<div id=\"elementor-tab-content-1945\" role=\"tabpanel\" data-tab=\"5\" aria-labelledby=\"elementor-tab-title-1945\">\n<p>Caso haja alguma solicita\u00e7\u00e3o de corre\u00e7\u00e3o\/altera\u00e7\u00e3o por parte do tutor, basta entrar em contato conosco pelo\u00a0WhatsApp\u00a0que provid\u00eanciaremos sem custo algum.<\/p>\n<h4>Qual o formato do arquivo?<\/h4>\n<\/div>\n<\/div>\n<div>\n<div id=\"elementor-tab-content-1946\" role=\"tabpanel\" data-tab=\"6\" aria-labelledby=\"elementor-tab-title-1946\">\n<p>Os arquivos s\u00e3o enviados em formato Word e s\u00e3o edit\u00e1veis.<\/p>\n<h4>Caso eu tiver alguma d\u00favida, terei suporte no p\u00f3s venda?<\/h4>\n<\/div>\n<\/div>\n<div>\n<div id=\"elementor-tab-content-1948\" role=\"tabpanel\" data-tab=\"8\" aria-labelledby=\"elementor-tab-title-1948\">\n<p>Sim, com certeza. Basta clicar no \u00edcone do WhatsApp no cantinho da tela. Ser\u00e1 um prazer atend\u00ea-lo(a).<\/p>\n<div>\n<div id=\"elementor-tab-content-1948\" role=\"tabpanel\" data-tab=\"8\" aria-labelledby=\"elementor-tab-title-1948\">\n<h4>Quais os seus canais de contato?<\/h4>\n<\/div>\n<\/div>\n<div>\n<div id=\"elementor-tab-content-1949\" role=\"tabpanel\" data-tab=\"9\" aria-labelledby=\"elementor-tab-title-1949\">\n<p>Whatsapp: 53 984751621 \u2013 Clicar no canto da tela ou ESCANEIE O QRCODE ABAIXO<\/p>\n<h4><img decoding=\"async\" src=\"https:\/\/i0.wp.com\/portifolioos-prontos.com\/wp-content\/uploads\/2023\/02\/whatsapp-business-projeto-de-extensao-300x300.jpeg?resize=144%2C144\" sizes=\"(max-width: 144px) 100vw, 144px\" srcset=\"https:\/\/i0.wp.com\/portifolioos-prontos.com\/wp-content\/uploads\/2023\/02\/whatsapp-business-projeto-de-extensao.jpeg?resize=300%2C301&amp;ssl=1 300w, https:\/\/i0.wp.com\/portifolioos-prontos.com\/wp-content\/uploads\/2023\/02\/whatsapp-business-projeto-de-extensao.jpeg?resize=150%2C150&amp;ssl=1 150w, https:\/\/i0.wp.com\/portifolioos-prontos.com\/wp-content\/uploads\/2023\/02\/whatsapp-business-projeto-de-extensao.jpeg?resize=370%2C372&amp;ssl=1 370w, https:\/\/i0.wp.com\/portifolioos-prontos.com\/wp-content\/uploads\/2023\/02\/whatsapp-business-projeto-de-extensao.jpeg?resize=100%2C100&amp;ssl=1 100w, https:\/\/i0.wp.com\/portifolioos-prontos.com\/wp-content\/uploads\/2023\/02\/whatsapp-business-projeto-de-extensao.jpeg?w=470&amp;ssl=1 470w\" alt=\"projeto de extens\u00e3o unopar\" width=\"144\" height=\"144\" data-lazy-loaded=\"1\" \/><\/h4>\n<\/div>\n<\/div>\n<\/div>\n<\/div>\n<div>\n<div id=\"elementor-tab-content-1949\" role=\"tabpanel\" data-tab=\"9\" aria-labelledby=\"elementor-tab-title-1949\">\n<p>E-mail:portifoliosp@gmail.com<\/p>\n<div id=\"attachment_143\">\n<div id=\"attachment_143\">\n<p id=\"caption-attachment-143\">Portf\u00f3lio em Word, respondido, completo e j\u00e1 nas normas.<\/p>\n<\/div>\n<\/div>\n<\/div>\n<\/div>\n","protected":false},"excerpt":{"rendered":"<p>Aula Pr\u00e1tica Ci\u00eancia de Materiais e Nanopart\u00edculas Unidade: 3 Se\u00e7\u00e3o: 1 ROTEIRO DE AULA PR\u00c1TICA 1 NOME DA DISCIPLINA: CI\u00caNCIA DE MATERIAIS E NANOPART\u00cdCULAS Unidade: COMPORTAMENTO MEC\u00c2NICO E T\u00c9RMICO, DIAGRAMAS DE FASES E TRATAMENTO T\u00c9RMICO Se\u00e7\u00e3o: COMPORTAMENTO MEC\u00c2NICO OBJETIVOS Defini\u00e7\u00e3o dos objetivos da aula pr\u00e1tica: Conhecer o ensaio de compress\u00e3o; Compreender a constru\u00e7\u00e3o da curva&hellip;<\/p>\n","protected":false},"featured_media":50600,"template":"","meta":{"_seopress_robots_primary_cat":"","_seopress_titles_title":"","_seopress_titles_desc":"","_seopress_robots_index":""},"product_cat":[15],"product_tag":[],"class_list":{"0":"post-50597","1":"product","2":"type-product","3":"status-publish","4":"has-post-thumbnail","6":"product_cat-uncategorized","8":"first","9":"instock","10":"shipping-taxable","11":"product-type-simple","12":"col-xs-6 col-sm-4","13":"col-mf-5","14":"un-5-cols"},"jetpack_sharing_enabled":true,"_links":{"self":[{"href":"https:\/\/portifolioos-prontos.com\/index.php\/wp-json\/wp\/v2\/product\/50597","targetHints":{"allow":["GET"]}}],"collection":[{"href":"https:\/\/portifolioos-prontos.com\/index.php\/wp-json\/wp\/v2\/product"}],"about":[{"href":"https:\/\/portifolioos-prontos.com\/index.php\/wp-json\/wp\/v2\/types\/product"}],"version-history":[{"count":2,"href":"https:\/\/portifolioos-prontos.com\/index.php\/wp-json\/wp\/v2\/product\/50597\/revisions"}],"predecessor-version":[{"id":50602,"href":"https:\/\/portifolioos-prontos.com\/index.php\/wp-json\/wp\/v2\/product\/50597\/revisions\/50602"}],"wp:featuredmedia":[{"embeddable":true,"href":"https:\/\/portifolioos-prontos.com\/index.php\/wp-json\/wp\/v2\/media\/50600"}],"wp:attachment":[{"href":"https:\/\/portifolioos-prontos.com\/index.php\/wp-json\/wp\/v2\/media?parent=50597"}],"wp:term":[{"taxonomy":"product_cat","embeddable":true,"href":"https:\/\/portifolioos-prontos.com\/index.php\/wp-json\/wp\/v2\/product_cat?post=50597"},{"taxonomy":"product_tag","embeddable":true,"href":"https:\/\/portifolioos-prontos.com\/index.php\/wp-json\/wp\/v2\/product_tag?post=50597"}],"curies":[{"name":"wp","href":"https:\/\/api.w.org\/{rel}","templated":true}]}}