{"id":50622,"date":"2026-03-24T17:07:55","date_gmt":"2026-03-24T20:07:55","guid":{"rendered":"https:\/\/portifolioos-prontos.com\/?post_type=product&#038;p=50622"},"modified":"2026-04-03T08:56:26","modified_gmt":"2026-04-03T11:56:26","slug":"aula-pratica-quimica-analitica-qualitativa-2","status":"publish","type":"product","link":"https:\/\/portifolioos-prontos.com\/index.php\/product\/aula-pratica-quimica-analitica-qualitativa-2\/","title":{"rendered":"Aula Pr\u00e1tica Qu\u00edmica Anal\u00edtica Qualitativa"},"content":{"rendered":"<p><strong>Aula Pr\u00e1tica Qu\u00edmica Anal\u00edtica Qualitativa<\/strong><\/p>\n<hr \/>\n<p><strong>ROTEIRO DE AULA PR\u00c1TICA<\/strong><\/p>\n<p>Unidade: U4_TECNICAS_DE_ANALISE_CATIONS_E_ANIONS<\/p>\n<p>Aula: A2_ANALISE_DE_CATIONS<\/p>\n<hr \/>\n<p><strong>OBJETIVOS<\/strong><\/p>\n<p><strong>Defini\u00e7\u00e3o dos objetivos da aula pr\u00e1tica:<\/strong><\/p>\n<p>A proposta desta atividade pr\u00e1tica est\u00e1 amparada nos seguintes objetivos:<\/p>\n<ul>\n<li>promover o desenvolvimento de compet\u00eancias e habilidades relacionados \u00e0 disciplina \u201cQu\u00edmica Anal\u00edtica Qualitativa\u201d;<\/li>\n<li>determinar s\u00f3dio e pot\u00e1ssio em bebida isot\u00f4nica por fotometria de chama; e<\/li>\n<li>identificar os c\u00e1tions do grupo III, Fe2+, Fe3+, Cr3+ Co2+ e Ni2+.<\/li>\n<\/ul>\n<hr \/>\n<p><strong>SOLU\u00c7\u00c3O DIGITAL:<\/strong><\/p>\n<p><strong>LABORAT\u00d3RIO VIRTUAL ALGETEC<\/strong><\/p>\n<p>Laborat\u00f3rio Virtual Algetec &#8211; simulador: \u201cDetermina\u00e7\u00e3o de S\u00f3dio e Pot\u00e1ssio em Bebida Isot\u00f4nica por Fotometria de Chama &#8211; ID 85\u201d.<\/p>\n<hr \/>\n<p><strong>PROCEDIMENTOS PR\u00c1TICOS E APLICA\u00c7\u00d5ES<\/strong><\/p>\n<p><strong>Procedimento\/Atividade n\u00ba 1<\/strong><\/p>\n<p>Inserir o nome do experimento: <strong>IDENTIFICA\u00c7\u00c3O DE C\u00c1TIONS DO GRUPO III<\/strong><\/p>\n<p>Atividade proposta: Determinar s\u00f3dio e pot\u00e1ssio em bebida isot\u00f4nica por fotometria de chama por meio da plataforma da ALGETEC. Identificar os c\u00e1tions do grupo III, Fe2+, Fe3+, Cr3+ Co2+ e Ni2+ por meio da plataforma da ALGETEC.<\/p>\n<hr \/>\n<p><strong>Procedimentos para a realiza\u00e7\u00e3o da atividade:<\/strong><\/p>\n<p>Caro aluno(a), a atividade ser\u00e1 composta por duas etapas. A primeira etapa \u00e9 realiza\u00e7\u00e3o do procedimento \u201cDetermina\u00e7\u00e3o de s\u00f3dio e pot\u00e1ssio em bebida isot\u00f4nica por fotometria de chama\u201d por meio da plataforma ALGETEC dispon\u00edvel em seu ambiente virtual e a segunda etapa consiste na realiza\u00e7\u00e3o do experimento \u201cIdentifica\u00e7\u00e3o dos c\u00e1tions do grupo III, Fe2+, Fe3+, Cr3+ Co2+ e Ni2+\u201d por meio da plataforma ALGETEC disponibilizada em seu ambiente virtual.<\/p>\n<hr \/>\n<p><strong>ETAPA 1: Determina\u00e7\u00e3o de s\u00f3deio e pot\u00e1ssio em bebida isot\u00f4nica por fotometria de chama \u2013 plataforma da ALGETEC<\/strong><\/p>\n<p>Caro aluno(a), na primeira etapa, voc\u00ea ir\u00e1 realizar a atividade atrav\u00e9s da plataforma da ALGETEC. Para isso, siga os seguintes passos:<\/p>\n<p>\u2022 Acesse a plataforma da ALGETEC atrav\u00e9s de seu ambiente virtual<\/p>\n<p>\u2022 Fa\u00e7a a leitura da apresenta\u00e7\u00e3o do experomento e do sum\u00e1rio te\u00f3rico da aula<\/p>\n<p>\u2022 Em seguida, voc\u00ea dever\u00e1 acessar o roteiro da aula e fazer a leitura dos passos necess\u00e1rios para realiza\u00e7\u00e3o do experimento, fa\u00e7a uma leitura criteriosa para que n\u00e3o fiquem d\u00favidas em rela\u00e7\u00e3o a sua execu\u00e7\u00e3o<\/p>\n<p>\u2022 Antes de acessar a etapa de realiza\u00e7\u00e3o do experimento, realize a atividade de pr\u00e9-aula, anotando as d\u00favidas, caso elas apare\u00e7am<\/p>\n<p>\u2022 Realize o experimento atrav\u00e9s da plataforma da ALGETEC, utilizando o laborat\u00f3rio \u201cObserva\u00e7\u00e3o das propriedades do carbono e seus derivados\u201d de acordo com o roteiro disponibilizado, sempre anotando os pontos de d\u00favidas e os resultados encontrados no experimento<\/p>\n<p>\u2022 Ao final do experimento, realizar as atividades de p\u00f3s-aula<\/p>\n<hr \/>\n<p><strong>ETAPA 2: Identifica\u00e7\u00e3o dos c\u00e1tions do grupo III, Fe2+, Fe3+, Cr3+ Co2+ e Ni2+ \u2013 plataforma ALGETEC<\/strong><\/p>\n<p>Caro aluno(a), na segunda etapa, voc\u00ea ir\u00e1 realizar a atividade atrav\u00e9s da plataforma da ALGETEC. Para isso, siga os seguintes passos:<\/p>\n<p>\u2022 Acesse a plataforma da ALGETEC atrav\u00e9s de seu ambiente virtual<\/p>\n<p>\u2022 Fa\u00e7a a leitura da apresenta\u00e7\u00e3o e do sum\u00e1rio te\u00f3rico da aula<\/p>\n<p>\u2022 Em seguida, voc\u00ea dever\u00e1 acessar o roteiro da aula e fazer a leitura dos passos necess\u00e1rios para realiza\u00e7\u00e3o do experimento, fa\u00e7a uma leitura criteriosa para que n\u00e3o fiquem d\u00favidas em rela\u00e7\u00e3o a sua execu\u00e7\u00e3o<\/p>\n<p>\u2022 Antes de acessar a etapa de realiza\u00e7\u00e3o do experimento, realize a atividade de pr\u00e9-aula, anotando as d\u00favidas, caso elas apare\u00e7am<\/p>\n<p>\u2022 Realize o experimento atrav\u00e9s da plataforma da ALGETEC, de acordo com o roteiro disponibilizado, sempre anotando os pontos de d\u00favidas e os resultados encontrados no experimento<\/p>\n<p>\u2022 Ao final do experimento, realizar as atividades de p\u00f3s-aula.<\/p>\n<hr \/>\n<p><strong>Avaliando os resultados<\/strong><\/p>\n<p>Com base nos resultados obtidos na determina\u00e7\u00e3o de s\u00f3dio e pot\u00e1ssio por fotometria de chama, analise:<\/p>\n<ol>\n<li>Como funciona a t\u00e9cnica de identifica\u00e7\u00e3o da concentra\u00e7\u00e3o de \u00edons utilizada pelo fot\u00f4metro de chama?<\/li>\n<li>Por que o fot\u00f4metro de chama \u00e9 recomendado, principalmente, para quantifica\u00e7\u00e3o de Na+, K+ e Li+?<\/li>\n<li>Qual \u00e9 o prop\u00f3sito de um padr\u00e3o interno em m\u00e9todos de emiss\u00e3o por chama?<\/li>\n<\/ol>\n<hr \/>\n<p><strong>Checklist:<\/strong><\/p>\n<p><strong>Principais etapas para a completude da atividade pr\u00e1tica:<\/strong><\/p>\n<p>\u2022 Reflex\u00e3o sobre o perfil dos procedimentos experimentais que devem ser realizados por meio da plataforma<\/p>\n<p>\u2022 Pesquisa sobre a fundamenta\u00e7\u00e3o te\u00f3rica dos experimentos que ser\u00e3o realizados.<\/p>\n<p>\u2022 An\u00e1lise e interpreta\u00e7\u00e3o dos resultados obtidos<\/p>\n<p>\u2022 Elabora\u00e7\u00e3o de um relat\u00f3rio de aula pr\u00e1tica contendo Introdu\u00e7\u00e3o, Metodologia, Resultados e Conclus\u00e3o.<\/p>\n<p>\u2022 Realiza\u00e7\u00e3o e apresenta\u00e7\u00e3o dos c\u00e1lculos experimentais, quando aplic\u00e1vel<\/p>\n<hr \/>\n<p><strong>RESULTADOS<\/strong><\/p>\n<p><strong>Resultados do experimento:<\/strong><\/p>\n<p>Ao final dessa aula pr\u00e1tica, voc\u00ea dever\u00e1 enviar um arquivo em word contendo as informa\u00e7\u00f5es obtidas no experimento, os c\u00e1lculos realizados, em conjunto com um texto conclusivo a respeito das informa\u00e7\u00f5es obtidas. O arquivo n\u00e3o pode exceder o tamanho de 2Mb.<\/p>\n<p>\u2022 Refer\u00eancias bibliogr\u00e1ficas ABNT (quando houver).<\/p>\n<hr \/>\n<p><strong>Resultados de Aprendizagem:<\/strong><\/p>\n<p>Como resultados dessa pr\u00e1tica, ser\u00e1 poss\u00edvel compreender os fundamentos da fotometria de chama, realizar medi\u00e7\u00f5es de s\u00f3dio e pot\u00e1ssio em bebidas isot\u00f4nicas, identificar c\u00e1tions do grupo III (Fe\u00b2\u207a, Fe\u00b3\u207a, Cr\u00b3\u207a, Co\u00b2\u207a e Ni\u00b2\u207a) com base em suas propriedades qu\u00edmicas e aplicar procedimentos sistem\u00e1ticos para an\u00e1lise qualitativa. Al\u00e9m disso, os alunos desenvolver\u00e3o habilidades de interpreta\u00e7\u00e3o de dados experimentais, registro de resultados e utiliza\u00e7\u00e3o pr\u00e1tica das ferramentas disponibilizadas pela plataforma ALGETEC, promovendo a integra\u00e7\u00e3o entre teoria e pr\u00e1tica em ambientes virtuais.<\/p>\n<hr \/>\n<p><strong>Como se realizam os envios?<\/strong><\/p>\n<p id=\"elementor-tab-content-1942\" class=\"elementor-tab-content elementor-clearfix elementor-active\" role=\"tabpanel\" data-tab=\"2\" aria-labelledby=\"elementor-tab-title-1942\">O seu trabalho \u00e9 disponibilizado pronto, respondido e nas normas j\u00e1 na mesma hora aqui em nosso site na sua \u00e1rea de downloads e tamb\u00e9m no seu e-mail.<\/p>\n<p><strong>Em quanto tempo recebo o portf\u00f3lio?<\/strong><\/p>\n<p>Os envios s\u00e3o imediatos. Ap\u00f3s sua compra, o trabalho j\u00e1 \u00e9 disponibilizado instantaneamente aqui em nosso site e no seu e-mail.<\/p>\n<p><strong>E se o portf\u00f3lio que comprei precisar de corre\u00e7\u00e3o?<\/strong><\/p>\n<p>Caso haja alguma solicita\u00e7\u00e3o de corre\u00e7\u00e3o\/altera\u00e7\u00e3o por parte do tutor, basta entrar em contato conosco pelo\u00a0WhatsApp\u00a0que provid\u00eanciaremos sem custo algum.<\/p>\n<p><strong>Qual o formato do arquivo?<\/strong><\/p>\n<p>Os arquivos s\u00e3o enviados em formato Word e s\u00e3o edit\u00e1veis.<\/p>\n<p><strong>Caso eu tiver alguma d\u00favida, terei suporte no p\u00f3s venda?<\/strong><\/p>\n<p>Sim, com certeza. Basta clicar no \u00edcone do WhatsApp no cantinho da tela. Ser\u00e1 um prazer atend\u00ea-lo(a).<\/p>\n<div id=\"elementor-tab-content-1948\" class=\"elementor-tab-content elementor-clearfix elementor-active\" role=\"tabpanel\" data-tab=\"8\" aria-labelledby=\"elementor-tab-title-1948\">\n<p><strong>Quais os seus canais de contato?<\/strong><\/p>\n<\/div>\n<div id=\"elementor-tab-content-1949\" class=\"elementor-tab-content elementor-clearfix elementor-active\" role=\"tabpanel\" data-tab=\"9\" aria-labelledby=\"elementor-tab-title-1949\">\n<p>Whatsapp: 53 984751621 \u2013 Clicar no canto da tela ou ESCANEIE O QRCODE ABAIXO<\/p>\n<h4><img decoding=\"async\" class=\"alignnone wp-image-13699 jetpack-lazy-image jetpack-lazy-image--handled\" src=\"https:\/\/i0.wp.com\/portifolioos-prontos.com\/wp-content\/uploads\/2023\/02\/whatsapp-business-projeto-de-extensao-300x300.jpeg?resize=144%2C144\" sizes=\"(max-width: 144px) 100vw, 144px\" srcset=\"https:\/\/i0.wp.com\/portifolioos-prontos.com\/wp-content\/uploads\/2023\/02\/whatsapp-business-projeto-de-extensao.jpeg?resize=300%2C301&amp;ssl=1 300w, https:\/\/i0.wp.com\/portifolioos-prontos.com\/wp-content\/uploads\/2023\/02\/whatsapp-business-projeto-de-extensao.jpeg?resize=150%2C150&amp;ssl=1 150w, https:\/\/i0.wp.com\/portifolioos-prontos.com\/wp-content\/uploads\/2023\/02\/whatsapp-business-projeto-de-extensao.jpeg?resize=370%2C372&amp;ssl=1 370w, https:\/\/i0.wp.com\/portifolioos-prontos.com\/wp-content\/uploads\/2023\/02\/whatsapp-business-projeto-de-extensao.jpeg?resize=100%2C100&amp;ssl=1 100w, https:\/\/i0.wp.com\/portifolioos-prontos.com\/wp-content\/uploads\/2023\/02\/whatsapp-business-projeto-de-extensao.jpeg?w=470&amp;ssl=1 470w\" alt=\"projeto de extens\u00e3o unopar\" width=\"144\" height=\"144\" data-lazy-loaded=\"1\" \/><\/h4>\n<\/div>\n<div class=\"elementor-toggle-item\">\n<div id=\"elementor-tab-content-1949\" class=\"elementor-tab-content elementor-clearfix elementor-active\" role=\"tabpanel\" data-tab=\"9\" aria-labelledby=\"elementor-tab-title-1949\">\n<p>E-mail:portifoliosp@gmail.com<\/p>\n<div id=\"attachment_143\" class=\"wp-caption alignnone\">\n<div id=\"attachment_143\" class=\"wp-caption alignnone\">\n<p id=\"caption-attachment-143\" class=\"wp-caption-text\"><a href=\"http:\/\/portfolio-pronto.com\/\">Portf\u00f3lio<\/a>\u00a0em Word, respondido, completo e j\u00e1 nas normas<\/p>\n<\/div>\n<\/div>\n<\/div>\n<\/div>\n","protected":false},"excerpt":{"rendered":"<p>Aula Pr\u00e1tica Qu\u00edmica Anal\u00edtica Qualitativa ROTEIRO DE AULA PR\u00c1TICA Unidade: U4_TECNICAS_DE_ANALISE_CATIONS_E_ANIONS Aula: A2_ANALISE_DE_CATIONS OBJETIVOS Defini\u00e7\u00e3o dos objetivos da aula pr\u00e1tica: A proposta desta atividade pr\u00e1tica est\u00e1 amparada nos seguintes objetivos: promover o desenvolvimento de compet\u00eancias e habilidades relacionados \u00e0 disciplina \u201cQu\u00edmica Anal\u00edtica Qualitativa\u201d; determinar s\u00f3dio e pot\u00e1ssio em bebida isot\u00f4nica por fotometria de chama; e&hellip;<\/p>\n","protected":false},"featured_media":50625,"template":"","meta":{"_seopress_robots_primary_cat":"none","_seopress_titles_title":"","_seopress_titles_desc":"","_seopress_robots_index":""},"product_cat":[15],"product_tag":[],"class_list":{"0":"post-50622","1":"product","2":"type-product","3":"status-publish","4":"has-post-thumbnail","6":"product_cat-uncategorized","8":"first","9":"instock","10":"shipping-taxable","11":"product-type-simple","12":"col-xs-6 col-sm-4","13":"col-mf-5","14":"un-5-cols"},"jetpack_sharing_enabled":true,"_links":{"self":[{"href":"https:\/\/portifolioos-prontos.com\/index.php\/wp-json\/wp\/v2\/product\/50622","targetHints":{"allow":["GET"]}}],"collection":[{"href":"https:\/\/portifolioos-prontos.com\/index.php\/wp-json\/wp\/v2\/product"}],"about":[{"href":"https:\/\/portifolioos-prontos.com\/index.php\/wp-json\/wp\/v2\/types\/product"}],"version-history":[{"count":3,"href":"https:\/\/portifolioos-prontos.com\/index.php\/wp-json\/wp\/v2\/product\/50622\/revisions"}],"predecessor-version":[{"id":50877,"href":"https:\/\/portifolioos-prontos.com\/index.php\/wp-json\/wp\/v2\/product\/50622\/revisions\/50877"}],"wp:featuredmedia":[{"embeddable":true,"href":"https:\/\/portifolioos-prontos.com\/index.php\/wp-json\/wp\/v2\/media\/50625"}],"wp:attachment":[{"href":"https:\/\/portifolioos-prontos.com\/index.php\/wp-json\/wp\/v2\/media?parent=50622"}],"wp:term":[{"taxonomy":"product_cat","embeddable":true,"href":"https:\/\/portifolioos-prontos.com\/index.php\/wp-json\/wp\/v2\/product_cat?post=50622"},{"taxonomy":"product_tag","embeddable":true,"href":"https:\/\/portifolioos-prontos.com\/index.php\/wp-json\/wp\/v2\/product_tag?post=50622"}],"curies":[{"name":"wp","href":"https:\/\/api.w.org\/{rel}","templated":true}]}}