{"id":50746,"date":"2026-03-28T15:35:20","date_gmt":"2026-03-28T18:35:20","guid":{"rendered":"https:\/\/portifolioos-prontos.com\/?post_type=product&#038;p=50746"},"modified":"2026-03-28T15:35:21","modified_gmt":"2026-03-28T18:35:21","slug":"projeto-integrado-interdisciplinar-analise-de-mercado-e-analise-de-dados","status":"publish","type":"product","link":"https:\/\/portifolioos-prontos.com\/index.php\/product\/projeto-integrado-interdisciplinar-analise-de-mercado-e-analise-de-dados\/","title":{"rendered":"Projeto integrado interdisciplinar &#8211; An\u00e1lise de mercado e an\u00e1lise de dados"},"content":{"rendered":"<p><strong>Projeto integrado interdisciplinar &#8211; An\u00e1lise de mercado e an\u00e1lise de dados<\/strong><\/p>\n<hr \/>\n<h1>Projeto Integrado: Intelig\u00eancia de Mercado e An\u00e1lise de Dados no Agroneg\u00f3cio Brasileiro<\/h1>\n<p>P\u00fablico<\/p>\n<p>P\u00fablico<\/p>\n<h2>BOAS-VINDAS<\/h2>\n<p>Prezado(a) aluno(a),<\/p>\n<p>Seja bem-vindo(a) ao Projeto Integrado! Esta \u00e9 uma oportunidade de aplicar os conhecimentos<br \/>\nadquiridos nas disciplinas do semestre em uma situa\u00e7\u00e3o realista e desafiadora que ter\u00e1 como foco Intelig\u00eancia<br \/>\nde mercado e an\u00e1lise de dados. Esperamos que voc\u00ea se envolva ativamente, desenvolvendo compet\u00eancias<br \/>\nessenciais para sua forma\u00e7\u00e3o profissional.<\/p>\n<p>Voc\u00ea ter\u00e1 a oportunidade de conectar teoria e pr\u00e1tica, voltando-se para os desafios do<br \/>\nmercado de trabalho.<\/p>\n<p>Desejamos a voc\u00ea muito sucesso no desenvolvimento dessa atividade!<\/p>\n<h2>OBJETIVOS DE APRENDIZAGEM<\/h2>\n<p>Voc\u00ea j\u00e1 deve ter percebido que, ao longo do curso, cada disciplina apresenta conceitos, ferramentas<br \/>\ne pr\u00e1ticas que, quando combinadas, formam o conhecimento que define o seu perfil profissional. O Projeto<br \/>\nIntegrado foi criado exatamente para unir tudo isso: \u00e9 o momento em que voc\u00ea aplica, de forma pr\u00e1tica e<br \/>\nreflexiva, aquilo que aprendeu durante o semestre, demonstrando como a teoria se transforma em solu\u00e7\u00e3o<br \/>\npara desafios reais da sua \u00e1rea de forma\u00e7\u00e3o.<\/p>\n<p>Essa atividade \u00e9 um componente curricular obrigat\u00f3rio e faz parte do seu processo de aprendizagem.<br \/>\nCaso voc\u00ea n\u00e3o realize o projeto ou n\u00e3o atinja a pontua\u00e7\u00e3o necess\u00e1ria, ser\u00e1 reprovado. Por isso, \u00e9 fundamental<br \/>\ndedicar-se com responsabilidade, planejamento e empenho. Afinal, o Projeto Integrado \u00e9 uma oportunidade<br \/>\n\u00fanica de consolidar os conhecimentos adquiridos e mostrar o quanto voc\u00ea evoluiu academicamente. A<br \/>\npontua\u00e7\u00e3o m\u00ednima para aprova\u00e7\u00e3o deve ser verificada no Manual da Avalia\u00e7\u00e3o Continuada.<\/p>\n<p>Mais do que uma avalia\u00e7\u00e3o, o Projeto Integrado \u00e9 uma experi\u00eancia de integra\u00e7\u00e3o e constru\u00e7\u00e3o de<br \/>\nsaberes. Ele prop\u00f5e que voc\u00ea desenvolva um olhar cr\u00edtico e criativo diante de uma situa\u00e7\u00e3o-problema,<br \/>\nanalisando o contexto, aplicando conceitos das disciplinas do semestre e apresentando uma proposta de<br \/>\nsolu\u00e7\u00e3o pr\u00e1tica e bem fundamentada. Trata-se de um espa\u00e7o para exercitar a autonomia intelectual, o<br \/>\npensamento cient\u00edfico e a capacidade de resolu\u00e7\u00e3o de problemas \u2014 habilidades essenciais no mundo do<br \/>\ntrabalho e valorizadas em qualquer carreira.<\/p>\n<p>Durante o desenvolvimento do projeto, voc\u00ea ser\u00e1 convidado a realizar um estudo dirigido, com<br \/>\norienta\u00e7\u00e3o a dist\u00e2ncia e acompanhamento dos professores, que o guiar\u00e3o na aplica\u00e7\u00e3o dos conte\u00fados de<br \/>\nforma interdisciplinar. Isso significa que as disciplinas do semestre se complementam e dialogam entre si,<br \/>\ncontribuindo para que o trabalho final seja coeso, relevante e alinhado \u00e0 realidade da profiss\u00e3o.<\/p>\n<p>P\u00fablico<\/p>\n<p>O Projeto Integrado tamb\u00e9m tem como prop\u00f3sito aproximar voc\u00ea do saber cient\u00edfico, estimulando a<br \/>\nprodu\u00e7\u00e3o de conhecimento acad\u00eamico com base em normas da ABNT, algo indispens\u00e1vel \u00e0 forma\u00e7\u00e3o de um<br \/>\nprofissional \u00e9tico, competente e preparado para lidar com dados, evid\u00eancias e argumentos s\u00f3lidos. Ao final, o<br \/>\nmais importante \u00e9 compreender que o Projeto Integrado n\u00e3o \u00e9 apenas uma tarefa \u2014 \u00e9 um processo de<br \/>\naprendizagem que une conhecimento, criatividade e pr\u00e1tica profissional. Ele representa o seu compromisso<br \/>\ncom a forma\u00e7\u00e3o de qualidade e o seu protagonismo como estudante.<\/p>\n<p>Cada etapa conclu\u00edda \u00e9 uma oportunidade de aprender mais sobre si, sobre a sua \u00e1rea de atua\u00e7\u00e3o e<br \/>\nsobre como transformar conhecimento em a\u00e7\u00e3o.<\/p>\n<h2>ORIENTA\u00c7\u00d5ES INICIAIS<\/h2>\n<p>A partir da an\u00e1lise do contexto inicial apresentado, voc\u00ea, como futuro profissional, dever\u00e1<br \/>\ndesenvolver uma atividade fundamentada nas disciplinas estudadas ao longo deste semestre.<\/p>\n<p>Essa atividade visa aprimorar suas habilidades de leitura, interpreta\u00e7\u00e3o e aplica\u00e7\u00e3o dos<br \/>\nconhecimentos adquiridos, proporcionando uma compreens\u00e3o mais profunda e cr\u00edtica dos<br \/>\nconte\u00fados abordados.<\/p>\n<h2>Decis\u00f5es Baseadas em Dados no Agroneg\u00f3cio Brasileiro<\/h2>\n<p>A EmpresaX \u00e9 uma startup paranaense especializada em fornecer solu\u00e7\u00f5es de intelig\u00eancia de<br \/>\nmercado para o setor de agroneg\u00f3cio sustent\u00e1vel. Seu principal produto \u00e9 uma plataforma de<br \/>\nan\u00e1lise de dados que combina informa\u00e7\u00f5es de clima, solo, produtividade e mercado de<br \/>\ncommodities agr\u00edcolas para auxiliar produtores e cooperativas a tomarem decis\u00f5es mais precisas<br \/>\nsobre plantio, compra de insumos e venda da produ\u00e7\u00e3o.<\/p>\n<p>Nos \u00faltimos dois anos, a EmpresaX vem enfrentando dificuldades em manter sua base de clientes.<br \/>\nPequenos e m\u00e9dios produtores t\u00eam relatado que as previs\u00f5es de produtividade e os alertas de<br \/>\nrisco clim\u00e1tico nem sempre refletem a realidade do campo. Al\u00e9m disso, a equipe t\u00e9cnica percebeu<br \/>\nque h\u00e1 inconsist\u00eancias nas bases de dados \u2014 informa\u00e7\u00f5es duplicadas, formatos distintos e falhas<br \/>\nna integra\u00e7\u00e3o entre os sistemas de sensores, APIs de clima e o banco de dados interno.<\/p>\n<p>A diretoria decidiu lan\u00e7ar um projeto de melhoria da plataforma, com foco em refinar o pipeline de<br \/>\ndados, automatizar an\u00e1lises estat\u00edsticas e implementar modelos de previs\u00e3o de produtividade<br \/>\nagr\u00edcola mais precisos e transparentes. Para isso, voc\u00ea e sua equipe foram contratados como<br \/>\nanalistas de intelig\u00eancia de mercado para conduzir esse projeto de transforma\u00e7\u00e3o.<\/p>\n<p>P\u00fablico<\/p>\n<p>O desafio envolve todo o ciclo de an\u00e1lise de dados, desde a coleta e limpeza at\u00e9 o<br \/>\ndesenvolvimento de modelos preditivos e dashboards de apoio \u00e0 decis\u00e3o. A empresa tamb\u00e9m<br \/>\nbusca padronizar os processos t\u00e9cnicos, documentar os artefatos produzidos e garantir<br \/>\nreprodutibilidade e qualidade de software.<\/p>\n<h2>ATIVIDADE A SER REALIZADA<\/h2>\n<h3>Passo 1 [Probabilidade e Estat\u00edstica para An\u00e1lise de Dados]<\/h3>\n<p>Utilizando um conjunto de dados contendo as vari\u00e1veis \u201cchuva (mm)\u201d, \u201ctemperatura m\u00e9dia (\u00b0C)\u201d e<br \/>\n\u201cprodutividade (sacas\/hectare)\u201d de 50 propriedades agr\u00edcolas (simule os dados atrav\u00e9s de um script<br \/>\nem python &#8211; pesquise as m\u00e9dias das respectivas vari\u00e1veis no paran\u00e1 para a simula\u00e7\u00e3o -, ou fa\u00e7a<br \/>\ndownload de dados da internet, citando o link quando for o caso), calcule:<\/p>\n<ul>\n<li>M\u00e9dia, desvio padr\u00e3o e correla\u00e7\u00e3o entre chuva e produtividade;<\/li>\n<li>Um intervalo de confian\u00e7a de 95% para a produtividade m\u00e9dia;<\/li>\n<li>Verifique a normalidade dos dados de produtividade (Explique qual teste foi utilizado para<br \/>\nesta verifica\u00e7\u00e3o e o porqu\u00ea).<\/li>\n<\/ul>\n<p><strong>Entrega:<\/strong> C\u00f3digo Python com os dados sendo gerados e analisados. Relat\u00f3rio explicando os c\u00e1lculos,<br \/>\ninterpreta\u00e7\u00e3o e implica\u00e7\u00f5es para o neg\u00f3cio.<\/p>\n<h3>Passo 2 [Programa\u00e7\u00e3o e Desenvolvimento de Banco de Dados]<\/h3>\n<p>Crie um banco de dados relacional no PostgreSQL para armazenar as informa\u00e7\u00f5es de clima e<br \/>\nprodu\u00e7\u00e3o. O banco deve conter ao menos tr\u00eas tabelas:<\/p>\n<ol>\n<li>fazendas (id, nome, regi\u00e3o, \u00e1rea_ha)<\/li>\n<li>clima (id, fazenda_id, data, chuva, temperatura)<\/li>\n<li>produtividade (id, fazenda_id, safra, sacas_hectare)<\/li>\n<\/ol>\n<p>Implemente uma consulta SQL que una as tabelas e retorne a produtividade m\u00e9dia por regi\u00e3o e<br \/>\nsafra.<\/p>\n<h3>Passo 3 [Engenharia de Dados]<\/h3>\n<ol>\n<li>Leia arquivos CSV de clima e produtividade (utilize os mesmo gerados anteriormente);<\/li>\n<li>Fa\u00e7a limpeza (remo\u00e7\u00e3o de duplicados, tratamento de nulos);<\/li>\n<li>Integre os datasets e gere um arquivo final \u201cdataset_unificado.csv\u201d.<\/li>\n<\/ol>\n<h3>Passo 4 [Projeto de Software]<\/h3>\n<p>Documente a arquitetura do sistema utilizando o modelo MVC (Model-View-Controller). Crie um<br \/>\ndiagrama simples (Utilize o Draw.io dispon\u00edvel no pr\u00f3prio google drive) e descreva o fluxo entre as<br \/>\ncamadas.<\/p>\n<p>Al\u00e9m disso, descreva como testes unit\u00e1rios e versionamento via GitHub Actions poderiam ser<br \/>\naplicados ao projeto.<\/p>\n<h3>Passo 5 [Fundamentos de Machine Learning]<\/h3>\n<p>Usando o dataset unificado, crie um modelo de regress\u00e3o linear para prever produtividade (target)<br \/>\ncom base em chuva e temperatura.<\/p>\n<p>Divida o conjunto em treino (70%) e teste (30%), treine o modelo e reporte o R\u00b2 e o erro m\u00e9dio<br \/>\nabsoluto (MAE).<\/p>\n<h2>NORMAS PARA ELABORA\u00c7\u00c3O E ENTREGA DA ATIVIDADE<\/h2>\n<ul>\n<li>Aten\u00e7\u00e3o aos prazos de postagens, acompanhe o cronograma das datas de postagem e corre\u00e7\u00e3o das atividades em seu AVA.<\/li>\n<li>A postagem no AVA deve ser em um \u00fanico arquivo, em formato (Word ou pdf), com tamanho m\u00e1ximo de 10MB.<\/li>\n<li>O trabalho dever\u00e1 ser realizado individualmente.<\/li>\n<li>O trabalho final deve ser original.<\/li>\n<li>Desenvolver o projeto integrado a partir do template disponibilizado no AVA.<\/li>\n<li>Em caso de d\u00favida, buscar orienta\u00e7\u00f5es com seu tutor.<\/li>\n<\/ul>\n<h2>CRIT\u00c9RIOS DE CORRE\u00c7\u00c3O<\/h2>\n<h3>Execu\u00e7\u00e3o da Proposta \u2014 60%<\/h3>\n<p>Atendimento \u00e0s a\u00e7\u00f5es, cumprimento do objetivo, estrutura e qualidade t\u00e9cnica.<\/p>\n<h3>Linguagem e Comunica\u00e7\u00e3o \u2014 30%<\/h3>\n<p>Clareza, norma padr\u00e3o e coer\u00eancia.<\/p>\n<h3>Normaliza\u00e7\u00e3o \u2014 10%<\/h3>\n<p>Cita\u00e7\u00f5es e refer\u00eancias conforme normas.<\/p>\n<h3>TOTAL 100%<\/h3>\n<p>Desejamos uma \u00f3tima atividade!<\/p>\n<p><strong>Equipe de professores<\/strong><\/p>\n<div class=\"elementor-toggle-item\">\n<p tabindex=\"0\" role=\"tab\" data-tab=\"1\" aria-controls=\"elementor-tab-content-1941\" aria-expanded=\"true\" aria-selected=\"true\">\n<p id=\"elementor-tab-title-1941\" class=\"elementor-tab-title elementor-active\" tabindex=\"0\" role=\"tab\" data-tab=\"1\" aria-controls=\"elementor-tab-content-1941\" aria-expanded=\"true\" aria-selected=\"true\"><strong>Como funciona?<\/strong><\/p>\n<p>Elaboramos os portf\u00f3lios, j\u00e1 deixamos prontos, nas normas da ABNT e conforme os requisitos da universidade. F\u00e1cil assim! O MELHOR \u00c9 QUE VOC\u00ca COMPRA E J\u00c1 BAIXA NA HORA O SEU ARQUIVO EM WORD! Sabemos que conciliar trabalho, fam\u00edlia, vida profissional e estudos \u00e9 dif\u00edcil hoje em dia, por isso, estamos aqui para ajudar voc\u00ea. Conte com nossa qualidade, experi\u00eancia e profissionalismo adquirindo seu portf\u00f3lio conosco. GARANTIMOS SEU CONCEITO!<\/p>\n<p><strong>Como se realizam os envios?<\/strong><\/p>\n<\/div>\n<p id=\"elementor-tab-content-1942\" class=\"elementor-tab-content elementor-clearfix elementor-active\" role=\"tabpanel\" data-tab=\"2\" aria-labelledby=\"elementor-tab-title-1942\">O seu trabalho \u00e9 disponibilizado pronto, respondido e nas normas j\u00e1 na mesma hora aqui em nosso site na sua \u00e1rea de downloads e tamb\u00e9m no seu e-mail.<\/p>\n<p><strong>Em quanto tempo recebo o portf\u00f3lio?<\/strong><\/p>\n<p>Os envios s\u00e3o imediatos. Ap\u00f3s sua compra, o trabalho j\u00e1 \u00e9 disponibilizado instantaneamente aqui em nosso site e no seu e-mail.<\/p>\n<p><strong>E se o portf\u00f3lio que comprei precisar de corre\u00e7\u00e3o?<\/strong><\/p>\n<p>Caso haja alguma solicita\u00e7\u00e3o de corre\u00e7\u00e3o\/altera\u00e7\u00e3o por parte do tutor, basta entrar em contato conosco pelo\u00a0WhatsApp\u00a0que provid\u00eanciaremos sem custo algum.<\/p>\n<p><strong>Qual o formato do arquivo?<\/strong><\/p>\n<p>Os arquivos s\u00e3o enviados em formato Word e s\u00e3o edit\u00e1veis.<\/p>\n<p><strong>Caso eu tiver alguma d\u00favida, terei suporte no p\u00f3s venda?<\/strong><\/p>\n<p>Sim, com certeza. Basta clicar no \u00edcone do WhatsApp no cantinho da tela. Ser\u00e1 um prazer atend\u00ea-lo(a).<\/p>\n<div id=\"elementor-tab-content-1948\" class=\"elementor-tab-content elementor-clearfix elementor-active\" role=\"tabpanel\" data-tab=\"8\" aria-labelledby=\"elementor-tab-title-1948\">\n<p><strong>Quais os seus canais de contato?<\/strong><\/p>\n<\/div>\n<div id=\"elementor-tab-content-1949\" class=\"elementor-tab-content elementor-clearfix elementor-active\" role=\"tabpanel\" data-tab=\"9\" aria-labelledby=\"elementor-tab-title-1949\">\n<p>Whatsapp: 53 984751621 \u2013 Clicar no canto da tela ou ESCANEIE O QRCODE ABAIXO<\/p>\n<h4><img decoding=\"async\" class=\"alignnone wp-image-13699 jetpack-lazy-image jetpack-lazy-image--handled\" src=\"https:\/\/i0.wp.com\/portifolioos-prontos.com\/wp-content\/uploads\/2023\/02\/whatsapp-business-projeto-de-extensao-300x300.jpeg?resize=144%2C144\" sizes=\"(max-width: 144px) 100vw, 144px\" srcset=\"https:\/\/i0.wp.com\/portifolioos-prontos.com\/wp-content\/uploads\/2023\/02\/whatsapp-business-projeto-de-extensao.jpeg?resize=300%2C301&amp;ssl=1 300w, https:\/\/i0.wp.com\/portifolioos-prontos.com\/wp-content\/uploads\/2023\/02\/whatsapp-business-projeto-de-extensao.jpeg?resize=150%2C150&amp;ssl=1 150w, https:\/\/i0.wp.com\/portifolioos-prontos.com\/wp-content\/uploads\/2023\/02\/whatsapp-business-projeto-de-extensao.jpeg?resize=370%2C372&amp;ssl=1 370w, https:\/\/i0.wp.com\/portifolioos-prontos.com\/wp-content\/uploads\/2023\/02\/whatsapp-business-projeto-de-extensao.jpeg?resize=100%2C100&amp;ssl=1 100w, https:\/\/i0.wp.com\/portifolioos-prontos.com\/wp-content\/uploads\/2023\/02\/whatsapp-business-projeto-de-extensao.jpeg?w=470&amp;ssl=1 470w\" alt=\"projeto de extens\u00e3o unopar\" width=\"144\" height=\"144\" data-lazy-loaded=\"1\" \/><\/h4>\n<\/div>\n<div class=\"elementor-toggle-item\">\n<div id=\"elementor-tab-content-1949\" class=\"elementor-tab-content elementor-clearfix elementor-active\" role=\"tabpanel\" data-tab=\"9\" aria-labelledby=\"elementor-tab-title-1949\">\n<p>E-mail:portifoliosp@gmail.com<\/p>\n<div id=\"attachment_143\" class=\"wp-caption alignnone\">\n<div id=\"attachment_143\" class=\"wp-caption alignnone\">\n<p id=\"caption-attachment-143\" class=\"wp-caption-text\"><a href=\"http:\/\/portfolio-pronto.com\/\">Portf\u00f3lio<\/a>\u00a0em Word, respondido, completo e j\u00e1 nas normas<\/p>\n<\/div>\n<\/div>\n<\/div>\n<\/div>\n","protected":false},"excerpt":{"rendered":"<p>Projeto integrado interdisciplinar &#8211; An\u00e1lise de mercado e an\u00e1lise de dados Projeto Integrado: Intelig\u00eancia de Mercado e An\u00e1lise de Dados no Agroneg\u00f3cio Brasileiro P\u00fablico P\u00fablico BOAS-VINDAS Prezado(a) aluno(a), Seja bem-vindo(a) ao Projeto Integrado! Esta \u00e9 uma oportunidade de aplicar os conhecimentos adquiridos nas disciplinas do semestre em uma situa\u00e7\u00e3o realista e desafiadora que ter\u00e1 como&hellip;<\/p>\n","protected":false},"featured_media":50749,"template":"","meta":{"_seopress_robots_primary_cat":"","_seopress_titles_title":"","_seopress_titles_desc":"","_seopress_robots_index":""},"product_cat":[470],"product_tag":[],"class_list":{"0":"post-50746","1":"product","2":"type-product","3":"status-publish","4":"has-post-thumbnail","6":"product_cat-inteligencia-de-mercado-e-analise-de-dados","8":"first","9":"instock","10":"shipping-taxable","11":"product-type-simple","12":"col-xs-6 col-sm-4","13":"col-mf-5","14":"un-5-cols"},"jetpack_sharing_enabled":true,"_links":{"self":[{"href":"https:\/\/portifolioos-prontos.com\/index.php\/wp-json\/wp\/v2\/product\/50746","targetHints":{"allow":["GET"]}}],"collection":[{"href":"https:\/\/portifolioos-prontos.com\/index.php\/wp-json\/wp\/v2\/product"}],"about":[{"href":"https:\/\/portifolioos-prontos.com\/index.php\/wp-json\/wp\/v2\/types\/product"}],"version-history":[{"count":1,"href":"https:\/\/portifolioos-prontos.com\/index.php\/wp-json\/wp\/v2\/product\/50746\/revisions"}],"predecessor-version":[{"id":50750,"href":"https:\/\/portifolioos-prontos.com\/index.php\/wp-json\/wp\/v2\/product\/50746\/revisions\/50750"}],"wp:featuredmedia":[{"embeddable":true,"href":"https:\/\/portifolioos-prontos.com\/index.php\/wp-json\/wp\/v2\/media\/50749"}],"wp:attachment":[{"href":"https:\/\/portifolioos-prontos.com\/index.php\/wp-json\/wp\/v2\/media?parent=50746"}],"wp:term":[{"taxonomy":"product_cat","embeddable":true,"href":"https:\/\/portifolioos-prontos.com\/index.php\/wp-json\/wp\/v2\/product_cat?post=50746"},{"taxonomy":"product_tag","embeddable":true,"href":"https:\/\/portifolioos-prontos.com\/index.php\/wp-json\/wp\/v2\/product_tag?post=50746"}],"curies":[{"name":"wp","href":"https:\/\/api.w.org\/{rel}","templated":true}]}}