{"id":50936,"date":"2026-04-06T09:29:14","date_gmt":"2026-04-06T12:29:14","guid":{"rendered":"https:\/\/portifolioos-prontos.com\/?post_type=product&#038;p=50936"},"modified":"2026-04-06T09:29:15","modified_gmt":"2026-04-06T12:29:15","slug":"estagio-iii-geografia-ensino-medio","status":"publish","type":"product","link":"https:\/\/portifolioos-prontos.com\/index.php\/product\/estagio-iii-geografia-ensino-medio\/","title":{"rendered":"Est\u00e1gio III Geografia (ensino m\u00e9dio)"},"content":{"rendered":"<p><strong>Est\u00e1gio III Geografia (ensino m\u00e9dio)<\/strong><\/p>\n<p>&nbsp;<\/p>\n<h2>Est\u00e1gio III Geografia (ensino m\u00e9dio)<\/h2>\n<p><strong>150 horas<\/strong><\/p>\n<h3>PLANO DE TRABALHO: ENSINO M\u00c9DIO<\/h3>\n<p>No quadro a seguir, h\u00e1 a descri\u00e7\u00e3o do Plano de Trabalho a ser realizado pelo estudante, NO ENSINO M\u00c9DIO, no componente curricular de GEOGRAFIA.<\/p>\n<table border=\"1\" cellspacing=\"0\" cellpadding=\"8\" style=\"width:100%; border-collapse:collapse;\">\n<thead>\n<tr>\n<th>Atividade<\/th>\n<th>Descri\u00e7\u00e3o<\/th>\n<th>Carga Hor\u00e1ria<\/th>\n<\/tr>\n<\/thead>\n<tbody>\n<tr>\n<td>Atividade 1<\/td>\n<td>Intera\u00e7\u00e3o com orientador do est\u00e1gio para informa\u00e7\u00f5es iniciais<\/td>\n<td>150 h<\/td>\n<\/tr>\n<tr>\n<td>Atividade 2<\/td>\n<td>Visita \u00e0 escola com a carta de apresenta\u00e7\u00e3o<\/td>\n<td>4 h<\/td>\n<\/tr>\n<tr>\n<td>Atividade 3<\/td>\n<td>Leitura obrigat\u00f3ria e produ\u00e7\u00e3o de texto<\/td>\n<td>2 h<\/td>\n<\/tr>\n<tr>\n<td>Atividade 4<\/td>\n<td>An\u00e1lise de materiais did\u00e1ticos da escola e produ\u00e7\u00e3o de relato baseado na an\u00e1lise<\/td>\n<td>8 h<\/td>\n<\/tr>\n<tr>\n<td>Atividade 5<\/td>\n<td>Elabora\u00e7\u00e3o de atividade utilizando recurso did\u00e1tico de apoio espec\u00edfico para a abordagem de temas contempor\u00e2neos transversais da BNCC (meio ambiente, economia, sa\u00fade, cidadania e civismo, multiculturalismo e ci\u00eancia e tecnologia)<\/td>\n<td>8 h<\/td>\n<\/tr>\n<tr>\n<td>Atividade 6<\/td>\n<td>An\u00e1lise do uso da BNCC na escola e elabora\u00e7\u00e3o do relato<\/td>\n<td>10 h<\/td>\n<\/tr>\n<tr>\n<td>Atividade 7<\/td>\n<td>An\u00e1lise dos instrumentos avaliativos utilizados pelo professor da disciplina conforme respectivo est\u00e1gio e elabora\u00e7\u00e3o de texto referente \u00e0 an\u00e1lise<\/td>\n<td>10 h<\/td>\n<\/tr>\n<tr>\n<td>Atividade 8<\/td>\n<td>An\u00e1lise da atua\u00e7\u00e3o da equipe pedag\u00f3gica no acompanhamento do desenvolvimento da disciplina e elabora\u00e7\u00e3o de texto referente \u00e0 an\u00e1lise<\/td>\n<td>12 h<\/td>\n<\/tr>\n<tr>\n<td>Atividade 9<\/td>\n<td>An\u00e1lise dos itiner\u00e1rios formativos ofertados pela escola<\/td>\n<td>10 h<\/td>\n<\/tr>\n<tr>\n<td>Atividade 10<\/td>\n<td>Observa\u00e7\u00e3o de 3 aulas em um itiner\u00e1rio formativo e produ\u00e7\u00e3o de relato<\/td>\n<td>10 h<\/td>\n<\/tr>\n<tr>\n<td>Atividade 11<\/td>\n<td>Observa\u00e7\u00e3o e participa\u00e7\u00e3o em 3 aulas conforme seu respectivo est\u00e1gio<\/td>\n<td>3 h<\/td>\n<\/tr>\n<tr>\n<td>Atividade 12<\/td>\n<td>Elabora\u00e7\u00e3o do relato da observa\u00e7\u00e3o<\/td>\n<td>10 h<\/td>\n<\/tr>\n<tr>\n<td>Atividade 13<\/td>\n<td>Elabora\u00e7\u00e3o de 3 planos de aula, sendo um para cada aula, em uma mesma turma do est\u00e1gio (3 aulas \u2013 3 planos)<\/td>\n<td>14 h<\/td>\n<\/tr>\n<tr>\n<td>Atividade 14<\/td>\n<td>Apresenta\u00e7\u00e3o dos 3 planos de aula para o professor regente e elabora\u00e7\u00e3o do relato<\/td>\n<td>6 h<\/td>\n<\/tr>\n<tr>\n<td>Atividade 15<\/td>\n<td>Reg\u00eancia de 3 aulas em uma das turmas em que realizou observa\u00e7\u00f5es e participa\u00e7\u00f5es<\/td>\n<td>3 h<\/td>\n<\/tr>\n<tr>\n<td>Atividade 16<\/td>\n<td>Elabora\u00e7\u00e3o de relato da reg\u00eancia<\/td>\n<td>8 h<\/td>\n<\/tr>\n<tr>\n<td>Atividade 17<\/td>\n<td>Produ\u00e7\u00e3o do relat\u00f3rio de est\u00e1gio<\/td>\n<td>20 h<\/td>\n<\/tr>\n<tr>\n<td>Atividade 18<\/td>\n<td>Valida\u00e7\u00e3o do relat\u00f3rio do est\u00e1gio<\/td>\n<td>2 h<\/td>\n<\/tr>\n<\/tbody>\n<\/table>\n","protected":false},"excerpt":{"rendered":"<p>Est\u00e1gio III Geografia (ensino m\u00e9dio) &nbsp; Est\u00e1gio III Geografia (ensino m\u00e9dio) 150 horas PLANO DE TRABALHO: ENSINO M\u00c9DIO No quadro a seguir, h\u00e1 a descri\u00e7\u00e3o do Plano de Trabalho a ser realizado pelo estudante, NO ENSINO M\u00c9DIO, no componente curricular de GEOGRAFIA. Atividade Descri\u00e7\u00e3o Carga Hor\u00e1ria Atividade 1 Intera\u00e7\u00e3o com orientador do est\u00e1gio para informa\u00e7\u00f5es&hellip;<\/p>\n","protected":false},"featured_media":50939,"template":"","meta":{"_seopress_robots_primary_cat":"","_seopress_titles_title":"","_seopress_titles_desc":"","_seopress_robots_index":""},"product_cat":[61],"product_tag":[],"class_list":{"0":"post-50936","1":"product","2":"type-product","3":"status-publish","4":"has-post-thumbnail","6":"product_cat-geografia","8":"first","9":"instock","10":"shipping-taxable","11":"purchasable","12":"product-type-simple","13":"col-xs-6 col-sm-4","14":"col-mf-5","15":"un-5-cols"},"jetpack_sharing_enabled":true,"_links":{"self":[{"href":"https:\/\/portifolioos-prontos.com\/index.php\/wp-json\/wp\/v2\/product\/50936","targetHints":{"allow":["GET"]}}],"collection":[{"href":"https:\/\/portifolioos-prontos.com\/index.php\/wp-json\/wp\/v2\/product"}],"about":[{"href":"https:\/\/portifolioos-prontos.com\/index.php\/wp-json\/wp\/v2\/types\/product"}],"version-history":[{"count":1,"href":"https:\/\/portifolioos-prontos.com\/index.php\/wp-json\/wp\/v2\/product\/50936\/revisions"}],"predecessor-version":[{"id":50940,"href":"https:\/\/portifolioos-prontos.com\/index.php\/wp-json\/wp\/v2\/product\/50936\/revisions\/50940"}],"wp:featuredmedia":[{"embeddable":true,"href":"https:\/\/portifolioos-prontos.com\/index.php\/wp-json\/wp\/v2\/media\/50939"}],"wp:attachment":[{"href":"https:\/\/portifolioos-prontos.com\/index.php\/wp-json\/wp\/v2\/media?parent=50936"}],"wp:term":[{"taxonomy":"product_cat","embeddable":true,"href":"https:\/\/portifolioos-prontos.com\/index.php\/wp-json\/wp\/v2\/product_cat?post=50936"},{"taxonomy":"product_tag","embeddable":true,"href":"https:\/\/portifolioos-prontos.com\/index.php\/wp-json\/wp\/v2\/product_tag?post=50936"}],"curies":[{"name":"wp","href":"https:\/\/api.w.org\/{rel}","templated":true}]}}