{"id":50946,"date":"2026-04-06T09:34:56","date_gmt":"2026-04-06T12:34:56","guid":{"rendered":"https:\/\/portifolioos-prontos.com\/?post_type=product&#038;p=50946"},"modified":"2026-04-06T09:34:58","modified_gmt":"2026-04-06T12:34:58","slug":"estagio-ii-artes-visuais-anos-finais-do-ensino-fundamental-e-ensino-medio","status":"publish","type":"product","link":"https:\/\/portifolioos-prontos.com\/index.php\/product\/estagio-ii-artes-visuais-anos-finais-do-ensino-fundamental-e-ensino-medio\/","title":{"rendered":"Est\u00e1gio II Artes visuais \u2013 Anos finais do ensino fundamental e ensino m\u00e9dio"},"content":{"rendered":"<h2>Est\u00e1gio II Artes visuais \u2013 Anos finais do ensino fundamental e ensino m\u00e9dio<\/h2>\n<p><strong>5\u00ba e 6\u00ba semestre<\/strong><\/p>\n<h3>FORMA\u00c7\u00c3O DO SUPERVISOR<\/h3>\n<p>Artes Visuais. Arte Visual. Educa\u00e7\u00e3o Art\u00edstica. Arte Educa\u00e7\u00e3o. Arte. Artes Pl\u00e1sticas. Belas Artes e \u00e1reas afins (Artes C\u00eanicas, Teatro, Dan\u00e7a e M\u00fasica).<\/p>\n<p><strong>150 horas<\/strong><\/p>\n<h3>CAMPO DE EST\u00c1GIO: EDUCA\u00c7\u00c3O INFANTIL, ANOS INICIAIS DO ENSINO FUNDAMENTAL E ANOS FINAIS DO ENSINO FUNDAMENTAL<\/h3>\n<p>No quadro a seguir, h\u00e1 a descri\u00e7\u00e3o do Plano de Trabalho a ser realizado pelo estudante, conforme carga hor\u00e1ria total do respectivo est\u00e1gio especificado no quadro das p\u00e1ginas 3-4.<\/p>\n<table border=\"1\" cellspacing=\"0\" cellpadding=\"8\" style=\"width:100%; border-collapse:collapse;\">\n<thead>\n<tr>\n<th>Atividade<\/th>\n<th>Descri\u00e7\u00e3o<\/th>\n<th>100h<\/th>\n<th>150h<\/th>\n<th>175h<\/th>\n<th>215h<\/th>\n<th>150h (extra)<\/th>\n<\/tr>\n<\/thead>\n<tbody>\n<tr>\n<td>1<\/td>\n<td>Visita \u00e0 escola com carta de apresenta\u00e7\u00e3o.<\/td>\n<td>4h<\/td>\n<td>4h<\/td>\n<td>4h<\/td>\n<td>4h<\/td>\n<td>4h<\/td>\n<\/tr>\n<tr>\n<td>2<\/td>\n<td>Leitura obrigat\u00f3ria e produ\u00e7\u00e3o de texto.<\/td>\n<td>13h<\/td>\n<td>14h<\/td>\n<td>16h<\/td>\n<td>30h<\/td>\n<td>10h<\/td>\n<\/tr>\n<tr>\n<td>3<\/td>\n<td>An\u00e1lise do Projeto Pol\u00edtico-Pedag\u00f3gico (PPP) e relato.<\/td>\n<td>8h<\/td>\n<td>8h<\/td>\n<td>8h<\/td>\n<td>8h<\/td>\n<td>8h<\/td>\n<\/tr>\n<tr>\n<td>4<\/td>\n<td>An\u00e1lise de materiais did\u00e1ticos e produ\u00e7\u00e3o de relato.<\/td>\n<td>10h<\/td>\n<td>8h<\/td>\n<td>8h<\/td>\n<td>8h<\/td>\n<td>6h<\/td>\n<\/tr>\n<tr>\n<td>5<\/td>\n<td>Entrevista com professor regente e relato.<\/td>\n<td>4h<\/td>\n<td>4h<\/td>\n<td>4h<\/td>\n<td>4h<\/td>\n<td>4h<\/td>\n<\/tr>\n<tr>\n<td>6<\/td>\n<td>Levantamento de materiais de apoio sobre temas da BNCC e relato.<\/td>\n<td>\u2013<\/td>\n<td>10h<\/td>\n<td>10h<\/td>\n<td>10h<\/td>\n<td>6h<\/td>\n<\/tr>\n<tr>\n<td>7<\/td>\n<td>An\u00e1lise do processo de implementa\u00e7\u00e3o da BNCC e relato.<\/td>\n<td>\u2013<\/td>\n<td>10h<\/td>\n<td>10h<\/td>\n<td>10h<\/td>\n<td>6h<\/td>\n<\/tr>\n<tr>\n<td>8<\/td>\n<td>An\u00e1lise dos instrumentos avaliativos e elabora\u00e7\u00e3o de texto.<\/td>\n<td>15h<\/td>\n<td>10h<\/td>\n<td>10h<\/td>\n<td>10h<\/td>\n<td>6h<\/td>\n<\/tr>\n<tr>\n<td>9<\/td>\n<td>An\u00e1lise da equipe pedag\u00f3gica e elabora\u00e7\u00e3o de texto.<\/td>\n<td>14h<\/td>\n<td>14h<\/td>\n<td>14h<\/td>\n<td>14h<\/td>\n<td>6h<\/td>\n<\/tr>\n<tr>\n<td>10<\/td>\n<td>Observa\u00e7\u00e3o e participa\u00e7\u00e3o em aulas.<\/td>\n<td>5h<\/td>\n<td>12h<\/td>\n<td>16h<\/td>\n<td>16h<\/td>\n<td>20h<\/td>\n<\/tr>\n<tr>\n<td>11<\/td>\n<td>Elabora\u00e7\u00e3o do relato da observa\u00e7\u00e3o.<\/td>\n<td>2h<\/td>\n<td>8h<\/td>\n<td>12h<\/td>\n<td>12h<\/td>\n<td>8h<\/td>\n<\/tr>\n<tr>\n<td>12<\/td>\n<td>Elabora\u00e7\u00e3o de planos de aula (1 a 6 planos conforme est\u00e1gio).<\/td>\n<td>8h<\/td>\n<td>15h<\/td>\n<td>16h<\/td>\n<td>24h<\/td>\n<td>16h<\/td>\n<\/tr>\n<tr>\n<td>13<\/td>\n<td>Apresenta\u00e7\u00e3o dos planos ao professor e elabora\u00e7\u00e3o de relato.<\/td>\n<td>2h<\/td>\n<td>8h<\/td>\n<td>12h<\/td>\n<td>8h<\/td>\n<td>6h<\/td>\n<\/tr>\n<tr>\n<td>14<\/td>\n<td>Reg\u00eancia em turma observada.<\/td>\n<td>1h<\/td>\n<td>3h<\/td>\n<td>4h<\/td>\n<td>6h<\/td>\n<td>24h<\/td>\n<\/tr>\n<tr>\n<td>15<\/td>\n<td>Relato da reg\u00eancia.<\/td>\n<td>4h<\/td>\n<td>12h<\/td>\n<td>16h<\/td>\n<td>21h<\/td>\n<td>10h<\/td>\n<\/tr>\n<tr>\n<td>16<\/td>\n<td>Produ\u00e7\u00e3o do Relat\u00f3rio de Est\u00e1gio.<\/td>\n<td>8h<\/td>\n<td>8h<\/td>\n<td>13h<\/td>\n<td>28h<\/td>\n<td>8h<\/td>\n<\/tr>\n<tr>\n<td>17<\/td>\n<td>Valida\u00e7\u00e3o do Relat\u00f3rio de Est\u00e1gio.<\/td>\n<td>2h<\/td>\n<td>2h<\/td>\n<td>2h<\/td>\n<td>2h<\/td>\n<td>2h<\/td>\n<\/tr>\n<\/tbody>\n<\/table>\n<p><strong>Est\u00e1gio II Artes visuais<\/strong><\/p>\n","protected":false},"excerpt":{"rendered":"<p>Est\u00e1gio II Artes visuais \u2013 Anos finais do ensino fundamental e ensino m\u00e9dio 5\u00ba e 6\u00ba semestre FORMA\u00c7\u00c3O DO SUPERVISOR Artes Visuais. Arte Visual. Educa\u00e7\u00e3o Art\u00edstica. Arte Educa\u00e7\u00e3o. Arte. Artes Pl\u00e1sticas. Belas Artes e \u00e1reas afins (Artes C\u00eanicas, Teatro, Dan\u00e7a e M\u00fasica). 150 horas CAMPO DE EST\u00c1GIO: EDUCA\u00c7\u00c3O INFANTIL, ANOS INICIAIS DO ENSINO FUNDAMENTAL E&hellip;<\/p>\n","protected":false},"featured_media":50949,"template":"","meta":{"_seopress_robots_primary_cat":"","_seopress_titles_title":"","_seopress_titles_desc":"","_seopress_robots_index":""},"product_cat":[15],"product_tag":[],"class_list":{"0":"post-50946","1":"product","2":"type-product","3":"status-publish","4":"has-post-thumbnail","6":"product_cat-uncategorized","8":"first","9":"instock","10":"shipping-taxable","11":"purchasable","12":"product-type-simple","13":"col-xs-6 col-sm-4","14":"col-mf-5","15":"un-5-cols"},"jetpack_sharing_enabled":true,"_links":{"self":[{"href":"https:\/\/portifolioos-prontos.com\/index.php\/wp-json\/wp\/v2\/product\/50946","targetHints":{"allow":["GET"]}}],"collection":[{"href":"https:\/\/portifolioos-prontos.com\/index.php\/wp-json\/wp\/v2\/product"}],"about":[{"href":"https:\/\/portifolioos-prontos.com\/index.php\/wp-json\/wp\/v2\/types\/product"}],"version-history":[{"count":1,"href":"https:\/\/portifolioos-prontos.com\/index.php\/wp-json\/wp\/v2\/product\/50946\/revisions"}],"predecessor-version":[{"id":50950,"href":"https:\/\/portifolioos-prontos.com\/index.php\/wp-json\/wp\/v2\/product\/50946\/revisions\/50950"}],"wp:featuredmedia":[{"embeddable":true,"href":"https:\/\/portifolioos-prontos.com\/index.php\/wp-json\/wp\/v2\/media\/50949"}],"wp:attachment":[{"href":"https:\/\/portifolioos-prontos.com\/index.php\/wp-json\/wp\/v2\/media?parent=50946"}],"wp:term":[{"taxonomy":"product_cat","embeddable":true,"href":"https:\/\/portifolioos-prontos.com\/index.php\/wp-json\/wp\/v2\/product_cat?post=50946"},{"taxonomy":"product_tag","embeddable":true,"href":"https:\/\/portifolioos-prontos.com\/index.php\/wp-json\/wp\/v2\/product_tag?post=50946"}],"curies":[{"name":"wp","href":"https:\/\/api.w.org\/{rel}","templated":true}]}}