{"id":51185,"date":"2026-04-14T09:55:13","date_gmt":"2026-04-14T12:55:13","guid":{"rendered":"https:\/\/portifolioos-prontos.com\/?post_type=product&#038;p=51185"},"modified":"2026-04-14T09:55:15","modified_gmt":"2026-04-14T12:55:15","slug":"projeto-integrado-sintese-marketing-digital-empresa-innovaconselho","status":"publish","type":"product","link":"https:\/\/portifolioos-prontos.com\/index.php\/product\/projeto-integrado-sintese-marketing-digital-empresa-innovaconselho\/","title":{"rendered":"Projeto Integrado S\u00edntese &#8211; Marketing Digital Empresa InnovaConselho"},"content":{"rendered":"<h4><strong>Projeto Integrado S\u00edntese &#8211; Marketing Digital Empresa InnovaConselho<\/strong><\/h4>\n<h1 data-section-id=\"1tseq8v\" data-start=\"172\" data-end=\"202\">PROJETO INTEGRADO INDIVIDUAL<\/h1>\n<h2 data-section-id=\"1fpe0pc\" data-start=\"204\" data-end=\"218\">BOAS-VINDAS<\/h2>\n<p data-start=\"220\" data-end=\"240\">Prezado(a) aluno(a),<\/p>\n<p data-start=\"242\" data-end=\"610\">Seja bem-vindo(a) ao Projeto Integrado! Esta \u00e9 uma oportunidade de aplicar os conhecimentos adquiridos nas disciplinas do semestre em uma situa\u00e7\u00e3o realista e desafiadora que ter\u00e1 como foco a regulamenta\u00e7\u00e3o e possibilidades de inova\u00e7\u00e3o em marketing digital. Esperamos que voc\u00ea se envolva ativamente, desenvolvendo compet\u00eancias essenciais para sua forma\u00e7\u00e3o profissional.<\/p>\n<p data-start=\"612\" data-end=\"719\">Voc\u00ea ter\u00e1 a oportunidade de conectar teoria e pr\u00e1tica, voltando-se para os desafios do mercado de trabalho.<\/p>\n<p data-start=\"721\" data-end=\"787\">Desejamos a voc\u00ea muito sucesso no desenvolvimento dessa atividade!<\/p>\n<hr data-start=\"789\" data-end=\"792\" \/>\n<h2 data-section-id=\"1ndbssg\" data-start=\"794\" data-end=\"822\">OBJETIVOS DE APRENDIZAGEM<\/h2>\n<p data-start=\"824\" data-end=\"1280\">Voc\u00ea j\u00e1 deve ter percebido que, ao longo do curso, cada disciplina apresenta conceitos, ferramentas e pr\u00e1ticas que, quando combinadas, formam o conhecimento que define o seu perfil profissional. O Projeto Integrado foi criado exatamente para unir tudo isso: \u00e9 o momento em que voc\u00ea aplica, de forma pr\u00e1tica e reflexiva, aquilo que aprendeu durante o semestre, demonstrando como a teoria se transforma em solu\u00e7\u00e3o para desafios reais da sua \u00e1rea de forma\u00e7\u00e3o.<\/p>\n<p data-start=\"1282\" data-end=\"1779\">Essa atividade \u00e9 um componente curricular obrigat\u00f3rio e faz parte do seu processo de aprendizagem. Caso voc\u00ea n\u00e3o realize o projeto ou n\u00e3o atinja a pontua\u00e7\u00e3o necess\u00e1ria, ser\u00e1 reprovado. Por isso, \u00e9 fundamental dedicar-se com responsabilidade, planejamento e empenho. Afinal, o Projeto Integrado \u00e9 uma oportunidade \u00fanica de consolidar os conhecimentos adquiridos e mostrar o quanto voc\u00ea evoluiu academicamente. A pontua\u00e7\u00e3o m\u00ednima para aprova\u00e7\u00e3o deve ser verificada no Manual da Avalia\u00e7\u00e3o Continuada.<\/p>\n<p data-start=\"1781\" data-end=\"2322\">Mais do que uma avalia\u00e7\u00e3o, o Projeto Integrado \u00e9 uma experi\u00eancia de integra\u00e7\u00e3o e constru\u00e7\u00e3o de saberes. Ele prop\u00f5e que voc\u00ea desenvolva um olhar cr\u00edtico e criativo diante de uma situa\u00e7\u00e3o-problema, analisando o contexto, aplicando conceitos das disciplinas do semestre e apresentando uma proposta de solu\u00e7\u00e3o pr\u00e1tica e bem fundamentada. Trata-se de um espa\u00e7o para exercitar a autonomia intelectual, o pensamento cient\u00edfico e a capacidade de resolu\u00e7\u00e3o de problemas, habilidades essenciais no mundo do trabalho e valorizadas em qualquer carreira.<\/p>\n<p data-start=\"2324\" data-end=\"2894\">O Projeto Integrado tamb\u00e9m tem como prop\u00f3sito aproximar voc\u00ea do saber cient\u00edfico, estimulando a produ\u00e7\u00e3o de conhecimento acad\u00eamico com base em normas da ABNT, algo indispens\u00e1vel \u00e0 forma\u00e7\u00e3o de um profissional \u00e9tico, competente e preparado para lidar com dados, evid\u00eancias e argumentos s\u00f3lidos. Ao final, o mais importante \u00e9 compreender que o Projeto Integrado n\u00e3o \u00e9 apenas uma tarefa, \u00e9 um processo de aprendizagem que une conhecimento, criatividade e pr\u00e1tica profissional. Ele representa o seu compromisso com a forma\u00e7\u00e3o de qualidade e o seu protagonismo como estudante.<\/p>\n<p data-start=\"2896\" data-end=\"3037\">Cada etapa conclu\u00edda \u00e9 uma oportunidade de aprender mais sobre si, sobre a sua \u00e1rea de atua\u00e7\u00e3o e sobre como transformar conhecimento em a\u00e7\u00e3o.<\/p>\n<hr data-start=\"3039\" data-end=\"3042\" \/>\n<h2 data-section-id=\"ka5q7o\" data-start=\"3044\" data-end=\"3067\">ORIENTA\u00c7\u00d5ES INICIAIS<\/h2>\n<p data-start=\"3069\" data-end=\"3251\">A partir da an\u00e1lise do contexto inicial apresentado, voc\u00ea, como futuro profissional, dever\u00e1 desenvolver\u00e1 uma atividade fundamentada nas disciplinas estudadas ao longo deste semestre.<\/p>\n<p data-start=\"3253\" data-end=\"3447\">Essa atividade visa aprimorar suas habilidades de leitura, interpreta\u00e7\u00e3o e aplica\u00e7\u00e3o dos conhecimentos adquiridos, proporcionando uma compreens\u00e3o mais profunda e cr\u00edtica dos conte\u00fados abordados.<\/p>\n<p data-start=\"3449\" data-end=\"3468\">Leia o texto abaixo<\/p>\n<p data-start=\"3470\" data-end=\"4100\">Imagine que a InnovaConselho \u00e9 uma empresa de consultoria multidisciplinar que se destaca pela sua abordagem integrada e inovadora em \u00e1reas cruciais do cen\u00e1rio empresarial moderno. A empresa \u00e9 especializada em cinco \u00e1reas principais: Direito Cibern\u00e9tico, Empreendedorismo e Inova\u00e7\u00e3o, Responsabilidade Social e Ambiental, Sociedade Brasileira e Cidadania, a empresa tamb\u00e9m se dedica ao Marketing Digital, incluindo SEO e Reda\u00e7\u00e3o para a Web. Com especialistas altamente especializados, a InnovaConselho oferece solu\u00e7\u00f5es personalizadas para empresas se adaptarem e prosperarem no ambiente digital e social atual. Os servi\u00e7os incluem:<\/p>\n<ul data-start=\"4102\" data-end=\"4791\">\n<li data-section-id=\"1qtrqu1\" data-start=\"4102\" data-end=\"4220\">Consultoria jur\u00eddica especializada em quest\u00f5es relacionadas \u00e0 internet, prote\u00e7\u00e3o de dados e seguran\u00e7a cibern\u00e9tica.<\/li>\n<li data-section-id=\"1ae3j9q\" data-start=\"4221\" data-end=\"4340\">Orienta\u00e7\u00e3o para startups e empresas condicionantes sobre estrat\u00e9gias inovadoras e pr\u00e1ticas de neg\u00f3cios disruptivas.<\/li>\n<li data-section-id=\"16hme8v\" data-start=\"4341\" data-end=\"4483\">Assessoria para implementa\u00e7\u00e3o de pr\u00e1ticas sustent\u00e1veis e responsabilidades, envolve a melhoria do impacto social e ambiental das empresas.<\/li>\n<li data-section-id=\"97fhfe\" data-start=\"4484\" data-end=\"4648\">Consultoria sobre quest\u00f5es socioculturais e pol\u00edticas brasileiras, promovendo a promo\u00e7\u00e3o da cidadania corporativa e o entendimento do ambiente social do Brasil.<\/li>\n<li data-section-id=\"s4wyp\" data-start=\"4649\" data-end=\"4791\">Servi\u00e7os especializados em otimiza\u00e7\u00e3o de mecanismos de busca e conte\u00fado web, aumentam a visibilidade online e o engajamento com o p\u00fablico.<\/li>\n<\/ul>\n<p data-start=\"4793\" data-end=\"5146\">O site da InnovaConselho para clientes pode oferecer um portal abrangente onde as empresas acessam informa\u00e7\u00f5es sobre os servi\u00e7os oferecidos, agendam consultas e participam de webinars e workshops. Este portal tamb\u00e9m fornece recursos educativos e insights sobre as \u00faltimas tend\u00eancias e desenvolvimentos em cada uma das \u00e1reas de especializa\u00e7\u00e3o da empresa.<\/p>\n<p data-start=\"5148\" data-end=\"5553\">Al\u00e9m do site corporativo, a InnovaConselho mant\u00e9m um site comunit\u00e1rio, onde indiv\u00edduos e empresas podem compartilhar suas experi\u00eancias, sucessos e desafios relacionados \u00e0s pr\u00e1ticas nas \u00e1reas de especializa\u00e7\u00e3o da empresa. Este espa\u00e7o fomenta a troca de conhecimentos e boas pr\u00e1ticas, permitindo que a comunidade aprenda uns com os outros e promova um ambiente de neg\u00f3cios mais \u00e9tico, inovador e consciente.<\/p>\n<p data-start=\"5555\" data-end=\"5968\">A InnovaConselho representa uma fus\u00e3o \u00fanica de expertise jur\u00eddica, empresarial, social, cultural e digital, investindo na vanguarda da consultoria moderna. Seu compromisso com a promo\u00e7\u00e3o de pr\u00e1ticas empresariais respons\u00e1veis e inovadoras, juntamente com sua abordagem inclusiva e colaborativa, torna uma parceria valiosa para empresas que buscam prosperar de maneira \u00e9tica e sustent\u00e1vel no cen\u00e1rio din\u00e2mico atual.<\/p>\n<hr data-start=\"5970\" data-end=\"5973\" \/>\n<h2 data-section-id=\"czwnl6\" data-start=\"5975\" data-end=\"6003\">ATIVIDADE A SER REALIZADA<\/h2>\n<p data-start=\"6005\" data-end=\"6398\">Para cada um dos segmentos de especializa\u00e7\u00e3o da InnovaConselho, existem desafios \u00fanicos que as empresas enfrentam e que fecham uma abordagem consultiva espec\u00edfica e personalizada, e voc\u00ea como consultor deve estar preparado para esses desafios. Ent\u00e3o vamos l\u00e1! Analise todas as atividades abaixo, e elabore uma resposta bastante completa para responder aos desafios propostos em cada uma delas.<\/p>\n<h3 data-section-id=\"1hqdw28\" data-start=\"6400\" data-end=\"6415\">ATIVIDADE 1<\/h3>\n<p data-start=\"6417\" data-end=\"6674\">Com o avan\u00e7o tecnol\u00f3gico e a crescente digitaliza\u00e7\u00e3o, as empresas est\u00e3o coletando e processando grandes volumes de dados. Isso aumenta o risco de transpar\u00eancia de seguran\u00e7a e exige conformidade com leis de prote\u00e7\u00e3o de dados rigorosas, como a LGPD no Brasil.<\/p>\n<p data-start=\"6676\" data-end=\"6858\">Como a empresa pode garantir a conformidade cont\u00ednua com a legisla\u00e7\u00e3o de prote\u00e7\u00e3o de dados em evolu\u00e7\u00e3o? Quais s\u00e3o as melhores pr\u00e1ticas para prevenir e responder \u00e0 seguran\u00e7a de dados?<\/p>\n<hr data-start=\"6860\" data-end=\"6863\" \/>\n<h3 data-section-id=\"1hqdw2b\" data-start=\"6865\" data-end=\"6880\">ATIVIDADE 2<\/h3>\n<p data-start=\"6882\" data-end=\"7063\">O mercado est\u00e1 evoluindo rapidamente devido \u00e0s tecnologias disruptivas e \u00e0s mudan\u00e7as nos padr\u00f5es de consumo. As empresas precisam inovar continuamente para se manterem competitivas.<\/p>\n<p data-start=\"7065\" data-end=\"7238\">Como a empresa pode cultivar uma cultura de inova\u00e7\u00e3o e criatividade? Quais estrat\u00e9gias podem ser executadas para integrar novas tecnologias e modelos de neg\u00f3cios inovadores?<\/p>\n<hr data-start=\"7240\" data-end=\"7243\" \/>\n<h3 data-section-id=\"1hqdw2a\" data-start=\"7245\" data-end=\"7260\">ATIVIDADE 3<\/h3>\n<p data-start=\"7262\" data-end=\"7478\">As expectativas dos consumidores e investidores em rela\u00e7\u00e3o \u00e0 sustentabilidade e responsabilidade social est\u00e3o aumentando. As empresas enfrentam o desafio de integrar pr\u00e1ticas sustent\u00e1veis de forma econ\u00f4mica e eficaz.<\/p>\n<p data-start=\"7480\" data-end=\"7652\">Como a empresa pode implementar pr\u00e1ticas sustent\u00e1veis sem comprometer a rentabilidade? Quais s\u00e3o as melhores abordagens para medir e comunicar o impacto ambiental e social?<\/p>\n<hr data-start=\"7654\" data-end=\"7657\" \/>\n<h3 data-section-id=\"1hqdw2d\" data-start=\"7659\" data-end=\"7674\">ATIVIDADE 4<\/h3>\n<p data-start=\"7676\" data-end=\"7846\">Operar no Brasil implica entender um ambiente sociopol\u00edtico complexo e diversificado. As empresas devem se engajar de forma \u00e9tica e construtiva com as comunidades locais.<\/p>\n<p data-start=\"7848\" data-end=\"7944\">Quais estrat\u00e9gias podem ser usadas para promover uma cidadania corporativa eficaz e respons\u00e1vel?<\/p>\n<hr data-start=\"7946\" data-end=\"7949\" \/>\n<h3 data-section-id=\"1hqdw2c\" data-start=\"7951\" data-end=\"7966\">ATIVIDADE 5<\/h3>\n<p data-start=\"7968\" data-end=\"8169\">O cen\u00e1rio digital est\u00e1 em constante mudan\u00e7a, com algoritmos de mecanismos de busca sendo atualizados frequentemente. Manter a visibilidade e o engajamento online \u00e9 um desafio cont\u00ednuo para as empresas.<\/p>\n<p data-start=\"8171\" data-end=\"8350\">Quais s\u00e3o as t\u00e9cnicas mais eficazes de SEO atualmente? Como a empresa pode criar conte\u00fado web que seja ao mesmo tempo atraente para o p\u00fablico e otimizado para mecanismos de busca?<\/p>\n<hr data-start=\"8352\" data-end=\"8355\" \/>\n<h2 data-section-id=\"10abt8f\" data-start=\"8357\" data-end=\"8405\">NORMAS PARA ELABORA\u00c7\u00c3O E ENTREGA DA ATIVIDADE<\/h2>\n<p data-start=\"8407\" data-end=\"8532\">O trabalho final dever\u00e1 ser realizado no arquivo denominado Modelo, disponibilizado no AVA, obedecendo os crit\u00e9rios a seguir:<\/p>\n<p data-start=\"8534\" data-end=\"8654\">a) Aten\u00e7\u00e3o aos prazos de postagens, acompanhe o cronograma das datas de postagem e corre\u00e7\u00e3o das atividades em seu AVA.<\/p>\n<p data-start=\"8656\" data-end=\"8855\">b) A postagem no AVA deve ser em um \u00fanico arquivo, em formato (Word ou pdf), com tamanho m\u00e1ximo de 10MB, conforme Modelo. O sistema ir\u00e1 disponibilizar para corre\u00e7\u00e3o apenas o \u00faltimo arquivo postado.<\/p>\n<p data-start=\"8857\" data-end=\"8910\">c) O trabalho dever\u00e1 ser realizado individualmente.<\/p>\n<p data-start=\"8912\" data-end=\"9341\">d) O trabalho final deve ser original e, portanto, n\u00e3o poder\u00e1 haver trabalhos id\u00eanticos aos de outros grupos ou com reprodu\u00e7\u00e3o de materiais extra\u00eddos da internet. Os trabalhos plagiados ser\u00e3o invalidados, sendo os alunos reprovados na atividade. Observe que a pr\u00e1tica do pl\u00e1gio constitui crime, com pena prevista em lei (Lei n.\u00ba 9.610\/1998 e atualiza\u00e7\u00f5es e o Artigo 184 do C\u00f3digo Penal), e deve ser evitada no \u00e2mbito acad\u00eamico.<\/p>\n<p data-start=\"9343\" data-end=\"9886\">e) Este trabalho interdisciplinar deve ser realizado integralmente pelo estudante, sem a utiliza\u00e7\u00e3o de ferramentas de Intelig\u00eancia Artificial para substituir o processo de pesquisa, an\u00e1lise e escrita. O objetivo \u00e9 desenvolver compet\u00eancias cr\u00edticas, criativas e acad\u00eamicas que s\u00f3 podem ser adquiridas pela pr\u00e1tica consciente e aut\u00f4noma. O uso de IA para elaborar respostas prontas compromete a aprendizagem. Espera-se que cada estudante se envolva de forma ativa, refletindo e construindo o conhecimento com base em suas pr\u00f3prias habilidades.<\/p>\n<p data-start=\"9888\" data-end=\"9997\">f) Em caso de d\u00favida para elabora\u00e7\u00e3o do trabalho, voc\u00ea dever\u00e1 buscar orienta\u00e7\u00f5es com seu tutor a dist\u00e2ncia.<\/p>\n<hr data-start=\"9999\" data-end=\"10002\" \/>\n<h2 data-section-id=\"23axb8\" data-start=\"10004\" data-end=\"10028\">CRIT\u00c9RIOS DE CORRE\u00c7\u00c3O<\/h2>\n<h3 data-section-id=\"pmosls\" data-start=\"10030\" data-end=\"10060\">Execu\u00e7\u00e3o da Proposta (60%)<\/h3>\n<p data-start=\"10062\" data-end=\"10373\">\u2713 Atendimento a todas as a\u00e7\u00f5es solicitadas na atividade.<br data-start=\"10118\" data-end=\"10121\" \/>\u2713 Cumprimento do objetivo solicitado na proposta.<br data-start=\"10170\" data-end=\"10173\" \/>\u2713 Presen\u00e7a de introdu\u00e7\u00e3o, desenvolvimento e considera\u00e7\u00f5es finais, conforme indicado na proposta.<br data-start=\"10269\" data-end=\"10272\" \/>\u2713 Qualidade t\u00e9cnica das imagens apresentadas, com aten\u00e7\u00e3o \u00e0 resolu\u00e7\u00e3o e nitidez, quando se aplicar.<\/p>\n<hr data-start=\"10375\" data-end=\"10378\" \/>\n<h3 data-section-id=\"1p2ik21\" data-start=\"10380\" data-end=\"10413\">Linguagem e Comunica\u00e7\u00e3o (30%)<\/h3>\n<p data-start=\"10415\" data-end=\"10525\">\u2713 Clareza na comunica\u00e7\u00e3o das ideias.<br data-start=\"10451\" data-end=\"10454\" \/>\u2713 Norma padr\u00e3o, ortografia, aspectos redacionais, coes\u00e3o e coer\u00eancia.<\/p>\n<hr data-start=\"10527\" data-end=\"10530\" \/>\n<h3 data-section-id=\"1m7aj8p\" data-start=\"10532\" data-end=\"10554\">Normaliza\u00e7\u00e3o (10%)<\/h3>\n<p data-start=\"10556\" data-end=\"10709\">\u2713 Presen\u00e7a de cita\u00e7\u00f5es de autores e obras no decorrer do trabalho (quando se aplicar).<br data-start=\"10642\" data-end=\"10645\" \/>\u2713 Inclus\u00e3o adequada das refer\u00eancias bibliogr\u00e1ficas utilizadas.<\/p>\n<hr data-start=\"10711\" data-end=\"10714\" \/>\n<h3 data-section-id=\"h693oq\" data-start=\"10716\" data-end=\"10731\">TOTAL: 100%<\/h3>\n<p data-start=\"10757\" data-end=\"10789\">Desejamos uma \u00f3tima atividade!<\/p>\n<p data-start=\"10791\" data-end=\"10812\">Equipe de professores<\/p>\n","protected":false},"excerpt":{"rendered":"<p>Projeto Integrado S\u00edntese &#8211; Marketing Digital Empresa InnovaConselho PROJETO INTEGRADO INDIVIDUAL BOAS-VINDAS Prezado(a) aluno(a), Seja bem-vindo(a) ao Projeto Integrado! Esta \u00e9 uma oportunidade de aplicar os conhecimentos adquiridos nas disciplinas do semestre em uma situa\u00e7\u00e3o realista e desafiadora que ter\u00e1 como foco a regulamenta\u00e7\u00e3o e possibilidades de inova\u00e7\u00e3o em marketing digital. Esperamos que voc\u00ea se&hellip;<\/p>\n","protected":false},"featured_media":51188,"template":"","meta":{"_seopress_robots_primary_cat":"","_seopress_titles_title":"","_seopress_titles_desc":"","_seopress_robots_index":""},"product_cat":[49],"product_tag":[],"class_list":{"0":"post-51185","1":"product","2":"type-product","3":"status-publish","4":"has-post-thumbnail","6":"product_cat-marketing","8":"first","9":"instock","10":"shipping-taxable","11":"purchasable","12":"product-type-simple","13":"col-xs-6 col-sm-4","14":"col-mf-5","15":"un-5-cols"},"jetpack_sharing_enabled":true,"_links":{"self":[{"href":"https:\/\/portifolioos-prontos.com\/index.php\/wp-json\/wp\/v2\/product\/51185","targetHints":{"allow":["GET"]}}],"collection":[{"href":"https:\/\/portifolioos-prontos.com\/index.php\/wp-json\/wp\/v2\/product"}],"about":[{"href":"https:\/\/portifolioos-prontos.com\/index.php\/wp-json\/wp\/v2\/types\/product"}],"version-history":[{"count":1,"href":"https:\/\/portifolioos-prontos.com\/index.php\/wp-json\/wp\/v2\/product\/51185\/revisions"}],"predecessor-version":[{"id":51189,"href":"https:\/\/portifolioos-prontos.com\/index.php\/wp-json\/wp\/v2\/product\/51185\/revisions\/51189"}],"wp:featuredmedia":[{"embeddable":true,"href":"https:\/\/portifolioos-prontos.com\/index.php\/wp-json\/wp\/v2\/media\/51188"}],"wp:attachment":[{"href":"https:\/\/portifolioos-prontos.com\/index.php\/wp-json\/wp\/v2\/media?parent=51185"}],"wp:term":[{"taxonomy":"product_cat","embeddable":true,"href":"https:\/\/portifolioos-prontos.com\/index.php\/wp-json\/wp\/v2\/product_cat?post=51185"},{"taxonomy":"product_tag","embeddable":true,"href":"https:\/\/portifolioos-prontos.com\/index.php\/wp-json\/wp\/v2\/product_tag?post=51185"}],"curies":[{"name":"wp","href":"https:\/\/api.w.org\/{rel}","templated":true}]}}