{"id":51245,"date":"2026-04-15T22:58:07","date_gmt":"2026-04-16T01:58:07","guid":{"rendered":"https:\/\/portifolioos-prontos.com\/?post_type=product&#038;p=51245"},"modified":"2026-04-15T22:58:09","modified_gmt":"2026-04-16T01:58:09","slug":"projeto-de-extensao-iii-fisioterapia","status":"publish","type":"product","link":"https:\/\/portifolioos-prontos.com\/index.php\/product\/projeto-de-extensao-iii-fisioterapia\/","title":{"rendered":"Projeto de Extens\u00e3o III &#8211; Fisioterapia"},"content":{"rendered":"<h4><strong>Projeto de Extens\u00e3o III &#8211; Fisioterapia<\/strong><\/h4>\n<h1 data-section-id=\"1r78jih\" data-start=\"164\" data-end=\"180\">DADOS DO ALUNO<\/h1>\n<p data-start=\"182\" data-end=\"266\"><strong data-start=\"182\" data-end=\"192\">Aluno:<\/strong> [Nome completo]<br data-start=\"208\" data-end=\"211\" \/><strong data-start=\"211\" data-end=\"218\">RA:<\/strong> [N\u00famero do RA do aluno]<br data-start=\"242\" data-end=\"245\" \/><strong data-start=\"245\" data-end=\"264\">POLO \/ UNIDADE:<\/strong><\/p>\n<hr data-start=\"268\" data-end=\"271\" \/>\n<h1 data-section-id=\"128sbk7\" data-start=\"273\" data-end=\"304\">CURSO E COMPONENTE CURRICULAR<\/h1>\n<p data-start=\"306\" data-end=\"347\"><strong data-start=\"306\" data-end=\"316\">CURSO:<\/strong><br data-start=\"316\" data-end=\"319\" \/>FISIOTERAPIA &#8211; BACHARELADO<\/p>\n<p data-start=\"349\" data-end=\"418\"><strong data-start=\"349\" data-end=\"375\">COMPONENTE CURRICULAR:<\/strong><br data-start=\"375\" data-end=\"378\" \/>PROJETO DE EXTENS\u00c3O III &#8211; FISIOTERAPIA<\/p>\n<p data-start=\"420\" data-end=\"479\"><strong data-start=\"420\" data-end=\"445\">PROGRAMA DE EXTENS\u00c3O:<\/strong><br data-start=\"445\" data-end=\"448\" \/>PROGRAMA DE SUSTENTABILIDADE.<\/p>\n<hr data-start=\"481\" data-end=\"484\" \/>\n<h1 data-section-id=\"7r82qp\" data-start=\"486\" data-end=\"510\">FINALIDADE E MOTIVA\u00c7\u00c3O<\/h1>\n<p data-start=\"512\" data-end=\"1250\">O programa extensionista voltado as a\u00e7\u00f5es de Sustentabilidade do curso de Fisioterapia possui a finalidade de apoiar a comunidade por meio da dissemina\u00e7\u00e3o do conhecimento adquirido no curso, priorizando o cuidado e compreens\u00e3o do meio ambiente. Tais a\u00e7\u00f5es poder\u00e3o reduzir impactos socioambientais negativos e criar uma cultura regenerativa para gerar impactos positivos que ir\u00e3o refletir no meio ambiente, que s\u00e3o importantes para possibilitar uma continuidade do uso de recursos naturais de forma sustent\u00e1vel. Ao identificar as problem\u00e1ticas ambientais da comunidade os alunos ter\u00e3o a motiva\u00e7\u00e3o para efetuar as a\u00e7\u00f5es de apoio relacionadas ao curso, pelas quais poder\u00e3o ser desenvolvidas compet\u00eancias t\u00e9cnicas e soft skills espec\u00edficas.<\/p>\n<p data-start=\"1252\" data-end=\"1493\"><strong data-start=\"1252\" data-end=\"1318\">Conte\u00fados program\u00e1ticos sugeridos para correlacionar as a\u00e7\u00f5es:<\/strong><br data-start=\"1318\" data-end=\"1321\" \/>Aten\u00e7\u00e3o fisioterap\u00eautica nos diversos n\u00edveis de aten\u00e7\u00e3o a sa\u00fade, fisioterapia e inova\u00e7\u00f5es, sa\u00fade p\u00fablica, vigil\u00e2ncia em sa\u00fade, sa\u00fade do trabalhador, sa\u00fade neurofuncional.<\/p>\n<p data-start=\"1495\" data-end=\"1857\"><strong data-start=\"1495\" data-end=\"1542\">Locais que poder\u00e3o contemplar esse projeto:<\/strong><br data-start=\"1542\" data-end=\"1545\" \/>Parcerias com a Prefeitura e atua\u00e7\u00e3o em Unidades B\u00e1sicas de Sa\u00fade; Associa\u00e7\u00f5es de Bairros; Cl\u00ednicas de Sa\u00fade P\u00fablicas e Privadas; Hospitais; Centros de Sa\u00fade; Spas; Sal\u00f5es de Beleza; Centros Est\u00e9ticos; Casas de Repouso; Institui\u00e7\u00f5es de Longa Perman\u00eancia para Idosos; Creches; Templos Religiosos; Escolas; ONGs.<\/p>\n<hr data-start=\"1859\" data-end=\"1862\" \/>\n<h1 data-section-id=\"jf2jbu\" data-start=\"1864\" data-end=\"1878\">COMPET\u00caNCIAS<\/h1>\n<p data-start=\"1880\" data-end=\"2284\">I &#8211; Avaliar, de forma integral, o ser humano, no \u00e2mbito individual ou coletivo;<br data-start=\"1959\" data-end=\"1962\" \/>II &#8211; Orientar usu\u00e1rios e cuidadores em rela\u00e7\u00e3o \u00e0 aten\u00e7\u00e3o com a sa\u00fade e \u00e0 ades\u00e3o ao tratamento fisioterap\u00eautico;<br data-start=\"2073\" data-end=\"2076\" \/>III &#8211; Atuar como agente de educa\u00e7\u00e3o em sa\u00fade, no \u00e2mbito individual e coletivo, nos diferentes n\u00edveis de aten\u00e7\u00e3o \u00e0 sa\u00fade;<br data-start=\"2196\" data-end=\"2199\" \/>IV &#8211; Trabalhar de forma interprofissional nos diferentes n\u00edveis de aten\u00e7\u00e3o \u00e0 sa\u00fade.<\/p>\n<hr data-start=\"2286\" data-end=\"2289\" \/>\n<h1 data-section-id=\"46q6pf\" data-start=\"2291\" data-end=\"2310\">PERFIL DO EGRESSO<\/h1>\n<p data-start=\"2312\" data-end=\"3142\">O perfil do egresso do curso de Fisioterapia idealizado pela IES proporciona a forma\u00e7\u00e3o de um profissional que, de acordo com as determina\u00e7\u00f5es legais do curso de Bacharelado em Fisioterapia, tenha uma forma\u00e7\u00e3o generalista e humanista, com habilidades e conhecimentos para agir eticamente no desenvolvimento da promo\u00e7\u00e3o, manuten\u00e7\u00e3o e preven\u00e7\u00e3o da sa\u00fade do indiv\u00edduo e da comunidade, na recupera\u00e7\u00e3o do movimento do corpo humanos em todas as suas formas de express\u00e3o e potencialidades, conduzindo o processo desde o diagn\u00f3stico f\u00edsico e funcional at\u00e9 a escolha da conduta fisioterap\u00eautica pertinente a cada situa\u00e7\u00e3o, atento \u00e0s altera\u00e7\u00f5es patol\u00f3gicas, cin\u00e9tico funcionais e suas repercuss\u00f5es ps\u00edquicas e org\u00e2nicas e no gerenciamento do trabalho e os recursos materiais de modo compat\u00edvel com as pol\u00edticas p\u00fablicas de sa\u00fade vigentes.<\/p>\n<hr data-start=\"3144\" data-end=\"3147\" \/>\n<h1 data-section-id=\"18r0pjt\" data-start=\"3149\" data-end=\"3193\">SOFT SKILLS (COMPET\u00caNCIAS SOCIOEMOCIONAIS)<\/h1>\n<p data-start=\"3195\" data-end=\"3285\">An\u00e1lise e resolu\u00e7\u00e3o de problemas<br data-start=\"3227\" data-end=\"3230\" \/>Planejamento e organiza\u00e7\u00e3o<br data-start=\"3256\" data-end=\"3259\" \/>Comunica\u00e7\u00e3o Interpessoal<\/p>\n<hr data-start=\"3287\" data-end=\"3290\" \/>\n<h1 data-section-id=\"yi4l2b\" data-start=\"3292\" data-end=\"3319\">OBJETIVOS DE APRENDIZAGEM<\/h1>\n<p data-start=\"3321\" data-end=\"3878\">O objetivo da extens\u00e3o universit\u00e1ria em Programa de Sustentabilidade do curso de Fisioterapia, est\u00e1 relacionado a transferir para a sociedade os conhecimentos desenvolvidos no curso mediante projetos e a\u00e7\u00f5es de apoio na resolu\u00e7\u00e3o de diversas problem\u00e1ticas, e com isso a possibilidade de potencializar a gera\u00e7\u00e3o de conhecimentos aplicados, utilizados na resolu\u00e7\u00e3o dos problemas relacionados ao meio ambiente com intera\u00e7\u00e3o aos conte\u00fados espec\u00edficos de radiologia estudados no curso, trazendo mais elementos para o desenvolvimento das habilitados do egresso.<\/p>\n<hr data-start=\"3880\" data-end=\"3883\" \/>\n<h1 data-section-id=\"16xjrcn\" data-start=\"3885\" data-end=\"3896\">CONTE\u00daDOS<\/h1>\n<p data-start=\"3898\" data-end=\"4030\">I &#8211; Epidemiologia;<br data-start=\"3916\" data-end=\"3919\" \/>II &#8211; Pol\u00edticas de sa\u00fade;<br data-start=\"3943\" data-end=\"3946\" \/>III &#8211; Determinantes do processo de sa\u00fade-doen\u00e7a;<br data-start=\"3994\" data-end=\"3997\" \/>IV &#8211; N\u00edveis de aten\u00e7\u00e3o \u00e0 sa\u00fade.<\/p>\n<hr data-start=\"4032\" data-end=\"4035\" \/>\n<h1 data-section-id=\"1q7kx9f\" data-start=\"4037\" data-end=\"4064\">INDICA\u00c7\u00d5ES BIBLIOGR\u00c1FICAS<\/h1>\n<p data-start=\"4066\" data-end=\"4364\">MOREIRA, Ta\u00eds Campos. Sa\u00fade Coletiva. Porto Alegre: Grupo A, 2018.<br data-start=\"4132\" data-end=\"4135\" \/>COSTA, Aline do Amaral Zils; HIGA, Camila Braga de Oliveira. Vigil\u00e2ncia em sa\u00fade. Porto Alegre: SAGAH, 2018.<br data-start=\"4243\" data-end=\"4246\" \/>TORRES, Diego de Faria Magalh\u00e3es. Fisioterapia: guia pr\u00e1tico para a cl\u00ednica. Rio de Janeiro: Guanabara Koogan, 2006.<\/p>\n<hr data-start=\"4366\" data-end=\"4369\" \/>\n<h1 data-section-id=\"1too96r\" data-start=\"4371\" data-end=\"4388\">RELAT\u00d3RIO FINAL<\/h1>\n<p data-start=\"4390\" data-end=\"4616\">Aluno e Aluna, ap\u00f3s realizar suas atividades de extens\u00e3o, \u00e9 necess\u00e1rio que voc\u00ea o formalize, enviando esse Relat\u00f3rio Final para ser avaliado junto ao seu Ambiente Virtual (AVA) e tamb\u00e9m para voc\u00ea poder comprovar sua atua\u00e7\u00e3o.<\/p>\n<p data-start=\"4618\" data-end=\"4744\">Para o preenchimento, busque as anota\u00e7\u00f5es junto ao TEMPLATE PCDA para auxiliar na apresenta\u00e7\u00e3o das atividades desenvolvidas.<\/p>\n<p data-start=\"4746\" data-end=\"4797\">Todos os campos s\u00e3o de preenchimento obrigat\u00f3rio!<\/p>\n<hr data-start=\"4799\" data-end=\"4802\" \/>\n<h1 data-section-id=\"lqbism\" data-start=\"4804\" data-end=\"4849\">DESCRI\u00c7\u00c3O DA A\u00c7\u00c3O COM RESULTADOS ALCAN\u00c7ADOS<\/h1>\n<p data-start=\"4851\" data-end=\"5186\"><strong data-start=\"4851\" data-end=\"4937\">Metas dos Objetivos de Desenvolvimento Sustent\u00e1vel (ODS) aderentes a este projeto:<\/strong><br data-start=\"4937\" data-end=\"4940\" \/>CAMPO OBRIGAT\u00d3RIO \u2013 busque no seu Template PDCA quais Metas voc\u00ea selecionou como aderentes ao seu projeto, conforme cada Objetivo de Desenvolvimento Sustent\u00e1vel (ODS) da Organiza\u00e7\u00e3o das Na\u00e7\u00f5es Unidas (ONU) que voc\u00ea explorou no seu planejamento.<\/p>\n<p data-start=\"5188\" data-end=\"5245\"><strong data-start=\"5188\" data-end=\"5243\">Liste as Metas selecionadas (pelo menos uma op\u00e7\u00e3o):<\/strong><\/p>\n<p data-start=\"5247\" data-end=\"5300\"><strong data-start=\"5247\" data-end=\"5298\">Local de realiza\u00e7\u00e3o da atividade extensionista:<\/strong><\/p>\n<p data-start=\"5302\" data-end=\"5323\"><strong data-start=\"5302\" data-end=\"5321\">Durante a a\u00e7\u00e3o:<\/strong><\/p>\n<p data-start=\"5325\" data-end=\"5402\"><strong data-start=\"5325\" data-end=\"5400\">Caso necess\u00e1rio, houve mudan\u00e7a de estrat\u00e9gia para alcan\u00e7ar o resultado:<\/strong><\/p>\n<p data-start=\"5404\" data-end=\"5428\"><strong data-start=\"5404\" data-end=\"5426\">Resultado da a\u00e7\u00e3o:<\/strong><\/p>\n<p data-start=\"5430\" data-end=\"5446\"><strong data-start=\"5430\" data-end=\"5444\">Conclus\u00e3o:<\/strong><\/p>\n<p data-start=\"5448\" data-end=\"5478\"><strong data-start=\"5448\" data-end=\"5476\">Depoimentos (se houver):<\/strong><\/p>\n<hr data-start=\"5480\" data-end=\"5483\" \/>\n<h1 data-section-id=\"1dxzhtg\" data-start=\"5485\" data-end=\"5568\">RELATE SUA PERCEP\u00c7\u00c3O DAS A\u00c7\u00d5ES EXTENSIONISTAS REALIZADAS NO PROGRAMA DESENVOLVIDO<\/h1>\n<p data-start=\"5570\" data-end=\"5732\">CAMPO OBRIGAT\u00d3RIO \u2013 relate em no m\u00ednimo 15 (quinze) linhas sua experi\u00eancia com as a\u00e7\u00f5es extensionistas. O texto deve ser de sua autoria e in\u00e9dito, evite pl\u00e1gio.<\/p>\n<p data-start=\"5734\" data-end=\"6037\"><strong data-start=\"5734\" data-end=\"5759\">Quest\u00f5es norteadoras:<\/strong><br data-start=\"5759\" data-end=\"5762\" \/>(1) Voc\u00ea notou que suas habilidades profissionais foram aprimoradas, com a atua\u00e7\u00e3o nas a\u00e7\u00f5es extensionistas?<br data-start=\"5870\" data-end=\"5873\" \/>(2) Voc\u00ea identificou melhoria\/resolu\u00e7\u00e3o do problema identificado?<br data-start=\"5938\" data-end=\"5941\" \/>(3) Voc\u00ea conseguiu articular os conhecimentos adquiridos no curso com as a\u00e7\u00f5es extensionistas?<\/p>\n<p data-start=\"6039\" data-end=\"6198\">Ao escrever seu texto evite deix\u00e1-lo em forma de respostas as quest\u00f5es norteadoras, relate sua experi\u00eancia em forma de texto dissertativo com justificativas.<\/p>\n<hr data-start=\"6200\" data-end=\"6203\" \/>\n<h1 data-section-id=\"13u38wp\" data-start=\"6205\" data-end=\"6245\">DEPOIMENTO DA INSTITUI\u00c7\u00c3O PARTICIPANTE<\/h1>\n<p data-start=\"6247\" data-end=\"6411\">CAMPO OBRIGAT\u00d3RIO &#8211; insira depoimento(s) do(s) gestor(es) da institui\u00e7\u00e3o\/\u00f3rg\u00e3o\/associa\u00e7\u00e3o participante que contribuam como um feedback da a\u00e7\u00e3o realizada por voc\u00ea.<\/p>\n<hr data-start=\"6413\" data-end=\"6416\" \/>\n<h1 data-section-id=\"12jwlx1\" data-start=\"6418\" data-end=\"6446\">REFER\u00caNCIAS BIBLIOGR\u00c1FICAS<\/h1>\n<p data-start=\"6448\" data-end=\"6694\">CAMPO OBRIGAT\u00d3RIO \u2013 Siga a normas ABNT, para isso consulte sua Biblioteca Virtual;<br data-start=\"6530\" data-end=\"6533\" \/>Utilize como refer\u00eancias bibliogr\u00e1ficas as indica\u00e7\u00f5es do Campo: Indica\u00e7\u00f5es Bibliogr\u00e1ficas e as demais refer\u00eancias utilizadas no desenvolvimento do seu projeto.<\/p>\n<hr data-start=\"6696\" data-end=\"6699\" \/>\n<h1 data-section-id=\"16epvci\" data-start=\"6701\" data-end=\"6729\">AUTOAVALIA\u00c7\u00c3O DA ATIVIDADE<\/h1>\n<p data-start=\"6731\" data-end=\"6868\">Realize a sua avalia\u00e7\u00e3o em rela\u00e7\u00e3o \u00e0 atividade desenvolvida considerando uma escala de 0 a 10 para cada pergunta, assinalando com um X:<\/p>\n<p data-start=\"6870\" data-end=\"7066\"><strong data-start=\"6870\" data-end=\"7004\">1. A atividade permitiu o desenvolvimento do projeto de extens\u00e3o articulando as compet\u00eancias e conte\u00fados propostos junto ao Curso?<\/strong><br data-start=\"7004\" data-end=\"7007\" \/>0 1 2 3 4 5 6 7 8 9 10<br data-start=\"7029\" data-end=\"7032\" \/>() () () () () () () () () () ()<\/p>\n<p data-start=\"7068\" data-end=\"7203\"><strong data-start=\"7068\" data-end=\"7141\">2. A atividade possui carga hor\u00e1ria suficiente para a sua realiza\u00e7\u00e3o?<\/strong><br data-start=\"7141\" data-end=\"7144\" \/>0 1 2 3 4 5 6 7 8 9 10<br data-start=\"7166\" data-end=\"7169\" \/>() () () () () () () () () () ()<\/p>\n<p data-start=\"7205\" data-end=\"7360\"><strong data-start=\"7205\" data-end=\"7298\">3. A atividade \u00e9 relevante para a sua forma\u00e7\u00e3o e articula\u00e7\u00e3o de compet\u00eancias e conte\u00fados?<\/strong><br data-start=\"7298\" data-end=\"7301\" \/>0 1 2 3 4 5 6 7 8 9 10<br data-start=\"7323\" data-end=\"7326\" \/>() () () () () () () () () () ()<\/p>\n<p data-start=\"7362\" data-end=\"7629\"><strong data-start=\"7362\" data-end=\"7567\">4. A atividade contribui para o cumprimento dos objetivos definidos pela Institui\u00e7\u00e3o de Ensino (IES) e Curso, observando o Plano de Desenvolvimento Institucional e Projeto Pedag\u00f3gico de Curso vigentes?<\/strong><br data-start=\"7567\" data-end=\"7570\" \/>0 1 2 3 4 5 6 7 8 9 10<br data-start=\"7592\" data-end=\"7595\" \/>() () () () () () () () () () ()<\/p>\n<p data-start=\"7631\" data-end=\"7848\"><strong data-start=\"7631\" data-end=\"7786\">5. A atividade contribui para a melhoria da sociedade por meio dos resultados demonstrados no relat\u00f3rio ou pelos relatos apresentados pelos envolvidos?<\/strong><br data-start=\"7786\" data-end=\"7789\" \/>0 1 2 3 4 5 6 7 8 9 10<br data-start=\"7811\" data-end=\"7814\" \/>() () () () () () () () () () ()<\/p>\n<p data-start=\"7850\" data-end=\"8007\"><strong data-start=\"7850\" data-end=\"7945\">6. A atividade permite o desenvolvimento de a\u00e7\u00f5es junto \u00e0 Inicia\u00e7\u00e3o Cient\u00edfica e ao Ensino?<\/strong><br data-start=\"7945\" data-end=\"7948\" \/>0 1 2 3 4 5 6 7 8 9 10<br data-start=\"7970\" data-end=\"7973\" \/>() () () () () () () () () () ()<\/p>\n<p data-start=\"8009\" data-end=\"8096\"><strong data-start=\"8009\" data-end=\"8094\">7. Caso queira contribuir com maior detalhamento, traga seu depoimento\/ sugest\u00e3o.<\/strong><\/p>\n","protected":false},"excerpt":{"rendered":"<p>Projeto de Extens\u00e3o III &#8211; Fisioterapia DADOS DO ALUNO Aluno: [Nome completo]RA: [N\u00famero do RA do aluno]POLO \/ UNIDADE: CURSO E COMPONENTE CURRICULAR CURSO:FISIOTERAPIA &#8211; BACHARELADO COMPONENTE CURRICULAR:PROJETO DE EXTENS\u00c3O III &#8211; FISIOTERAPIA PROGRAMA DE EXTENS\u00c3O:PROGRAMA DE SUSTENTABILIDADE. FINALIDADE E MOTIVA\u00c7\u00c3O O programa extensionista voltado as a\u00e7\u00f5es de Sustentabilidade do curso de Fisioterapia possui a&hellip;<\/p>\n","protected":false},"featured_media":51248,"template":"","meta":{"_seopress_robots_primary_cat":"","_seopress_titles_title":"","_seopress_titles_desc":"","_seopress_robots_index":""},"product_cat":[70],"product_tag":[],"class_list":{"0":"post-51245","1":"product","2":"type-product","3":"status-publish","4":"has-post-thumbnail","6":"product_cat-fisioterapia","8":"first","9":"instock","10":"downloadable","11":"virtual","12":"purchasable","13":"product-type-simple","14":"col-xs-6 col-sm-4","15":"col-mf-5","16":"un-5-cols"},"jetpack_sharing_enabled":true,"_links":{"self":[{"href":"https:\/\/portifolioos-prontos.com\/index.php\/wp-json\/wp\/v2\/product\/51245","targetHints":{"allow":["GET"]}}],"collection":[{"href":"https:\/\/portifolioos-prontos.com\/index.php\/wp-json\/wp\/v2\/product"}],"about":[{"href":"https:\/\/portifolioos-prontos.com\/index.php\/wp-json\/wp\/v2\/types\/product"}],"version-history":[{"count":1,"href":"https:\/\/portifolioos-prontos.com\/index.php\/wp-json\/wp\/v2\/product\/51245\/revisions"}],"predecessor-version":[{"id":51250,"href":"https:\/\/portifolioos-prontos.com\/index.php\/wp-json\/wp\/v2\/product\/51245\/revisions\/51250"}],"wp:featuredmedia":[{"embeddable":true,"href":"https:\/\/portifolioos-prontos.com\/index.php\/wp-json\/wp\/v2\/media\/51248"}],"wp:attachment":[{"href":"https:\/\/portifolioos-prontos.com\/index.php\/wp-json\/wp\/v2\/media?parent=51245"}],"wp:term":[{"taxonomy":"product_cat","embeddable":true,"href":"https:\/\/portifolioos-prontos.com\/index.php\/wp-json\/wp\/v2\/product_cat?post=51245"},{"taxonomy":"product_tag","embeddable":true,"href":"https:\/\/portifolioos-prontos.com\/index.php\/wp-json\/wp\/v2\/product_tag?post=51245"}],"curies":[{"name":"wp","href":"https:\/\/api.w.org\/{rel}","templated":true}]}}