{"id":51252,"date":"2026-04-15T23:00:47","date_gmt":"2026-04-16T02:00:47","guid":{"rendered":"https:\/\/portifolioos-prontos.com\/?post_type=product&#038;p=51252"},"modified":"2026-04-15T23:00:49","modified_gmt":"2026-04-16T02:00:49","slug":"projeto-de-extensao-iii-relacoes-internacionais","status":"publish","type":"product","link":"https:\/\/portifolioos-prontos.com\/index.php\/product\/projeto-de-extensao-iii-relacoes-internacionais\/","title":{"rendered":"Projeto de Extens\u00e3o III Rela\u00e7\u00f5es Internacionais"},"content":{"rendered":"<h4><strong>Projeto de Extens\u00e3o III Rela\u00e7\u00f5es Internacionais<\/strong><\/h4>\n<p data-start=\"156\" data-end=\"240\"><strong data-start=\"156\" data-end=\"166\">Aluno:<\/strong> [Nome completo]<br data-start=\"182\" data-end=\"185\" \/><strong data-start=\"185\" data-end=\"192\">RA:<\/strong> [N\u00famero do RA do aluno]<br data-start=\"216\" data-end=\"219\" \/><strong data-start=\"219\" data-end=\"238\">POLO \/ UNIDADE:<\/strong><\/p>\n<hr data-start=\"242\" data-end=\"245\" \/>\n<h1 data-section-id=\"128sbk7\" data-start=\"247\" data-end=\"278\">CURSO E COMPONENTE CURRICULAR<\/h1>\n<p data-start=\"280\" data-end=\"332\"><strong data-start=\"280\" data-end=\"290\">CURSO:<\/strong><br data-start=\"290\" data-end=\"293\" \/>RELA\u00c7\u00d5ES INTERNACIONAIS &#8211; BACHARELADO<\/p>\n<p data-start=\"334\" data-end=\"414\"><strong data-start=\"334\" data-end=\"360\">COMPONENTE CURRICULAR:<\/strong><br data-start=\"360\" data-end=\"363\" \/>PROJETO DE EXTENS\u00c3O III &#8211; RELA\u00c7\u00d5ES INTERNACIONAIS<\/p>\n<p data-start=\"416\" data-end=\"480\"><strong data-start=\"416\" data-end=\"441\">PROGRAMA DE EXTENS\u00c3O:<\/strong><br data-start=\"441\" data-end=\"444\" \/>PROGRAMA DE CONTEXTO \u00c0 COMUNIDADE.<\/p>\n<hr data-start=\"482\" data-end=\"485\" \/>\n<h1 data-section-id=\"7r82qp\" data-start=\"487\" data-end=\"511\">FINALIDADE E MOTIVA\u00c7\u00c3O<\/h1>\n<p data-start=\"513\" data-end=\"758\">A finalidade da extens\u00e3o no Programa de Contexto \u00e0 Comunidade est\u00e1 no centrado na articula\u00e7\u00e3o social, atrav\u00e9s deste projeto ocorrer\u00e1 uma maior integra\u00e7\u00e3o entre a faculdade e a sociedade civil, trazendo apoio \u00e0 comunidade e \u00e0 difus\u00e3o do ensino.<\/p>\n<p data-start=\"760\" data-end=\"1011\">Ao identificar as necessidades da comunidade, os alunos compreender\u00e3o a motiva\u00e7\u00e3o para efetuar as a\u00e7\u00f5es de apoio relacionadas ao curso de Rela\u00e7\u00f5es internacionais, pelas quais poder\u00e3o ser desenvolvidas compet\u00eancias t\u00e9cnicas e soft skills espec\u00edficas.<\/p>\n<p data-start=\"1013\" data-end=\"1229\"><strong data-start=\"1013\" data-end=\"1083\">Conte\u00fados program\u00e1ticos sugeridos para correlacionar as a\u00e7\u00f5es s\u00e3o:<\/strong><br data-start=\"1083\" data-end=\"1086\" \/>Institui\u00e7\u00f5es, regimes e organiza\u00e7\u00f5es internacionais; Direito internacional p\u00fablico e direitos humanos e Pol\u00edtica internacional contempor\u00e2nea.<\/p>\n<p data-start=\"1231\" data-end=\"1809\"><strong data-start=\"1231\" data-end=\"1285\">Os locais que poder\u00e3o contemplar esse projeto s\u00e3o:<\/strong><br data-start=\"1285\" data-end=\"1288\" \/>Entidades pertencentes \u00e0 Administra\u00e7\u00e3o P\u00fablica municipal, estadual ou federal; escolas; col\u00e9gios; Organiza\u00e7\u00f5es n\u00e3o governamentais (ONG); Institui\u00e7\u00f5es privadas com a\u00e7\u00f5es sociais; funda\u00e7\u00f5es; entidades do Judici\u00e1rio como Procons e Tribunais; Entidades religiosas como igrejas, ordens, templos, congrega\u00e7\u00f5es, miss\u00f5es e casas de acolhimento ou assist\u00eancia; entidades de sa\u00fade e assist\u00eancia social; Asilos; Organiza\u00e7\u00f5es da Sociedade Civil de Interesse P\u00fablico (OSCIPs); Organiza\u00e7\u00f5es de moradores e Cooperativas, entre outras.<\/p>\n<hr data-start=\"1811\" data-end=\"1814\" \/>\n<h1 data-section-id=\"jf2jbu\" data-start=\"1816\" data-end=\"1830\">COMPET\u00caNCIAS<\/h1>\n<p data-start=\"1832\" data-end=\"2128\">I &#8211; Identificar e analisar os elementos constitutivos da coopera\u00e7\u00e3o e do conflito nas rela\u00e7\u00f5es internacionais;<br data-start=\"1942\" data-end=\"1945\" \/>II &#8211; Elaborar, avaliar, negociar e aplicar instrumentos normativos internacionais;<br data-start=\"2027\" data-end=\"2030\" \/>III &#8211; Identificar, analisar e avaliar problemas numa realidade diversificada e em transforma\u00e7\u00e3o.<\/p>\n<hr data-start=\"2130\" data-end=\"2133\" \/>\n<h1 data-section-id=\"46q6pf\" data-start=\"2135\" data-end=\"2154\">PERFIL DO EGRESSO<\/h1>\n<p data-start=\"2156\" data-end=\"2732\">O perfil do egresso do curso de Rela\u00e7\u00f5es Internacionais, idealizado pela IES proporciona a forma\u00e7\u00e3o do profissional sens\u00edvel \u00e0 diversidade cultural, social, \u00e9tnicoracial, religiosa, de g\u00eanero e de orienta\u00e7\u00e3o sexual e comprometida com a promo\u00e7\u00e3o da dignidade humana; anal\u00edtico acerca de argumentos, de evid\u00eancias, de discursos e de interpreta\u00e7\u00f5es, com rela\u00e7\u00e3o tanto a eventos e processos internacionais, quanto a abordagens, teorias e perspectivas em Rela\u00e7\u00f5es Internacionais; \u00e9tico e humanista na tomada de decis\u00f5es perante os problemas da agenda internacional contempor\u00e2nea.<\/p>\n<hr data-start=\"2734\" data-end=\"2737\" \/>\n<h1 data-section-id=\"18r0pjt\" data-start=\"2739\" data-end=\"2783\">SOFT SKILLS (COMPET\u00caNCIAS SOCIOEMOCIONAIS)<\/h1>\n<p data-start=\"2785\" data-end=\"2866\">An\u00e1lise e resolu\u00e7\u00e3o de problemas<br data-start=\"2817\" data-end=\"2820\" \/>Tomada de Decis\u00e3o<br data-start=\"2837\" data-end=\"2840\" \/>Comunica\u00e7\u00e3o Interpessoal<\/p>\n<hr data-start=\"2868\" data-end=\"2871\" \/>\n<h1 data-section-id=\"yi4l2b\" data-start=\"2873\" data-end=\"2900\">OBJETIVOS DE APRENDIZAGEM<\/h1>\n<p data-start=\"2902\" data-end=\"3379\">O objetivo de aprendizagem da extens\u00e3o do curso de Rela\u00e7\u00f5es Internacionais, vinculado ao Programa de Contexto \u00e0 Comunidade, est\u00e1 relacionado ao fato de disseminar o saber e a cultura ensinados na faculdade e a forma\u00e7\u00e3o de novos saberes a partir das problem\u00e1ticas identificadas na comunidade, que aliados, ampliam as habilidades desenvolvidas no decorrer do curso, preparando o egresso para uma atua\u00e7\u00e3o human\u00edstica, focado no mercado de trabalho e articulada com \u00e0 comunidade.<\/p>\n<hr data-start=\"3381\" data-end=\"3384\" \/>\n<h1 data-section-id=\"16xjrcn\" data-start=\"3386\" data-end=\"3397\">CONTE\u00daDOS<\/h1>\n<p data-start=\"3399\" data-end=\"3560\">I &#8211; Institui\u00e7\u00f5es, regimes e organiza\u00e7\u00f5es internacionais;<br data-start=\"3455\" data-end=\"3458\" \/>II &#8211; Direito internacional p\u00fablico e direitos humanos;<br data-start=\"3512\" data-end=\"3515\" \/>III &#8211; Pol\u00edtica internacional contempor\u00e2nea.<\/p>\n<hr data-start=\"3562\" data-end=\"3565\" \/>\n<h1 data-section-id=\"1q7kx9f\" data-start=\"3567\" data-end=\"3594\">INDICA\u00c7\u00d5ES BIBLIOGR\u00c1FICAS<\/h1>\n<p data-start=\"3596\" data-end=\"3905\">GOMES, Eduardo Biacchi. Integra\u00e7\u00e3o Regional e Pol\u00edticas P\u00fablicas Nacionais. S\u00e3o Paulo: Contentus, 2020.<br data-start=\"3699\" data-end=\"3702\" \/>GOMES, Eduardo Biacchi. Direitos e tratados internacionais. Curitiba: Contentus, 2020.<br data-start=\"3788\" data-end=\"3791\" \/>CAPARROZ, Roberto. Com\u00e9rcio internacional e legisla\u00e7\u00e3o aduaneira esquematizado. 6. ed. S\u00e3o Paulo: Saraiva, 2019.<\/p>\n<hr data-start=\"3907\" data-end=\"3910\" \/>\n<h1 data-section-id=\"1too96r\" data-start=\"3912\" data-end=\"3929\">RELAT\u00d3RIO FINAL<\/h1>\n<p data-start=\"3931\" data-end=\"4157\">Aluno e Aluna, ap\u00f3s realizar suas atividades de extens\u00e3o, \u00e9 necess\u00e1rio que voc\u00ea o formalize, enviando esse Relat\u00f3rio Final para ser avaliado junto ao seu Ambiente Virtual (AVA) e tamb\u00e9m para voc\u00ea poder comprovar sua atua\u00e7\u00e3o.<\/p>\n<p data-start=\"4159\" data-end=\"4285\">Para o preenchimento, busque as anota\u00e7\u00f5es junto ao TEMPLATE PCDA para auxiliar na apresenta\u00e7\u00e3o das atividades desenvolvidas.<\/p>\n<p data-start=\"4287\" data-end=\"4338\">Todos os campos s\u00e3o de preenchimento obrigat\u00f3rio!<\/p>\n<hr data-start=\"4340\" data-end=\"4343\" \/>\n<h1 data-section-id=\"lqbism\" data-start=\"4345\" data-end=\"4390\">DESCRI\u00c7\u00c3O DA A\u00c7\u00c3O COM RESULTADOS ALCAN\u00c7ADOS<\/h1>\n<p data-start=\"4392\" data-end=\"4727\"><strong data-start=\"4392\" data-end=\"4478\">Metas dos Objetivos de Desenvolvimento Sustent\u00e1vel (ODS) aderentes a este projeto:<\/strong><br data-start=\"4478\" data-end=\"4481\" \/>CAMPO OBRIGAT\u00d3RIO \u2013 busque no seu Template PDCA quais Metas voc\u00ea selecionou como aderentes ao seu projeto, conforme cada Objetivo de Desenvolvimento Sustent\u00e1vel (ODS) da Organiza\u00e7\u00e3o das Na\u00e7\u00f5es Unidas (ONU) que voc\u00ea explorou no seu planejamento.<\/p>\n<p data-start=\"4729\" data-end=\"4786\"><strong data-start=\"4729\" data-end=\"4784\">Liste as Metas selecionadas (pelo menos uma op\u00e7\u00e3o):<\/strong><\/p>\n<p data-start=\"4788\" data-end=\"4841\"><strong data-start=\"4788\" data-end=\"4839\">Local de realiza\u00e7\u00e3o da atividade extensionista:<\/strong><\/p>\n<p data-start=\"4843\" data-end=\"4864\"><strong data-start=\"4843\" data-end=\"4862\">Durante a a\u00e7\u00e3o:<\/strong><\/p>\n<p data-start=\"4866\" data-end=\"4943\"><strong data-start=\"4866\" data-end=\"4941\">Caso necess\u00e1rio, houve mudan\u00e7a de estrat\u00e9gia para alcan\u00e7ar o resultado:<\/strong><\/p>\n<p data-start=\"4945\" data-end=\"4969\"><strong data-start=\"4945\" data-end=\"4967\">Resultado da a\u00e7\u00e3o:<\/strong><\/p>\n<p data-start=\"4971\" data-end=\"4987\"><strong data-start=\"4971\" data-end=\"4985\">Conclus\u00e3o:<\/strong><\/p>\n<p data-start=\"4989\" data-end=\"5019\"><strong data-start=\"4989\" data-end=\"5017\">Depoimentos (se houver):<\/strong><\/p>\n<hr data-start=\"5021\" data-end=\"5024\" \/>\n<h1 data-section-id=\"1dxzhtg\" data-start=\"5026\" data-end=\"5109\">RELATE SUA PERCEP\u00c7\u00c3O DAS A\u00c7\u00d5ES EXTENSIONISTAS REALIZADAS NO PROGRAMA DESENVOLVIDO<\/h1>\n<p data-start=\"5111\" data-end=\"5273\">CAMPO OBRIGAT\u00d3RIO \u2013 relate em no m\u00ednimo 15 (quinze) linhas sua experi\u00eancia com as a\u00e7\u00f5es extensionistas. O texto deve ser de sua autoria e in\u00e9dito, evite pl\u00e1gio.<\/p>\n<p data-start=\"5275\" data-end=\"5578\"><strong data-start=\"5275\" data-end=\"5300\">Quest\u00f5es norteadoras:<\/strong><br data-start=\"5300\" data-end=\"5303\" \/>(1) Voc\u00ea notou que suas habilidades profissionais foram aprimoradas, com a atua\u00e7\u00e3o nas a\u00e7\u00f5es extensionistas?<br data-start=\"5411\" data-end=\"5414\" \/>(2) Voc\u00ea identificou melhoria\/resolu\u00e7\u00e3o do problema identificado?<br data-start=\"5479\" data-end=\"5482\" \/>(3) Voc\u00ea conseguiu articular os conhecimentos adquiridos no curso com as a\u00e7\u00f5es extensionistas?<\/p>\n<p data-start=\"5580\" data-end=\"5739\">Ao escrever seu texto evite deix\u00e1-lo em forma de respostas as quest\u00f5es norteadoras, relate sua experi\u00eancia em forma de texto dissertativo com justificativas.<\/p>\n<hr data-start=\"5741\" data-end=\"5744\" \/>\n<h1 data-section-id=\"13u38wp\" data-start=\"5746\" data-end=\"5786\">DEPOIMENTO DA INSTITUI\u00c7\u00c3O PARTICIPANTE<\/h1>\n<p data-start=\"5788\" data-end=\"5952\">CAMPO OBRIGAT\u00d3RIO &#8211; insira depoimento(s) do(s) gestor(es) da institui\u00e7\u00e3o\/\u00f3rg\u00e3o\/associa\u00e7\u00e3o participante que contribuam como um feedback da a\u00e7\u00e3o realizada por voc\u00ea.<\/p>\n<hr data-start=\"5954\" data-end=\"5957\" \/>\n<h1 data-section-id=\"12jwlx1\" data-start=\"5959\" data-end=\"5987\">REFER\u00caNCIAS BIBLIOGR\u00c1FICAS<\/h1>\n<p data-start=\"5989\" data-end=\"6235\">CAMPO OBRIGAT\u00d3RIO \u2013 Siga a normas ABNT, para isso consulte sua Biblioteca Virtual;<br data-start=\"6071\" data-end=\"6074\" \/>Utilize como refer\u00eancias bibliogr\u00e1ficas as indica\u00e7\u00f5es do Campo: Indica\u00e7\u00f5es Bibliogr\u00e1ficas e as demais refer\u00eancias utilizadas no desenvolvimento do seu projeto.<\/p>\n<hr data-start=\"6237\" data-end=\"6240\" \/>\n<h1 data-section-id=\"16epvci\" data-start=\"6242\" data-end=\"6270\">AUTOAVALIA\u00c7\u00c3O DA ATIVIDADE<\/h1>\n<p data-start=\"6272\" data-end=\"6409\">Realize a sua avalia\u00e7\u00e3o em rela\u00e7\u00e3o \u00e0 atividade desenvolvida considerando uma escala de 0 a 10 para cada pergunta, assinalando com um X:<\/p>\n<p data-start=\"6411\" data-end=\"6607\"><strong data-start=\"6411\" data-end=\"6545\">1. A atividade permitiu o desenvolvimento do projeto de extens\u00e3o articulando as compet\u00eancias e conte\u00fados propostos junto ao Curso?<\/strong><br data-start=\"6545\" data-end=\"6548\" \/>0 1 2 3 4 5 6 7 8 9 10<br data-start=\"6570\" data-end=\"6573\" \/>() () () () () () () () () () ()<\/p>\n<p data-start=\"6609\" data-end=\"6744\"><strong data-start=\"6609\" data-end=\"6682\">2. A atividade possui carga hor\u00e1ria suficiente para a sua realiza\u00e7\u00e3o?<\/strong><br data-start=\"6682\" data-end=\"6685\" \/>0 1 2 3 4 5 6 7 8 9 10<br data-start=\"6707\" data-end=\"6710\" \/>() () () () () () () () () () ()<\/p>\n<p data-start=\"6746\" data-end=\"6901\"><strong data-start=\"6746\" data-end=\"6839\">3. A atividade \u00e9 relevante para a sua forma\u00e7\u00e3o e articula\u00e7\u00e3o de compet\u00eancias e conte\u00fados?<\/strong><br data-start=\"6839\" data-end=\"6842\" \/>0 1 2 3 4 5 6 7 8 9 10<br data-start=\"6864\" data-end=\"6867\" \/>() () () () () () () () () () ()<\/p>\n<p data-start=\"6903\" data-end=\"7170\"><strong data-start=\"6903\" data-end=\"7108\">4. A atividade contribui para o cumprimento dos objetivos definidos pela Institui\u00e7\u00e3o de Ensino (IES) e Curso, observando o Plano de Desenvolvimento Institucional e Projeto Pedag\u00f3gico de Curso vigentes?<\/strong><br data-start=\"7108\" data-end=\"7111\" \/>0 1 2 3 4 5 6 7 8 9 10<br data-start=\"7133\" data-end=\"7136\" \/>() () () () () () () () () () ()<\/p>\n<p data-start=\"7172\" data-end=\"7389\"><strong data-start=\"7172\" data-end=\"7327\">5. A atividade contribui para a melhoria da sociedade por meio dos resultados demonstrados no relat\u00f3rio ou pelos relatos apresentados pelos envolvidos?<\/strong><br data-start=\"7327\" data-end=\"7330\" \/>0 1 2 3 4 5 6 7 8 9 10<br data-start=\"7352\" data-end=\"7355\" \/>() () () () () () () () () () ()<\/p>\n<p data-start=\"7391\" data-end=\"7548\"><strong data-start=\"7391\" data-end=\"7486\">6. A atividade permite o desenvolvimento de a\u00e7\u00f5es junto \u00e0 Inicia\u00e7\u00e3o Cient\u00edfica e ao Ensino?<\/strong><br data-start=\"7486\" data-end=\"7489\" \/>0 1 2 3 4 5 6 7 8 9 10<br data-start=\"7511\" data-end=\"7514\" \/>() () () () () () () () () () ()<\/p>\n<p data-start=\"7550\" data-end=\"7637\"><strong data-start=\"7550\" data-end=\"7635\">7. Caso queira contribuir com maior detalhamento, traga seu depoimento\/ sugest\u00e3o.<\/strong><\/p>\n","protected":false},"excerpt":{"rendered":"<p>Projeto de Extens\u00e3o III Rela\u00e7\u00f5es Internacionais Aluno: [Nome completo]RA: [N\u00famero do RA do aluno]POLO \/ UNIDADE: CURSO E COMPONENTE CURRICULAR CURSO:RELA\u00c7\u00d5ES INTERNACIONAIS &#8211; BACHARELADO COMPONENTE CURRICULAR:PROJETO DE EXTENS\u00c3O III &#8211; RELA\u00c7\u00d5ES INTERNACIONAIS PROGRAMA DE EXTENS\u00c3O:PROGRAMA DE CONTEXTO \u00c0 COMUNIDADE. FINALIDADE E MOTIVA\u00c7\u00c3O A finalidade da extens\u00e3o no Programa de Contexto \u00e0 Comunidade est\u00e1 no centrado&hellip;<\/p>\n","protected":false},"featured_media":51255,"template":"","meta":{"_seopress_robots_primary_cat":"","_seopress_titles_title":"","_seopress_titles_desc":"","_seopress_robots_index":""},"product_cat":[496],"product_tag":[],"class_list":{"0":"post-51252","1":"product","2":"type-product","3":"status-publish","4":"has-post-thumbnail","6":"product_cat-relacoes-internacionais","8":"first","9":"instock","10":"shipping-taxable","11":"purchasable","12":"product-type-simple","13":"col-xs-6 col-sm-4","14":"col-mf-5","15":"un-5-cols"},"jetpack_sharing_enabled":true,"_links":{"self":[{"href":"https:\/\/portifolioos-prontos.com\/index.php\/wp-json\/wp\/v2\/product\/51252","targetHints":{"allow":["GET"]}}],"collection":[{"href":"https:\/\/portifolioos-prontos.com\/index.php\/wp-json\/wp\/v2\/product"}],"about":[{"href":"https:\/\/portifolioos-prontos.com\/index.php\/wp-json\/wp\/v2\/types\/product"}],"version-history":[{"count":1,"href":"https:\/\/portifolioos-prontos.com\/index.php\/wp-json\/wp\/v2\/product\/51252\/revisions"}],"predecessor-version":[{"id":51256,"href":"https:\/\/portifolioos-prontos.com\/index.php\/wp-json\/wp\/v2\/product\/51252\/revisions\/51256"}],"wp:featuredmedia":[{"embeddable":true,"href":"https:\/\/portifolioos-prontos.com\/index.php\/wp-json\/wp\/v2\/media\/51255"}],"wp:attachment":[{"href":"https:\/\/portifolioos-prontos.com\/index.php\/wp-json\/wp\/v2\/media?parent=51252"}],"wp:term":[{"taxonomy":"product_cat","embeddable":true,"href":"https:\/\/portifolioos-prontos.com\/index.php\/wp-json\/wp\/v2\/product_cat?post=51252"},{"taxonomy":"product_tag","embeddable":true,"href":"https:\/\/portifolioos-prontos.com\/index.php\/wp-json\/wp\/v2\/product_tag?post=51252"}],"curies":[{"name":"wp","href":"https:\/\/api.w.org\/{rel}","templated":true}]}}