{"id":52436,"date":"2026-05-02T19:06:34","date_gmt":"2026-05-02T22:06:34","guid":{"rendered":"https:\/\/portifolioos-prontos.com\/?post_type=product&#038;p=52436"},"modified":"2026-05-02T19:06:35","modified_gmt":"2026-05-02T22:06:35","slug":"aula-pratica-cozinha-internacional","status":"publish","type":"product","link":"https:\/\/portifolioos-prontos.com\/index.php\/product\/aula-pratica-cozinha-internacional\/","title":{"rendered":"Aula Pr\u00e1tica Cozinha Internacional"},"content":{"rendered":"<p><strong>Aula Pr\u00e1tica Cozinha Internacional<\/strong><\/p>\n<hr \/>\n<p>ROTEIRO DE AULA PR\u00c1TICA<br \/>\nNOME DA DISCIPLINA: Cozinha Internacional<br \/>\nOBJETIVOS<br \/>\nDefini\u00e7\u00e3o dos objetivos da aula pr\u00e1tica:<br \/>\n\u2022 Realizar um Croque-mousier;<br \/>\n\u2022 Realizar um salm\u00e3o ao molho com manjeiric\u00e3o;<br \/>\n\u2022 Realizar um Jambalaya;<br \/>\nINFRAESTRUTURA<br \/>\nInstala\u00e7\u00f5es:<br \/>\nCozinha<br \/>\nMateriais de consumo:<br \/>\nDescri\u00e7\u00e3o<br \/>\nPara o Croque-mousier<br \/>\nLeite integral 500 ml<br \/>\nManteiga 50 gramas<br \/>\nFarinha de trigo 50 gramas<br \/>\nSal q.b.<br \/>\nP\u00e3o brioche 2 fatias<br \/>\nPresunto Royale 2 fatias<br \/>\nQueijo Ementhal 100 gramas<br \/>\nPanela m\u00e9dia 1 un.<br \/>\nAssadeira 1 un.<br \/>\nPara o Salm\u00e3o ao molho com manjeiric\u00e3o<br \/>\nSalm\u00e3o fresco sem pele e sem espinha 200 gramas<br \/>\nCreme de leite fresco 100 ml<br \/>\nAzeite de oliva 20 ml<br \/>\nSal q.b.<br \/>\nVinho branco seco 50 ml<br \/>\nManjeiric\u00e3o 10 folhas<br \/>\nFrigideira com borda alta 1 un<br \/>\nEsp\u00e1tula de silicone 1 un<br \/>\nPara o Jambalaya<br \/>\nCebola em p\u00f3 5 gramas<br \/>\nAlho em p\u00f3 5 gramas<br \/>\nTomilho em p\u00f3 10 gramas<br \/>\nP\u00e1prica picante 5 gramas<br \/>\nMostarda em p\u00f3 5 gramas<br \/>\nPimenta calabresa 5 gramas<br \/>\nArroz agulhinha 400 gramas<br \/>\nCamar\u00e3o limpo e sem casca 200 gramas<br \/>\nLingui\u00e7a calabresa 150 gramas<br \/>\nAzeite de oliva 20 ml<br \/>\nSobrecoxa de frango 400 gramas<br \/>\nTomate 1 un<br \/>\nPiment\u00e3o vermelho 1 un<br \/>\nSals\u00e3o 20 gramas<br \/>\nSalsinha 20 gramas<br \/>\nCebolinha 20 gramas<br \/>\nFrigideira de borda alta ou panela com tampa 1 un<br \/>\nEsp\u00e1tula de silicone 1 un<br \/>\nSoftware:<br \/>\nSim ( ) N\u00e3o (x )<br \/>\nEm caso afirmativo, qual?<br \/>\nPago ( ) N\u00e3o Pago ( X )<br \/>\nTipo de Licen\u00e7a:NSA<br \/>\nDescri\u00e7\u00e3o do software:<br \/>\nNSA<br \/>\nEquipamento de Prote\u00e7\u00e3o Individual (EPI):<br \/>\nJaleco branco. Touca.<br \/>\nPROCEDIMENTOS PR\u00c1TICOS<br \/>\nProcedimento\/Atividade n.1<br \/>\nPrepara\u00e7\u00e3o de Croque-moussier<br \/>\nProcedimentos para a realiza\u00e7\u00e3o da atividade:<br \/>\nPara o Croque-mousier<br \/>\nLeite integral 500 ml<br \/>\nManteiga 50 gramas<br \/>\nFarinha de trigo 50 gramas<br \/>\nSal q.b.<br \/>\nP\u00e3o brioche 2 fatias<br \/>\nPresunto Royale 2 fatias<br \/>\nQueijo Ementhal 100 gramas<br \/>\nPanela m\u00e9dia 1 un.<br \/>\nAssadeira 1 un.<br \/>\nModo de Preparo<br \/>\nFa\u00e7a um creme bechamel bem expesso com a farinha, manteiga e leite. Deixe esfriar. Reserve.<br \/>\nPara montar o Croque-mousier fa\u00e7a um sanduiche com o p\u00e3o brioche, o presunto royale e o queijo<br \/>\nementhal ralado. Leve para a assadeira e cubra por todos os lados com o creme bechamel, salpique com<br \/>\nqueijo ementhal ralado e leve para o forno 180\u00b0C cerca de 10 minutos at\u00e9 dourar. Sirva imediatamente.<br \/>\nProcedimento\/Atividade n.2<br \/>\nPara o salm\u00e3o com molho de manjeiric\u00e3o<br \/>\nProcedimentos para a realiza\u00e7\u00e3o da atividade:<br \/>\nPara o Salm\u00e3o ao molho com manjeiric\u00e3o<br \/>\nSalm\u00e3o fresco sem pele e sem espinha 200 gramas<br \/>\nCreme de leite fresco 100 ml<br \/>\nAzeite de oliva 20 ml<br \/>\nSal q.b.<br \/>\nVinho brance seco 50 ml<br \/>\nManjeiric\u00e3o 10 folhas<br \/>\nFrigideira com borda alta 1 un<br \/>\nEsp\u00e1tula de silicone 1 un<br \/>\nModo de Preparo<br \/>\nTemperar o salm\u00e3o com sal, e levar para uma frigideira quente com um fio de azeite para dourar dos<br \/>\ndois lados, cerca de 2 minutos cada lado. Reserve.<br \/>\nCom a mesma frigideira com fogo baixo, acrescente o vinho branco, o creme de leite, o manjeiric\u00e3o,<br \/>\nmexa bem, deixe reduzir. Acrescente o salm\u00e3o que estava reservado, deixe por cerca de 4 minutos at\u00e9<br \/>\nque o salm\u00e3o fique no ponto. Sirva imediatamente.<br \/>\nProcedimento\/Atividade n.3<br \/>\nJambalaya<br \/>\nProcedimentos para a realiza\u00e7\u00e3o da atividade:<br \/>\nPara o Jambalaya<br \/>\nCebola em p\u00f3 5 gramas<br \/>\nAlho em p\u00f3 5 gramas<br \/>\nTomilho em p\u00f3 10 gramas<br \/>\nP\u00e1prica picante 5 gramas<br \/>\nMostarda em p\u00f3 5 gramas<br \/>\nPimenta calabresa em p\u00f3. 5 gramas<br \/>\nArroz agulhinha 400 gramas<br \/>\nCamar\u00e3o limpo e sem casca 200 gramas<br \/>\nLingui\u00e7a calabresa 150 gramas<br \/>\nSobrecoxa de frango 400 gramas<br \/>\nTomate 1 un<br \/>\nAzeite de oliva 20 ml<br \/>\nPiment\u00e3o vermelho 1 un<br \/>\nSals\u00e3o 20 gramas<br \/>\nSalsinha 20 gramas<br \/>\nCebolinha 20 gramas<br \/>\nFrigideira de borda alta ou panela com tampa 1 un<br \/>\nEsp\u00e1tula de silicone 1 un<br \/>\nModo de Preparo<br \/>\nPrepare o tempero seco (Cajun) com: Cebola em p\u00f3, Alho em p\u00f3, Tomilho em p\u00f3, P\u00e1prica picante,<br \/>\nMostarda em p\u00f3, Pimenta Calabresa em p\u00f3. Misture todos os ingredientes. Reserve.<br \/>\nDesosse a sobrecoxa e corte em peda\u00e7os pequenos. Reserve.<br \/>\nPrepare um Caldo de frango com as aparas da sobrecoxa.<br \/>\nCorte a lingui\u00e7a calabresa em rodelas.Reserve.<br \/>\nTempere a sobrecoxa e o camar\u00e3o com o sal e o tempero Cajun.<br \/>\nCorte em cubos pequenos o tomate, o piment\u00e3o vermelho, sals\u00e3o.<br \/>\nPique a salsinha e a cebolinha.<br \/>\nNa frigideira doure a calabresa e reserve. Doure o frango e reserve. Doure o camar\u00e3o e reserve.<br \/>\nNo fundo da frigideira fa\u00e7a um refogado com tomate, piment\u00e3o e sals\u00e3o. Acresente o tempero Cajun e<br \/>\napure o ingredientes at\u00e9 formar um molho. Acrescente o arroz, a calabresa, a sobrecoxa e o camar\u00e3o.<br \/>\nRegue com o caldo de frango aos poucos at\u00e9 que o arroz fique cozido, corrija o sal e finalize com a salsinha<br \/>\ne cebolinha. Sirva imediatamente.<br \/>\nChecklist:<br \/>\n\u2022 Frigideira, Liquidificador, Esp\u00e1tula de silicone, Bowls, Travessa, Assadeira.<br \/>\n\u2022 Ingredientes para a realiza\u00e7\u00e3o da aula.<br \/>\nRESULTADOS<br \/>\nResultados da aula pr\u00e1tica:<br \/>\nComo resultado dessa aula pr\u00e1tica teremos o Croque-Mousier, o Salm\u00e3o ao molho com manjeirc\u00e3o e o<br \/>\nJambalaya.<\/p>\n","protected":false},"excerpt":{"rendered":"<p>Aula Pr\u00e1tica Cozinha Internacional ROTEIRO DE AULA PR\u00c1TICA NOME DA DISCIPLINA: Cozinha Internacional OBJETIVOS Defini\u00e7\u00e3o dos objetivos da aula pr\u00e1tica: \u2022 Realizar um Croque-mousier; \u2022 Realizar um salm\u00e3o ao molho com manjeiric\u00e3o; \u2022 Realizar um Jambalaya; INFRAESTRUTURA Instala\u00e7\u00f5es: Cozinha Materiais de consumo: Descri\u00e7\u00e3o Para o Croque-mousier Leite integral 500 ml Manteiga 50 gramas Farinha de&hellip;<\/p>\n","protected":false},"featured_media":52439,"template":"","meta":{"_seopress_robots_primary_cat":"","_seopress_titles_title":"","_seopress_titles_desc":"","_seopress_robots_index":""},"product_cat":[65],"product_tag":[],"class_list":{"0":"post-52436","1":"product","2":"type-product","3":"status-publish","4":"has-post-thumbnail","6":"product_cat-gastronomia","8":"first","9":"instock","10":"shipping-taxable","11":"purchasable","12":"product-type-simple","13":"col-xs-6 col-sm-4","14":"col-mf-5","15":"un-5-cols"},"jetpack_sharing_enabled":true,"_links":{"self":[{"href":"https:\/\/portifolioos-prontos.com\/index.php\/wp-json\/wp\/v2\/product\/52436","targetHints":{"allow":["GET"]}}],"collection":[{"href":"https:\/\/portifolioos-prontos.com\/index.php\/wp-json\/wp\/v2\/product"}],"about":[{"href":"https:\/\/portifolioos-prontos.com\/index.php\/wp-json\/wp\/v2\/types\/product"}],"version-history":[{"count":1,"href":"https:\/\/portifolioos-prontos.com\/index.php\/wp-json\/wp\/v2\/product\/52436\/revisions"}],"predecessor-version":[{"id":52440,"href":"https:\/\/portifolioos-prontos.com\/index.php\/wp-json\/wp\/v2\/product\/52436\/revisions\/52440"}],"wp:featuredmedia":[{"embeddable":true,"href":"https:\/\/portifolioos-prontos.com\/index.php\/wp-json\/wp\/v2\/media\/52439"}],"wp:attachment":[{"href":"https:\/\/portifolioos-prontos.com\/index.php\/wp-json\/wp\/v2\/media?parent=52436"}],"wp:term":[{"taxonomy":"product_cat","embeddable":true,"href":"https:\/\/portifolioos-prontos.com\/index.php\/wp-json\/wp\/v2\/product_cat?post=52436"},{"taxonomy":"product_tag","embeddable":true,"href":"https:\/\/portifolioos-prontos.com\/index.php\/wp-json\/wp\/v2\/product_tag?post=52436"}],"curies":[{"name":"wp","href":"https:\/\/api.w.org\/{rel}","templated":true}]}}