{"id":52441,"date":"2026-05-02T19:08:00","date_gmt":"2026-05-02T22:08:00","guid":{"rendered":"https:\/\/portifolioos-prontos.com\/?post_type=product&#038;p=52441"},"modified":"2026-05-02T19:08:00","modified_gmt":"2026-05-02T22:08:00","slug":"aula-pratica-cozinha-nutricional","status":"publish","type":"product","link":"https:\/\/portifolioos-prontos.com\/index.php\/product\/aula-pratica-cozinha-nutricional\/","title":{"rendered":"Aula Pr\u00e1tica Cozinha Nutricional"},"content":{"rendered":"<h4><strong>Aula Pr\u00e1tica Cozinha Nutricional<\/strong><\/h4>\n<hr \/>\n<p>ROTEIRO DE AULA PR\u00c1TICA<br \/>\nNOME DA DISCIPLINA: Cozinha Nutricional<br \/>\nOBJETIVOS<br \/>\nDefini\u00e7\u00e3o dos objetivos da aula pr\u00e1tica:<br \/>\n\u2022 Realizar uma maionese vegana;<br \/>\n\u2022 Realizar um hambuguer vegetariano;<br \/>\n\u2022 Realizar um Salada Ceasar com molho adaptado;<br \/>\nINFRAESTRUTURA<br \/>\nInstala\u00e7\u00f5es:<br \/>\nCozinha<br \/>\nMateriais de consumo:<br \/>\nDescri\u00e7\u00e3o<br \/>\nPara o Molho Ceasar<br \/>\nMostarda Djon 1 Colher de sopa<br \/>\nLim\u00e3o 1un<br \/>\nIogurte grego integral 1 pote<br \/>\nParmes\u00e3o ralado \u00bd x\u00edcara<br \/>\nAzeite de oliva 1 Colher de sopa<br \/>\nBowl pequeno 1 un<br \/>\nPara a salada Ceasar<br \/>\nAlface Americana 1 un<br \/>\nP\u00e3o de forma integral 1 pacote<br \/>\nPeito de frango 1 un<br \/>\nParmes\u00e3o em lascas \u00bd x\u00edcara<br \/>\nFrigideira 1 un<br \/>\nTravessa m\u00e9dia 1 un<br \/>\nPara o hamburguer de g\u00e3o de bico<br \/>\nP\u00e3o de hamburguer integral 1 un<br \/>\nGr\u00e3o de bico 1 x\u00edcara<br \/>\nTomate 1 un<br \/>\nAlface americana 3 folhas<br \/>\nCebola 1 un<br \/>\nAzeite 5 ml<br \/>\nLiquidificador 1 un<br \/>\nFrigideira 1 un<br \/>\nEsp\u00e1tula de silicone 1 un<br \/>\nBowl m\u00e9dio 1 un<br \/>\nCebolinha 1 ma\u00e7o<br \/>\nCurcuma 1 colher de ch\u00e1<br \/>\nCenoura ralada \u00bd unidade<br \/>\nAveia em flocos 1 un<br \/>\nPara a Maionese de castanha de caju<br \/>\nCastanha de caj\u00fa 100g<br \/>\n\u00d3leo de girassol q.b.<br \/>\nLiquidificador 1 un<br \/>\nSal q.b.<br \/>\nPimenta q.b.<br \/>\nSoftware:<br \/>\nSim ( ) N\u00e3o (x )<br \/>\nEm caso afirmativo, qual?<br \/>\nPago ( ) N\u00e3o Pago ( X )<br \/>\nTipo de Licen\u00e7a:NSA<br \/>\nDescri\u00e7\u00e3o do software:<br \/>\nNSA<br \/>\nEquipamento de Prote\u00e7\u00e3o Individual (EPI):<br \/>\nJaleco branco. Touca.<br \/>\nPROCEDIMENTOS PR\u00c1TICOS<br \/>\nProcedimento\/Atividade n.1<br \/>\nPrepara\u00e7\u00e3o de maionese vegana<br \/>\nProcedimentos para a realiza\u00e7\u00e3o da atividade:<br \/>\nPara a Maionese de castanha de caju<br \/>\nCastanha de caj\u00fa sem sal 50g<br \/>\n\u00d3leo de Girassol q.b.<br \/>\nLiquidificador 1 un<br \/>\nSal q.b.<br \/>\nPimenta q.b.<br \/>\nModo de Preparo<br \/>\nDeixar a castanha de caju de molho em \u00e1gua por 12 horas, escorrer e reservar a \u00e1gua. Bata as castanhas<br \/>\nno liquidificador e se for necess\u00e1rio acrescentar um pouco da \u00e1gua que esta reservada. Ligue o<br \/>\nliquidificador em uma velocidade baixa e v\u00e1 acrescentando 1 fio de \u00f3leo at\u00e9 que esteja com consist\u00eancia<br \/>\nde maionese, tempere com sal e pimenta.<br \/>\nProcedimento\/Atividade n.2<br \/>\nHamburguer vegetariano<br \/>\nProcedimentos para a realiza\u00e7\u00e3o da atividade:<br \/>\nPara o hamburguer de g\u00e3o de bico<br \/>\nP\u00e3o de hamburguer integral 1 un<br \/>\nGr\u00e3o de bico 1 x\u00edcara<br \/>\nTomate 1 un<br \/>\nAlface americana 3 folhas<br \/>\nCebola 1 un<br \/>\nAzeite 5 ml<br \/>\nLiquidificador 1 un<br \/>\nFrigideira 1 un<br \/>\nEsp\u00e1tula de silicone 1 un<br \/>\nBowl m\u00e9dio 1 un<br \/>\nCebolinha 1 ma\u00e7o<br \/>\nCurcuma 1 colher de ch\u00e1<br \/>\nCenoura ralada \u00bd unidade<br \/>\nAveia em flocos 1 un<br \/>\nModo de Preparo<br \/>\nDeixar de molho em \u00e1gua por 12 horas o gr\u00e3o de bico, escorrer a \u00e1gua. Levar o gr\u00e3o de bico para cozinhar<br \/>\nem \u00e1gua por 20 minutos ou at\u00e9 que fique macio, escorrer a \u00e1gua.<br \/>\nNa frigideira dourar a cebola cortada em rodelas, acrescentar a cenoura ralada, a c\u00farcuma, o gr\u00e3o de<br \/>\nbico cozido, a cebolinha e refogar por 5 minutos.<br \/>\nLevar esse refogado ao liquidificador, bater at\u00e9 virar uma massa homog\u00eanea. Tranferir a massa para um<br \/>\nbowl e acrescentar a aveia em flocos, misturar bem. Espere esfriar e molde os hamburgueres, leve na<br \/>\nfrigideira untada com azeite os hamburgueres para dourar. Reserve.<br \/>\nPara a montagem do hambueguer, cortar o p\u00e3o de hamburguer ao meio, passar a maionese vegana,<br \/>\ncolocar o hamburguer, colocar rodelas de tomate, folha de alface, fechar o hamburguer. Est\u00e1 pronto.<br \/>\nProcedimento\/Atividade n.3<br \/>\nSalada Ceasar<br \/>\nProcedimentos para a realiza\u00e7\u00e3o da atividade:<br \/>\nPara o Molho Ceasar<br \/>\nMostarda Djon 1 Colher de sopa<br \/>\nLim\u00e3o 1un<br \/>\nIogurte grego integral 1 pote<br \/>\nParmes\u00e3o ralado \u00bd x\u00edcara<br \/>\nAzeite de oliva 1 Colher de sopa<br \/>\nBowl pequeno 1 un<br \/>\nPara a salada Ceasar<br \/>\nAlface Americana 5 folhas grandes<br \/>\nP\u00e3o de forma integral 2 fatias<br \/>\nAssadeira m\u00e9dia 1 un<br \/>\nPeito de frango 150 gramas<br \/>\n\u00c1gua 10 ml<br \/>\nSal q.b.<br \/>\nPimenta q.b.<br \/>\nParmes\u00e3o em lascas \u00bd x\u00edcara<br \/>\nFrigideira 1 un<br \/>\nTravessa m\u00e9dia 1 un<br \/>\nModo de Preparo<br \/>\nPara os Crutons integrais corte em cubos pequenos, tempere com um pouco de azeite, coloque numa<br \/>\nassadeira e leve ao forno at\u00e9 dourar. Reserve.<br \/>\nPara o frango grelhado, corte o peito de frango em cubos, tempere com sal e pimenta e leve para uma<br \/>\npanela j\u00e1 quente, deixe dourar levemente, acrescente a \u00e1gua e tampe deixe secar a \u00e1gua. Reserve.<br \/>\nPara molho em um bowl pequeno junte todos os igredientes: suco de lim\u00e3o, mostarde Djon, Iogurte<br \/>\ngrego integral, parmes\u00e3o ralado, azeite de oliva, misture bem. Reserve.<br \/>\nPara montagem da salada organize as folhas de alface em uma travessa, coloque os Crutons, o frango<br \/>\ngrelhado, as lascas de parmes\u00e3o e o molho ceaser. Esta pronto.<br \/>\nChecklist:<br \/>\n\u2022 Frigideira, Liquidificador, Esp\u00e1tula de silicone, Bowls, Travessa, Assadeira.<br \/>\n\u2022 Ingredientes para a realiza\u00e7\u00e3o da aula.<br \/>\nRESULTADOS<br \/>\nResultados da aula pr\u00e1tica:<br \/>\nComo resultado dessa aula pr\u00e1tica teremos Hamburguer vegetariano e Salada Ceasar.<\/p>\n","protected":false},"excerpt":{"rendered":"<p>Aula Pr\u00e1tica Cozinha Nutricional ROTEIRO DE AULA PR\u00c1TICA NOME DA DISCIPLINA: Cozinha Nutricional OBJETIVOS Defini\u00e7\u00e3o dos objetivos da aula pr\u00e1tica: \u2022 Realizar uma maionese vegana; \u2022 Realizar um hambuguer vegetariano; \u2022 Realizar um Salada Ceasar com molho adaptado; INFRAESTRUTURA Instala\u00e7\u00f5es: Cozinha Materiais de consumo: Descri\u00e7\u00e3o Para o Molho Ceasar Mostarda Djon 1 Colher de sopa&hellip;<\/p>\n","protected":false},"featured_media":52444,"template":"","meta":{"_seopress_robots_primary_cat":"","_seopress_titles_title":"","_seopress_titles_desc":"","_seopress_robots_index":""},"product_cat":[65],"product_tag":[],"class_list":{"0":"post-52441","1":"product","2":"type-product","3":"status-publish","4":"has-post-thumbnail","6":"product_cat-gastronomia","8":"first","9":"instock","10":"shipping-taxable","11":"purchasable","12":"product-type-simple","13":"col-xs-6 col-sm-4","14":"col-mf-5","15":"un-5-cols"},"jetpack_sharing_enabled":true,"_links":{"self":[{"href":"https:\/\/portifolioos-prontos.com\/index.php\/wp-json\/wp\/v2\/product\/52441","targetHints":{"allow":["GET"]}}],"collection":[{"href":"https:\/\/portifolioos-prontos.com\/index.php\/wp-json\/wp\/v2\/product"}],"about":[{"href":"https:\/\/portifolioos-prontos.com\/index.php\/wp-json\/wp\/v2\/types\/product"}],"version-history":[{"count":1,"href":"https:\/\/portifolioos-prontos.com\/index.php\/wp-json\/wp\/v2\/product\/52441\/revisions"}],"predecessor-version":[{"id":52445,"href":"https:\/\/portifolioos-prontos.com\/index.php\/wp-json\/wp\/v2\/product\/52441\/revisions\/52445"}],"wp:featuredmedia":[{"embeddable":true,"href":"https:\/\/portifolioos-prontos.com\/index.php\/wp-json\/wp\/v2\/media\/52444"}],"wp:attachment":[{"href":"https:\/\/portifolioos-prontos.com\/index.php\/wp-json\/wp\/v2\/media?parent=52441"}],"wp:term":[{"taxonomy":"product_cat","embeddable":true,"href":"https:\/\/portifolioos-prontos.com\/index.php\/wp-json\/wp\/v2\/product_cat?post=52441"},{"taxonomy":"product_tag","embeddable":true,"href":"https:\/\/portifolioos-prontos.com\/index.php\/wp-json\/wp\/v2\/product_tag?post=52441"}],"curies":[{"name":"wp","href":"https:\/\/api.w.org\/{rel}","templated":true}]}}