{"id":52447,"date":"2026-05-02T19:09:36","date_gmt":"2026-05-02T22:09:36","guid":{"rendered":"https:\/\/portifolioos-prontos.com\/?post_type=product&#038;p=52447"},"modified":"2026-05-02T19:09:37","modified_gmt":"2026-05-02T22:09:37","slug":"aula-pratica-cozinha-brasileira","status":"publish","type":"product","link":"https:\/\/portifolioos-prontos.com\/index.php\/product\/aula-pratica-cozinha-brasileira\/","title":{"rendered":"Aula Pr\u00e1tica Cozinha Brasileira"},"content":{"rendered":"<h5>Aula Pr\u00e1tica Cozinha Brasileira<\/h5>\n<p>ATIVIDADE PR\u00c1TICA<br \/>\nCOZINHA BRASILEIRA<br \/>\nOBJETIVOS<br \/>\nCortar um frango inteiro nas quantidades adequadas e reproduzir a receita de frango<br \/>\nassado com quibebe (pur\u00ea) de abobora.<br \/>\nRECURSOS<br \/>\nPara a realiza\u00e7\u00e3o da aula pr\u00e1tica ser\u00e3o necesss\u00e1rios os materiais abaixo:<br \/>\nFrango Inteiro 1 unidade<br \/>\nLim\u00e3o 1 unidade<br \/>\nDentes de alho 5 unidades<br \/>\nTomate 3 unidades<br \/>\nCebola 4 unidades<br \/>\nPiment\u00e3o vermelho 1 unidade<br \/>\nAzeite 1 Col. De sopa<br \/>\nOregano q.b<br \/>\nSal q.b<br \/>\nAb\u00f3bora 1 unidade<br \/>\nSals\u00e3o (Aipo) 1 unidade<br \/>\nCenoura 1 unidade<br \/>\nFaca Chef 1<br \/>\nForma 1<br \/>\nTabua de corte 1<br \/>\nPanela 1<br \/>\nPapel Aluminio 1<br \/>\nEquipamento de Prote\u00e7\u00e3o Individual: Jaleco branco ou D\u00f3lm\u00e3 branco. Touca descart\u00e1vel<br \/>\nou toque blanche.<br \/>\nPROCEDIMENTOS PR\u00c1TICOS<br \/>\nNeste momento, o aluno deve seguir as orienta\u00e7\u00f5es apresentadas nas atividades<br \/>\npropostas. Lembre-se de organizar o ambiente para que a atividade ocorra da melhor<br \/>\nforma, garantindo uma excelente experi\u00eancia de aprendizado.<br \/>\nAo final dever\u00e1 elaborar seu relat\u00f3rio de aula pr\u00e1tica e enviar em um arquivo \u00fanico (.doc).<br \/>\nAtividade proposta<br \/>\nReproduza a massa apresentada no v\u00eddeo acessando o link a baixo:<\/p>\n<p>\/\/mdstrm.com\/embed\/62c6c8f8e855d70827db87b0<br \/>\nProcedimentos para a realiza\u00e7\u00e3o da atividade<br \/>\nRealize o corte correto do frango inteiro, reproduza a receita do caldo de legumes, a<br \/>\nreceita do Quibebe (pur\u00ea) de ab\u00f3bora e do frango assado. Finalize o prato de forma<br \/>\nprofissional.<br \/>\nChecklist<br \/>\nApresente por meio de fotos de sua autoria:<br \/>\n&#8211; O corte do frango;<br \/>\n&#8211; Prepara\u00e7\u00e3o do caldo de legumes;<br \/>\n&#8211; Preparo do quibebe de ab\u00f3bora;<br \/>\n&#8211; Preparo do frango asado;<br \/>\n&#8211; Prato finalizado.<br \/>\nRESULTADO<br \/>\nEntrega de um arquivo word que contemple todas as etapas da atividade pr\u00e1tica, conforme<br \/>\napresentado no checklist.<\/p>\n","protected":false},"excerpt":{"rendered":"<p>Aula Pr\u00e1tica Cozinha Brasileira ATIVIDADE PR\u00c1TICA COZINHA BRASILEIRA OBJETIVOS Cortar um frango inteiro nas quantidades adequadas e reproduzir a receita de frango assado com quibebe (pur\u00ea) de abobora. RECURSOS Para a realiza\u00e7\u00e3o da aula pr\u00e1tica ser\u00e3o necesss\u00e1rios os materiais abaixo: Frango Inteiro 1 unidade Lim\u00e3o 1 unidade Dentes de alho 5 unidades Tomate 3 unidades&hellip;<\/p>\n","protected":false},"featured_media":52450,"template":"","meta":{"_seopress_robots_primary_cat":"","_seopress_titles_title":"","_seopress_titles_desc":"","_seopress_robots_index":""},"product_cat":[65],"product_tag":[],"class_list":{"0":"post-52447","1":"product","2":"type-product","3":"status-publish","4":"has-post-thumbnail","6":"product_cat-gastronomia","8":"first","9":"instock","10":"shipping-taxable","11":"purchasable","12":"product-type-simple","13":"col-xs-6 col-sm-4","14":"col-mf-5","15":"un-5-cols"},"jetpack_sharing_enabled":true,"_links":{"self":[{"href":"https:\/\/portifolioos-prontos.com\/index.php\/wp-json\/wp\/v2\/product\/52447","targetHints":{"allow":["GET"]}}],"collection":[{"href":"https:\/\/portifolioos-prontos.com\/index.php\/wp-json\/wp\/v2\/product"}],"about":[{"href":"https:\/\/portifolioos-prontos.com\/index.php\/wp-json\/wp\/v2\/types\/product"}],"version-history":[{"count":1,"href":"https:\/\/portifolioos-prontos.com\/index.php\/wp-json\/wp\/v2\/product\/52447\/revisions"}],"predecessor-version":[{"id":52451,"href":"https:\/\/portifolioos-prontos.com\/index.php\/wp-json\/wp\/v2\/product\/52447\/revisions\/52451"}],"wp:featuredmedia":[{"embeddable":true,"href":"https:\/\/portifolioos-prontos.com\/index.php\/wp-json\/wp\/v2\/media\/52450"}],"wp:attachment":[{"href":"https:\/\/portifolioos-prontos.com\/index.php\/wp-json\/wp\/v2\/media?parent=52447"}],"wp:term":[{"taxonomy":"product_cat","embeddable":true,"href":"https:\/\/portifolioos-prontos.com\/index.php\/wp-json\/wp\/v2\/product_cat?post=52447"},{"taxonomy":"product_tag","embeddable":true,"href":"https:\/\/portifolioos-prontos.com\/index.php\/wp-json\/wp\/v2\/product_tag?post=52447"}],"curies":[{"name":"wp","href":"https:\/\/api.w.org\/{rel}","templated":true}]}}