{"id":52801,"date":"2026-05-12T20:35:12","date_gmt":"2026-05-12T23:35:12","guid":{"rendered":"https:\/\/portifolioos-prontos.com\/?post_type=product&#038;p=52801"},"modified":"2026-05-12T20:35:12","modified_gmt":"2026-05-12T23:35:12","slug":"aula-pratica-arquitetura-de-dados-tipos-de-dados-heterogeneos","status":"publish","type":"product","link":"https:\/\/portifolioos-prontos.com\/index.php\/product\/aula-pratica-arquitetura-de-dados-tipos-de-dados-heterogeneos\/","title":{"rendered":"Aula Pr\u00e1tica Arquitetura de Dados &#8211; Tipos de Dados Heterog\u00eaneos"},"content":{"rendered":"<p><strong>Aula Pr\u00e1tica Arquitetura de Dados<\/strong><\/p>\n<hr \/>\n<p><strong>ROTEIRO DE AULA PR\u00c1TICA<\/strong><br \/>\n<strong>NOME DA DISCIPLINA: ARQUITETURA DE DADOS<\/strong><br \/>\n<strong>Unidade: TIPOS AVAN\u00c7ADOS DE DADOS E NOVAS APLICA\u00c7\u00d5ES<\/strong><br \/>\n<strong>Se\u00e7\u00e3o: Tipos de Dados Heterog\u00eaneos<\/strong><br \/>\n<strong>OBJETIVOS<\/strong><br \/>\nDefini\u00e7\u00e3o dos objetivos da aula pr\u00e1tica:<br \/>\n\u2022 Aplicar os conceitos de tipos de dados heterog\u00eaneos na cria\u00e7\u00e3o de estruturas de dados<br \/>\nflex\u00edveis.<br \/>\n\u2022 Explorar a usabilidade dos tipos de dados heterog\u00eaneos na representa\u00e7\u00e3o de informa\u00e7\u00f5es<br \/>\ndiversas.<br \/>\n<strong>SOLU\u00c7\u00c3O DIGITAL<\/strong><br \/>\n\u2022 Python IDLE (Ferramenta)<br \/>\nPython IDLE (Integrated Development and Learning Environment) \u00e9 um ambiente de<br \/>\ndesenvolvimento integrado (IDE) que vem inclu\u00eddo na instala\u00e7\u00e3o padr\u00e3o do Python. Ele fornece<br \/>\num ambiente interativo para escrever, testar e depurar c\u00f3digo Python.<\/p>\n<p><strong>PROCEDIMENTOS PR\u00c1TICOS<\/strong><br \/>\nProcedimento\/Atividade n\u00ba 1 (Virtual)<br \/>\n<strong>Atividade proposta:<\/strong><br \/>\nNesta atividade, voc\u00ea ter\u00e1 a oportunidade de aplicar os conhecimentos adquiridos sobre tipos<br \/>\nde dados heterog\u00eaneos. O objetivo \u00e9 criar uma estrutura de dados flex\u00edvel que possa<br \/>\nrepresentar informa\u00e7\u00f5es diversificadas de um contexto espec\u00edfico.<br \/>\nProcedimentos para a realiza\u00e7\u00e3o da atividade:<br \/>\n<strong>Passo 1: Revis\u00e3o Te\u00f3rica<\/strong><br \/>\nRelembre os conceitos de tipos de dados heterog\u00eaneos, compreendendo como eles<br \/>\nproporcionam flexibilidade na cria\u00e7\u00e3o de estruturas de dados.<br \/>\n3<br \/>\n<strong>Passo 2: Exemplos Pr\u00e1ticos<\/strong><br \/>\nAn\u00e1lise exemplos pr\u00e1ticos que demonstrem situa\u00e7\u00f5es reais onde tipos de dados<br \/>\nheterog\u00eaneos s\u00e3o vantajosos.<br \/>\nExemplo: Imagine uma situa\u00e7\u00e3o em que voc\u00ea precisa representar informa\u00e7\u00f5es sobre<br \/>\ndiferentes tipos de ve\u00edculos (carros, motos, bicicletas) em uma \u00fanica estrutura. Utilizar<br \/>\ntipos de dados heterog\u00eaneos permitiria a inclus\u00e3o de atributos espec\u00edficos de cada tipo<br \/>\nde ve\u00edculo.<br \/>\n<strong>Passo 3: Configura\u00e7\u00e3o de Ambiente (se aplic\u00e1vel)<\/strong><br \/>\nCaso a atividade envolva programa\u00e7\u00e3o, siga as instru\u00e7\u00f5es fornecidas para configurar um<br \/>\nambiente de desenvolvimento.<br \/>\nExemplo: Vamos configurar um ambiente Python utilizando um ambiente virtual. No<br \/>\nterminal, execute os seguintes comandos:<br \/>\npython -m venv ambiente_virtual<br \/>\nsource ambiente_virtual\/bin\/activate<br \/>\n<strong>Passo 4: Atividade Pr\u00e1tica<\/strong><br \/>\nAplique seus conhecimentos criando uma estrutura de dados para representar<br \/>\ninforma\u00e7\u00f5es de uma biblioteca, por exemplo.<br \/>\nExemplo: Crie uma lista heterog\u00eanea que contenha informa\u00e7\u00f5es sobre diferentes livros,<br \/>\nincluindo t\u00edtulo, autor, ano de publica\u00e7\u00e3o e n\u00famero de p\u00e1ginas.<br \/>\n<strong>Passo 5: Caminhos Sugeridos<\/strong><br \/>\nConsidere diferentes abordagens para a cria\u00e7\u00e3o da estrutura de dados. Sugira caminhos,<br \/>\ncomo a utiliza\u00e7\u00e3o de listas, dicion\u00e1rios ou classes, dependendo da linguagem escolhida.<br \/>\nExemplo: Se estiver utilizando Python, voc\u00ea pode escolher representar cada livro como<br \/>\num dicion\u00e1rio dentro da lista, onde as chaves s\u00e3o os atributos do livro.<br \/>\nPasso 6: An\u00e1lise e Discuss\u00e3o<br \/>\nAnalise as escolhas feitas na cria\u00e7\u00e3o da estrutura de dados. Reflita sobre as vantagens e<br \/>\ndesvantagens de cada abordagem.<br \/>\nExemplo: Por que escolheu usar um dicion\u00e1rio em vez de uma lista simples? Como essa<br \/>\nescolha impacta na flexibilidade da estrutura?<br \/>\nPasso 7: Usabilidade dos Dados Heterog\u00eaneos<br \/>\nExplore situa\u00e7\u00f5es hipot\u00e9ticas onde diferentes tipos de dados heterog\u00eaneos poderiam ser<br \/>\nmais vantajosos.<br \/>\nExemplo: Como voc\u00ea representaria informa\u00e7\u00f5es de um evento que possui tanto dados textuais<br \/>\nquanto num\u00e9ricos? Pense em como tipos de dados heterog\u00eaneos podem facilitar essa<br \/>\nrepresenta\u00e7\u00e3o.<br \/>\n<strong>Checklist<\/strong>:<br \/>\n\u2022 Criou uma estrutura de dados utilizando tipos de dados heterog\u00eaneos.<br \/>\n\u2022 Diversificou os dados na estrutura, demonstrando compreens\u00e3o da aplicabilidade.<br \/>\n\u2022 Utilizou corretamente os conceitos aprendidos durante a configura\u00e7\u00e3o do ambiente (se<br \/>\naplic\u00e1vel).<br \/>\n\u2022 Explorou a usabilidade dos tipos de dados heterog\u00eaneos na representa\u00e7\u00e3o de informa\u00e7\u00f5es<br \/>\ndiversas.<br \/>\n<strong>RESULTADOS<\/strong><br \/>\nResultados de Aprendizagem:<br \/>\nAo concluir esta atividade, espera-se que voc\u00ea tenha aplicado efetivamente os conceitos de tipos<br \/>\nde dados heterog\u00eaneos, sendo capaz de criar estruturas de dados flex\u00edveis e compreendendo a<br \/>\nusabilidade desses tipos na representa\u00e7\u00e3o de informa\u00e7\u00f5es diversas.<\/p>\n","protected":false},"excerpt":{"rendered":"<p>Aula Pr\u00e1tica Arquitetura de Dados ROTEIRO DE AULA PR\u00c1TICA NOME DA DISCIPLINA: ARQUITETURA DE DADOS Unidade: TIPOS AVAN\u00c7ADOS DE DADOS E NOVAS APLICA\u00c7\u00d5ES Se\u00e7\u00e3o: Tipos de Dados Heterog\u00eaneos OBJETIVOS Defini\u00e7\u00e3o dos objetivos da aula pr\u00e1tica: \u2022 Aplicar os conceitos de tipos de dados heterog\u00eaneos na cria\u00e7\u00e3o de estruturas de dados flex\u00edveis. \u2022 Explorar a usabilidade&hellip;<\/p>\n","protected":false},"featured_media":52802,"template":"","meta":{"_seopress_robots_primary_cat":"","_seopress_titles_title":"","_seopress_titles_desc":"","_seopress_robots_index":""},"product_cat":[15],"product_tag":[],"class_list":{"0":"post-52801","1":"product","2":"type-product","3":"status-publish","4":"has-post-thumbnail","6":"product_cat-uncategorized","8":"first","9":"instock","10":"shipping-taxable","11":"purchasable","12":"product-type-simple","13":"col-xs-6 col-sm-4","14":"col-mf-5","15":"un-5-cols"},"jetpack_sharing_enabled":true,"_links":{"self":[{"href":"https:\/\/portifolioos-prontos.com\/index.php\/wp-json\/wp\/v2\/product\/52801","targetHints":{"allow":["GET"]}}],"collection":[{"href":"https:\/\/portifolioos-prontos.com\/index.php\/wp-json\/wp\/v2\/product"}],"about":[{"href":"https:\/\/portifolioos-prontos.com\/index.php\/wp-json\/wp\/v2\/types\/product"}],"version-history":[{"count":1,"href":"https:\/\/portifolioos-prontos.com\/index.php\/wp-json\/wp\/v2\/product\/52801\/revisions"}],"predecessor-version":[{"id":52803,"href":"https:\/\/portifolioos-prontos.com\/index.php\/wp-json\/wp\/v2\/product\/52801\/revisions\/52803"}],"wp:featuredmedia":[{"embeddable":true,"href":"https:\/\/portifolioos-prontos.com\/index.php\/wp-json\/wp\/v2\/media\/52802"}],"wp:attachment":[{"href":"https:\/\/portifolioos-prontos.com\/index.php\/wp-json\/wp\/v2\/media?parent=52801"}],"wp:term":[{"taxonomy":"product_cat","embeddable":true,"href":"https:\/\/portifolioos-prontos.com\/index.php\/wp-json\/wp\/v2\/product_cat?post=52801"},{"taxonomy":"product_tag","embeddable":true,"href":"https:\/\/portifolioos-prontos.com\/index.php\/wp-json\/wp\/v2\/product_tag?post=52801"}],"curies":[{"name":"wp","href":"https:\/\/api.w.org\/{rel}","templated":true}]}}