{"id":5285,"date":"2022-07-24T12:42:37","date_gmt":"2022-07-24T15:42:37","guid":{"rendered":"https:\/\/portifolioos-prontos.com\/?post_type=product&#038;p=5285"},"modified":"2022-09-02T14:39:50","modified_gmt":"2022-09-02T17:39:50","slug":"projeto-integrado-iv-humanizacao-e-engajamento-da-marca","status":"publish","type":"product","link":"https:\/\/portifolioos-prontos.com\/index.php\/product\/projeto-integrado-iv-humanizacao-e-engajamento-da-marca\/","title":{"rendered":"Projeto Integrado IV \u2013 Humaniza\u00e7\u00e3o e engajamento da marca"},"content":{"rendered":"<h4>Portf\u00f3lio Projeto Integrado IV \u2013 Marketing Digital<\/h4>\n<h4>\u00a0Humaniza\u00e7\u00e3o e engajamento da marca<\/h4>\n<p><span class=\"fontstyle0\">A tecnologia digital e os aparelhos m\u00f3veis empoderaram as pessoas. Todos esperamos uma resposta imediata na hora em que queremos saber algo, ir a algum lugar ou fazer uma compra. E todos esses momentos<br \/>\nricos em inten\u00e7\u00f5es est\u00e3o criando jornadas t\u00e3o \u00fanicas quanto cada um de n\u00f3s. As inten\u00e7\u00f5es est\u00e3o redefinindo o funil do\u00a0<\/span><span class=\"fontstyle2\">marketing\u00a0<\/span><span class=\"fontstyle0\">de v\u00e1rias maneiras. Diante disso, os gestores de marketing n\u00e3o podem mais planejar uma jornada linear. Hoje, as escolhas dos consumidores influenciam muito no alcance e na frequ\u00eancia. Eles preferem se relacionar com marcas que sejam relevantes, \u00fateis e pessoais.<\/span><span class=\"fontstyle0\">*<br \/>\n<\/span><span class=\"fontstyle0\">Os consumidores cada vez mais informados e conectados, tamb\u00e9m se preocupam com as quest\u00f5es relacionadas ao meio ambiente e ao social. Pesquisas vem demonstrando que o consumismo perde espa\u00e7o<br \/>\npara a\u00e7\u00f5es de sustentabilidade e sa\u00fade, pois a sociedade come\u00e7ou a prestar mais aten\u00e7\u00e3o nas a\u00e7\u00f5es de\u00a0<\/span><span class=\"fontstyle0\">responsabilidade socioambiental das empresas, ao ponto de escolher empresas que n\u00e3o agridam o meio<br \/>\nambiente e ainda estabele\u00e7am metas para tornar o mundo melhor.<br \/>\n\u00c9 cada vez mais importante, que os profissionais de marketing digital se atentem a todos os pontos de contato e de engajamento com o consumidor, seja pensando na otimiza\u00e7\u00e3o de sua plataforma online, seja na<br \/>\nescolha dos diferentes tipos de m\u00eddia, as a\u00e7\u00f5es de engajamento com o consumidor s\u00e3o cada vez mais importantes e necessitam que o profissional saiba trabalhar a gest\u00e3o de relacionamento com os clientes e<br \/>\nposs\u00edveis clientes.<br \/>\nDentro desse contexto de construir o relacionamento com o cliente, temos a estrat\u00e9gia de criar uma\u00a0<\/span><span class=\"fontstyle2\">Brand persona<\/span><span class=\"fontstyle0\">, que \u00e9 o conjunto de atributos de personifica\u00e7\u00e3o de uma marca. Um dos delineadores de<br \/>\npersonalidade refere-se ao conjunto de\u00a0<\/span><span class=\"fontstyle2\">guidelines\u00a0<\/span><span class=\"fontstyle0\">de linguagem usadas para refor\u00e7ar a imagem e a reputa\u00e7\u00e3o que a marca quer firmar na mente dos consumidores, em todos os pontos de contato. Veja o exemplo de<br \/>\nmarcas que imprimem uma persona alegre, descontra\u00edda e educadora ao falar com o cliente, em qualquer canal ou m\u00eddia.<br \/>\nO conceito de\u00a0<\/span><span class=\"fontstyle2\">brand persona<\/span><span class=\"fontstyle0\">, em que as marcas podem ser representadas por um personagem ou por um tom de voz que transmita sua ess\u00eancia e identidade nas intera\u00e7\u00f5es com seu p\u00fablico externo, ajuda<br \/>\nna cria\u00e7\u00e3o da personalidade e como ela deseja ser vista e percebida, sendo essa forma mais humana, uma maneira de atendimento que vai al\u00e9m das necessidades b\u00e1sicas dos clientes.<\/span><\/p>\n<p><span class=\"fontstyle0\">\u00a0* Fonte: adaptada de : http:\/\/www.marketingmoderno.com.br\/alem-do-funil-tradicional-do-marketing-uma-novajornada-do-cliente\/<\/span><\/p>\n<p><span class=\"fontstyle3\">Agora \u00e9 com voc\u00ea!!<br \/>\n<\/span><span class=\"fontstyle0\">Voc\u00ea trabalha para uma ag\u00eancia de marketing digital e foi contratado por uma empresa de sua regi\u00e3o com os seguintes objetivos:<br \/>\n1. Melhorar a imagem da empresa e torn\u00e1-la mais humanizada<a href=\"https:\/\/eadcolaborar.com\/portfolio-humanizacao-e-engajamento-da-marca\/\" target=\"_blank\" rel=\"noopener\">.<\/a><br \/>\n2. Melhorar o engajamento com o consumidor e trabalhar a otimiza\u00e7\u00e3o da Plataforma online.<br \/>\nVoc\u00ea e sua equipe desenvolveram um planejamento para alcan\u00e7ar os objetivos propostos, cada objetivo foi dividido em duas etapas. Na etapa 1 ser\u00e1 desenvolvida uma estrat\u00e9gia de\u00a0<\/span><span class=\"fontstyle4\">Brand<br \/>\nPersona<\/span><span class=\"fontstyle0\">1\u00a0<\/span><span class=\"fontstyle0\">e na etapa 2 voc\u00ea ir\u00e1 trabalhar\u00a0<\/span><span class=\"fontstyle3\">com estrat\u00e9gias de engajamento e otimiza\u00e7\u00e3o de plataformas online.<br \/>\n<\/span><span class=\"fontstyle5\">1\u00a0<\/span><span class=\"fontstyle0\">Saiba mais em:\u00a0<\/span><span class=\"fontstyle0\">https:\/\/www.nossomeio.com.br\/lu-do-magalu-uma-tendencia-do-brand-persona<\/span><br \/>\n<span class=\"fontstyle3\">PROJETO INTEGRADO IV<br \/>\n<\/span><span class=\"fontstyle3\">Para etapa 1: Cria\u00e7\u00e3o de uma\u00a0<\/span><span class=\"fontstyle4\">Brand Persona<br \/>\n<\/span><span class=\"fontstyle0\">\u2013 Traga o perfil da empresa (ramo de atua\u00e7\u00e3o, tamanho da empresa, tipo de gest\u00e3o, etc.)<br \/>\n\u2013 Fale a respeito do produto ou servi\u00e7o prestado e do p\u00fablico-alvo. Voc\u00ea dever\u00e1 pesquisar muito bem esses itens para poder desenvolver uma brand persona.<br \/>\n\u2013 Crie uma brand persona, fale a respeito da sua personalidade, tom de voz, como ser\u00e1\u0301 a linguagem, a abordagem com o p\u00fablico-alvo. Desenhe um perfil f\u00edsico, ou seja, uma imagem (se quiser se aventurar na cria\u00e7\u00e3o do pr\u00f3prio avatar, existem alguns aplicativos gr\u00e1tis para celulares, tanto para iOS quanto para android.<br \/>\nDispon\u00edveis em:<br \/>\n<\/span><span class=\"fontstyle0\">https:\/\/www.techtudo.com.br\/listas\/2020\/10\/aplicativo-para-criar-<\/span><span class=\"fontstyle0\">avatar<\/span><span class=\"fontstyle0\">-6-opcoes-para-fazer-caricaturasno-celular.ghtml\u00a0<\/span><span class=\"fontstyle0\">ou pode pesquisar imagens no pixabay :\u00a0<\/span><span class=\"fontstyle0\">https:\/\/pixabay.com\u00a0<\/span><span class=\"fontstyle0\">que tem op\u00e7\u00f5es de imagens<br \/>\ngratuitas e tamb\u00e9m deve escolher um nome. N\u00e3o esque\u00e7a de ser coerente com o perfil da empresa, do produto ou servi\u00e7o ofertado e do p\u00fablico-alvo.<br \/>\n<\/span><span class=\"fontstyle3\">Para etapa 2:<br \/>\n<\/span><span class=\"fontstyle2\">Call To Action<\/span><span class=\"fontstyle0\">, ou chamada para a\u00e7\u00e3o, a sigla CTA representa uma das estrat\u00e9gias mais simples, mas que tem maior poder de engajar o p\u00fablico na rede. A proposta \u00e9 simples: propor alguma convers\u00e3o para quem<br \/>\nest\u00e1 acompanhando as redes.<br \/>\n2.1 Diante disso, sua tarefa consiste em desenvolver uma estrat\u00e9gia de intera\u00e7\u00e3o e engajamento com o consumidor da empresa. Desenvolva e relate sua ideia, se preocupando com todo planejamento<br \/>\nda estrat\u00e9gia. Se sua ideia for, por exemplo, um \u201cpost\u201d de um conte\u00fado que tenha relev\u00e2ncia e seja coerente com o setor que sua empresa atua, voc\u00ea pode direcionar seu cliente para participar<br \/>\nde um concurso ou sorteio, inserindo seus dados. Explique como vai funcionar todo o processo, que tipo de rede social vai utilizar, e o porqu\u00ea de suas escolhas. Voc\u00ea pode trabalhar com\u00a0<\/span><span class=\"fontstyle0\">quizzes;<br \/>\ntestes de conhecimento; jogos; concursos; enquetes etc. Use sua imagina\u00e7\u00e3o e pense em voc\u00ea como consumidor o que considera interessante.<br \/>\n<\/span><span class=\"fontstyle0\">De uma forma geral a \u201cOtimiza\u00e7\u00e3o de plataformas\u00a0<\/span><span class=\"fontstyle2\">online<\/span><span class=\"fontstyle0\">\u201d busca a realiza\u00e7\u00e3o de estrat\u00e9gias e a\u00e7\u00f5es pontuais em um site (por exemplo), para que este se torne mais atraente e usual aos olhos dos visitantes.<br \/>\nA\u00e7\u00f5es, por exemplo, relacionadas \u00e0 melhoria do aspecto est\u00e9tico do site, melhorias quanto \u00e0 facilidade de navega\u00e7\u00e3o, disponibilidade de servi\u00e7os atrativos, gest\u00e3o de conte\u00fado, podem fazer com que os usu\u00e1rios<br \/>\ntenham um interesse maior em visitar, adquirir produtos e utilizar os servi\u00e7os dispon\u00edveis no site, aumentando assim a taxa de convers\u00e3o.<br \/>\nAp\u00f3s a aplica\u00e7\u00e3o de a\u00e7\u00f5es efetivas realizadas no site que permitam o aumento da taxa de convers\u00e3o, \u00e9 necess\u00e1rio o acompanhamento e an\u00e1lise dos resultados alcan\u00e7ados.<br \/>\n2.2 Para empresa que voc\u00ea est\u00e1 atendendo, CITE E COMENTE pelo menos 4 a\u00e7\u00f5es de clientes em uma plataforma, que seriam sinais e indicadores para serem acompanhados<\/span><\/p>\n<div class=\"elementor-toggle-item\">\n<div class=\"elementor-toggle-item\">\n<h4 id=\"elementor-tab-title-1941\" class=\"elementor-tab-title elementor-active\" tabindex=\"0\" role=\"tab\" data-tab=\"1\" aria-controls=\"elementor-tab-content-1941\" aria-expanded=\"true\" aria-selected=\"true\">Como funciona?<\/h4>\n<div id=\"elementor-tab-content-1941\" class=\"elementor-tab-content elementor-clearfix elementor-active\" role=\"tabpanel\" data-tab=\"1\" aria-labelledby=\"elementor-tab-title-1941\">\n<p>Elaboramos os portf\u00f3lios, j\u00e1 deixamos prontos, nas normas da ABNT e conforme os requisitos da universidade. F\u00e1cil assim! O MELHOR \u00c9 QUE VOC\u00ca COMPRA E J\u00c1 BAIXA NA HORA O SEU ARQUIVO EM WORD! Sabemos que conciliar trabalho, fam\u00edlia, vida profissional e estudos \u00e9 dif\u00edcil hoje em dia, por isso, estamos aqui para ajudar voc\u00ea. Conte com nossa qualidade, experi\u00eancia e profissionalismo adquirindo seu portf\u00f3lio conosco. GARANTIMOS SEU CONCEITO!<\/p>\n<h4>Como se realizam os envios?<\/h4>\n<\/div>\n<\/div>\n<div class=\"elementor-toggle-item\">\n<div id=\"elementor-tab-content-1942\" class=\"elementor-tab-content elementor-clearfix elementor-active\" role=\"tabpanel\" data-tab=\"2\" aria-labelledby=\"elementor-tab-title-1942\">O seu trabalho \u00e9 disponibilizado pronto, respondido e nas normas j\u00e1 na mesma hora aqui em nosso site na sua \u00e1rea de downloads e tamb\u00e9m no seu e-mail.<\/div>\n<\/div>\n<div class=\"elementor-toggle-item\">\n<div id=\"elementor-tab-content-1943\" class=\"elementor-tab-content elementor-clearfix elementor-active\" role=\"tabpanel\" data-tab=\"3\" aria-labelledby=\"elementor-tab-title-1943\">\n<h4>Em quanto tempo recebo o portf\u00f3lio?<\/h4>\n<\/div>\n<\/div>\n<div class=\"elementor-toggle-item\">\n<div id=\"elementor-tab-content-1944\" class=\"elementor-tab-content elementor-clearfix elementor-active\" role=\"tabpanel\" data-tab=\"4\" aria-labelledby=\"elementor-tab-title-1944\">\n<p>Os envios s\u00e3o imediatos. Ap\u00f3s sua compra, o trabalho j\u00e1 \u00e9 disponibilizado instantaneamente aqui em nosso site e no seu e-mail.<\/p>\n<h4>E se o portf\u00f3lio que comprei precisar de corre\u00e7\u00e3o?<\/h4>\n<\/div>\n<\/div>\n<div class=\"elementor-toggle-item\">\n<div id=\"elementor-tab-content-1945\" class=\"elementor-tab-content elementor-clearfix elementor-active\" role=\"tabpanel\" data-tab=\"5\" aria-labelledby=\"elementor-tab-title-1945\">\n<p>Caso haja alguma solicita\u00e7\u00e3o de corre\u00e7\u00e3o\/altera\u00e7\u00e3o por parte do tutor, basta entrar em contato conosco pelo\u00a0WhatsApp\u00a0que provid\u00eanciaremos sem custo algum.<\/p>\n<h4>Qual o formato do arquivo?<\/h4>\n<\/div>\n<\/div>\n<div class=\"elementor-toggle-item\">\n<div id=\"elementor-tab-content-1946\" class=\"elementor-tab-content elementor-clearfix elementor-active\" role=\"tabpanel\" data-tab=\"6\" aria-labelledby=\"elementor-tab-title-1946\">\n<p>Os arquivos s\u00e3o enviados em formato Word e s\u00e3o edit\u00e1veis.<\/p>\n<h4>Caso eu tiver alguma d\u00favida, terei suporte no p\u00f3s venda?<\/h4>\n<\/div>\n<\/div>\n<div class=\"elementor-toggle-item\">\n<div id=\"elementor-tab-content-1948\" class=\"elementor-tab-content elementor-clearfix elementor-active\" role=\"tabpanel\" data-tab=\"8\" aria-labelledby=\"elementor-tab-title-1948\">\n<p>Sim, com certeza. Basta clicar no \u00edcone do WhatsApp no cantinho da tela. Ser\u00e1 um prazer atend\u00ea-lo(a).<\/p>\n<div class=\"elementor-toggle-item\">\n<div id=\"elementor-tab-content-1948\" class=\"elementor-tab-content elementor-clearfix elementor-active\" role=\"tabpanel\" data-tab=\"8\" aria-labelledby=\"elementor-tab-title-1948\">\n<h4>Quais os seus canais de contato?<\/h4>\n<\/div>\n<\/div>\n<div class=\"elementor-toggle-item\">\n<div id=\"elementor-tab-content-1949\" class=\"elementor-tab-content elementor-clearfix elementor-active\" role=\"tabpanel\" data-tab=\"9\" aria-labelledby=\"elementor-tab-title-1949\">\n<p>Whatsapp: 53 984751621 \u2013 Clicar no canto da tela ou ESCANEIE O QRCODE ABAIXO<\/p>\n<p><img decoding=\"async\" class=\"alignnone wp-image-7603\" src=\"http:\/\/portifolioos-prontos.com\/wp-content\/uploads\/2022\/09\/portfolio-unopar-pronto-colaborar-ava-producao-textual-interdisciplinar.png\" alt=\"Humaniza\u00e7\u00e3o e engajamento da marca,projeto integrado Humaniza\u00e7\u00e3o e engajamento da marca,projeto integrado unopar,projeto Humaniza\u00e7\u00e3o e engajamento da marca,portfolio projeto integrado,portfolio projeto integrado unopar Humaniza\u00e7\u00e3o e engajamento da marca,portfolio projeto integrado unopar,portfolio ead,portfoliooead,portfolio pronto Humaniza\u00e7\u00e3o e engajamento da marca,portfolio pronto,contoh portfolio digital marketing,portfolio examples for digital marketing,portf\u00f3lio digital marketing,portfolio unopar marketing digital 2 semestre,portfolio marketing digital exemplo,portf\u00f3lio marketing digital pdf,portfolio marketing digital,projeto integrado marketing digital,projeto integrado marketing digital anhanguera,projeto integrado iii marketing digital,projeto integrado 1 marketing digital,projeto integrado iii marketing digital unopar,projeto integrado 3 marketing digital,portfolio individual - projeto integrado i marketing digital,marketing digital unopar,prova marketing digital unopar,p\u00f3s marketing digital unopar,portfolio marketing digital unopar 3 semestre,portfolio marketing digital unopar 1 semestre,marketing digital unopar portfolio,marketing digital portfolio,digital marketing portfolio template,digital marketing portfolio examples pdf,digital marketing portfolio examples,digital marketing portfolio website,digital marketing manager portfolio,digital marketing portfolio pdf,mkt digital unopar,mkt digital portfolio unopar,portfolio marketing,portfolio marketing example,portfolio marketing specialist,portfolio marketing strategy,portifolio pronto,portf\u00f3lio pronto,portifolios prontos,portif\u00f3lios prontos,portf\u00f3lio pronto unopar,portifolio pronto unopar,portif\u00f3lio pronto unopar,portifolios prontos unopar,portifolios prontos anhanguera,portf\u00f3lios prontos anhanguera,portf\u00f3lio pronto anhanguera,portfolios ead,portf\u00f3lios ead,portfolioead,apostileiros,portf\u00f3lio ead,portifolios ead,portif\u00f3lios ead,eadhelp,shop do acad\u00eamico,unopar portfolio,portfolio pronto ead,portfolio unopar ead,ead portfolio ava,portf\u00f3lio ead anhanguera,portf\u00f3lio ead pront,o portf\u00f3lio ead unopar,portf\u00f3lio pronto em word,pti unopar,ptg unopar,modelo de portf\u00f3lio unopar,modelo de portf\u00f3lio anhanguera,como fazer um portf\u00f3lio para faculdade,como faz portf\u00f3lio universidade,como faz portf\u00f3lios para universidade,portf\u00f3lios prontos para universidade,portf\u00f3lios pronto para faculdade,portf\u00f3lio pronto para editar,portifolios prontos para editar,portf\u00f3lio em word,portfolio em word,portf\u00f3lio em word para editar,portifolio em word para editar,portfolio unopar pronto para editar,modelo de portfolio para unopar,modelo de portif\u00f3lio para unopar,modelo de portf\u00f3lio para unopar,unopar portf\u00f3lio pronto,anhanguera portf\u00f3lio pronto,portf\u00f3lio em word pronto,comprar portf\u00f3lio pronto,como fazer um portf\u00f3lio,como fazer portf\u00f3lio digital,portfolio,portf\u00f3lio,portifolio,portif\u00f3lio,portf\u00f3lio interdisciplinar individual,portfolio interdisciplinar individual,exemplos de portf\u00f3lio para faculdade,baixar portf\u00f3lio pronto,portf\u00f3lio acad\u00eamico,portf\u00f3lio online,portf\u00f3lio pronto interdisciplinar individual,relat\u00f3rio de est\u00e1gio unopar,relat\u00f3rio de est\u00e1gio pronto unopar,como criar um portf\u00f3lio,o que \u00e9 um portf\u00f3lio e como fazer,portfolio exemplo,modelo de portfolio acad\u00eamico,relat\u00f3rio de est\u00e1gio gest\u00e3o escolar pronto unopar,portf\u00f3lio como fazer,prova profici\u00eancia unopar,portfolio individual est\u00e1gio curricular obrigat\u00f3rio ii anos iniciais do ensino fundamental,prova de profici\u00eancia pedagogia unopar,capa de trabalho unopar para editar,portf\u00f3lio acad\u00eamico unopar,como fazer um portf\u00f3lio acad\u00eamico,portf\u00f3lio exemplos word,portfolio acad\u00eamico,portfolio individual,portfolio individual unopar,portfolio individual anhanguera,portf\u00f3lio educa\u00e7\u00e3o f\u00edsica unopar,portf\u00f3lio gest\u00e3o educacional e espa\u00e7os n\u00e3o escolares,como fazer um portifolio unopar,modelo de portf\u00f3lio unopar em arquivo word,capa de portf\u00f3lio de pedagogia,como fazer um portf\u00f3lio no word,exemplo de portf\u00f3lio academico pedagogia\" width=\"141\" height=\"141\" srcset=\"https:\/\/portifolioos-prontos.com\/wp-content\/uploads\/2022\/09\/portfolio-unopar-pronto-colaborar-ava-producao-textual-interdisciplinar.png 150w, https:\/\/portifolioos-prontos.com\/wp-content\/uploads\/2022\/09\/portfolio-unopar-pronto-colaborar-ava-producao-textual-interdisciplinar-100x100.png 100w\" sizes=\"(max-width: 141px) 100vw, 141px\" \/><\/p>\n<\/div>\n<\/div>\n<\/div>\n<\/div>\n<div class=\"elementor-toggle-item\">\n<div id=\"elementor-tab-content-1949\" class=\"elementor-tab-content elementor-clearfix elementor-active\" role=\"tabpanel\" data-tab=\"9\" aria-labelledby=\"elementor-tab-title-1949\">\n<p>E-mail:portifoliosp@gmail.com<\/p>\n<div id=\"attachment_143\" class=\"wp-caption alignnone\">\n<div id=\"attachment_143\" class=\"wp-caption alignnone\" style=\"width: 157px;\">\n<p><a href=\"http:\/\/portifolioos-prontos.com\/\"><img decoding=\"async\" class=\"wp-image-143\" title=\"portfolio pronto unopar\" src=\"http:\/\/portifolioos-prontos.com\/wp-content\/uploads\/2022\/04\/conceitomaximo.png\" alt=\"PORTFOLIO PRONTO UNOPAR ANHANGUERA\" width=\"157\" height=\"45\" aria-describedby=\"caption-attachment-143\" \/><\/a><\/p>\n<p id=\"caption-attachment-143\" class=\"wp-caption-text\">Portf\u00f3lio em Word, respondido, completo e j\u00e1 nas normas.<\/p>\n<\/div>\n<\/div>\n<\/div>\n<\/div>\n<\/div>\n","protected":false},"excerpt":{"rendered":"<p>Portf\u00f3lio Projeto Integrado IV \u2013 Marketing Digital \u00a0Humaniza\u00e7\u00e3o e engajamento da marca A tecnologia digital e os aparelhos m\u00f3veis empoderaram as pessoas. Todos esperamos uma resposta imediata na hora em que queremos saber algo, ir a algum lugar ou fazer uma compra. E todos esses momentos ricos em inten\u00e7\u00f5es est\u00e3o criando jornadas t\u00e3o \u00fanicas quanto&hellip;<\/p>\n","protected":false},"featured_media":5319,"template":"","meta":{"_seopress_robots_primary_cat":"none","_seopress_titles_title":"%%post_title%% %%sitetitle%%","_seopress_titles_desc":"%%post_title%% Portfolio pronto ead Unopar | Anhanguera - Pronto, em Word, respondido, completo, nas normas da ABNT. DOWNLOAD IMEDIATO.","_seopress_robots_index":""},"product_cat":[49,15],"product_tag":[],"class_list":{"0":"post-5285","1":"product","2":"type-product","3":"status-publish","4":"has-post-thumbnail","6":"product_cat-marketing","7":"product_cat-uncategorized","9":"first","10":"instock","11":"downloadable","12":"virtual","13":"purchasable","14":"product-type-simple","15":"col-xs-6 col-sm-4","16":"col-mf-5","17":"un-5-cols"},"jetpack_sharing_enabled":true,"_links":{"self":[{"href":"https:\/\/portifolioos-prontos.com\/index.php\/wp-json\/wp\/v2\/product\/5285","targetHints":{"allow":["GET"]}}],"collection":[{"href":"https:\/\/portifolioos-prontos.com\/index.php\/wp-json\/wp\/v2\/product"}],"about":[{"href":"https:\/\/portifolioos-prontos.com\/index.php\/wp-json\/wp\/v2\/types\/product"}],"version-history":[{"count":0,"href":"https:\/\/portifolioos-prontos.com\/index.php\/wp-json\/wp\/v2\/product\/5285\/revisions"}],"wp:featuredmedia":[{"embeddable":true,"href":"https:\/\/portifolioos-prontos.com\/index.php\/wp-json\/wp\/v2\/media\/5319"}],"wp:attachment":[{"href":"https:\/\/portifolioos-prontos.com\/index.php\/wp-json\/wp\/v2\/media?parent=5285"}],"wp:term":[{"taxonomy":"product_cat","embeddable":true,"href":"https:\/\/portifolioos-prontos.com\/index.php\/wp-json\/wp\/v2\/product_cat?post=5285"},{"taxonomy":"product_tag","embeddable":true,"href":"https:\/\/portifolioos-prontos.com\/index.php\/wp-json\/wp\/v2\/product_tag?post=5285"}],"curies":[{"name":"wp","href":"https:\/\/api.w.org\/{rel}","templated":true}]}}