{"id":5291,"date":"2022-07-24T13:00:45","date_gmt":"2022-07-24T16:00:45","guid":{"rendered":"https:\/\/portifolioos-prontos.com\/?post_type=product&#038;p=5291"},"modified":"2022-10-06T14:37:12","modified_gmt":"2022-10-06T17:37:12","slug":"portfolio-desenvolvimento-de-um-novo-medicamento-para-tratamento-da-tuberculose","status":"publish","type":"product","link":"https:\/\/portifolioos-prontos.com\/index.php\/product\/portfolio-desenvolvimento-de-um-novo-medicamento-para-tratamento-da-tuberculose\/","title":{"rendered":"Portf\u00f3lio Desenvolvimento de um novo medicamento para tratamento da tuberculose"},"content":{"rendered":"<h4>PORTF\u00d3LIO DESENVOLVIMENTO DE UM NOVO MEDICAMENTO PARA TRATAMENTO DA TUBERCULOSE<\/h4>\n<h4>CURSO: FARM\u00c1CIA<\/h4>\n<h4>SEMESTRE: 3\u00ba E 4\u00ba<\/h4>\n<p>A proposta de Produ\u00e7\u00e3o Textual Interdisciplinar em Grupo (PTG) ter\u00e1 como tem\u00e1tica<strong>\u00a0\u201cDesenvolvimento de um novo medicamento para tratamento da tuberculose\u201d<\/strong>. Esta tem\u00e1tica foi desenvolvida com intuito de aliar os aspectos pr\u00e1ticos da profiss\u00e3o com o conhecimento relativos as quest\u00f5es t\u00e9cnicas relacionadas ao desenvolvimento de um novo medicamento.<\/p>\n<p>Imagine que voc\u00ea trabalha no laborat\u00f3rio de pesquisa e desenvolvimento de uma ind\u00fastria farmac\u00eautica e est\u00e1 envolvido na pesquisa de um novo medicamento que ser\u00e1 empregado para tratamento de pacientes com tuberculose. Voc\u00ea dever\u00e1 avaliar diferentes quest\u00f5es que estejam envolvidas com o desenvolvimento do medicamento e propor um relat\u00f3rio contendo as conclus\u00f5es a respeito das informa\u00e7\u00f5es levantadas ao longo do desenvolvimento do f\u00e1rmaco.<\/p>\n<p>Lembrem-se que, com um mercado cada dia mais competitivo e acirrado, os profissionais est\u00e3o sendo constantemente exigidos em rela\u00e7\u00e3o a aten\u00e7\u00e3o, comprometimento e disciplina.<\/p>\n<p>Para tanto, apresentamos a seguir as orienta\u00e7\u00f5es da atividade.<\/p>\n<p>&nbsp;<\/p>\n<p><strong>SITUA\u00c7\u00c3O GERADORA DE APRENDIZAGEM<\/strong><\/p>\n<p>Atualmente, a tuberculose \u00e9 a segunda doen\u00e7a infecciosa que mais causa mortes globalmente todos os anos, sendo uma das doen\u00e7as mais infecciosas do mundo. Embora tenha-se reduzido o n\u00famero de mortes ao longo dos anos, ainda existem lacunas na cobertura e defici\u00eancias graves no diagn\u00f3stico e no tratamento dessa doen\u00e7a. O tratamento para tuberculose sem complica\u00e7\u00f5es leva, no m\u00ednimo, seis meses e, na maior parte dos casos, o tratamento \u00e9 feito com dois antibi\u00f3ticos de primeira linha: rifampicina e isoniazida (M\u00e9dicos Sem Fronteiras, dispon\u00edvel em:&lt;https:\/\/bit.ly\/3QYmhgj&gt;. Acesso em 29 jun. 2022).<\/p>\n<p>Pensando nisso, uma grande ind\u00fastria farmac\u00eautica est\u00e1 desenvolvendo novas mol\u00e9culas que ser\u00e3o testadas\u00a0<em>in vitro\u00a0<\/em>para tratar pacientes com casos graves de tuberculose e voc\u00ea dever\u00e1 acompanhar os processos envolvidos no desenvolvimento desse novo medicamento, desde seu planejamento at\u00e9 testes que ser\u00e3o realizados\u00a0<em>in vitro\u00a0<\/em>e\u00a0<em>in vivo<\/em>, al\u00e9m dos processos relativos as fases de verifica\u00e7\u00e3o de efic\u00e1cia e elabora\u00e7\u00e3o de documenta\u00e7\u00f5es necess\u00e1rias para registros nos \u00f3rg\u00e3os competentes em todas as fases do processo.<\/p>\n<p>Seguindo essas informa\u00e7\u00f5es, analise o caso cl\u00ednico relembrando muitos conceitos aprendidos durante sua forma\u00e7\u00e3o para assim desenvolver as tarefas propostas.<\/p>\n<p>Baseado na situa\u00e7\u00e3o geradora descrita acima produza um texto que aborde todos os t\u00f3picos mencionados abaixo (desafios propostos)<\/p>\n<p>Para isso, busque solu\u00e7\u00f5es para os problemas apresentados a seguir, mas, lembrem-se de que\u00a0<u>TODOS<\/u>\u00a0os Desafios propostos devem ser respondidos fazendo articula\u00e7\u00f5es com a situa\u00e7\u00e3o geradora de aprendizagem apresentada e a respectiva teoria. Logo, \u00e9 fundamental apresentar poder argumentativo e boa fundamenta\u00e7\u00e3o das justificativas.<\/p>\n<p>&nbsp;<\/p>\n<p><strong>DESAFIOS PROPOSTOS<\/strong><\/p>\n<p><strong>Desafio 1<\/strong><\/p>\n<p>Voc\u00ea aprendeu na disciplina de Farmacologia sobre os conceitos de Farmacocin\u00e9tica e Farmacodin\u00e2mica. Baseando-se nos seus conhecimentos pr\u00e9vios, discorra sobre o caminho que \u00e9 percorrido pelo f\u00e1rmaco Rifampicina desde a sua via de administra\u00e7\u00e3o at\u00e9 a sua posterior excre\u00e7\u00e3o<a href=\"https:\/\/eadhelp.com\/\">.<\/a><\/p>\n<p><strong>Desafio 2<\/strong><\/p>\n<p>Ainda com rela\u00e7\u00e3o a essa tem\u00e1tica, discorra sobre os efeitos que a Rifampicina causa no seu alvo.<\/p>\n<p><strong>Desafio 3<\/strong><\/p>\n<p>A equipe de P&amp;D (pesquisa e desenvolvimento) da ind\u00fastria farmac\u00eautica, ap\u00f3s realiza\u00e7\u00e3o de diferentes estudos estruturais, chegou \u00e0 estrutura molecular de 2 poss\u00edveis ativos que ser\u00e3o testadas para aplica\u00e7\u00e3o na formula\u00e7\u00e3o do novo medicamento que est\u00e1 em desenvolvimento. A Figura 01<a href=\"https:\/\/mundodosportfolios.com\/produtos\/portfolio-desenvolvimento-de-um-novo-medicamento-para-tratamento-da-tuberculose\/\" target=\"_blank\" rel=\"noopener\">.<\/a>\u00a0apresenta as estruturas dos 2 poss\u00edveis compostos que ser\u00e3o empregados.<\/p>\n<p><img fetchpriority=\"high\" decoding=\"async\" class=\"size-full wp-image-6492 aligncenter\" src=\"http:\/\/consultoriauniversidades.com.br\/wp-content\/uploads\/2022\/07\/f1.png\" alt=\"Portf\u00f3lio Desenvolvimento de um novo medicamento para tratamento da tuberculose\" width=\"451\" height=\"354\" \/><\/p>\n<p><img decoding=\"async\" class=\"size-full wp-image-6493 aligncenter\" src=\"http:\/\/consultoriauniversidades.com.br\/wp-content\/uploads\/2022\/07\/f2.png\" alt=\"Portf\u00f3lio Desenvolvimento de um novo medicamento para tratamento da tuberculose\" width=\"472\" height=\"311\" \/><\/p>\n<p>Fonte: SILVA JR, C. R.<\/p>\n<p>Avalie as estruturas propostas, reflita sobre elas e informe os seguintes dados relacionados a elas.<\/p>\n<p>a) Indique a f\u00f3rmula molecular e massa molecular das duas estruturas propostas.<\/p>\n<p>b) Avalie as estruturas e indique os grupos funcionais presentes nas mol\u00e9culas.<\/p>\n<p>c) Avalie se as estruturas apresentam centros quirais, caso as mol\u00e9culas possuam estes centros, indique-os e informe o n\u00famero de estereois\u00f4meros presentes em cada uma das mol\u00e9culas.<\/p>\n<p>d) Discuta a import\u00e2ncia de conhecer e reconhecer os centros quirais de mol\u00e9culas org\u00e2nicas utilizadas como princ\u00edpio ativo farmac\u00eautico e como estes compostos podem apresentar comportamento qu\u00edmico diferente.<\/p>\n<p>Ap\u00f3s um grande estudo relacionado as estruturas moleculares dos princ\u00edpios ativos farmac\u00eauticos, a equipe de desenvolvimento anal\u00edtico iniciou o processo de elabora\u00e7\u00e3o de uma metodologia para qualifica\u00e7\u00e3o e quantifica\u00e7\u00e3o destes componentes. Ap\u00f3s o desenvolvimento da metodologia, ficou solicitado a voc\u00ea apresentar um procedimento para a valida\u00e7\u00e3o da metodologia proposta seguindo os crit\u00e9rios estabelecidos pela legisla\u00e7\u00e3o brasileira e todos os testes que devem ser realizados, assim como a informa\u00e7\u00e3o que ser\u00e1 obtida por cada um destes testes.<\/p>\n<div class=\"elementor-toggle-item\">\n<div class=\"elementor-toggle-item\">\n<h4 id=\"elementor-tab-title-1941\" class=\"elementor-tab-title elementor-active\" tabindex=\"0\" role=\"tab\" data-tab=\"1\" aria-controls=\"elementor-tab-content-1941\" aria-expanded=\"true\" aria-selected=\"true\">Como funciona?<\/h4>\n<div id=\"elementor-tab-content-1941\" class=\"elementor-tab-content elementor-clearfix elementor-active\" role=\"tabpanel\" data-tab=\"1\" aria-labelledby=\"elementor-tab-title-1941\">\n<p>Elaboramos os portf\u00f3lios, j\u00e1 deixamos prontos, nas normas da ABNT e conforme os requisitos da universidade. F\u00e1cil assim! O MELHOR \u00c9 QUE VOC\u00ca COMPRA E J\u00c1 BAIXA NA HORA O SEU ARQUIVO EM WORD! Sabemos que conciliar trabalho, fam\u00edlia, vida profissional e estudos \u00e9 dif\u00edcil hoje em dia, por isso, estamos aqui para ajudar voc\u00ea. Conte com nossa qualidade, experi\u00eancia e profissionalismo adquirindo seu portf\u00f3lio conosco. GARANTIMOS SEU CONCEITO!<\/p>\n<h4>Como se realizam os envios?<\/h4>\n<\/div>\n<\/div>\n<div class=\"elementor-toggle-item\">\n<div id=\"elementor-tab-content-1942\" class=\"elementor-tab-content elementor-clearfix elementor-active\" role=\"tabpanel\" data-tab=\"2\" aria-labelledby=\"elementor-tab-title-1942\">O seu trabalho \u00e9 disponibilizado pronto, respondido e nas normas j\u00e1 na mesma hora aqui em nosso site na sua \u00e1rea de downloads e tamb\u00e9m no seu e-mail.<\/div>\n<\/div>\n<div class=\"elementor-toggle-item\">\n<div id=\"elementor-tab-content-1943\" class=\"elementor-tab-content elementor-clearfix elementor-active\" role=\"tabpanel\" data-tab=\"3\" aria-labelledby=\"elementor-tab-title-1943\">\n<h4>Em quanto tempo recebo o portf\u00f3lio?<\/h4>\n<\/div>\n<\/div>\n<div class=\"elementor-toggle-item\">\n<div id=\"elementor-tab-content-1944\" class=\"elementor-tab-content elementor-clearfix elementor-active\" role=\"tabpanel\" data-tab=\"4\" aria-labelledby=\"elementor-tab-title-1944\">\n<p>Os envios s\u00e3o imediatos. Ap\u00f3s sua compra, o trabalho j\u00e1 \u00e9 disponibilizado instantaneamente aqui em nosso site e no seu e-mail.<\/p>\n<h4>E se o portf\u00f3lio que comprei precisar de corre\u00e7\u00e3o?<\/h4>\n<\/div>\n<\/div>\n<div class=\"elementor-toggle-item\">\n<div id=\"elementor-tab-content-1945\" class=\"elementor-tab-content elementor-clearfix elementor-active\" role=\"tabpanel\" data-tab=\"5\" aria-labelledby=\"elementor-tab-title-1945\">\n<p>Caso haja alguma solicita\u00e7\u00e3o de corre\u00e7\u00e3o\/altera\u00e7\u00e3o por parte do tutor, basta entrar em contato conosco pelo\u00a0WhatsApp\u00a0que provid\u00eanciaremos sem custo algum.<\/p>\n<h4>Qual o formato do arquivo?<\/h4>\n<\/div>\n<\/div>\n<div class=\"elementor-toggle-item\">\n<div id=\"elementor-tab-content-1946\" class=\"elementor-tab-content elementor-clearfix elementor-active\" role=\"tabpanel\" data-tab=\"6\" aria-labelledby=\"elementor-tab-title-1946\">\n<p>Os arquivos s\u00e3o enviados em formato Word e s\u00e3o edit\u00e1veis.<\/p>\n<h4>Caso eu tiver alguma d\u00favida, terei suporte no p\u00f3s venda?<\/h4>\n<\/div>\n<\/div>\n<div class=\"elementor-toggle-item\">\n<div id=\"elementor-tab-content-1948\" class=\"elementor-tab-content elementor-clearfix elementor-active\" role=\"tabpanel\" data-tab=\"8\" aria-labelledby=\"elementor-tab-title-1948\">\n<p>Sim, com certeza. Basta clicar no \u00edcone do WhatsApp no cantinho da tela. Ser\u00e1 um prazer atend\u00ea-lo(a).<\/p>\n<div class=\"elementor-toggle-item\">\n<div id=\"elementor-tab-content-1948\" class=\"elementor-tab-content elementor-clearfix elementor-active\" role=\"tabpanel\" data-tab=\"8\" aria-labelledby=\"elementor-tab-title-1948\">\n<h4>Quais os seus canais de contato?<\/h4>\n<\/div>\n<\/div>\n<div class=\"elementor-toggle-item\">\n<div id=\"elementor-tab-content-1949\" class=\"elementor-tab-content elementor-clearfix elementor-active\" role=\"tabpanel\" data-tab=\"9\" aria-labelledby=\"elementor-tab-title-1949\">\n<p>Whatsapp: 53 984751621 \u2013 Clicar no canto da tela ou ESCANEIE O QRCODE ABAIXO<\/p>\n<p><img decoding=\"async\" class=\"alignnone wp-image-7603\" src=\"http:\/\/portifolioos-prontos.com\/wp-content\/uploads\/2022\/09\/portfolio-unopar-pronto-colaborar-ava-producao-textual-interdisciplinar.png\" alt=\"portfolio Desenvolvimento de um novo medicamento para tratamento da tuberculose,portfolio pronto Desenvolvimento de um novo medicamento para tratamento da tuberculose,trabalho pronto Desenvolvimento de um novo medicamento para tratamento da tuberculose,portfolio unopar,portfolio pronto unopar,portfolio unopar Desenvolvimento de um novo medicamento para tratamento da tuberculose,pti Desenvolvimento de um novo medicamento para tratamento da tuberculose,ptg Desenvolvimento de um novo medicamento para tratamento da tuberculose,como fazer portfolio unopar Desenvolvimento de um novo medicamento para tratamento da tuberculose,pti farmacia,ptg farm\u00e1cia,portfolio farmacia,portfolio unopar farmacia,farmacia unopar,farmacia unopar semipresencial,farmacia unopar quantos anos,farm\u00e1cia unopar valor,farmacia unopar ead,farmacia unopar quero bolsa,unopar farm\u00e1cia grade curricular,tecnico em farmacia unopar,Portfolio pronto,portifolio pronto,portf\u00f3lio pronto,portifolios prontos,portif\u00f3lios prontos,portf\u00f3lio pronto unopar,portifolio pronto unopar,portif\u00f3lio pronto unopar,portifolios prontos unopar,portifolios prontos anhanguera,portf\u00f3lios prontos anhanguera,portf\u00f3lio pronto anhanguera,portfolios ead,portf\u00f3lios ead,portfolioead,apostileiros,portf\u00f3lio ead,portifolios ead,portif\u00f3lios ead,eadhelp,shop do acad\u00eamico,unopar portfolio,portfolio pronto ead,portfolio unopar ead,ead portfolio ava,portf\u00f3lio ead anhanguera,portf\u00f3lio ead pront,o portf\u00f3lio ead unopar,portf\u00f3lio pronto em word,pti unopar,ptg unopar,modelo de portf\u00f3lio unopar,modelo de portf\u00f3lio anhanguera,como fazer um portf\u00f3lio para faculdade,como faz portf\u00f3lio universidade,como faz portf\u00f3lios para universidade,portf\u00f3lios prontos para universidade,portf\u00f3lios pronto para faculdade,portf\u00f3lio pronto para editar,portifolios prontos para editar,portf\u00f3lio em word,portfolio em word,portf\u00f3lio em word para editar,portifolio em word para editar,portfolio unopar pronto para editar,modelo de portfolio para unopar,modelo de portif\u00f3lio para unopar,modelo de portf\u00f3lio para unopar,unopar portf\u00f3lio pronto,anhanguera portf\u00f3lio pronto,portf\u00f3lio em word pronto,comprar portf\u00f3lio pronto,como fazer um portf\u00f3lio,como fazer portf\u00f3lio digital,portfolio,portf\u00f3lio,portifolio,portif\u00f3lio,portf\u00f3lio interdisciplinar individual,portfolio interdisciplinar individual,exemplos de portf\u00f3lio para faculdade,baixar portf\u00f3lio pronto,portf\u00f3lio acad\u00eamico,portf\u00f3lio online,portfoliooead,portfolio ead,portf\u00f3lio pronto interdisciplinar individual,relat\u00f3rio de est\u00e1gio unopar,relat\u00f3rio de est\u00e1gio pronto unopar,como criar um portf\u00f3lio,o que \u00e9 um portf\u00f3lio e como fazer,portfolio exemplo,modelo de portfolio acad\u00eamico,relat\u00f3rio de est\u00e1gio gest\u00e3o escolar pronto unopar,portf\u00f3lio como fazer,prova profici\u00eancia unopar,portfolio individual est\u00e1gio curricular obrigat\u00f3rio ii anos iniciais do ensino fundamental,prova de profici\u00eancia pedagogia unopar,capa de trabalho unopar para editar,portf\u00f3lio acad\u00eamico unopar,como fazer um portf\u00f3lio acad\u00eamico,portf\u00f3lio exemplos word,portfolio acad\u00eamico,portfolio individual,portfolio individual unopar,portfolio individual anhanguera,portfolio marketing digital,portf\u00f3lio educa\u00e7\u00e3o f\u00edsica unopar,portf\u00f3lio gest\u00e3o educacional e espa\u00e7os n\u00e3o escolares,como fazer um portifolio unopar,modelo de portf\u00f3lio unopar em arquivo word,capa de portf\u00f3lio de pedagogia,como fazer um portf\u00f3lio no word,projeto integrado unopar,exemplo de portf\u00f3lio academico pedagogia\" width=\"141\" height=\"141\" srcset=\"https:\/\/portifolioos-prontos.com\/wp-content\/uploads\/2022\/09\/portfolio-unopar-pronto-colaborar-ava-producao-textual-interdisciplinar.png 150w, https:\/\/portifolioos-prontos.com\/wp-content\/uploads\/2022\/09\/portfolio-unopar-pronto-colaborar-ava-producao-textual-interdisciplinar-100x100.png 100w\" sizes=\"(max-width: 141px) 100vw, 141px\" \/><\/p>\n<\/div>\n<\/div>\n<\/div>\n<\/div>\n<div class=\"elementor-toggle-item\">\n<div id=\"elementor-tab-content-1949\" class=\"elementor-tab-content elementor-clearfix elementor-active\" role=\"tabpanel\" data-tab=\"9\" aria-labelledby=\"elementor-tab-title-1949\">\n<p>E-mail:portifoliosp@gmail.com<\/p>\n<div id=\"attachment_143\" class=\"wp-caption alignnone\" style=\"width: 164px;\">\n<div id=\"attachment_143\" style=\"width: 174px\" class=\"wp-caption alignnone\"><a href=\"http:\/\/portifolioos-prontos.com\"><img loading=\"lazy\" decoding=\"async\" aria-describedby=\"caption-attachment-143\" class=\"wp-image-143\" title=\"portfolio pronto unopar\" src=\"http:\/\/portifolioos-prontos.com\/wp-content\/uploads\/2022\/04\/conceitomaximo.png\" alt=\"PORTFOLIO PRONTO UNOPAR ANHANGUERA\" width=\"164\" height=\"47\" aria-describedby=\"caption-attachment-143\" \/><\/a><p id=\"caption-attachment-143\" class=\"wp-caption-text\">Portf\u00f3lio em Word, respondido, completo e j\u00e1 nas normas.<\/p><\/div>\n<\/div>\n<\/div>\n<\/div>\n<\/div>\n","protected":false},"excerpt":{"rendered":"<p>PORTF\u00d3LIO DESENVOLVIMENTO DE UM NOVO MEDICAMENTO PARA TRATAMENTO DA TUBERCULOSE CURSO: FARM\u00c1CIA SEMESTRE: 3\u00ba E 4\u00ba A proposta de Produ\u00e7\u00e3o Textual Interdisciplinar em Grupo (PTG) ter\u00e1 como tem\u00e1tica\u00a0\u201cDesenvolvimento de um novo medicamento para tratamento da tuberculose\u201d. Esta tem\u00e1tica foi desenvolvida com intuito de aliar os aspectos pr\u00e1ticos da profiss\u00e3o com o conhecimento relativos as quest\u00f5es&hellip;<\/p>\n","protected":false},"featured_media":5310,"template":"","meta":{"_seopress_robots_primary_cat":"none","_seopress_titles_title":"%%post_title%% %%sitetitle%%","_seopress_titles_desc":"%%post_content%%","_seopress_robots_index":""},"product_cat":[30,15],"product_tag":[],"class_list":{"0":"post-5291","1":"product","2":"type-product","3":"status-publish","4":"has-post-thumbnail","6":"product_cat-farmacia","7":"product_cat-uncategorized","9":"first","10":"instock","11":"featured","12":"downloadable","13":"virtual","14":"purchasable","15":"product-type-simple","16":"col-xs-6 col-sm-4","17":"col-mf-5","18":"un-5-cols"},"jetpack_sharing_enabled":true,"_links":{"self":[{"href":"https:\/\/portifolioos-prontos.com\/index.php\/wp-json\/wp\/v2\/product\/5291","targetHints":{"allow":["GET"]}}],"collection":[{"href":"https:\/\/portifolioos-prontos.com\/index.php\/wp-json\/wp\/v2\/product"}],"about":[{"href":"https:\/\/portifolioos-prontos.com\/index.php\/wp-json\/wp\/v2\/types\/product"}],"version-history":[{"count":0,"href":"https:\/\/portifolioos-prontos.com\/index.php\/wp-json\/wp\/v2\/product\/5291\/revisions"}],"wp:featuredmedia":[{"embeddable":true,"href":"https:\/\/portifolioos-prontos.com\/index.php\/wp-json\/wp\/v2\/media\/5310"}],"wp:attachment":[{"href":"https:\/\/portifolioos-prontos.com\/index.php\/wp-json\/wp\/v2\/media?parent=5291"}],"wp:term":[{"taxonomy":"product_cat","embeddable":true,"href":"https:\/\/portifolioos-prontos.com\/index.php\/wp-json\/wp\/v2\/product_cat?post=5291"},{"taxonomy":"product_tag","embeddable":true,"href":"https:\/\/portifolioos-prontos.com\/index.php\/wp-json\/wp\/v2\/product_tag?post=5291"}],"curies":[{"name":"wp","href":"https:\/\/api.w.org\/{rel}","templated":true}]}}