{"id":5294,"date":"2022-07-24T13:01:25","date_gmt":"2022-07-24T16:01:25","guid":{"rendered":"https:\/\/portifolioos-prontos.com\/?post_type=product&#038;p=5294"},"modified":"2022-10-06T14:36:49","modified_gmt":"2022-10-06T17:36:49","slug":"portfolio-diversificacao-da-producao-da-empresa-plante-bem","status":"publish","type":"product","link":"https:\/\/portifolioos-prontos.com\/index.php\/product\/portfolio-diversificacao-da-producao-da-empresa-plante-bem\/","title":{"rendered":"Portf\u00f3lio Poss\u00edveis cen\u00e1rios de diversifica\u00e7\u00e3o de Produ\u00e7\u00e3o da PLANTE BEM"},"content":{"rendered":"<h4>PORTF\u00d3LIO POSS\u00cdVEIS CEN\u00c1RIOS DE DIVERSIFICA\u00c7\u00c3O DE PRODU\u00c7\u00c3O DA PLANTE BEM<\/h4>\n<h4>CURSO: CI\u00caNCIAS ECON\u00d4MICAS<\/h4>\n<p>Para atingir os objetivos desta produ\u00e7\u00e3o textual, voc\u00ea dever\u00e1 seguir as instru\u00e7\u00f5es voltadas \u00e0 elabora\u00e7\u00e3o do trabalho disponibilizadas neste manual, sob a orienta\u00e7\u00e3o do Tutor a Dist\u00e2ncia, considerando as disciplinas norteadoras.<\/p>\n<p>A participa\u00e7\u00e3o na consecu\u00e7\u00e3o da proposta \u00e9 fundamental para que haja o pleno desenvolvimento de compet\u00eancias e habilidades requeridas em sua atua\u00e7\u00e3o profissional. Nessa produ\u00e7\u00e3o textual dever\u00e1 ser considerado o case da\u00a0<strong>\u201cPLANTE BEM\u201d,<\/strong>, apresentado na sequ\u00eancia.<\/p>\n<p>Na Produ\u00e7\u00e3o Textual Individual (PTI) voc\u00ea dever\u00e1, em um primeiro momento, conhecer a Situa\u00e7\u00e3o Geradora de Aprendizagem (SGA) que\u00a0<strong>descreve a situa\u00e7\u00e3o de poss\u00edveis cen\u00e1rios de diversifica\u00e7\u00e3o de Produ\u00e7\u00e3o da PLANTE BEM.<\/strong><\/p>\n<p>Em um segundo momento, voc\u00ea dever\u00e1 se envolver com a Situa\u00e7\u00e3o Geradora de Aprendizagem (SGA), inserindo-se nesse contexto para realizar as tarefas previstas. Para realizar essas tarefas, siga as orienta\u00e7\u00f5es fornecidas nesse material e nas fundamenta\u00e7\u00f5es te\u00f3ricas diversas (livros das disciplinas, teleaulas, web aulas e outros materiais complementares, sejam estes indicados pelos professores ou pesquisados por voc\u00eas).<\/p>\n<p><strong>No final deste manual<\/strong>, constam todas as informa\u00e7\u00f5es necess\u00e1rias para a constru\u00e7\u00e3o do trabalho.\u00a0<strong>Fa\u00e7a uma leitura na integra\u00a0<\/strong>e observe todos as normas e orienta\u00e7\u00f5es para que o desenvolvimento do trabalho seja satisfat\u00f3rio e possa atender todas as solicita\u00e7\u00f5es que a atividade exige.<\/p>\n<p><strong>Se houver qualquer d\u00favida no desenvolvimento deste trabalho<\/strong>, sempre recorra as instru\u00e7\u00f5es aqui presentes, bem como, acione o seu tutor a dist\u00e2ncia para que ele possa auxili\u00e1-lo da melhor forma poss\u00edvel.<\/p>\n<p><strong>Situa\u00e7\u00e3o Geradora de Aprendizagem (SGA)<\/strong><\/p>\n<p>Para compreender a tem\u00e1tica dessa atividade, leia os trechos extra\u00eddos dos artigos a seguir:<\/p>\n<p><strong>Texto 01<\/strong><\/p>\n<p>[\u2026] A crescente necessidade de expans\u00e3o das \u00e1reas de plantio no mundo necessita do aumento do consumo de fertilizantes, criando maiores incentivos para a produ\u00e7\u00e3o desse insumo agr\u00edcola em larga escala global. Segundo dados da Mordor Intelligence, empresa de pesquisa e consultoria de mercado, o mercado de fertilizantes foi avaliado em US$ 155,80 bilh\u00f5es em 2019 e estima-se que registre uma taxa de crescimento anual composta (CAGR, Compound Annual Growth Rate) de 3,8% durante o per\u00edodo 2020-2025. As \u201cSete Grandes\u201d empresas que dominavam esse mercado, (Monsanto, Syngenta, Dupont, Bayer, Dow, Basf e ChemChina) tornaram-se quatro (Monsanto\/Bayer, Dupont\/Dow, Syngenta\/ChemChina e Basf).<\/p>\n<p>Atualmente, o Brasil \u00e9 respons\u00e1vel por cerca de 8% do consumo global de fertilizantes, sendo o quarto do mundo, atr\u00e1s apenas de China, \u00cdndia e Estados Unidos. O principal nutriente aplicado no Brasil \u00e9 o pot\u00e1ssio, com 38%, seguido por c\u00e1lcio, com 33%, e nitrog\u00eanio, com 29%. A maior cultura agr\u00edcola brasileira \u00e9 a soja, que demanda mais de 40% dos fertilizantes aplicados. O Brasil tem import\u00e2ncia no mercado mundial n\u00e3o somente pelo expressivo volume de insumos consumidos internamente, mas tamb\u00e9m pelo fato de sua demanda estar se concentrar no segundo semestre, o que possibilita relativo poder de barganha ao pa\u00eds. O consumo nacional depende principalmente do pre\u00e7o recebido pelos agricultores (renda), sendo influenciado tamb\u00e9m pelo pre\u00e7o relativo dos fertilizantes (rela\u00e7\u00e3o de troca), pol\u00edtica agr\u00edcola (cr\u00e9dito de custeio, pre\u00e7os m\u00ednimos etc.), expectativa de pre\u00e7os futuros e evolu\u00e7\u00e3o da tecnologia agr\u00edcola. A velocidade de crescimento da demanda brasileira tem superado a taxa de crescimento mundial e seu atendimento tem ocorrido via aumento de importa\u00e7\u00f5es<a href=\"https:\/\/eadhelp.com\/\">.<\/a>\u00a0O pa\u00eds deixou de ser exportador de fertilizantes para ser grande importador entre 1992 e 2020. Mais de 80% (oitenta por cento) dos fertilizantes consumidos no Brasil s\u00e3o de origem estrangeira, de maneira que a produ\u00e7\u00e3o nacional responde por menos de 20% (vinte por cento) da demanda do pa\u00eds.<\/p>\n<p><strong>Texto 02<\/strong><\/p>\n<p>[\u2026] O mercado de sementes de soja est\u00e1 em franca expans\u00e3o e isso se reflete na safra brasileira de soja 2021\/2022 que deve atingir 135,9 milh\u00f5es de toneladas, o que significa um novo recorde para a cultura no Brasil. Os n\u00fameros fazem parte do 10\u00ba levantamento do boletim de gr\u00e3os da Companhia Nacional de Abastecimento, a Conab.<\/p>\n<p>O investimento em pr\u00e1ticas de manejo e a incorpora\u00e7\u00e3o de novas tecnologias, principalmente no mercado de sementes de soja, com foco no desenvolvimento de cultivares e do avan\u00e7o da biotecnologia, proporcionaram ao setor produtivo ganhos de produtividades exponenciais.<\/p>\n<p>Na safra 2019\/2020 o mercado de sementes de soja movimentou R$11,2 bilh\u00f5es, volume 7,5% superior em compara\u00e7\u00e3o com ciclo 2019\/2020. Os dados s\u00e3o do estudo BIP Soja Sementes, realizado pela Spark Intelig\u00eancia Estrat\u00e9gica.<\/p>\n<p>Segundo Kleber Sosnoski, Diretor de Produ\u00e7\u00e3o da empresa Sementes Eliane, uma das principais sementeiras do oeste da Bahia, a procura por sementes tratadas deve aumentar nos pr\u00f3ximos anos. \u201cO aumento na produ\u00e7\u00e3o de soja e da \u00e1rea cultivada s\u00e3o os grandes fatores ir\u00e3o alavancar as vendas. Temos batido recordes de vendas ano ap\u00f3s ano\u201d.<\/p>\n<p>O processo de desenvolvimento dessas sementes envolve um grande aparato tecnol\u00f3gico. \u201cNa Sementes Eliane, investimos pesado em treinamento, atualiza\u00e7\u00e3o de maquin\u00e1rio, como plantadeiras, colhedeiras, al\u00e9m de toda a ind\u00fastria de beneficiamento at\u00e9 a secagem\u201d, conta o diretor.<\/p>\n<p>Ainda de acordo com Sosnoski um fator que interfere na qualidade do produto \u00e9 o ponto de colheita da semente. \u201c\u00c9 preciso retirar a semente do campo na hora certa para que ela possa proporcionar bons resultados ao produtor\u201d.<\/p>\n<p>O diretor destaca ainda a import\u00e2ncia do processo do tratamento industrial que complementa o pacote tecnol\u00f3gico da semente. \u201cTrabalhamos com empresas parceiras altamente qualificadas. Qualquer problema \u00e9 reportado instantaneamente para a central, nos Estados Unidos, para que seja feita a corre\u00e7\u00e3o no maquin\u00e1rio e as atualiza\u00e7\u00f5es no software. Tudo isso torna o processo muito din\u00e2mico e preciso.\u201d<\/p>\n<p><strong>SITUA\u00c7\u00c3O-PROBLEMA\u00a0\u00a0\u00a0\u00a0\u00a0\u00a0\u00a0\u00a0<\/strong><\/p>\n<h4><strong>Diversifica\u00e7\u00e3o da produ\u00e7\u00e3o da empresa \u201cPLANTE BEM\u201d<\/strong><\/h4>\n<p>Neste contexto est\u00e1 a \u201cPLANTE BEM\u201d que produz e comercializa adubos e fertilizantes. Sediada em uma \u00e1rea central no estado do Paran\u00e1, a \u201cPLANTE BEM\u201d vende adubos e fertilizantes para agricultores em todo o Brasil. O Sr. Emerson Neves \u00e9 s\u00f3cio fundador da empresa, sendo tamb\u00e9m o diretor executivo dos neg\u00f3cios. Atualmente, Emerson Neves e sua equipe est\u00e3o desenvolvendo um novo plano estrat\u00e9gico e levantaram a possibilidade de investir na diversifica\u00e7\u00e3o vertical dos neg\u00f3cios<a href=\"https:\/\/eadcolaborar.com\/portfolio-diversificacao-da-producao-da-empresa-plante-bem\/\" target=\"_blank\" rel=\"noopener\">.<\/a><\/p>\n<p>Ao analisar o setor agr\u00edcola, especificamente, a cultura da soja, a diretoria constatou que no Brasil a produ\u00e7\u00e3o de sementes de soja mais que dobrou em 10 anos. Na safra 2009\/2010, o volume foi de 1,5 milh\u00e3o de toneladas. Uma d\u00e9cada depois, a quantidade foi de quase 4 milh\u00f5es de toneladas, segundos os dados mais recentes da Associa\u00e7\u00e3o Brasileira de Sementes e Mudas (Abrasem). Como pot\u00eancia agr\u00edcola, o Brasil tem diante de si o grande desafio de produzir mais e melhores sementes, com comprovada qualidade gen\u00e9tica, f\u00edsica, fisiol\u00f3gica e sanit\u00e1ria.<\/p>\n<p>Desse modo, a possibilidade analisada pelos gestores, \u00e9 a expans\u00e3o dos neg\u00f3cios com vistas na produ\u00e7\u00e3o e comercializa\u00e7\u00e3o de sementes de soja.<\/p>\n<p>A \u201cPLANTE BEM\u201d possui amplo espa\u00e7o dispon\u00edvel, e os investimentos seriam para a moderniza\u00e7\u00e3o da planta produtiva e aquisi\u00e7\u00e3o de m\u00e1quinas e equipamentos para a produ\u00e7\u00e3o de sementes. Neste sentido, os diretores contratar\u00e3o uma consultoria independente para a elabora\u00e7\u00e3o e an\u00e1lise macroecon\u00f4mica, mercadol\u00f3gica, qualitativa e quantitativa no tocante a diversifica\u00e7\u00e3o dos neg\u00f3cios da empresa.<\/p>\n<p>Desse modo, voc\u00ea dever\u00e1 auxiliar a empresa de consultoria contratada da \u201cPLANTE BEM\u201d na elabora\u00e7\u00e3o do relat\u00f3rio a seguir:<\/p>\n<p><strong>2. Agora, \u00e9 com voc\u00ea!<\/strong><\/p>\n<p>Diante do cen\u00e1rio apresentado na SGA, \u00e9 poss\u00edvel refletir acerca de diversos aspectos inter- relacionados: quest\u00f5es relacionada as estruturas de mercado, conjuntura macroecon\u00f4mica, crescimento e desenvolvimento econ\u00f4mico.<\/p>\n<p>Nesse sentido, o desafio \u00e9 responder as quest\u00f5es a seguir acerca da tem\u00e1tica da\u00a0<strong>\u201cPLANTE BEM\u201d.<\/strong><\/p>\n<p><strong>Passo 01:<\/strong><\/p>\n<p>Motivados pelo projeto de diversifica\u00e7\u00e3o da produ\u00e7\u00e3o, os gestores, pretendem produzir um material a respeito da import\u00e2ncia da agricultura para o pa\u00eds. Historicamente, o Brasil passou por diversos ciclos econ\u00f4micos, que se referem a atividades econ\u00f4micas em diferentes per\u00edodos, os quais s\u00e3o marcados por produtos que foram propulsores da economia partindo da coloniza\u00e7\u00e3o at\u00e9 o in\u00edcio do s\u00e9culo XX.<\/p>\n<p><strong>Nesse contexto, descreva quais foram os principais ciclos econ\u00f4micos do Brasil e como impactaram o desenvolvimento da economia brasileira ao longo dos s\u00e9culos.<\/strong><\/p>\n<p><strong>Passo 02:<\/strong><\/p>\n<p>Conforme as informa\u00e7\u00f5es evidenciadas no texto,\u00a0<strong>voc\u00ea dever\u00e1 apresentar um relat\u00f3rio destacando quais as principais estruturas de mercado existentes na economia<\/strong>,\u00a0<strong>bem como suas caracter\u00edsticas\u00a0<\/strong>e em qual estrutura de mercado a empresa \u201cPLANTE BEM\u201d est\u00e1 inserida no segmento de adubos e fertilizantes.<\/p>\n<p><strong>Passo 03:<\/strong><\/p>\n<p>Para avaliar a possibilidade de diversifica\u00e7\u00e3o dos neg\u00f3cios, a consultoria contratada pela \u201cPLANTE BEM\u201d, decidiu realizar um estudo do cen\u00e1rio macroeconomia brasileiro a fim de identificar poss\u00edveis cen\u00e1rios quanto as pol\u00edticas macroecon\u00f4micas adotadas pelo governo, que impactam diretamente o crescimento econ\u00f4mico brasileiro. Sabe-se que o governo atua principalmente na economia por meio das pol\u00edticas monet\u00e1rias e fiscais. Assim, os gestores projetam o poss\u00edvel cen\u00e1rio para os pr\u00f3ximos anos:<\/p>\n<p><strong>Cen\u00e1rio Projetado<\/strong>: A expectativa do mercado para os pr\u00f3ximos anos, \u00e9 que o governo realize pol\u00edticas monet\u00e1rias e fiscais expansionistas para estimular o crescimento econ\u00f4mico. Desse modo, espera-se que a autoridade monet\u00e1ria (COPOM \u2013 Comit\u00ea de Pol\u00edtica Monet\u00e1ria), pratique redu\u00e7\u00e3o da taxa de juros (SELIC), e o governo aumente seus gastos p\u00fablicos e reduza tributos.<\/p>\n<p>Nesse contexto, pede-se:<\/p>\n<p>a) Elabore um relat\u00f3rio descrevendo os impactos das pol\u00edticas monet\u00e1ria e fiscal adotadas no cen\u00e1rio projetado, sobre as vari\u00e1veis econ\u00f4micas a seguir:<\/p>\n<ul>\n<li>Demanda Agregada (DA);<\/li>\n<li>Oferta Agregada (OA);<\/li>\n<li>Juros de mercado (J);<\/li>\n<li>Investimentos (I);<\/li>\n<li>Consumo (C);<\/li>\n<li>Produto (Y).<\/li>\n<\/ul>\n<p><strong>Passo 04:<\/strong><\/p>\n<p>O estudo do crescimento econ\u00f4mico \u00e9 de suma import\u00e2ncia para a decis\u00e3o de expans\u00e3o ou implementa\u00e7\u00e3o de um neg\u00f3cio, portanto \u00e9 necess\u00e1rio analisar a taxa de crescimento econ\u00f4mico que pode determinar o sucesso ou fracasso da expans\u00e3o da \u201cPLANTE BEM\u201d<\/p>\n<p>De acordo com a teoria do crescimento econ\u00f4mico apresentada por Robert Solow, utilize as informa\u00e7\u00f5es da\u00a0<strong>Tabela 01\u00a0<\/strong>e encontre o estado estacion\u00e1rio da renda por trabalhador (y*) e capital por trabalhador (k*) para o Brasil para os pr\u00f3ximos dois anos.<\/p>\n<p>Para a resolu\u00e7\u00e3o, considere as f\u00f3rmulas a seguir:<\/p>\n<p><img fetchpriority=\"high\" decoding=\"async\" class=\"alignnone wp-image-6502 size-medium\" src=\"http:\/\/consultoriauniversidades.com.br\/wp-content\/uploads\/2022\/07\/Captura-de-Tela-98-639x400.png\" alt=\"Portf\u00f3lio Diversifica\u00e7\u00e3o da produ\u00e7\u00e3o da empresa PLANTE BEM\" width=\"639\" height=\"400\" \/><\/p>\n<p><strong>Passo 05:<\/strong><\/p>\n<p>A soja \u00e9 insumo base para diversos produtos na sociedade brasileira. Ele est\u00e1 presente desde o \u00f3leo de soja at\u00e9 a ra\u00e7\u00e3o animal. Sendo esses produtos essenciais para a nutri\u00e7\u00e3o da popula\u00e7\u00e3o de um pa\u00eds. No Brasil, esses produtos b\u00e1sicos s\u00e3o contemplados na cesta de produtos utilizados para o c\u00e1lculo da infla\u00e7\u00e3o. Recentemente, o pre\u00e7o da soja vem aumentando no mercado mundial, o que indiretamente impacta no n\u00edvel geral de pre\u00e7os da economia brasileira.<\/p>\n<p>Desse modo, descreva quais os impactos econ\u00f4micos e sociais que a eleva\u00e7\u00e3o dos n\u00edveis de pre\u00e7os ocasiona nos seguintes indicadores:<\/p>\n<ul>\n<li>Emprego<\/li>\n<li>Renda<\/li>\n<li>\u00cdndice de Gini (IG)<\/li>\n<li>\u00cdndice de Desenvolvimento Humano (IDH)\n<div class=\"elementor-toggle-item\">\n<div class=\"elementor-toggle-item\">\n<h4 id=\"elementor-tab-title-1941\" class=\"elementor-tab-title elementor-active\" tabindex=\"0\" role=\"tab\" data-tab=\"1\" aria-controls=\"elementor-tab-content-1941\" aria-expanded=\"true\" aria-selected=\"true\">Como funciona?<\/h4>\n<div id=\"elementor-tab-content-1941\" class=\"elementor-tab-content elementor-clearfix elementor-active\" role=\"tabpanel\" data-tab=\"1\" aria-labelledby=\"elementor-tab-title-1941\">\n<p>Elaboramos os portf\u00f3lios, j\u00e1 deixamos prontos, nas normas da ABNT e conforme os requisitos da universidade. F\u00e1cil assim! O MELHOR \u00c9 QUE VOC\u00ca COMPRA E J\u00c1 BAIXA NA HORA O SEU ARQUIVO EM WORD! Sabemos que conciliar trabalho, fam\u00edlia, vida profissional e estudos \u00e9 dif\u00edcil hoje em dia, por isso, estamos aqui para ajudar voc\u00ea. Conte com nossa qualidade, experi\u00eancia e profissionalismo adquirindo seu portf\u00f3lio conosco. GARANTIMOS SEU CONCEITO!<\/p>\n<h4>Como se realizam os envios?<\/h4>\n<\/div>\n<\/div>\n<div class=\"elementor-toggle-item\">\n<div id=\"elementor-tab-content-1942\" class=\"elementor-tab-content elementor-clearfix elementor-active\" role=\"tabpanel\" data-tab=\"2\" aria-labelledby=\"elementor-tab-title-1942\">O seu trabalho \u00e9 disponibilizado pronto, respondido e nas normas j\u00e1 na mesma hora aqui em nosso site na sua \u00e1rea de downloads e tamb\u00e9m no seu e-mail.<\/div>\n<\/div>\n<div class=\"elementor-toggle-item\">\n<div id=\"elementor-tab-content-1943\" class=\"elementor-tab-content elementor-clearfix elementor-active\" role=\"tabpanel\" data-tab=\"3\" aria-labelledby=\"elementor-tab-title-1943\">\n<h4>Em quanto tempo recebo o portf\u00f3lio?<\/h4>\n<\/div>\n<\/div>\n<div class=\"elementor-toggle-item\">\n<div id=\"elementor-tab-content-1944\" class=\"elementor-tab-content elementor-clearfix elementor-active\" role=\"tabpanel\" data-tab=\"4\" aria-labelledby=\"elementor-tab-title-1944\">\n<p>Os envios s\u00e3o imediatos. Ap\u00f3s sua compra, o trabalho j\u00e1 \u00e9 disponibilizado instantaneamente aqui em nosso site e no seu e-mail.<\/p>\n<h4>E se o portf\u00f3lio que comprei precisar de corre\u00e7\u00e3o?<\/h4>\n<\/div>\n<\/div>\n<div class=\"elementor-toggle-item\">\n<div id=\"elementor-tab-content-1945\" class=\"elementor-tab-content elementor-clearfix elementor-active\" role=\"tabpanel\" data-tab=\"5\" aria-labelledby=\"elementor-tab-title-1945\">\n<p>Caso haja alguma solicita\u00e7\u00e3o de corre\u00e7\u00e3o\/altera\u00e7\u00e3o por parte do tutor, basta entrar em contato conosco pelo\u00a0WhatsApp\u00a0que provid\u00eanciaremos sem custo algum.<\/p>\n<h4>Qual o formato do arquivo?<\/h4>\n<\/div>\n<\/div>\n<div class=\"elementor-toggle-item\">\n<div id=\"elementor-tab-content-1946\" class=\"elementor-tab-content elementor-clearfix elementor-active\" role=\"tabpanel\" data-tab=\"6\" aria-labelledby=\"elementor-tab-title-1946\">\n<p>Os arquivos s\u00e3o enviados em formato Word e s\u00e3o edit\u00e1veis.<\/p>\n<h4>Caso eu tiver alguma d\u00favida, terei suporte no p\u00f3s venda?<\/h4>\n<\/div>\n<\/div>\n<div class=\"elementor-toggle-item\">\n<div id=\"elementor-tab-content-1948\" class=\"elementor-tab-content elementor-clearfix elementor-active\" role=\"tabpanel\" data-tab=\"8\" aria-labelledby=\"elementor-tab-title-1948\">\n<p>Sim, com certeza. Basta clicar no \u00edcone do WhatsApp no cantinho da tela. Ser\u00e1 um prazer atend\u00ea-lo(a).<\/p>\n<div class=\"elementor-toggle-item\">\n<div id=\"elementor-tab-content-1948\" class=\"elementor-tab-content elementor-clearfix elementor-active\" role=\"tabpanel\" data-tab=\"8\" aria-labelledby=\"elementor-tab-title-1948\">\n<h4>Quais os seus canais de contato?<\/h4>\n<\/div>\n<\/div>\n<div class=\"elementor-toggle-item\">\n<div id=\"elementor-tab-content-1949\" class=\"elementor-tab-content elementor-clearfix elementor-active\" role=\"tabpanel\" data-tab=\"9\" aria-labelledby=\"elementor-tab-title-1949\">\n<p>Whatsapp: 53 984751621 \u2013 Clicar no canto da tela ou ESCANEIE O QRCODE ABAIXO<\/p>\n<p><img decoding=\"async\" class=\"alignnone wp-image-7603\" src=\"http:\/\/portifolioos-prontos.com\/wp-content\/uploads\/2022\/09\/portfolio-unopar-pronto-colaborar-ava-producao-textual-interdisciplinar.png\" alt=\"portfolio Poss\u00edveis cen\u00e1rios de diversifica\u00e7\u00e3o de Produ\u00e7\u00e3o da PLANTE BEM,portfolio pronto Poss\u00edveis cen\u00e1rios de diversifica\u00e7\u00e3o de Produ\u00e7\u00e3o da PLANTE BEM,Poss\u00edveis cen\u00e1rios de diversifica\u00e7\u00e3o de Produ\u00e7\u00e3o da PLANTE BEM,unopar portfolio Poss\u00edveis cen\u00e1rios de diversifica\u00e7\u00e3o de Produ\u00e7\u00e3o da PLANTE BEM,fazer portfolio unopar,fazer portfolio anhanguera,pti Poss\u00edveis cen\u00e1rios de diversifica\u00e7\u00e3o de Produ\u00e7\u00e3o da PLANTE BEM,ptg Poss\u00edveis cen\u00e1rios de diversifica\u00e7\u00e3o de Produ\u00e7\u00e3o da PLANTE BEM,trabalho pronto Poss\u00edveis cen\u00e1rios de diversifica\u00e7\u00e3o de Produ\u00e7\u00e3o da PLANTE BEM,ciencias economicas portfolio,portfolio ciencias economicas,portfolio ci\u00eancias econ\u00f4micas,portf\u00f3lio ci\u00eancias econ\u00f4micas,ci\u00eancias economicas portfolio,Portfolio pronto,portifolio pronto,portf\u00f3lio pronto,portifolios prontos,portif\u00f3lios prontos,portf\u00f3lio pronto unopar,portifolio pronto unopar,portif\u00f3lio pronto unopar,portifolios prontos unopar,portifolios prontos anhanguera,portf\u00f3lios prontos anhanguera,portf\u00f3lio pronto anhanguera,portfolios ead,portf\u00f3lios ead,portfolioead,apostileiros,portf\u00f3lio ead,portifolios ead,portif\u00f3lios ead,eadhelp,shop do acad\u00eamico,unopar portfolio,portfolio pronto ead,portfolio unopar ead,ead portfolio ava,portf\u00f3lio ead anhanguera,portf\u00f3lio ead pront,o portf\u00f3lio ead unopar,portf\u00f3lio pronto em word,pti unopar,ptg unopar,modelo de portf\u00f3lio unopar,modelo de portf\u00f3lio anhanguera,como fazer um portf\u00f3lio para faculdade,como faz portf\u00f3lio universidade,como faz portf\u00f3lios para universidade,portf\u00f3lios prontos para universidade,portf\u00f3lios pronto para faculdade,portf\u00f3lio pronto para editar,portifolios prontos para editar,portf\u00f3lio em word,portfolio em word,portf\u00f3lio em word para editar,portifolio em word para editar,portfolio unopar pronto para editar,modelo de portfolio para unopar,modelo de portif\u00f3lio para unopar,modelo de portf\u00f3lio para unopar,unopar portf\u00f3lio pronto,anhanguera portf\u00f3lio pronto,portf\u00f3lio em word pronto,comprar portf\u00f3lio pronto,como fazer um portf\u00f3lio,como fazer portf\u00f3lio digital,portfolio,portf\u00f3lio,portifolio,portif\u00f3lio,portf\u00f3lio interdisciplinar individual,portfolio interdisciplinar individual,exemplos de portf\u00f3lio para faculdade,baixar portf\u00f3lio pronto,portf\u00f3lio acad\u00eamico,portf\u00f3lio online,portfoliooead,portfolio ead,portf\u00f3lio pronto interdisciplinar individual,relat\u00f3rio de est\u00e1gio unopar,relat\u00f3rio de est\u00e1gio pronto unopar,como criar um portf\u00f3lio,o que \u00e9 um portf\u00f3lio e como fazer,portfolio exemplo,modelo de portfolio acad\u00eamico,relat\u00f3rio de est\u00e1gio gest\u00e3o escolar pronto unopar,portf\u00f3lio como fazer,prova profici\u00eancia unopar,portfolio individual est\u00e1gio curricular obrigat\u00f3rio ii anos iniciais do ensino fundamental,prova de profici\u00eancia pedagogia unopar,capa de trabalho unopar para editar,portf\u00f3lio acad\u00eamico unopar,como fazer um portf\u00f3lio acad\u00eamico,portf\u00f3lio exemplos word,portfolio acad\u00eamico,portfolio individual,portfolio individual unopar,portfolio individual anhanguera,portfolio marketing digital,portf\u00f3lio educa\u00e7\u00e3o f\u00edsica unopar,portf\u00f3lio gest\u00e3o educacional e espa\u00e7os n\u00e3o escolares,como fazer um portifolio unopar,modelo de portf\u00f3lio unopar em arquivo word,capa de portf\u00f3lio de pedagogia,como fazer um portf\u00f3lio no word,projeto integrado unopar,exemplo de portf\u00f3lio academico pedagogia\" width=\"141\" height=\"141\" srcset=\"https:\/\/portifolioos-prontos.com\/wp-content\/uploads\/2022\/09\/portfolio-unopar-pronto-colaborar-ava-producao-textual-interdisciplinar.png 150w, https:\/\/portifolioos-prontos.com\/wp-content\/uploads\/2022\/09\/portfolio-unopar-pronto-colaborar-ava-producao-textual-interdisciplinar-100x100.png 100w\" sizes=\"(max-width: 141px) 100vw, 141px\" \/><\/p>\n<\/div>\n<\/div>\n<\/div>\n<\/div>\n<div class=\"elementor-toggle-item\">\n<div id=\"elementor-tab-content-1949\" class=\"elementor-tab-content elementor-clearfix elementor-active\" role=\"tabpanel\" data-tab=\"9\" aria-labelledby=\"elementor-tab-title-1949\">\n<p>E-mail:portifoliosp@gmail.com<\/p>\n<div id=\"attachment_143\" class=\"wp-caption alignnone\">\n<div id=\"attachment_143\" class=\"wp-caption alignnone\" style=\"width: 157px;\">\n<p><a href=\"http:\/\/portifolioos-prontos.com\/\"><img decoding=\"async\" class=\"wp-image-143\" title=\"portfolio pronto unopar\" src=\"http:\/\/portifolioos-prontos.com\/wp-content\/uploads\/2022\/04\/conceitomaximo.png\" alt=\"PORTFOLIO PRONTO UNOPAR ANHANGUERA\" width=\"157\" height=\"45\" aria-describedby=\"caption-attachment-143\" \/><\/a><\/p>\n<p id=\"caption-attachment-143\" class=\"wp-caption-text\">Portf\u00f3lio em Word, respondido, completo e j\u00e1 nas normas.<\/p>\n<\/div>\n<\/div>\n<\/div>\n<\/div>\n<\/div>\n<\/li>\n<\/ul>\n","protected":false},"excerpt":{"rendered":"<p>PORTF\u00d3LIO POSS\u00cdVEIS CEN\u00c1RIOS DE DIVERSIFICA\u00c7\u00c3O DE PRODU\u00c7\u00c3O DA PLANTE BEM CURSO: CI\u00caNCIAS ECON\u00d4MICAS Para atingir os objetivos desta produ\u00e7\u00e3o textual, voc\u00ea dever\u00e1 seguir as instru\u00e7\u00f5es voltadas \u00e0 elabora\u00e7\u00e3o do trabalho disponibilizadas neste manual, sob a orienta\u00e7\u00e3o do Tutor a Dist\u00e2ncia, considerando as disciplinas norteadoras. A participa\u00e7\u00e3o na consecu\u00e7\u00e3o da proposta \u00e9 fundamental para que haja&hellip;<\/p>\n","protected":false},"featured_media":5306,"template":"","meta":{"_seopress_robots_primary_cat":"none","_seopress_titles_title":"%%post_title%% %%sitetitle%%","_seopress_titles_desc":"%%post_content%%","_seopress_robots_index":""},"product_cat":[31,15],"product_tag":[],"class_list":{"0":"post-5294","1":"product","2":"type-product","3":"status-publish","4":"has-post-thumbnail","6":"product_cat-ciencias-economicas","7":"product_cat-uncategorized","9":"first","10":"instock","11":"downloadable","12":"virtual","13":"purchasable","14":"product-type-simple","15":"col-xs-6 col-sm-4","16":"col-mf-5","17":"un-5-cols"},"jetpack_sharing_enabled":true,"_links":{"self":[{"href":"https:\/\/portifolioos-prontos.com\/index.php\/wp-json\/wp\/v2\/product\/5294","targetHints":{"allow":["GET"]}}],"collection":[{"href":"https:\/\/portifolioos-prontos.com\/index.php\/wp-json\/wp\/v2\/product"}],"about":[{"href":"https:\/\/portifolioos-prontos.com\/index.php\/wp-json\/wp\/v2\/types\/product"}],"version-history":[{"count":0,"href":"https:\/\/portifolioos-prontos.com\/index.php\/wp-json\/wp\/v2\/product\/5294\/revisions"}],"wp:featuredmedia":[{"embeddable":true,"href":"https:\/\/portifolioos-prontos.com\/index.php\/wp-json\/wp\/v2\/media\/5306"}],"wp:attachment":[{"href":"https:\/\/portifolioos-prontos.com\/index.php\/wp-json\/wp\/v2\/media?parent=5294"}],"wp:term":[{"taxonomy":"product_cat","embeddable":true,"href":"https:\/\/portifolioos-prontos.com\/index.php\/wp-json\/wp\/v2\/product_cat?post=5294"},{"taxonomy":"product_tag","embeddable":true,"href":"https:\/\/portifolioos-prontos.com\/index.php\/wp-json\/wp\/v2\/product_tag?post=5294"}],"curies":[{"name":"wp","href":"https:\/\/api.w.org\/{rel}","templated":true}]}}