{"id":5351,"date":"2022-07-26T11:05:25","date_gmt":"2022-07-26T14:05:25","guid":{"rendered":"https:\/\/portifolioos-prontos.com\/?post_type=product&#038;p=5351"},"modified":"2022-09-14T15:54:11","modified_gmt":"2022-09-14T18:54:11","slug":"portfolio-criando-um-blog-voltado-para-alunos-do-ensino-superior","status":"publish","type":"product","link":"https:\/\/portifolioos-prontos.com\/index.php\/product\/portfolio-criando-um-blog-voltado-para-alunos-do-ensino-superior\/","title":{"rendered":"Portf\u00f3lio Criando um blog voltado para alunos do Ensino Superior"},"content":{"rendered":"<h4>Portf\u00f3lio Criando um blog voltado para alunos do Ensino Superior<\/h4>\n<h4>Curso: Matem\u00e1tica \u2013 Licenciatura<\/h4>\n<h4>Semestre: 5\u00b0\/6\u00b0<\/h4>\n<hr \/>\n<p>A proposta de Produ\u00e7\u00e3o Textual ter\u00e1 como tem\u00e1tica: Criando um blog voltado para alunos<br \/>\ndo Ensino Superior. Escolhemos esta tem\u00e1tica para possibilitar a aprendizagem interdisciplinar dos<br \/>\nconte\u00fados desenvolvidos nas disciplinas desse semestre.<br \/>\nInicialmente, \u00e9 importante que voc\u00ea realize a leitura atenta da situa\u00e7\u00e3o descrita para, na<br \/>\nsequ\u00eancia, seguir as orienta\u00e7\u00f5es apresentadas em cada uma das etapas subsequentes de modo a<br \/>\norganizar suas ideias para a conclus\u00e3o deste trabalho.<\/p>\n<p>ORIENTA\u00c7\u00d5ES DA PRODU\u00c7\u00c3O TEXTUAL<\/p>\n<p>1. Leitura e interpreta\u00e7\u00e3o da SGA<br \/>\nPor meio da leitura da SGA e, tamb\u00e9m, da situa\u00e7\u00e3o-problema destacada, voc\u00ea deve elaborar<br \/>\numa produ\u00e7\u00e3o textual que contemple os objetivos de aprendizagem propostos.<\/p>\n<p>SITUA\u00c7\u00c3O GERADORA DE APRENDIZAGEM (SGA)<\/p>\n<p>Voc\u00ea est\u00e1 fazendo parte de um projeto de inicia\u00e7\u00e3o cient\u00edfica, cuja tem\u00e1tica \u00e9 a utiliza\u00e7\u00e3o de<br \/>\nm\u00eddias digitais no ensino de Ci\u00eancias Exatas. O projeto tem o objetivo de utilizar alguma m\u00eddia digital<br \/>\npara auxiliar os alunos do Ensino Superior a compreender conceitos f\u00edsicos e matem\u00e1ticos, nos quais<br \/>\nos alunos apresentam dificuldades para aprend\u00ea-los.<br \/>\nA m\u00eddia digital escolhida foi um blog, pois, esse pode ser atualizado de maneira r\u00e1pida e<br \/>\npermite o incremento de v\u00e1rios recursos, entre textos, v\u00eddeos, imagens, entre outros. Como o<br \/>\nobjetivo do projeto \u00e9 auxiliar os alunos em algumas disciplinas do Ensino Superior, foi realizada uma<br \/>\npesquisa e constatou-se que as duas disciplinas em que os alunos apresentam mais dificuldades s\u00e3o<br \/>\nF\u00edsica e Estruturas Alg\u00e9bricas.<br \/>\nPara atingir os objetivos do projeto, seu orientador sugeriu a utiliza\u00e7\u00e3o Padlet para a cria\u00e7\u00e3o<br \/>\ndo blog e elaborou algumas atividades a serem realizadas na cria\u00e7\u00e3o do blog. Confira a seguir as<br \/>\natividades voc\u00ea dever\u00e1 produzir para esse trabalho!<\/p>\n<p>SITUA\u00c7\u00c3O-PROBLEMA (SP)<\/p>\n<p>Para a cria\u00e7\u00e3o do blog voltado para o Ensino Superior, voc\u00ea dever\u00e1 realizar as seguintes<br \/>\natividades.<\/p>\n<p>Atividade 1: Pesquisa Estat\u00edstica<br \/>\nO objetivo dessa atividade \u00e9 analisar o perfil dos alunos que ir\u00e3o acessar o blog, a fim de<br \/>\nnortear melhorias futuras no blog. Para isso crie um question\u00e1rio que forne\u00e7a dados suficientes para<br \/>\nresponder ao problema: Quais s\u00e3o as principais caracter\u00edsticas dos nossos leitores? O seu<br \/>\nquestion\u00e1rio deve ser feito com perguntas objetivas, coerentes e de f\u00e1cil resposta, al\u00e9m disso, deve<br \/>\nconter perguntas de m\u00faltipla escolha.<br \/>\nEsse question\u00e1rio deve fazer parte apenas da estrutura do blog e, portanto, n\u00e3o deve ser<br \/>\nrespondido por voc\u00ea!<br \/>\nO question\u00e1rio deve conter uma p\u00e1gina<a href=\"http:\/\/portfoliopronto.com\/\">.<\/a><\/p>\n<p>Atividade 2<a href=\"http:\/\/portfoliooead.com.br\/\">:<\/a>\u00a0Elaborando um objeto de aprendizagem<br \/>\nSendo a F\u00edsica uma das disciplinas que os alunos apresentam grandes dificuldades o seu<br \/>\norientador sugeriu que fosse selecionado ou criado um objeto de aprendizagem sobre algum<br \/>\nconceito f\u00edsico relacionado ao estudo dos movimentos dos corpos, leis de Newton, energia, luz e<br \/>\n\u00f3ptica geom\u00e9trica (T\u00f3picos de Fundamentos de F\u00edsica I). Como estamos em ano de olimp\u00edada foi<br \/>\nsugerido que o objeto deve relacionar pelo menos um desses conceitos com um dos esportes<br \/>\nol\u00edmpicos.<br \/>\nNo blog voc\u00ea ir\u00e1 apresentar esse objeto com uma descri\u00e7\u00e3o, contendo:<\/p>\n<p>O t\u00edtulo do objeto;<br \/>\nO link e a data de acesso do objeto (caso esteja dispon\u00edvel na internet)<br \/>\nO conte\u00fado f\u00edsico abordado no objeto<br \/>\nOs objetivos do objeto de aprendizagem<br \/>\nIndica\u00e7\u00e3o de n\u00edvel para utiliza\u00e7\u00e3o do objeto<br \/>\nUma descri\u00e7\u00e3o do objeto contemplando a funcionalidade do objeto.<\/p>\n<p>Voc\u00ea ter\u00e1 que entregar para seu orientador um texto que contenha as informa\u00e7\u00f5es do \u00faltimo<br \/>\nquadro bem como prints das telas desse objeto, para ilustrar o seu funcionamento. O texto deve<br \/>\nconter entre duas a quatro p\u00e1ginas.<\/p>\n<p>Atividade 3: Elaborando uma atividade<br \/>\nUma das principais dificuldades dos alunos em Estruturas Alg\u00e9bricas \u00e9 demonstrar o tipo de<br \/>\nestrutura alg\u00e9brica (Corpo, Anel ou Grupo) a qual um conjunto pertence. Considerando essa<br \/>\ndificuldade, proponha uma atividade em que seja necess\u00e1rio demonstrar a qual o tipo de estrutura<br \/>\num determinado conjunto pertence. Para isso, escolha um conjunto e demonstre qual o tipo de<br \/>\nestrutura ele \u00e9.<br \/>\nA sua atividade deve conter as seguintes informa\u00e7\u00f5es:<\/p>\n<p>T\u00edtulo da atividade;<\/p>\n<p>Conte\u00fado, com a indica\u00e7\u00e3o detalhada dos conceitos abordados na atividade;<br \/>\nObjetivos;<br \/>\nEnunciado da atividade contendo todas as informa\u00e7\u00f5es necess\u00e1rias, inclusive a<br \/>\ndescri\u00e7\u00e3o do conjunto escolhido<br \/>\nDemonstra\u00e7\u00e3o, utilizando todas as propriedades que caracterizam a estrutura como<br \/>\num Corpo, Grupo ou Anel.<\/p>\n<p>A produ\u00e7\u00e3o referente a essa atividade, contemplando todos os itens indicados no quadro<br \/>\nanterior, deve contemplar de uma a duas p\u00e1ginas.<\/p>\n<p>Atividade 4: Cria\u00e7\u00e3o do blog utilizando o Padlet<br \/>\nAp\u00f3s a produ\u00e7\u00e3o desses materiais, deve estruturar o blog no Padlet inserir os materiais que<br \/>\nvoc\u00ea produziu.<br \/>\nPara isso, inicialmente, acesse os seguintes materiais, os quais cont\u00e9m instru\u00e7\u00f5es de como utilizar o Padlet. Veja que para utiliz\u00e1-lo voc\u00ea deve inscrever-se gratuitamente no site https:\/\/pt-<br \/>\nbr.padlet.com\/ .<\/p>\n<p>\u25aa [Tutorial 2021] Como usar o Padlet para propor atividades pedag\u00f3gicas em aulas remotas e<br \/>\npresenciais. Dispon\u00edvel em https:\/\/www.youtube.com\/watch?v=rQRjQqWDa1s. Acesso em 13<br \/>\njul. 21.<br \/>\n\u25aa Tutorial Padlet para Professores. Dispon\u00edvel<br \/>\nem https:\/\/www.youtube.com\/watch?v=l6vPIL_sKqA. Acesso em 23 jul. 22.<br \/>\n\u25aa Quais s\u00e3o as melhores ideias de aula com padlet? Dispon\u00edvel<br \/>\nem https:\/\/www.youtube.com\/watch?v=9c79pSS37yI. Acesso em 23 jul. 22.<br \/>\n\u25aa Padlet: como criar e ideias para pr\u00e1ticas pedag\u00f3gicas. Dispon\u00edvel<br \/>\nem https:\/\/www.youtube.com\/watch?v=CwgSvdlWYK4. Acesso em 23 jul. 22.<br \/>\nAp\u00f3s se cadastrar no site do Padlet, escolha a op\u00e7\u00e3o gratuita e comece a editar o seu blog .<br \/>\nVoc\u00ea poder\u00e1 estruturar o layout (formato) dessa p\u00e1gina como desejar. Voc\u00ea dever\u00e1 inserir todos os<br \/>\nmateriais produzidos nas atividades 1, 2 e 3. Nessa p\u00e1gina, voc\u00ea tamb\u00e9m dever\u00e1 inserir, junto ao<br \/>\nt\u00edtulo, o seu nome, indicando que se trata de sua produ\u00e7\u00e3o.<br \/>\nPara concluir essa tarefa, voc\u00ea dever\u00e1 apresentar, na produ\u00e7\u00e3o textual:<\/p>\n<p>O t\u00edtulo do blog<br \/>\nO link e a data de acesso ao padlet.<br \/>\nDe 1 a 3 imagens (\u201cprints\u201d) do layout, criado no Padlet, elaborado por voc\u00ea. Essas<br \/>\nimagens devem estar em quantidade suficiente para evidenciar a inser\u00e7\u00e3o de todos os<br \/>\nmateriais produzidos nas atividades 1, 2 e 3 nessa p\u00e1gina.<\/p>\n<p>Essa tarefa da produ\u00e7\u00e3o, que deve incluir todos os itens indicados no quadro anterior<br \/>\ne precisa conter entre uma a tr\u00eas p\u00e1ginas.<\/p>\n<div class=\"elementor-toggle-item\">\n<h4 id=\"elementor-tab-title-1941\" class=\"elementor-tab-title elementor-active\" tabindex=\"0\" role=\"tab\" data-tab=\"1\" aria-controls=\"elementor-tab-content-1941\" aria-expanded=\"true\" aria-selected=\"true\">Como funciona?<\/h4>\n<div id=\"elementor-tab-content-1941\" class=\"elementor-tab-content elementor-clearfix elementor-active\" role=\"tabpanel\" data-tab=\"1\" aria-labelledby=\"elementor-tab-title-1941\">\n<p>Elaboramos os portf\u00f3lios, j\u00e1 deixamos prontos, nas normas da ABNT e conforme os requisitos da universidade. F\u00e1cil assim! O MELHOR \u00c9 QUE VOC\u00ca COMPRA E J\u00c1 BAIXA NA HORA O SEU ARQUIVO EM WORD! Sabemos que conciliar trabalho, fam\u00edlia, vida profissional e estudos \u00e9 dif\u00edcil hoje em dia, por isso, estamos aqui para ajudar voc\u00ea. Conte com nossa qualidade, experi\u00eancia e profissionalismo adquirindo seu portf\u00f3lio conosco. GARANTIMOS SEU CONCEITO!<\/p>\n<h4>Como se realizam os envios?<\/h4>\n<\/div>\n<\/div>\n<div class=\"elementor-toggle-item\">\n<div id=\"elementor-tab-content-1942\" class=\"elementor-tab-content elementor-clearfix elementor-active\" role=\"tabpanel\" data-tab=\"2\" aria-labelledby=\"elementor-tab-title-1942\">O seu trabalho \u00e9 disponibilizado pronto, respondido e nas normas j\u00e1 na mesma hora aqui em nosso site na sua \u00e1rea de downloads e tamb\u00e9m no seu e-mail.<\/div>\n<\/div>\n<div class=\"elementor-toggle-item\">\n<div id=\"elementor-tab-content-1943\" class=\"elementor-tab-content elementor-clearfix elementor-active\" role=\"tabpanel\" data-tab=\"3\" aria-labelledby=\"elementor-tab-title-1943\">\n<h4>Em quanto tempo recebo o portf\u00f3lio?<\/h4>\n<\/div>\n<\/div>\n<div class=\"elementor-toggle-item\">\n<div id=\"elementor-tab-content-1944\" class=\"elementor-tab-content elementor-clearfix elementor-active\" role=\"tabpanel\" data-tab=\"4\" aria-labelledby=\"elementor-tab-title-1944\">\n<p>Os envios s\u00e3o imediatos. Ap\u00f3s sua compra, o trabalho j\u00e1 \u00e9 disponibilizado instantaneamente aqui em nosso site e no seu e-mail.<\/p>\n<h4>E se o portf\u00f3lio que comprei precisar de corre\u00e7\u00e3o?<\/h4>\n<\/div>\n<\/div>\n<div class=\"elementor-toggle-item\">\n<div id=\"elementor-tab-content-1945\" class=\"elementor-tab-content elementor-clearfix elementor-active\" role=\"tabpanel\" data-tab=\"5\" aria-labelledby=\"elementor-tab-title-1945\">\n<p>Caso haja alguma solicita\u00e7\u00e3o de corre\u00e7\u00e3o\/altera\u00e7\u00e3o por parte do tutor, basta entrar em contato conosco pelo\u00a0WhatsApp\u00a0que provid\u00eanciaremos sem custo algum.<\/p>\n<h4>Qual o formato do arquivo?<\/h4>\n<\/div>\n<\/div>\n<div class=\"elementor-toggle-item\">\n<div id=\"elementor-tab-content-1946\" class=\"elementor-tab-content elementor-clearfix elementor-active\" role=\"tabpanel\" data-tab=\"6\" aria-labelledby=\"elementor-tab-title-1946\">\n<p>Os arquivos s\u00e3o enviados em formato Word e s\u00e3o edit\u00e1veis.<\/p>\n<h4>Caso eu tiver alguma d\u00favida, terei suporte no p\u00f3s venda?<\/h4>\n<\/div>\n<\/div>\n<div class=\"elementor-toggle-item\">\n<div id=\"elementor-tab-content-1948\" class=\"elementor-tab-content elementor-clearfix elementor-active\" role=\"tabpanel\" data-tab=\"8\" aria-labelledby=\"elementor-tab-title-1948\">\n<p>Sim, com certeza. Basta clicar no \u00edcone do WhatsApp no cantinho da tela. Ser\u00e1 um prazer atend\u00ea-lo(a).<\/p>\n<div class=\"elementor-toggle-item\">\n<div id=\"elementor-tab-content-1948\" class=\"elementor-tab-content elementor-clearfix elementor-active\" role=\"tabpanel\" data-tab=\"8\" aria-labelledby=\"elementor-tab-title-1948\">\n<h4>Quais os seus canais de contato?<\/h4>\n<\/div>\n<\/div>\n<div class=\"elementor-toggle-item\">\n<div id=\"elementor-tab-content-1949\" class=\"elementor-tab-content elementor-clearfix elementor-active\" role=\"tabpanel\" data-tab=\"9\" aria-labelledby=\"elementor-tab-title-1949\">\n<p>Whatsapp: 53 984751621 \u2013 Clicar no canto da tela ou ESCANEIE O QRCODE ABAIXO<\/p>\n<p><img decoding=\"async\" class=\"alignnone wp-image-7603\" src=\"http:\/\/portifolioos-prontos.com\/wp-content\/uploads\/2022\/09\/portfolio-unopar-pronto-colaborar-ava-producao-textual-interdisciplinar.png\" alt=\"Criando um blog voltado para alunos do Ensino Superior,portf\u00f3lio Criando um blog voltado para alunos do Ensino Superior,portfolio pronto Criando um blog voltado para alunos do Ensino Superior,unopar Criando um blog voltado para alunos do Ensino Superior,trabalho Criando um blog voltado para alunos do Ensino Superior,portfolio padlet unopar,fazer portfolio unopar,portfolio matem\u00e1tica,portfolio matematica financeira unopar,portfolio matematica,portfolio matematica unopar,portf\u00f3lio de matem\u00e1tica pronto,portfolio matem\u00e1tica unopar,portfolio unopar matem\u00e1tica,criar um blog para alunos,criar um blog para alunos ensino superior,Portfolio pronto,portifolio pronto,portf\u00f3lio pronto,portifolios prontos,portif\u00f3lios prontos,portf\u00f3lio pronto unopar,portifolio pronto unopar,portif\u00f3lio pronto unopar,portifolios prontos unopar,portifolios prontos anhanguera,portf\u00f3lios prontos anhanguera,portf\u00f3lio pronto anhanguera,portfolios ead,portf\u00f3lios ead,portfolioead,apostileiros,portf\u00f3lio ead,portifolios ead,portif\u00f3lios ead,eadhelp,shop do acad\u00eamico,unopar portfolio,portfolio pronto ead,portfolio unopar ead,ead portfolio ava,portf\u00f3lio ead anhanguera,portf\u00f3lio ead pront,o portf\u00f3lio ead unopar,portf\u00f3lio pronto em word,pti unopar,ptg unopar,modelo de portf\u00f3lio unopar,modelo de portf\u00f3lio anhanguera,como fazer um portf\u00f3lio para faculdade,como faz portf\u00f3lio universidade,como faz portf\u00f3lios para universidade,portf\u00f3lios prontos para universidade,portf\u00f3lios pronto para faculdade,portf\u00f3lio pronto para editar,portifolios prontos para editar,portf\u00f3lio em word,portfolio em word,portf\u00f3lio em word para editar,portifolio em word para editar,portfolio unopar pronto para editar,modelo de portfolio para unopar,modelo de portif\u00f3lio para unopar,modelo de portf\u00f3lio para unopar,unopar portf\u00f3lio pronto,anhanguera portf\u00f3lio pronto,portf\u00f3lio em word pronto,comprar portf\u00f3lio pronto,como fazer um portf\u00f3lio,como fazer portf\u00f3lio digital,portfolio,portf\u00f3lio,portifolio,portif\u00f3lio,portf\u00f3lio interdisciplinar individual,portfolio interdisciplinar individual,exemplos de portf\u00f3lio para faculdade,baixar portf\u00f3lio pronto,portf\u00f3lio acad\u00eamico,portf\u00f3lio online,portfoliooead,portfolio ead,portf\u00f3lio pronto interdisciplinar individual,relat\u00f3rio de est\u00e1gio unopar,relat\u00f3rio de est\u00e1gio pronto unopar,como criar um portf\u00f3lio,o que \u00e9 um portf\u00f3lio e como fazer,portfolio exemplo,modelo de portfolio acad\u00eamico,relat\u00f3rio de est\u00e1gio gest\u00e3o escolar pronto unopar,portf\u00f3lio como fazer,prova profici\u00eancia unopar,portfolio individual est\u00e1gio curricular obrigat\u00f3rio ii anos iniciais do ensino fundamental,prova de profici\u00eancia pedagogia unopar,capa de trabalho unopar para editar,portf\u00f3lio acad\u00eamico unopar,como fazer um portf\u00f3lio acad\u00eamico,portf\u00f3lio exemplos word,portfolio acad\u00eamico,portfolio individual,portfolio individual unopar,portfolio individual anhanguera,portfolio marketing digital,portf\u00f3lio educa\u00e7\u00e3o f\u00edsica unopar,portf\u00f3lio gest\u00e3o educacional e espa\u00e7os n\u00e3o escolares,como fazer um portifolio unopar,modelo de portf\u00f3lio unopar em arquivo word,capa de portf\u00f3lio de pedagogia,como fazer um portf\u00f3lio no word,projeto integrado unopar,exemplo de portf\u00f3lio academico pedagogia\" width=\"141\" height=\"141\" srcset=\"https:\/\/portifolioos-prontos.com\/wp-content\/uploads\/2022\/09\/portfolio-unopar-pronto-colaborar-ava-producao-textual-interdisciplinar.png 150w, https:\/\/portifolioos-prontos.com\/wp-content\/uploads\/2022\/09\/portfolio-unopar-pronto-colaborar-ava-producao-textual-interdisciplinar-100x100.png 100w\" sizes=\"(max-width: 141px) 100vw, 141px\" \/><\/p>\n<\/div>\n<\/div>\n<\/div>\n<\/div>\n<div class=\"elementor-toggle-item\">\n<div id=\"elementor-tab-content-1949\" class=\"elementor-tab-content elementor-clearfix elementor-active\" role=\"tabpanel\" data-tab=\"9\" aria-labelledby=\"elementor-tab-title-1949\">\n<p>E-mail:portifoliosp@gmail.com<\/p>\n<div id=\"attachment_143\" class=\"wp-caption alignnone\" style=\"width: 154px;\">\n<p><a href=\"http:\/\/portifolioos-prontos.com\/\"><img decoding=\"async\" class=\"wp-image-143 \" title=\"portfolio pronto unopar\" src=\"http:\/\/portifolioos-prontos.com\/wp-content\/uploads\/2022\/04\/conceitomaximo.png\" alt=\"portfolio pronto unopar\" width=\"154\" height=\"44\" aria-describedby=\"caption-attachment-143\" \/><\/a><\/p>\n<p id=\"caption-attachment-143\" class=\"wp-caption-text\">portfolio pronto unopar<\/p>\n<\/div>\n<\/div>\n<\/div>\n","protected":false},"excerpt":{"rendered":"<p>Portf\u00f3lio Criando um blog voltado para alunos do Ensino Superior Curso: Matem\u00e1tica \u2013 Licenciatura Semestre: 5\u00b0\/6\u00b0 A proposta de Produ\u00e7\u00e3o Textual ter\u00e1 como tem\u00e1tica: Criando um blog voltado para alunos do Ensino Superior. Escolhemos esta tem\u00e1tica para possibilitar a aprendizagem interdisciplinar dos conte\u00fados desenvolvidos nas disciplinas desse semestre. Inicialmente, \u00e9 importante que voc\u00ea realize a&hellip;<\/p>\n","protected":false},"featured_media":5420,"template":"","meta":{"_seopress_robots_primary_cat":"none","_seopress_titles_title":"%%post_title%% %%sitetitle%%","_seopress_titles_desc":"%%post_content%%","_seopress_robots_index":""},"product_cat":[47,62,15],"product_tag":[],"class_list":{"0":"post-5351","1":"product","2":"type-product","3":"status-publish","4":"has-post-thumbnail","6":"product_cat-licenciaturas","7":"product_cat-matematica","8":"product_cat-uncategorized","10":"first","11":"instock","12":"downloadable","13":"virtual","14":"purchasable","15":"product-type-simple","16":"col-xs-6 col-sm-4","17":"col-mf-5","18":"un-5-cols"},"jetpack_sharing_enabled":true,"_links":{"self":[{"href":"https:\/\/portifolioos-prontos.com\/index.php\/wp-json\/wp\/v2\/product\/5351","targetHints":{"allow":["GET"]}}],"collection":[{"href":"https:\/\/portifolioos-prontos.com\/index.php\/wp-json\/wp\/v2\/product"}],"about":[{"href":"https:\/\/portifolioos-prontos.com\/index.php\/wp-json\/wp\/v2\/types\/product"}],"version-history":[{"count":0,"href":"https:\/\/portifolioos-prontos.com\/index.php\/wp-json\/wp\/v2\/product\/5351\/revisions"}],"wp:featuredmedia":[{"embeddable":true,"href":"https:\/\/portifolioos-prontos.com\/index.php\/wp-json\/wp\/v2\/media\/5420"}],"wp:attachment":[{"href":"https:\/\/portifolioos-prontos.com\/index.php\/wp-json\/wp\/v2\/media?parent=5351"}],"wp:term":[{"taxonomy":"product_cat","embeddable":true,"href":"https:\/\/portifolioos-prontos.com\/index.php\/wp-json\/wp\/v2\/product_cat?post=5351"},{"taxonomy":"product_tag","embeddable":true,"href":"https:\/\/portifolioos-prontos.com\/index.php\/wp-json\/wp\/v2\/product_tag?post=5351"}],"curies":[{"name":"wp","href":"https:\/\/api.w.org\/{rel}","templated":true}]}}