{"id":5503,"date":"2022-07-27T10:05:00","date_gmt":"2022-07-27T13:05:00","guid":{"rendered":"https:\/\/portifolioos-prontos.com\/?post_type=product&#038;p=5503"},"modified":"2022-09-14T15:53:48","modified_gmt":"2022-09-14T18:53:48","slug":"portfolio-formacao-continuada","status":"publish","type":"product","link":"https:\/\/portifolioos-prontos.com\/index.php\/product\/portfolio-formacao-continuada\/","title":{"rendered":"Portf\u00f3lio Forma\u00e7\u00e3o Continuada"},"content":{"rendered":"<h4>Portf\u00f3lio Forma\u00e7\u00e3o Continuada<\/h4>\n<h4>Curso: Licenciatura em Matem\u00e1tica<\/h4>\n<h4>Semestre: 4\u00b0 semestre<\/h4>\n<h4>Modelo 2022<\/h4>\n<hr \/>\n<p>A proposta de Produ\u00e7\u00e3o Textual Interdisciplinar em individual (PTI) ter\u00e1 como tem\u00e1tica:<br \/>\nForma\u00e7\u00e3o Continuada. Escolhemos essa tem\u00e1tica para que voc\u00ea possa adquirir novos saberes<br \/>\ndocentes, para possibilitar a aprendizagem interdisciplinar dos conte\u00fados desenvolvidos nas<br \/>\ndisciplinas deste semestre e, ainda, fomentar pr\u00e1ticas pedag\u00f3gicas.<br \/>\nORIENTA\u00c7\u00d5ES DA PRODU\u00c7\u00c3O TEXTUAL<\/p>\n<p><a href=\"http:\/\/portfoliopronto.com\/\">1.<\/a>\u00a0Leitura e interpreta\u00e7\u00e3o da SGA<br \/>\nPor meio da leitura da SGA e, tamb\u00e9m, da situa\u00e7\u00e3o-problema destacada, voc\u00eas devem<br \/>\nelaborar uma produ\u00e7\u00e3o textual que contemple um ou mais conte\u00fados de sua \u00e1rea.<\/p>\n<p><a href=\"http:\/\/portfoliooead.com.br\/\">S<\/a>ITUA\u00c7\u00c3O GERADORA DE APRENDIZAGEM (SGA)<\/p>\n<p>O avan\u00e7o da tecnologia permite que tenhamos acesso a uma quantidade muito grande de<br \/>\ninforma\u00e7\u00f5es em um curto espa\u00e7o de tempo. Por isso, \u00e9 imprescind\u00edvel para qualquer profissional se<br \/>\nmanter atualizado. No \u00e2mbito escolar \u00e9 fundamental que professores acompanhem essas<br \/>\ninforma\u00e7\u00f5es e saibam como utiliz\u00e1-las em sala de aula visando a constru\u00e7\u00e3o de conhecimentos e<\/p>\n<p>saberes dos alunos. Para isso \u00e9 importante que o professor entenda que sua forma\u00e7\u00e3o \u00e9 um processo<br \/>\ncont\u00ednuo, que n\u00e3o termina ap\u00f3s a conclus\u00e3o de um curso de Licenciatura.<br \/>\nA forma\u00e7\u00e3o continuada pode ser entendida como um processo em que a conclus\u00e3o do curso<br \/>\nde Licenciatura \u00e9 apenas uma das etapas do longo processo de aprendizado na carreira docente.<br \/>\nNesse sentido, a forma\u00e7\u00e3o continuada refere-se a todo o processo de aprendizagem que acontece<br \/>\nap\u00f3s a forma\u00e7\u00e3o inicial. Essa forma\u00e7\u00e3o pode acontecer em diferentes momentos, como por exemplo,<br \/>\ndentro da escola por meio de espa\u00e7os colaborativos e reflexivos, em congressos e palestras e em<br \/>\nprogramas de p\u00f3s-gradua\u00e7\u00e3o. Ao falarmos em p\u00f3s-gradua\u00e7\u00e3o, estamos nos referindo aos cursos que<br \/>\nexigem um diploma de curso superior. Os cursos de p\u00f3s-gradua\u00e7\u00e3o podem ser latu-sensu<br \/>\n(especializa\u00e7\u00e3o e MBA) e stricto- sensu (mestrado e doutorado) e permitem, ao professor, o<br \/>\naprofundamento de seus conhecimentos em determinada \u00e1rea e\/ou a dedica\u00e7\u00e3o \u00e0 pesquisa e aos<br \/>\nestudos acad\u00eamicos, principalmente, pesquisas relacionadas a novas pr\u00e1ticas pedag\u00f3gicas visando o<br \/>\nmaior engajamento do aluno com o conhecimento que est\u00e1 sendo apreendido.<\/p>\n<p>SITUA\u00c7\u00c3O-PROBLEMA (SP)<\/p>\n<p>Diante do contexto apresentado, suponha que voc\u00ea tenha decidido que, ao terminar a sua<br \/>\nfaculdade, al\u00e9m de iniciar sua carreira docente na Educa\u00e7\u00e3o B\u00e1sica, voc\u00ea ir\u00e1 ingressar no mestrado<br \/>\nem Educa\u00e7\u00e3o Matem\u00e1tica em uma Universidade de sua regi\u00e3o. Para fazer o mestrado nessa<br \/>\nuniversidade, \u00e9 necess\u00e1rio passar por um processo seletivo. Ao pesquisar como funciona esse<br \/>\nprocesso, percebeu que ele \u00e9 dividido em duas etapas, uma prova dissertativa sobre algum tema de<br \/>\nEduca\u00e7\u00e3o Matem\u00e1tica e uma prova sobre conhecimentos espec\u00edficos. A fim de se preparar para o<br \/>\nprocesso seletivo, voc\u00ea decidiu organizar seus estudos da seguinte forma: (a) em rela\u00e7\u00e3o \u00e0 prova de<br \/>\nconhecimentos espec\u00edficos, voc\u00ea realizou buscas no site do programa e encontrou as provas<br \/>\nanteriores bem como um levantamento sobre os conceitos matem\u00e1ticos mais recorrentes,<br \/>\npossibilitando selecionar quest\u00f5es para a resolu\u00e7\u00e3o e an\u00e1lise e, (b) para a prova dissertativa, voc\u00ea<br \/>\nrealizou um levantamento sobre os principais temas abordados nas provas anteriores e decidiu fazer<br \/>\na produ\u00e7\u00e3o de textos dissertativos que envolvam esses temas.<br \/>\nNa sequ\u00eancia, voc\u00ea encontrar\u00e1 duas tarefas, sendo a primeira relativa \u00e0 etapa de prova de<br \/>\nconhecimentos espec\u00edficos e, a segunda, \u00e0 etapa de prova dissertativa sobre um tema da Educa\u00e7\u00e3o<br \/>\nMatem\u00e1tica.<\/p>\n<p>Tarefa 1:<br \/>\nNo levantamento realizado, voc\u00ea identificou que o conceito mais recorrente nas provas de<br \/>\nconhecimentos espec\u00edficos era sobre fun\u00e7\u00f5es. Al\u00e9m disso, percebeu que todas as quest\u00f5es eram<br \/>\nabertas, sendo necess\u00e1rio seguir um padr\u00e3o de resposta. Segundo os editais anteriores, al\u00e9m da<br \/>\nresolu\u00e7\u00e3o da quest\u00e3o era necess\u00e1rio identificar, pelo menos, uma habilidade ou compet\u00eancia da Base<br \/>\nNacional Comum Curricular (BNCC), o ano de escolaridade no qual a quest\u00e3o poderia ser trabalhada<br \/>\ne uma explana\u00e7\u00e3o de como essa quest\u00e3o pode ser tratada dentro da sala de aula (encaminhamento<\/p>\n<p>metodol\u00f3gico). Considerando essas informa\u00e7\u00f5es, voc\u00ea decidiu selecionar duas quest\u00f5es e respond\u00ea-<br \/>\nlas considerando o padr\u00e3o de resposta estabelecido no edital. Para isso voc\u00ea elaborou um quadro<\/p>\n<p>com todos os itens que devem conter na resposta das quest\u00f5es:<br \/>\nQuadro 1- Padr\u00e3o de respostas<\/p>\n<p>Habilidades e compet\u00eancias que podem ser desenvolvidas com a quest\u00e3o:<br \/>\nAno de escolaridade da Educa\u00e7\u00e3o B\u00e1sica:<br \/>\nQuest\u00e3o: (inserir quest\u00e3o):<br \/>\nResolu\u00e7\u00e3o detalhada:<br \/>\nEncaminhamento metodol\u00f3gico em sala de aula:<\/p>\n<p>A seguir s\u00e3o apresentadas cada uma dessas quest\u00f5es que devem ser resolvidas considerando<br \/>\nos itens apresentados no quadro 1.<br \/>\nQuest\u00e3o 1: (PROFMAT- 2016) O gr\u00e1fico da fun\u00e7\u00e3o y = f(x), formado por tr\u00eas segmentos de reta,<br \/>\nest\u00e1 representado na figura abaixo.<\/p>\n<p><img fetchpriority=\"high\" decoding=\"async\" class=\"alignnone size-medium wp-image-54514 jetpack-lazy-image jetpack-lazy-image--handled lazyloaded\" src=\"https:\/\/i0.wp.com\/portfoliooead.com.br\/wp-content\/uploads\/2022\/07\/Sem-titulo-16.png?resize=600%2C314&amp;is-pending-load=1#038;ssl=1\" sizes=\"(max-width: 600px) 100vw, 600px\" srcset=\"https:\/\/i0.wp.com\/portfoliooead.com.br\/wp-content\/uploads\/2022\/07\/Sem-titulo-16.png?resize=600%2C314&amp;ssl=1 600w, https:\/\/i0.wp.com\/portfoliooead.com.br\/wp-content\/uploads\/2022\/07\/Sem-titulo-16.png?resize=250%2C131&amp;ssl=1 250w, https:\/\/i0.wp.com\/portfoliooead.com.br\/wp-content\/uploads\/2022\/07\/Sem-titulo-16.png?w=615&amp;ssl=1 615w\" alt=\"Forma\u00e7\u00e3o Continuada,portf\u00f3lio Forma\u00e7\u00e3o Continuada,portf\u00f3lio matematica Forma\u00e7\u00e3o Continuada,portf\u00f3lio pronto Forma\u00e7\u00e3o Continuada,portf\u00f3lio unopar Forma\u00e7\u00e3o Continuada,trabalho pronto Forma\u00e7\u00e3o Continuada,portfolio ead,apostileiros Forma\u00e7\u00e3o Continuada,portfolio matematica,portfolio matematica unopar,portfolio matematica financeira unopar,Portfolio pronto,portifolio pronto,portf\u00f3lio pronto,portifolios prontos,portif\u00f3lios prontos,portf\u00f3lio pronto unopar,portifolio pronto unopar,portif\u00f3lio pronto unopar,portifolios prontos unopar,portifolios prontos anhanguera,portf\u00f3lios prontos anhanguera,portf\u00f3lio pronto anhanguera,portfolios ead,portf\u00f3lios ead,portfolioead,apostileiros,portf\u00f3lio ead,portifolios ead,portif\u00f3lios ead,eadhelp,shop do acad\u00eamico,unopar portfolio,portfolio pronto ead,portfolio unopar ead,ead portfolio ava,portf\u00f3lio ead anhanguera,portf\u00f3lio ead pront,o portf\u00f3lio ead unopar,portf\u00f3lio pronto em word,pti unopar,ptg unopar,modelo de portf\u00f3lio unopar,modelo de portf\u00f3lio anhanguera,como fazer um portf\u00f3lio para faculdade,como faz portf\u00f3lio universidade,como faz portf\u00f3lios para universidade,portf\u00f3lios prontos para universidade,portf\u00f3lios pronto para faculdade,portf\u00f3lio pronto para editar,portifolios prontos para editar,portf\u00f3lio em word,portfolio em word,portf\u00f3lio em word para editar,portifolio em word para editar,portfolio unopar pronto para editar,modelo de portfolio para unopar,modelo de portif\u00f3lio para unopar,modelo de portf\u00f3lio para unopar,unopar portf\u00f3lio pronto,anhanguera portf\u00f3lio pronto,portf\u00f3lio em word pronto,comprar portf\u00f3lio pronto,como fazer um portf\u00f3lio,como fazer portf\u00f3lio digital,portfolio,portf\u00f3lio,portifolio,portif\u00f3lio,portf\u00f3lio interdisciplinar individual,portfolio interdisciplinar individual,exemplos de portf\u00f3lio para faculdade,baixar portf\u00f3lio pronto,portf\u00f3lio acad\u00eamico,portf\u00f3lio online,portfoliooead,portf\u00f3lio pronto interdisciplinar individual,relat\u00f3rio de est\u00e1gio unopar,relat\u00f3rio de est\u00e1gio pronto unopar,como criar um portf\u00f3lio,o que \u00e9 um portf\u00f3lio e como fazer,portfolio exemplo,modelo de portfolio acad\u00eamico,relat\u00f3rio de est\u00e1gio gest\u00e3o escolar pronto unopar,portf\u00f3lio como fazer,prova profici\u00eancia unopar,portfolio individual est\u00e1gio curricular obrigat\u00f3rio ii anos iniciais do ensino fundamental,prova de profici\u00eancia pedagogia unopar,capa de trabalho unopar para editar,portf\u00f3lio acad\u00eamico unopar,como fazer um portf\u00f3lio acad\u00eamico,portf\u00f3lio exemplos word,portfolio acad\u00eamico,portfolio individual,portfolio individual unopar,portfolio individual anhanguera,portfolio marketing digital,portf\u00f3lio educa\u00e7\u00e3o f\u00edsica unopar,portf\u00f3lio gest\u00e3o educacional e espa\u00e7os n\u00e3o escolares,como fazer um portifolio unopar,modelo de portf\u00f3lio unopar em arquivo word,capa de portf\u00f3lio de pedagogia,como fazer um portf\u00f3lio no word,projeto integrado unopar,exemplo de portf\u00f3lio academico pedagogia\" width=\"600\" height=\"314\" data-attachment-id=\"54514\" data-permalink=\"https:\/\/portfoliooead.com.br\/?attachment_id=54514#main\" data-orig-file=\"https:\/\/i0.wp.com\/portfoliooead.com.br\/wp-content\/uploads\/2022\/07\/Sem-titulo-16.png?fit=615%2C322&amp;ssl=1\" data-orig-size=\"615,322\" data-comments-opened=\"1\" data-image-meta=\"{&quot;aperture&quot;:&quot;0&quot;,&quot;credit&quot;:&quot;&quot;,&quot;camera&quot;:&quot;&quot;,&quot;caption&quot;:&quot;&quot;,&quot;created_timestamp&quot;:&quot;0&quot;,&quot;copyright&quot;:&quot;&quot;,&quot;focal_length&quot;:&quot;0&quot;,&quot;iso&quot;:&quot;0&quot;,&quot;shutter_speed&quot;:&quot;0&quot;,&quot;title&quot;:&quot;&quot;,&quot;orientation&quot;:&quot;0&quot;}\" data-image-title=\"Sem t\u00edtulo\" data-image-description=\"\" data-image-caption=\"\" data-medium-file=\"https:\/\/i0.wp.com\/portfoliooead.com.br\/wp-content\/uploads\/2022\/07\/Sem-titulo-16.png?fit=600%2C314&amp;ssl=1\" data-large-file=\"https:\/\/i0.wp.com\/portfoliooead.com.br\/wp-content\/uploads\/2022\/07\/Sem-titulo-16.png?fit=615%2C322&amp;ssl=1\" data-recalc-dims=\"1\" data-ll-status=\"loaded\" data-lazy-loaded=\"1\" \/><\/p>\n<p>Quest\u00e3o 2: (PROFMAT- 2012) Um engenheiro far\u00e1 uma passarela de 10 metros de comprimento,<br \/>\nligando a porta da casa ao port\u00e3o da rua. A passarela ter\u00e1 1 metro de largura e ele, para revesti-la,<br \/>\ndisp\u00f5e de 10 pedras quadradas de lado 1 metro e 5 pedras retangulares de 1 metro por 2 metros.<br \/>\nTodas as pedras s\u00e3o da mesma cor, as pedras de mesmo tamanho s\u00e3o indistingu\u00edveis umas das outras<br \/>\ne o rejunte ficar\u00e1 aparente, embora com espessura desprez\u00edvel. De quantas maneiras ele pode<br \/>\nrevestir a passarela?<br \/>\nTarefa 2:<br \/>\nEm suas pesquisas voc\u00ea identificou que os temas das provas dissertativas contemplavam<br \/>\nalgum conte\u00fado matem\u00e1tico associado a uma metodologia para o ensino da Matem\u00e1tica. Diante<br \/>\ndisso voc\u00ea listou alguns poss\u00edveis temas para a prova dissertativa.<br \/>\nQuadro 2- Temas das quest\u00f5es dissertativas<\/p>\n<p>1 Resolu\u00e7\u00e3o de problema e o ensino de sistemas de equa\u00e7\u00f5es lineares, determinantes e\/ou<br \/>\nmatrizes na Educa\u00e7\u00e3o B\u00e1sica.<br \/>\n2 Modelagem Matem\u00e1tica e o ensino de Geometria Plana na Educa\u00e7\u00e3o B\u00e1sica.<br \/>\n3 Investiga\u00e7\u00e3o Matem\u00e1tica e o ensino de An\u00e1lise Combinat\u00f3ria na Educa\u00e7\u00e3o B\u00e1sica.<br \/>\nDe acordo com os editais anteriores, para a prova dissertativa s\u00e3o propostos 3 temas e o aluno<br \/>\ndeve escolher um tema e dissertar sobre ele destacando os seguintes aspectos:<br \/>\n\u2022 Justificativa para utilizar a metodologia no ensino do conte\u00fado matem\u00e1tico proposto;<br \/>\n\u2022 Caracter\u00edsticas da metodologia e como pode ser desenvolvida em sala de aula;<br \/>\n\u2022 Como a metodologia pode contribuir para o processo de aprendizagem do conte\u00fado.<br \/>\nDentre os temas apresentados, selecione um \u00fanico tema e elabore um texto dissertativo<br \/>\nconsiderando os aspectos apresentados anteriormente. N\u00e3o se esque\u00e7a de referenciar os autores<br \/>\nutilizados na constru\u00e7\u00e3o do texto. O texto deve ter entre duas e tr\u00eas p\u00e1ginas.<br \/>\nATEN\u00c7\u00c3O: O texto elaborado deve ser IN\u00c9DITO. Caso sejam identificados fragmentos plagiados, o<br \/>\ntrabalho ser\u00e1 INVALIDADO.<\/p>\n<div class=\"elementor-toggle-item\">\n<h4 id=\"elementor-tab-title-1941\" class=\"elementor-tab-title elementor-active\" tabindex=\"0\" role=\"tab\" data-tab=\"1\" aria-controls=\"elementor-tab-content-1941\" aria-expanded=\"true\" aria-selected=\"true\">Como funciona?<\/h4>\n<div id=\"elementor-tab-content-1941\" class=\"elementor-tab-content elementor-clearfix elementor-active\" role=\"tabpanel\" data-tab=\"1\" aria-labelledby=\"elementor-tab-title-1941\">\n<p>Elaboramos os portf\u00f3lios, j\u00e1 deixamos prontos, nas normas da ABNT e conforme os requisitos da universidade. F\u00e1cil assim! O MELHOR \u00c9 QUE VOC\u00ca COMPRA E J\u00c1 BAIXA NA HORA O SEU ARQUIVO EM WORD! Sabemos que conciliar trabalho, fam\u00edlia, vida profissional e estudos \u00e9 dif\u00edcil hoje em dia, por isso, estamos aqui para ajudar voc\u00ea. Conte com nossa qualidade, experi\u00eancia e profissionalismo adquirindo seu portf\u00f3lio conosco. GARANTIMOS SEU CONCEITO!<\/p>\n<h4>Como se realizam os envios?<\/h4>\n<\/div>\n<\/div>\n<div class=\"elementor-toggle-item\">\n<div id=\"elementor-tab-content-1942\" class=\"elementor-tab-content elementor-clearfix elementor-active\" role=\"tabpanel\" data-tab=\"2\" aria-labelledby=\"elementor-tab-title-1942\">O seu trabalho \u00e9 disponibilizado pronto, respondido e nas normas j\u00e1 na mesma hora aqui em nosso site na sua \u00e1rea de downloads e tamb\u00e9m no seu e-mail.<\/div>\n<\/div>\n<div class=\"elementor-toggle-item\">\n<div id=\"elementor-tab-content-1943\" class=\"elementor-tab-content elementor-clearfix elementor-active\" role=\"tabpanel\" data-tab=\"3\" aria-labelledby=\"elementor-tab-title-1943\">\n<h4>Em quanto tempo recebo o portf\u00f3lio?<\/h4>\n<\/div>\n<\/div>\n<div class=\"elementor-toggle-item\">\n<div id=\"elementor-tab-content-1944\" class=\"elementor-tab-content elementor-clearfix elementor-active\" role=\"tabpanel\" data-tab=\"4\" aria-labelledby=\"elementor-tab-title-1944\">\n<p>Os envios s\u00e3o imediatos. Ap\u00f3s sua compra, o trabalho j\u00e1 \u00e9 disponibilizado instantaneamente aqui em nosso site e no seu e-mail.<\/p>\n<h4>E se o portf\u00f3lio que comprei precisar de corre\u00e7\u00e3o?<\/h4>\n<\/div>\n<\/div>\n<div class=\"elementor-toggle-item\">\n<div id=\"elementor-tab-content-1945\" class=\"elementor-tab-content elementor-clearfix elementor-active\" role=\"tabpanel\" data-tab=\"5\" aria-labelledby=\"elementor-tab-title-1945\">\n<p>Caso haja alguma solicita\u00e7\u00e3o de corre\u00e7\u00e3o\/altera\u00e7\u00e3o por parte do tutor, basta entrar em contato conosco pelo\u00a0WhatsApp\u00a0que provid\u00eanciaremos sem custo algum.<\/p>\n<h4>Qual o formato do arquivo?<\/h4>\n<\/div>\n<\/div>\n<div class=\"elementor-toggle-item\">\n<div id=\"elementor-tab-content-1946\" class=\"elementor-tab-content elementor-clearfix elementor-active\" role=\"tabpanel\" data-tab=\"6\" aria-labelledby=\"elementor-tab-title-1946\">\n<p>Os arquivos s\u00e3o enviados em formato Word e s\u00e3o edit\u00e1veis.<\/p>\n<h4>Caso eu tiver alguma d\u00favida, terei suporte no p\u00f3s venda?<\/h4>\n<\/div>\n<\/div>\n<div class=\"elementor-toggle-item\">\n<div id=\"elementor-tab-content-1948\" class=\"elementor-tab-content elementor-clearfix elementor-active\" role=\"tabpanel\" data-tab=\"8\" aria-labelledby=\"elementor-tab-title-1948\">\n<p>Sim, com certeza. Basta clicar no \u00edcone do WhatsApp no cantinho da tela. Ser\u00e1 um prazer atend\u00ea-lo(a).<\/p>\n<div class=\"elementor-toggle-item\">\n<div id=\"elementor-tab-content-1948\" class=\"elementor-tab-content elementor-clearfix elementor-active\" role=\"tabpanel\" data-tab=\"8\" aria-labelledby=\"elementor-tab-title-1948\">\n<h4>Quais os seus canais de contato?<\/h4>\n<\/div>\n<\/div>\n<div class=\"elementor-toggle-item\">\n<div id=\"elementor-tab-content-1949\" class=\"elementor-tab-content elementor-clearfix elementor-active\" role=\"tabpanel\" data-tab=\"9\" aria-labelledby=\"elementor-tab-title-1949\">\n<p>Whatsapp: 53 984751621 \u2013 Clicar no canto da tela ou ESCANEIE O QRCODE ABAIXO<\/p>\n<p><img decoding=\"async\" class=\"alignnone wp-image-7603\" src=\"http:\/\/portifolioos-prontos.com\/wp-content\/uploads\/2022\/09\/portfolio-unopar-pronto-colaborar-ava-producao-textual-interdisciplinar.png\" alt=\"Forma\u00e7\u00e3o Continuada,portf\u00f3lio Forma\u00e7\u00e3o Continuada,portf\u00f3lio matematica Forma\u00e7\u00e3o Continuada,portf\u00f3lio pronto Forma\u00e7\u00e3o Continuada,portf\u00f3lio unopar Forma\u00e7\u00e3o Continuada,trabalho pronto Forma\u00e7\u00e3o Continuada,portfolio ead,apostileiros Forma\u00e7\u00e3o Continuada,portfolio matematica,portfolio matematica unopar,portfolio matematica financeira unopar,Portfolio pronto,portifolio pronto,portf\u00f3lio pronto,portifolios prontos,portif\u00f3lios prontos,portf\u00f3lio pronto unopar,portifolio pronto unopar,portif\u00f3lio pronto unopar,portifolios prontos unopar,portifolios prontos anhanguera,portf\u00f3lios prontos anhanguera,portf\u00f3lio pronto anhanguera,portfolios ead,portf\u00f3lios ead,portfolioead,apostileiros,portf\u00f3lio ead,portifolios ead,portif\u00f3lios ead,eadhelp,shop do acad\u00eamico,unopar portfolio,portfolio pronto ead,portfolio unopar ead,ead portfolio ava,portf\u00f3lio ead anhanguera,portf\u00f3lio ead pront,o portf\u00f3lio ead unopar,portf\u00f3lio pronto em word,pti unopar,ptg unopar,modelo de portf\u00f3lio unopar,modelo de portf\u00f3lio anhanguera,como fazer um portf\u00f3lio para faculdade,como faz portf\u00f3lio universidade,como faz portf\u00f3lios para universidade,portf\u00f3lios prontos para universidade,portf\u00f3lios pronto para faculdade,portf\u00f3lio pronto para editar,portifolios prontos para editar,portf\u00f3lio em word,portfolio em word,portf\u00f3lio em word para editar,portifolio em word para editar,portfolio unopar pronto para editar,modelo de portfolio para unopar,modelo de portif\u00f3lio para unopar,modelo de portf\u00f3lio para unopar,unopar portf\u00f3lio pronto,anhanguera portf\u00f3lio pronto,portf\u00f3lio em word pronto,comprar portf\u00f3lio pronto,como fazer um portf\u00f3lio,como fazer portf\u00f3lio digital,portfolio,portf\u00f3lio,portifolio,portif\u00f3lio,portf\u00f3lio interdisciplinar individual,portfolio interdisciplinar individual,exemplos de portf\u00f3lio para faculdade,baixar portf\u00f3lio pronto,portf\u00f3lio acad\u00eamico,portf\u00f3lio online,portfoliooead,portf\u00f3lio pronto interdisciplinar individual,relat\u00f3rio de est\u00e1gio unopar,relat\u00f3rio de est\u00e1gio pronto unopar,como criar um portf\u00f3lio,o que \u00e9 um portf\u00f3lio e como fazer,portfolio exemplo,modelo de portfolio acad\u00eamico,relat\u00f3rio de est\u00e1gio gest\u00e3o escolar pronto unopar,portf\u00f3lio como fazer,prova profici\u00eancia unopar,portfolio individual est\u00e1gio curricular obrigat\u00f3rio ii anos iniciais do ensino fundamental,prova de profici\u00eancia pedagogia unopar,capa de trabalho unopar para editar,portf\u00f3lio acad\u00eamico unopar,como fazer um portf\u00f3lio acad\u00eamico,portf\u00f3lio exemplos word,portfolio acad\u00eamico,portfolio individual,portfolio individual unopar,portfolio individual anhanguera,portfolio marketing digital,portf\u00f3lio educa\u00e7\u00e3o f\u00edsica unopar,portf\u00f3lio gest\u00e3o educacional e espa\u00e7os n\u00e3o escolares,como fazer um portifolio unopar,modelo de portf\u00f3lio unopar em arquivo word,capa de portf\u00f3lio de pedagogia,como fazer um portf\u00f3lio no word,projeto integrado unopar,exemplo de portf\u00f3lio academico pedagogia\" width=\"141\" height=\"141\" srcset=\"https:\/\/portifolioos-prontos.com\/wp-content\/uploads\/2022\/09\/portfolio-unopar-pronto-colaborar-ava-producao-textual-interdisciplinar.png 150w, https:\/\/portifolioos-prontos.com\/wp-content\/uploads\/2022\/09\/portfolio-unopar-pronto-colaborar-ava-producao-textual-interdisciplinar-100x100.png 100w\" sizes=\"(max-width: 141px) 100vw, 141px\" \/><\/p>\n<\/div>\n<\/div>\n<\/div>\n<\/div>\n<div class=\"elementor-toggle-item\">\n<div id=\"elementor-tab-content-1949\" class=\"elementor-tab-content elementor-clearfix elementor-active\" role=\"tabpanel\" data-tab=\"9\" aria-labelledby=\"elementor-tab-title-1949\">\n<p>E-mail:portifoliosp@gmail.com<\/p>\n<div id=\"attachment_143\" class=\"wp-caption alignnone\">\n<div id=\"attachment_143\" class=\"wp-caption alignnone\" style=\"width: 154px;\">\n<p><a href=\"http:\/\/portifolioos-prontos.com\/\"><img decoding=\"async\" class=\"wp-image-143\" title=\"portfolio pronto unopar\" src=\"http:\/\/portifolioos-prontos.com\/wp-content\/uploads\/2022\/04\/conceitomaximo.png\" alt=\"PORTFOLIO PRONTO UNOPAR ANHANGUERA\" width=\"154\" height=\"44\" aria-describedby=\"caption-attachment-143\" \/><\/a><\/p>\n<p id=\"caption-attachment-143\" class=\"wp-caption-text\">Portf\u00f3lio em Word, respondido, completo e j\u00e1 nas normas.<\/p>\n<\/div>\n<\/div>\n<\/div>\n<\/div>\n","protected":false},"excerpt":{"rendered":"<p>Portf\u00f3lio Forma\u00e7\u00e3o Continuada Curso: Licenciatura em Matem\u00e1tica Semestre: 4\u00b0 semestre Modelo 2022 A proposta de Produ\u00e7\u00e3o Textual Interdisciplinar em individual (PTI) ter\u00e1 como tem\u00e1tica: Forma\u00e7\u00e3o Continuada. Escolhemos essa tem\u00e1tica para que voc\u00ea possa adquirir novos saberes docentes, para possibilitar a aprendizagem interdisciplinar dos conte\u00fados desenvolvidos nas disciplinas deste semestre e, ainda, fomentar pr\u00e1ticas pedag\u00f3gicas. ORIENTA\u00c7\u00d5ES&hellip;<\/p>\n","protected":false},"featured_media":5767,"template":"","meta":{"_seopress_robots_primary_cat":"none","_seopress_titles_title":"%%post_title%% %%sitetitle%%","_seopress_titles_desc":"%%post_content%%","_seopress_robots_index":""},"product_cat":[47,62,15],"product_tag":[],"class_list":{"0":"post-5503","1":"product","2":"type-product","3":"status-publish","4":"has-post-thumbnail","6":"product_cat-licenciaturas","7":"product_cat-matematica","8":"product_cat-uncategorized","10":"first","11":"instock","12":"downloadable","13":"virtual","14":"purchasable","15":"product-type-simple","16":"col-xs-6 col-sm-4","17":"col-mf-5","18":"un-5-cols"},"jetpack_sharing_enabled":true,"_links":{"self":[{"href":"https:\/\/portifolioos-prontos.com\/index.php\/wp-json\/wp\/v2\/product\/5503","targetHints":{"allow":["GET"]}}],"collection":[{"href":"https:\/\/portifolioos-prontos.com\/index.php\/wp-json\/wp\/v2\/product"}],"about":[{"href":"https:\/\/portifolioos-prontos.com\/index.php\/wp-json\/wp\/v2\/types\/product"}],"version-history":[{"count":0,"href":"https:\/\/portifolioos-prontos.com\/index.php\/wp-json\/wp\/v2\/product\/5503\/revisions"}],"wp:featuredmedia":[{"embeddable":true,"href":"https:\/\/portifolioos-prontos.com\/index.php\/wp-json\/wp\/v2\/media\/5767"}],"wp:attachment":[{"href":"https:\/\/portifolioos-prontos.com\/index.php\/wp-json\/wp\/v2\/media?parent=5503"}],"wp:term":[{"taxonomy":"product_cat","embeddable":true,"href":"https:\/\/portifolioos-prontos.com\/index.php\/wp-json\/wp\/v2\/product_cat?post=5503"},{"taxonomy":"product_tag","embeddable":true,"href":"https:\/\/portifolioos-prontos.com\/index.php\/wp-json\/wp\/v2\/product_tag?post=5503"}],"curies":[{"name":"wp","href":"https:\/\/api.w.org\/{rel}","templated":true}]}}