{"id":5539,"date":"2022-07-27T15:05:43","date_gmt":"2022-07-27T18:05:43","guid":{"rendered":"https:\/\/portifolioos-prontos.com\/?post_type=product&#038;p=5539"},"modified":"2022-09-14T15:53:43","modified_gmt":"2022-09-14T18:53:43","slug":"portfolio-historiografia-e-nocoes-de-trabalho","status":"publish","type":"product","link":"https:\/\/portifolioos-prontos.com\/index.php\/product\/portfolio-historiografia-e-nocoes-de-trabalho\/","title":{"rendered":"Portf\u00f3lio Historiografia e no\u00e7\u00f5es de trabalho"},"content":{"rendered":"<h4>Portf\u00f3lio Historiografia e no\u00e7\u00f5es de trabalho<\/h4>\n<h4>Curso: Licenciatura em Hist\u00f3ria<\/h4>\n<h4>Semestre: 3\u00ba\/4\u00ba<\/h4>\n<p>Seja bem-vindo (a) a este semestre!<br \/>\nA presente proposta de Produ\u00e7\u00e3o Textual Interdisciplinar Individual (PTI) possui como<br \/>\ntem\u00e1tica <strong>\u201c<a href=\"http:\/\/portifolioos-prontos.com\">Historiografia e no\u00e7\u00f5es de trabalho<\/a>\u201d<\/strong>. Escolhemos esta tem\u00e1tica para possibilitar a<br \/>\naprendizagem interdisciplinar dos conte\u00fados desenvolvidos nas disciplinas desse semestre.<br \/>\n\u00c9 comum que o tema \u201ctrabalho\u201d seja o centro das discuss\u00f5es te\u00f3ricas na \u00e1rea de ci\u00eancias<br \/>\nhumanas, contudo, \u00e9 importante atentar para as mudan\u00e7as na no\u00e7\u00e3o de trabalho ao longo do tempo.<br \/>\nObserve como o Dicion\u00e1rio de Conceitos Hist\u00f3ricos apresenta o conceito de \u201ctrabalho\u201d:<br \/>\nEm sua defini\u00e7\u00e3o mais comum, trabalho \u00e9 toda a\u00e7\u00e3o de transforma\u00e7\u00e3o da mat\u00e9ria<br \/>\nnatural em cultura, ou seja, toda transforma\u00e7\u00e3o executada por a\u00e7\u00e3o humana. Mas o<br \/>\ntrabalho tem significados diferentes de acordo com a cultura que o vivencia e, em<br \/>\nmuitos casos, o que \u00e9 considerado trabalho em uma n\u00e3o \u00e9 na outra. Em muitas<br \/>\nl\u00ednguas europeias, h\u00e1 inclusive uma distin\u00e7\u00e3o entre o trabalho que d\u00e1<br \/>\nreconhecimento social, uma obra, e o trabalho repetitivo, o trabalho. Tal<br \/>\ndiferencia\u00e7\u00e3o, no entanto, n\u00e3o existe em portugu\u00eas. [&#8230;]<br \/>\nA sociedade contempor\u00e2nea entende o trabalho como uma categoria \u00fanica, um tipo<br \/>\nunificado de conduta: \u00e9 uma atividade regulamentada que visa a produzir valores<br \/>\n\u00fateis ao grupo. A sociedade de mercado, em que todos os valores \u00fateis s\u00e3o os criados<br \/>\npara o mercado, unifica a percep\u00e7\u00e3o de todas as tarefas produtivas como trabalho.<br \/>\nTodos entendem suas atividades particulares nessa categoria geral. Em uma<br \/>\neconomia plenamente comercial, segundo Vernant, todas as atividades produtivas<br \/>\ns\u00e3o colocadas lado a lado de forma homog\u00eanea, criando assim o conceito atual de<br \/>\ntrabalho.<br \/>\nNa Antiguidade, por outro lado, cada tarefa se definia a partir de seu produto<br \/>\nparticular, e n\u00e3o havia uma percep\u00e7\u00e3o geral de que toda a produ\u00e7\u00e3o de alguma coisa<br \/>\nPRODU\u00c7\u00c3O TEXTUAL<br \/>\nINTERDISCIPLINAR<br \/>\nINDIVIDUAL \u2013 PTI<br \/>\nera um esfor\u00e7o humano criador de valor social. Assim, na Gr\u00e9cia antiga n\u00e3o existia o<br \/>\ntrabalho como fun\u00e7\u00e3o humana que abarca todas as atividades. Inclusive, a<br \/>\nagricultura n\u00e3o era nem mesmo encarada como uma atividade profissional,<br \/>\naparentando-se mais, no ver de Xenofonte, \u00e0 atividade guerreira. [&#8230;]<br \/>\nNo contexto do mundo industrial, e dir\u00edamos p\u00f3s-industrial, o trabalho \u00e9 uma<br \/>\ncategoria que representa um esfor\u00e7o coletivo e socialmente organizado, o que<br \/>\ncontrasta com sociedades como a Gr\u00e9cia antiga.<br \/>\n(Silva, Kalina Vanderlei; Silva, Maciel Henrique. Dicion\u00e1rio de conceitos<br \/>\nhist\u00f3ricos. S\u00e3o Paulo: Contexto, 2009. p. 400 &#8211; 404.)<br \/>\nA partir do exposto, propomos uma discuss\u00e3o acerca da no\u00e7\u00e3o de trabalho. A proposta \u00e9<br \/>\ndiscutir a no\u00e7\u00e3o de trabalho em diferentes sociedades e \u00e9pocas: Gr\u00e9cia e Roma antigas, Europa feudal<br \/>\ne Am\u00e9rica espanhola (Am\u00e9rica Latina Colonial).<br \/>\nORIENTA\u00c7\u00d5ES DA PRODU\u00c7\u00c3O TEXTUAL<br \/>\nA Leitura da Situa\u00e7\u00e3o Geradora de Aprendizagem e da Situa\u00e7\u00e3o-Problema fornecer\u00e1 os<br \/>\nelementos necess\u00e1rios para a produ\u00e7\u00e3o textual proposta na sequ\u00eancia.<br \/>\nSITUA\u00c7\u00c3O GERADORA DE APRENDIZAGEM (SGA)<br \/>\nAugusto \u00e9 formado em Hist\u00f3ria e est\u00e1 concorrendo a uma vaga para trabalhar em uma editora<br \/>\nespecializada na produ\u00e7\u00e3o de livros did\u00e1ticos. Se for considerado apto para assumir a vaga, Augusto<br \/>\nir\u00e1 fazer parte de uma equipe respons\u00e1vel pela elabora\u00e7\u00e3o de livros did\u00e1ticos de Hist\u00f3ria, voltados<br \/>\npara o Ensino M\u00e9dio. O respons\u00e1vel pela contrata\u00e7\u00e3o solicitou que os candidatos \u00e0 vaga entreguem:<br \/>\no curr\u00edculo lattes; um texto de no m\u00ednimo 2 e no m\u00e1ximo 4 laudas sobre o tema \u201cHistoriografia e<br \/>\nno\u00e7\u00f5es de trabalho\u201d, contendo uma imagem referente ao mesmo; e, tr\u00eas atividades que levem o(a)<br \/>\nestudante do Ensino M\u00e9dio a uma reflex\u00e3o sobre o tema em quest\u00e3o. Os candidatos ainda receberam<br \/>\noutras orienta\u00e7\u00f5es para escrever o texto: o texto deve ter o car\u00e1ter de um \u201cmaterial complementar\u201d<br \/>\npara ser inserido no final de um dos cap\u00edtulos do livro did\u00e1tico de Hist\u00f3ria; deve fazer uso de<br \/>\nlinguagem acad\u00eamica e ao mesmo tempo did\u00e1tica e clara para estudantes do Ensino M\u00e9dio. Ser\u00e1<br \/>\nselecionado para a vaga o candidato que apresentar o melhor material.<br \/>\nDepois de v\u00e1rias leituras, Augusto decidiu abordar em seu texto a no\u00e7\u00e3o de trabalho em<br \/>\ndiferentes sociedades e \u00e9pocas, em especial: na Gr\u00e9cia e Roma antigas, na Europa feudal e na<br \/>\nAm\u00e9rica espanhola. Para escrever o texto, Augusto tamb\u00e9m considerou as discuss\u00f5es realizadas no<br \/>\ndecorrer do curso de Hist\u00f3ria, em especial nas disciplinas de Hist\u00f3ria Antiga, Hist\u00f3ria Medieval,<br \/>\nHist\u00f3ria da Am\u00e9rica, Historiografia e Trajet\u00f3rias e Perspectivas do Ensino de Hist\u00f3ria.<br \/>\nPRODU\u00c7\u00c3O TEXTUAL<br \/>\nINTERDISCIPLINAR<br \/>\nINDIVIDUAL \u2013 PTI<br \/>\nSITUA\u00c7\u00c3O-PROBLEMA (SP)<br \/>\nSeu desafio \u00e9 se colocar no lugar de Augusto e:<br \/>\nA) Elaborar um texto (de 2 a 4 laudas) sobre \u201cHistoriografia e no\u00e7\u00f5es de trabalho\u201d. Seguem algumas<br \/>\nquest\u00f5es relevantes que dever\u00e3o nortear a elabora\u00e7\u00e3o do texto:<br \/>\n1. Compare as no\u00e7\u00f5es de trabalho nas sociedades antigas, na idade m\u00e9dia e na Am\u00e9rica espanhola.<br \/>\n1.1 Qual a no\u00e7\u00e3o de trabalho existente na antiguidade, em especial na Gr\u00e9cia e em Roma?<br \/>\n1.2 Na Idade M\u00e9dia, qual no\u00e7\u00e3o de trabalho prevaleceu no ocidente europeu?<br \/>\n1.3 Na Am\u00e9rica espanhola os ind\u00edgenas j\u00e1 eram acostumados ao trabalho compuls\u00f3rio e produ\u00e7\u00e3o de<br \/>\nexcedente. Como os espanh\u00f3is se aproveitaram dessa mentalidade ind\u00edgena em rela\u00e7\u00e3o ao trabalho?<br \/>\nQual a no\u00e7\u00e3o de trabalho presente na Am\u00e9rica espanhola entre o final do s\u00e9c. XV e o s\u00e9c. XVIII?<br \/>\n2. Analise a rela\u00e7\u00e3o entre trabalho, sociedade e economia. Como os modelos econ\u00f4micos de cada<br \/>\nper\u00edodo influenciaram a concep\u00e7\u00e3o de trabalho?<br \/>\n3. O trabalho \u00e9 sempre, em todas as sociedades, sentido como submiss\u00e3o? Apresente exemplos.<br \/>\nB) Pesquise e selecione uma imagem (podendo ser fotografia, ilustra\u00e7\u00e3o, pintura, charge, caricatura,<br \/>\netc) que contemple uma das quest\u00f5es abordadas por voc\u00ea no texto. Insira a imagem no texto (no<br \/>\nin\u00edcio, meio ou fim). A imagem deve ocupar no m\u00e1ximo \u00bc da lauda. Lembre-se de inserir: t\u00edtulo\/tema<br \/>\nda imagem, ano de produ\u00e7\u00e3o, autor, fonte\/site.<br \/>\nC) Elabore tr\u00eas atividades (1 lauda) que levem os(as) estudantes do Ensino M\u00e9dio a refletirem sobre<br \/>\no que foi abordado no texto e sobre a imagem que voc\u00ea selecionou. N\u00e3o elabore atividades como:<br \/>\npalavras-cruzadas ou ca\u00e7a-palavras, complete lacunas, elabora\u00e7\u00e3o de resumo. Adeque as atividades<br \/>\n\u00e0 idade\/s\u00e9rie do(a) estudante (1\u00ba, 2\u00ba ou 3\u00ba ano do Ensino M\u00e9dio), por exemplo: uma quest\u00e3o estilo<br \/>\nvestibular, an\u00e1lise de uma cita\u00e7\u00e3o hist\u00f3rica ou mesmo de uma imagem.<\/p>\n<div class=\"elementor-toggle-item\">\n<h4 id=\"elementor-tab-title-1941\" class=\"elementor-tab-title elementor-active\" tabindex=\"0\" role=\"tab\" data-tab=\"1\" aria-controls=\"elementor-tab-content-1941\" aria-expanded=\"true\" aria-selected=\"true\">Como funciona?<\/h4>\n<div id=\"elementor-tab-content-1941\" class=\"elementor-tab-content elementor-clearfix elementor-active\" role=\"tabpanel\" data-tab=\"1\" aria-labelledby=\"elementor-tab-title-1941\">\n<p>Elaboramos os portf\u00f3lios, j\u00e1 deixamos prontos, nas normas da ABNT e conforme os requisitos da universidade. F\u00e1cil assim! O MELHOR \u00c9 QUE VOC\u00ca COMPRA E J\u00c1 BAIXA NA HORA O SEU ARQUIVO EM WORD! Sabemos que conciliar trabalho, fam\u00edlia, vida profissional e estudos \u00e9 dif\u00edcil hoje em dia, por isso, estamos aqui para ajudar voc\u00ea. Conte com nossa qualidade, experi\u00eancia e profissionalismo adquirindo seu portf\u00f3lio conosco. GARANTIMOS SEU CONCEITO!<\/p>\n<h4>Como se realizam os envios?<\/h4>\n<\/div>\n<\/div>\n<div class=\"elementor-toggle-item\">\n<div id=\"elementor-tab-content-1942\" class=\"elementor-tab-content elementor-clearfix elementor-active\" role=\"tabpanel\" data-tab=\"2\" aria-labelledby=\"elementor-tab-title-1942\">O seu trabalho \u00e9 disponibilizado pronto, respondido e nas normas j\u00e1 na mesma hora aqui em nosso site na sua \u00e1rea de downloads e tamb\u00e9m no seu e-mail.<\/div>\n<\/div>\n<div class=\"elementor-toggle-item\">\n<div id=\"elementor-tab-content-1943\" class=\"elementor-tab-content elementor-clearfix elementor-active\" role=\"tabpanel\" data-tab=\"3\" aria-labelledby=\"elementor-tab-title-1943\">\n<h4>Em quanto tempo recebo o portf\u00f3lio?<\/h4>\n<\/div>\n<\/div>\n<div class=\"elementor-toggle-item\">\n<div id=\"elementor-tab-content-1944\" class=\"elementor-tab-content elementor-clearfix elementor-active\" role=\"tabpanel\" data-tab=\"4\" aria-labelledby=\"elementor-tab-title-1944\">\n<p>Os envios s\u00e3o imediatos. Ap\u00f3s sua compra, o trabalho j\u00e1 \u00e9 disponibilizado instantaneamente aqui em nosso site e no seu e-mail.<\/p>\n<h4>E se o portf\u00f3lio que comprei precisar de corre\u00e7\u00e3o?<\/h4>\n<\/div>\n<\/div>\n<div class=\"elementor-toggle-item\">\n<div id=\"elementor-tab-content-1945\" class=\"elementor-tab-content elementor-clearfix elementor-active\" role=\"tabpanel\" data-tab=\"5\" aria-labelledby=\"elementor-tab-title-1945\">\n<p>Caso haja alguma solicita\u00e7\u00e3o de corre\u00e7\u00e3o\/altera\u00e7\u00e3o por parte do tutor, basta entrar em contato conosco pelo\u00a0WhatsApp\u00a0que provid\u00eanciaremos sem custo algum.<\/p>\n<h4>Qual o formato do arquivo?<\/h4>\n<\/div>\n<\/div>\n<div class=\"elementor-toggle-item\">\n<div id=\"elementor-tab-content-1946\" class=\"elementor-tab-content elementor-clearfix elementor-active\" role=\"tabpanel\" data-tab=\"6\" aria-labelledby=\"elementor-tab-title-1946\">\n<p>Os arquivos s\u00e3o enviados em formato Word e s\u00e3o edit\u00e1veis.<\/p>\n<h4>Caso eu tiver alguma d\u00favida, terei suporte no p\u00f3s venda?<\/h4>\n<\/div>\n<\/div>\n<div class=\"elementor-toggle-item\">\n<div id=\"elementor-tab-content-1948\" class=\"elementor-tab-content elementor-clearfix elementor-active\" role=\"tabpanel\" data-tab=\"8\" aria-labelledby=\"elementor-tab-title-1948\">\n<p>Sim, com certeza. Basta clicar no \u00edcone do WhatsApp no cantinho da tela. Ser\u00e1 um prazer atend\u00ea-lo(a).<\/p>\n<div class=\"elementor-toggle-item\">\n<div id=\"elementor-tab-content-1948\" class=\"elementor-tab-content elementor-clearfix elementor-active\" role=\"tabpanel\" data-tab=\"8\" aria-labelledby=\"elementor-tab-title-1948\">\n<h4>Quais os seus canais de contato?<\/h4>\n<\/div>\n<\/div>\n<div class=\"elementor-toggle-item\">\n<div id=\"elementor-tab-content-1949\" class=\"elementor-tab-content elementor-clearfix elementor-active\" role=\"tabpanel\" data-tab=\"9\" aria-labelledby=\"elementor-tab-title-1949\">\n<p>Whatsapp: 53 984751621 \u2013 Clicar no canto da tela ou ESCANEIE O QRCODE ABAIXO<\/p>\n<p><img decoding=\"async\" class=\"alignnone wp-image-7603\" src=\"http:\/\/portifolioos-prontos.com\/wp-content\/uploads\/2022\/09\/portfolio-unopar-pronto-colaborar-ava-producao-textual-interdisciplinar.png\" alt=\"Historiografia e no\u00e7\u00f5es de trabalho portfolio,portfolio Historiografia e no\u00e7\u00f5es de trabalho portfolio,trabalho Historiografia e no\u00e7\u00f5es de trabalho portfolio,unopar Historiografia e no\u00e7\u00f5es de trabalho portfolio,portfolio ead,portfolios ead,portfolio hist\u00f3ria,portf\u00f3lio historia,portf\u00f3lio hist\u00f3ria,portf\u00f3lio pronto Historiografia e no\u00e7\u00f5es de trabalho portfolio,portf\u00f3lio hist\u00f3ria Historiografia e no\u00e7\u00f5es de trabalho portfolio,Historiografia e no\u00e7\u00f5es de trabalho portfolio unopar,pti Historiografia e no\u00e7\u00f5es de trabalho,ptg Historiografia e no\u00e7\u00f5es de trabalho,trabalho pronto Historiografia e no\u00e7\u00f5es de trabalho,portfolio pronto Historiografia e no\u00e7\u00f5es de trabalho,portf\u00f3lio pronto Historiografia e no\u00e7\u00f5es de trabalho,portfolio unopar Historiografia e no\u00e7\u00f5es de trabalho,portfolio ead Historiografia e no\u00e7\u00f5es de trabalho,portf\u00f3lio ead Historiografia e no\u00e7\u00f5es de trabalho,portfolioo ead Historiografia e no\u00e7\u00f5es de trabalho,portf\u00f3lioo ead Historiografia e no\u00e7\u00f5es de trabalho,trabalho unopar Historiografia e no\u00e7\u00f5es de trabalho,Portfolio pronto,portifolio pronto,portf\u00f3lio pronto,portifolios prontos,portif\u00f3lios prontos,portf\u00f3lio pronto unopar,portifolio pronto unopar,portif\u00f3lio pronto unopar,portifolios prontos unopar,portifolios prontos anhanguera,portf\u00f3lios prontos anhanguera,portf\u00f3lio pronto anhanguera,portf\u00f3lios ead,portfolioead,apostileiros,portf\u00f3lio ead,portifolios ead,portif\u00f3lios ead,eadhelp,shop do acad\u00eamico,unopar portfolio,portfolio pronto ead,portfolio unopar ead,ead portfolio ava,portf\u00f3lio ead anhanguera,portf\u00f3lio ead pront,o portf\u00f3lio ead unopar,portf\u00f3lio pronto em word,pti unopar,ptg unopar,modelo de portf\u00f3lio unopar,modelo de portf\u00f3lio anhanguera,como fazer um portf\u00f3lio para faculdade,como faz portf\u00f3lio universidade,como faz portf\u00f3lios para universidade,portf\u00f3lios prontos para universidade,portf\u00f3lios pronto para faculdade,portf\u00f3lio pronto para editar,portifolios prontos para editar,portf\u00f3lio em word,portfolio em word,portf\u00f3lio em word para editar,portifolio em word para editar,portfolio unopar pronto para editar,modelo de portfolio para unopar,modelo de portif\u00f3lio para unopar,modelo de portf\u00f3lio para unopar,unopar portf\u00f3lio pronto,anhanguera portf\u00f3lio pronto,portf\u00f3lio em word pronto,comprar portf\u00f3lio pronto,como fazer um portf\u00f3lio,como fazer portf\u00f3lio digital,portfolio,portf\u00f3lio,portifolio,portif\u00f3lio,portf\u00f3lio interdisciplinar individual,portfolio interdisciplinar individual,exemplos de portf\u00f3lio para faculdade,baixar portf\u00f3lio pronto,portf\u00f3lio acad\u00eamico,portf\u00f3lio online,portfoliooead,portf\u00f3lio pronto interdisciplinar individual,relat\u00f3rio de est\u00e1gio unopar,relat\u00f3rio de est\u00e1gio pronto unopar,como criar um portf\u00f3lio,o que \u00e9 um portf\u00f3lio e como fazer,portfolio exemplo,modelo de portfolio acad\u00eamico,relat\u00f3rio de est\u00e1gio gest\u00e3o escolar pronto unopar,portf\u00f3lio como fazer,prova profici\u00eancia unopar,portfolio individual est\u00e1gio curricular obrigat\u00f3rio ii anos iniciais do ensino fundamental,prova de profici\u00eancia pedagogia unopar,capa de trabalho unopar para editar,portf\u00f3lio acad\u00eamico unopar,como fazer um portf\u00f3lio acad\u00eamico,portf\u00f3lio exemplos word,portfolio acad\u00eamico,portfolio individual,portfolio individual unopar,portfolio individual anhanguera,portfolio marketing digital,portf\u00f3lio educa\u00e7\u00e3o f\u00edsica unopar,portf\u00f3lio gest\u00e3o educacional e espa\u00e7os n\u00e3o escolares,como fazer um portifolio unopar,modelo de portf\u00f3lio unopar em arquivo word,capa de portf\u00f3lio de pedagogia,como fazer um portf\u00f3lio no word,projeto integrado unopar,exemplo de portf\u00f3lio academico pedagogia\" width=\"141\" height=\"141\" srcset=\"https:\/\/portifolioos-prontos.com\/wp-content\/uploads\/2022\/09\/portfolio-unopar-pronto-colaborar-ava-producao-textual-interdisciplinar.png 150w, https:\/\/portifolioos-prontos.com\/wp-content\/uploads\/2022\/09\/portfolio-unopar-pronto-colaborar-ava-producao-textual-interdisciplinar-100x100.png 100w\" sizes=\"(max-width: 141px) 100vw, 141px\" \/><\/p>\n<\/div>\n<\/div>\n<\/div>\n<\/div>\n<div class=\"elementor-toggle-item\">\n<div id=\"elementor-tab-content-1949\" class=\"elementor-tab-content elementor-clearfix elementor-active\" role=\"tabpanel\" data-tab=\"9\" aria-labelledby=\"elementor-tab-title-1949\">\n<p>E-mail:portifoliosp@gmail.com<\/p>\n<div id=\"attachment_143\" class=\"wp-caption alignnone\">\n<div id=\"attachment_143\" class=\"wp-caption alignnone\" style=\"width: 161px;\">\n<p><a href=\"http:\/\/portifolioos-prontos.com\/\"><img decoding=\"async\" class=\"wp-image-143\" title=\"portfolio pronto unopar\" src=\"http:\/\/portifolioos-prontos.com\/wp-content\/uploads\/2022\/04\/conceitomaximo.png\" alt=\"PORTFOLIO PRONTO UNOPAR ANHANGUERA\" width=\"161\" height=\"46\" aria-describedby=\"caption-attachment-143\" \/><\/a><\/p>\n<p id=\"caption-attachment-143\" class=\"wp-caption-text\">Portf\u00f3lio em Word, respondido, completo e j\u00e1 nas normas.<\/p>\n<\/div>\n<\/div>\n<\/div>\n<\/div>\n","protected":false},"excerpt":{"rendered":"<p>Portf\u00f3lio Historiografia e no\u00e7\u00f5es de trabalho Curso: Licenciatura em Hist\u00f3ria Semestre: 3\u00ba\/4\u00ba Seja bem-vindo (a) a este semestre! A presente proposta de Produ\u00e7\u00e3o Textual Interdisciplinar Individual (PTI) possui como tem\u00e1tica \u201cHistoriografia e no\u00e7\u00f5es de trabalho\u201d. Escolhemos esta tem\u00e1tica para possibilitar a aprendizagem interdisciplinar dos conte\u00fados desenvolvidos nas disciplinas desse semestre. \u00c9 comum que o tema&hellip;<\/p>\n","protected":false},"featured_media":5763,"template":"","meta":{"_seopress_robots_primary_cat":"none","_seopress_titles_title":"%%post_title%% %%sitetitle%%","_seopress_titles_desc":"%%post_content%%","_seopress_robots_index":""},"product_cat":[45,47,15],"product_tag":[],"class_list":{"0":"post-5539","1":"product","2":"type-product","3":"status-publish","4":"has-post-thumbnail","6":"product_cat-historia","7":"product_cat-licenciaturas","8":"product_cat-uncategorized","10":"first","11":"instock","12":"downloadable","13":"virtual","14":"purchasable","15":"product-type-simple","16":"col-xs-6 col-sm-4","17":"col-mf-5","18":"un-5-cols"},"jetpack_sharing_enabled":true,"_links":{"self":[{"href":"https:\/\/portifolioos-prontos.com\/index.php\/wp-json\/wp\/v2\/product\/5539","targetHints":{"allow":["GET"]}}],"collection":[{"href":"https:\/\/portifolioos-prontos.com\/index.php\/wp-json\/wp\/v2\/product"}],"about":[{"href":"https:\/\/portifolioos-prontos.com\/index.php\/wp-json\/wp\/v2\/types\/product"}],"version-history":[{"count":0,"href":"https:\/\/portifolioos-prontos.com\/index.php\/wp-json\/wp\/v2\/product\/5539\/revisions"}],"wp:featuredmedia":[{"embeddable":true,"href":"https:\/\/portifolioos-prontos.com\/index.php\/wp-json\/wp\/v2\/media\/5763"}],"wp:attachment":[{"href":"https:\/\/portifolioos-prontos.com\/index.php\/wp-json\/wp\/v2\/media?parent=5539"}],"wp:term":[{"taxonomy":"product_cat","embeddable":true,"href":"https:\/\/portifolioos-prontos.com\/index.php\/wp-json\/wp\/v2\/product_cat?post=5539"},{"taxonomy":"product_tag","embeddable":true,"href":"https:\/\/portifolioos-prontos.com\/index.php\/wp-json\/wp\/v2\/product_tag?post=5539"}],"curies":[{"name":"wp","href":"https:\/\/api.w.org\/{rel}","templated":true}]}}