{"id":5576,"date":"2022-07-28T09:36:16","date_gmt":"2022-07-28T12:36:16","guid":{"rendered":"https:\/\/portifolioos-prontos.com\/?post_type=product&#038;p=5576"},"modified":"2022-09-28T23:02:08","modified_gmt":"2022-09-29T02:02:08","slug":"portfolio-cursos-da-area-de-ti-estrutura-de-dados-do-tipo-pilha-em-python","status":"publish","type":"product","link":"https:\/\/portifolioos-prontos.com\/index.php\/product\/portfolio-cursos-da-area-de-ti-estrutura-de-dados-do-tipo-pilha-em-python\/","title":{"rendered":"Portf\u00f3lio Cursos da \u00e1rea de Ti: Estrutura de dados do tipo PILHA em Python"},"content":{"rendered":"<h4><a href=\"http:\/\/portifolioos-prontos.com\">Portf\u00f3lio Cursos da \u00e1rea de Ti: Estrutura de dados do tipo PILHA em Python<\/a><\/h4>\n<h4>Curso: Superior de Tecnologia em Desenvolvimento Back-End<\/h4>\n<hr \/>\n<p>ATIVIDADES<\/p>\n<p>1 \u2013 Pilhas s\u00e3o estruturas de dados em que s\u00f3 \u00e9 poss\u00edvel inserir um novo elemento no final da pilha e<br \/>\ns\u00f3 \u00e9 poss\u00edvel remover um elemento do final da pilha. a) Implemente a estrutura de dados do tipo PILHA em Python. b) Suponha que lhe seja fornecida uma lista de n\u00fameros inteiros positivos e um n\u00famero m. Voc\u00ea<br \/>\npode assumir que todos os n\u00fameros na lista est\u00e3o no intervalo [0, m]. Sua tarefa \u00e9 dizer quais<br \/>\nn\u00fameros aparecem duplicados na lista. c) Suponha que lhe seja fornecida uma lista de n\u00fameros. Sua tarefa \u00e9 mover todos os zeros para o<br \/>\nfinal da lista, preservando a ordem dos n\u00fameros diferentes de zero. Por exemplo, dada a lista [0, 1, 0, 3, 12], seu programa deve retornar [1, 3, 12, 0, 0]. 2 \u2013 O estado do processo indica o que est\u00e1 acontecendo com aquele processo num determinado<br \/>\ninstante de tempo. a) Pesquise e descreva esses estados;<br \/>\nb) Pesquise e descreva suas mudan\u00e7as de estado explicando cada um deles;<br \/>\nc) Insira um desenho explicativo. 3 \u2013 Desenvolva um diagrama de casos de uso para um sistema de compra de roupas online, de<br \/>\nacordo com os seguintes requisitos<a href=\"http:\/\/portfoliooead.com.br\/\">:<\/a><\/p>\n<p>\uf06c O cliente pode navegar pelo cat\u00e1logo de produtos da loja;<br \/>\n\uf06c O cliente pode colocar suas pe\u00e7as de roupas favoritas no carrinho;<br \/>\n\uf06c O cliente pode finalizar a sua compra;<br \/>\n\uf06c Ao finalizar a sua compra, se o cliente j\u00e1 estiver cadastrado com um cart\u00e3o de cr\u00e9dito v\u00e1lido, o<br \/>\nsistema deve realizar a fatura da compra;<br \/>\n\uf06c Ao finalizar a sua compra, se o cliente \u00e9 novo e necessita de cadastro, o cliente ir\u00e1 informar<br \/>\nseus dados e um cart\u00e3o de cr\u00e9dito v\u00e1lido;<br \/>\n\uf06c Ap\u00f3s o informe dos dados do cart\u00e3o de cr\u00e9dito, o sistema deve verificar os dados;<\/p>\n<p>4 \u2013 Na programa\u00e7\u00e3o que segue o paradigma de orienta\u00e7\u00e3o a objetos, existem pilares que asseguram<br \/>\ncaracter\u00edsticas como a reutiliza\u00e7\u00e3o de c\u00f3digo, indispens\u00e1vel na tarefa de cria\u00e7\u00e3o de software, uma<br \/>\nvez que possibilita economizar tempo e custo. Por esse motivo, apresente um exemplo simples de<br \/>\nc\u00f3digo de programa\u00e7\u00e3o, utilizando a linguagem Java, que apresente ao menos dois dos quatro<br \/>\npilares da programa\u00e7\u00e3o orientada a objetos. Esses pilares s\u00e3o: heran\u00e7a, polimorfismo, encapsulamento e abstra\u00e7\u00e3o. 5 \u2013 a) Utilizando o banco de dados MySQL, crie um script contendo os comandos DDL necess\u00e1rios<br \/>\npara criar um banco de dados e suas tabelas que ser\u00e1 utilizado em um sistema de uma cl\u00ednica<br \/>\nm\u00e9dica:<br \/>\nPACIENTE: armazena os dados pessoais dos pacientes (nome, cpf, endere\u00e7o, \u2026)<br \/>\nM\u00c9DICO: armazena os dados dos m\u00e9dicos (nome, cpf, crm, sal\u00e1rio, carga hor\u00e1ria, especialidade\u2026). EXAME: armazena os dados dos exames realizados na cl\u00ednica. CONSULTA: tabela que agrega as informa\u00e7\u00f5es de pacientes que passaram por consulta com algum<br \/>\nm\u00e9dico e realizaram exames. Voc\u00ea dever\u00e1 implementar obrigatoriamente estas quatro tabelas, por\u00e9m ficar\u00e1 a seu crit\u00e9rio a<br \/>\ndefini\u00e7\u00e3o dos atributos que cada tabela ter\u00e1, e ainda poder\u00e1 inserir mais tabelas desde que<br \/>\ncontinue de acordo com a tem\u00e1tica da tarefa. N\u00e3o se esque\u00e7a de definir corretamente os<br \/>\nrelacionamentos entre as tabelas por meio da integridade referencial.<\/p>\n<p>b) Elabore o c\u00f3digo para uma consulta SQL que exiba corretamente os dados completos de uma<br \/>\nconsulta, contendo nome do paciente, o n\u00famero da consulta, o m\u00e9dico que o atendeu, e demais<br \/>\ninforma\u00e7\u00f5es que houver.<\/p>\n<div class=\"elementor-toggle-item\">\n<h4 id=\"elementor-tab-title-1941\" class=\"elementor-tab-title elementor-active\" tabindex=\"0\" role=\"tab\" data-tab=\"1\" aria-controls=\"elementor-tab-content-1941\" aria-expanded=\"true\" aria-selected=\"true\">Como funciona?<\/h4>\n<div id=\"elementor-tab-content-1941\" class=\"elementor-tab-content elementor-clearfix elementor-active\" role=\"tabpanel\" data-tab=\"1\" aria-labelledby=\"elementor-tab-title-1941\">\n<p>Elaboramos os portf\u00f3lios, j\u00e1 deixamos prontos, nas normas da ABNT e conforme os requisitos da universidade. F\u00e1cil assim! O MELHOR \u00c9 QUE VOC\u00ca COMPRA E J\u00c1 BAIXA NA HORA O SEU ARQUIVO EM WORD! Sabemos que conciliar trabalho, fam\u00edlia, vida profissional e estudos \u00e9 dif\u00edcil hoje em dia, por isso, estamos aqui para ajudar voc\u00ea. Conte com nossa qualidade, experi\u00eancia e profissionalismo adquirindo seu portf\u00f3lio conosco. GARANTIMOS SEU CONCEITO!<\/p>\n<h4>Como se realizam os envios?<\/h4>\n<\/div>\n<\/div>\n<div class=\"elementor-toggle-item\">\n<div id=\"elementor-tab-content-1942\" class=\"elementor-tab-content elementor-clearfix elementor-active\" role=\"tabpanel\" data-tab=\"2\" aria-labelledby=\"elementor-tab-title-1942\">O seu trabalho \u00e9 disponibilizado pronto, respondido e nas normas j\u00e1 na mesma hora aqui em nosso site na sua \u00e1rea de downloads e tamb\u00e9m no seu e-mail.<\/div>\n<\/div>\n<div class=\"elementor-toggle-item\">\n<div id=\"elementor-tab-content-1943\" class=\"elementor-tab-content elementor-clearfix elementor-active\" role=\"tabpanel\" data-tab=\"3\" aria-labelledby=\"elementor-tab-title-1943\">\n<h4>Em quanto tempo recebo o portf\u00f3lio?<\/h4>\n<\/div>\n<\/div>\n<div class=\"elementor-toggle-item\">\n<div id=\"elementor-tab-content-1944\" class=\"elementor-tab-content elementor-clearfix elementor-active\" role=\"tabpanel\" data-tab=\"4\" aria-labelledby=\"elementor-tab-title-1944\">\n<p>Os envios s\u00e3o imediatos. Ap\u00f3s sua compra, o trabalho j\u00e1 \u00e9 disponibilizado instantaneamente aqui em nosso site e no seu e-mail.<\/p>\n<h4>E se o portf\u00f3lio que comprei precisar de corre\u00e7\u00e3o?<\/h4>\n<\/div>\n<\/div>\n<div class=\"elementor-toggle-item\">\n<div id=\"elementor-tab-content-1945\" class=\"elementor-tab-content elementor-clearfix elementor-active\" role=\"tabpanel\" data-tab=\"5\" aria-labelledby=\"elementor-tab-title-1945\">\n<p>Caso haja alguma solicita\u00e7\u00e3o de corre\u00e7\u00e3o\/altera\u00e7\u00e3o por parte do tutor, basta entrar em contato conosco pelo\u00a0WhatsApp\u00a0que provid\u00eanciaremos sem custo algum.<\/p>\n<h4>Qual o formato do arquivo?<\/h4>\n<\/div>\n<\/div>\n<div class=\"elementor-toggle-item\">\n<div id=\"elementor-tab-content-1946\" class=\"elementor-tab-content elementor-clearfix elementor-active\" role=\"tabpanel\" data-tab=\"6\" aria-labelledby=\"elementor-tab-title-1946\">\n<p>Os arquivos s\u00e3o enviados em formato Word e s\u00e3o edit\u00e1veis.<\/p>\n<h4>Caso eu tiver alguma d\u00favida, terei suporte no p\u00f3s venda?<\/h4>\n<\/div>\n<\/div>\n<div class=\"elementor-toggle-item\">\n<div id=\"elementor-tab-content-1948\" class=\"elementor-tab-content elementor-clearfix elementor-active\" role=\"tabpanel\" data-tab=\"8\" aria-labelledby=\"elementor-tab-title-1948\">\n<p>Sim, com certeza. Basta clicar no \u00edcone do WhatsApp no cantinho da tela. Ser\u00e1 um prazer atend\u00ea-lo(a).<\/p>\n<div class=\"elementor-toggle-item\">\n<div id=\"elementor-tab-content-1948\" class=\"elementor-tab-content elementor-clearfix elementor-active\" role=\"tabpanel\" data-tab=\"8\" aria-labelledby=\"elementor-tab-title-1948\">\n<h4>Quais os seus canais de contato?<\/h4>\n<\/div>\n<\/div>\n<div class=\"elementor-toggle-item\">\n<div id=\"elementor-tab-content-1949\" class=\"elementor-tab-content elementor-clearfix elementor-active\" role=\"tabpanel\" data-tab=\"9\" aria-labelledby=\"elementor-tab-title-1949\">\n<p>Whatsapp: 53 984751621 \u2013 Clicar no canto da tela ou ESCANEIE O QRCODE ABAIXO<\/p>\n<p><img decoding=\"async\" class=\"alignnone wp-image-7603\" src=\"http:\/\/portifolioos-prontos.com\/wp-content\/uploads\/2022\/09\/portfolio-unopar-pronto-colaborar-ava-producao-textual-interdisciplinar.png\" alt=\"Portf\u00f3lio Cursos da \u00e1rea de Ti: Estrutura de dados do tipo PILHA em Python,Cursos da \u00e1rea de Ti: Estrutura de dados do tipo PILHA em Python,pti Cursos da \u00e1rea de Ti: Estrutura de dados do tipo PILHA em Python,ptg Cursos da \u00e1rea de Ti: Estrutura de dados do tipo PILHA em Python,portfolio ead Cursos da \u00e1rea de Ti: Estrutura de dados do tipo PILHA em Python,portf\u00f3lio ead Cursos da \u00e1rea de Ti: Estrutura de dados do tipo PILHA em Python,portfolio pronto Cursos da \u00e1rea de Ti: Estrutura de dados do tipo PILHA em Python,portf\u00f3lio pronto Cursos da \u00e1rea de Ti: Estrutura de dados do tipo PILHA em Python,unopar Cursos da \u00e1rea de Ti: Estrutura de dados do tipo PILHA em Python,trabalho unopar Cursos da \u00e1rea de Ti: Estrutura de dados do tipo PILHA em Python,trabalho pronto unopar Cursos da \u00e1rea de Ti: Estrutura de dados do tipo PILHA em Python,portfolio unopar,produ\u00e7\u00e3o textual Cursos da \u00e1rea de Ti: Estrutura de dados do tipo PILHA em Python,Portfolio pronto,portifolio pronto,portf\u00f3lio pronto,portifolios prontos,portif\u00f3lios prontos,portf\u00f3lio pronto unopar,portifolio pronto unopar,portif\u00f3lio pronto unopar,portifolios prontos unopar,portifolios prontos anhanguera,portf\u00f3lios prontos anhanguera,portf\u00f3lio pronto anhanguera,portfolios ead,portf\u00f3lios ead,portfolioead,apostileiros,portf\u00f3lio ead,portifolios ead,portif\u00f3lios ead,eadhelp,shop do acad\u00eamico,unopar portfolio,portfolio pronto ead,portfolio unopar ead,ead portfolio ava,portf\u00f3lio ead anhanguera,portf\u00f3lio ead pront,o portf\u00f3lio ead unopar,portf\u00f3lio pronto em word,pti unopar,ptg unopar,modelo de portf\u00f3lio unopar,modelo de portf\u00f3lio anhanguera,como fazer um portf\u00f3lio para faculdade,como faz portf\u00f3lio universidade,como faz portf\u00f3lios para universidade,portf\u00f3lios prontos para universidade,portf\u00f3lios pronto para faculdade,portf\u00f3lio pronto para editar,portifolios prontos para editar,portf\u00f3lio em word,portfolio em word,portf\u00f3lio em word para editar,portifolio em word para editar,portfolio unopar pronto para editar,modelo de portfolio para unopar,modelo de portif\u00f3lio para unopar,modelo de portf\u00f3lio para unopar,unopar portf\u00f3lio pronto,anhanguera portf\u00f3lio pronto,portf\u00f3lio em word pronto,comprar portf\u00f3lio pronto,como fazer um portf\u00f3lio,como fazer portf\u00f3lio digital,portfolio,portf\u00f3lio,portifolio,portif\u00f3lio,portf\u00f3lio interdisciplinar individual,portfolio interdisciplinar individual,exemplos de portf\u00f3lio para faculdade,baixar portf\u00f3lio pronto,portf\u00f3lio acad\u00eamico,portf\u00f3lio online,portfoliooead,portfolio ead,portf\u00f3lio pronto interdisciplinar individual,relat\u00f3rio de est\u00e1gio unopar,relat\u00f3rio de est\u00e1gio pronto unopar,como criar um portf\u00f3lio,o que \u00e9 um portf\u00f3lio e como fazer,portfolio exemplo,modelo de portfolio acad\u00eamico,relat\u00f3rio de est\u00e1gio gest\u00e3o escolar pronto unopar,portf\u00f3lio como fazer,prova profici\u00eancia unopar,portfolio individual est\u00e1gio curricular obrigat\u00f3rio ii anos iniciais do ensino fundamental,prova de profici\u00eancia pedagogia unopar,capa de trabalho unopar para editar,portf\u00f3lio acad\u00eamico unopar,como fazer um portf\u00f3lio acad\u00eamico,portf\u00f3lio exemplos word,portfolio acad\u00eamico,portfolio individual,portfolio individual unopar,portfolio individual anhanguera,portfolio marketing digital,portf\u00f3lio educa\u00e7\u00e3o f\u00edsica unopar,portf\u00f3lio gest\u00e3o educacional e espa\u00e7os n\u00e3o escolares,como fazer um portifolio unopar,modelo de portf\u00f3lio unopar em arquivo word,capa de portf\u00f3lio de pedagogia,como fazer um portf\u00f3lio no word,projeto integrado unopar,exemplo de portf\u00f3lio academico pedagogia\" width=\"141\" height=\"141\" srcset=\"https:\/\/portifolioos-prontos.com\/wp-content\/uploads\/2022\/09\/portfolio-unopar-pronto-colaborar-ava-producao-textual-interdisciplinar.png 150w, https:\/\/portifolioos-prontos.com\/wp-content\/uploads\/2022\/09\/portfolio-unopar-pronto-colaborar-ava-producao-textual-interdisciplinar-100x100.png 100w\" sizes=\"(max-width: 141px) 100vw, 141px\" \/><\/p>\n<\/div>\n<\/div>\n<\/div>\n<\/div>\n<div class=\"elementor-toggle-item\">\n<div id=\"elementor-tab-content-1949\" class=\"elementor-tab-content elementor-clearfix elementor-active\" role=\"tabpanel\" data-tab=\"9\" aria-labelledby=\"elementor-tab-title-1949\">\n<p>E-mail:portifoliosp@gmail.com<\/p>\n<div id=\"attachment_143\" class=\"wp-caption alignnone\">\n<div id=\"attachment_143\" class=\"wp-caption alignnone\" style=\"width: 157px;\">\n<p><a href=\"http:\/\/portifolioos-prontos.com\/\"><img decoding=\"async\" class=\"wp-image-143\" title=\"portfolio pronto unopar\" src=\"http:\/\/portifolioos-prontos.com\/wp-content\/uploads\/2022\/04\/conceitomaximo.png\" alt=\"PORTFOLIO PRONTO UNOPAR ANHANGUERA\" width=\"157\" height=\"45\" aria-describedby=\"caption-attachment-143\" \/><\/a><\/p>\n<p id=\"caption-attachment-143\" class=\"wp-caption-text\">Portf\u00f3lio em Word, respondido, completo e j\u00e1 nas normas.<\/p>\n<\/div>\n<\/div>\n<\/div>\n<\/div>\n","protected":false},"excerpt":{"rendered":"<p>Portf\u00f3lio Cursos da \u00e1rea de Ti: Estrutura de dados do tipo PILHA em Python Curso: Superior de Tecnologia em Desenvolvimento Back-End ATIVIDADES 1 \u2013 Pilhas s\u00e3o estruturas de dados em que s\u00f3 \u00e9 poss\u00edvel inserir um novo elemento no final da pilha e s\u00f3 \u00e9 poss\u00edvel remover um elemento do final da pilha. a) Implemente&hellip;<\/p>\n","protected":false},"featured_media":5741,"template":"","meta":{"_seopress_robots_primary_cat":"none","_seopress_titles_title":"%%post_title%% %%sitetitle%%","_seopress_titles_desc":"%%post_content%%","_seopress_robots_index":""},"product_cat":[109,58,15],"product_tag":[],"class_list":{"0":"post-5576","1":"product","2":"type-product","3":"status-publish","4":"has-post-thumbnail","6":"product_cat-analise-e-desenvolvimento-de-sistemas","7":"product_cat-cursos-de-t-i","8":"product_cat-uncategorized","10":"first","11":"instock","12":"downloadable","13":"virtual","14":"purchasable","15":"product-type-simple","16":"col-xs-6 col-sm-4","17":"col-mf-5","18":"un-5-cols"},"jetpack_sharing_enabled":true,"_links":{"self":[{"href":"https:\/\/portifolioos-prontos.com\/index.php\/wp-json\/wp\/v2\/product\/5576","targetHints":{"allow":["GET"]}}],"collection":[{"href":"https:\/\/portifolioos-prontos.com\/index.php\/wp-json\/wp\/v2\/product"}],"about":[{"href":"https:\/\/portifolioos-prontos.com\/index.php\/wp-json\/wp\/v2\/types\/product"}],"version-history":[{"count":0,"href":"https:\/\/portifolioos-prontos.com\/index.php\/wp-json\/wp\/v2\/product\/5576\/revisions"}],"wp:featuredmedia":[{"embeddable":true,"href":"https:\/\/portifolioos-prontos.com\/index.php\/wp-json\/wp\/v2\/media\/5741"}],"wp:attachment":[{"href":"https:\/\/portifolioos-prontos.com\/index.php\/wp-json\/wp\/v2\/media?parent=5576"}],"wp:term":[{"taxonomy":"product_cat","embeddable":true,"href":"https:\/\/portifolioos-prontos.com\/index.php\/wp-json\/wp\/v2\/product_cat?post=5576"},{"taxonomy":"product_tag","embeddable":true,"href":"https:\/\/portifolioos-prontos.com\/index.php\/wp-json\/wp\/v2\/product_tag?post=5576"}],"curies":[{"name":"wp","href":"https:\/\/api.w.org\/{rel}","templated":true}]}}