{"id":5585,"date":"2022-07-28T09:41:58","date_gmt":"2022-07-28T12:41:58","guid":{"rendered":"https:\/\/portifolioos-prontos.com\/?post_type=product&#038;p=5585"},"modified":"2022-09-14T15:52:29","modified_gmt":"2022-09-14T18:52:29","slug":"portfolio-recuperacao-de-area-degradada-em-mineracao-ilegal","status":"publish","type":"product","link":"https:\/\/portifolioos-prontos.com\/index.php\/product\/portfolio-recuperacao-de-area-degradada-em-mineracao-ilegal\/","title":{"rendered":"Portf\u00f3lio Recupera\u00e7\u00e3o de \u00e1rea degradada em minera\u00e7\u00e3o ilegal"},"content":{"rendered":"<h4>Portf\u00f3lio Recupera\u00e7\u00e3o de \u00e1rea degradada em minera\u00e7\u00e3o ilegal<\/h4>\n<h4>Curso: Gest\u00e3o Ambiental<\/h4>\n<hr \/>\n<p>A proposta de Produ\u00e7\u00e3o Textual Interdisciplinar Individual (PTI) tem como tema principal<br \/>\n<strong>\u201cRecupera\u00e7\u00e3o de \u00c1rea Degradada em Minera\u00e7\u00e3o Ilegal\u201d<\/strong>. Escolhemos esta tem\u00e1tica para possibilitar<br \/>\na aprendizagem interdisciplinar dos conte\u00fados desenvolvidos nas disciplinas desse semestre.<\/p>\n<p>SITUA\u00c7\u00c3O GERADORA DE APRENDIZAGEM (SGA)<\/p>\n<p>A minera\u00e7\u00e3o \u00e9 uma atividade de extrema import\u00e2ncia para a vida contempor\u00e2nea, tanto que,<br \/>\nna verdade, \u00e9 praticamente imposs\u00edvel imaginar nosso cotidiano sem os benef\u00edcios que a minera\u00e7\u00e3o<br \/>\nnos traz. Olhe para os objetos ao seu redor: todos eles, de forma direta ou indireta, dependeram da<br \/>\nminera\u00e7\u00e3o para ser produzidos.<\/p>\n<p>Contudo, essa \u00e9 uma atividade muito impactante, podendo alterar sensivelmente paisagens<br \/>\ne, desta forma, h\u00e1 bastante rigor dos \u00f3rg\u00e3os que regulamentam a atividade quanto ao trato<br \/>\nambiental.<br \/>\nQuando se trata de minera\u00e7\u00e3o ilegal praticamente n\u00e3o h\u00e1 cuidado algum com a quest\u00e3o<br \/>\nambiental, nem mesmo respeito \u00e0s terras protegidas. O papel constitucional do governo, sobretudo<br \/>\nquanto ao artigo 225, \u00e9 claro, cabendo a ele \u00e0 fiscaliza\u00e7\u00e3o e puni\u00e7\u00e3o dos transgressores, ou seja,<br \/>\nqualquer tipo de omiss\u00e3o do governo quanto \u00e0 minera\u00e7\u00e3o ilegal o coloca, invariavelmente, como<br \/>\ncorrespons\u00e1vel pelo dano.<\/p>\n<p><strong>SITUA\u00c7\u00c3O-PROBLEMA:<\/strong><\/p>\n<p>Diante deste grave problema ambiental, o governo federal passou a implementar um amplo<br \/>\nprograma de fiscaliza\u00e7\u00e3o e puni\u00e7\u00e3o aos garimpeiros ilegais, tendo como \u00e1rea piloto o Vale do Javari,<br \/>\numa \u00e1rea de grande relev\u00e2ncia ambiental no oeste do estado do Amazonas, demarcada como terra<br \/>\nind\u00edgena em 2001 e que apresenta diversos grupos \u00e9tnicos isolados.<br \/>\nFigura 1: Localiza\u00e7\u00e3o do Vale do Javari \u2013 AM \u2013 Brasil.<\/p>\n<p><a href=\"http:\/\/portifolioos-prontos.com\"><img fetchpriority=\"high\" decoding=\"async\" class=\"lzl-ed alignnone wp-image-54612 size-full\" title=\"portf\u00f3lio unopar pronto\" src=\"https:\/\/portfoliooead.com.br\/wp-content\/uploads\/2022\/07\/Sem-titulo-18.png\" alt=\"portf\u00f3lio unopar pronto\" width=\"545\" height=\"396\" data-lzl-src=\"https:\/\/portfoliooead.com.br\/wp-content\/uploads\/2022\/07\/Sem-titulo-18.png\" \/><\/a><\/p>\n<p>Fonte: https:\/\/www.pom.org.br\/corrente-solidaria-destina-r-11-mil-em-doacao-aos-povos-<br \/>\nindigenas-do-vale-do-javari\/ Acesso em 28 Jun 2022.<\/p>\n<p>Com a participa\u00e7\u00e3o de cientistas de universidades brasileiras, estudantes, ONGs, organismos<br \/>\ninternacionais e das for\u00e7as armadas (uma vez que se trata de \u00e1rea fronteiri\u00e7a), o governo abriu<br \/>\nprocesso de chamamento p\u00fablico para que as pessoas interessadas possam fazer parte do programa.<br \/>\nA universidade que voc\u00ea estuda ir\u00e1 fazer parte deste programa e voc\u00ea, que faz um curso<br \/>\nvoltado \u00e0 compreens\u00e3o da quest\u00e3o ambiental, ir\u00e1 trabalhar auxiliando na coordena\u00e7\u00e3o da<br \/>\nmetodologia a ser utilizada para a recupera\u00e7\u00e3o das \u00e1reas que foram degradadas pelo garimpo ilegal.<br \/>\nPara que este projeto tenha \u00eaxito \u00e9 muito importante que se conhe\u00e7a com detalhes o<br \/>\nterrit\u00f3rio que ser\u00e1 trabalho. Por isso, \u00e9 fundamental que sejam conhecidas as caracter\u00edsticas<br \/>\ngeol\u00f3gicas, bem como a fauna e sobretudo a flora local.<br \/>\nPor meio da tecnologia de Sensoriamento Remoto \u00e9 poss\u00edvel obter uma s\u00e9rie de dados sobre<br \/>\na regi\u00e3o e, neste sentido, o Instituo Nacional de Pesquisas Espaciais, possui ampla tradi\u00e7\u00e3o de<br \/>\nmonitoramento da regi\u00e3o com o uso de sat\u00e9lites, al\u00e9m do monitoramento realizado por meio do<br \/>\nprojeto RADAM.<br \/>\nPortanto, a elabora\u00e7\u00e3o de Plano de Recupera\u00e7\u00e3o de \u00c1reas Degradas pela minera\u00e7\u00e3o ilegal, os<br \/>\nconte\u00fados que dever\u00e3o ser abordados nos PRAD s\u00e3o:<br \/>\n1) Diagn\u00f3stico:<br \/>\nO diagn\u00f3stico \u00e9 sempre uma parte fundamental quando vamos realizar um trabalho na \u00e1rea<br \/>\nambiental, pois n\u00e3o h\u00e1 como desenvolvermos um bom trabalho, tampouco atingir os objetivos<br \/>\npretendidos, sem que se tenha conhecimento sobre a \u00e1rea de atua\u00e7\u00e3o. Portanto, seu trabalho deve<br \/>\nse iniciar com o diagn\u00f3stico da \u00e1rea, contemplando os seguintes conte\u00fados:<\/p>\n<p>1.1) Geologia Local;<br \/>\n1.1.1) Qual o dom\u00ednio geol\u00f3gico ambiental?<br \/>\n1.1.2) Qual a unidade geol\u00f3gica ambiental? (Coloque o recorte da imagem que possui<br \/>\na localiza\u00e7\u00e3o dessa unidade geol\u00f3gica e escreva qual \u00e9 ela)<br \/>\n1.1.3) Quais as adequabilidades\/ potencialidades?<br \/>\n1.1.4) Quais limita\u00e7\u00f5es quanto ao uso da \u00e1rea?<br \/>\n1.2) Caracter\u00edsticas gerais da fauna e flora;<br \/>\n1.3) Quais grupos ind\u00edgenas habitam o local;<br \/>\n1.4) Quais dados produzidos pelo Instituto Nacional de Pesquisas Espaciais e do Projeto<br \/>\nRADAM Brasil podem ser utilizados no diagn\u00f3stico?<\/p>\n<p>2) Metodologia para Recupera\u00e7\u00e3o de \u00c1rea Degradada<br \/>\nO Plano ou Projeto de Recupera\u00e7\u00e3o de \u00c1rea Degradada tem como principal fun\u00e7\u00e3o elaborar<br \/>\num roteiro sistem\u00e1tico, com as informa\u00e7\u00f5es e procedimentos t\u00e9cnicos estruturados em um<br \/>\nplanejamento que ir\u00e1 orientar a metodologia de recupera\u00e7\u00e3o ambiental ou restaura\u00e7\u00e3o ecol\u00f3gica de<br \/>\numa \u00e1rea impactada negativamente, pela atividade humana. A elabora\u00e7\u00e3o do PRAD envolve uma<br \/>\nequipe multidisciplinar, com diversos profissionais da \u00e1rea Ambiental, tais como agr\u00f4nomos,<br \/>\nbi\u00f3logos, engenheiros florestais e engenheiros ambientais, gestores ambientais, ge\u00f3grafos,<br \/>\nsoci\u00f3logos e zootecnistas.<br \/>\nAo elaborar um plano de recupera\u00e7\u00e3o de uma \u00e1rea degradada, \u00e9 importante que se construa<br \/>\nferramentas estat\u00edsticas voltadas a monitorar a evolu\u00e7\u00e3o do ambiente a partir das a\u00e7\u00f5es tomadas.<br \/>\nPara isso, deve-se colocar as informa\u00e7\u00f5es iniciais do ambiente e propor a\u00e7\u00f5es de monitoramento ao<br \/>\nlongo do tempo. Al\u00e9m disso, \u00e9 preciso criar ferramentas para que sejam avaliados os dados obtidos.<br \/>\nDessa forma, sabendo que o Vale do Javari \u00e9 uma regi\u00e3o fortemente impactada por atividades<br \/>\nde garimpo e extra\u00e7\u00e3o ilegal de madeira:<br \/>\n2.1) Elabore um plano de a\u00e7\u00e3o que apresente diferentes t\u00e9cnicas de recupera\u00e7\u00e3o da<br \/>\nvegeta\u00e7\u00e3o local.<br \/>\n2.2) O projeto dever\u00e1 constar, quanto aos dados estat\u00edsticos:<br \/>\n2.2.1) Defini\u00e7\u00e3o do estudo<br \/>\n2.2.2) Planejamento e coleta dos dados<br \/>\n2.2.3) An\u00e1lise e interpreta\u00e7\u00e3o dos resultados<br \/>\n2.2.4) Apresenta\u00e7\u00e3o dos resultados<\/p>\n<p>3) Resultados Esperados e meios de divulga\u00e7\u00e3o<br \/>\nConsiderando que o projeto \u00e9 de grande relev\u00e2ncia para a sociedade brasileira, neste t\u00f3pico<br \/>\ndever\u00e3o ser expostos os resultados esperados quanto \u00e0 recupera\u00e7\u00e3o da \u00e1rea. E dever\u00e1 conter:<br \/>\n3.1) Qual o tempo estimado para execu\u00e7\u00e3o do projeto? Apresente um cronograma<br \/>\nsimplificado, em meses, conforme exemplo:<\/p>\n<p><img decoding=\"async\" class=\"lzl-ed alignnone wp-image-54614 size-medium\" title=\"portfolio pronto ead\" src=\"https:\/\/portfoliooead.com.br\/wp-content\/uploads\/2022\/07\/Sem-titulo-19-600x219.png\" alt=\"Recupera\u00e7\u00e3o de \u00e1rea degradada em minera\u00e7\u00e3o ilegal,portf\u00f3lio Recupera\u00e7\u00e3o de \u00e1rea degradada em minera\u00e7\u00e3o ilegal,portfolio Recupera\u00e7\u00e3o de \u00e1rea degradada em minera\u00e7\u00e3o ilegal,portfolio pronto Recupera\u00e7\u00e3o de \u00e1rea degradada em minera\u00e7\u00e3o ilegal,portf\u00f3lio pronto Recupera\u00e7\u00e3o de \u00e1rea degradada em minera\u00e7\u00e3o ilegal,portfolio ead Recupera\u00e7\u00e3o de \u00e1rea degradada em minera\u00e7\u00e3o ilegal,portfolioo ead Recupera\u00e7\u00e3o de \u00e1rea degradada em minera\u00e7\u00e3o ilegal,portf\u00f3lio ead Recupera\u00e7\u00e3o de \u00e1rea degradada em minera\u00e7\u00e3o ilegal,portfolio unopar Recupera\u00e7\u00e3o de \u00e1rea degradada em minera\u00e7\u00e3o ilegal,portfolio pronto unopar Recupera\u00e7\u00e3o de \u00e1rea degradada em minera\u00e7\u00e3o ilegal,pti Recupera\u00e7\u00e3o de \u00e1rea degradada em minera\u00e7\u00e3o ilegal,ptg Recupera\u00e7\u00e3o de \u00e1rea degradada em minera\u00e7\u00e3o ilegal,trabalho pronto Recupera\u00e7\u00e3o de \u00e1rea degradada em minera\u00e7\u00e3o ilegal,portfolio pronto ead Recupera\u00e7\u00e3o de \u00e1rea degradada em minera\u00e7\u00e3o ilegal,apostileiros Recupera\u00e7\u00e3o de \u00e1rea degradada em minera\u00e7\u00e3o ilegal,portfolio gest\u00e3o ambiental,portfolio gestao ambiental unopar,portf\u00f3lio de gest\u00e3o ambiental,portf\u00f3lio pronto de gest\u00e3o ambiental,portf\u00f3lio interdisciplinar individual gest\u00e3o ambiental,Portfolio pronto,portifolio pronto,portf\u00f3lio pronto,portifolios prontos,portif\u00f3lios prontos,portf\u00f3lio pronto unopar,portifolio pronto unopar,portif\u00f3lio pronto unopar,portifolios prontos unopar,portifolios prontos anhanguera,portf\u00f3lios prontos anhanguera,portf\u00f3lio pronto anhanguera,portfolios ead,portf\u00f3lios ead,portfolioead,apostileiros,portf\u00f3lio ead,portifolios ead,portif\u00f3lios ead,eadhelp,shop do acad\u00eamico,unopar portfolio,portfolio pronto ead,portfolio unopar ead,ead portfolio ava,portf\u00f3lio ead anhanguera,portf\u00f3lio ead pront,o portf\u00f3lio ead unopar,portf\u00f3lio pronto em word,pti unopar,ptg unopar,modelo de portf\u00f3lio unopar,modelo de portf\u00f3lio anhanguera,como fazer um portf\u00f3lio para faculdade,como faz portf\u00f3lio universidade,como faz portf\u00f3lios para universidade,portf\u00f3lios prontos para universidade,portf\u00f3lios pronto para faculdade,portf\u00f3lio pronto para editar,portifolios prontos para editar,portf\u00f3lio em word,portfolio em word,portf\u00f3lio em word para editar,portifolio em word para editar,portfolio unopar pronto para editar,modelo de portfolio para unopar,modelo de portif\u00f3lio para unopar,modelo de portf\u00f3lio para unopar,unopar portf\u00f3lio pronto,anhanguera portf\u00f3lio pronto,portf\u00f3lio em word pronto,comprar portf\u00f3lio pronto,como fazer um portf\u00f3lio,como fazer portf\u00f3lio digital,portfolio,portf\u00f3lio,portifolio,portif\u00f3lio,portf\u00f3lio interdisciplinar individual,portfolio interdisciplinar individual,exemplos de portf\u00f3lio para faculdade,baixar portf\u00f3lio pronto,portf\u00f3lio acad\u00eamico,portf\u00f3lio online,portfoliooead,portfolio ead,portf\u00f3lio pronto interdisciplinar individual,relat\u00f3rio de est\u00e1gio unopar,relat\u00f3rio de est\u00e1gio pronto unopar,como criar um portf\u00f3lio,o que \u00e9 um portf\u00f3lio e como fazer,portfolio exemplo,modelo de portfolio acad\u00eamico,relat\u00f3rio de est\u00e1gio gest\u00e3o escolar pronto unopar,portf\u00f3lio como fazer,prova profici\u00eancia unopar,portfolio individual est\u00e1gio curricular obrigat\u00f3rio ii anos iniciais do ensino fundamental,prova de profici\u00eancia pedagogia unopar,capa de trabalho unopar para editar,portf\u00f3lio acad\u00eamico unopar,como fazer um portf\u00f3lio acad\u00eamico,portf\u00f3lio exemplos word,portfolio acad\u00eamico,portfolio individual,portfolio individual unopar,portfolio individual anhanguera,portfolio marketing digital,portf\u00f3lio educa\u00e7\u00e3o f\u00edsica unopar,portf\u00f3lio gest\u00e3o educacional e espa\u00e7os n\u00e3o escolares,como fazer um portifolio unopar,modelo de portf\u00f3lio unopar em arquivo word,capa de portf\u00f3lio de pedagogia,como fazer um portf\u00f3lio no word,projeto integrado unopar,exemplo de portf\u00f3lio academico pedagogia\" width=\"600\" height=\"219\" data-lzl-src=\"https:\/\/portfoliooead.com.br\/wp-content\/uploads\/2022\/07\/Sem-titulo-19-600x219.png\" \/><\/p>\n<p>Obs: Este exemplo n\u00e3o apresenta toda a complexidade do projeto, tampouco \u00e9 condizente<br \/>\ncom tempo que demora a execu\u00e7\u00e3o de um PRAD.<br \/>\n3.2) Proje\u00e7\u00f5es para o futuro<br \/>\nIndique quais s\u00e3o resultados s\u00e3o esperados, a curto, m\u00e9dio e longo prazo.<br \/>\n3.3) Divulga\u00e7\u00e3o dos resultados<br \/>\nDever\u00e1 ser indicado ao menos 3 mapas que dever\u00e3o ser elaborados para apresenta\u00e7\u00e3o dos<br \/>\nresultados (a confec\u00e7\u00e3o do mapa \u00e9 facultativa), contendo:<br \/>\n3.3.1) Temas representados;<br \/>\n3.3.2) Fonte dos dados.<\/p>\n<div class=\"elementor-toggle-item\">\n<h4 id=\"elementor-tab-title-1941\" class=\"elementor-tab-title elementor-active\" tabindex=\"0\" role=\"tab\" data-tab=\"1\" aria-controls=\"elementor-tab-content-1941\" aria-expanded=\"true\" aria-selected=\"true\">Como funciona?<\/h4>\n<div id=\"elementor-tab-content-1941\" class=\"elementor-tab-content elementor-clearfix elementor-active\" role=\"tabpanel\" data-tab=\"1\" aria-labelledby=\"elementor-tab-title-1941\">\n<p>Elaboramos os portf\u00f3lios, j\u00e1 deixamos prontos, nas normas da ABNT e conforme os requisitos da universidade. F\u00e1cil assim! O MELHOR \u00c9 QUE VOC\u00ca COMPRA E J\u00c1 BAIXA NA HORA O SEU ARQUIVO EM WORD! Sabemos que conciliar trabalho, fam\u00edlia, vida profissional e estudos \u00e9 dif\u00edcil hoje em dia, por isso, estamos aqui para ajudar voc\u00ea. Conte com nossa qualidade, experi\u00eancia e profissionalismo adquirindo seu portf\u00f3lio conosco. GARANTIMOS SEU CONCEITO!<\/p>\n<h4>Como se realizam os envios?<\/h4>\n<\/div>\n<\/div>\n<div class=\"elementor-toggle-item\">\n<div id=\"elementor-tab-content-1942\" class=\"elementor-tab-content elementor-clearfix elementor-active\" role=\"tabpanel\" data-tab=\"2\" aria-labelledby=\"elementor-tab-title-1942\">O seu trabalho \u00e9 disponibilizado pronto, respondido e nas normas j\u00e1 na mesma hora aqui em nosso site na sua \u00e1rea de downloads e tamb\u00e9m no seu e-mail.<\/div>\n<\/div>\n<div class=\"elementor-toggle-item\">\n<div id=\"elementor-tab-content-1943\" class=\"elementor-tab-content elementor-clearfix elementor-active\" role=\"tabpanel\" data-tab=\"3\" aria-labelledby=\"elementor-tab-title-1943\">\n<h4>Em quanto tempo recebo o portf\u00f3lio?<\/h4>\n<\/div>\n<\/div>\n<div class=\"elementor-toggle-item\">\n<div id=\"elementor-tab-content-1944\" class=\"elementor-tab-content elementor-clearfix elementor-active\" role=\"tabpanel\" data-tab=\"4\" aria-labelledby=\"elementor-tab-title-1944\">\n<p>Os envios s\u00e3o imediatos. Ap\u00f3s sua compra, o trabalho j\u00e1 \u00e9 disponibilizado instantaneamente aqui em nosso site e no seu e-mail.<\/p>\n<h4>E se o portf\u00f3lio que comprei precisar de corre\u00e7\u00e3o?<\/h4>\n<\/div>\n<\/div>\n<div class=\"elementor-toggle-item\">\n<div id=\"elementor-tab-content-1945\" class=\"elementor-tab-content elementor-clearfix elementor-active\" role=\"tabpanel\" data-tab=\"5\" aria-labelledby=\"elementor-tab-title-1945\">\n<p>Caso haja alguma solicita\u00e7\u00e3o de corre\u00e7\u00e3o\/altera\u00e7\u00e3o por parte do tutor, basta entrar em contato conosco pelo\u00a0WhatsApp\u00a0que provid\u00eanciaremos sem custo algum.<\/p>\n<h4>Qual o formato do arquivo?<\/h4>\n<\/div>\n<\/div>\n<div class=\"elementor-toggle-item\">\n<div id=\"elementor-tab-content-1946\" class=\"elementor-tab-content elementor-clearfix elementor-active\" role=\"tabpanel\" data-tab=\"6\" aria-labelledby=\"elementor-tab-title-1946\">\n<p>Os arquivos s\u00e3o enviados em formato Word e s\u00e3o edit\u00e1veis.<\/p>\n<h4>Caso eu tiver alguma d\u00favida, terei suporte no p\u00f3s venda?<\/h4>\n<\/div>\n<\/div>\n<div class=\"elementor-toggle-item\">\n<div id=\"elementor-tab-content-1948\" class=\"elementor-tab-content elementor-clearfix elementor-active\" role=\"tabpanel\" data-tab=\"8\" aria-labelledby=\"elementor-tab-title-1948\">\n<p>Sim, com certeza. Basta clicar no \u00edcone do WhatsApp no cantinho da tela. Ser\u00e1 um prazer atend\u00ea-lo(a).<\/p>\n<div class=\"elementor-toggle-item\">\n<div id=\"elementor-tab-content-1948\" class=\"elementor-tab-content elementor-clearfix elementor-active\" role=\"tabpanel\" data-tab=\"8\" aria-labelledby=\"elementor-tab-title-1948\">\n<h4>Quais os seus canais de contato?<\/h4>\n<\/div>\n<\/div>\n<div class=\"elementor-toggle-item\">\n<div id=\"elementor-tab-content-1949\" class=\"elementor-tab-content elementor-clearfix elementor-active\" role=\"tabpanel\" data-tab=\"9\" aria-labelledby=\"elementor-tab-title-1949\">\n<p>Whatsapp: 53 984751621 \u2013 Clicar no canto da tela ou ESCANEIE O QRCODE ABAIXO<\/p>\n<p><img decoding=\"async\" class=\"alignnone wp-image-7603\" src=\"http:\/\/portifolioos-prontos.com\/wp-content\/uploads\/2022\/09\/portfolio-unopar-pronto-colaborar-ava-producao-textual-interdisciplinar.png\" alt=\"Recupera\u00e7\u00e3o de \u00e1rea degradada em minera\u00e7\u00e3o ilegal,portf\u00f3lio Recupera\u00e7\u00e3o de \u00e1rea degradada em minera\u00e7\u00e3o ilegal,portfolio Recupera\u00e7\u00e3o de \u00e1rea degradada em minera\u00e7\u00e3o ilegal,portfolio pronto Recupera\u00e7\u00e3o de \u00e1rea degradada em minera\u00e7\u00e3o ilegal,portf\u00f3lio pronto Recupera\u00e7\u00e3o de \u00e1rea degradada em minera\u00e7\u00e3o ilegal,portfolio ead Recupera\u00e7\u00e3o de \u00e1rea degradada em minera\u00e7\u00e3o ilegal,portfolioo ead Recupera\u00e7\u00e3o de \u00e1rea degradada em minera\u00e7\u00e3o ilegal,portf\u00f3lio ead Recupera\u00e7\u00e3o de \u00e1rea degradada em minera\u00e7\u00e3o ilegal,portfolio unopar Recupera\u00e7\u00e3o de \u00e1rea degradada em minera\u00e7\u00e3o ilegal,portfolio pronto unopar Recupera\u00e7\u00e3o de \u00e1rea degradada em minera\u00e7\u00e3o ilegal,pti Recupera\u00e7\u00e3o de \u00e1rea degradada em minera\u00e7\u00e3o ilegal,ptg Recupera\u00e7\u00e3o de \u00e1rea degradada em minera\u00e7\u00e3o ilegal,trabalho pronto Recupera\u00e7\u00e3o de \u00e1rea degradada em minera\u00e7\u00e3o ilegal,portfolio pronto ead Recupera\u00e7\u00e3o de \u00e1rea degradada em minera\u00e7\u00e3o ilegal,apostileiros Recupera\u00e7\u00e3o de \u00e1rea degradada em minera\u00e7\u00e3o ilegal,portfolio gest\u00e3o ambiental,portfolio gestao ambiental unopar,portf\u00f3lio de gest\u00e3o ambiental,portf\u00f3lio pronto de gest\u00e3o ambiental,portf\u00f3lio interdisciplinar individual gest\u00e3o ambiental,Portfolio pronto,portifolio pronto,portf\u00f3lio pronto,portifolios prontos,portif\u00f3lios prontos,portf\u00f3lio pronto unopar,portifolio pronto unopar,portif\u00f3lio pronto unopar,portifolios prontos unopar,portifolios prontos anhanguera,portf\u00f3lios prontos anhanguera,portf\u00f3lio pronto anhanguera,portfolios ead,portf\u00f3lios ead,portfolioead,apostileiros,portf\u00f3lio ead,portifolios ead,portif\u00f3lios ead,eadhelp,shop do acad\u00eamico,unopar portfolio,portfolio pronto ead,portfolio unopar ead,ead portfolio ava,portf\u00f3lio ead anhanguera,portf\u00f3lio ead pront,o portf\u00f3lio ead unopar,portf\u00f3lio pronto em word,pti unopar,ptg unopar,modelo de portf\u00f3lio unopar,modelo de portf\u00f3lio anhanguera,como fazer um portf\u00f3lio para faculdade,como faz portf\u00f3lio universidade,como faz portf\u00f3lios para universidade,portf\u00f3lios prontos para universidade,portf\u00f3lios pronto para faculdade,portf\u00f3lio pronto para editar,portifolios prontos para editar,portf\u00f3lio em word,portfolio em word,portf\u00f3lio em word para editar,portifolio em word para editar,portfolio unopar pronto para editar,modelo de portfolio para unopar,modelo de portif\u00f3lio para unopar,modelo de portf\u00f3lio para unopar,unopar portf\u00f3lio pronto,anhanguera portf\u00f3lio pronto,portf\u00f3lio em word pronto,comprar portf\u00f3lio pronto,como fazer um portf\u00f3lio,como fazer portf\u00f3lio digital,portfolio,portf\u00f3lio,portifolio,portif\u00f3lio,portf\u00f3lio interdisciplinar individual,portfolio interdisciplinar individual,exemplos de portf\u00f3lio para faculdade,baixar portf\u00f3lio pronto,portf\u00f3lio acad\u00eamico,portf\u00f3lio online,portfoliooead,portfolio ead,portf\u00f3lio pronto interdisciplinar individual,relat\u00f3rio de est\u00e1gio unopar,relat\u00f3rio de est\u00e1gio pronto unopar,como criar um portf\u00f3lio,o que \u00e9 um portf\u00f3lio e como fazer,portfolio exemplo,modelo de portfolio acad\u00eamico,relat\u00f3rio de est\u00e1gio gest\u00e3o escolar pronto unopar,portf\u00f3lio como fazer,prova profici\u00eancia unopar,portfolio individual est\u00e1gio curricular obrigat\u00f3rio ii anos iniciais do ensino fundamental,prova de profici\u00eancia pedagogia unopar,capa de trabalho unopar para editar,portf\u00f3lio acad\u00eamico unopar,como fazer um portf\u00f3lio acad\u00eamico,portf\u00f3lio exemplos word,portfolio acad\u00eamico,portfolio individual,portfolio individual unopar,portfolio individual anhanguera,portfolio marketing digital,portf\u00f3lio educa\u00e7\u00e3o f\u00edsica unopar,portf\u00f3lio gest\u00e3o educacional e espa\u00e7os n\u00e3o escolares,como fazer um portifolio unopar,modelo de portf\u00f3lio unopar em arquivo word,capa de portf\u00f3lio de pedagogia,como fazer um portf\u00f3lio no word,projeto integrado unopar,exemplo de portf\u00f3lio academico pedagogia\" width=\"141\" height=\"141\" srcset=\"https:\/\/portifolioos-prontos.com\/wp-content\/uploads\/2022\/09\/portfolio-unopar-pronto-colaborar-ava-producao-textual-interdisciplinar.png 150w, https:\/\/portifolioos-prontos.com\/wp-content\/uploads\/2022\/09\/portfolio-unopar-pronto-colaborar-ava-producao-textual-interdisciplinar-100x100.png 100w\" sizes=\"(max-width: 141px) 100vw, 141px\" \/><\/p>\n<\/div>\n<\/div>\n<\/div>\n<\/div>\n<div class=\"elementor-toggle-item\">\n<div id=\"elementor-tab-content-1949\" class=\"elementor-tab-content elementor-clearfix elementor-active\" role=\"tabpanel\" data-tab=\"9\" aria-labelledby=\"elementor-tab-title-1949\">\n<p>E-mail:portifoliosp@gmail.com<\/p>\n<div id=\"attachment_143\" class=\"wp-caption alignnone\">\n<div id=\"attachment_143\" class=\"wp-caption alignnone\">\n<p><a href=\"http:\/\/portifolioos-prontos.com\/\"><img loading=\"lazy\" decoding=\"async\" class=\"wp-image-143\" title=\"portfolio pronto unopar\" src=\"http:\/\/portifolioos-prontos.com\/wp-content\/uploads\/2022\/04\/conceitomaximo.png\" alt=\"PORTFOLIO PRONTO UNOPAR ANHANGUERA\" width=\"164\" height=\"47\" aria-describedby=\"caption-attachment-143\" \/><\/a><\/p>\n<p id=\"caption-attachment-143\" class=\"wp-caption-text\">Portf\u00f3lio em Word, respondido, completo e j\u00e1 nas normas.<\/p>\n<\/div>\n<\/div>\n<\/div>\n<\/div>\n","protected":false},"excerpt":{"rendered":"<p>Portf\u00f3lio Recupera\u00e7\u00e3o de \u00e1rea degradada em minera\u00e7\u00e3o ilegal Curso: Gest\u00e3o Ambiental A proposta de Produ\u00e7\u00e3o Textual Interdisciplinar Individual (PTI) tem como tema principal \u201cRecupera\u00e7\u00e3o de \u00c1rea Degradada em Minera\u00e7\u00e3o Ilegal\u201d. Escolhemos esta tem\u00e1tica para possibilitar a aprendizagem interdisciplinar dos conte\u00fados desenvolvidos nas disciplinas desse semestre. SITUA\u00c7\u00c3O GERADORA DE APRENDIZAGEM (SGA) A minera\u00e7\u00e3o \u00e9 uma atividade&hellip;<\/p>\n","protected":false},"featured_media":5731,"template":"","meta":{"_seopress_robots_primary_cat":"none","_seopress_titles_title":"%%post_title%% %%sitetitle%%","_seopress_titles_desc":"%%post_content%%","_seopress_robots_index":""},"product_cat":[74,15],"product_tag":[],"class_list":{"0":"post-5585","1":"product","2":"type-product","3":"status-publish","4":"has-post-thumbnail","6":"product_cat-gestao-ambiental","7":"product_cat-uncategorized","9":"first","10":"instock","11":"downloadable","12":"virtual","13":"purchasable","14":"product-type-simple","15":"col-xs-6 col-sm-4","16":"col-mf-5","17":"un-5-cols"},"jetpack_sharing_enabled":true,"_links":{"self":[{"href":"https:\/\/portifolioos-prontos.com\/index.php\/wp-json\/wp\/v2\/product\/5585","targetHints":{"allow":["GET"]}}],"collection":[{"href":"https:\/\/portifolioos-prontos.com\/index.php\/wp-json\/wp\/v2\/product"}],"about":[{"href":"https:\/\/portifolioos-prontos.com\/index.php\/wp-json\/wp\/v2\/types\/product"}],"version-history":[{"count":0,"href":"https:\/\/portifolioos-prontos.com\/index.php\/wp-json\/wp\/v2\/product\/5585\/revisions"}],"wp:featuredmedia":[{"embeddable":true,"href":"https:\/\/portifolioos-prontos.com\/index.php\/wp-json\/wp\/v2\/media\/5731"}],"wp:attachment":[{"href":"https:\/\/portifolioos-prontos.com\/index.php\/wp-json\/wp\/v2\/media?parent=5585"}],"wp:term":[{"taxonomy":"product_cat","embeddable":true,"href":"https:\/\/portifolioos-prontos.com\/index.php\/wp-json\/wp\/v2\/product_cat?post=5585"},{"taxonomy":"product_tag","embeddable":true,"href":"https:\/\/portifolioos-prontos.com\/index.php\/wp-json\/wp\/v2\/product_tag?post=5585"}],"curies":[{"name":"wp","href":"https:\/\/api.w.org\/{rel}","templated":true}]}}