{"id":5588,"date":"2022-07-28T09:46:50","date_gmt":"2022-07-28T12:46:50","guid":{"rendered":"https:\/\/portifolioos-prontos.com\/?post_type=product&#038;p=5588"},"modified":"2022-09-14T15:52:24","modified_gmt":"2022-09-14T18:52:24","slug":"portfolio-a-expressao-corporal-e-a-danca-intervencoes-tecnologicas-direcionadas-as-brincadeiras-e-e-games-a-servico-da-atividade-fisica-adaptada","status":"publish","type":"product","link":"https:\/\/portifolioos-prontos.com\/index.php\/product\/portfolio-a-expressao-corporal-e-a-danca-intervencoes-tecnologicas-direcionadas-as-brincadeiras-e-e-games-a-servico-da-atividade-fisica-adaptada\/","title":{"rendered":"Portf\u00f3lio A express\u00e3o corporal e a dan\u00e7a: interven\u00e7\u00f5es tecnol\u00f3gicas Direcionadas \u00e0s brincadeiras e e-games a servi\u00e7o da atividade f\u00edsica adaptada"},"content":{"rendered":"<h4>Portf\u00f3lio A express\u00e3o corporal e a dan\u00e7a: interven\u00e7\u00f5es tecnol\u00f3gicas Direcionadas \u00e0s brincadeiras e e-games a servi\u00e7o da atividade f\u00edsica adaptada<\/h4>\n<h4>Curso: Educa\u00e7\u00e3o F\u00edsica<\/h4>\n<hr \/>\n<p>O presente semestre est\u00e1 possibilitando uma significativa amplia\u00e7\u00e3o e aprofundamento de<br \/>\nconhecimentos sobre a Educa\u00e7\u00e3o F\u00edsica e suas bases te\u00f3rico-pr\u00e1ticas que s\u00e3o essenciais para a<br \/>\natua\u00e7\u00e3o na \u00e1rea. Desta forma, o campo de atua\u00e7\u00e3o profissional apresenta-se diverso e possibilita que<br \/>\na materializa\u00e7\u00e3o dos conhecimentos te\u00f3ricos e t\u00e9cnicos, ocorram fundamentados pelas novas<br \/>\nevid\u00eancias cient\u00edficas. Assim sendo, o tema central da proposta de Produ\u00e7\u00e3o Textual Interdisciplinar<br \/>\nIndividual (PTI) ser\u00e1: <a href=\"http:\/\/portfolioos-prontos.com\">A EXPRESS\u00c3O CORPORAL E A DAN\u00c7A: INTERVEN\u00c7\u00d5ES TECNOL\u00d3GICAS<\/a><br \/>\nDIRECIONADAS \u00c0S BRINCADEIRAS E E-GAMES A SERVI\u00c7O DA ATIVIDADE F\u00cdSICA ADAPTADA<br \/>\nEste tema \u00e9 importante para que voc\u00ea possa conhecer e reconhecer sobre o significado do<br \/>\nobjeto de estudo da Educa\u00e7\u00e3o F\u00edsica. Com isso, as possibilidades profissionais de atua\u00e7\u00e3o, o<br \/>\nconhecimento t\u00e9cnico-cient\u00edfico, seu p\u00fablico-alvo, seus campos de atua\u00e7\u00e3o e como esses elementos<br \/>\ninteragem com a din\u00e2mica cultural e tecnol\u00f3gica na sociedade fazem com que a seja uma profiss\u00e3o<br \/>\nde grande amplitude e complexidade sobre a atua\u00e7\u00e3o deste profissional no futuro. Neste sentido,<br \/>\nconsidere este cen\u00e1rio exposto para o desenvolvimento desta produ\u00e7\u00e3o textual, tendo como base os<br \/>\nconte\u00fados apresentados nas disciplinas do semestre.<\/p>\n<p>PRODU\u00c7\u00c3O TEXTUAL<br \/>\nINTERDISCIPLINAR<\/p>\n<p><a href=\"http:\/\/portifolioos-prontos.com\">ATIVIDADE<\/a><\/p>\n<p>Esta atividade tem como objetivo ampliar a compreens\u00e3o a respeito dos conte\u00fados<br \/>\nenvolvidos nas \u00e1reas de conhecimento contempladas no semestre vivenciado, resultando em uma<br \/>\nprodu\u00e7\u00e3o textual individual fundamentada na aprendizagem baseada em uma situa\u00e7\u00e3o-problema<br \/>\nque apresenta a seguinte tem\u00e1tica: A EXPRESS\u00c3O CORPORAL E A DAN\u00c7A: INTERVEN\u00c7\u00d5ES<br \/>\nTECNOL\u00d3GICAS DIRECIONADAS \u00c0S BRINCADEIRAS E E-GAMES A SERVI\u00c7O DA ATIVIDADE F\u00cdSICA<br \/>\nADAPTADA.<br \/>\nPara auxiliar na produ\u00e7\u00e3o textual, realize a leitura dos artigos cient\u00edficos a seguir:<br \/>\nDan\u00e7a inclusiva para um paralisado cerebral<br \/>\nGOBETTI, Sabrina Emanuele; SUTIL, Cristina. DAN\u00c7A INCLUSIVA PARA UM PARALISADO CEREBRAL.<br \/>\nDispon\u00edvel em : https:\/\/www.unifacvest.edu.br\/assets\/uploads\/files\/arquivos\/b9645-gobetti,-<\/p>\n<p>sabrina-emanuele.-danca-inclusiva-para-um-paralisado-cerebral.-lages,-unifacvest,-2016_2.-curso-<br \/>\nde-educacao-fisica..pdf<\/p>\n<p>Rompendo fronteiras na Educa\u00e7\u00e3o F\u00edsica atrav\u00e9s dos videogames, com intera\u00e7\u00e3o corporal<br \/>\nFINCO, Mateus David; FRAGA, Alex Branco. Rompendo fronteiras na Educa\u00e7\u00e3o F\u00edsica atrav\u00e9s dos<br \/>\nvideogames com intera\u00e7\u00e3o corporal. Motriz: Revista de Educa\u00e7\u00e3o F\u00edsica, v. 18, n. 3, p. 533-541,<br \/>\n2012. Dispon\u00edvel em:<br \/>\nhttps:\/\/www.scielo.br\/j\/motriz\/a\/M6PjbCQqyHBBwHXGw7wxbhP\/?lang=pt&#038;format=pdf<br \/>\nExergames como recurso facilitador da participa\u00e7\u00e3o de aluno com defici\u00eancia f\u00edsica nas aulas de<br \/>\neduca\u00e7\u00e3o f\u00edsica: percepa\u00e7\u00e3o do aluno.<br \/>\nDA SILVA, Fernanda Carolina Toledo; BRACCIALLI, L\u00edgia Maria Presumido. Exergames como recurso<br \/>\nfacilitador da participa\u00e7\u00e3o de aluno com defici\u00eancia f\u00edsica nas aulas de educa\u00e7\u00e3o f\u00edsica: percep\u00e7\u00e3o<br \/>\ndo aluno. Revista Cocar, v. 11, n. 21, p. 184-208, 2017. Dispon\u00edvel em:<br \/>\nhttps:\/\/periodicos.uepa.br\/index.php\/cocar\/article\/view\/1288<br \/>\nParalisia Cerebral<br \/>\nPEREIRA, Heloisa Viscaino. Paralisia cerebral. Rev Resid Pedi\u00e1tr, v. 8, n. 1, p. 49-55, 2018. Dispon\u00edvel<br \/>\nem: https:\/\/cdn.publisher.gn1.link\/residenciapediatrica.com.br\/pdf\/v8s1a09.pdf<\/p>\n<p>Orienta\u00e7\u00f5es espec\u00edficas para realiza\u00e7\u00e3o da Atividade<br \/>\nRealize a leitura da situa\u00e7\u00e3o-problema intitulada:<br \/>\nSitua\u00e7\u00e3o Problema<br \/>\nImagine que voc\u00ea \u00e9 Professor(a) de Educa\u00e7\u00e3o F\u00edsica na Escola Estadual de seu munic\u00edpio e que na<br \/>\nsua turma de alunos do 1.o Ano do Ensino M\u00e9dio h\u00e1 um aluno que apresenta paralisia cerebral.<br \/>\nSabendo da import\u00e2ncia conhecer melhor as defici\u00eancias encontradas na parte motora e\/ou<br \/>\nintelectual de seus alunos, bem como, preparar os demais alunos para aceita\u00e7\u00e3o e inclus\u00e3o de<br \/>\npessoas com defici\u00eancia em suas aulas, voc\u00ea resolve estudar melhor sobre o assunto. Al\u00e9m disso,<br \/>\nverifica em seu plano de aula que para este primeiro trimestre, voc\u00ea ir\u00e1 ensinar o conte\u00fado da<br \/>\nexpress\u00e3o corporal e da dan\u00e7a no sentido de criar um ambiente de aprendizagem que permita a<br \/>\ntodos os alunos vivenciarem a dan\u00e7a como forma de express\u00e3o em diferentes culturas e contextos,<br \/>\nutilizando-se, inclusive, de diferentes estrat\u00e9gias.<br \/>\nDeste modo, voc\u00ea dever\u00e1 elaborar um texto que responda aos seguintes questionamentos:<br \/>\n1. O que \u00e9 paralisia cerebral ? Aponte o conceito de paralisia cerebral e apresente suas<br \/>\nclassifica\u00e7\u00f5es por tipo de les\u00e3o apontandando tamb\u00e9m os n\u00edveis de funcionalidade motora<br \/>\ngrosseira, manual, comunica\u00e7\u00e3o e de alimenta\u00e7\u00e3o.<br \/>\n2. Por que pessoas com paralisia cerebral apresentam maior risco de comorbidades e como a<br \/>\natividade f\u00edsica que contempla a express\u00e3o corporal e a dan\u00e7a podem ser aplicadas para trazer<br \/>\nbenef\u00edcios a sa\u00fade deste p\u00fablico.<br \/>\n3. Os Par\u00e2metros Curriculares Nacionais (1998, p.56) relata que: \u201cPor desconhecimento, receio ou<br \/>\nmesmo preconceito, a maioria dos portadores de necessidades especiais tendem a ser exclu\u00eddos<br \/>\ndas aulas de Educa\u00e7\u00e3o F\u00edsica. A participa\u00e7\u00e3o nessa aula pode trazer muitos benef\u00edcios a essas<br \/>\ncrian\u00e7as, particularmente no que diz respeito ao desenvolvimento das capacidades perceptivas,<br \/>\nafetivas, de integra\u00e7\u00e3o e inser\u00e7\u00e3o social, que levam este aluno a uma maior condi\u00e7\u00e3o de<br \/>\nconsci\u00eancia, em busca da sua futura independ\u00eancia.\u201d Neste sentido, quais estrat\u00e9gias voc\u00ea ir\u00e1<br \/>\nutilizar no contexto da express\u00e3o corporal e da dan\u00e7a para que o aluno com paralisia cerebral seja<br \/>\naceito e inclu\u00eddo em suas aulas de Educa\u00e7\u00e3o F\u00edsica na escola?<br \/>\n4<a href=\"http:\/\/portfoliooead.com.br\/\">.<\/a>\u00a0Apresente um conceito da Dan\u00e7a como pr\u00e1tica corporal e aponte como este objeto de<br \/>\nconhecimento pode ser comtemplado nas aulas de Educa\u00e7\u00e3o F\u00edsica para alunos do 1.o Ano do<br \/>\nEnsino M\u00e9dio que \u00e9 composto por alunos de diferentes ra\u00e7as, sexo, limita\u00e7\u00f5es e a defici\u00eancia<br \/>\ncerebral<a href=\"http:\/\/portfoliopronto.com\/\">.<\/a><br \/>\n5. Como as brincadeiras e e-games podem ser utilizadas na aula de express\u00e3o corporal e dan\u00e7a na<br \/>\nEduca\u00e7\u00e3o F\u00edsica Escolar em turmas em que h\u00e1 alunos com paralisia cerebral?<\/p>\n<p>6. Para o Professor de Educa\u00e7\u00e3o F\u00edsica certamente \u00e9 um desafio acolher, em seu grupo de alunos,<br \/>\npessoas que necessitam de atividades adaptadas, independente de sua defici\u00eancia f\u00edsica ou<br \/>\nintelectual, neste contexto, aponte os principais conhecimentos que s\u00e3o necess\u00e1rios para promover<br \/>\no desenvolvimento, a forma\u00e7\u00e3o humana, a sa\u00fade e qualidade de vida deste p\u00fablico espec\u00edfico.<br \/>\nAs perguntas podem ser utilizadas como roteiro para sua produ\u00e7\u00e3o textual, por\u00e9m outros aspectos<br \/>\nque, mediante a leitura dos artigos sugeridos, voc\u00ea considere importante, poder\u00e3o ser<br \/>\ncontemplados em sua produ\u00e7\u00e3o<a href=\"http:\/\/portifolioos-prontos.com\">.<\/a><\/p>\n<div class=\"elementor-toggle-item\">\n<h4 id=\"elementor-tab-title-1941\" class=\"elementor-tab-title elementor-active\" tabindex=\"0\" role=\"tab\" data-tab=\"1\" aria-controls=\"elementor-tab-content-1941\" aria-expanded=\"true\" aria-selected=\"true\">Como funciona?<\/h4>\n<div id=\"elementor-tab-content-1941\" class=\"elementor-tab-content elementor-clearfix elementor-active\" role=\"tabpanel\" data-tab=\"1\" aria-labelledby=\"elementor-tab-title-1941\">\n<p>Elaboramos os portf\u00f3lios, j\u00e1 deixamos prontos, nas normas da ABNT e conforme os requisitos da universidade. F\u00e1cil assim! O MELHOR \u00c9 QUE VOC\u00ca COMPRA E J\u00c1 BAIXA NA HORA O SEU ARQUIVO EM WORD! Sabemos que conciliar trabalho, fam\u00edlia, vida profissional e estudos \u00e9 dif\u00edcil hoje em dia, por isso, estamos aqui para ajudar voc\u00ea. Conte com nossa qualidade, experi\u00eancia e profissionalismo adquirindo seu portf\u00f3lio conosco. GARANTIMOS SEU CONCEITO!<\/p>\n<h4>Como se realizam os envios?<\/h4>\n<\/div>\n<\/div>\n<div class=\"elementor-toggle-item\">\n<div id=\"elementor-tab-content-1942\" class=\"elementor-tab-content elementor-clearfix elementor-active\" role=\"tabpanel\" data-tab=\"2\" aria-labelledby=\"elementor-tab-title-1942\">O seu trabalho \u00e9 disponibilizado pronto, respondido e nas normas j\u00e1 na mesma hora aqui em nosso site na sua \u00e1rea de downloads e tamb\u00e9m no seu e-mail.<\/div>\n<\/div>\n<div class=\"elementor-toggle-item\">\n<div id=\"elementor-tab-content-1943\" class=\"elementor-tab-content elementor-clearfix elementor-active\" role=\"tabpanel\" data-tab=\"3\" aria-labelledby=\"elementor-tab-title-1943\">\n<h4>Em quanto tempo recebo o portf\u00f3lio?<\/h4>\n<\/div>\n<\/div>\n<div class=\"elementor-toggle-item\">\n<div id=\"elementor-tab-content-1944\" class=\"elementor-tab-content elementor-clearfix elementor-active\" role=\"tabpanel\" data-tab=\"4\" aria-labelledby=\"elementor-tab-title-1944\">\n<p>Os envios s\u00e3o imediatos. Ap\u00f3s sua compra, o trabalho j\u00e1 \u00e9 disponibilizado instantaneamente aqui em nosso site e no seu e-mail.<\/p>\n<h4>E se o portf\u00f3lio que comprei precisar de corre\u00e7\u00e3o?<\/h4>\n<\/div>\n<\/div>\n<div class=\"elementor-toggle-item\">\n<div id=\"elementor-tab-content-1945\" class=\"elementor-tab-content elementor-clearfix elementor-active\" role=\"tabpanel\" data-tab=\"5\" aria-labelledby=\"elementor-tab-title-1945\">\n<p>Caso haja alguma solicita\u00e7\u00e3o de corre\u00e7\u00e3o\/altera\u00e7\u00e3o por parte do tutor, basta entrar em contato conosco pelo\u00a0WhatsApp\u00a0que provid\u00eanciaremos sem custo algum.<\/p>\n<h4>Qual o formato do arquivo?<\/h4>\n<\/div>\n<\/div>\n<div class=\"elementor-toggle-item\">\n<div id=\"elementor-tab-content-1946\" class=\"elementor-tab-content elementor-clearfix elementor-active\" role=\"tabpanel\" data-tab=\"6\" aria-labelledby=\"elementor-tab-title-1946\">\n<p>Os arquivos s\u00e3o enviados em formato Word e s\u00e3o edit\u00e1veis.<\/p>\n<h4>Caso eu tiver alguma d\u00favida, terei suporte no p\u00f3s venda?<\/h4>\n<\/div>\n<\/div>\n<div class=\"elementor-toggle-item\">\n<div id=\"elementor-tab-content-1948\" class=\"elementor-tab-content elementor-clearfix elementor-active\" role=\"tabpanel\" data-tab=\"8\" aria-labelledby=\"elementor-tab-title-1948\">\n<p>Sim, com certeza. Basta clicar no \u00edcone do WhatsApp no cantinho da tela. Ser\u00e1 um prazer atend\u00ea-lo(a).<\/p>\n<div class=\"elementor-toggle-item\">\n<div id=\"elementor-tab-content-1948\" class=\"elementor-tab-content elementor-clearfix elementor-active\" role=\"tabpanel\" data-tab=\"8\" aria-labelledby=\"elementor-tab-title-1948\">\n<h4>Quais os seus canais de contato?<\/h4>\n<\/div>\n<\/div>\n<div class=\"elementor-toggle-item\">\n<div id=\"elementor-tab-content-1949\" class=\"elementor-tab-content elementor-clearfix elementor-active\" role=\"tabpanel\" data-tab=\"9\" aria-labelledby=\"elementor-tab-title-1949\">\n<p>Whatsapp: 53 984751621 \u2013 Clicar no canto da tela ou ESCANEIE O QRCODE ABAIXO<\/p>\n<p><img decoding=\"async\" class=\"alignnone wp-image-7603\" src=\"http:\/\/portifolioos-prontos.com\/wp-content\/uploads\/2022\/09\/portfolio-unopar-pronto-colaborar-ava-producao-textual-interdisciplinar.png\" alt=\"Portf\u00f3lio A express\u00e3o corporal e a dan\u00e7a: interven\u00e7\u00f5es tecnol\u00f3gicas Direcionadas \u00e0s brincadeiras e e-games a servi\u00e7o da atividade f\u00edsica adaptada,A express\u00e3o corporal e a dan\u00e7a: interven\u00e7\u00f5es tecnol\u00f3gicas Direcionadas \u00e0s brincadeiras e e-games a servi\u00e7o da atividade f\u00edsica adaptada,portfolio A express\u00e3o corporal e a dan\u00e7a: interven\u00e7\u00f5es tecnol\u00f3gicas Direcionadas \u00e0s brincadeiras e e-games a servi\u00e7o da atividade f\u00edsica adaptada,portf\u00f3lio pronto A express\u00e3o corporal e a dan\u00e7a: interven\u00e7\u00f5es tecnol\u00f3gicas Direcionadas \u00e0s brincadeiras e e-games a servi\u00e7o da atividade f\u00edsica adaptada,portfolio pronto A express\u00e3o corporal e a dan\u00e7a: interven\u00e7\u00f5es tecnol\u00f3gicas Direcionadas \u00e0s brincadeiras e e-games a servi\u00e7o da atividade f\u00edsica adaptada,portfolio unopar A express\u00e3o corporal e a dan\u00e7a: interven\u00e7\u00f5es tecnol\u00f3gicas Direcionadas \u00e0s brincadeiras e e-games a servi\u00e7o da atividade f\u00edsica adaptada,portfolio ead A express\u00e3o corporal e a dan\u00e7a: interven\u00e7\u00f5es tecnol\u00f3gicas Direcionadas \u00e0s brincadeiras e e-games a servi\u00e7o da atividade f\u00edsica adaptada,portf\u00f3lio ead A express\u00e3o corporal e a dan\u00e7a: interven\u00e7\u00f5es tecnol\u00f3gicas Direcionadas \u00e0s brincadeiras e e-games a servi\u00e7o da atividade f\u00edsica adaptada,portfolio pronto word A express\u00e3o corporal e a dan\u00e7a: interven\u00e7\u00f5es tecnol\u00f3gicas Direcionadas \u00e0s brincadeiras e e-games a servi\u00e7o da atividade f\u00edsica adaptada,pti A express\u00e3o corporal e a dan\u00e7a: interven\u00e7\u00f5es tecnol\u00f3gicas Direcionadas \u00e0s brincadeiras e e-games a servi\u00e7o da atividade f\u00edsica adaptada,ptg A express\u00e3o corporal e a dan\u00e7a: interven\u00e7\u00f5es tecnol\u00f3gicas Direcionadas \u00e0s brincadeiras e e-games a servi\u00e7o da atividade f\u00edsica adaptada,educa\u00e7\u00e3o f\u00edsica portfolio A express\u00e3o corporal e a dan\u00e7a: interven\u00e7\u00f5es tecnol\u00f3gicas Direcionadas \u00e0s brincadeiras e e-games a servi\u00e7o da atividade f\u00edsica adaptada,portfolio educa\u00e7\u00e3o fisica,portf\u00f3lio educa\u00e7\u00e3o f\u00edsica unopar,portf\u00f3lio educa\u00e7\u00e3o f\u00edsica unopar 1 semestre,portfolio de educa\u00e7\u00e3o fisica pronto,portfolio interdisciplinar individual educa\u00e7\u00e3o fisica,portfolio interdisciplinar em grupo educa\u00e7\u00e3o fisica,portfolio de estagio educa\u00e7\u00e3o fisica unopar,Portfolio pronto,portifolio pronto,portf\u00f3lio pronto,portifolios prontos,portif\u00f3lios prontos,portf\u00f3lio pronto unopar,portifolio pronto unopar,portif\u00f3lio pronto unopar,portifolios prontos unopar,portifolios prontos anhanguera,portf\u00f3lios prontos anhanguera,portf\u00f3lio pronto anhanguera,portfolios ead,portf\u00f3lios ead,portfolioead,apostileiros,portf\u00f3lio ead,portifolios ead,portif\u00f3lios ead,eadhelp,shop do acad\u00eamico,unopar portfolio,portfolio pronto ead,portfolio unopar ead,ead portfolio ava,portf\u00f3lio ead anhanguera,portf\u00f3lio ead pront,o portf\u00f3lio ead unopar,portf\u00f3lio pronto em word,pti unopar,ptg unopar,modelo de portf\u00f3lio unopar,modelo de portf\u00f3lio anhanguera,como fazer um portf\u00f3lio para faculdade,como faz portf\u00f3lio universidade,como faz portf\u00f3lios para universidade,portf\u00f3lios prontos para universidade,portf\u00f3lios pronto para faculdade,portf\u00f3lio pronto para editar,portifolios prontos para editar,portf\u00f3lio em word,portfolio em word,portf\u00f3lio em word para editar,portifolio em word para editar,portfolio unopar pronto para editar,modelo de portfolio para unopar,modelo de portif\u00f3lio para unopar,modelo de portf\u00f3lio para unopar,unopar portf\u00f3lio pronto,anhanguera portf\u00f3lio pronto,portf\u00f3lio em word pronto,comprar portf\u00f3lio pronto,como fazer um portf\u00f3lio,como fazer portf\u00f3lio digital,portfolio,portf\u00f3lio,portifolio,portif\u00f3lio,portf\u00f3lio interdisciplinar individual,portfolio interdisciplinar individual,exemplos de portf\u00f3lio para faculdade,baixar portf\u00f3lio pronto,portf\u00f3lio acad\u00eamico,portf\u00f3lio online,portfoliooead,portfolio ead,portf\u00f3lio pronto interdisciplinar individual,relat\u00f3rio de est\u00e1gio unopar,relat\u00f3rio de est\u00e1gio pronto unopar,como criar um portf\u00f3lio,o que \u00e9 um portf\u00f3lio e como fazer,portfolio exemplo,modelo de portfolio acad\u00eamico,relat\u00f3rio de est\u00e1gio gest\u00e3o escolar pronto unopar,portf\u00f3lio como fazer,prova profici\u00eancia unopar,portfolio individual est\u00e1gio curricular obrigat\u00f3rio ii anos iniciais do ensino fundamental,prova de profici\u00eancia pedagogia unopar,capa de trabalho unopar para editar,portf\u00f3lio acad\u00eamico unopar,como fazer um portf\u00f3lio acad\u00eamico,portf\u00f3lio exemplos word,portfolio acad\u00eamico,portfolio individual,portfolio individual unopar,portfolio individual anhanguera,portfolio marketing digital,portf\u00f3lio gest\u00e3o educacional e espa\u00e7os n\u00e3o escolares,como fazer um portifolio unopar,modelo de portf\u00f3lio unopar em arquivo word,capa de portf\u00f3lio de pedagogia,como fazer um portf\u00f3lio no word,projeto integrado unopar,exemplo de portf\u00f3lio academico pedagogia\" width=\"141\" height=\"141\" srcset=\"https:\/\/portifolioos-prontos.com\/wp-content\/uploads\/2022\/09\/portfolio-unopar-pronto-colaborar-ava-producao-textual-interdisciplinar.png 150w, https:\/\/portifolioos-prontos.com\/wp-content\/uploads\/2022\/09\/portfolio-unopar-pronto-colaborar-ava-producao-textual-interdisciplinar-100x100.png 100w\" sizes=\"(max-width: 141px) 100vw, 141px\" \/><\/p>\n<\/div>\n<\/div>\n<\/div>\n<\/div>\n<div class=\"elementor-toggle-item\">\n<div id=\"elementor-tab-content-1949\" class=\"elementor-tab-content elementor-clearfix elementor-active\" role=\"tabpanel\" data-tab=\"9\" aria-labelledby=\"elementor-tab-title-1949\">\n<p>E-mail:portifoliosp@gmail.com<\/p>\n<div id=\"attachment_143\" class=\"wp-caption alignnone\">\n<div id=\"attachment_143\" class=\"wp-caption alignnone\" style=\"width: 161px;\">\n<p><a href=\"http:\/\/portifolioos-prontos.com\/\"><img decoding=\"async\" class=\"wp-image-143\" title=\"portfolio pronto unopar\" src=\"http:\/\/portifolioos-prontos.com\/wp-content\/uploads\/2022\/04\/conceitomaximo.png\" alt=\"PORTFOLIO PRONTO UNOPAR ANHANGUERA\" width=\"161\" height=\"46\" aria-describedby=\"caption-attachment-143\" \/><\/a><\/p>\n<p id=\"caption-attachment-143\" class=\"wp-caption-text\">Portf\u00f3lio em Word, respondido, completo e j\u00e1 nas normas.<\/p>\n<\/div>\n<\/div>\n<\/div>\n<\/div>\n","protected":false},"excerpt":{"rendered":"<div class=\"product-short-description\">\n<h5><strong>Pague pelo PIX ou cart\u00e3o e fa\u00e7a o download agora mesmo.<\/strong><\/h5>\n<\/div>\n<form class=\"cart\" action=\"https:\/\/portfoliooead.com.br\/produto\/projeto-integrado-cursos-da-area-de-ti-arquiteturas-de-alto-desempenho\/\" enctype=\"multipart\/form-data\" method=\"post\">\n<div class=\"sticky-add-to-cart-wrapper\">\n<div class=\"sticky-add-to-cart\">\n<div class=\"quantity buttons_added form-flat\"><img decoding=\"async\" class=\"alignnone wp-image-761\" src=\"http:\/\/portifolioos-prontos.com\/wp-content\/uploads\/2022\/04\/PIX-300x107.webp\" sizes=\"(max-width: 140px) 100vw, 140px\" srcset=\"https:\/\/portifolioos-prontos.com\/wp-content\/uploads\/2022\/04\/PIX-300x107.webp 300w, https:\/\/portifolioos-prontos.com\/wp-content\/uploads\/2022\/04\/PIX-1024x364.webp 1024w, https:\/\/portifolioos-prontos.com\/wp-content\/uploads\/2022\/04\/PIX-768x273.webp 768w, https:\/\/portifolioos-prontos.com\/wp-content\/uploads\/2022\/04\/PIX-370x131.webp 370w, https:\/\/portifolioos-prontos.com\/wp-content\/uploads\/2022\/04\/PIX-600x213.webp 600w, https:\/\/portifolioos-prontos.com\/wp-content\/uploads\/2022\/04\/PIX.webp 1200w\" alt=\"\" width=\"78\" height=\"28\" \/>\u00a0\u00a0<img loading=\"lazy\" decoding=\"async\" class=\"\" src=\"https:\/\/d26lpennugtm8s.cloudfront.net\/assets\/common\/img\/logos\/payment\/visa@2x.png\" width=\"46\" height=\"29\" \/><img loading=\"lazy\" decoding=\"async\" class=\"\" src=\"https:\/\/d26lpennugtm8s.cloudfront.net\/assets\/common\/img\/logos\/payment\/boleto@2x.png\" width=\"43\" height=\"27\" \/><img loading=\"lazy\" decoding=\"async\" class=\"\" src=\"https:\/\/d26lpennugtm8s.cloudfront.net\/assets\/common\/img\/logos\/payment\/mastercard@2x.png\" width=\"43\" height=\"27\" \/><img loading=\"lazy\" decoding=\"async\" class=\"\" src=\"https:\/\/d26lpennugtm8s.cloudfront.net\/assets\/common\/img\/logos\/payment\/amex@2x.png\" width=\"43\" height=\"27\" \/><img loading=\"lazy\" decoding=\"async\" class=\"\" src=\"https:\/\/d26lpennugtm8s.cloudfront.net\/assets\/common\/img\/logos\/payment\/diners@2x.png\" width=\"46\" height=\"29\" \/><img loading=\"lazy\" decoding=\"async\" class=\"\" src=\"https:\/\/d26lpennugtm8s.cloudfront.net\/assets\/common\/img\/logos\/payment\/br\/elo@2x.png\" width=\"45\" height=\"28\" \/><img loading=\"lazy\" decoding=\"async\" class=\"\" src=\"https:\/\/d26lpennugtm8s.cloudfront.net\/assets\/common\/img\/logos\/payment\/br\/hipercard@2x.png\" width=\"44\" height=\"28\" \/><img loading=\"lazy\" decoding=\"async\" class=\"\" src=\"https:\/\/d26lpennugtm8s.cloudfront.net\/assets\/common\/img\/logos\/payment\/mercadopago@2x.png\" width=\"45\" height=\"28\" \/><\/div>\n<\/div>\n<\/div>\n<\/form>\n","protected":false},"featured_media":5727,"template":"","meta":{"_seopress_robots_primary_cat":"none","_seopress_titles_title":"%%post_title%% %%sitetitle%%","_seopress_titles_desc":"%%post_content%%","_seopress_robots_index":""},"product_cat":[35,47,15],"product_tag":[],"class_list":{"0":"post-5588","1":"product","2":"type-product","3":"status-publish","4":"has-post-thumbnail","6":"product_cat-educacao-fisica","7":"product_cat-licenciaturas","8":"product_cat-uncategorized","10":"first","11":"instock","12":"downloadable","13":"virtual","14":"purchasable","15":"product-type-simple","16":"col-xs-6 col-sm-4","17":"col-mf-5","18":"un-5-cols"},"jetpack_sharing_enabled":true,"_links":{"self":[{"href":"https:\/\/portifolioos-prontos.com\/index.php\/wp-json\/wp\/v2\/product\/5588","targetHints":{"allow":["GET"]}}],"collection":[{"href":"https:\/\/portifolioos-prontos.com\/index.php\/wp-json\/wp\/v2\/product"}],"about":[{"href":"https:\/\/portifolioos-prontos.com\/index.php\/wp-json\/wp\/v2\/types\/product"}],"version-history":[{"count":0,"href":"https:\/\/portifolioos-prontos.com\/index.php\/wp-json\/wp\/v2\/product\/5588\/revisions"}],"wp:featuredmedia":[{"embeddable":true,"href":"https:\/\/portifolioos-prontos.com\/index.php\/wp-json\/wp\/v2\/media\/5727"}],"wp:attachment":[{"href":"https:\/\/portifolioos-prontos.com\/index.php\/wp-json\/wp\/v2\/media?parent=5588"}],"wp:term":[{"taxonomy":"product_cat","embeddable":true,"href":"https:\/\/portifolioos-prontos.com\/index.php\/wp-json\/wp\/v2\/product_cat?post=5588"},{"taxonomy":"product_tag","embeddable":true,"href":"https:\/\/portifolioos-prontos.com\/index.php\/wp-json\/wp\/v2\/product_tag?post=5588"}],"curies":[{"name":"wp","href":"https:\/\/api.w.org\/{rel}","templated":true}]}}