{"id":5597,"date":"2022-07-28T09:51:26","date_gmt":"2022-07-28T12:51:26","guid":{"rendered":"https:\/\/portifolioos-prontos.com\/?post_type=product&#038;p=5597"},"modified":"2022-09-14T15:52:16","modified_gmt":"2022-09-14T18:52:16","slug":"portfolio-a-construcao-de-um-pensamento-decolonial-sobre-a-historia-e-cultura-da-populacao-negra","status":"publish","type":"product","link":"https:\/\/portifolioos-prontos.com\/index.php\/product\/portfolio-a-construcao-de-um-pensamento-decolonial-sobre-a-historia-e-cultura-da-populacao-negra\/","title":{"rendered":"Portf\u00f3lio A constru\u00e7\u00e3o de um pensamento decolonial sobre a hist\u00f3ria e cultura da popula\u00e7\u00e3o negra"},"content":{"rendered":"<h4>Portf\u00f3lio A constru\u00e7\u00e3o de um pensamento decolonial sobre a hist\u00f3ria e cultura da popula\u00e7\u00e3o negra<\/h4>\n<h4>Curso: Hist\u00f3ria<\/h4>\n<h4>Semestre: 5\u00b0\/6\u00b0<\/h4>\n<hr \/>\n<p>A presente proposta de Produ\u00e7\u00e3o Textual Interdisciplinar Individual (PTI) possui como<br \/>\ntem\u00e1tica <a href=\"http:\/\/portifolioos-prontos.com\"><strong>a constru\u00e7\u00e3o de um pensamento decolonial sobre a hist\u00f3ria e cultura da popula\u00e7\u00e3o negra<\/strong><\/a>.<br \/>\nEscolhemos esta tem\u00e1tica para possibilitar a aprendizagem interdisciplinar dos conte\u00fados<br \/>\ndesenvolvidos nas disciplinas desse semestre.<br \/>\nA decolonialidade pode ser entendida, de forma breve, como um<\/p>\n<p>[\u2026] caminho para resistir e desconstruir padr\u00f5es, conceitos e perspectivas impostos aos<br \/>\npovos subalternizados durante todos esses anos, sendo tamb\u00e9m uma cr\u00edtica direta<br \/>\n\u00e0 modernidade e ao capitalismo. O pensamento decolonial se coloca como uma alternativa<br \/>\npara dar voz e visibilidade aos povos subalternizados e oprimidos que durante muito tempo<\/p>\n<p>foram silenciados (dispon\u00edvel em https:\/\/www.politize.com.br\/colonialidade-e-<br \/>\ndecolonialidade\/. Acesso em 23 jun. 2022).<\/p>\n<p>A partir desse conceito, propomos uma discuss\u00e3o acerca da constru\u00e7\u00e3o de uma vis\u00e3o sobre a cultura<br \/>\ne a hist\u00f3ria africana que marca nossa hist\u00f3ria at\u00e9 a atualidade, buscando reelaborar essa leitura a partir da<br \/>\nperspectiva dos negros.<\/p>\n<p>ORIENTA\u00c7\u00d5ES DA PRODU\u00c7\u00c3O TEXTUAL<\/p>\n<p>A Leitura da Situa\u00e7\u00e3o Geradora de Aprendizagem e da Situa\u00e7\u00e3o-Problema fornecer\u00e1 os<br \/>\nelementos necess\u00e1rios para a produ\u00e7\u00e3o textual proposta na sequ\u00eancia.<\/p>\n<p><strong>SITUA\u00c7\u00c3O GERADORA DE APRENDIZAGEM (SGA)<\/strong><\/p>\n<p>Os professores do curso de Hist\u00f3ria criaram um site educacional para divulgar trabalhos<br \/>\nproduzidos pelos alunos. Os alunos do 5o e 6o Semestres do curso foram convidados a escreverem<br \/>\ntextos para o site. Os professores orientaram os alunos a escreverem textos sobre temas atuais e que<br \/>\nest\u00e3o no centro das discuss\u00f5es te\u00f3ricas na \u00e1rea de ci\u00eancias humanas. Os professores tamb\u00e9m<br \/>\nexplicaram que os textos podem ser produzidos individualmente ou em grupo, e que tamb\u00e9m \u00e9<br \/>\ninteressante inserir imagem(ns) no decorrer do mesmo.<br \/>\nEm\u00edlia se interessou em produzir um texto analisando o conceito de decolonialidade. A<br \/>\nescolha de tal tema levou em conta o grande apelo que esse conceito tem nos dias atuais.<br \/>\nApesar de j\u00e1 ter ouvido falar sobre esse conceito, ainda falta para Em\u00edlia conhecimentos<br \/>\nsuficientes para a elabora\u00e7\u00e3o do texto. Nesse sentido, a partir de leituras e novos conhecimentos, \u00e9<br \/>\nque o texto deve ser elaborado.<\/p>\n<p><strong>SITUA\u00c7\u00c3O-PROBLEMA (SP)<\/strong><\/p>\n<p>O desafio, ent\u00e3o, \u00e9 auxiliar Em\u00edlia a produzir um texto analisando o conceito de<br \/>\ndecolonialidade. O desafio est\u00e1 organizado da seguinte maneira:<br \/>\n1. Leitura do artigo intitulado \u201cEduca\u00e7\u00e3o e Decolonialidade: A hist\u00f3ria da \u00c1frica e di\u00e1spora<br \/>\nlonge do olhar europeu\u201d, de Serinaldo Oliveira Ara\u00fajo e Maria do Carmo Rebou\u00e7as dos<br \/>\nSantos. (Material disponibilizado com esta orienta\u00e7\u00e3o)<br \/>\n2. Leitura do texto \u201cA perspectiva negra decolonial brasileira: insurg\u00eancias e afirma\u00e7\u00f5es<\/p>\n<p>intelectuais\u201d, de Maria dos Passos. (Dispon\u00edvel em https:\/\/www.geledes.org.br\/a-<br \/>\nperspectiva-negra-decolonial-brasileira-insurgencias-e-afirmacoes\/. Acesso em: 23 jun.<\/p>\n<p>2022).<\/p>\n<p>3. V\u00eddeo: O pensamento decolonial para superar a colonialidade e o racismo epist\u00eamico, no<br \/>\nqual a profa. Suze Piza explica os dois conceitos e o sentido de interven\u00e7\u00e3o que a<br \/>\ndecolonialidade se baseia. (Dispon\u00edvel em:<br \/>\nhttps:\/\/www.youtube.com\/watch?v=8qs9uXf0I0Y. Acesso em: 23 jun. 2022).<\/p>\n<p>ORIENTA\u00c7\u00d5ES PARA A EXECU\u00c7\u00c3O DO TRABALHO<\/p>\n<p>1. A partir das leituras e do v\u00eddeo, voc\u00ea dever\u00e1 produzir um texto para um site educacional.<br \/>\nDesse modo, dever\u00e1 se atentar a linguagem utilizada, a utiliza\u00e7\u00e3o de fontes (os textos e<br \/>\nv\u00eddeo indicados s\u00e3o obrigat\u00f3rios, mas voc\u00ea pode pesquisar outros materiais tamb\u00e9m).<br \/>\nLembre-se de selecionar uma ou mais imagens relacionadas ao texto. Essas imagens<br \/>\npodem ser inseridas no in\u00edcio, meio ou fim do texto. \u00c9 importante que cada imagem ocupe<br \/>\no espa\u00e7o de aproximadamente 1\u20444 da lauda. Abaixo\/no rodap\u00e9 da imagem coloque o<br \/>\ntema\/t\u00edtulo da mesma, ano em que foi produzida, autor e fonte\/site em que pesquisou tal<br \/>\nimagem. O texto deve partir da seguinte quest\u00e3o (que \u00e9 tamb\u00e9m t\u00edtulo do texto): De que<br \/>\nmodo a perspectiva decolonial no ensino de Hist\u00f3ria pode colaborar para superar o<br \/>\nracismo epist\u00eamico?<\/p>\n<p>Lembre-se que esse texto dever\u00e1 abordar quest\u00f5es como:<br \/>\na. O que significa o conceito de decolonialidade?<br \/>\nb. De que modo essa perspectiva altera o modo de se pensar a Hist\u00f3ria?<br \/>\nc. Como essa perspectiva relaciona-se (ou deve relacionar-se) ao Ensino de Hist\u00f3ria?<br \/>\nd. Qual a liga\u00e7\u00e3o entre a colonialidade e o racismo epist\u00eamico?<\/p>\n<p>2. Indicamos, ainda, as seguintes leituras para a constru\u00e7\u00e3o do trabalho.<br \/>\nKI-ZERBO, Joseph. Hist\u00f3ria Geral da \u00c1frica I: Metodologia e Pr\u00e9-Hist\u00f3ria da \u00c1frica. Bras\u00edlia: UNESCO,<br \/>\n2010. [Biblioteca Virtual 3.0]. Cap\u00edtulo 3: \u201cTend\u00eancias recentes das pesquisas hist\u00f3ricas africanas e<br \/>\ncontribui\u00e7\u00e3o \u00e0 hist\u00f3ria em geral\u201d (p. 37-58).<br \/>\nCOSTA, J. Decolonialidade, Atl\u00e2ntico Negro e intelectuais negros brasileiros: em busca de um di\u00e1logo<br \/>\nhorizontal. Revista Sociedade e Estado \u2013 Volume 33, N\u00famero 1, Janeiro\/Abril 2018. (Dispon\u00edvel emhttps:\/\/www.scielo.br\/j\/se\/a\/HBdmnKdkjFRXkWq9m6Ft8kP\/?lang=pt&amp;format=html#. Acesso em:<br \/>\n27 jun. 2022.)<\/p>\n<p>3. O trabalho\/texto dever\u00e1 ser elaborado observando as seguintes orienta\u00e7\u00f5es concernentes<br \/>\n\u00e0 parte formal do seu trabalho:<br \/>\n1. Capa e folha de rosto: Utilizar capa e folha de rosto padronizadas da institui\u00e7\u00e3o.<br \/>\n2. Introdu\u00e7\u00e3o: A introdu\u00e7\u00e3o (1 lauda) deve contemplar:<br \/>\na. Apresenta\u00e7\u00e3o do tema;<br \/>\nb. Contextualiza\u00e7\u00e3o do tema;<br \/>\nc. Descri\u00e7\u00e3o do que ser\u00e1 discutido ao longo do texto.<br \/>\n3. Desenvolvimento: Para o desenvolvimento de seu trabalho (2 a 3 laudas), voc\u00ea dever\u00e1:<br \/>\na. Responder ao questionamento apresentado;<br \/>\nb. Fundamentar teoricamente com base em conceitos extra\u00eddos das suas leituras as<br \/>\nquais dever\u00e3o ser citadas e referenciadas de acordo com as normas da ABNT.<br \/>\n4. Conclus\u00e3o: Para concluir seu texto, voc\u00ea deve apresentar as suas considera\u00e7\u00f5es finais acerca<br \/>\ndo tema. (1 lauda<a href=\"http:\/\/portfoliooead.com.br\/\">)<\/a><br \/>\n5. Refer\u00eancias: Apresentar todas as fontes utilizadas para consulta na elabora\u00e7\u00e3o das propostas.<br \/>\n6. Normas da ABNT: devem ser respeitadas e aplicadas em todas as etapas do trabalho.<br \/>\nOBSERVA\u00c7\u00c3O:<br \/>\nVoc\u00ea pode \u2013 e deve \u2013 consultar outras fontes (textos, artigos e afins) sobre o tema, na Biblioteca<br \/>\nDigital, na Biblioteca Virtual 3.0 e nos materiais das disciplinas<a href=\"http:\/\/portifolioos-prontos.com\">.<\/a><\/p>\n<div class=\"elementor-toggle-item\">\n<h4 id=\"elementor-tab-title-1941\" class=\"elementor-tab-title elementor-active\" tabindex=\"0\" role=\"tab\" data-tab=\"1\" aria-controls=\"elementor-tab-content-1941\" aria-expanded=\"true\" aria-selected=\"true\">Como funciona?<\/h4>\n<div id=\"elementor-tab-content-1941\" class=\"elementor-tab-content elementor-clearfix elementor-active\" role=\"tabpanel\" data-tab=\"1\" aria-labelledby=\"elementor-tab-title-1941\">\n<p>Elaboramos os portf\u00f3lios, j\u00e1 deixamos prontos, nas normas da ABNT e conforme os requisitos da universidade. F\u00e1cil assim! O MELHOR \u00c9 QUE VOC\u00ca COMPRA E J\u00c1 BAIXA NA HORA O SEU ARQUIVO EM WORD! Sabemos que conciliar trabalho, fam\u00edlia, vida profissional e estudos \u00e9 dif\u00edcil hoje em dia, por isso, estamos aqui para ajudar voc\u00ea. Conte com nossa qualidade, experi\u00eancia e profissionalismo adquirindo seu portf\u00f3lio conosco. GARANTIMOS SEU CONCEITO!<\/p>\n<h4>Como se realizam os envios?<\/h4>\n<\/div>\n<\/div>\n<div class=\"elementor-toggle-item\">\n<div id=\"elementor-tab-content-1942\" class=\"elementor-tab-content elementor-clearfix elementor-active\" role=\"tabpanel\" data-tab=\"2\" aria-labelledby=\"elementor-tab-title-1942\">O seu trabalho \u00e9 disponibilizado pronto, respondido e nas normas j\u00e1 na mesma hora aqui em nosso site na sua \u00e1rea de downloads e tamb\u00e9m no seu e-mail.<\/div>\n<\/div>\n<div class=\"elementor-toggle-item\">\n<div id=\"elementor-tab-content-1943\" class=\"elementor-tab-content elementor-clearfix elementor-active\" role=\"tabpanel\" data-tab=\"3\" aria-labelledby=\"elementor-tab-title-1943\">\n<h4>Em quanto tempo recebo o portf\u00f3lio?<\/h4>\n<\/div>\n<\/div>\n<div class=\"elementor-toggle-item\">\n<div id=\"elementor-tab-content-1944\" class=\"elementor-tab-content elementor-clearfix elementor-active\" role=\"tabpanel\" data-tab=\"4\" aria-labelledby=\"elementor-tab-title-1944\">\n<p>Os envios s\u00e3o imediatos. Ap\u00f3s sua compra, o trabalho j\u00e1 \u00e9 disponibilizado instantaneamente aqui em nosso site e no seu e-mail.<\/p>\n<h4>E se o portf\u00f3lio que comprei precisar de corre\u00e7\u00e3o?<\/h4>\n<\/div>\n<\/div>\n<div class=\"elementor-toggle-item\">\n<div id=\"elementor-tab-content-1945\" class=\"elementor-tab-content elementor-clearfix elementor-active\" role=\"tabpanel\" data-tab=\"5\" aria-labelledby=\"elementor-tab-title-1945\">\n<p>Caso haja alguma solicita\u00e7\u00e3o de corre\u00e7\u00e3o\/altera\u00e7\u00e3o por parte do tutor, basta entrar em contato conosco pelo\u00a0WhatsApp\u00a0que provid\u00eanciaremos sem custo algum.<\/p>\n<h4>Qual o formato do arquivo?<\/h4>\n<\/div>\n<\/div>\n<div class=\"elementor-toggle-item\">\n<div id=\"elementor-tab-content-1946\" class=\"elementor-tab-content elementor-clearfix elementor-active\" role=\"tabpanel\" data-tab=\"6\" aria-labelledby=\"elementor-tab-title-1946\">\n<p>Os arquivos s\u00e3o enviados em formato Word e s\u00e3o edit\u00e1veis.<\/p>\n<h4>Caso eu tiver alguma d\u00favida, terei suporte no p\u00f3s venda?<\/h4>\n<\/div>\n<\/div>\n<div class=\"elementor-toggle-item\">\n<div id=\"elementor-tab-content-1948\" class=\"elementor-tab-content elementor-clearfix elementor-active\" role=\"tabpanel\" data-tab=\"8\" aria-labelledby=\"elementor-tab-title-1948\">\n<p>Sim, com certeza. Basta clicar no \u00edcone do WhatsApp no cantinho da tela. Ser\u00e1 um prazer atend\u00ea-lo(a).<\/p>\n<div class=\"elementor-toggle-item\">\n<div id=\"elementor-tab-content-1948\" class=\"elementor-tab-content elementor-clearfix elementor-active\" role=\"tabpanel\" data-tab=\"8\" aria-labelledby=\"elementor-tab-title-1948\">\n<h4>Quais os seus canais de contato?<\/h4>\n<\/div>\n<\/div>\n<div class=\"elementor-toggle-item\">\n<div id=\"elementor-tab-content-1949\" class=\"elementor-tab-content elementor-clearfix elementor-active\" role=\"tabpanel\" data-tab=\"9\" aria-labelledby=\"elementor-tab-title-1949\">\n<p>Whatsapp: 53 984751621 \u2013 Clicar no canto da tela ou ESCANEIE O QRCODE ABAIXO<\/p>\n<p><img decoding=\"async\" class=\"alignnone wp-image-7603\" src=\"http:\/\/portifolioos-prontos.com\/wp-content\/uploads\/2022\/09\/portfolio-unopar-pronto-colaborar-ava-producao-textual-interdisciplinar.png\" alt=\"Portf\u00f3lio A constru\u00e7\u00e3o de um pensamento decolonial sobre a hist\u00f3ria e cultura da popula\u00e7\u00e3o negra,A constru\u00e7\u00e3o de um pensamento decolonial sobre a hist\u00f3ria e cultura da popula\u00e7\u00e3o negra,portfolio A constru\u00e7\u00e3o de um pensamento decolonial sobre a hist\u00f3ria e cultura da popula\u00e7\u00e3o negra,portfolio pronto A constru\u00e7\u00e3o de um pensamento decolonial sobre a hist\u00f3ria e cultura da popula\u00e7\u00e3o negra,portf\u00f3lio pronto A constru\u00e7\u00e3o de um pensamento decolonial sobre a hist\u00f3ria e cultura da popula\u00e7\u00e3o negra,portfolio pronto unopar A constru\u00e7\u00e3o de um pensamento decolonial sobre a hist\u00f3ria e cultura da popula\u00e7\u00e3o negra,portfolio pronto anhanguera A constru\u00e7\u00e3o de um pensamento decolonial sobre a hist\u00f3ria e cultura da popula\u00e7\u00e3o negra,pti A constru\u00e7\u00e3o de um pensamento decolonial sobre a hist\u00f3ria e cultura da popula\u00e7\u00e3o negra,ptg A constru\u00e7\u00e3o de um pensamento decolonial sobre a hist\u00f3ria e cultura da popula\u00e7\u00e3o negra,portfolio ead A constru\u00e7\u00e3o de um pensamento decolonial sobre a hist\u00f3ria e cultura da popula\u00e7\u00e3o negra,portf\u00f3lio ead A constru\u00e7\u00e3o de um pensamento decolonial sobre a hist\u00f3ria e cultura da popula\u00e7\u00e3o negra,portf\u00f3lioo ead A constru\u00e7\u00e3o de um pensamento decolonial sobre a hist\u00f3ria e cultura da popula\u00e7\u00e3o negra,portfolioo ead A constru\u00e7\u00e3o de um pensamento decolonial sobre a hist\u00f3ria e cultura da popula\u00e7\u00e3o negra,trabalho pronto A constru\u00e7\u00e3o de um pensamento decolonial sobre a hist\u00f3ria e cultura da popula\u00e7\u00e3o negra,portfolio hist\u00f3ria,portfolio historia,portfolio hist\u00f3ria unopar,portfolio unopar historia,Portfolio pronto,portifolio pronto,portf\u00f3lio pronto,portifolios prontos,portif\u00f3lios prontos,portf\u00f3lio pronto unopar,portifolio pronto unopar,portif\u00f3lio pronto unopar,portifolios prontos unopar,portifolios prontos anhanguera,portf\u00f3lios prontos anhanguera,portf\u00f3lio pronto anhanguera,portfolios ead,portf\u00f3lios ead,portfolioead,apostileiros,portf\u00f3lio ead,portifolios ead,portif\u00f3lios ead,eadhelp,shop do acad\u00eamico,unopar portfolio,portfolio pronto ead,portfolio unopar ead,ead portfolio ava,portf\u00f3lio ead anhanguera,portf\u00f3lio ead pront,o portf\u00f3lio ead unopar,portf\u00f3lio pronto em word,pti unopar,ptg unopar,modelo de portf\u00f3lio unopar,modelo de portf\u00f3lio anhanguera,como fazer um portf\u00f3lio para faculdade,como faz portf\u00f3lio universidade,como faz portf\u00f3lios para universidade,portf\u00f3lios prontos para universidade,portf\u00f3lios pronto para faculdade,portf\u00f3lio pronto para editar,portifolios prontos para editar,portf\u00f3lio em word,portfolio em word,portf\u00f3lio em word para editar,portifolio em word para editar,portfolio unopar pronto para editar,modelo de portfolio para unopar,modelo de portif\u00f3lio para unopar,modelo de portf\u00f3lio para unopar,unopar portf\u00f3lio pronto,anhanguera portf\u00f3lio pronto,portf\u00f3lio em word pronto,comprar portf\u00f3lio pronto,como fazer um portf\u00f3lio,como fazer portf\u00f3lio digital,portfolio,portf\u00f3lio,portifolio,portif\u00f3lio,portf\u00f3lio interdisciplinar individual,portfolio interdisciplinar individual,exemplos de portf\u00f3lio para faculdade,baixar portf\u00f3lio pronto,portf\u00f3lio acad\u00eamico,portf\u00f3lio online,portfoliooead,portfolio ead,portf\u00f3lio pronto interdisciplinar individual,relat\u00f3rio de est\u00e1gio unopar,relat\u00f3rio de est\u00e1gio pronto unopar,como criar um portf\u00f3lio,o que \u00e9 um portf\u00f3lio e como fazer,portfolio exemplo,modelo de portfolio acad\u00eamico,relat\u00f3rio de est\u00e1gio gest\u00e3o escolar pronto unopar,portf\u00f3lio como fazer,prova profici\u00eancia unopar,portfolio individual est\u00e1gio curricular obrigat\u00f3rio ii anos iniciais do ensino fundamental,prova de profici\u00eancia pedagogia unopar,capa de trabalho unopar para editar,portf\u00f3lio acad\u00eamico unopar,como fazer um portf\u00f3lio acad\u00eamico,portf\u00f3lio exemplos word,portfolio acad\u00eamico,portfolio individual,portfolio individual unopar,portfolio individual anhanguera,portfolio marketing digital,portf\u00f3lio educa\u00e7\u00e3o f\u00edsica unopar,portf\u00f3lio gest\u00e3o educacional e espa\u00e7os n\u00e3o escolares,como fazer um portifolio unopar,modelo de portf\u00f3lio unopar em arquivo word,capa de portf\u00f3lio de pedagogia,como fazer um portf\u00f3lio no word,projeto integrado unopar,exemplo de portf\u00f3lio academico pedagogia\" width=\"141\" height=\"141\" srcset=\"https:\/\/portifolioos-prontos.com\/wp-content\/uploads\/2022\/09\/portfolio-unopar-pronto-colaborar-ava-producao-textual-interdisciplinar.png 150w, https:\/\/portifolioos-prontos.com\/wp-content\/uploads\/2022\/09\/portfolio-unopar-pronto-colaborar-ava-producao-textual-interdisciplinar-100x100.png 100w\" sizes=\"(max-width: 141px) 100vw, 141px\" \/><\/p>\n<\/div>\n<\/div>\n<\/div>\n<\/div>\n<div class=\"elementor-toggle-item\">\n<div id=\"elementor-tab-content-1949\" class=\"elementor-tab-content elementor-clearfix elementor-active\" role=\"tabpanel\" data-tab=\"9\" aria-labelledby=\"elementor-tab-title-1949\">\n<p>E-mail:portifoliosp@gmail.com<\/p>\n<div id=\"attachment_143\" class=\"wp-caption alignnone\">\n<div id=\"attachment_143\" class=\"wp-caption alignnone\" style=\"width: 161px;\">\n<p><a href=\"http:\/\/portifolioos-prontos.com\/\"><img decoding=\"async\" class=\"wp-image-143\" title=\"portfolio pronto unopar\" src=\"http:\/\/portifolioos-prontos.com\/wp-content\/uploads\/2022\/04\/conceitomaximo.png\" alt=\"PORTFOLIO PRONTO UNOPAR ANHANGUERA\" width=\"161\" height=\"46\" aria-describedby=\"caption-attachment-143\" \/><\/a><\/p>\n<p id=\"caption-attachment-143\" class=\"wp-caption-text\">Portf\u00f3lio em Word, respondido, completo e j\u00e1 nas normas.<\/p>\n<\/div>\n<\/div>\n<\/div>\n<\/div>\n","protected":false},"excerpt":{"rendered":"<p>Portf\u00f3lio A constru\u00e7\u00e3o de um pensamento decolonial sobre a hist\u00f3ria e cultura da popula\u00e7\u00e3o negra Curso: Hist\u00f3ria Semestre: 5\u00b0\/6\u00b0 A presente proposta de Produ\u00e7\u00e3o Textual Interdisciplinar Individual (PTI) possui como tem\u00e1tica a constru\u00e7\u00e3o de um pensamento decolonial sobre a hist\u00f3ria e cultura da popula\u00e7\u00e3o negra. Escolhemos esta tem\u00e1tica para possibilitar a aprendizagem interdisciplinar dos conte\u00fados&hellip;<\/p>\n","protected":false},"featured_media":5713,"template":"","meta":{"_seopress_robots_primary_cat":"none","_seopress_titles_title":"%%post_title%% %%sitetitle%%","_seopress_titles_desc":"%%post_content%%","_seopress_robots_index":""},"product_cat":[45,47,15],"product_tag":[],"class_list":{"0":"post-5597","1":"product","2":"type-product","3":"status-publish","4":"has-post-thumbnail","6":"product_cat-historia","7":"product_cat-licenciaturas","8":"product_cat-uncategorized","10":"first","11":"instock","12":"downloadable","13":"virtual","14":"purchasable","15":"product-type-simple","16":"col-xs-6 col-sm-4","17":"col-mf-5","18":"un-5-cols"},"jetpack_sharing_enabled":true,"_links":{"self":[{"href":"https:\/\/portifolioos-prontos.com\/index.php\/wp-json\/wp\/v2\/product\/5597","targetHints":{"allow":["GET"]}}],"collection":[{"href":"https:\/\/portifolioos-prontos.com\/index.php\/wp-json\/wp\/v2\/product"}],"about":[{"href":"https:\/\/portifolioos-prontos.com\/index.php\/wp-json\/wp\/v2\/types\/product"}],"version-history":[{"count":0,"href":"https:\/\/portifolioos-prontos.com\/index.php\/wp-json\/wp\/v2\/product\/5597\/revisions"}],"wp:featuredmedia":[{"embeddable":true,"href":"https:\/\/portifolioos-prontos.com\/index.php\/wp-json\/wp\/v2\/media\/5713"}],"wp:attachment":[{"href":"https:\/\/portifolioos-prontos.com\/index.php\/wp-json\/wp\/v2\/media?parent=5597"}],"wp:term":[{"taxonomy":"product_cat","embeddable":true,"href":"https:\/\/portifolioos-prontos.com\/index.php\/wp-json\/wp\/v2\/product_cat?post=5597"},{"taxonomy":"product_tag","embeddable":true,"href":"https:\/\/portifolioos-prontos.com\/index.php\/wp-json\/wp\/v2\/product_tag?post=5597"}],"curies":[{"name":"wp","href":"https:\/\/api.w.org\/{rel}","templated":true}]}}