{"id":5601,"date":"2022-07-28T10:26:59","date_gmt":"2022-07-28T13:26:59","guid":{"rendered":"https:\/\/portifolioos-prontos.com\/?post_type=product&#038;p=5601"},"modified":"2022-09-14T15:52:11","modified_gmt":"2022-09-14T18:52:11","slug":"portfolio-estado-gerencial-e-o-servico-social-entre-as-politicas-de-protecao-social-e-os-preceitos-constitucionais","status":"publish","type":"product","link":"https:\/\/portifolioos-prontos.com\/index.php\/product\/portfolio-estado-gerencial-e-o-servico-social-entre-as-politicas-de-protecao-social-e-os-preceitos-constitucionais\/","title":{"rendered":"Portf\u00f3lio Estado Gerencial e o Servi\u00e7o Social: entre as pol\u00edticas de prote\u00e7\u00e3o social e os preceitos constitucionais"},"content":{"rendered":"<h4>Portf\u00f3lio Estado Gerencial e o Servi\u00e7o Social: entre as pol\u00edticas de prote\u00e7\u00e3o social e os preceitos constitucionais<\/h4>\n<h4>Curso: Servi\u00e7o Social<\/h4>\n<h4>Semestre: 7\u00b0 \/ 8\u00b0<\/h4>\n<hr \/>\n<p>A proposta de Produ\u00e7\u00e3o Textual Interdisciplinar em Grupo (PTG) ter\u00e1 como<br \/>\ntem\u00e1tica <strong>\u201cEstado Gerencial e o Servi\u00e7o Social: entre as pol\u00edticas de prote\u00e7\u00e3o social e os<\/strong><br \/>\n<strong>preceitos constitucionais\u201d<\/strong>. A escolha dessa tem\u00e1tica visa possibilitar a aprendizagem<br \/>\ninterdisciplinar dos conte\u00fados desenvolvidos nas disciplinas desse semestre.<br \/>\nInicialmente, \u00e9 importante que voc\u00eas realizem a leitura atenta da situa\u00e7\u00e3o descrita<br \/>\npara, na sequ\u00eancia, seguir as orienta\u00e7\u00f5es apresentadas em cada uma das etapas<br \/>\nsubsequentes de modo a organizarem suas ideias para a conclus\u00e3o, com qualidade,<br \/>\ndeste trabalho.<\/p>\n<p><strong>SITUA\u00c7\u00c3O GERADORA DE APRENDIZAGEM (SGA)<\/strong><\/p>\n<p>2.\u00a0Leia e interprete a Situa\u00e7\u00e3o Geradora de Aprendizagem (SGA):<\/p>\n<p>No decorrer da gradua\u00e7\u00e3o, fundamentado em uma perspectiva hist\u00f3rico-cr\u00edtica,<br \/>\nrefletimos, por meio das disciplinas curriculares a profiss\u00e3o, seus limites e<br \/>\npossibilidades.<br \/>\nNa atualidade vivemos no Brasil tempos de aprofundamento da crise do capital, em um<br \/>\ncen\u00e1rio ultraliberal, regressivo e reacion\u00e1rio, potencializado pela pandemia mundial e pela<br \/>\nguerra. Mas \u00e9 nesse contexto adverso que a resist\u00eancia \u00e9 ainda mais necess\u00e1ria.<br \/>\nConsidere que voc\u00ea aluna (o) foi convidada (o) a compor uma mesa tem\u00e1tica em um<br \/>\nSemin\u00e1rio Interdisciplinar e dever\u00e1 abordar o tema: \u201cEstado Gerencial e o Servi\u00e7o Social:<br \/>\nentre as pol\u00edticas de prote\u00e7\u00e3o social e os preceitos constitucionais.\u201d<br \/>\nAssim, voc\u00ea dever\u00e1 construir um texto argumentativo sobre o atual est\u00e1gio das<br \/>\npol\u00edticas de prote\u00e7\u00e3o social, o contraste entre os preceitos Constitucionais e a realidade<br \/>\nconcreta de um Estado Gerencial.<br \/>\nEsse trabalho acad\u00eamico se constitui de algumas etapas fundamentais, nesse<br \/>\nsentido, apontamos um caminho que necessariamente devem constar de seu trabalho,<br \/>\nidentificados abaixo nas orienta\u00e7\u00f5es para execut\u00e1-lo. Estes itens apontam o<br \/>\ndirecionamento de cada disciplina \u00e0 luz de referencial te\u00f3rico que, observada a Situa\u00e7\u00e3o<br \/>\nProblema, devem nortear a produ\u00e7\u00e3o.<br \/>\n\u00c9 importante destacar que a situa\u00e7\u00e3o problema n\u00e3o deve ser reproduzida no<br \/>\ntexto do trabalho acad\u00eamico, mas tem o car\u00e1ter de materializar vistas ao cotidiano<br \/>\nprofissional diante da situa\u00e7\u00e3o geradora de aprendizagem.<br \/>\nUtilize outras refer\u00eancias e a Biblioteca Virtual para construir seu texto e articule<br \/>\nesta tem\u00e1tica com as disciplinas cursadas no semestre. Seu trabalho dever\u00e1 conter entre<br \/>\nno m\u00ednimo 3 (tr\u00eas) e no m\u00e1ximo 6 (seis) p\u00e1ginas, apresentando: Introdu\u00e7\u00e3o,<br \/>\nDesenvolvimento, Conclus\u00e3o e Refer\u00eancias, sem contar as a Introdu\u00e7\u00e3o, a conclus\u00e3o e<br \/>\nas Refer\u00eancias.<\/p>\n<p>ORIENTA\u00c7\u00d5ES PARA A EXECU\u00c7\u00c3O DO TRABALHO<\/p>\n<p>Para lhes auxiliar na elabora\u00e7\u00e3o do trabalho acad\u00eamico, voc\u00eas devem realizar as<br \/>\nseguintes etapas:<br \/>\n3. Leitura dos seguintes materiais:<\/p>\n<p>\uf0b7 Economia Pol\u00edtica:<br \/>\nFILGUEIRAS, LUIZ. O neoliberalismo no Brasil: estrutura, din\u00e2mica e ajuste do modelo<br \/>\necon\u00f4mico. In: Basualdo, Eduardo M.; Arceo, Enrique. (org) Neoliberalismo y sectores<br \/>\ndominantes. Tendencias globales y experiencias nacionales. Buenos Aires: 2006. Dispon\u00edvel<br \/>\nem: http:\/\/bibliotecavirtual.clacso.org.ar\/ar\/libros\/grupos\/basua\/C05Filgueiras.pdf. Acesso<br \/>\nem: jun. 2022.<br \/>\nCALABREZ, Felipe. Introdu\u00e7\u00e3o \u00e0 economia pol\u00edtica: o percurso hist\u00f3rico de uma ci\u00eancia social.<br \/>\nCuritiba Intersaberes, 2020. [Biblioteca Virtual Universit\u00e1ria 3.0]<br \/>\n\uf0b7 Movimentos Sociais:<br \/>\nPONCHIROLLI, Rafaela. O que s\u00e3o Movimentos Sociais? 2019. Dispon\u00edvel em:<br \/>\nhttps:\/\/www.politize.com.br\/movimentossociais\/#:~:text=Os%20chamados%20novos%20movi<br \/>\nmentos%20sociais,sociedade%20e%20n as%20grandes%20m%C3%ADdias<br \/>\n\uf0b7 Servi\u00e7o Social na Educa\u00e7\u00e3o:<br \/>\nDOURADO, Luiz Fernandes. SIQUEIRA, Romilson Martins. A Educa\u00e7\u00e3o Infantil no campo de<br \/>\ndisputa entre o direito social e o mercado. In: Pol\u00edticas Educacionais Democr\u00e1ticas em tempos<br \/>\nde resist\u00eancia. Bras\u00edlia, ANPAE, 2021.<br \/>\n\uf0b7 Terceiro Setor, Meio Ambiente Sustentabilidade:<br \/>\nMOREIRA, Raquel da Silva. Estado e Terceiro Setor: Um caso de complementa\u00e7\u00e3o ou<br \/>\nsubstitui\u00e7\u00e3o? Society and Development, v. 10, n. 1, 2021.<\/p>\n<p>4. Ap\u00f3s o processo de reflex\u00e3o, deem in\u00edcio \u00e0 elabora\u00e7\u00e3o da produ\u00e7\u00e3o textual,<br \/>\norganizando-a com base nos seguintes crit\u00e9rios:<\/p>\n<p>Passo 1: Com base nas leituras indicadas e nos materiais das disciplinas semestrais desenvolvam<br \/>\numa produ\u00e7\u00e3o de no m\u00ednimo 3 laudas e no m\u00e1ximo 6 (sem contar introdu\u00e7\u00e3o, conclus\u00e3o e<br \/>\nrefer\u00eancias bibliogr\u00e1ficas).<br \/>\nPasso 2: A produ\u00e7\u00e3o textual dever\u00e1 conter: introdu\u00e7\u00e3o, desenvolvimento, conclus\u00e3o e<br \/>\nrefer\u00eancias, em itens separados, conforme as normas da ABNT.<br \/>\nPasso 3: Contemplem as quest\u00f5es abaixo e relacionem com os materiais indicados. Essas<br \/>\nquest\u00f5es devem ser usadas para nortear a produ\u00e7\u00e3o do texto:<br \/>\n1. Economia Pol\u00edtica: Inicie o seu texto desenvolvendo sobre o neoliberalismo no<br \/>\nBrasil e a conjuntura atual pol\u00edtica e econ\u00f4mica em que o pa\u00eds se insere. Expresse<br \/>\ncom clareza o significado e sua atualidade. Esse esclarecimento inicial do seu<br \/>\ntexto deve propiciar a liga\u00e7\u00e3o com as demais perguntas propostas a seguir:<br \/>\n2. Movimentos Sociais: O que s\u00e3o Movimentos Sociais? Como se expressam?<br \/>\nQuais suas rela\u00e7\u00f5es com a constru\u00e7\u00e3o e defesa de direitos? Como o Estado<br \/>\nbrasileiro tem identificado a quest\u00e3o e as identidades dos Movimentos Sociais<br \/>\nhodiernamente?<br \/>\n3. Servi\u00e7o Social na Educa\u00e7\u00e3o: A partir do artigo indicado e de seus conhecimentos,<br \/>\nconstrua uma argumenta\u00e7\u00e3o sobre a condu\u00e7\u00e3o das pol\u00edticas educacionais no<br \/>\natual contexto, em contraponto aos preceitos constitucionais.<br \/>\n4. Terceiro Setor, Meio Ambiente e Sustentabilidade: Em um contexto de avan\u00e7o<br \/>\nde ideais de cunho neoliberal, como podemos compreender a participa\u00e7\u00e3o do<br \/>\n<a href=\"http:\/\/portifolioos-prontos.com\">Terceiro Setor?<\/a><\/p>\n<div class=\"elementor-toggle-item\">\n<h4 id=\"elementor-tab-title-1941\" class=\"elementor-tab-title elementor-active\" tabindex=\"0\" role=\"tab\" data-tab=\"1\" aria-controls=\"elementor-tab-content-1941\" aria-expanded=\"true\" aria-selected=\"true\">Como funciona?<\/h4>\n<div id=\"elementor-tab-content-1941\" class=\"elementor-tab-content elementor-clearfix elementor-active\" role=\"tabpanel\" data-tab=\"1\" aria-labelledby=\"elementor-tab-title-1941\">\n<p>Elaboramos os portf\u00f3lios, j\u00e1 deixamos prontos, nas normas da ABNT e conforme os requisitos da universidade. F\u00e1cil assim! O MELHOR \u00c9 QUE VOC\u00ca COMPRA E J\u00c1 BAIXA NA HORA O SEU ARQUIVO EM WORD! Sabemos que conciliar trabalho, fam\u00edlia, vida profissional e estudos \u00e9 dif\u00edcil hoje em dia, por isso, estamos aqui para ajudar voc\u00ea. Conte com nossa qualidade, experi\u00eancia e profissionalismo adquirindo seu portf\u00f3lio conosco. GARANTIMOS SEU CONCEITO!<\/p>\n<h4>Como se realizam os envios?<\/h4>\n<\/div>\n<\/div>\n<div class=\"elementor-toggle-item\">\n<div id=\"elementor-tab-content-1942\" class=\"elementor-tab-content elementor-clearfix elementor-active\" role=\"tabpanel\" data-tab=\"2\" aria-labelledby=\"elementor-tab-title-1942\">O seu trabalho \u00e9 disponibilizado pronto, respondido e nas normas j\u00e1 na mesma hora aqui em nosso site na sua \u00e1rea de downloads e tamb\u00e9m no seu e-mail.<\/div>\n<\/div>\n<div class=\"elementor-toggle-item\">\n<div id=\"elementor-tab-content-1943\" class=\"elementor-tab-content elementor-clearfix elementor-active\" role=\"tabpanel\" data-tab=\"3\" aria-labelledby=\"elementor-tab-title-1943\">\n<h4>Em quanto tempo recebo o portf\u00f3lio?<\/h4>\n<\/div>\n<\/div>\n<div class=\"elementor-toggle-item\">\n<div id=\"elementor-tab-content-1944\" class=\"elementor-tab-content elementor-clearfix elementor-active\" role=\"tabpanel\" data-tab=\"4\" aria-labelledby=\"elementor-tab-title-1944\">\n<p>Os envios s\u00e3o imediatos. Ap\u00f3s sua compra, o trabalho j\u00e1 \u00e9 disponibilizado instantaneamente aqui em nosso site e no seu e-mail.<\/p>\n<h4>E se o portf\u00f3lio que comprei precisar de corre\u00e7\u00e3o?<\/h4>\n<\/div>\n<\/div>\n<div class=\"elementor-toggle-item\">\n<div id=\"elementor-tab-content-1945\" class=\"elementor-tab-content elementor-clearfix elementor-active\" role=\"tabpanel\" data-tab=\"5\" aria-labelledby=\"elementor-tab-title-1945\">\n<p>Caso haja alguma solicita\u00e7\u00e3o de corre\u00e7\u00e3o\/altera\u00e7\u00e3o por parte do tutor, basta entrar em contato conosco pelo\u00a0WhatsApp\u00a0que provid\u00eanciaremos sem custo algum.<\/p>\n<h4>Qual o formato do arquivo?<\/h4>\n<\/div>\n<\/div>\n<div class=\"elementor-toggle-item\">\n<div id=\"elementor-tab-content-1946\" class=\"elementor-tab-content elementor-clearfix elementor-active\" role=\"tabpanel\" data-tab=\"6\" aria-labelledby=\"elementor-tab-title-1946\">\n<p>Os arquivos s\u00e3o enviados em formato Word e s\u00e3o edit\u00e1veis.<\/p>\n<h4>Caso eu tiver alguma d\u00favida, terei suporte no p\u00f3s venda?<\/h4>\n<\/div>\n<\/div>\n<div class=\"elementor-toggle-item\">\n<div id=\"elementor-tab-content-1948\" class=\"elementor-tab-content elementor-clearfix elementor-active\" role=\"tabpanel\" data-tab=\"8\" aria-labelledby=\"elementor-tab-title-1948\">\n<p>Sim, com certeza. Basta clicar no \u00edcone do WhatsApp no cantinho da tela. Ser\u00e1 um prazer atend\u00ea-lo(a).<\/p>\n<div class=\"elementor-toggle-item\">\n<div id=\"elementor-tab-content-1948\" class=\"elementor-tab-content elementor-clearfix elementor-active\" role=\"tabpanel\" data-tab=\"8\" aria-labelledby=\"elementor-tab-title-1948\">\n<h4>Quais os seus canais de contato?<\/h4>\n<\/div>\n<\/div>\n<div class=\"elementor-toggle-item\">\n<div id=\"elementor-tab-content-1949\" class=\"elementor-tab-content elementor-clearfix elementor-active\" role=\"tabpanel\" data-tab=\"9\" aria-labelledby=\"elementor-tab-title-1949\">\n<p>Whatsapp: 53 984751621 \u2013 Clicar no canto da tela ou ESCANEIE O QRCODE ABAIXO<\/p>\n<p><img decoding=\"async\" class=\"alignnone wp-image-7603\" src=\"http:\/\/portifolioos-prontos.com\/wp-content\/uploads\/2022\/09\/portfolio-unopar-pronto-colaborar-ava-producao-textual-interdisciplinar.png\" alt=\"Portf\u00f3lio Estado Gerencial e o Servi\u00e7o Social: entre as pol\u00edticas de prote\u00e7\u00e3o social e os preceitos constitucionais,Estado Gerencial e o Servi\u00e7o Social: entre as pol\u00edticas de prote\u00e7\u00e3o social e os preceitos constitucionais,pti Estado Gerencial e o Servi\u00e7o Social: entre as pol\u00edticas de prote\u00e7\u00e3o social e os preceitos constitucionais,ptg Estado Gerencial e o Servi\u00e7o Social: entre as pol\u00edticas de prote\u00e7\u00e3o social e os preceitos constitucionais,portfolio ead Estado Gerencial e o Servi\u00e7o Social: entre as pol\u00edticas de prote\u00e7\u00e3o social e os preceitos constitucionais,portfolioo ead Estado Gerencial e o Servi\u00e7o Social: entre as pol\u00edticas de prote\u00e7\u00e3o social e os preceitos constitucionais,portf\u00f3lio ead Estado Gerencial e o Servi\u00e7o Social: entre as pol\u00edticas de prote\u00e7\u00e3o social e os preceitos constitucionais,portf\u00f3lioo ead Estado Gerencial e o Servi\u00e7o Social: entre as pol\u00edticas de prote\u00e7\u00e3o social e os preceitos constitucionais,portfolio pronto Estado Gerencial e o Servi\u00e7o Social: entre as pol\u00edticas de prote\u00e7\u00e3o social e os preceitos constitucionais,portf\u00f3lio pronto Estado Gerencial e o Servi\u00e7o Social: entre as pol\u00edticas de prote\u00e7\u00e3o social e os preceitos constitucionais,portfolio unopar Estado Gerencial e o Servi\u00e7o Social: entre as pol\u00edticas de prote\u00e7\u00e3o social e os preceitos constitucionais,portfolio pronto unopar Estado Gerencial e o Servi\u00e7o Social: entre as pol\u00edticas de prote\u00e7\u00e3o social e os preceitos constitucionais,trabalho pronto Estado Gerencial e o Servi\u00e7o Social: entre as pol\u00edticas de prote\u00e7\u00e3o social e os preceitos constitucionais,portfolio servi\u00e7o social,portf\u00f3lio servi\u00e7o social unopar 3 semestre,portfolio servi\u00e7o social 1 semestre,portf\u00f3lio servi\u00e7o social unopar,portfolio servi\u00e7o social unopar 1 semestre,portfolio assistente social,portf\u00f3lio para servi\u00e7o social,portf\u00f3lio servi\u00e7o social uninter,portf\u00f3lio acad\u00eamico servi\u00e7o social,portfolio servi\u00e7o social unopar 4 semestre\" width=\"141\" height=\"141\" srcset=\"https:\/\/portifolioos-prontos.com\/wp-content\/uploads\/2022\/09\/portfolio-unopar-pronto-colaborar-ava-producao-textual-interdisciplinar.png 150w, https:\/\/portifolioos-prontos.com\/wp-content\/uploads\/2022\/09\/portfolio-unopar-pronto-colaborar-ava-producao-textual-interdisciplinar-100x100.png 100w\" sizes=\"(max-width: 141px) 100vw, 141px\" \/><\/p>\n<\/div>\n<\/div>\n<\/div>\n<\/div>\n<div class=\"elementor-toggle-item\">\n<div id=\"elementor-tab-content-1949\" class=\"elementor-tab-content elementor-clearfix elementor-active\" role=\"tabpanel\" data-tab=\"9\" aria-labelledby=\"elementor-tab-title-1949\">\n<p>E-mail:portifoliosp@gmail.com<\/p>\n<div id=\"attachment_143\" class=\"wp-caption alignnone\">\n<div id=\"attachment_143\" class=\"wp-caption alignnone\" style=\"width: 150px;\">\n<p><a href=\"http:\/\/portifolioos-prontos.com\/\"><img decoding=\"async\" class=\"wp-image-143\" title=\"portfolio pronto unopar\" src=\"http:\/\/portifolioos-prontos.com\/wp-content\/uploads\/2022\/04\/conceitomaximo.png\" alt=\"PORTFOLIO PRONTO UNOPAR ANHANGUERA\" width=\"150\" height=\"43\" aria-describedby=\"caption-attachment-143\" \/><\/a><\/p>\n<p id=\"caption-attachment-143\" class=\"wp-caption-text\">Portf\u00f3lio em Word, respondido, completo e j\u00e1 nas normas.<\/p>\n<\/div>\n<\/div>\n<\/div>\n<\/div>\n","protected":false},"excerpt":{"rendered":"<p>Portf\u00f3lio Estado Gerencial e o Servi\u00e7o Social: entre as pol\u00edticas de prote\u00e7\u00e3o social e os preceitos constitucionais Curso: Servi\u00e7o Social Semestre: 7\u00b0 \/ 8\u00b0 A proposta de Produ\u00e7\u00e3o Textual Interdisciplinar em Grupo (PTG) ter\u00e1 como tem\u00e1tica \u201cEstado Gerencial e o Servi\u00e7o Social: entre as pol\u00edticas de prote\u00e7\u00e3o social e os preceitos constitucionais\u201d. A escolha dessa&hellip;<\/p>\n","protected":false},"featured_media":5722,"template":"","meta":{"_seopress_robots_primary_cat":"none","_seopress_titles_title":"%%post_title%% %%sitetitle%%","_seopress_titles_desc":"%%post_content%%","_seopress_robots_index":""},"product_cat":[],"product_tag":[],"class_list":{"0":"post-5601","1":"product","2":"type-product","3":"status-publish","4":"has-post-thumbnail","7":"first","8":"instock","9":"downloadable","10":"virtual","11":"purchasable","12":"product-type-simple","13":"col-xs-6 col-sm-4","14":"col-mf-5","15":"un-5-cols"},"jetpack_sharing_enabled":true,"_links":{"self":[{"href":"https:\/\/portifolioos-prontos.com\/index.php\/wp-json\/wp\/v2\/product\/5601","targetHints":{"allow":["GET"]}}],"collection":[{"href":"https:\/\/portifolioos-prontos.com\/index.php\/wp-json\/wp\/v2\/product"}],"about":[{"href":"https:\/\/portifolioos-prontos.com\/index.php\/wp-json\/wp\/v2\/types\/product"}],"version-history":[{"count":0,"href":"https:\/\/portifolioos-prontos.com\/index.php\/wp-json\/wp\/v2\/product\/5601\/revisions"}],"wp:featuredmedia":[{"embeddable":true,"href":"https:\/\/portifolioos-prontos.com\/index.php\/wp-json\/wp\/v2\/media\/5722"}],"wp:attachment":[{"href":"https:\/\/portifolioos-prontos.com\/index.php\/wp-json\/wp\/v2\/media?parent=5601"}],"wp:term":[{"taxonomy":"product_cat","embeddable":true,"href":"https:\/\/portifolioos-prontos.com\/index.php\/wp-json\/wp\/v2\/product_cat?post=5601"},{"taxonomy":"product_tag","embeddable":true,"href":"https:\/\/portifolioos-prontos.com\/index.php\/wp-json\/wp\/v2\/product_tag?post=5601"}],"curies":[{"name":"wp","href":"https:\/\/api.w.org\/{rel}","templated":true}]}}