{"id":5604,"date":"2022-07-28T10:28:46","date_gmt":"2022-07-28T13:28:46","guid":{"rendered":"https:\/\/portifolioos-prontos.com\/?post_type=product&#038;p=5604"},"modified":"2022-09-14T15:52:06","modified_gmt":"2022-09-14T18:52:06","slug":"portfolio-enfermagem-em-centro-cirurgico","status":"publish","type":"product","link":"https:\/\/portifolioos-prontos.com\/index.php\/product\/portfolio-enfermagem-em-centro-cirurgico\/","title":{"rendered":"Portf\u00f3lio Enfermagem em Centro-Cir\u00fargico"},"content":{"rendered":"<h4>Portf\u00f3lio Enfermagem em Centro-Cir\u00fargico<\/h4>\n<h4>Curso: Enfermagem<\/h4>\n<h4>Semestre: 7\u00b0 flex \/ 8\u00b0 reg<\/h4>\n<hr \/>\n<p>A proposta de Produ\u00e7\u00e3o Textual Interdisciplinar em Grupo (PTG) ter\u00e1 como tem\u00e1tica<br \/>\n<a href=\"http:\/\/portifolioos-prontos.com\"><strong>\u201cEnfermagem em Centro-Cir\u00fargico\u201d<\/strong><\/a>. Escolhemos esta tem\u00e1tica para possibilitar a aprendizagem<br \/>\ninterdisciplinar dos conte\u00fados desenvolvidos nas disciplinas deste semestre.<br \/>\nNeste trabalho voc\u00eas desenvolver\u00e3o um texto argumentativo que deve contemplar as<br \/>\nindaga\u00e7\u00f5es do roteiro de conte\u00fados sobre a situa\u00e7\u00e3o geradora de aprendizagem (SGA) proposta.<br \/>\nPara tanto, a seguir apresentamos as orienta\u00e7\u00f5es:<\/p>\n<p><strong>Situa\u00e7\u00e3o Geradora de Aprendizagem (SGA)<\/strong><\/p>\n<p>A Central de Material e Esteriliza\u00e7\u00e3o (CME) \u00e9 um setor onde a assist\u00eancia de enfermagem \u00e9 prestada<br \/>\nindiretamente ao cliente, por\u00e9m n\u00e3o menos importante que a assist\u00eancia direta, pois \u00e9 respons\u00e1vel<br \/>\npelo preparo, processamento, estoque e distribui\u00e7\u00e3o dos artigos m\u00e9dico-cir\u00fargicos e equipamentos<br \/>\nnecess\u00e1rios para a assist\u00eancia ao paciente. No Hospital S\u00e3o Lucas a CME \u00e9 agregada ao Centro<br \/>\nCir\u00fargico (C.C), sob a responsabilidade de um \u00fanico enfermeiro, o que gera bastante desgaste e<br \/>\nproblemas ao processo gerencial, posto que o trabalho desenvolvido nos ambientes \u00e9 bastante<br \/>\ndistinto um do outro. Jonas, por ser o enfermeiro respons\u00e1vel pelo C.C e CME precisa escolher<br \/>\nadequadamente tanto os recursos materiais quanto os humanos, bem como a sele\u00e7\u00e3o e o<br \/>\ntreinamento de pessoal levando-se em conta o perfil do setor. Al\u00e9m disso, ele \u00e9 o respons\u00e1vel por<br \/>\natividades de coordena\u00e7\u00e3o, orienta\u00e7\u00e3o e supervis\u00e3o de todas as etapas do reprocessamento dos<br \/>\nprodutos e estabelecimento de interfaces com as unidades consumidoras. No entanto, Jonas, por<br \/>\nliderar os dois setores, precisa continuar mantendo excelentes resultados na assist\u00eancia e por isso<br \/>\nvem aumentando constantemente as exig\u00eancias de toda a equipe. Todo m\u00eas \u00e9 a mesma reclama\u00e7\u00e3o:<br \/>\na escala muda, os funcion\u00e1rios s\u00e3o realocados e n\u00e3o s\u00e3o avisados sobre tal. Muitos afirmam que o<br \/>\nsentimento frente a isso \u00e9 de descaso com a equipe, ou seja, que Jonas n\u00e3o se importa com a opini\u00e3o<br \/>\nou vontade da equipe. Al\u00e9m do exposto, o trabalho da CME segue um ritmo acelerado, com<br \/>\nexig\u00eancias f\u00edsicas e mentais, exposi\u00e7\u00e3o a riscos qu\u00edmicos, f\u00edsicos e biol\u00f3gicos, espa\u00e7o f\u00edsico muita das<br \/>\nvezes desfavor\u00e1vel. Todos esses fatores geram desgaste, ansiedade e medo, comprometendo n\u00e3o s\u00f3<br \/>\na sa\u00fade dos colaboradores como a qualidade do servi\u00e7o. O fato \u00e9 que no \u00faltimo plant\u00e3o os dois<br \/>\nsetores tiveram intercorr\u00eancias, na CME uma colaboradora se perfurou ao manipular um material<br \/>\nperfuro cortante acondicionado de maneira inadequada, configurando acidente de trabalho e no CC:<br \/>\nna sala de recupera\u00e7\u00e3o anest\u00e9sica, um paciente da equipe de neurocirurgia caiu do leito enquanto a<br \/>\nt\u00e9cnica de enfermagem que estava ao lado mexia no celular no exato momento, al\u00e9m de duas<br \/>\ncirurgias canceladas por falta de materiais, causando irrita\u00e7\u00e3o por parte das equipes m\u00e9dicas<br \/>\nenvolvidas. O m\u00e9dico respons\u00e1vel pelo paciente que apresentou queda do leito, ao saber do ocorrido<br \/>\nprocurou Jonas e usou palavras duras a respeito de seu trabalho e de sua equipe, desqualificando-os<br \/>\nde maneira bastante desrespeitosa e na frente de todos, inclusive de alguns pacientes. Momentos<\/p>\n<p>PRODU\u00c7\u00c3O TEXTUAL<br \/>\nINTERDISCIPLINAR<br \/>\nEM GRUPO \u2013 PTG<\/p>\n<p>depois, Jonas come\u00e7ou a queixar-se de falta de ar, palpita\u00e7\u00f5es, sudorese, tremores e fortes dores no<br \/>\npeito, segundo ele a sensa\u00e7\u00e3o de morte. Vendo a situa\u00e7\u00e3o, a alguns colegas da equipe de Jonas<br \/>\nencaminharam-no ao Pronto-Socorro, onde realizaram o atendimento compreendido pela<br \/>\nsolicita\u00e7\u00e3o de diversos exames, e a hip\u00f3tese inicial de Acidente Vascular Encef\u00e1lico (AVE) foi<br \/>\ndescartada.<\/p>\n<p>ROTEIRO DE CONTE\u00daDOS<br \/>\nAp\u00f3s a leitura da situa\u00e7\u00e3o-problema o desafio est\u00e1 lan\u00e7ado.<br \/>\nRespondam os desafios propostos articulando-os em um relat\u00f3rio final.<br \/>\nPara isso, busque solu\u00e7\u00f5es para os problemas apresentados, mas, lembre-se de que TODOS os<br \/>\ndesafios propostos devem ser respondidos fazendo articula\u00e7\u00f5es com a SGA. Logo, \u00e9 fundamental<br \/>\napresentar poder argumentativo e boa fundamenta\u00e7\u00e3o das justificativas.<br \/>\nDESAFIO 1: O ataque de p\u00e2nico, decorrente do transtorno do p\u00e2nico, \u00e9 considerado uma das<br \/>\nprincipais causas de emerg\u00eancia psiqui\u00e1tricas em unidades de pronto atendimento. Seus sintomas<br \/>\nmuitas vezes se confundem com as manifesta\u00e7\u00f5es de doen\u00e7as org\u00e2nicas, como as doen\u00e7as<br \/>\npulmonares e cardiovasculares, por exemplo. Al\u00e9m disso, a maioria dos casos demoram a ser<br \/>\ndiagnosticados corretamente, levando a um desenvolvimento cr\u00f4nico e incapacitante da doen\u00e7a.<br \/>\nDessa forma, o conhecimento a respeito desse quadro permite uma correta avalia\u00e7\u00e3o, bem como o<br \/>\nencaminhamento precoce a servi\u00e7os especializados na aten\u00e7\u00e3o prim\u00e1ria a sa\u00fade. Nesse sentido,<br \/>\ndescreva como deve ser realizada a avalia\u00e7\u00e3o inicial de Jonas no pronto socorro, e qual a rede de<br \/>\napoio na aten\u00e7\u00e3o prim\u00e1ria para seu acompanhamento.<\/p>\n<p>DESAFIO 2: Percebemos na nossa SGA que o motivo do conflito entre os membros da equipe foi a<br \/>\nfalta de materiais que deveriam ser utilizados durante o ato cir\u00fargico. A falta de materiais e<br \/>\nequipamentos no centro cir\u00fargico acontece rotineiramente no cotidiano, variando desde os mais<br \/>\nsimples at\u00e9 os mais complexos, como pr\u00f3teses e \u00f3rteses. O gerenciamento de materiais tem como<br \/>\nfinalidade suprir os recursos materiais necess\u00e1rios para a organiza\u00e7\u00e3o de sa\u00fade, com qualidade, em<br \/>\nquantidades adequadas, no tempo certo e, sobretudo, ao menor custo. Nesse sentido, atualmente,<br \/>\nesse gerenciamento comp\u00f5e uma das atribui\u00e7\u00f5es do enfermeiro nas Unidades Hospitalares. Agora \u00e9<br \/>\nsua vez! Descreva as atribui\u00e7\u00f5es do enfermeiro respons\u00e1vel pelo gerenciamento de recursos<br \/>\nmateriais nas unidades de Centro Cir\u00fargico e como ele poder\u00e1 realizar essa gest\u00e3o de forma eficiente.<\/p>\n<p>DESAFIO 3<a href=\"http:\/\/portfoliopronto.com\/\">:<\/a>\u00a0O centro cir\u00fargico \u00e9 considerado um setor complexo devido sua especificidade, al\u00e9m de<br \/>\nser um setor restrito que imp\u00f5e \u00e0 equipe de sa\u00fade momentos estressantes ao lidar com aspectos<br \/>\nreferentes \u00e0 habilidade t\u00e9cnica, recursos materiais e relacionamento interpessoal. Sobre as rela\u00e7\u00f5es<br \/>\ninterpessoais, estas podem ser consideradas \u2018instrumentos de trabalho\u2019 e quando h\u00e1 conflito podem<br \/>\nacarretar distanciamento entre as pessoas, podendo afetar diretamente o cuidado. A SGA apresenta<br \/>\ndiversos elementos estressores, capazes de promover conflitos, al\u00e9m de um estilo de lideran\u00e7a<br \/>\naparentemente arbitr\u00e1rio. Diante do exposto, responda:<\/p>\n<p>\u2013 De acordo com a SGA, descreva e caracterize o estilo de lideran\u00e7a do enfermeiro Jonas (Laissez-<br \/>\nfaire, Autorit\u00e1rio, Democr\u00e1tico ou Situacional).<\/p>\n<p>\u2013 Diante do ocorrido, um assunto que merece destaque \u00e9 a Qualidade de Vida no Trabalho (QVT).<br \/>\nCom base nisso, Marziale e Dantas (2011) correlacionam a QVT \u00e0 compreens\u00e3o do trabalho em tr\u00eas<br \/>\ndiferentes n\u00edveis: a) Primeiro n\u00edvel: relaciona-se ao contexto externo do trabalho; b) Segundo n\u00edvel:<br \/>\ncompreende o contexto organizacional do trabalho e c) Terceiro n\u00edvel: consiste no contexto do<br \/>\ntrabalho propriamente dito. Fa\u00e7a uma reflex\u00e3o a partir do que foi descrito na situa\u00e7\u00e3o-problema e<br \/>\nexplique quais n\u00edveis est\u00e3o deficit\u00e1rios e podem ter contribu\u00eddo com o ataque de p\u00e2nico apresentado<br \/>\npor <a href=\"http:\/\/portifolioos-prontos.com\">Jonas<\/a><a href=\"http:\/\/portfoliooead.com.br\/\">.<\/a><\/p>\n<div class=\"elementor-toggle-item\">\n<h4 id=\"elementor-tab-title-1941\" class=\"elementor-tab-title elementor-active\" tabindex=\"0\" role=\"tab\" data-tab=\"1\" aria-controls=\"elementor-tab-content-1941\" aria-expanded=\"true\" aria-selected=\"true\">Como funciona?<\/h4>\n<div id=\"elementor-tab-content-1941\" class=\"elementor-tab-content elementor-clearfix elementor-active\" role=\"tabpanel\" data-tab=\"1\" aria-labelledby=\"elementor-tab-title-1941\">\n<p>Elaboramos os portf\u00f3lios, j\u00e1 deixamos prontos, nas normas da ABNT e conforme os requisitos da universidade. F\u00e1cil assim! O MELHOR \u00c9 QUE VOC\u00ca COMPRA E J\u00c1 BAIXA NA HORA O SEU ARQUIVO EM WORD! Sabemos que conciliar trabalho, fam\u00edlia, vida profissional e estudos \u00e9 dif\u00edcil hoje em dia, por isso, estamos aqui para ajudar voc\u00ea. Conte com nossa qualidade, experi\u00eancia e profissionalismo adquirindo seu portf\u00f3lio conosco. GARANTIMOS SEU CONCEITO!<\/p>\n<h4>Como se realizam os envios?<\/h4>\n<\/div>\n<\/div>\n<div class=\"elementor-toggle-item\">\n<div id=\"elementor-tab-content-1942\" class=\"elementor-tab-content elementor-clearfix elementor-active\" role=\"tabpanel\" data-tab=\"2\" aria-labelledby=\"elementor-tab-title-1942\">O seu trabalho \u00e9 disponibilizado pronto, respondido e nas normas j\u00e1 na mesma hora aqui em nosso site na sua \u00e1rea de downloads e tamb\u00e9m no seu e-mail.<\/div>\n<\/div>\n<div class=\"elementor-toggle-item\">\n<div id=\"elementor-tab-content-1943\" class=\"elementor-tab-content elementor-clearfix elementor-active\" role=\"tabpanel\" data-tab=\"3\" aria-labelledby=\"elementor-tab-title-1943\">\n<h4>Em quanto tempo recebo o portf\u00f3lio?<\/h4>\n<\/div>\n<\/div>\n<div class=\"elementor-toggle-item\">\n<div id=\"elementor-tab-content-1944\" class=\"elementor-tab-content elementor-clearfix elementor-active\" role=\"tabpanel\" data-tab=\"4\" aria-labelledby=\"elementor-tab-title-1944\">\n<p>Os envios s\u00e3o imediatos. Ap\u00f3s sua compra, o trabalho j\u00e1 \u00e9 disponibilizado instantaneamente aqui em nosso site e no seu e-mail.<\/p>\n<h4>E se o portf\u00f3lio que comprei precisar de corre\u00e7\u00e3o?<\/h4>\n<\/div>\n<\/div>\n<div class=\"elementor-toggle-item\">\n<div id=\"elementor-tab-content-1945\" class=\"elementor-tab-content elementor-clearfix elementor-active\" role=\"tabpanel\" data-tab=\"5\" aria-labelledby=\"elementor-tab-title-1945\">\n<p>Caso haja alguma solicita\u00e7\u00e3o de corre\u00e7\u00e3o\/altera\u00e7\u00e3o por parte do tutor, basta entrar em contato conosco pelo\u00a0WhatsApp\u00a0que provid\u00eanciaremos sem custo algum.<\/p>\n<h4>Qual o formato do arquivo?<\/h4>\n<\/div>\n<\/div>\n<div class=\"elementor-toggle-item\">\n<div id=\"elementor-tab-content-1946\" class=\"elementor-tab-content elementor-clearfix elementor-active\" role=\"tabpanel\" data-tab=\"6\" aria-labelledby=\"elementor-tab-title-1946\">\n<p>Os arquivos s\u00e3o enviados em formato Word e s\u00e3o edit\u00e1veis.<\/p>\n<h4>Caso eu tiver alguma d\u00favida, terei suporte no p\u00f3s venda?<\/h4>\n<\/div>\n<\/div>\n<div class=\"elementor-toggle-item\">\n<div id=\"elementor-tab-content-1948\" class=\"elementor-tab-content elementor-clearfix elementor-active\" role=\"tabpanel\" data-tab=\"8\" aria-labelledby=\"elementor-tab-title-1948\">\n<p>Sim, com certeza. Basta clicar no \u00edcone do WhatsApp no cantinho da tela. Ser\u00e1 um prazer atend\u00ea-lo(a).<\/p>\n<div class=\"elementor-toggle-item\">\n<div id=\"elementor-tab-content-1948\" class=\"elementor-tab-content elementor-clearfix elementor-active\" role=\"tabpanel\" data-tab=\"8\" aria-labelledby=\"elementor-tab-title-1948\">\n<h4>Quais os seus canais de contato?<\/h4>\n<\/div>\n<\/div>\n<div class=\"elementor-toggle-item\">\n<div id=\"elementor-tab-content-1949\" class=\"elementor-tab-content elementor-clearfix elementor-active\" role=\"tabpanel\" data-tab=\"9\" aria-labelledby=\"elementor-tab-title-1949\">\n<p>Whatsapp: 53 984751621 \u2013 Clicar no canto da tela ou ESCANEIE O QRCODE ABAIXO<\/p>\n<p><img decoding=\"async\" class=\"alignnone wp-image-7603\" src=\"http:\/\/portifolioos-prontos.com\/wp-content\/uploads\/2022\/09\/portfolio-unopar-pronto-colaborar-ava-producao-textual-interdisciplinar.png\" alt=\"Portf\u00f3lio Enfermagem em Centro-Cir\u00fargico,portfolio enfermagem,portfolio enfermagem unopar,portf\u00f3lio enfermagem pronto,portf\u00f3lio enfermagem pdf,portf\u00f3lio enfermagem como fazer,portf\u00f3lio enfermagem,portf\u00f3lio acad\u00eamico enfermagem,portfolio estagio enfermagem,portf\u00f3lio unopar enfermagem 1 semestre,Enfermagem em Centro-Cir\u00fargico,pti Enfermagem em Centro-Cir\u00fargico,ptg Enfermagem em Centro-Cir\u00fargico,portfolio pronto Enfermagem em Centro-Cir\u00fargico,portf\u00f3lio pronto Enfermagem em Centro-Cir\u00fargico,unopar Enfermagem em Centro-Cir\u00fargico,portfolio ead Enfermagem em Centro-Cir\u00fargico,portf\u00f3lio ead Enfermagem em Centro-Cir\u00fargico,portf\u00f3lioo ead Enfermagem em Centro-Cir\u00fargico,portfolioo ead Enfermagem em Centro-Cir\u00fargico,portfolio pronto unopar Enfermagem em Centro-Cir\u00fargico,portfolio pronto anhanguera Enfermagem em Centro-Cir\u00fargico,Portfolio pronto,portifolio pronto,portf\u00f3lio pronto,portifolios prontos,portif\u00f3lios prontos,portf\u00f3lio pronto unopar,portifolio pronto unopar,portif\u00f3lio pronto unopar,portifolios prontos unopar,portifolios prontos anhanguera,portf\u00f3lios prontos anhanguera,portf\u00f3lio pronto anhanguera,portfolios ead,portf\u00f3lios ead,portfolioead,apostileiros,portf\u00f3lio ead,portifolios ead,portif\u00f3lios ead,eadhelp,shop do acad\u00eamico,unopar portfolio,portfolio pronto ead,portfolio unopar ead,ead portfolio ava,portf\u00f3lio ead anhanguera,portf\u00f3lio ead pront,o portf\u00f3lio ead unopar,portf\u00f3lio pronto em word,pti unopar,ptg unopar,modelo de portf\u00f3lio unopar,modelo de portf\u00f3lio anhanguera,como fazer um portf\u00f3lio para faculdade,como faz portf\u00f3lio universidade,como faz portf\u00f3lios para universidade,portf\u00f3lios prontos para universidade,portf\u00f3lios pronto para faculdade,portf\u00f3lio pronto para editar,portifolios prontos para editar,portf\u00f3lio em word,portfolio em word,portf\u00f3lio em word para editar,portifolio em word para editar,portfolio unopar pronto para editar,modelo de portfolio para unopar,modelo de portif\u00f3lio para unopar,modelo de portf\u00f3lio para unopar,unopar portf\u00f3lio pronto,anhanguera portf\u00f3lio pronto,portf\u00f3lio em word pronto,comprar portf\u00f3lio pronto,como fazer um portf\u00f3lio,como fazer portf\u00f3lio digital,portfolio,portf\u00f3lio,portifolio,portif\u00f3lio,portf\u00f3lio interdisciplinar individual,portfolio interdisciplinar individual,exemplos de portf\u00f3lio para faculdade,baixar portf\u00f3lio pronto,portf\u00f3lio acad\u00eamico,portf\u00f3lio online,portfoliooead,portfolio ead,portf\u00f3lio pronto interdisciplinar individual,relat\u00f3rio de est\u00e1gio unopar,relat\u00f3rio de est\u00e1gio pronto unopar,como criar um portf\u00f3lio,o que \u00e9 um portf\u00f3lio e como fazer,portfolio exemplo,modelo de portfolio acad\u00eamico,relat\u00f3rio de est\u00e1gio gest\u00e3o escolar pronto unopar,portf\u00f3lio como fazer,prova profici\u00eancia unopar,portfolio individual est\u00e1gio curricular obrigat\u00f3rio ii anos iniciais do ensino fundamental,prova de profici\u00eancia pedagogia unopar,capa de trabalho unopar para editar,portf\u00f3lio acad\u00eamico unopar,como fazer um portf\u00f3lio acad\u00eamico,portf\u00f3lio exemplos word,portfolio acad\u00eamico,portfolio individual,portfolio individual unopar,portfolio individual anhanguera,portfolio marketing digital,portf\u00f3lio educa\u00e7\u00e3o f\u00edsica unopar,portf\u00f3lio gest\u00e3o educacional e espa\u00e7os n\u00e3o escolares,como fazer um portifolio unopar,modelo de portf\u00f3lio unopar em arquivo word,capa de portf\u00f3lio de pedagogia,como fazer um portf\u00f3lio no word,projeto integrado unopar,exemplo de portf\u00f3lio academico pedagogia,portfolio ead centro cirurgico,portfolio ead centro cir\u00fargico\" width=\"141\" height=\"141\" srcset=\"https:\/\/portifolioos-prontos.com\/wp-content\/uploads\/2022\/09\/portfolio-unopar-pronto-colaborar-ava-producao-textual-interdisciplinar.png 150w, https:\/\/portifolioos-prontos.com\/wp-content\/uploads\/2022\/09\/portfolio-unopar-pronto-colaborar-ava-producao-textual-interdisciplinar-100x100.png 100w\" sizes=\"(max-width: 141px) 100vw, 141px\" \/><\/p>\n<\/div>\n<\/div>\n<\/div>\n<\/div>\n<div class=\"elementor-toggle-item\">\n<div id=\"elementor-tab-content-1949\" class=\"elementor-tab-content elementor-clearfix elementor-active\" role=\"tabpanel\" data-tab=\"9\" aria-labelledby=\"elementor-tab-title-1949\">\n<p>E-mail:portifoliosp@gmail.com<\/p>\n<div id=\"attachment_143\" class=\"wp-caption alignnone\">\n<div id=\"attachment_143\" class=\"wp-caption alignnone\" style=\"width: 161px;\">\n<p><a href=\"http:\/\/portifolioos-prontos.com\/\"><img decoding=\"async\" class=\"wp-image-143\" title=\"portfolio pronto unopar\" src=\"http:\/\/portifolioos-prontos.com\/wp-content\/uploads\/2022\/04\/conceitomaximo.png\" alt=\"PORTFOLIO PRONTO UNOPAR ANHANGUERA\" width=\"161\" height=\"46\" aria-describedby=\"caption-attachment-143\" \/><\/a><\/p>\n<p id=\"caption-attachment-143\" class=\"wp-caption-text\">Portf\u00f3lio em Word, respondido, completo e j\u00e1 nas normas.<\/p>\n<\/div>\n<\/div>\n<\/div>\n<\/div>\n","protected":false},"excerpt":{"rendered":"<p>Portf\u00f3lio Enfermagem em Centro-Cir\u00fargico Curso: Enfermagem Semestre: 7\u00b0 flex \/ 8\u00b0 reg A proposta de Produ\u00e7\u00e3o Textual Interdisciplinar em Grupo (PTG) ter\u00e1 como tem\u00e1tica \u201cEnfermagem em Centro-Cir\u00fargico\u201d. Escolhemos esta tem\u00e1tica para possibilitar a aprendizagem interdisciplinar dos conte\u00fados desenvolvidos nas disciplinas deste semestre. Neste trabalho voc\u00eas desenvolver\u00e3o um texto argumentativo que deve contemplar as indaga\u00e7\u00f5es do&hellip;<\/p>\n","protected":false},"featured_media":5708,"template":"","meta":{"_seopress_robots_primary_cat":"none","_seopress_titles_title":"%%post_title%% %%sitetitle%%","_seopress_titles_desc":"%%post_content%%","_seopress_robots_index":""},"product_cat":[37,15],"product_tag":[],"class_list":{"0":"post-5604","1":"product","2":"type-product","3":"status-publish","4":"has-post-thumbnail","6":"product_cat-enfermagem","7":"product_cat-uncategorized","9":"first","10":"instock","11":"downloadable","12":"virtual","13":"purchasable","14":"product-type-simple","15":"col-xs-6 col-sm-4","16":"col-mf-5","17":"un-5-cols"},"jetpack_sharing_enabled":true,"_links":{"self":[{"href":"https:\/\/portifolioos-prontos.com\/index.php\/wp-json\/wp\/v2\/product\/5604","targetHints":{"allow":["GET"]}}],"collection":[{"href":"https:\/\/portifolioos-prontos.com\/index.php\/wp-json\/wp\/v2\/product"}],"about":[{"href":"https:\/\/portifolioos-prontos.com\/index.php\/wp-json\/wp\/v2\/types\/product"}],"version-history":[{"count":0,"href":"https:\/\/portifolioos-prontos.com\/index.php\/wp-json\/wp\/v2\/product\/5604\/revisions"}],"wp:featuredmedia":[{"embeddable":true,"href":"https:\/\/portifolioos-prontos.com\/index.php\/wp-json\/wp\/v2\/media\/5708"}],"wp:attachment":[{"href":"https:\/\/portifolioos-prontos.com\/index.php\/wp-json\/wp\/v2\/media?parent=5604"}],"wp:term":[{"taxonomy":"product_cat","embeddable":true,"href":"https:\/\/portifolioos-prontos.com\/index.php\/wp-json\/wp\/v2\/product_cat?post=5604"},{"taxonomy":"product_tag","embeddable":true,"href":"https:\/\/portifolioos-prontos.com\/index.php\/wp-json\/wp\/v2\/product_tag?post=5604"}],"curies":[{"name":"wp","href":"https:\/\/api.w.org\/{rel}","templated":true}]}}