{"id":5611,"date":"2022-07-28T10:33:19","date_gmt":"2022-07-28T13:33:19","guid":{"rendered":"https:\/\/portifolioos-prontos.com\/?post_type=product&#038;p=5611"},"modified":"2022-09-14T15:48:21","modified_gmt":"2022-09-14T18:48:21","slug":"portfolio-as-varias-formas-de-trabalho-escrava-servil-e-assalariada","status":"publish","type":"product","link":"https:\/\/portifolioos-prontos.com\/index.php\/product\/portfolio-as-varias-formas-de-trabalho-escrava-servil-e-assalariada\/","title":{"rendered":"Portf\u00f3lio As v\u00e1rias formas de trabalho: escrava, servil e assalariada"},"content":{"rendered":"<h4>Portf\u00f3lio As v\u00e1rias formas de trabalho: escrava, servil e assalariada<\/h4>\n<h4>Curso: Segunda Licenciatura em Hist\u00f3ria<\/h4>\n<h4>Semestre: 2\u00b0<\/h4>\n<hr \/>\n<p>A presente proposta de Produ\u00e7\u00e3o Textual Interdisciplinar Individual (PTI) possui como<br \/>\ntem\u00e1tica: <strong>\u201cAs v\u00e1rias formas de trabalho: escrava, servil e assalariada\u201d<\/strong>. Escolhemos esta tem\u00e1tica<br \/>\npor possibilitar a aprendizagem interdisciplinar dos conte\u00fados desenvolvidos nas disciplinas desse<br \/>\nsemestre.<\/p>\n<p><a href=\"http:\/\/portfoliooead.com.br\/\">O<\/a>RIENTA\u00c7\u00d5ES DA PRODU\u00c7\u00c3O TEXTUA<a href=\"http:\/\/portfoliopronto.com\/\">L<\/a><\/p>\n<p>A Leitura da Situa\u00e7\u00e3o Geradora de Aprendizagem e da Situa\u00e7\u00e3o-problema fornecer\u00e1 os<br \/>\nelementos necess\u00e1rios para a produ\u00e7\u00e3o textual.<\/p>\n<p><strong>Situa\u00e7\u00e3o Geradora de Aprendizagem (SGA)<\/strong><\/p>\n<p>A no\u00e7\u00e3o de trabalho muda de defini\u00e7\u00e3o ao longo do tempo. Segundo o Dicion\u00e1rio de<br \/>\nConceitos Hist\u00f3ricos:<\/p>\n<p>Em sua defini\u00e7\u00e3o mais comum, trabalho \u00e9 toda a\u00e7\u00e3o de transforma\u00e7\u00e3o da<br \/>\nmat\u00e9ria natural em cultura, ou seja, toda transforma\u00e7\u00e3o executada por a\u00e7\u00e3o<br \/>\nhumana. Mas o trabalho tem significados diferentes de acordo com a cultura que<br \/>\no vivencia e, em muitos casos, o que \u00e9 considerado trabalho em uma n\u00e3o \u00e9 na<\/p>\n<p>outra. Em muitas l\u00ednguas europeias, h\u00e1 inclusive uma distin\u00e7\u00e3o entre o trabalho<br \/>\nque d\u00e1 reconhecimento social, uma obra, e o trabalho repetitivo, o trabalho. Tal<br \/>\ndiferencia\u00e7\u00e3o, no entanto, n\u00e3o existe em portugu\u00eas (SILVA, K; SILVA, M., 2010,<br \/>\np. 401).<\/p>\n<p>A palavra trabalho vem do latim tripalium, que era um instrumento feito de tr\u00eas paus<br \/>\nagu\u00e7ados, algumas vezes ainda munidos de pontas de ferro, no qual os agricultores batiam o trigo,<br \/>\nas espigas de milho, para rasg\u00e1-los, esfiap\u00e1-los. Muitos dicion\u00e1rios, contudo, registram tripalium<br \/>\napenas como instrumento de tortura. Tripalium se liga ao verbo latino vulgar tripaliare, que significa,<br \/>\njustamente, \u201ctorturar\u201d. Essa \u00e9 uma faceta da realidade evocada no termo trabalho, aquela que revela<br \/>\na dureza, a fadiga, a dificuldade, irreversivelmente constitutivas da vida humana.<br \/>\nA partir dessas defini\u00e7\u00f5es iniciais, voc\u00ea dever\u00e1 analisar as diversas formas de trabalho<br \/>\n(escrava, servil e assalariada) ao longo da hist\u00f3ria das sociedades ocidentais, com enfoque nas<\/p>\n<p>mudan\u00e7as de perspectiva acerca da concep\u00e7\u00e3o de trabalho. Para tanto, considere a situa\u00e7\u00e3o-<br \/>\nproblema a seguir.<\/p>\n<p>Situa\u00e7\u00e3o-problema<\/p>\n<p>Jane \u00e9 professora de Hist\u00f3ria nas s\u00e9ries finais do ensino fundamental e no ensino m\u00e9dio. Ela<br \/>\ndecidiu realizar um estudo com seus alunos sobre as mudan\u00e7as na concep\u00e7\u00e3o de trabalho ao longo<br \/>\nda hist\u00f3ria ocidental. Para isso, se organizou da seguinte forma: ir\u00e1 realizar uma pesquisa sobre o<br \/>\ntema e produzir um texto que ser\u00e1 estudado com seus alunos; ir\u00e1 elaborar um plano de aula para<br \/>\ntrabalhar o tema.<\/p>\n<p>Orienta\u00e7\u00f5es para a execu\u00e7\u00e3o do trabalho<\/p>\n<p>A partir da leitura da situa\u00e7\u00e3o-problema apresentada, voc\u00ea dever\u00e1 se colocar no lugar da<br \/>\nprofessora Jane, realizar uma pesquisa sobre as mudan\u00e7as na concep\u00e7\u00e3o de trabalho ao longo da<br \/>\nhist\u00f3ria ocidental e elaborar um texto e um plano de aula. Para isso, siga as orienta\u00e7\u00f5es que se<br \/>\nseguem:<\/p>\n<p><strong>1o PASSO<\/strong> \u2013 Leia os trechos a seguir:<\/p>\n<p>Nas sociedades grega e romana, era a m\u00e3o de obra escrava que garantia a<br \/>\nprodu\u00e7\u00e3o suficiente para suprir as necessidades da popula\u00e7\u00e3o. Existiam outros<br \/>\ntrabalhadores al\u00e9m dos escravos, como os meeiros, os artes\u00e3os e os<br \/>\ncamponeses. No entanto, mesmo os trabalhadores livres eram explorados e<br \/>\noprimidos pelos senhores e propriet\u00e1rios. Estes eram desobrigados de qualquer<br \/>\natividade, exceto a de discutir os assuntos da cidade e o bem-estar dos cidad\u00e3os.<br \/>\nPara que n\u00e3o dependessem do pr\u00f3prio trabalho e pudessem se dedicar<br \/>\nexclusivamente a essa atividade, o trabalho escravo era fundamental. [\u2026]<br \/>\nNas sociedades feudais, como no mundo greco-romano, havia tamb\u00e9m aqueles<br \/>\nque trabalhavam \u2014 os servos, os camponeses livres e os alde\u00e3os \u2014 e aqueles<br \/>\nque viviam do trabalho dos outros \u2014 os senhores feudais e os membros do clero.<br \/>\nA terra era o principal meio de produ\u00e7\u00e3o, e os trabalhadores tinham direito a seu<br \/>\nusufruto e ocupa\u00e7\u00e3o, mas nunca \u00e0 propriedade. Muitos trabalhavam em regime<br \/>\nde servid\u00e3o, no qual n\u00e3o gozavam de plena liberdade, mas tamb\u00e9m n\u00e3o eram<br \/>\nescravos. Prevalecia um sistema de deveres do servo para com o senhor e deste<br \/>\npara com aquele. Al\u00e9m de cultivar as terras a ele destinadas, o servo era obrigado<br \/>\na trabalhar nas terras do senhor, bem como na constru\u00e7\u00e3o e manuten\u00e7\u00e3o de<br \/>\nestradas e pontes. Essa obriga\u00e7\u00e3o se chamava corveia. Devia tamb\u00e9m ao senhor<br \/>\na talha, uma taxa que se pagava sobre tudo o que se produzia na terra e atingia<br \/>\ntodas as categorias dependentes. Outra obriga\u00e7\u00e3o devida ao senhor pelo servo<br \/>\neram as banalidades, pagas pelo uso do moinho, do forno, dos ton\u00e9is de cerveja<br \/>\ne pelo fato de, simplesmente, residir na aldeia. Essa obriga\u00e7\u00e3o era extensiva aos<br \/>\ncamponeses.<br \/>\n[\u2026] da Antiguidade at\u00e9 o fim da Idade M\u00e9dia, as concep\u00e7\u00f5es do que<br \/>\ndenominamos trabalho apresentam varia\u00e7\u00f5es, mas poucas altera\u00e7\u00f5es. Sempre<br \/>\nmuito desvalorizado, o trabalho n\u00e3o era o elemento central, o n\u00facleo que<br \/>\norientava as rela\u00e7\u00f5es sociais. Estas se definiam pela hereditariedade, pela<br \/>\nreligi\u00e3o, pela honra, pela lealdade e pela posi\u00e7\u00e3o em rela\u00e7\u00e3o \u00e0s quest\u00f5es<br \/>\np\u00fablicas. Eram esses os elementos que permitiam que alguns vivessem do<br \/>\ntrabalho dos outros.<br \/>\nCom o fim do per\u00edodo medieval e a emerg\u00eancia do mercantilismo e do<br \/>\ncapitalismo, o trabalho \u201cmudou de figura\u201d. Se antes ele era visto como uma<br \/>\natividade penosa e torturante, passou aos poucos a ser considerado algo<br \/>\npositivo. Isso aconteceu porque, n\u00e3o sendo mais poss\u00edvel contar com o servi\u00e7o<br \/>\ncompuls\u00f3rio, foi preciso convencer as pessoas de que trabalhar para os outros<br \/>\nera bom; dizia-se que s\u00f3 assim todos sairiam beneficiados. Para mudar a<br \/>\nconcep\u00e7\u00e3o de trabalho \u2014 de atividade vil para atividade que dignifica o homem<br \/>\n\u2014, algumas institui\u00e7\u00f5es [\u2026] deram sua colabora\u00e7\u00e3o.<br \/>\n(TOMAZI, Nelson Dacio. Sociologia para o Ensino M\u00e9dio. 2.ed. S\u00e3o Paulo:<br \/>\nSaraiva, 2010. p. 39-41.)<\/p>\n<p><strong>2o PASSO<\/strong> \u2013 Leia os verbetes escravid\u00e3o, servid\u00e3o e trabalho, presentes no Dicion\u00e1rio de Conceitos<br \/>\nHist\u00f3ricos (2009), respectivamente nas p\u00e1ginas 110-114, 379-381 e 400-404. Nesses verbetes, \u00e9<br \/>\nposs\u00edvel ter uma no\u00e7\u00e3o geral das formas de trabalho predominantes nos diversos per\u00edodos da hist\u00f3ria<br \/>\nocidental.<br \/>\nSILVA, Kalina; SILVA, Maciel. Dicion\u00e1rio de Conceitos Hist\u00f3ricos. S\u00e3o Paulo: Ed. Contexto,<\/p>\n<p>2009. Dispon\u00edvel em: https:\/\/efabiopablo.files.wordpress.com\/2013\/04\/dicionc3a1rio-de-<br \/>\nconceitos-histc3b3ricos.pdf Acesso em: 16 dez. 2021.<\/p>\n<p><strong>3o PASSO<\/strong> \u2013 Leia o artigo Escravid\u00e3o antiga e moderna (1998), que aborda as nuances do conceito de<br \/>\nescravid\u00e3o, pelo enfoque historiogr\u00e1fico, tendo em vista as caracter\u00edsticas da escravid\u00e3o na<br \/>\nAntiguidade Cl\u00e1ssica e a escravid\u00e3o nas Am\u00e9ricas no per\u00edodo moderno.<br \/>\nCARDOSO. Ciro Flamarion; REDE, Marcelo; ARA\u00daJO, Regina Rebel de Ara\u00fajo. Escravid\u00e3o antiga<br \/>\ne moderna. In: Tempo, v. 3, n. 6, dez. 1998. Dispon\u00edvel em:<br \/>\nhttp:\/\/www.historia.uff.br\/tempo\/artigos_dossie\/artg6-1.pdf Acesso em 16 dez. 2021.<\/p>\n<p>4o PASSO \u2013 Ap\u00f3s realizar as leituras, voc\u00ea dever\u00e1 escrever um texto (de no m\u00ednimo duas e no m\u00e1ximo<br \/>\nquatro laudas) sobre: \u201cAs v\u00e1rias formas de trabalho: escrava, servil e assalariada\u201d. Aborde as<br \/>\ntransforma\u00e7\u00f5es na pr\u00f3pria concep\u00e7\u00e3o de trabalho ao longo dos per\u00edodos hist\u00f3ricos. Enfoque as<br \/>\ndiferen\u00e7as no conceito de escravid\u00e3o quando nos referimos \u00e0 Antiguidade e Idade Moderna.<\/p>\n<p>5o PASSO \u2013 Na sequ\u00eancia, voc\u00ea dever\u00e1 elaborar um plano de aula que possa ser utilizado para o<br \/>\nestudo do conte\u00fado\/tema \u201cAs v\u00e1rias formas de trabalho: escrava, servil e assalariada\u201d, com alunos<br \/>\nde uma s\u00e9rie final do ensino fundamental ou do ensino m\u00e9dio. Voc\u00ea ir\u00e1 apenas elaborar o plano de<br \/>\naula, pois n\u00e3o precisa desenvolv\u00ea-lo com os alunos. Esse plano deve conter as etapas descritas no<br \/>\nquadro que se segue:<\/p>\n<p>PLANO DE AULA<\/p>\n<p>1. P\u00fablico-alvo: Especifique a s\u00e9rie\/ano do ensino fundamental ou do ensino m\u00e9dio para a qual o<br \/>\nplano de aula \u00e9 destinado.<br \/>\n2. Conte\u00fado(s): \u201cAs v\u00e1rias formas de trabalho: escrava, servil e assalariada\u201d. Aqui voc\u00ea tamb\u00e9m<br \/>\npode indicar outros conte\u00fados espec\u00edficos que podem ser estudados e est\u00e3o relacionados \u00e0s v\u00e1rias<br \/>\nformas de trabalho.<br \/>\n3. Objetivo geral: Indique um objetivo geral que pretende alcan\u00e7ar ao trabalhar o conte\u00fado.<br \/>\n4. Objetivos espec\u00edficos: Indique tr\u00eas objetivos espec\u00edficos que pretende alcan\u00e7ar ao trabalhar o<br \/>\nconte\u00fado.<br \/>\n5. No de aulas: Indique a quantidade de aulas necess\u00e1rias para desenvolver o plano de aula.<br \/>\n6. Metodologia: Descreva, em t\u00f3picos, as a\u00e7\u00f5es a serem executadas para o alcance dos objetivos<br \/>\npropostos. Por meio de t\u00f3picos dever\u00e1 descrever como ir\u00e1 iniciar, desenvolver e concluir o estudo<br \/>\ndo(s) conte\u00fado(s) previsto(s).<br \/>\n7. Recursos: Apresente os recursos materiais e did\u00e1ticos necess\u00e1rios (datashow, cartolina, tesoura,<br \/>\nrevistas, textos, v\u00eddeos, imagens, entre outros). Se optar por utilizar v\u00eddeos ou imagens dever\u00e1<br \/>\nindic\u00e1-los em \u201crefer\u00eancias\u201d e inserir o link para acesso.<br \/>\n8. Avalia\u00e7\u00e3o: Descrever como a avalia\u00e7\u00e3o ser\u00e1 realizada e em qual momento. Ex.: Os alunos<br \/>\npoder\u00e3o ser avaliados durante as aulas ou poder\u00e1 destinar uma aula para avali\u00e1-los.<br \/>\nS\u00e3o exemplos de atividades avaliativas: debates; an\u00e1lise de textos, imagens, letras de m\u00fasicas;<br \/>\nelabora\u00e7\u00e3o de mapa conceitual; elabora\u00e7\u00e3o de texto com narrativa hist\u00f3rica; confec\u00e7\u00e3o e<br \/>\napresenta\u00e7\u00e3o de cartazes, etc.<br \/>\n9. Refer\u00eancias: Inserir as refer\u00eancias consultadas para a prepara\u00e7\u00e3o da aula e\/ou atividades.<\/p>\n<p>ATEN\u00c7\u00c3O:<br \/>\n\uf0b7 Voc\u00ea pode, e deve, consultar outras fontes (textos, livros, artigos e afins) sobre o tema, na<br \/>\nBiblioteca Virtual, na Minha Biblioteca e nos materiais das disciplinas.<br \/>\n\uf0b7 Sua produ\u00e7\u00e3o textual deve ser composta por: Introdu\u00e7\u00e3o, desenvolvimento (texto + plano de<br \/>\naula), <a href=\"http:\/\/portifolioos-prontos.com\">conclus\u00e3o<\/a>.<\/p>\n<div class=\"elementor-toggle-item\">\n<h4 id=\"elementor-tab-title-1941\" class=\"elementor-tab-title elementor-active\" tabindex=\"0\" role=\"tab\" data-tab=\"1\" aria-controls=\"elementor-tab-content-1941\" aria-expanded=\"true\" aria-selected=\"true\">Como funciona?<\/h4>\n<div id=\"elementor-tab-content-1941\" class=\"elementor-tab-content elementor-clearfix elementor-active\" role=\"tabpanel\" data-tab=\"1\" aria-labelledby=\"elementor-tab-title-1941\">\n<p>Elaboramos os portf\u00f3lios, j\u00e1 deixamos prontos, nas normas da ABNT e conforme os requisitos da universidade. F\u00e1cil assim! O MELHOR \u00c9 QUE VOC\u00ca COMPRA E J\u00c1 BAIXA NA HORA O SEU ARQUIVO EM WORD! Sabemos que conciliar trabalho, fam\u00edlia, vida profissional e estudos \u00e9 dif\u00edcil hoje em dia, por isso, estamos aqui para ajudar voc\u00ea. Conte com nossa qualidade, experi\u00eancia e profissionalismo adquirindo seu portf\u00f3lio conosco. GARANTIMOS SEU CONCEITO!<\/p>\n<h4>Como se realizam os envios?<\/h4>\n<\/div>\n<\/div>\n<div class=\"elementor-toggle-item\">\n<div id=\"elementor-tab-content-1942\" class=\"elementor-tab-content elementor-clearfix elementor-active\" role=\"tabpanel\" data-tab=\"2\" aria-labelledby=\"elementor-tab-title-1942\">O seu trabalho \u00e9 disponibilizado pronto, respondido e nas normas j\u00e1 na mesma hora aqui em nosso site na sua \u00e1rea de downloads e tamb\u00e9m no seu e-mail.<\/div>\n<\/div>\n<div class=\"elementor-toggle-item\">\n<div id=\"elementor-tab-content-1943\" class=\"elementor-tab-content elementor-clearfix elementor-active\" role=\"tabpanel\" data-tab=\"3\" aria-labelledby=\"elementor-tab-title-1943\">\n<h4>Em quanto tempo recebo o portf\u00f3lio?<\/h4>\n<\/div>\n<\/div>\n<div class=\"elementor-toggle-item\">\n<div id=\"elementor-tab-content-1944\" class=\"elementor-tab-content elementor-clearfix elementor-active\" role=\"tabpanel\" data-tab=\"4\" aria-labelledby=\"elementor-tab-title-1944\">\n<p>Os envios s\u00e3o imediatos. Ap\u00f3s sua compra, o trabalho j\u00e1 \u00e9 disponibilizado instantaneamente aqui em nosso site e no seu e-mail.<\/p>\n<h4>E se o portf\u00f3lio que comprei precisar de corre\u00e7\u00e3o?<\/h4>\n<\/div>\n<\/div>\n<div class=\"elementor-toggle-item\">\n<div id=\"elementor-tab-content-1945\" class=\"elementor-tab-content elementor-clearfix elementor-active\" role=\"tabpanel\" data-tab=\"5\" aria-labelledby=\"elementor-tab-title-1945\">\n<p>Caso haja alguma solicita\u00e7\u00e3o de corre\u00e7\u00e3o\/altera\u00e7\u00e3o por parte do tutor, basta entrar em contato conosco pelo\u00a0WhatsApp\u00a0que provid\u00eanciaremos sem custo algum.<\/p>\n<h4>Qual o formato do arquivo?<\/h4>\n<\/div>\n<\/div>\n<div class=\"elementor-toggle-item\">\n<div id=\"elementor-tab-content-1946\" class=\"elementor-tab-content elementor-clearfix elementor-active\" role=\"tabpanel\" data-tab=\"6\" aria-labelledby=\"elementor-tab-title-1946\">\n<p>Os arquivos s\u00e3o enviados em formato Word e s\u00e3o edit\u00e1veis.<\/p>\n<h4>Caso eu tiver alguma d\u00favida, terei suporte no p\u00f3s venda?<\/h4>\n<\/div>\n<\/div>\n<div class=\"elementor-toggle-item\">\n<div id=\"elementor-tab-content-1948\" class=\"elementor-tab-content elementor-clearfix elementor-active\" role=\"tabpanel\" data-tab=\"8\" aria-labelledby=\"elementor-tab-title-1948\">\n<p>Sim, com certeza. Basta clicar no \u00edcone do WhatsApp no cantinho da tela. Ser\u00e1 um prazer atend\u00ea-lo(a).<\/p>\n<div class=\"elementor-toggle-item\">\n<div id=\"elementor-tab-content-1948\" class=\"elementor-tab-content elementor-clearfix elementor-active\" role=\"tabpanel\" data-tab=\"8\" aria-labelledby=\"elementor-tab-title-1948\">\n<h4>Quais os seus canais de contato?<\/h4>\n<\/div>\n<\/div>\n<div class=\"elementor-toggle-item\">\n<div id=\"elementor-tab-content-1949\" class=\"elementor-tab-content elementor-clearfix elementor-active\" role=\"tabpanel\" data-tab=\"9\" aria-labelledby=\"elementor-tab-title-1949\">\n<p>Whatsapp: 53 984751621 \u2013 Clicar no canto da tela ou ESCANEIE O QRCODE ABAIXO<\/p>\n<p><img decoding=\"async\" class=\"alignnone wp-image-7603\" src=\"http:\/\/portifolioos-prontos.com\/wp-content\/uploads\/2022\/09\/portfolio-unopar-pronto-colaborar-ava-producao-textual-interdisciplinar.png\" alt=\"Portf\u00f3lio As v\u00e1rias formas de trabalho: escrava,servil e assalariada,portfolio pronto As v\u00e1rias formas de trabalho: escrava,As v\u00e1rias formas de trabalho: escrava servil e assalariada,portf\u00f3lio pronto As v\u00e1rias formas de trabalho: escrava servil e assalariada,portfolio As v\u00e1rias formas de trabalho: escrava servil e assalariada,pti As v\u00e1rias formas de trabalho: escrava servil e assalariada,ptg As v\u00e1rias formas de trabalho: escrava servil e assalariada,portfolio pronto As v\u00e1rias formas de trabalho: escrava servil e assalariada,historia As v\u00e1rias formas de trabalho: escrava servil e assalariada,portfolio hist\u00f3ria,portf\u00f3lio hist\u00f3ria,portf\u00f3lio As v\u00e1rias formas de trabalho: escrava servil e assalariada,hist\u00f3ria,portf\u00f3lio pronto hist\u00f3ria,hist\u00f3ria unopar,portfolio ead As v\u00e1rias formas de trabalho: escrava servil e assalariada,portf\u00f3lio ead As v\u00e1rias formas de trabalho: escrava servil e assalariada,portf\u00f3lio ead pronto As v\u00e1rias formas de trabalho: escrava servil e assalariada,apostileiros As v\u00e1rias formas de trabalho: escrava servil e assalariada,Portfolio pronto,portifolio pronto,portf\u00f3lio pronto,portifolios prontos,portif\u00f3lios prontos,portf\u00f3lio pronto unopar,portifolio pronto unopar,portif\u00f3lio pronto unopar,portifolios prontos unopar,portifolios prontos anhanguera,portf\u00f3lios prontos anhanguera,portf\u00f3lio pronto anhanguera,portfolios ead,portf\u00f3lios ead,portfolioead,apostileiros,portf\u00f3lio ead,portifolios ead,portif\u00f3lios ead,eadhelp,shop do acad\u00eamico,unopar portfolio,portfolio pronto ead,portfolio unopar ead,ead portfolio ava,portf\u00f3lio ead anhanguera,portf\u00f3lio ead pront,o portf\u00f3lio ead unopar,portf\u00f3lio pronto em word,pti unopar,ptg unopar,modelo de portf\u00f3lio unopar,modelo de portf\u00f3lio anhanguera,como fazer um portf\u00f3lio para faculdade,como faz portf\u00f3lio universidade,como faz portf\u00f3lios para universidade,portf\u00f3lios prontos para universidade,portf\u00f3lios pronto para faculdade,portf\u00f3lio pronto para editar,portifolios prontos para editar,portf\u00f3lio em word,portfolio em word,portf\u00f3lio em word para editar,portifolio em word para editar,portfolio unopar pronto para editar,modelo de portfolio para unopar,modelo de portif\u00f3lio para unopar,modelo de portf\u00f3lio para unopar,unopar portf\u00f3lio pronto,anhanguera portf\u00f3lio pronto,portf\u00f3lio em word pronto,comprar portf\u00f3lio pronto,como fazer um portf\u00f3lio,como fazer portf\u00f3lio digital,portfolio,portf\u00f3lio,portifolio,portif\u00f3lio,portf\u00f3lio interdisciplinar individual,portfolio interdisciplinar individual,exemplos de portf\u00f3lio para faculdade,baixar portf\u00f3lio pronto,portf\u00f3lio acad\u00eamico,portf\u00f3lio online,portfoliooead,portfolio ead,portf\u00f3lio pronto interdisciplinar individual,relat\u00f3rio de est\u00e1gio unopar,relat\u00f3rio de est\u00e1gio pronto unopar,como criar um portf\u00f3lio,o que \u00e9 um portf\u00f3lio e como fazer,portfolio exemplo,modelo de portfolio acad\u00eamico,relat\u00f3rio de est\u00e1gio gest\u00e3o escolar pronto unopar,portf\u00f3lio como fazer,prova profici\u00eancia unopar,portfolio individual est\u00e1gio curricular obrigat\u00f3rio ii anos iniciais do ensino fundamental,prova de profici\u00eancia pedagogia unopar,capa de trabalho unopar para editar,portf\u00f3lio acad\u00eamico unopar,como fazer um portf\u00f3lio acad\u00eamico,portf\u00f3lio exemplos word,portfolio acad\u00eamico,portfolio individual,portfolio individual unopar,portfolio individual anhanguera,portfolio marketing digital,portf\u00f3lio educa\u00e7\u00e3o f\u00edsica unopar,portf\u00f3lio gest\u00e3o educacional e espa\u00e7os n\u00e3o escolares,como fazer um portifolio unopar,modelo de portf\u00f3lio unopar em arquivo word,capa de portf\u00f3lio de pedagogia,como fazer um portf\u00f3lio no word,projeto integrado unopar,exemplo de portf\u00f3lio academico pedagogia\" width=\"141\" height=\"141\" srcset=\"https:\/\/portifolioos-prontos.com\/wp-content\/uploads\/2022\/09\/portfolio-unopar-pronto-colaborar-ava-producao-textual-interdisciplinar.png 150w, https:\/\/portifolioos-prontos.com\/wp-content\/uploads\/2022\/09\/portfolio-unopar-pronto-colaborar-ava-producao-textual-interdisciplinar-100x100.png 100w\" sizes=\"(max-width: 141px) 100vw, 141px\" \/><\/p>\n<\/div>\n<\/div>\n<\/div>\n<\/div>\n<div class=\"elementor-toggle-item\">\n<div id=\"elementor-tab-content-1949\" class=\"elementor-tab-content elementor-clearfix elementor-active\" role=\"tabpanel\" data-tab=\"9\" aria-labelledby=\"elementor-tab-title-1949\">\n<p>E-mail:portifoliosp@gmail.com<\/p>\n<div id=\"attachment_143\" class=\"wp-caption alignnone\">\n<div id=\"attachment_143\" class=\"wp-caption alignnone\" style=\"width: 161px;\">\n<p><a href=\"http:\/\/portifolioos-prontos.com\/\"><img decoding=\"async\" class=\"wp-image-143\" title=\"portfolio pronto unopar\" src=\"http:\/\/portifolioos-prontos.com\/wp-content\/uploads\/2022\/04\/conceitomaximo.png\" alt=\"PORTFOLIO PRONTO UNOPAR ANHANGUERA\" width=\"161\" height=\"46\" aria-describedby=\"caption-attachment-143\" \/><\/a><\/p>\n<p id=\"caption-attachment-143\" class=\"wp-caption-text\">Portf\u00f3lio em Word, respondido, completo e j\u00e1 nas normas.<\/p>\n<\/div>\n<\/div>\n<\/div>\n<\/div>\n","protected":false},"excerpt":{"rendered":"<p>Portf\u00f3lio As v\u00e1rias formas de trabalho: escrava, servil e assalariada Curso: Segunda Licenciatura em Hist\u00f3ria Semestre: 2\u00b0 A presente proposta de Produ\u00e7\u00e3o Textual Interdisciplinar Individual (PTI) possui como tem\u00e1tica: \u201cAs v\u00e1rias formas de trabalho: escrava, servil e assalariada\u201d. Escolhemos esta tem\u00e1tica por possibilitar a aprendizagem interdisciplinar dos conte\u00fados desenvolvidos nas disciplinas desse semestre. ORIENTA\u00c7\u00d5ES DA&hellip;<\/p>\n","protected":false},"featured_media":5699,"template":"","meta":{"_seopress_robots_primary_cat":"none","_seopress_titles_title":"%%post_title%% %%sitetitle%%","_seopress_titles_desc":"%%post_content%%","_seopress_robots_index":""},"product_cat":[45,47,15],"product_tag":[],"class_list":{"0":"post-5611","1":"product","2":"type-product","3":"status-publish","4":"has-post-thumbnail","6":"product_cat-historia","7":"product_cat-licenciaturas","8":"product_cat-uncategorized","10":"first","11":"instock","12":"downloadable","13":"virtual","14":"purchasable","15":"product-type-simple","16":"col-xs-6 col-sm-4","17":"col-mf-5","18":"un-5-cols"},"jetpack_sharing_enabled":true,"_links":{"self":[{"href":"https:\/\/portifolioos-prontos.com\/index.php\/wp-json\/wp\/v2\/product\/5611","targetHints":{"allow":["GET"]}}],"collection":[{"href":"https:\/\/portifolioos-prontos.com\/index.php\/wp-json\/wp\/v2\/product"}],"about":[{"href":"https:\/\/portifolioos-prontos.com\/index.php\/wp-json\/wp\/v2\/types\/product"}],"version-history":[{"count":0,"href":"https:\/\/portifolioos-prontos.com\/index.php\/wp-json\/wp\/v2\/product\/5611\/revisions"}],"wp:featuredmedia":[{"embeddable":true,"href":"https:\/\/portifolioos-prontos.com\/index.php\/wp-json\/wp\/v2\/media\/5699"}],"wp:attachment":[{"href":"https:\/\/portifolioos-prontos.com\/index.php\/wp-json\/wp\/v2\/media?parent=5611"}],"wp:term":[{"taxonomy":"product_cat","embeddable":true,"href":"https:\/\/portifolioos-prontos.com\/index.php\/wp-json\/wp\/v2\/product_cat?post=5611"},{"taxonomy":"product_tag","embeddable":true,"href":"https:\/\/portifolioos-prontos.com\/index.php\/wp-json\/wp\/v2\/product_tag?post=5611"}],"curies":[{"name":"wp","href":"https:\/\/api.w.org\/{rel}","templated":true}]}}