{"id":5614,"date":"2022-07-28T10:36:04","date_gmt":"2022-07-28T13:36:04","guid":{"rendered":"https:\/\/portifolioos-prontos.com\/?post_type=product&#038;p=5614"},"modified":"2022-09-14T15:48:16","modified_gmt":"2022-09-14T18:48:16","slug":"portfolio-o-estudo-dos-elevadores-pneumaticos","status":"publish","type":"product","link":"https:\/\/portifolioos-prontos.com\/index.php\/product\/portfolio-o-estudo-dos-elevadores-pneumaticos\/","title":{"rendered":"Portf\u00f3lio O estudo dos elevadores Pneum\u00e1ticos"},"content":{"rendered":"<h4>Portf\u00f3lio O estudo dos elevadores Pneum\u00e1ticos<\/h4>\n<h4>Curso: Engenharias-N\u00facleo Comum<\/h4>\n<h4>Semestre: 3\u00b0Flex_4\u00b0Regular<\/h4>\n<hr \/>\n<p>A proposta de Produ\u00e7\u00e3o Textual ter\u00e1 como tem\u00e1tica: <a href=\"http:\/\/portifolioos-prontos.com\"><strong>O estudo dos elevadores Pneum\u00e1ticos<\/strong><\/a>.<br \/>\nEscolhemos esta tem\u00e1tica para possibilitar a aprendizagem interdisciplinar dos conte\u00fados<br \/>\ndesenvolvidos nas disciplinas desse semestre.<br \/>\nInicialmente, \u00e9 importante que voc\u00eas realizem a leitura atenta da situa\u00e7\u00e3o descrita para, na<br \/>\nsequ\u00eancia, seguir as orienta\u00e7\u00f5es apresentadas em cada uma das etapas subsequentes de modo a<br \/>\norganizar suas ideias para a conclus\u00e3o deste trabalho.<\/p>\n<p>Situa\u00e7\u00e3o Geradora de Aprendizagem (SGA<a href=\"http:\/\/portfoliopronto.com\/\">)<\/a><\/p>\n<p>A ENG Elevadores \u00e9 uma empresa que oferece solu\u00e7\u00f5es inteligentes para transporte vertical,<br \/>\natuando na fabrica\u00e7\u00e3o de elevadores, com tecnologia de ponta e profissionais altamente<br \/>\nqualificados. \u00c9 especializada na produ\u00e7\u00e3o e manuten\u00e7\u00e3o de elevadores pneum\u00e1ticos residenciais.<br \/>\nEsses elevadores dependem das mudan\u00e7as de press\u00e3o do ar para transportar passageiros para cima<br \/>\ne para baixo em v\u00e1rios n\u00edveis dentro de um edif\u00edcio, sendo indicados para pr\u00e9dios com at\u00e9 4 andares.<br \/>\nA empresa est\u00e1 desenvolvendo um projeto para a constru\u00e7\u00e3o de um novo modelo de<br \/>\nelevador. Suponha que voc\u00eas fazem parte do grupo de engenheiros dessa empresa que est\u00e3o<\/p>\n<p>envolvidos nesse projeto e devem realizar estudos relacionados ao funcionamento desse elevador,<br \/>\nbem como encaminhar um relat\u00f3rio, contendo seus resultados, ao gerente do projeto. Para tanto,<br \/>\nvoc\u00eas dever\u00e3o realizar as tarefas descritas no que segue. Ent\u00e3o, m\u00e3os \u00e0 obra!!!!!!<\/p>\n<p><strong>SITUA\u00c7\u00c3O-PROBLEMA (SP)<\/strong><\/p>\n<p>Diante do contexto apresentado, voc\u00eas ir\u00e3o realizar as tarefas que seguem a fim de elaborar um<br \/>\nrelat\u00f3rio final sobre os estudos realizados.<br \/>\nTarefa 1: Estudando o momento de in\u00e9rcia<br \/>\nComo primeira etapa do desenvolvimento do projeto voc\u00ea dever\u00e1 calcular o momento de in\u00e9rcia da<br \/>\ncabine do elevador. O conceito de in\u00e9rcia considera o movimento de rota\u00e7\u00e3o, e se refere a um objeto<br \/>\nque roda em torno de um eixo tende a permanecer rodando em torno desse mesmo eixo, a menos<br \/>\nque sofra algum tipo de interfer\u00eancia externa. Em um primeiro momento sua equipe fez um esbo\u00e7o<br \/>\nde uma cabine com o formato cil\u00edndrico, cuja altura \u00e9 de 3 metros e a base \u00e9 delimitada pela curva<br \/>\nx<br \/>\n2 + y<br \/>\n2 = 4. Considerando essas informa\u00e7\u00f5es e que a densidade do material da cabine do elevador<br \/>\n\u00e9 C calcule o momento de in\u00e9rcia do elevador em rela\u00e7\u00e3o ao eixo z. Ap\u00f3s o c\u00e1lculo, discuta sobre<br \/>\nas seguintes quest\u00f5es:<br \/>\n(a) Por que no estudo de corpos r\u00edgidos devemos levar em considera\u00e7\u00e3o o momento de in\u00e9rcia?<br \/>\n(b) Voc\u00ea calculou o momento do elevador vazio. A presen\u00e7a de pessoas dentro elevador ir\u00e1 alterar<br \/>\nseu momento de in\u00e9rcia? E a massa do elevador?<br \/>\nTarefa 2: Press\u00e3o transmitida para eleva\u00e7\u00e3o de carga<br \/>\nNessa etapa do desenvolvimento do projeto, sua equipe ficou respons\u00e1vel por descrever<br \/>\nconceitualmente como seria o mecanismo pneum\u00e1tico do elevador, para poder projet\u00e1-lo conforme<br \/>\nas especifica\u00e7\u00f5es finais do projeto. Dessa forma, para que todos estivessem \u00e0 parte dos conceitos<br \/>\nque seriam empregados, uma situa\u00e7\u00e3o simples foi colocada em discuss\u00e3o para an\u00e1lise: um elevador<br \/>\nhidr\u00e1ulico\/pneum\u00e1tico para levantar um objeto com uma determinada massa, levando em<br \/>\nconsidera\u00e7\u00e3o a for\u00e7a aplicada no pist\u00e3o, conforme a figura 1.<\/p>\n<p>Figura 1: desenho esquem\u00e1tico do elevador<\/p>\n<p>&nbsp;<\/p>\n<p>O elevador est\u00e1 projetado para levantar um objeto com uma massa de 1.000 kg. Dessa forma:<br \/>\na) Apresente e conceitue a lei que atua em sistemas como o descrito na figura 1.<br \/>\nb) Considerando que a \u00e1rea do pist\u00e3o de entrada da for\u00e7a (pist\u00e3o menor) seja A1 = 10 cm2 e a<br \/>\n\u00e1rea do pist\u00e3o de sa\u00edda, onde o objeto ser\u00e1 levantado, de A2 = 100 cm2, apresente a for\u00e7a aplicada no pist\u00e3o (F1).<\/p>\n<p>Tarefa 3: An\u00e1lise de Tens\u00e3o<br \/>\nNa an\u00e1lise e discuss\u00e3o do desenvolvimento do novo projeto descrito na SGA, uma das etapas mais<br \/>\nimportantes \u00e9 compreender qual o carregamento m\u00e1ximo atuante na estrutura, na condi\u00e7\u00e3o de<br \/>\nlota\u00e7\u00e3o (elevador + passageiros), para validar o material adequado para o cabo de i\u00e7amento do<br \/>\nelevador, buscando melhor custo-benef\u00edcio, atendendo as condi\u00e7\u00f5es de seguran\u00e7a atrav\u00e9s das<br \/>\ndescri\u00e7\u00f5es do projeto pela an\u00e1lise das propriedades mec\u00e2nicas do material.<br \/>\nPara an\u00e1lise da tens\u00e3o no cabo de i\u00e7amento do elevador, o projeto em desenvolvimento considera<br \/>\nque em capacidade m\u00e1xima, com 4 pessoas, a massa total (elevador + 4 passageiros) \u00e9 de 1000 kg.<br \/>\nSendo assim:<br \/>\na) Analise as for\u00e7as que atuam no conjunto da estrutura que comp\u00f5e o elevador e descreva<br \/>\nquais as for\u00e7as atuantes, bem como a defini\u00e7\u00e3o de cada uma delas e a regi\u00e3o de atua\u00e7\u00e3o.<br \/>\nb) Utilizando um coeficiente de seguran\u00e7a de 12, calcule a tens\u00e3o admiss\u00edvel no cabo de a\u00e7o de<br \/>\ni\u00e7amento para um di\u00e2metro nominal do cabo de 8mm.<br \/>\nc) Se for utilizado, nesse projeto, cabo de a\u00e7o alma de a\u00e7o (8 x 19), cujo m\u00f3dulo de elasticidade<br \/>\n\u00e9 dado por 6,5 GPa, apresente o alongamento do cabo, quando estiver em solicita\u00e7\u00e3o,<br \/>\nconsiderando seu comprimento inicial de 25m.<\/p>\n<p>Fique atento!!!!!<br \/>\nPara saber mais sobre os a\u00e7os de cabos de i\u00e7amento, acesse o manual t\u00e9cnico de cabos. Dispon\u00edvel<br \/>\nem https:\/\/api.aecweb.com.br\/cls\/catalogos\/aricabos\/CatalogoCIMAF2014Completo.pdf. Acessado<br \/>\nem 23\/06\/2022.<br \/>\nTarefa 4: An\u00e1lise de circuito<br \/>\nO projeto considera que ser\u00e1 necess\u00e1rio pontos de luminosidade no interior do elevador, bem como<br \/>\numa central de comando para sua opera\u00e7\u00e3o. Para isso, torna-se necess\u00e1rio projetar 2 circuitos<br \/>\nel\u00e9tricos: um para a luminosidade e outra para central de comando.<br \/>\nComo circuitos el\u00e9tricos comerciais podem ser bastante complexos, nessa etapa do projeto, sua<br \/>\nequipe ficou respons\u00e1vel por analisar algumas informa\u00e7\u00f5es de circuitos. Para isso, foi fornecido um<br \/>\ncircuito gen\u00e9rico, como o mostrado na figura 2, para o desenvolvimento da atividade.<\/p>\n<p><img fetchpriority=\"high\" decoding=\"async\" class=\"lzl-ed alignnone wp-image-54765 size-full\" title=\"portfolios prontos portf\u00f3lios prontos ead\" src=\"https:\/\/portfoliooead.com.br\/wp-content\/uploads\/2022\/07\/Sem-titulo-26.png\" alt=\"portfolios prontos portf\u00f3lios prontos ead\" width=\"419\" height=\"255\" data-lzl-src=\"https:\/\/portfoliooead.com.br\/wp-content\/uploads\/2022\/07\/Sem-titulo-26.png\" \/><\/p>\n<p>Com isso:<br \/>\na) Descreva <a href=\"http:\/\/portifolioos-prontos.com\">o<\/a>s tr\u00eas elementos essenciais contidos em um circuito: n\u00f3s, ramos e malhas.<br \/>\nb) O que \u00e9 uma associa\u00e7\u00e3o em s\u00e9rie? Explique e exemplifique.<br \/>\nc) O que \u00e9 uma associa\u00e7\u00e3o em paralelo? Explique e exemplifique<a href=\"http:\/\/portifolioos-prontos.com\">.<\/a><\/p>\n<div class=\"elementor-toggle-item\">\n<h4 id=\"elementor-tab-title-1941\" class=\"elementor-tab-title elementor-active\" tabindex=\"0\" role=\"tab\" data-tab=\"1\" aria-controls=\"elementor-tab-content-1941\" aria-expanded=\"true\" aria-selected=\"true\">Como funciona?<\/h4>\n<div id=\"elementor-tab-content-1941\" class=\"elementor-tab-content elementor-clearfix elementor-active\" role=\"tabpanel\" data-tab=\"1\" aria-labelledby=\"elementor-tab-title-1941\">\n<p>Elaboramos os portf\u00f3lios, j\u00e1 deixamos prontos, nas normas da ABNT e conforme os requisitos da universidade. F\u00e1cil assim! O MELHOR \u00c9 QUE VOC\u00ca COMPRA E J\u00c1 BAIXA NA HORA O SEU ARQUIVO EM WORD! Sabemos que conciliar trabalho, fam\u00edlia, vida profissional e estudos \u00e9 dif\u00edcil hoje em dia, por isso, estamos aqui para ajudar voc\u00ea. Conte com nossa qualidade, experi\u00eancia e profissionalismo adquirindo seu portf\u00f3lio conosco. GARANTIMOS SEU CONCEITO!<\/p>\n<h4>Como se realizam os envios?<\/h4>\n<\/div>\n<\/div>\n<div class=\"elementor-toggle-item\">\n<div id=\"elementor-tab-content-1942\" class=\"elementor-tab-content elementor-clearfix elementor-active\" role=\"tabpanel\" data-tab=\"2\" aria-labelledby=\"elementor-tab-title-1942\">O seu trabalho \u00e9 disponibilizado pronto, respondido e nas normas j\u00e1 na mesma hora aqui em nosso site na sua \u00e1rea de downloads e tamb\u00e9m no seu e-mail.<\/div>\n<\/div>\n<div class=\"elementor-toggle-item\">\n<div id=\"elementor-tab-content-1943\" class=\"elementor-tab-content elementor-clearfix elementor-active\" role=\"tabpanel\" data-tab=\"3\" aria-labelledby=\"elementor-tab-title-1943\">\n<h4>Em quanto tempo recebo o portf\u00f3lio?<\/h4>\n<\/div>\n<\/div>\n<div class=\"elementor-toggle-item\">\n<div id=\"elementor-tab-content-1944\" class=\"elementor-tab-content elementor-clearfix elementor-active\" role=\"tabpanel\" data-tab=\"4\" aria-labelledby=\"elementor-tab-title-1944\">\n<p>Os envios s\u00e3o imediatos. Ap\u00f3s sua compra, o trabalho j\u00e1 \u00e9 disponibilizado instantaneamente aqui em nosso site e no seu e-mail.<\/p>\n<h4>E se o portf\u00f3lio que comprei precisar de corre\u00e7\u00e3o?<\/h4>\n<\/div>\n<\/div>\n<div class=\"elementor-toggle-item\">\n<div id=\"elementor-tab-content-1945\" class=\"elementor-tab-content elementor-clearfix elementor-active\" role=\"tabpanel\" data-tab=\"5\" aria-labelledby=\"elementor-tab-title-1945\">\n<p>Caso haja alguma solicita\u00e7\u00e3o de corre\u00e7\u00e3o\/altera\u00e7\u00e3o por parte do tutor, basta entrar em contato conosco pelo\u00a0WhatsApp\u00a0que provid\u00eanciaremos sem custo algum.<\/p>\n<h4>Qual o formato do arquivo?<\/h4>\n<\/div>\n<\/div>\n<div class=\"elementor-toggle-item\">\n<div id=\"elementor-tab-content-1946\" class=\"elementor-tab-content elementor-clearfix elementor-active\" role=\"tabpanel\" data-tab=\"6\" aria-labelledby=\"elementor-tab-title-1946\">\n<p>Os arquivos s\u00e3o enviados em formato Word e s\u00e3o edit\u00e1veis.<\/p>\n<h4>Caso eu tiver alguma d\u00favida, terei suporte no p\u00f3s venda?<\/h4>\n<\/div>\n<\/div>\n<div class=\"elementor-toggle-item\">\n<div id=\"elementor-tab-content-1948\" class=\"elementor-tab-content elementor-clearfix elementor-active\" role=\"tabpanel\" data-tab=\"8\" aria-labelledby=\"elementor-tab-title-1948\">\n<p>Sim, com certeza. Basta clicar no \u00edcone do WhatsApp no cantinho da tela. Ser\u00e1 um prazer atend\u00ea-lo(a).<\/p>\n<div class=\"elementor-toggle-item\">\n<div id=\"elementor-tab-content-1948\" class=\"elementor-tab-content elementor-clearfix elementor-active\" role=\"tabpanel\" data-tab=\"8\" aria-labelledby=\"elementor-tab-title-1948\">\n<h4>Quais os seus canais de contato?<\/h4>\n<\/div>\n<\/div>\n<div class=\"elementor-toggle-item\">\n<div id=\"elementor-tab-content-1949\" class=\"elementor-tab-content elementor-clearfix elementor-active\" role=\"tabpanel\" data-tab=\"9\" aria-labelledby=\"elementor-tab-title-1949\">\n<p>Whatsapp: 53 984751621 \u2013 Clicar no canto da tela ou ESCANEIE O QRCODE ABAIXO<\/p>\n<p><img decoding=\"async\" class=\"alignnone wp-image-7603\" src=\"http:\/\/portifolioos-prontos.com\/wp-content\/uploads\/2022\/09\/portfolio-unopar-pronto-colaborar-ava-producao-textual-interdisciplinar.png\" alt=\"Portf\u00f3lio O estudo dos elevadores Pneum\u00e1ticos,O estudo dos elevadores Pneum\u00e1ticos,ptg O estudo dos elevadores Pneum\u00e1ticos,pti O estudo dos elevadores Pneum\u00e1ticos,portfolio pronto O estudo dos elevadores Pneum\u00e1ticos,portf\u00f3lio pronto O estudo dos elevadores Pneum\u00e1ticos,portfolio ead O estudo dos elevadores Pneum\u00e1ticos,portf\u00f3lio ead O estudo dos elevadores Pneum\u00e1ticos,portf\u00f3lioo ead O estudo dos elevadores Pneum\u00e1ticos,portfolioo ead O estudo dos elevadores Pneum\u00e1ticos,portf\u00f3lio pronto unopar O estudo dos elevadores Pneum\u00e1ticos,portf\u00f3lio pronto anhanguera O estudo dos elevadores Pneum\u00e1ticos,portfolio engenharia unopar,portfolio pronto engenharia,portf\u00f3lio pronto engenharia,portfolio engenharia anhanguera,portf\u00f3lio pronto engenharia anhanguera,Portfolio pronto,portifolio pronto,portf\u00f3lio pronto,portifolios prontos,portif\u00f3lios prontos,portf\u00f3lio pronto unopar,portifolio pronto unopar,portif\u00f3lio pronto unopar,portifolios prontos unopar,portifolios prontos anhanguera,portf\u00f3lios prontos anhanguera,portf\u00f3lio pronto anhanguera,portfolios ead,portf\u00f3lios ead,portfolioead,apostileiros,portf\u00f3lio ead,portifolios ead,portif\u00f3lios ead,eadhelp,shop do acad\u00eamico,unopar portfolio,portfolio pronto ead,portfolio unopar ead,ead portfolio ava,portf\u00f3lio ead anhanguera,portf\u00f3lio ead pront,o portf\u00f3lio ead unopar,portf\u00f3lio pronto em word,pti unopar,ptg unopar,modelo de portf\u00f3lio unopar,modelo de portf\u00f3lio anhanguera,como fazer um portf\u00f3lio para faculdade,como faz portf\u00f3lio universidade,como faz portf\u00f3lios para universidade,portf\u00f3lios prontos para universidade,portf\u00f3lios pronto para faculdade,portf\u00f3lio pronto para editar,portifolios prontos para editar,portf\u00f3lio em word,portfolio em word,portf\u00f3lio em word para editar,portifolio em word para editar,portfolio unopar pronto para editar,modelo de portfolio para unopar,modelo de portif\u00f3lio para unopar,modelo de portf\u00f3lio para unopar,unopar portf\u00f3lio pronto,anhanguera portf\u00f3lio pronto,portf\u00f3lio em word pronto,comprar portf\u00f3lio pronto,como fazer um portf\u00f3lio,como fazer portf\u00f3lio digital,portfolio,portf\u00f3lio,portifolio,portif\u00f3lio,portf\u00f3lio interdisciplinar individual,portfolio interdisciplinar individual,exemplos de portf\u00f3lio para faculdade,baixar portf\u00f3lio pronto,portf\u00f3lio acad\u00eamico,portf\u00f3lio online,portfoliooead,portfolio ead,portf\u00f3lio pronto interdisciplinar individual,relat\u00f3rio de est\u00e1gio unopar,relat\u00f3rio de est\u00e1gio pronto unopar,como criar um portf\u00f3lio,o que \u00e9 um portf\u00f3lio e como fazer,portfolio exemplo,modelo de portfolio acad\u00eamico,relat\u00f3rio de est\u00e1gio gest\u00e3o escolar pronto unopar,portf\u00f3lio como fazer,prova profici\u00eancia unopar,portfolio individual est\u00e1gio curricular obrigat\u00f3rio ii anos iniciais do ensino fundamental,prova de profici\u00eancia pedagogia unopar,capa de trabalho unopar para editar,portf\u00f3lio acad\u00eamico unopar,como fazer um portf\u00f3lio acad\u00eamico,portf\u00f3lio exemplos word,portfolio acad\u00eamico,portfolio individual,portfolio individual unopar,portfolio individual anhanguera,portfolio marketing digital,portf\u00f3lio educa\u00e7\u00e3o f\u00edsica unopar,portf\u00f3lio gest\u00e3o educacional e espa\u00e7os n\u00e3o escolares,como fazer um portifolio unopar,modelo de portf\u00f3lio unopar em arquivo word,capa de portf\u00f3lio de pedagogia,como fazer um portf\u00f3lio no word,projeto integrado unopar,exemplo de portf\u00f3lio academico pedagogia\" width=\"141\" height=\"141\" srcset=\"https:\/\/portifolioos-prontos.com\/wp-content\/uploads\/2022\/09\/portfolio-unopar-pronto-colaborar-ava-producao-textual-interdisciplinar.png 150w, https:\/\/portifolioos-prontos.com\/wp-content\/uploads\/2022\/09\/portfolio-unopar-pronto-colaborar-ava-producao-textual-interdisciplinar-100x100.png 100w\" sizes=\"(max-width: 141px) 100vw, 141px\" \/><\/p>\n<\/div>\n<\/div>\n<\/div>\n<\/div>\n<div class=\"elementor-toggle-item\">\n<div id=\"elementor-tab-content-1949\" class=\"elementor-tab-content elementor-clearfix elementor-active\" role=\"tabpanel\" data-tab=\"9\" aria-labelledby=\"elementor-tab-title-1949\">\n<p>E-mail:portifoliosp@gmail.com<\/p>\n<div id=\"attachment_143\" class=\"wp-caption alignnone\">\n<div id=\"attachment_143\" class=\"wp-caption alignnone\">\n<p><a href=\"http:\/\/portifolioos-prontos.com\/\"><img decoding=\"async\" class=\"wp-image-143\" title=\"portfolio pronto unopar\" src=\"http:\/\/portifolioos-prontos.com\/wp-content\/uploads\/2022\/04\/conceitomaximo.png\" alt=\"PORTFOLIO PRONTO UNOPAR ANHANGUERA\" width=\"164\" height=\"47\" aria-describedby=\"caption-attachment-143\" \/><\/a><\/p>\n<p id=\"caption-attachment-143\" class=\"wp-caption-text\">Portf\u00f3lio em Word, respondido, completo e j\u00e1 nas normas.<\/p>\n<\/div>\n<\/div>\n<\/div>\n<\/div>\n","protected":false},"excerpt":{"rendered":"<p>Portf\u00f3lio O estudo dos elevadores Pneum\u00e1ticos Curso: Engenharias-N\u00facleo Comum Semestre: 3\u00b0Flex_4\u00b0Regular A proposta de Produ\u00e7\u00e3o Textual ter\u00e1 como tem\u00e1tica: O estudo dos elevadores Pneum\u00e1ticos. Escolhemos esta tem\u00e1tica para possibilitar a aprendizagem interdisciplinar dos conte\u00fados desenvolvidos nas disciplinas desse semestre. Inicialmente, \u00e9 importante que voc\u00eas realizem a leitura atenta da situa\u00e7\u00e3o descrita para, na sequ\u00eancia, seguir&hellip;<\/p>\n","protected":false},"featured_media":5695,"template":"","meta":{"_seopress_robots_primary_cat":"none","_seopress_titles_title":"%%post_title%% %%sitetitle%%","_seopress_titles_desc":"%%post_content%%","_seopress_robots_index":""},"product_cat":[33,15],"product_tag":[],"class_list":{"0":"post-5614","1":"product","2":"type-product","3":"status-publish","4":"has-post-thumbnail","6":"product_cat-cursos-de-engenharia","7":"product_cat-uncategorized","9":"first","10":"instock","11":"downloadable","12":"virtual","13":"purchasable","14":"product-type-simple","15":"col-xs-6 col-sm-4","16":"col-mf-5","17":"un-5-cols"},"jetpack_sharing_enabled":true,"_links":{"self":[{"href":"https:\/\/portifolioos-prontos.com\/index.php\/wp-json\/wp\/v2\/product\/5614","targetHints":{"allow":["GET"]}}],"collection":[{"href":"https:\/\/portifolioos-prontos.com\/index.php\/wp-json\/wp\/v2\/product"}],"about":[{"href":"https:\/\/portifolioos-prontos.com\/index.php\/wp-json\/wp\/v2\/types\/product"}],"version-history":[{"count":0,"href":"https:\/\/portifolioos-prontos.com\/index.php\/wp-json\/wp\/v2\/product\/5614\/revisions"}],"wp:featuredmedia":[{"embeddable":true,"href":"https:\/\/portifolioos-prontos.com\/index.php\/wp-json\/wp\/v2\/media\/5695"}],"wp:attachment":[{"href":"https:\/\/portifolioos-prontos.com\/index.php\/wp-json\/wp\/v2\/media?parent=5614"}],"wp:term":[{"taxonomy":"product_cat","embeddable":true,"href":"https:\/\/portifolioos-prontos.com\/index.php\/wp-json\/wp\/v2\/product_cat?post=5614"},{"taxonomy":"product_tag","embeddable":true,"href":"https:\/\/portifolioos-prontos.com\/index.php\/wp-json\/wp\/v2\/product_tag?post=5614"}],"curies":[{"name":"wp","href":"https:\/\/api.w.org\/{rel}","templated":true}]}}