{"id":5618,"date":"2022-07-28T10:41:59","date_gmt":"2022-07-28T13:41:59","guid":{"rendered":"https:\/\/portifolioos-prontos.com\/?post_type=product&#038;p=5618"},"modified":"2022-10-06T11:28:44","modified_gmt":"2022-10-06T14:28:44","slug":"portfolio-a-balanca-comercial-brasileira","status":"publish","type":"product","link":"https:\/\/portifolioos-prontos.com\/index.php\/product\/portfolio-a-balanca-comercial-brasileira\/","title":{"rendered":"Portf\u00f3lio A balan\u00e7a comercial Brasileira"},"content":{"rendered":"<h4>Portf\u00f3lio A balan\u00e7a comercial Brasileira<\/h4>\n<h4>Curso: Com\u00e9rcio exterior<\/h4>\n<h4>Semestre: 3\u00b0 \/ 4\u00b0<\/h4>\n<hr \/>\n<p>A presente proposta de Produ\u00e7\u00e3o Textual Individual (PTI) ter\u00e1 como tem\u00e1tica central <a href=\"https:\/\/portifolioos-prontos.com\/\"><strong>\u201cA<\/strong><\/a><br \/>\n<strong>balan\u00e7a comercial Brasileira\u201d<\/strong><a href=\"http:\/\/portfoliooead.com.br\/\">.<\/a><br \/>\nTal tem\u00e1tica foi escolhida a fim de possibilitar a aprendizagem interdisciplinar dos conte\u00fados<br \/>\ntrabalhados nas disciplinas deste semestre. Na PTI, voc\u00ea dever\u00e1 conhecer a Situa\u00e7\u00e3o Geradora de<br \/>\nAprendizagem (SGA) para a realiza\u00e7\u00e3o das atividades previstas. Siga as orienta\u00e7\u00f5es disponibilizadas<br \/>\nneste manual, al\u00e9m de demais fontes de conte\u00fado complementares!<br \/>\nSitua\u00e7\u00e3o Geradora de Aprendizagem (SGA)<br \/>\nBalan\u00e7a Comercial Brasileira<\/p>\n<p>Segundo Castro (2022) O ano come\u00e7ou com expectativas otimistas quanto \u00e0 continuidade<br \/>\nda recupera\u00e7\u00e3o do com\u00e9rcio internacional e da atividade econ\u00f4mica global, diante de um relativo<br \/>\narrefecimento da pandemia em grande parte do mundo. As perspectivas favor\u00e1veis, contudo, foram<br \/>\nlogo substitu\u00eddas por um quadro de incertezas e desafios no cen\u00e1rio internacional. No final de<br \/>\nfevereiro, foi deflagrada a guerra entre R\u00fassia e Ucr\u00e2nia, trazendo preocupa\u00e7\u00f5es quanto \u00e0 dura\u00e7\u00e3o<br \/>\ndo conflito e os seus efeitos negativos sobre a economia mundial. Nesse sentido, alguns dos<br \/>\nprincipais organismos internacionais revisaram para baixo suas previs\u00f5es de crescimento do PIB<br \/>\nmundial e das trocas internacionais para o ano de 2022, diante das incertezas e instabilidades<br \/>\nobservadas no primeiro trimestre<a href=\"http:\/\/portfoliopronto.com\/\">.<\/a><\/p>\n<p>A guerra tamb\u00e9m alterou a din\u00e2mica recente das trocas internacionais, sobretudo de<br \/>\ncommodities, e de maneira diferente entre os pa\u00edses. O choque de oferta aumentou os riscos de um<br \/>\neventual desabastecimento de produtos produzidos e fornecidos pela R\u00fassia e Ucr\u00e2nia, o que<br \/>\nrepercutiu tanto nos pa\u00edses consumidores destes produtos, dado o aumento nos pre\u00e7os de<br \/>\nimporta\u00e7\u00e3o e eventual redu\u00e7\u00e3o da oferta, quanto nos pa\u00edses produtores e concorrentes nestes<br \/>\nmercados, provocando aumento na demanda e nas receitas de exporta\u00e7\u00e3o.<br \/>\nNo cen\u00e1rio interno continua o movimento de crescimento do valor das exporta\u00e7\u00f5es<br \/>\nnacionais, esse resultado tem sido sustentado pelo alto crescimento dos pre\u00e7os dos principais<br \/>\nprodutos exportados pelo Brasil. Nesse trimestre, o volume exportado tamb\u00e9m apresentou<br \/>\ncrescimento de 10,9%. Em rela\u00e7\u00e3o \u00e0s importa\u00e7\u00f5es, o aumento de pre\u00e7os (29,8%) foi o respons\u00e1vel<br \/>\npelo aumento do valor importado. O volume importado diminuiu 2,2%, no primeiro trimestre de<br \/>\n2022.<br \/>\nNo que tange o<a href=\"http:\/\/portifolioos-prontos.com\">s<\/a> Resultados Gerais da Balan\u00e7a comercial Brasileira, a exporta\u00e7\u00e3o brasileira<br \/>\nno primeiro trimestre de 2022 totalizou US$ 72,3 bilh\u00f5es, resultado de um crescimento de 29,9% em<br \/>\nrela\u00e7\u00e3o ao mesmo trimestre do ano anterior. J\u00e1 a importa\u00e7\u00e3o somou US$ 60,5 bilh\u00f5es, evidenciando<br \/>\num aumento de 27,1% em rela\u00e7\u00e3o ao primeiro trimestre de 2021. Dessa forma, a corrente de<br \/>\ncom\u00e9rcio trimestral foi de US$ 132,8 bilh\u00f5es, aumento de 28,6% em rela\u00e7\u00e3o ao mesmo per\u00edodo do<br \/>\nano anterior e o saldo comercial foi de US$ 11,8 bilh\u00f5es, 45,9% maior do que o saldo do primeiro<br \/>\ntrimestre de 2021.<\/p>\n<p><img fetchpriority=\"high\" decoding=\"async\" class=\"alignnone size-medium wp-image-54751 lzl-ed\" src=\"https:\/\/portfoliooead.com.br\/wp-content\/uploads\/2022\/07\/Sem-titulo-23-600x363.png\" alt=\"Portf\u00f3lio A balan\u00e7a comercial Brasileira,A balan\u00e7a comercial Brasileira,portfolio A balan\u00e7a comercial Brasileira,porf\u00f3lio pronto A balan\u00e7a comercial Brasileira,portfolio pronto A balan\u00e7a comercial Brasileira,portfolio pronto unopar A balan\u00e7a comercial Brasileira,com\u00e9rcio exterior unopar,com\u00e9rcio exterior portfolio,com\u00e9rcio exterior A balan\u00e7a comercial Brasileira,portfolio ead A balan\u00e7a comercial Brasileira,portfolioo ead A balan\u00e7a comercial Brasileira,portfolio ead pronto A balan\u00e7a comercial Brasileira,anhanguera A balan\u00e7a comercial Brasileira,portfolio unopar A balan\u00e7a comercial Brasileira,portf\u00f3lio unopar A balan\u00e7a comercial Brasileira,pti A balan\u00e7a comercial Brasileira,ptg A balan\u00e7a comercial Brasileira,produ\u00e7\u00e3o textual A balan\u00e7a comercial Brasileira,portfolio com\u00e9rcio exterior,Portfolio pronto,portifolio pronto,portf\u00f3lio pronto,portifolios prontos,portif\u00f3lios prontos,portf\u00f3lio pronto unopar,portifolio pronto unopar,portif\u00f3lio pronto unopar,portifolios prontos unopar,portifolios prontos anhanguera,portf\u00f3lios prontos anhanguera,portf\u00f3lio pronto anhanguera,portfolios ead,portf\u00f3lios ead,portfolioead,apostileiros,portf\u00f3lio ead,portifolios ead,portif\u00f3lios ead,eadhelp,shop do acad\u00eamico,unopar portfolio,portfolio pronto ead,portfolio unopar ead,ead portfolio ava,portf\u00f3lio ead anhanguera,portf\u00f3lio ead pront,o portf\u00f3lio ead unopar,portf\u00f3lio pronto em word,pti unopar,ptg unopar,modelo de portf\u00f3lio unopar,modelo de portf\u00f3lio anhanguera,como fazer um portf\u00f3lio para faculdade,como faz portf\u00f3lio universidade,como faz portf\u00f3lios para universidade,portf\u00f3lios prontos para universidade,portf\u00f3lios pronto para faculdade,portf\u00f3lio pronto para editar,portifolios prontos para editar,portf\u00f3lio em word,portfolio em word,portf\u00f3lio em word para editar,portifolio em word para editar,portfolio unopar pronto para editar,modelo de portfolio para unopar,modelo de portif\u00f3lio para unopar,modelo de portf\u00f3lio para unopar,unopar portf\u00f3lio pronto,anhanguera portf\u00f3lio pronto,portf\u00f3lio em word pronto,comprar portf\u00f3lio pronto,como fazer um portf\u00f3lio,como fazer portf\u00f3lio digital,portfolio,portf\u00f3lio,portifolio,portif\u00f3lio,portf\u00f3lio interdisciplinar individual,portfolio interdisciplinar individual,exemplos de portf\u00f3lio para faculdade,baixar portf\u00f3lio pronto,portf\u00f3lio acad\u00eamico,portf\u00f3lio online,portfoliooead,portfolio ead,portf\u00f3lio pronto interdisciplinar individual,relat\u00f3rio de est\u00e1gio unopar,relat\u00f3rio de est\u00e1gio pronto unopar,como criar um portf\u00f3lio,o que \u00e9 um portf\u00f3lio e como fazer,portfolio exemplo,modelo de portfolio acad\u00eamico,relat\u00f3rio de est\u00e1gio gest\u00e3o escolar pronto unopar,portf\u00f3lio como fazer,prova profici\u00eancia unopar,portfolio individual est\u00e1gio curricular obrigat\u00f3rio ii anos iniciais do ensino fundamental,prova de profici\u00eancia pedagogia unopar,capa de trabalho unopar para editar,portf\u00f3lio acad\u00eamico unopar,como fazer um portf\u00f3lio acad\u00eamico,portf\u00f3lio exemplos word,portfolio acad\u00eamico,portfolio individual,portfolio individual unopar,portfolio individual anhanguera,portfolio marketing digital,portf\u00f3lio educa\u00e7\u00e3o f\u00edsica unopar,portf\u00f3lio gest\u00e3o educacional e espa\u00e7os n\u00e3o escolares,como fazer um portifolio unopar,modelo de portf\u00f3lio unopar em arquivo word,capa de portf\u00f3lio de pedagogia,como fazer um portf\u00f3lio no word,projeto integrado unopar,exemplo de portf\u00f3lio academico pedagogia\" width=\"600\" height=\"363\" data-lzl-src=\"https:\/\/portfoliooead.com.br\/wp-content\/uploads\/2022\/07\/Sem-titulo-23-600x363.png\" \/><\/p>\n<p>Fonte: CASTRO , Saulo de Souza Guerra Ferreira; BARBOSA , Renato Castro; LIMA, Marcus Fl\u00e1vio Sousa ; SILVA,<br \/>\nThiago Henrique Cardoso; Lima, Jorge Augusto Vieira. Balan\u00e7a Comercial Brasileira: Boletim Trimestral. Maio<br \/>\n2022.<br \/>\nLevando em considera\u00e7\u00e3o a SGA, responda todos os questionamentos apresentados<br \/>\nabaixo. Eles foram elaborados com base nas disciplinas ministradas ao longo deste semestre. A sua<br \/>\nparticipa\u00e7\u00e3o nesta atividade \u00e9 fundamental para que haja o pleno desenvolvimento das<br \/>\ncompet\u00eancias e habilidades requeridas em sua atua\u00e7\u00e3o profissional.<br \/>\nSITUA\u00c7\u00c3O-PROBLEMA<\/p>\n<p>A Ind\u00fastria ExportBrasil \u00e9 uma agroind\u00fastria que comercializa farelo de Soja. Situada em cinco<br \/>\nestados no Brasil, e com mais de tr\u00eas mil funcion\u00e1rios, a empresa \u00e9 l\u00edder do segmento em \u00e2mbito<br \/>\nnacional. O Sr. Carlos \u00e9 o s\u00f3cio fundador da empresa, sendo tamb\u00e9m o diretor executivo dos<br \/>\nneg\u00f3cios. Atualmente, o empres\u00e1rio e sua equipe est\u00e3o desenvolvendo um novo plano estrat\u00e9gico e<br \/>\nlevantaram a possibilidade de investir na expans\u00e3o dos neg\u00f3cios, uma vez que o mercado nacional<br \/>\nn\u00e3o demonstra sinais de recupera\u00e7\u00e3o econ\u00f4mica e o mercado internacional est\u00e1 se tornando cada<br \/>\nvez mais atrativo. Ao mesmo tempo, o empres\u00e1rio ouviu nos notici\u00e1rios que a taxa de c\u00e2mbio<br \/>\nbrasileira est\u00e1 subindo, ou seja, o real est\u00e1 se desvalorizando perante o d\u00f3lar, e que o governo vai<br \/>\nadotar pol\u00edticas de incentivo \u00e0 exporta\u00e7\u00e3o em setores estrat\u00e9gicos, no qual a agroind\u00fastria est\u00e1<br \/>\nenquadrada. A partir de agora a sua miss\u00e3o \u00e9 ajudar o Sr. Carlos, respondendo os seus principais<br \/>\nquestionamentos a respeito do processo de exporta\u00e7\u00e3o da agroind\u00fastria, por meio das etapas a<br \/>\nseguir:<\/p>\n<p><strong>TAREFAS<\/strong><\/p>\n<p><strong>Etapa 01:<\/strong><br \/>\nDiante desse cen\u00e1rio, o empres\u00e1rio questiona: o que \u00e9 taxa de c\u00e2mbio? A ExportBrasil<br \/>\ndever\u00e1 passar a cota\u00e7\u00e3o para o cliente no exterior em reais ou em outra moeda? Quais os efeitos da<br \/>\nvaloriza\u00e7\u00e3o ou desvaloriza\u00e7\u00e3o cambial sobre a exporta\u00e7\u00e3o da Empresa? O valor a ser recebido pela<br \/>\nexporta\u00e7\u00e3o da companhia ser\u00e1 pela cota\u00e7\u00e3o do c\u00e2mbio na data do or\u00e7amento ou pela cota\u00e7\u00e3o na<br \/>\ndata do pagamento?<\/p>\n<p>\u2022 Voc\u00ea \u00e9 diretor financeiro da empresa e precisa ajudar o Sr. Carlos a encontrar respostas para<br \/>\nesses questionamentos e, assim, continuar o desenvolvimento do plano estrat\u00e9gico da<br \/>\norganiza\u00e7\u00e3o.<\/p>\n<p><strong>ETAPA 2:<\/strong><br \/>\nConforme descrito na SGA, no final de fevereiro, foi deflagrada a guerra entre R\u00fassia e<br \/>\nUcr\u00e2nia, trazendo preocupa\u00e7\u00f5es quanto \u00e0 dura\u00e7\u00e3o do conflito e os seus efeitos negativos sobre a<br \/>\neconomia mundial. Neste contexto e utilizando-se do que foi ministrado nas aulas de Direito<br \/>\nInternacional, bem como do material indicado responda:<br \/>\n\u2022 Como R\u00fassia e Ucr\u00e2nia poderiam solucionar esse conflito antes de chegar a atual situa\u00e7\u00e3o<br \/>\nde guerra?<\/p>\n<p><strong>ETAPA 3:<\/strong><br \/>\nO empres\u00e1rio Carlos est\u00e1 iniciando a internacionaliza\u00e7\u00e3o dos seus neg\u00f3cios, mas ainda<br \/>\npossui muitas d\u00favidas nas opera\u00e7\u00f5es de com\u00e9rcio exterior. O empres\u00e1rio precisa identificar quais s\u00e3o<br \/>\nos \u00f3rg\u00e3os gestores e fiscalizadores no com\u00e9rcio exterior para que possa se adequar legalmente no<br \/>\nprocesso de exporta\u00e7\u00e3o. Outra inquieta\u00e7\u00e3o \u00e9 quanto ao compromisso de pagamento por parte do<br \/>\nimportador. O Sr Carlos desconhece as modalidades de pagamento utilizada no com\u00e9rcio<br \/>\ninternacional, no entanto, ele procura por um contrato que minimize o risco de poss\u00edveis calotes.<br \/>\nDesse modo, descreva para o Sr Carlos:<br \/>\n\u2022 Quais s\u00e3o os \u00f3rg\u00e3os reguladores do com\u00e9rcio exterior brasileiro, e quais \u00f3rg\u00e3os precisa<br \/>\nsolicitar autoriza\u00e7\u00e3o para exporta\u00e7\u00e3o.<br \/>\n\u2022 Quais s\u00e3o as modalidades de pagamentos existentes no com\u00e9rcio internacional e qual o Sr<br \/>\nCarlos poder\u00e1 adotar para minimizar o risco de inadimpl\u00eancia dos seus clientes.<\/p>\n<p><strong>ETAPA 4:<\/strong><br \/>\nA ind\u00fastria ExportBrasil \u00e9 uma empresa que possui processos complexos para produzir o<br \/>\nfarelo de soja. Para a organiza\u00e7\u00e3o obter efici\u00eancia em sua produ\u00e7\u00e3o \u00e9 fundamental que os<br \/>\nfuncion\u00e1rios saibam exatamente quais s\u00e3o as suas fun\u00e7\u00f5es e atribui\u00e7\u00f5es. Portanto, \u00e9 essencial que<\/p>\n<p>voc\u00ea e a sua equipe ajudem os gestores da ExportBrasil a esclarecerem os temas abaixo para os<br \/>\nfuncion\u00e1rios:<br \/>\n\u2022 As organiza\u00e7\u00f5es eficientes e s\u00e3o aquelas que aprendem r\u00e1pido, portanto, explique para os<br \/>\nfuncion\u00e1rios a diferen\u00e7a entre conhecimento t\u00e1cito e conhecimento expl\u00edcito?<br \/>\n\u2022 A gest\u00e3o do conhecimento deve ser utilizada como estrat\u00e9gia para aumentar os lucros para<br \/>\nas organiza\u00e7\u00f5es. O compartilhamento dos conhecimentos entre as pessoas \u00e9 fundamental<br \/>\npara aprender e criar valor para a organiza\u00e7\u00e3o. Segundo Takeuchi e Nonaka (2008), a<br \/>\nconvers\u00e3o do conhecimento pode ser representada atrav\u00e9s do Modelo de Convers\u00e3o do<br \/>\nConhecimento (socializa\u00e7\u00e3o, externaliza\u00e7\u00e3o, combina\u00e7\u00e3o e internaliza\u00e7\u00e3o do conhecimento),<br \/>\nexplique o que corresponde cada uma das etapas desse modelo?<\/p>\n<p><strong>ETAPA 5:<\/strong><br \/>\nSabendo que o com\u00e9rcio entre pa\u00edses \u00e9 a principal forma de uma na\u00e7\u00e3o captar divisas e<br \/>\nmanter a sua balan\u00e7a de pagamento equilibrada, bem como recebimento de investimentos diretos e<br \/>\nde capitais. Como posto o Brasil \u00e9 visto como o Celeiro do Mundo sendo um dos l\u00edderes nas<br \/>\nexporta\u00e7\u00f5es de algumas commodities. A ind\u00fastria ExportBrasil, est\u00e1 com a firme intens\u00e3o de<\/p>\n<p>expandir suas exporta\u00e7\u00f5es, no entanto, ao analisar as rela\u00e7\u00f5es econ\u00f4micas internacionais, deparou-<br \/>\nse com a teoria das vantagens comparativas e a teoria das vantagens absolutas, sendo assim, \u00e9<\/p>\n<p>necess\u00e1rio que os gestores expliquem:<br \/>\n\u2022 O conceito das seguintes teorias: Teoria da Vantagem Absoluta e Teoria da Vantagem<br \/>\nComparativa.<br \/>\n\u2022 De que maneira a teoria das vantagens comparativas pode impactar nos neg\u00f3cios da Ind\u00fastria<br \/>\nExportBrasil. Uma vez que por meio de tal teoria procura-se obter respostas para perguntas<br \/>\ncomo: Por que duas na\u00e7\u00f5es distintas comercializam? \u00c9 melhor para ambas o com\u00e9rcio<br \/>\nm\u00fatuo? E quais produtos devem ser comercializados?<\/p>\n<div class=\"elementor-toggle-item\">\n<h4 id=\"elementor-tab-title-1941\" class=\"elementor-tab-title elementor-active\" tabindex=\"0\" role=\"tab\" data-tab=\"1\" aria-controls=\"elementor-tab-content-1941\" aria-expanded=\"true\" aria-selected=\"true\">Como funciona?<\/h4>\n<div id=\"elementor-tab-content-1941\" class=\"elementor-tab-content elementor-clearfix elementor-active\" role=\"tabpanel\" data-tab=\"1\" aria-labelledby=\"elementor-tab-title-1941\">\n<p>Elaboramos os portf\u00f3lios, j\u00e1 deixamos prontos, nas normas da ABNT e conforme os requisitos da universidade. F\u00e1cil assim! O MELHOR \u00c9 QUE VOC\u00ca COMPRA E J\u00c1 BAIXA NA HORA O SEU ARQUIVO EM WORD! Sabemos que conciliar trabalho, fam\u00edlia, vida profissional e estudos \u00e9 dif\u00edcil hoje em dia, por isso, estamos aqui para ajudar voc\u00ea. Conte com nossa qualidade, experi\u00eancia e profissionalismo adquirindo seu portf\u00f3lio conosco. GARANTIMOS SEU CONCEITO!<\/p>\n<h4>Como se realizam os envios?<\/h4>\n<\/div>\n<\/div>\n<div class=\"elementor-toggle-item\">\n<div id=\"elementor-tab-content-1942\" class=\"elementor-tab-content elementor-clearfix elementor-active\" role=\"tabpanel\" data-tab=\"2\" aria-labelledby=\"elementor-tab-title-1942\">O seu trabalho \u00e9 disponibilizado pronto, respondido e nas normas j\u00e1 na mesma hora aqui em nosso site na sua \u00e1rea de downloads e tamb\u00e9m no seu e-mail.<\/div>\n<\/div>\n<div class=\"elementor-toggle-item\">\n<div id=\"elementor-tab-content-1943\" class=\"elementor-tab-content elementor-clearfix elementor-active\" role=\"tabpanel\" data-tab=\"3\" aria-labelledby=\"elementor-tab-title-1943\">\n<h4>Em quanto tempo recebo o portf\u00f3lio?<\/h4>\n<\/div>\n<\/div>\n<div class=\"elementor-toggle-item\">\n<div id=\"elementor-tab-content-1944\" class=\"elementor-tab-content elementor-clearfix elementor-active\" role=\"tabpanel\" data-tab=\"4\" aria-labelledby=\"elementor-tab-title-1944\">\n<p>Os envios s\u00e3o imediatos. Ap\u00f3s sua compra, o trabalho j\u00e1 \u00e9 disponibilizado instantaneamente aqui em nosso site e no seu e-mail.<\/p>\n<h4>E se o portf\u00f3lio que comprei precisar de corre\u00e7\u00e3o?<\/h4>\n<\/div>\n<\/div>\n<div class=\"elementor-toggle-item\">\n<div id=\"elementor-tab-content-1945\" class=\"elementor-tab-content elementor-clearfix elementor-active\" role=\"tabpanel\" data-tab=\"5\" aria-labelledby=\"elementor-tab-title-1945\">\n<p>Caso haja alguma solicita\u00e7\u00e3o de corre\u00e7\u00e3o\/altera\u00e7\u00e3o por parte do tutor, basta entrar em contato conosco pelo\u00a0WhatsApp\u00a0que provid\u00eanciaremos sem custo algum.<\/p>\n<h4>Qual o formato do arquivo?<\/h4>\n<\/div>\n<\/div>\n<div class=\"elementor-toggle-item\">\n<div id=\"elementor-tab-content-1946\" class=\"elementor-tab-content elementor-clearfix elementor-active\" role=\"tabpanel\" data-tab=\"6\" aria-labelledby=\"elementor-tab-title-1946\">\n<p>Os arquivos s\u00e3o enviados em formato Word e s\u00e3o edit\u00e1veis.<\/p>\n<h4>Caso eu tiver alguma d\u00favida, terei suporte no p\u00f3s venda?<\/h4>\n<\/div>\n<\/div>\n<div class=\"elementor-toggle-item\">\n<div id=\"elementor-tab-content-1948\" class=\"elementor-tab-content elementor-clearfix elementor-active\" role=\"tabpanel\" data-tab=\"8\" aria-labelledby=\"elementor-tab-title-1948\">\n<p>Sim, com certeza. Basta clicar no \u00edcone do WhatsApp no cantinho da tela. Ser\u00e1 um prazer atend\u00ea-lo(a).<\/p>\n<div class=\"elementor-toggle-item\">\n<div id=\"elementor-tab-content-1948\" class=\"elementor-tab-content elementor-clearfix elementor-active\" role=\"tabpanel\" data-tab=\"8\" aria-labelledby=\"elementor-tab-title-1948\">\n<h4>Quais os seus canais de contato?<\/h4>\n<\/div>\n<\/div>\n<div class=\"elementor-toggle-item\">\n<div id=\"elementor-tab-content-1949\" class=\"elementor-tab-content elementor-clearfix elementor-active\" role=\"tabpanel\" data-tab=\"9\" aria-labelledby=\"elementor-tab-title-1949\">\n<p>Whatsapp: 53 984751621 \u2013 Clicar no canto da tela ou ESCANEIE O QRCODE ABAIXO<\/p>\n<p><img decoding=\"async\" class=\"alignnone wp-image-7603\" src=\"http:\/\/portifolioos-prontos.com\/wp-content\/uploads\/2022\/09\/portfolio-unopar-pronto-colaborar-ava-producao-textual-interdisciplinar.png\" alt=\"Portf\u00f3lio A balan\u00e7a comercial Brasileira,A balan\u00e7a comercial Brasileira,portfolio A balan\u00e7a comercial Brasileira,porf\u00f3lio pronto A balan\u00e7a comercial Brasileira,portfolio pronto A balan\u00e7a comercial Brasileira,portfolio pronto unopar A balan\u00e7a comercial Brasileira,com\u00e9rcio exterior unopar,com\u00e9rcio exterior portfolio,com\u00e9rcio exterior A balan\u00e7a comercial Brasileira,portfolio ead A balan\u00e7a comercial Brasileira,portfolioo ead A balan\u00e7a comercial Brasileira,portfolio ead pronto A balan\u00e7a comercial Brasileira,anhanguera A balan\u00e7a comercial Brasileira,portfolio unopar A balan\u00e7a comercial Brasileira,portf\u00f3lio unopar A balan\u00e7a comercial Brasileira,pti A balan\u00e7a comercial Brasileira,ptg A balan\u00e7a comercial Brasileira,produ\u00e7\u00e3o textual A balan\u00e7a comercial Brasileira,portfolio com\u00e9rcio exterior,Portfolio pronto,portifolio pronto,portf\u00f3lio pronto,portifolios prontos,portif\u00f3lios prontos,portf\u00f3lio pronto unopar,portifolio pronto unopar,portif\u00f3lio pronto unopar,portifolios prontos unopar,portifolios prontos anhanguera,portf\u00f3lios prontos anhanguera,portf\u00f3lio pronto anhanguera,portfolios ead,portf\u00f3lios ead,portfolioead,apostileiros,portf\u00f3lio ead,portifolios ead,portif\u00f3lios ead,eadhelp,shop do acad\u00eamico,unopar portfolio,portfolio pronto ead,portfolio unopar ead,ead portfolio ava,portf\u00f3lio ead anhanguera,portf\u00f3lio ead pront,o portf\u00f3lio ead unopar,portf\u00f3lio pronto em word,pti unopar,ptg unopar,modelo de portf\u00f3lio unopar,modelo de portf\u00f3lio anhanguera,como fazer um portf\u00f3lio para faculdade,como faz portf\u00f3lio universidade,como faz portf\u00f3lios para universidade,portf\u00f3lios prontos para universidade,portf\u00f3lios pronto para faculdade,portf\u00f3lio pronto para editar,portifolios prontos para editar,portf\u00f3lio em word,portfolio em word,portf\u00f3lio em word para editar,portifolio em word para editar,portfolio unopar pronto para editar,modelo de portfolio para unopar,modelo de portif\u00f3lio para unopar,modelo de portf\u00f3lio para unopar,unopar portf\u00f3lio pronto,anhanguera portf\u00f3lio pronto,portf\u00f3lio em word pronto,comprar portf\u00f3lio pronto,como fazer um portf\u00f3lio,como fazer portf\u00f3lio digital,portfolio,portf\u00f3lio,portifolio,portif\u00f3lio,portf\u00f3lio interdisciplinar individual,portfolio interdisciplinar individual,exemplos de portf\u00f3lio para faculdade,baixar portf\u00f3lio pronto,portf\u00f3lio acad\u00eamico,portf\u00f3lio online,portfoliooead,portfolio ead,portf\u00f3lio pronto interdisciplinar individual,relat\u00f3rio de est\u00e1gio unopar,relat\u00f3rio de est\u00e1gio pronto unopar,como criar um portf\u00f3lio,o que \u00e9 um portf\u00f3lio e como fazer,portfolio exemplo,modelo de portfolio acad\u00eamico,relat\u00f3rio de est\u00e1gio gest\u00e3o escolar pronto unopar,portf\u00f3lio como fazer,prova profici\u00eancia unopar,portfolio individual est\u00e1gio curricular obrigat\u00f3rio ii anos iniciais do ensino fundamental,prova de profici\u00eancia pedagogia unopar,capa de trabalho unopar para editar,portf\u00f3lio acad\u00eamico unopar,como fazer um portf\u00f3lio acad\u00eamico,portf\u00f3lio exemplos word,portfolio acad\u00eamico,portfolio individual,portfolio individual unopar,portfolio individual anhanguera,portfolio marketing digital,portf\u00f3lio educa\u00e7\u00e3o f\u00edsica unopar,portf\u00f3lio gest\u00e3o educacional e espa\u00e7os n\u00e3o escolares,como fazer um portifolio unopar,modelo de portf\u00f3lio unopar em arquivo word,capa de portf\u00f3lio de pedagogia,como fazer um portf\u00f3lio no word,projeto integrado unopar,exemplo de portf\u00f3lio academico pedagogia\" width=\"141\" height=\"141\" srcset=\"https:\/\/portifolioos-prontos.com\/wp-content\/uploads\/2022\/09\/portfolio-unopar-pronto-colaborar-ava-producao-textual-interdisciplinar.png 150w, https:\/\/portifolioos-prontos.com\/wp-content\/uploads\/2022\/09\/portfolio-unopar-pronto-colaborar-ava-producao-textual-interdisciplinar-100x100.png 100w\" sizes=\"(max-width: 141px) 100vw, 141px\" \/><\/p>\n<\/div>\n<\/div>\n<\/div>\n<\/div>\n<div class=\"elementor-toggle-item\">\n<div id=\"elementor-tab-content-1949\" class=\"elementor-tab-content elementor-clearfix elementor-active\" role=\"tabpanel\" data-tab=\"9\" aria-labelledby=\"elementor-tab-title-1949\">\n<p>E-mail:portifoliosp@gmail.com<\/p>\n<div id=\"attachment_143\" class=\"wp-caption alignnone\">\n<div id=\"attachment_143\" class=\"wp-caption alignnone\" style=\"width: 157px;\">\n<p><a href=\"http:\/\/portifolioos-prontos.com\/\"><img decoding=\"async\" class=\"wp-image-143\" title=\"portfolio pronto unopar\" src=\"http:\/\/portifolioos-prontos.com\/wp-content\/uploads\/2022\/04\/conceitomaximo.png\" alt=\"PORTFOLIO PRONTO UNOPAR ANHANGUERA\" width=\"157\" height=\"45\" aria-describedby=\"caption-attachment-143\" \/><\/a><\/p>\n<p id=\"caption-attachment-143\" class=\"wp-caption-text\">Portf\u00f3lio em Word, respondido, completo e j\u00e1 nas normas.<\/p>\n<\/div>\n<\/div>\n<\/div>\n<\/div>\n","protected":false},"excerpt":{"rendered":"<p>Portf\u00f3lio A balan\u00e7a comercial Brasileira Curso: Com\u00e9rcio exterior Semestre: 3\u00b0 \/ 4\u00b0 A presente proposta de Produ\u00e7\u00e3o Textual Individual (PTI) ter\u00e1 como tem\u00e1tica central \u201cA balan\u00e7a comercial Brasileira\u201d. Tal tem\u00e1tica foi escolhida a fim de possibilitar a aprendizagem interdisciplinar dos conte\u00fados trabalhados nas disciplinas deste semestre. Na PTI, voc\u00ea dever\u00e1 conhecer a Situa\u00e7\u00e3o Geradora de&hellip;<\/p>\n","protected":false},"featured_media":5691,"template":"","meta":{"_seopress_robots_primary_cat":"none","_seopress_titles_title":"%%post_title%% %%sitetitle%%","_seopress_titles_desc":"%%post_content%%","_seopress_robots_index":""},"product_cat":[69,15],"product_tag":[],"class_list":{"0":"post-5618","1":"product","2":"type-product","3":"status-publish","4":"has-post-thumbnail","6":"product_cat-comercio-exterior","7":"product_cat-uncategorized","9":"first","10":"instock","11":"downloadable","12":"virtual","13":"purchasable","14":"product-type-simple","15":"col-xs-6 col-sm-4","16":"col-mf-5","17":"un-5-cols"},"jetpack_sharing_enabled":true,"_links":{"self":[{"href":"https:\/\/portifolioos-prontos.com\/index.php\/wp-json\/wp\/v2\/product\/5618","targetHints":{"allow":["GET"]}}],"collection":[{"href":"https:\/\/portifolioos-prontos.com\/index.php\/wp-json\/wp\/v2\/product"}],"about":[{"href":"https:\/\/portifolioos-prontos.com\/index.php\/wp-json\/wp\/v2\/types\/product"}],"version-history":[{"count":0,"href":"https:\/\/portifolioos-prontos.com\/index.php\/wp-json\/wp\/v2\/product\/5618\/revisions"}],"wp:featuredmedia":[{"embeddable":true,"href":"https:\/\/portifolioos-prontos.com\/index.php\/wp-json\/wp\/v2\/media\/5691"}],"wp:attachment":[{"href":"https:\/\/portifolioos-prontos.com\/index.php\/wp-json\/wp\/v2\/media?parent=5618"}],"wp:term":[{"taxonomy":"product_cat","embeddable":true,"href":"https:\/\/portifolioos-prontos.com\/index.php\/wp-json\/wp\/v2\/product_cat?post=5618"},{"taxonomy":"product_tag","embeddable":true,"href":"https:\/\/portifolioos-prontos.com\/index.php\/wp-json\/wp\/v2\/product_tag?post=5618"}],"curies":[{"name":"wp","href":"https:\/\/api.w.org\/{rel}","templated":true}]}}