{"id":5626,"date":"2022-07-28T10:49:32","date_gmt":"2022-07-28T13:49:32","guid":{"rendered":"https:\/\/portifolioos-prontos.com\/?post_type=product&#038;p=5626"},"modified":"2022-09-14T15:47:56","modified_gmt":"2022-09-14T18:47:56","slug":"portfolio-a-importancia-dos-jogos-e-brincadeiras-no-desenvolvimento-dos-tecidos-osseo-e-muscular","status":"publish","type":"product","link":"https:\/\/portifolioos-prontos.com\/index.php\/product\/portfolio-a-importancia-dos-jogos-e-brincadeiras-no-desenvolvimento-dos-tecidos-osseo-e-muscular\/","title":{"rendered":"Portf\u00f3lio A import\u00e2ncia dos jogos e brincadeiras no desenvolvimento dos tecidos \u00f3sseo e muscular"},"content":{"rendered":"<h4>Portf\u00f3lio A import\u00e2ncia dos jogos e brincadeiras no desenvolvimento dos tecidos \u00f3sseo e muscular<\/h4>\n<h4>Curso: Educa\u00e7\u00e3o F\u00edsica<\/h4>\n<hr \/>\n<p>O presente semestre est\u00e1 possibilitando uma significativa amplia\u00e7\u00e3o e aprofundamento de<br \/>\nconhecimentos sobre a Educa\u00e7\u00e3o F\u00edsica e suas bases te\u00f3rico-pr\u00e1ticas que s\u00e3o essenciais para a<br \/>\natua\u00e7\u00e3o na \u00e1rea. Desta forma, o campo de atua\u00e7\u00e3o profissional apresenta-se diverso e possibilita que<br \/>\na materializa\u00e7\u00e3o dos conhecimentos te\u00f3ricos e t\u00e9cnicos, ocorram fundamentados pelas novas<br \/>\nevid\u00eancias cient\u00edficas. Assim sendo, o tema central da proposta de Produ\u00e7\u00e3o Textual Interdisciplinar<br \/>\nIndividual (PTI) ser\u00e1<a href=\"http:\/\/portfoliooead.com.br\/\">:<\/a>\u00a0A IMPORT\u00c2NCIA DOS JOGOS E BRINCADEIRAS NO DESENVOLVIMENTO DOS<br \/>\nTECIDOS \u00d3SSEO E MUSCULAR<a href=\"http:\/\/portfoliopronto.com\/\">.<\/a><br \/>\nEste tema \u00e9 importante para que voc\u00ea possa conhecer e reconhecer sobre o significado do<br \/>\nobjeto de estudo da Educa\u00e7\u00e3o F\u00edsica. Com isso, as possibilidades profissionais de atua\u00e7\u00e3o, o<br \/>\nconhecimento t\u00e9cnico-cient\u00edfico, seu p\u00fablico-alvo, seus campos de atua\u00e7\u00e3o e como esses elementos<br \/>\ninteragem com a din\u00e2mica cultural e tecnol\u00f3gica na sociedade fazem com que a seja uma profiss\u00e3o<br \/>\nde grande amplitude e complexidade sobre a atua\u00e7\u00e3o deste profissional no futuro. Neste sentido,<br \/>\nconsidere este cen\u00e1rio exposto para o desenvolvimento desta produ\u00e7\u00e3o textual, tendo como base os<br \/>\nconte\u00fados apresentados nas disciplinas do semestre.<\/p>\n<p>ATIVIDADE(S)<\/p>\n<p><a href=\"http:\/\/PORTIFOLIOOS-PRONTOS.COM\">PRODU\u00c7\u00c3O TEXTUAL<\/a><br \/>\nElabore um texto sobre a import\u00e2ncia dos jogos e brincadeiras no desenvolvimento dos<br \/>\ntecidos \u00f3sseo e muscular. O texto deve conter entre 6 e 8 p\u00e1ginas, considerando a introdu\u00e7\u00e3o, o<br \/>\ndesenvolvimento e as considera\u00e7\u00f5es finais.<br \/>\nPara auxiliar na elabora\u00e7\u00e3o da introdu\u00e7\u00e3o, procure abordar os seguintes pontos:<br \/>\na) Conceitos de jogos e brincadeiras e como eles se relacionam com as atividades\/exerc\u00edcios<br \/>\nf\u00edsicos.<br \/>\nb) Import\u00e2ncia da pr\u00e1tica de atividade\/exerc\u00edcio f\u00edsico para a sa\u00fade do ser humano.<br \/>\nc) A utiliza\u00e7\u00e3o dos jogos e brincadeiras como forma de atividade\/ exerc\u00edcio f\u00edsico para as crian\u00e7as.<br \/>\nd) As possibilidades de utiliza\u00e7\u00e3o dos jogos e brincadeiras para o desenvolvimento dos tecidos<br \/>\n\u00f3sseos e musculares das crian\u00e7as.<br \/>\nPara a elabora\u00e7\u00e3o do desenvolvimento, busque abordar os seguintes pontos:<br \/>\na) Os tipos de atividades\/exerc\u00edcios f\u00edsicos que se relacionam com o desenvolvimento e<br \/>\nfortalecimento do tecido \u00f3sseo e que tipo de jogos e brincadeiras poderiam ser utilizados para<br \/>\nalcan\u00e7ar este objetivo.<br \/>\nb) O que ocorre com o tecido \u00f3sseo estimulado pelos jogos e brincadeiras com caracter\u00edsticas de<br \/>\natividade\/exerc\u00edcio f\u00edsico.<br \/>\nc) Os tipos de atividades\/exerc\u00edcios f\u00edsicos que se relacionam com o desenvolvimento e<br \/>\nfortalecimento do tecido muscular e que tipo de jogos e brincadeiras poderiam ser utilizados<br \/>\npara alcan\u00e7ar este objetivo.<br \/>\nd) O que ocorre com o tecido muscular estimulado pelos jogos e brincadeiras com caracter\u00edsticas<br \/>\nde atividade\/exerc\u00edcio f\u00edsico.<br \/>\nNas considera\u00e7\u00f5es finais do texto apresente suas principais informa\u00e7\u00f5es desenvolvidas no<br \/>\ntexto sobre o assunto que voc\u00ea pesquisou, leu e escreveu.<br \/>\nObserva\u00e7\u00e3o:<br \/>\nOs pontos mencionados acima s\u00e3o para auxiliar na produ\u00e7\u00e3o textual. Assim, outros pontos<br \/>\nsobre o assunto podem ser somados a estes e tamb\u00e9m fazer parte da produ\u00e7\u00e3o textual.<br \/>\nUtilize os livros e os artigos dispon\u00edveis na biblioteca da institui\u00e7\u00e3o de ensino e n\u00e3o se<br \/>\nesque\u00e7a de colocar as cita\u00e7\u00f5es e refer\u00eancias dos autores e obras utilizadas como base para a<br \/>\nprodu\u00e7\u00e3o textual.<\/p>\n<div class=\"elementor-toggle-item\">\n<h4 id=\"elementor-tab-title-1941\" class=\"elementor-tab-title elementor-active\" tabindex=\"0\" role=\"tab\" data-tab=\"1\" aria-controls=\"elementor-tab-content-1941\" aria-expanded=\"true\" aria-selected=\"true\">Como funciona?<\/h4>\n<div id=\"elementor-tab-content-1941\" class=\"elementor-tab-content elementor-clearfix elementor-active\" role=\"tabpanel\" data-tab=\"1\" aria-labelledby=\"elementor-tab-title-1941\">\n<p>Elaboramos os portf\u00f3lios, j\u00e1 deixamos prontos, nas normas da ABNT e conforme os requisitos da universidade. F\u00e1cil assim! O MELHOR \u00c9 QUE VOC\u00ca COMPRA E J\u00c1 BAIXA NA HORA O SEU ARQUIVO EM WORD! Sabemos que conciliar trabalho, fam\u00edlia, vida profissional e estudos \u00e9 dif\u00edcil hoje em dia, por isso, estamos aqui para ajudar voc\u00ea. Conte com nossa qualidade, experi\u00eancia e profissionalismo adquirindo seu portf\u00f3lio conosco. GARANTIMOS SEU CONCEITO!<\/p>\n<h4>Como se realizam os envios?<\/h4>\n<\/div>\n<\/div>\n<div class=\"elementor-toggle-item\">\n<div id=\"elementor-tab-content-1942\" class=\"elementor-tab-content elementor-clearfix elementor-active\" role=\"tabpanel\" data-tab=\"2\" aria-labelledby=\"elementor-tab-title-1942\">O seu trabalho \u00e9 disponibilizado pronto, respondido e nas normas j\u00e1 na mesma hora aqui em nosso site na sua \u00e1rea de downloads e tamb\u00e9m no seu e-mail.<\/div>\n<\/div>\n<div class=\"elementor-toggle-item\">\n<div id=\"elementor-tab-content-1943\" class=\"elementor-tab-content elementor-clearfix elementor-active\" role=\"tabpanel\" data-tab=\"3\" aria-labelledby=\"elementor-tab-title-1943\">\n<h4>Em quanto tempo recebo o portf\u00f3lio?<\/h4>\n<\/div>\n<\/div>\n<div class=\"elementor-toggle-item\">\n<div id=\"elementor-tab-content-1944\" class=\"elementor-tab-content elementor-clearfix elementor-active\" role=\"tabpanel\" data-tab=\"4\" aria-labelledby=\"elementor-tab-title-1944\">\n<p>Os envios s\u00e3o imediatos. Ap\u00f3s sua compra, o trabalho j\u00e1 \u00e9 disponibilizado instantaneamente aqui em nosso site e no seu e-mail.<\/p>\n<h4>E se o portf\u00f3lio que comprei precisar de corre\u00e7\u00e3o?<\/h4>\n<\/div>\n<\/div>\n<div class=\"elementor-toggle-item\">\n<div id=\"elementor-tab-content-1945\" class=\"elementor-tab-content elementor-clearfix elementor-active\" role=\"tabpanel\" data-tab=\"5\" aria-labelledby=\"elementor-tab-title-1945\">\n<p>Caso haja alguma solicita\u00e7\u00e3o de corre\u00e7\u00e3o\/altera\u00e7\u00e3o por parte do tutor, basta entrar em contato conosco pelo\u00a0WhatsApp\u00a0que provid\u00eanciaremos sem custo algum.<\/p>\n<h4>Qual o formato do arquivo?<\/h4>\n<\/div>\n<\/div>\n<div class=\"elementor-toggle-item\">\n<div id=\"elementor-tab-content-1946\" class=\"elementor-tab-content elementor-clearfix elementor-active\" role=\"tabpanel\" data-tab=\"6\" aria-labelledby=\"elementor-tab-title-1946\">\n<p>Os arquivos s\u00e3o enviados em formato Word e s\u00e3o edit\u00e1veis.<\/p>\n<h4>Caso eu tiver alguma d\u00favida, terei suporte no p\u00f3s venda?<\/h4>\n<\/div>\n<\/div>\n<div class=\"elementor-toggle-item\">\n<div id=\"elementor-tab-content-1948\" class=\"elementor-tab-content elementor-clearfix elementor-active\" role=\"tabpanel\" data-tab=\"8\" aria-labelledby=\"elementor-tab-title-1948\">\n<p>Sim, com certeza. Basta clicar no \u00edcone do WhatsApp no cantinho da tela. Ser\u00e1 um prazer atend\u00ea-lo(a).<\/p>\n<div class=\"elementor-toggle-item\">\n<div id=\"elementor-tab-content-1948\" class=\"elementor-tab-content elementor-clearfix elementor-active\" role=\"tabpanel\" data-tab=\"8\" aria-labelledby=\"elementor-tab-title-1948\">\n<h4>Quais os seus canais de contato?<\/h4>\n<\/div>\n<\/div>\n<div class=\"elementor-toggle-item\">\n<div id=\"elementor-tab-content-1949\" class=\"elementor-tab-content elementor-clearfix elementor-active\" role=\"tabpanel\" data-tab=\"9\" aria-labelledby=\"elementor-tab-title-1949\">\n<p>Whatsapp: 53 984751621 \u2013 Clicar no canto da tela ou ESCANEIE O QRCODE ABAIXO<\/p>\n<p><img decoding=\"async\" class=\"alignnone wp-image-7603\" src=\"http:\/\/portifolioos-prontos.com\/wp-content\/uploads\/2022\/09\/portfolio-unopar-pronto-colaborar-ava-producao-textual-interdisciplinar.png\" alt=\"Portf\u00f3lio A import\u00e2ncia dos jogos e brincadeiras no desenvolvimento dos tecidos \u00f3sseo e muscular,A import\u00e2ncia dos jogos e brincadeiras no desenvolvimento dos tecidos \u00f3sseo e muscular,portf\u00f3lio pronto A import\u00e2ncia dos jogos e brincadeiras no desenvolvimento dos tecidos \u00f3sseo e muscular,portfolio pronto A import\u00e2ncia dos jogos e brincadeiras no desenvolvimento dos tecidos \u00f3sseo e muscular,porfolio ead A import\u00e2ncia dos jogos e brincadeiras no desenvolvimento dos tecidos \u00f3sseo e muscular,portfolio pronto ead,pti A import\u00e2ncia dos jogos e brincadeiras no desenvolvimento dos tecidos \u00f3sseo e muscular,ptg A import\u00e2ncia dos jogos e brincadeiras no desenvolvimento dos tecidos \u00f3sseo e muscular,Portfolio pronto,portifolio pronto,portf\u00f3lio pronto,portifolios prontos,portif\u00f3lios prontos,portf\u00f3lio pronto unopar,portifolio pronto unopar,portif\u00f3lio pronto unopar,portifolios prontos unopar,portifolios prontos anhanguera,portf\u00f3lios prontos anhanguera,portf\u00f3lio pronto anhanguera,portfolios ead,portf\u00f3lios ead,portfolioead,apostileiros,portf\u00f3lio ead,portifolios ead,portif\u00f3lios ead,eadhelp,shop do acad\u00eamico,unopar portfolio,portfolio unopar ead,ead portfolio ava,portf\u00f3lio ead anhanguera,portf\u00f3lio ead pront,o portf\u00f3lio ead unopar,portf\u00f3lio pronto em word,pti unopar,ptg unopar,modelo de portf\u00f3lio unopar,modelo de portf\u00f3lio anhanguera,como fazer um portf\u00f3lio para faculdade,como faz portf\u00f3lio universidade,como faz portf\u00f3lios para universidade,portf\u00f3lios prontos para universidade,portf\u00f3lios pronto para faculdade,portf\u00f3lio pronto para editar,portifolios prontos para editar,portf\u00f3lio em word,portfolio em word,portf\u00f3lio em word para editar,portifolio em word para editar,portfolio unopar pronto para editar,modelo de portfolio para unopar,modelo de portif\u00f3lio para unopar,modelo de portf\u00f3lio para unopar,unopar portf\u00f3lio pronto,anhanguera portf\u00f3lio pronto,portf\u00f3lio em word pronto,comprar portf\u00f3lio pronto,como fazer um portf\u00f3lio,como fazer portf\u00f3lio digital,portfolio,portf\u00f3lio,portifolio,portif\u00f3lio,portf\u00f3lio interdisciplinar individual,portfolio interdisciplinar individual,exemplos de portf\u00f3lio para faculdade,baixar portf\u00f3lio pronto,portf\u00f3lio acad\u00eamico,portf\u00f3lio online,portfoliooead,portfolio ead,portf\u00f3lio pronto interdisciplinar individual,relat\u00f3rio de est\u00e1gio unopar,relat\u00f3rio de est\u00e1gio pronto unopar,como criar um portf\u00f3lio,o que \u00e9 um portf\u00f3lio e como fazer,portfolio exemplo,modelo de portfolio acad\u00eamico,relat\u00f3rio de est\u00e1gio gest\u00e3o escolar pronto unopar,portf\u00f3lio como fazer,prova profici\u00eancia unopar,portfolio individual est\u00e1gio curricular obrigat\u00f3rio ii anos iniciais do ensino fundamental,prova de profici\u00eancia pedagogia unopar,capa de trabalho unopar para editar,portf\u00f3lio acad\u00eamico unopar,como fazer um portf\u00f3lio acad\u00eamico,portf\u00f3lio exemplos word,portfolio acad\u00eamico,portfolio individual,portfolio individual unopar,portfolio individual anhanguera,portfolio marketing digital,portf\u00f3lio educa\u00e7\u00e3o f\u00edsica unopar,portf\u00f3lio gest\u00e3o educacional e espa\u00e7os n\u00e3o escolares,como fazer um portifolio unopar,modelo de portf\u00f3lio unopar em arquivo word,capa de portf\u00f3lio de pedagogia,como fazer um portf\u00f3lio no word,projeto integrado unopar,exemplo de portf\u00f3lio academico pedagogia\" width=\"141\" height=\"141\" srcset=\"https:\/\/portifolioos-prontos.com\/wp-content\/uploads\/2022\/09\/portfolio-unopar-pronto-colaborar-ava-producao-textual-interdisciplinar.png 150w, https:\/\/portifolioos-prontos.com\/wp-content\/uploads\/2022\/09\/portfolio-unopar-pronto-colaborar-ava-producao-textual-interdisciplinar-100x100.png 100w\" sizes=\"(max-width: 141px) 100vw, 141px\" \/><\/p>\n<\/div>\n<\/div>\n<\/div>\n<\/div>\n<div class=\"elementor-toggle-item\">\n<div id=\"elementor-tab-content-1949\" class=\"elementor-tab-content elementor-clearfix elementor-active\" role=\"tabpanel\" data-tab=\"9\" aria-labelledby=\"elementor-tab-title-1949\">\n<p>E-mail:portifoliosp@gmail.com<\/p>\n<div id=\"attachment_143\" class=\"wp-caption alignnone\">\n<div id=\"attachment_143\" class=\"wp-caption alignnone\" style=\"width: 161px;\">\n<p><a href=\"http:\/\/portifolioos-prontos.com\/\"><img decoding=\"async\" class=\"wp-image-143\" title=\"portfolio pronto unopar\" src=\"http:\/\/portifolioos-prontos.com\/wp-content\/uploads\/2022\/04\/conceitomaximo.png\" alt=\"PORTFOLIO PRONTO UNOPAR ANHANGUERA\" width=\"161\" height=\"46\" aria-describedby=\"caption-attachment-143\" \/><\/a><\/p>\n<p id=\"caption-attachment-143\" class=\"wp-caption-text\">Portf\u00f3lio em Word, respondido, completo e j\u00e1 nas normas.<\/p>\n<\/div>\n<\/div>\n<\/div>\n<\/div>\n","protected":false},"excerpt":{"rendered":"<p>Portf\u00f3lio A import\u00e2ncia dos jogos e brincadeiras no desenvolvimento dos tecidos \u00f3sseo e muscular Curso: Educa\u00e7\u00e3o F\u00edsica O presente semestre est\u00e1 possibilitando uma significativa amplia\u00e7\u00e3o e aprofundamento de conhecimentos sobre a Educa\u00e7\u00e3o F\u00edsica e suas bases te\u00f3rico-pr\u00e1ticas que s\u00e3o essenciais para a atua\u00e7\u00e3o na \u00e1rea. Desta forma, o campo de atua\u00e7\u00e3o profissional apresenta-se diverso e&hellip;<\/p>\n","protected":false},"featured_media":5645,"template":"","meta":{"_seopress_robots_primary_cat":"none","_seopress_titles_title":"%%post_title%% %%sitetitle%%","_seopress_titles_desc":"%%post_content%%","_seopress_robots_index":""},"product_cat":[35,47,15],"product_tag":[],"class_list":{"0":"post-5626","1":"product","2":"type-product","3":"status-publish","4":"has-post-thumbnail","6":"product_cat-educacao-fisica","7":"product_cat-licenciaturas","8":"product_cat-uncategorized","10":"first","11":"instock","12":"downloadable","13":"virtual","14":"purchasable","15":"product-type-simple","16":"col-xs-6 col-sm-4","17":"col-mf-5","18":"un-5-cols"},"jetpack_sharing_enabled":true,"_links":{"self":[{"href":"https:\/\/portifolioos-prontos.com\/index.php\/wp-json\/wp\/v2\/product\/5626","targetHints":{"allow":["GET"]}}],"collection":[{"href":"https:\/\/portifolioos-prontos.com\/index.php\/wp-json\/wp\/v2\/product"}],"about":[{"href":"https:\/\/portifolioos-prontos.com\/index.php\/wp-json\/wp\/v2\/types\/product"}],"version-history":[{"count":0,"href":"https:\/\/portifolioos-prontos.com\/index.php\/wp-json\/wp\/v2\/product\/5626\/revisions"}],"wp:featuredmedia":[{"embeddable":true,"href":"https:\/\/portifolioos-prontos.com\/index.php\/wp-json\/wp\/v2\/media\/5645"}],"wp:attachment":[{"href":"https:\/\/portifolioos-prontos.com\/index.php\/wp-json\/wp\/v2\/media?parent=5626"}],"wp:term":[{"taxonomy":"product_cat","embeddable":true,"href":"https:\/\/portifolioos-prontos.com\/index.php\/wp-json\/wp\/v2\/product_cat?post=5626"},{"taxonomy":"product_tag","embeddable":true,"href":"https:\/\/portifolioos-prontos.com\/index.php\/wp-json\/wp\/v2\/product_tag?post=5626"}],"curies":[{"name":"wp","href":"https:\/\/api.w.org\/{rel}","templated":true}]}}