{"id":5830,"date":"2022-07-28T21:48:08","date_gmt":"2022-07-29T00:48:08","guid":{"rendered":"https:\/\/portifolioos-prontos.com\/?post_type=product&#038;p=5830"},"modified":"2022-09-23T13:58:24","modified_gmt":"2022-09-23T16:58:24","slug":"portfolio-analise-de-aulas-e-metodologias-ativas","status":"publish","type":"product","link":"https:\/\/portifolioos-prontos.com\/index.php\/product\/portfolio-analise-de-aulas-e-metodologias-ativas\/","title":{"rendered":"Portf\u00f3lio An\u00e1lise de aulas e metodologias ativas"},"content":{"rendered":"<h4>Portf\u00f3lio An\u00e1lise de aulas e metodologias ativas<\/h4>\n<h4>Curso: Geografia<\/h4>\n<h4>Semestre: 5\u00b0\/6\u00b0<\/h4>\n<hr \/>\n<p>A proposta de Produ\u00e7\u00e3o Textual Interdisciplinar Individual (PTI) tem como tema <strong>\u201cAn\u00e1lise de<\/strong><br \/>\n<strong>aulas e Metodologias at<a href=\"http:\/\/portifolioos-prontos.com\">ivas<\/a>\u201d<\/strong>.<br \/>\nEscolhemos esta tem\u00e1tica para possibilitar a aprendizagem interdisciplinar dos conte\u00fados<br \/>\ndesenvolvidos nas disciplinas desse semestre.<\/p>\n<p>ORIENTA\u00c7\u00d5ES DA PRODU\u00c7\u00c3O TEXTUAL<\/p>\n<p>Por meio da leitura da Situa\u00e7\u00e3o Geradora de Aprendizagem voc\u00ea dever\u00e1 realizar a an\u00e1lise de<br \/>\nUMA das aulas disponibilizadas, cujas tem\u00e1ticas s\u00e3o Agroneg\u00f3cio no Brasil e Crescimento<br \/>\nDemogr\u00e1fico e, posteriormente, elaborar uma proposta de atividade avaliativa para UMA aula do<br \/>\nEnsino Fundamental OU do Ensino M\u00e9dio sobre o tem da aula analisada.<br \/>\nSitua\u00e7\u00e3o Geradora de Aprendizagem (SGA)<\/p>\n<p>Voc\u00ea comp\u00f5e o corpo docente de uma escola p\u00fablica do munic\u00edpio em que reside, e por se<br \/>\ndestacar enquanto docente de Geografia do Ensino Fundamental e M\u00e9dio no uso de metodologias<br \/>\nativas para o desenvolvimento de suas aulas, foi convidado a realizar uma oficina sobre o uso de<\/p>\n<p>metodologias ativas em atividades avaliativas junto aos demais docentes da escola no momento do<br \/>\nreplanejamento para o 2o Semestre de 2022.<\/p>\n<p>Situa\u00e7\u00e3o-Problema<\/p>\n<p>Sendo orientado(a) pela tem\u00e1tica exposta suponha a seguinte situa\u00e7\u00e3o:<br \/>\nImagine que para a realiza\u00e7\u00e3o da oficina que voc\u00ea foi convidado a ministrar, no momento de<br \/>\nreplanejamento para o 2o Semestre de 2022 na escola onde atua, ter\u00e1 que desenvolver exemplos de<br \/>\natividades utilizando metodologias ativas voltadas ao Ensino Fundamental OU ao Ensino M\u00e9dio, para<br \/>\ntanto, valeu-se de uma aula do 6 o Ano do Ensino Fundamental cuja tem\u00e1tica \u00e9 o Agroneg\u00f3cio<br \/>\nBrasileiro OU uma aula do 1o Ano do Ensino M\u00e9dio sobre Crescimento Demogr\u00e1fico.<br \/>\nA partir da an\u00e1lise DE UMA dessas aulas voc\u00ea propor\u00e1 atividades que sejam contextualizadas<br \/>\ne interdisciplinares, tendo como base metodologias ativas para exemplificar junto aos demais<br \/>\ndocentes da escola possibilidades de utiliza\u00e7\u00e3o desse caminho metodol\u00f3gico.<br \/>\nOrienta\u00e7\u00f5es Para Execu\u00e7\u00e3o do Trabalho<\/p>\n<p><strong>Para realizar o roteiro de trabalho da oficina, voc\u00ea dever\u00e1 seguir os seguintes passos:<\/strong><br \/>\n<img fetchpriority=\"high\" decoding=\"async\" class=\"jetpack-lazy-image jetpack-lazy-image--handled lazyloaded alignnone wp-image-54808 size-full\" title=\"portf\u00f3lios prontos ead unopar anhanguera\" src=\"https:\/\/i0.wp.com\/portfoliooead.com.br\/wp-content\/uploads\/2022\/07\/Sem-titulo-27.png?resize=573%2C340&amp;is-pending-load=1#038;ssl=1\" sizes=\"(max-width: 573px) 100vw, 573px\" srcset=\"https:\/\/i0.wp.com\/portfoliooead.com.br\/wp-content\/uploads\/2022\/07\/Sem-titulo-27.png?w=573&amp;ssl=1 573w, https:\/\/i0.wp.com\/portfoliooead.com.br\/wp-content\/uploads\/2022\/07\/Sem-titulo-27.png?resize=250%2C148&amp;ssl=1 250w\" alt=\"An\u00e1lise de aulas e metodologias ativas,portf\u00f3lio An\u00e1lise de aulas e metodologias ativas,portfolio An\u00e1lise de aulas e metodologias ativas,portfolio unopar An\u00e1lise de aulas e metodologias ativas,portf\u00f3lio unopar An\u00e1lise de aulas e metodologias ativas,portf\u00f3lio pronto An\u00e1lise de aulas e metodologias ativas,portfolio pronto An\u00e1lise de aulas e metodologias ativas,portfolio ead An\u00e1lise de aulas e metodologias ativas,portf\u00f3lio ead An\u00e1lise de aulas e metodologias ativas,portfolio anhanguera An\u00e1lise de aulas e metodologias ativas,portf\u00f3lio anhanguera An\u00e1lise de aulas e metodologias ativas,p\u00f3rtf\u00f3lio matem\u00e1tica An\u00e1lise de aulas e metodologias ativas,portfolio matematica unopar,portf\u00f3lio matem\u00e1tica,portfolio matematica,portf\u00f3lio de matem\u00e1tica pronto,portf\u00f3lio de matem\u00e1tica 9 ano,portf\u00f3lio de matem\u00e1tica um instrumento de an\u00e1lise do processo de aprendizagem,portf\u00f3lio de matem\u00e1tica nas s\u00e9ries iniciais,Portfolio pronto,portifolio pronto,portf\u00f3lio pronto,portifolios prontos,portif\u00f3lios prontos,portf\u00f3lio pronto unopar,portifolio pronto unopar,portif\u00f3lio pronto unopar,portifolios prontos unopar,portifolios prontos anhanguera,portf\u00f3lios prontos anhanguera,portf\u00f3lio pronto anhanguera,portfolios ead,portf\u00f3lios ead,portfolioead,apostileiros,portf\u00f3lio ead,portifolios ead,portif\u00f3lios ead,eadhelp,shop do acad\u00eamico,unopar portfolio,portfolio pronto ead,portfolio unopar ead,ead portfolio ava,portf\u00f3lio ead anhanguera,portf\u00f3lio ead pront,o portf\u00f3lio ead unopar,portf\u00f3lio pronto em word,pti unopar,ptg unopar,modelo de portf\u00f3lio unopar,modelo de portf\u00f3lio anhanguera,como fazer um portf\u00f3lio para faculdade,como faz portf\u00f3lio universidade,como faz portf\u00f3lios para universidade,portf\u00f3lios prontos para universidade,portf\u00f3lios pronto para faculdade,portf\u00f3lio pronto para editar,portifolios prontos para editar,portf\u00f3lio em word,portfolio em word,portf\u00f3lio em word para editar,portifolio em word para editar,portfolio unopar pronto para editar,modelo de portfolio para unopar,modelo de portif\u00f3lio para unopar,modelo de portf\u00f3lio para unopar,unopar portf\u00f3lio pronto,anhanguera portf\u00f3lio pronto,portf\u00f3lio em word pronto,comprar portf\u00f3lio pronto,como fazer um portf\u00f3lio,como fazer portf\u00f3lio digital,portfolio,portf\u00f3lio,portifolio,portif\u00f3lio,portf\u00f3lio interdisciplinar individual,portfolio interdisciplinar individual,exemplos de portf\u00f3lio para faculdade,baixar portf\u00f3lio pronto,portf\u00f3lio acad\u00eamico,portf\u00f3lio online,portfoliooead,portfolio ead,portf\u00f3lio pronto interdisciplinar individual,relat\u00f3rio de est\u00e1gio unopar,relat\u00f3rio de est\u00e1gio pronto unopar,como criar um portf\u00f3lio,o que \u00e9 um portf\u00f3lio e como fazer,portfolio exemplo,modelo de portfolio acad\u00eamico,relat\u00f3rio de est\u00e1gio gest\u00e3o escolar pronto unopar,portf\u00f3lio como fazer,prova profici\u00eancia unopar,portfolio individual est\u00e1gio curricular obrigat\u00f3rio ii anos iniciais do ensino fundamental,prova de profici\u00eancia pedagogia unopar,capa de trabalho unopar para editar,portf\u00f3lio acad\u00eamico unopar,como fazer um portf\u00f3lio acad\u00eamico,portf\u00f3lio exemplos word,portfolio acad\u00eamico,portfolio individual,portfolio individual unopar,portfolio individual anhanguera,portfolio marketing digital,portf\u00f3lio educa\u00e7\u00e3o f\u00edsica unopar,portf\u00f3lio gest\u00e3o educacional e espa\u00e7os n\u00e3o escolares,como fazer um portifolio unopar,modelo de portf\u00f3lio unopar em arquivo word,capa de portf\u00f3lio de pedagogia,como fazer um portf\u00f3lio no word,projeto integrado unopar,exemplo de portf\u00f3lio academico pedagogia\" width=\"573\" height=\"340\" data-attachment-id=\"54808\" data-permalink=\"https:\/\/portfoliooead.com.br\/?attachment_id=54808#main\" data-orig-file=\"https:\/\/i0.wp.com\/portfoliooead.com.br\/wp-content\/uploads\/2022\/07\/Sem-titulo-27.png?fit=573%2C340&amp;ssl=1\" data-orig-size=\"573,340\" data-comments-opened=\"1\" data-image-meta=\"{&quot;aperture&quot;:&quot;0&quot;,&quot;credit&quot;:&quot;&quot;,&quot;camera&quot;:&quot;&quot;,&quot;caption&quot;:&quot;&quot;,&quot;created_timestamp&quot;:&quot;0&quot;,&quot;copyright&quot;:&quot;&quot;,&quot;focal_length&quot;:&quot;0&quot;,&quot;iso&quot;:&quot;0&quot;,&quot;shutter_speed&quot;:&quot;0&quot;,&quot;title&quot;:&quot;&quot;,&quot;orientation&quot;:&quot;0&quot;}\" data-image-title=\"Sem t\u00edtulo\" data-image-description=\"\" data-image-caption=\"\" data-medium-file=\"https:\/\/i0.wp.com\/portfoliooead.com.br\/wp-content\/uploads\/2022\/07\/Sem-titulo-27.png?fit=573%2C340&amp;ssl=1\" data-large-file=\"https:\/\/i0.wp.com\/portfoliooead.com.br\/wp-content\/uploads\/2022\/07\/Sem-titulo-27.png?fit=573%2C340&amp;ssl=1\" data-recalc-dims=\"1\" data-ll-status=\"loaded\" data-lazy-loaded=\"1\" \/><\/p>\n<p>Analise criticamente UMA das aulas em anexo a essa Proposta de Trabalho em Grupo (PTG),<br \/>\nconsiderando os objetivos dela bem como e os encaminhamentos metodol\u00f3gicos realizados, a fim<br \/>\nde que os objetivos sejam alcan\u00e7ados.<br \/>\nPara a confec\u00e7\u00e3o dessa an\u00e1lise, que compor\u00e1 o item Desenvolvimento da produ\u00e7\u00e3o textual a<br \/>\nser realizada no Passo 3 dessa PTG, considere os seguintes questionamentos:<br \/>\n1- Os conte\u00fados e encaminhamentos metodol\u00f3gicos apresentados nas aulas propiciam<br \/>\naos estudantes alcan\u00e7ar os objetivos propostos?<br \/>\n2- As aulas apresentam momentos de intera\u00e7\u00e3o professor-aluno e aluno-aluno? Se n\u00e3o,<br \/>\nrealize poss\u00edveis sugest\u00f5es para que esses momentos aconte\u00e7am.<br \/>\n3- As atividades propostas no decorrer das abordagens conceituais propiciam \u00e0 reflex\u00e3o<br \/>\ndos conte\u00fados apresentados? Se n\u00e3o, realize poss\u00edveis sugest\u00f5es para que as reflex\u00f5es sejam<br \/>\nposs\u00edveis.<br \/>\n4- Quais encaminhamentos metodol\u00f3gicos voc\u00eas poderiam propor a fim de tornar as<br \/>\naulas din\u00e2micas e atrativas os estudantes a que essas aulas s\u00e3o direcionadas?<br \/>\nLembre-se que esses questionamentos devem estar contidos em um texto cr\u00edtico-reflexivo<br \/>\ne n\u00e3o em forma de respostas no Passo 3.<\/p>\n<p><strong>Passo 2: Proposta de Atividades<\/strong><br \/>\nVoc\u00ea deve propor UMA ATIVIDADE AVALIATIVA PARA AULA ANALISADA no Passo 1, tendo<br \/>\ncomo base metodologias ativas dispon\u00edveis no material de consulta em anexo a essa Proposta de<br \/>\nTrabalho Individual.<br \/>\nVoc\u00ea deve OBRIGATORIAMENTE escolher ao menos uma metodologia ativa para o<br \/>\ndesenvolvimento da atividade avaliativa que deve ter como presuposto alcan\u00e7ar o(s) objetivo(s)<br \/>\nproposto(s) para a aula.<br \/>\nLembre-se que a atividade deve estar obrigatoriamente relacionada \u00e0s tem\u00e1ticas exploradas<br \/>\nnas aulas e deve colocar os estudantes no centro do processo de ensino e aprendizagem, portanto,<br \/>\nexplore sua criatividade e n\u00e3o basei-se somente em questionamentos que possibitem a consulta dos<br \/>\nconte\u00fados das aulas, bem como sejam de pouca reflex\u00e3o dos alunos.<\/p>\n<p>O desenvolvimento dessas atividades compor\u00e3o o item Desenvolvimento da produ\u00e7\u00e3o textual<br \/>\ndo Passo 3.<\/p>\n<p><strong>Passo 3: Produ\u00e7\u00e3o textual<\/strong><br \/>\nAp\u00f3s a an\u00e1lise proposta no Passo 1 e da atividade proposta no Passo 2, escreva um texto<br \/>\ncr\u00edtico-reflexivo e no m\u00ednimo 4 (quatro) e no m\u00e1ximo 8 (oito) laudas com a seguinte tem\u00e1tica: A<br \/>\nimport\u00e2ncia do uso das metodologias ativas no ensino de Geografia.<br \/>\nEsse texto deve conter os seguintes elementos:<br \/>\nIntrodu\u00e7\u00e3o: apontando o que s\u00e3o as metodologias ativas<br \/>\nDesenvolvimento \u2013 contendo obrigat\u00f3riamente os seguintes elementos:<br \/>\n\uf0b7 Apontamentos sobre a import\u00e2ncia do uso de metodologias ativas no ensino de<br \/>\nGeografia;<br \/>\n\uf0b7 Texto da an\u00e1lise das aulas realizado no Passo 1;<br \/>\n\uf0b7 Atividade proposta no Passo 2, como exemplos do uso de metodologias ativas no<br \/>\nensino de Geografia.<br \/>\nConsidera\u00e7\u00f5es finais: seus apontamentos sobre as impress\u00f5es, sensa\u00e7\u00f5es e compreens\u00f5es<br \/>\nobtidas ao longo da confec\u00e7\u00e3o dessa Produ\u00e7\u00e3o textual.<\/p>\n<p>Materiais de Consulta (dispon\u00edveis na Minha Biblioteca):<br \/>\n\u2013 Metodologias Ativas para uma Educa\u00e7\u00e3o Inovadora (Lilian Bacich; Jos\u00e9 Moran). Dispon\u00edvel em:<br \/>\n<a href=\"https:\/\/integrada.minhabiblioteca.com.br\/reader\/books\/9788584291168\/epubcfi\/6\/2%5B%3Bvnd\" rel=\"nofollow\">https:\/\/integrada.minhabiblioteca.com.br\/reader\/books\/9788584291168\/epubcfi\/6\/2%5B%3Bvnd<\/a>.<br \/>\nvst.idref%3DCapa.xhtml%5D!\/4\/2\/4%4051:0 (acesso em 30 jun. 2022)<br \/>\n\u2013 A Sala de Aula Inovadora: Estrat\u00e9gias Pedag\u00f3gicas para Fomentar o Aprendizado Ativo \u2013<br \/>\nDesafios da Educa\u00e7\u00e3o (Fausto Camargo; Thuinie Daros). Dispon\u00edvel em:<br \/>\n<a href=\"https:\/\/integrada.minhabiblioteca.com.br\/reader\/books\/9788584291205\/epubcfi\/6\/2%5B%3Bvnd\" rel=\"nofollow\">https:\/\/integrada.minhabiblioteca.com.br\/reader\/books\/9788584291205\/epubcfi\/6\/2%5B%3Bvnd<\/a>.<br \/>\nvst.idref%3DCapa.xhtml%5D!\/4\/2\/4%4051:1 (acesso em 30 jun. 2022)<br \/>\n\u2013 Revolucionando a Sala de Aula 2 \u2013 Novas Metodologias Ainda Mais Ativas (Daniel Ramos<br \/>\nNogueira). Dispon\u00edvel em:<\/p>\n<p><a href=\"https:\/\/integrada.minhabiblioteca.com.br\/reader\/books\/9788597025835\/epubcfi\/6\/2%5B%3Bvnd\" rel=\"nofollow\">https:\/\/integrada.minhabiblioteca.com.br\/reader\/books\/9788597025835\/epubcfi\/6\/2%5B%3Bvnd<\/a>.<br \/>\nvst.idref%3Dhtml0%5D!\/4\/2\/2%4051:2 (acesso em 30 jun. 2022)<br \/>\nPara acessar esses tr\u00eas materiais \u00e9 necess\u00e1rio primeiro logar na Minha Biblioteca<br \/>\n(minhabiblioteca.com.br) atrav\u00e9s do seu AVA.<br \/>\nEm anexo segue tamb\u00e9m o Card\u00e1pio de Metodologias Ativas:<br \/>\n\u2013 PARAN\u00c1. Secretaria de Educa\u00e7\u00e3o e do Esporte do Paran\u00e1. Card\u00e1pio de Metodologias Ativas.<br \/>\nCuritiba: SEED, 2022.<\/p>\n<div class=\"elementor-toggle-item\">\n<h4 id=\"elementor-tab-title-1941\" class=\"elementor-tab-title elementor-active\" tabindex=\"0\" role=\"tab\" data-tab=\"1\" aria-controls=\"elementor-tab-content-1941\" aria-expanded=\"true\" aria-selected=\"true\">Como funciona?<\/h4>\n<div id=\"elementor-tab-content-1941\" class=\"elementor-tab-content elementor-clearfix elementor-active\" role=\"tabpanel\" data-tab=\"1\" aria-labelledby=\"elementor-tab-title-1941\">\n<p>Elaboramos os portf\u00f3lios, j\u00e1 deixamos prontos, nas normas da ABNT e conforme os requisitos da universidade. F\u00e1cil assim! O MELHOR \u00c9 QUE VOC\u00ca COMPRA E J\u00c1 BAIXA NA HORA O SEU ARQUIVO EM WORD! Sabemos que conciliar trabalho, fam\u00edlia, vida profissional e estudos \u00e9 dif\u00edcil hoje em dia, por isso, estamos aqui para ajudar voc\u00ea. Conte com nossa qualidade, experi\u00eancia e profissionalismo adquirindo seu portf\u00f3lio conosco. GARANTIMOS SEU CONCEITO!<\/p>\n<h4>Como se realizam os envios?<\/h4>\n<\/div>\n<\/div>\n<div class=\"elementor-toggle-item\">\n<div id=\"elementor-tab-content-1942\" class=\"elementor-tab-content elementor-clearfix elementor-active\" role=\"tabpanel\" data-tab=\"2\" aria-labelledby=\"elementor-tab-title-1942\">O seu trabalho \u00e9 disponibilizado pronto, respondido e nas normas j\u00e1 na mesma hora aqui em nosso site na sua \u00e1rea de downloads e tamb\u00e9m no seu e-mail.<\/div>\n<\/div>\n<div class=\"elementor-toggle-item\">\n<div id=\"elementor-tab-content-1943\" class=\"elementor-tab-content elementor-clearfix elementor-active\" role=\"tabpanel\" data-tab=\"3\" aria-labelledby=\"elementor-tab-title-1943\">\n<h4>Em quanto tempo recebo o portf\u00f3lio?<\/h4>\n<\/div>\n<\/div>\n<div class=\"elementor-toggle-item\">\n<div id=\"elementor-tab-content-1944\" class=\"elementor-tab-content elementor-clearfix elementor-active\" role=\"tabpanel\" data-tab=\"4\" aria-labelledby=\"elementor-tab-title-1944\">\n<p>Os envios s\u00e3o imediatos. Ap\u00f3s sua compra, o trabalho j\u00e1 \u00e9 disponibilizado instantaneamente aqui em nosso site e no seu e-mail.<\/p>\n<h4>E se o portf\u00f3lio que comprei precisar de corre\u00e7\u00e3o?<\/h4>\n<\/div>\n<\/div>\n<div class=\"elementor-toggle-item\">\n<div id=\"elementor-tab-content-1945\" class=\"elementor-tab-content elementor-clearfix elementor-active\" role=\"tabpanel\" data-tab=\"5\" aria-labelledby=\"elementor-tab-title-1945\">\n<p>Caso haja alguma solicita\u00e7\u00e3o de corre\u00e7\u00e3o\/altera\u00e7\u00e3o por parte do tutor, basta entrar em contato conosco pelo\u00a0WhatsApp\u00a0que provid\u00eanciaremos sem custo algum.<\/p>\n<h4>Qual o formato do arquivo?<\/h4>\n<\/div>\n<\/div>\n<div class=\"elementor-toggle-item\">\n<div id=\"elementor-tab-content-1946\" class=\"elementor-tab-content elementor-clearfix elementor-active\" role=\"tabpanel\" data-tab=\"6\" aria-labelledby=\"elementor-tab-title-1946\">\n<p>Os arquivos s\u00e3o enviados em formato Word e s\u00e3o edit\u00e1veis.<\/p>\n<h4>Caso eu tiver alguma d\u00favida, terei suporte no p\u00f3s venda?<\/h4>\n<\/div>\n<\/div>\n<div class=\"elementor-toggle-item\">\n<div id=\"elementor-tab-content-1948\" class=\"elementor-tab-content elementor-clearfix elementor-active\" role=\"tabpanel\" data-tab=\"8\" aria-labelledby=\"elementor-tab-title-1948\">\n<p>Sim, com certeza. Basta clicar no \u00edcone do WhatsApp no cantinho da tela. Ser\u00e1 um prazer atend\u00ea-lo(a).<\/p>\n<div class=\"elementor-toggle-item\">\n<div id=\"elementor-tab-content-1948\" class=\"elementor-tab-content elementor-clearfix elementor-active\" role=\"tabpanel\" data-tab=\"8\" aria-labelledby=\"elementor-tab-title-1948\">\n<h4>Quais os seus canais de contato?<\/h4>\n<\/div>\n<\/div>\n<div class=\"elementor-toggle-item\">\n<div id=\"elementor-tab-content-1949\" class=\"elementor-tab-content elementor-clearfix elementor-active\" role=\"tabpanel\" data-tab=\"9\" aria-labelledby=\"elementor-tab-title-1949\">\n<p>Whatsapp: 53 984751621 \u2013 Clicar no canto da tela ou ESCANEIE O QRCODE ABAIXO<\/p>\n<p><img decoding=\"async\" class=\"alignnone wp-image-7603\" src=\"http:\/\/portifolioos-prontos.com\/wp-content\/uploads\/2022\/09\/portfolio-unopar-pronto-colaborar-ava-producao-textual-interdisciplinar.png\" alt=\"An\u00e1lise de aulas e metodologias ativas,portf\u00f3lio An\u00e1lise de aulas e metodologias ativas,portfolio An\u00e1lise de aulas e metodologias ativas,portfolio unopar An\u00e1lise de aulas e metodologias ativas,portf\u00f3lio unopar An\u00e1lise de aulas e metodologias ativas,portf\u00f3lio pronto An\u00e1lise de aulas e metodologias ativas,portfolio pronto An\u00e1lise de aulas e metodologias ativas,portfolio ead An\u00e1lise de aulas e metodologias ativas,portf\u00f3lio ead An\u00e1lise de aulas e metodologias ativas,portfolio anhanguera An\u00e1lise de aulas e metodologias ativas,portf\u00f3lio anhanguera An\u00e1lise de aulas e metodologias ativas,p\u00f3rtf\u00f3lio matem\u00e1tica An\u00e1lise de aulas e metodologias ativas,portfolio matematica unopar,portf\u00f3lio matem\u00e1tica,portfolio matematica,portf\u00f3lio de matem\u00e1tica pronto,portf\u00f3lio de matem\u00e1tica 9 ano,portf\u00f3lio de matem\u00e1tica um instrumento de an\u00e1lise do processo de aprendizagem,portf\u00f3lio de matem\u00e1tica nas s\u00e9ries iniciais,Portfolio pronto,portifolio pronto,portf\u00f3lio pronto,portifolios prontos,portif\u00f3lios prontos,portf\u00f3lio pronto unopar,portifolio pronto unopar,portif\u00f3lio pronto unopar,portifolios prontos unopar,portifolios prontos anhanguera,portf\u00f3lios prontos anhanguera,portf\u00f3lio pronto anhanguera,portfolios ead,portf\u00f3lios ead,portfolioead,apostileiros,portf\u00f3lio ead,portifolios ead,portif\u00f3lios ead,eadhelp,shop do acad\u00eamico,unopar portfolio,portfolio pronto ead,portfolio unopar ead,ead portfolio ava,portf\u00f3lio ead anhanguera,portf\u00f3lio ead pront,o portf\u00f3lio ead unopar,portf\u00f3lio pronto em word,pti unopar,ptg unopar,modelo de portf\u00f3lio unopar,modelo de portf\u00f3lio anhanguera,como fazer um portf\u00f3lio para faculdade,como faz portf\u00f3lio universidade,como faz portf\u00f3lios para universidade,portf\u00f3lios prontos para universidade,portf\u00f3lios pronto para faculdade,portf\u00f3lio pronto para editar,portifolios prontos para editar,portf\u00f3lio em word,portfolio em word,portf\u00f3lio em word para editar,portifolio em word para editar,portfolio unopar pronto para editar,modelo de portfolio para unopar,modelo de portif\u00f3lio para unopar,modelo de portf\u00f3lio para unopar,unopar portf\u00f3lio pronto,anhanguera portf\u00f3lio pronto,portf\u00f3lio em word pronto,comprar portf\u00f3lio pronto,como fazer um portf\u00f3lio,como fazer portf\u00f3lio digital,portfolio,portf\u00f3lio,portifolio,portif\u00f3lio,portf\u00f3lio interdisciplinar individual,portfolio interdisciplinar individual,exemplos de portf\u00f3lio para faculdade,baixar portf\u00f3lio pronto,portf\u00f3lio acad\u00eamico,portf\u00f3lio online,portfoliooead,portfolio ead,portf\u00f3lio pronto interdisciplinar individual,relat\u00f3rio de est\u00e1gio unopar,relat\u00f3rio de est\u00e1gio pronto unopar,como criar um portf\u00f3lio,o que \u00e9 um portf\u00f3lio e como fazer,portfolio exemplo,modelo de portfolio acad\u00eamico,relat\u00f3rio de est\u00e1gio gest\u00e3o escolar pronto unopar,portf\u00f3lio como fazer,prova profici\u00eancia unopar,portfolio individual est\u00e1gio curricular obrigat\u00f3rio ii anos iniciais do ensino fundamental,prova de profici\u00eancia pedagogia unopar,capa de trabalho unopar para editar,portf\u00f3lio acad\u00eamico unopar,como fazer um portf\u00f3lio acad\u00eamico,portf\u00f3lio exemplos word,portfolio acad\u00eamico,portfolio individual,portfolio individual unopar,portfolio individual anhanguera,portfolio marketing digital,portf\u00f3lio educa\u00e7\u00e3o f\u00edsica unopar,portf\u00f3lio gest\u00e3o educacional e espa\u00e7os n\u00e3o escolares,como fazer um portifolio unopar,modelo de portf\u00f3lio unopar em arquivo word,capa de portf\u00f3lio de pedagogia,como fazer um portf\u00f3lio no word,projeto integrado unopar,exemplo de portf\u00f3lio academico pedagogia\" width=\"141\" height=\"141\" srcset=\"https:\/\/portifolioos-prontos.com\/wp-content\/uploads\/2022\/09\/portfolio-unopar-pronto-colaborar-ava-producao-textual-interdisciplinar.png 150w, https:\/\/portifolioos-prontos.com\/wp-content\/uploads\/2022\/09\/portfolio-unopar-pronto-colaborar-ava-producao-textual-interdisciplinar-100x100.png 100w\" sizes=\"(max-width: 141px) 100vw, 141px\" \/><\/p>\n<\/div>\n<\/div>\n<\/div>\n<\/div>\n<div class=\"elementor-toggle-item\">\n<div id=\"elementor-tab-content-1949\" class=\"elementor-tab-content elementor-clearfix elementor-active\" role=\"tabpanel\" data-tab=\"9\" aria-labelledby=\"elementor-tab-title-1949\">\n<p>E-mail:portifoliosp@gmail.com<\/p>\n<div id=\"attachment_143\" class=\"wp-caption alignnone\">\n<div id=\"attachment_143\" class=\"wp-caption alignnone\" style=\"width: 161px;\">\n<p><a href=\"http:\/\/portifolioos-prontos.com\/\"><img decoding=\"async\" class=\"wp-image-143\" title=\"portfolio pronto unopar\" src=\"http:\/\/portifolioos-prontos.com\/wp-content\/uploads\/2022\/04\/conceitomaximo.png\" alt=\"PORTFOLIO PRONTO UNOPAR ANHANGUERA\" width=\"161\" height=\"46\" aria-describedby=\"caption-attachment-143\" \/><\/a><\/p>\n<p id=\"caption-attachment-143\" class=\"wp-caption-text\">Portf\u00f3lio em Word, respondido, completo e j\u00e1 nas normas.<\/p>\n<\/div>\n<\/div>\n<\/div>\n<\/div>\n","protected":false},"excerpt":{"rendered":"<p>Portf\u00f3lio An\u00e1lise de aulas e metodologias ativas Curso: Geografia Semestre: 5\u00b0\/6\u00b0 A proposta de Produ\u00e7\u00e3o Textual Interdisciplinar Individual (PTI) tem como tema \u201cAn\u00e1lise de aulas e Metodologias ativas\u201d. Escolhemos esta tem\u00e1tica para possibilitar a aprendizagem interdisciplinar dos conte\u00fados desenvolvidos nas disciplinas desse semestre. ORIENTA\u00c7\u00d5ES DA PRODU\u00c7\u00c3O TEXTUAL Por meio da leitura da Situa\u00e7\u00e3o Geradora de&hellip;<\/p>\n","protected":false},"featured_media":5832,"template":"","meta":{"_seopress_robots_primary_cat":"none","_seopress_titles_title":"%%post_title%% %%sitetitle%%","_seopress_titles_desc":"%%post_content%%","_seopress_robots_index":""},"product_cat":[47,62,15],"product_tag":[],"class_list":{"0":"post-5830","1":"product","2":"type-product","3":"status-publish","4":"has-post-thumbnail","6":"product_cat-licenciaturas","7":"product_cat-matematica","8":"product_cat-uncategorized","10":"first","11":"instock","12":"downloadable","13":"virtual","14":"purchasable","15":"product-type-simple","16":"col-xs-6 col-sm-4","17":"col-mf-5","18":"un-5-cols"},"jetpack_sharing_enabled":true,"_links":{"self":[{"href":"https:\/\/portifolioos-prontos.com\/index.php\/wp-json\/wp\/v2\/product\/5830","targetHints":{"allow":["GET"]}}],"collection":[{"href":"https:\/\/portifolioos-prontos.com\/index.php\/wp-json\/wp\/v2\/product"}],"about":[{"href":"https:\/\/portifolioos-prontos.com\/index.php\/wp-json\/wp\/v2\/types\/product"}],"version-history":[{"count":0,"href":"https:\/\/portifolioos-prontos.com\/index.php\/wp-json\/wp\/v2\/product\/5830\/revisions"}],"wp:featuredmedia":[{"embeddable":true,"href":"https:\/\/portifolioos-prontos.com\/index.php\/wp-json\/wp\/v2\/media\/5832"}],"wp:attachment":[{"href":"https:\/\/portifolioos-prontos.com\/index.php\/wp-json\/wp\/v2\/media?parent=5830"}],"wp:term":[{"taxonomy":"product_cat","embeddable":true,"href":"https:\/\/portifolioos-prontos.com\/index.php\/wp-json\/wp\/v2\/product_cat?post=5830"},{"taxonomy":"product_tag","embeddable":true,"href":"https:\/\/portifolioos-prontos.com\/index.php\/wp-json\/wp\/v2\/product_tag?post=5830"}],"curies":[{"name":"wp","href":"https:\/\/api.w.org\/{rel}","templated":true}]}}