{"id":5925,"date":"2022-07-31T21:10:50","date_gmt":"2022-08-01T00:10:50","guid":{"rendered":"https:\/\/portifolioos-prontos.com\/?post_type=product&#038;p=5925"},"modified":"2022-09-14T15:43:57","modified_gmt":"2022-09-14T18:43:57","slug":"atividade-pratica-farmacologia","status":"publish","type":"product","link":"https:\/\/portifolioos-prontos.com\/index.php\/product\/atividade-pratica-farmacologia\/","title":{"rendered":"ATIVIDADE PR\u00c1TICA \u2013 FARMACOLOGIA"},"content":{"rendered":"<h4>Atividade Pr\u00e1tica \u2013 Farmacologia<\/h4>\n<h4><a href=\"http:\/\/portifolioos-prontos.com\/wp-content\/uploads\/2022\/07\/portfolio.pdf\">CLIQUE AQUI PARA VISUALIZAR O ARQUIVO COM AS ORIENTA\u00c7\u00d5ES<\/a><\/h4>\n<p>OBJETIVOS<br \/>\nA proposta desta atividade pr\u00e1tica est\u00e1 amparada nos seguintes objetivos:<br \/>\n\u2013 refletir sobre a rela\u00e7\u00e3o do f\u00e1rmaco com o organismo;<br \/>\n\u2013 compreender a import\u00e2ncia do estudo da farmacocin\u00e9tica e farmacodin\u00e2mica na<br \/>\nfarmacologia;<br \/>\n\u2013 conhecer as formas farmac\u00eauticas s\u00f3lidas e l\u00edquidas de uso oral;<br \/>\n\u2013 refletir sobre as rea\u00e7\u00f5es adversas aos f\u00e1rmacos; e<br \/>\n\u2013 compreender a import\u00e2ncia da Farmacovigil\u00e2ncia para os servi\u00e7os de sa\u00fade e para<br \/>\na popula\u00e7\u00e3o.<\/p>\n<p>PROCEDIMENTOS PR\u00c1TICOS<br \/>\nAtividade proposta<br \/>\nIdentifica\u00e7\u00e3o das grandes \u00e1reas de estudo da Farmacologia, considerando os principais<br \/>\naspectos da rela\u00e7\u00e3o do f\u00e1rmaco com o organismo.<br \/>\nProcedimentos para a realiza\u00e7\u00e3o da atividade<br \/>\n1) \u00c9 amplamente reconhecido que a otimiza\u00e7\u00e3o farmacocin\u00e9tica precisa ser abordada<br \/>\nno in\u00edcio da descoberta de medicamentos para reduzir a alta taxa de falha em trazer<br \/>\nmedicamentos ao mercado. M\u00e1 absor\u00e7\u00e3o, dura\u00e7\u00e3o de a\u00e7\u00e3o muito curta devido \u00e0 alta<br \/>\ntaxa de elimina\u00e7\u00e3o ou a presen\u00e7a de metab\u00f3litos ativos s\u00e3o exemplos de<br \/>\npropriedades que podem levar a programas cl\u00ednicos malsucedidos. Voc\u00ea dever\u00e1<br \/>\npesquisar sobre a import\u00e2ncia do metabolismo no planejamento de f\u00e1rmacos. Para<br \/>\nisso, poder\u00e1 utilizar o artigo \u201cImport\u00e2ncia do metabolismo no planejamento de<br \/>\nf\u00e1rmacos.\u201d, atrav\u00e9s do link:<br \/>\nhttps:\/\/www.scielo.br\/j\/qn\/a\/jtQ9p49zfMLfDRHYkYRMn4f\/?lang=pt. Acesso 31<br \/>\njan. 2022. Durante a pesquisa \u00e9 importante que voc\u00ea anote sobre oque \u00e9 o<br \/>\nmetabolismo dos f\u00e1rmacos, sobre as tr\u00eas fases de a\u00e7\u00e3o de um f\u00e1rmaco e qual \u00e9 a<br \/>\nimport\u00e2ncia da fase farmacodin\u00e2mica e farmacocin\u00e9tica nos processos de<br \/>\ndescoberta dos novos farmacos.<br \/>\n2) Na sequ\u00eancia, voc\u00ea dever\u00e1 pesquisar sobre as formas farmac\u00eauticas de uso oral<br \/>\n(l\u00edquidas e s\u00f3lidas), as quais podem ser:<br \/>\n\u2013 S\u00f3lidas: c\u00e1psulas, comprimidos, comprimido revestido, gr\u00e2nulos, p\u00f3,<br \/>\ncomprimido efervescente, comprimidos de a\u00e7\u00e3o prolongada, de a\u00e7\u00e3o lenta;<br \/>\n\u2013 L\u00edquidas: xarope, suspens\u00e3o, solu\u00e7\u00e3o gotas, emuls\u00f5es.<\/p>\n<p>Voc\u00ea escolher\u00e1 uma forma forma farmac\u00eautica de uso oral l\u00edquida ou s\u00f3lida<br \/>\ne ir\u00e1 observar a rela\u00e7\u00e3o entre composi\u00e7\u00e3o, forma farmac\u00eautica, indica\u00e7\u00f5es e<br \/>\ncontraindica\u00e7\u00f5es conforme aditivos, conservantes, corantes e outras<br \/>\nsubst\u00e2ncias usadas na formula\u00e7\u00e3o destes medicamentos. Observar os<br \/>\ncuidados na administra\u00e7\u00e3o e conserva\u00e7\u00e3o dos medicamentos conforme sua<br \/>\ncomposi\u00e7\u00e3o e forma farmac\u00eautica e nas diversas formas farmac\u00eauticas:<br \/>\nobservar as caracter\u00edsticas relevantes quanto ao tempo de absor\u00e7\u00e3o,<br \/>\ndistribui\u00e7\u00e3o, pico de a\u00e7\u00e3o, dura\u00e7\u00e3o de a\u00e7\u00e3o, intera\u00e7\u00f5es e rea\u00e7\u00f5es adversas,<br \/>\nal\u00e9m de coletar exemplos de medicamentos que apresentem tais formas.<br \/>\n3) Ap\u00f3s o levantamento dessas informa\u00e7\u00f5es, voc\u00ea refletir\u00e1 sobre as rea\u00e7\u00f5es adversas<br \/>\naos f\u00e1rmacos. Possivelmente, voc\u00ea j\u00e1 tomou algum medicamento e de repente<br \/>\ncome\u00e7ou a sentir n\u00e1useas ou tontura? Isso pode ser uma rea\u00e7\u00e3o adversa aos<br \/>\nmedicamentos. Voc\u00ea dever\u00e1 pesquisar sobre o conceito das rea\u00e7\u00f5es adversas a<br \/>\nmedicamentos, qual \u00e9 a ci\u00eancia respons\u00e1vel por identificar, avaliar, compreender e<br \/>\nprevenir os efeitos adversos ou quaisquer problemas relacionados aos<br \/>\nmedicamentos e qual \u00e9 o principal instrumento utilizado para poder relatar um<br \/>\nevento adverso a medicamento \u00e0 ANVISA.<br \/>\nPara isso, poder\u00e1 acessar a Biblioteca Virtual e buscar pelo livro: MASTROIANNI,<br \/>\nP. VARALLO, F.R. Farmacovigil\u00e2ncia para promo\u00e7\u00e3o do uso correto do<br \/>\nmedicamento. Porto Alegre: Artmed, 2013.<br \/>\n4) Ap\u00f3s o levantamento de tais informa\u00e7\u00f5es, voc\u00ea dever\u00e1 elaborar um texto, que<br \/>\nintegre e relacione os seguintes pontos levantados: a import\u00e2ncia do metabolismo<br \/>\nno planejamento de f\u00e1rmacos, quais s\u00e3o as estrat\u00e9gias para aumentar a<br \/>\nestabilidade metab\u00f3lica, import\u00e2ncia da farmacocin\u00e9tica e farmacodin\u00e2mica no<br \/>\nprocesso de descoberta de novos f\u00e1rmacos, a rela\u00e7\u00e3o entre composi\u00e7\u00e3o, forma<br \/>\nfarmac\u00eautica, indica\u00e7\u00f5es e contraindica\u00e7\u00f5es conforme aditivos, conservantes,<br \/>\ncorantes e outras subst\u00e2ncias utilizadas na formula\u00e7\u00e3o das formas farmac\u00eauticas<br \/>\norais (l\u00edquidas ou s\u00f3lidas).<br \/>\nVoc\u00ea dever\u00e1 postar o material, contendo:<br \/>\na) Introdu\u00e7\u00e3o: Apresenta\u00e7\u00e3o dos objetivos da pr\u00e1tica.<br \/>\nb) Desenvolvimento: Apresenta\u00e7\u00e3o dos conte\u00fados da pesquisa.<br \/>\nc) Conclus\u00e3o: Para a finaliza\u00e7\u00e3o do texto, deve ser feita uma retomada do tema<br \/>\ncom a s\u00edntese da discuss\u00e3o proposta.<br \/>\nImportante: O trabalho deve ser enviado em formato Word. N\u00e3o ser\u00e3o aceitos, sob<br \/>\nnenhuma hip\u00f3tese, trabalhos enviados em PDF.<\/p>\n<div class=\"elementor-toggle-item\">\n<h4 id=\"elementor-tab-title-1941\" class=\"elementor-tab-title elementor-active\" tabindex=\"0\" role=\"tab\" data-tab=\"1\" aria-controls=\"elementor-tab-content-1941\" aria-expanded=\"true\" aria-selected=\"true\">Como funciona?<\/h4>\n<div id=\"elementor-tab-content-1941\" class=\"elementor-tab-content elementor-clearfix elementor-active\" role=\"tabpanel\" data-tab=\"1\" aria-labelledby=\"elementor-tab-title-1941\">\n<p>Elaboramos os portf\u00f3lios, j\u00e1 deixamos prontos, nas normas da ABNT e conforme os requisitos da universidade. F\u00e1cil assim! O MELHOR \u00c9 QUE VOC\u00ca COMPRA E J\u00c1 BAIXA NA HORA O SEU ARQUIVO EM WORD! Sabemos que conciliar trabalho, fam\u00edlia, vida profissional e estudos \u00e9 dif\u00edcil hoje em dia, por isso, estamos aqui para ajudar voc\u00ea. Conte com nossa qualidade, experi\u00eancia e profissionalismo adquirindo seu portf\u00f3lio conosco. GARANTIMOS SEU CONCEITO!<\/p>\n<h4>Como se realizam os envios?<\/h4>\n<\/div>\n<\/div>\n<div class=\"elementor-toggle-item\">\n<div id=\"elementor-tab-content-1942\" class=\"elementor-tab-content elementor-clearfix elementor-active\" role=\"tabpanel\" data-tab=\"2\" aria-labelledby=\"elementor-tab-title-1942\">O seu trabalho \u00e9 disponibilizado pronto, respondido e nas normas j\u00e1 na mesma hora aqui em nosso site na sua \u00e1rea de downloads e tamb\u00e9m no seu e-mail.<\/div>\n<\/div>\n<div class=\"elementor-toggle-item\">\n<div id=\"elementor-tab-content-1943\" class=\"elementor-tab-content elementor-clearfix elementor-active\" role=\"tabpanel\" data-tab=\"3\" aria-labelledby=\"elementor-tab-title-1943\">\n<h4>Em quanto tempo recebo o portf\u00f3lio?<\/h4>\n<\/div>\n<\/div>\n<div class=\"elementor-toggle-item\">\n<div id=\"elementor-tab-content-1944\" class=\"elementor-tab-content elementor-clearfix elementor-active\" role=\"tabpanel\" data-tab=\"4\" aria-labelledby=\"elementor-tab-title-1944\">\n<p>Os envios s\u00e3o imediatos. Ap\u00f3s sua compra, o trabalho j\u00e1 \u00e9 disponibilizado instantaneamente aqui em nosso site e no seu e-mail.<\/p>\n<h4>E se o portf\u00f3lio que comprei precisar de corre\u00e7\u00e3o?<\/h4>\n<\/div>\n<\/div>\n<div class=\"elementor-toggle-item\">\n<div id=\"elementor-tab-content-1945\" class=\"elementor-tab-content elementor-clearfix elementor-active\" role=\"tabpanel\" data-tab=\"5\" aria-labelledby=\"elementor-tab-title-1945\">\n<p>Caso haja alguma solicita\u00e7\u00e3o de corre\u00e7\u00e3o\/altera\u00e7\u00e3o por parte do tutor, basta entrar em contato conosco pelo\u00a0WhatsApp\u00a0que provid\u00eanciaremos sem custo algum.<\/p>\n<h4>Qual o formato do arquivo?<\/h4>\n<\/div>\n<\/div>\n<div class=\"elementor-toggle-item\">\n<div id=\"elementor-tab-content-1946\" class=\"elementor-tab-content elementor-clearfix elementor-active\" role=\"tabpanel\" data-tab=\"6\" aria-labelledby=\"elementor-tab-title-1946\">\n<p>Os arquivos s\u00e3o enviados em formato Word e s\u00e3o edit\u00e1veis.<\/p>\n<h4>Caso eu tiver alguma d\u00favida, terei suporte no p\u00f3s venda?<\/h4>\n<\/div>\n<\/div>\n<div class=\"elementor-toggle-item\">\n<div id=\"elementor-tab-content-1948\" class=\"elementor-tab-content elementor-clearfix elementor-active\" role=\"tabpanel\" data-tab=\"8\" aria-labelledby=\"elementor-tab-title-1948\">\n<p>Sim, com certeza. Basta clicar no \u00edcone do WhatsApp no cantinho da tela. Ser\u00e1 um prazer atend\u00ea-lo(a).<\/p>\n<div class=\"elementor-toggle-item\">\n<div id=\"elementor-tab-content-1948\" class=\"elementor-tab-content elementor-clearfix elementor-active\" role=\"tabpanel\" data-tab=\"8\" aria-labelledby=\"elementor-tab-title-1948\">\n<h4>Quais os seus canais de contato?<\/h4>\n<\/div>\n<\/div>\n<div class=\"elementor-toggle-item\">\n<div id=\"elementor-tab-content-1949\" class=\"elementor-tab-content elementor-clearfix elementor-active\" role=\"tabpanel\" data-tab=\"9\" aria-labelledby=\"elementor-tab-title-1949\">\n<p>Whatsapp: 53 984751621 \u2013 Clicar no canto da tela ou ESCANEIE O QRCODE ABAIXO<\/p>\n<p><img decoding=\"async\" class=\"alignnone wp-image-7603\" src=\"http:\/\/portifolioos-prontos.com\/wp-content\/uploads\/2022\/09\/portfolio-unopar-pronto-colaborar-ava-producao-textual-interdisciplinar.png\" alt=\"FARMACOLOGIA,portfolio FARMACOLOGIA,portfolio unopar FARMACOLOGIA,portf\u00f3lio pronto FARMACOLOGIA,atividade pratica FARMACOLOGIA,portfolio atividade pratica FARMACOLOGIA,portfolio pronto atividade pratica FARMACOLOGIA,pti FARMACOLOGIA,ptg FARMACOLOGIA,trabalho pronto FARMACOLOGIA,modelo de trabalho FARMACOLOGIA,anhanguera FARMACOLOGIA,atividade pratica unopar FARMACOLOGIA,atividade pratica anhanguera FARMACOLOGIA,portfolio farm\u00e1cia,portfolio farmacia,portfolio farmacia manipula\u00e7\u00e3o,Portfolio pronto,portifolio pronto,portf\u00f3lio pronto,portifolios prontos,portif\u00f3lios prontos,portf\u00f3lio pronto unopar,portifolio pronto unopar,portif\u00f3lio pronto unopar,portifolios prontos unopar,portifolios prontos anhanguera,portf\u00f3lios prontos anhanguera,portf\u00f3lio pronto anhanguera,portfolios ead,portf\u00f3lios ead,portfolioead,apostileiros,portf\u00f3lio ead,portifolios ead,portif\u00f3lios ead,eadhelp,shop do acad\u00eamico,unopar portfolio,portfolio pronto ead,portfolio unopar ead,ead portfolio ava,portf\u00f3lio ead anhanguera,portf\u00f3lio ead pront,o portf\u00f3lio ead unopar,portf\u00f3lio pronto em word,pti unopar,ptg unopar,modelo de portf\u00f3lio unopar,modelo de portf\u00f3lio anhanguera,como fazer um portf\u00f3lio para faculdade,como faz portf\u00f3lio universidade,como faz portf\u00f3lios para universidade,portf\u00f3lios prontos para universidade,portf\u00f3lios pronto para faculdade,portf\u00f3lio pronto para editar,portifolios prontos para editar,portf\u00f3lio em word,portfolio em word,portf\u00f3lio em word para editar,portifolio em word para editar,portfolio unopar pronto para editar,modelo de portfolio para unopar,modelo de portif\u00f3lio para unopar,modelo de portf\u00f3lio para unopar,unopar portf\u00f3lio pronto,anhanguera portf\u00f3lio pronto,portf\u00f3lio em word pronto,comprar portf\u00f3lio pronto,como fazer um portf\u00f3lio,como fazer portf\u00f3lio digital,portfolio,portf\u00f3lio,portifolio,portif\u00f3lio,portf\u00f3lio interdisciplinar individual,portfolio interdisciplinar individual,exemplos de portf\u00f3lio para faculdade,baixar portf\u00f3lio pronto,portf\u00f3lio acad\u00eamico,portf\u00f3lio online,portfoliooead,portfolio ead,portf\u00f3lio pronto interdisciplinar individual,relat\u00f3rio de est\u00e1gio unopar,relat\u00f3rio de est\u00e1gio pronto unopar,como criar um portf\u00f3lio,o que \u00e9 um portf\u00f3lio e como fazer,portfolio exemplo,modelo de portfolio acad\u00eamico,relat\u00f3rio de est\u00e1gio gest\u00e3o escolar pronto unopar,portf\u00f3lio como fazer,prova profici\u00eancia unopar,portfolio individual est\u00e1gio curricular obrigat\u00f3rio ii anos iniciais do ensino fundamental,prova de profici\u00eancia pedagogia unopar,capa de trabalho unopar para editar,portf\u00f3lio acad\u00eamico unopar,como fazer um portf\u00f3lio acad\u00eamico,portf\u00f3lio exemplos word,portfolio acad\u00eamico,portfolio individual,portfolio individual unopar,portfolio individual anhanguera,portfolio marketing digital,portf\u00f3lio educa\u00e7\u00e3o f\u00edsica unopar,portf\u00f3lio gest\u00e3o educacional e espa\u00e7os n\u00e3o escolares,como fazer um portifolio unopar,modelo de portf\u00f3lio unopar em arquivo word,capa de portf\u00f3lio de pedagogia,como fazer um portf\u00f3lio no word,projeto integrado unopar,exemplo de portf\u00f3lio academico pedagogia\" width=\"141\" height=\"141\" srcset=\"https:\/\/portifolioos-prontos.com\/wp-content\/uploads\/2022\/09\/portfolio-unopar-pronto-colaborar-ava-producao-textual-interdisciplinar.png 150w, https:\/\/portifolioos-prontos.com\/wp-content\/uploads\/2022\/09\/portfolio-unopar-pronto-colaborar-ava-producao-textual-interdisciplinar-100x100.png 100w\" sizes=\"(max-width: 141px) 100vw, 141px\" \/><\/p>\n<\/div>\n<\/div>\n<\/div>\n<\/div>\n<div class=\"elementor-toggle-item\">\n<div id=\"elementor-tab-content-1949\" class=\"elementor-tab-content elementor-clearfix elementor-active\" role=\"tabpanel\" data-tab=\"9\" aria-labelledby=\"elementor-tab-title-1949\">\n<p>E-mail:portifoliosp@gmail.com<\/p>\n<div id=\"attachment_143\" class=\"wp-caption alignnone\" style=\"width: 133px;\">\n<p><a href=\"http:\/\/portifolioos-prontos.com\/\"><img decoding=\"async\" class=\"wp-image-143 \" title=\"portfolio pronto unopar\" src=\"http:\/\/portifolioos-prontos.com\/wp-content\/uploads\/2022\/04\/conceitomaximo.png\" alt=\"portfolio pronto unopar\" width=\"133\" height=\"38\" aria-describedby=\"caption-attachment-143\" \/><\/a><\/p>\n<p id=\"caption-attachment-143\" class=\"wp-caption-text\">portfolio pronto unopar<\/p>\n<\/div>\n<\/div>\n<\/div>\n","protected":false},"excerpt":{"rendered":"<p>Atividade Pr\u00e1tica \u2013 Farmacologia CLIQUE AQUI PARA VISUALIZAR O ARQUIVO COM AS ORIENTA\u00c7\u00d5ES OBJETIVOS A proposta desta atividade pr\u00e1tica est\u00e1 amparada nos seguintes objetivos: \u2013 refletir sobre a rela\u00e7\u00e3o do f\u00e1rmaco com o organismo; \u2013 compreender a import\u00e2ncia do estudo da farmacocin\u00e9tica e farmacodin\u00e2mica na farmacologia; \u2013 conhecer as formas farmac\u00eauticas s\u00f3lidas e l\u00edquidas de&hellip;<\/p>\n","protected":false},"featured_media":7454,"template":"","meta":{"_seopress_robots_primary_cat":"none","_seopress_titles_title":"%%post_title%% %%sitetitle%%","_seopress_titles_desc":"%%post_content%%","_seopress_robots_index":""},"product_cat":[30,15],"product_tag":[],"class_list":{"0":"post-5925","1":"product","2":"type-product","3":"status-publish","4":"has-post-thumbnail","6":"product_cat-farmacia","7":"product_cat-uncategorized","9":"first","10":"instock","11":"downloadable","12":"virtual","13":"purchasable","14":"product-type-simple","15":"col-xs-6 col-sm-4","16":"col-mf-5","17":"un-5-cols"},"jetpack_sharing_enabled":true,"_links":{"self":[{"href":"https:\/\/portifolioos-prontos.com\/index.php\/wp-json\/wp\/v2\/product\/5925","targetHints":{"allow":["GET"]}}],"collection":[{"href":"https:\/\/portifolioos-prontos.com\/index.php\/wp-json\/wp\/v2\/product"}],"about":[{"href":"https:\/\/portifolioos-prontos.com\/index.php\/wp-json\/wp\/v2\/types\/product"}],"version-history":[{"count":0,"href":"https:\/\/portifolioos-prontos.com\/index.php\/wp-json\/wp\/v2\/product\/5925\/revisions"}],"wp:featuredmedia":[{"embeddable":true,"href":"https:\/\/portifolioos-prontos.com\/index.php\/wp-json\/wp\/v2\/media\/7454"}],"wp:attachment":[{"href":"https:\/\/portifolioos-prontos.com\/index.php\/wp-json\/wp\/v2\/media?parent=5925"}],"wp:term":[{"taxonomy":"product_cat","embeddable":true,"href":"https:\/\/portifolioos-prontos.com\/index.php\/wp-json\/wp\/v2\/product_cat?post=5925"},{"taxonomy":"product_tag","embeddable":true,"href":"https:\/\/portifolioos-prontos.com\/index.php\/wp-json\/wp\/v2\/product_tag?post=5925"}],"curies":[{"name":"wp","href":"https:\/\/api.w.org\/{rel}","templated":true}]}}