{"id":5964,"date":"2022-08-01T10:15:24","date_gmt":"2022-08-01T13:15:24","guid":{"rendered":"https:\/\/portifolioos-prontos.com\/?post_type=product&#038;p=5964"},"modified":"2022-10-06T14:59:57","modified_gmt":"2022-10-06T17:59:57","slug":"portfolio-organizando-um-material-online-complementar-para-o-ensino-medio","status":"publish","type":"product","link":"https:\/\/portifolioos-prontos.com\/index.php\/product\/portfolio-organizando-um-material-online-complementar-para-o-ensino-medio\/","title":{"rendered":"Portf\u00f3lio Organizando um material online complementar para o Ensino M\u00e9dio"},"content":{"rendered":"<h4>Portf\u00f3lio Organizando um material online complementar para o Ensino M\u00e9dio<\/h4>\n<h4>Curso: Segunda Licenciatura em Matem\u00e1tica Semestre: 2\u00ba<\/h4>\n<p>Prezado aluno(a),<br \/>\nSeja bem-vindo a este semestre!<br \/>\nA proposta de Produ\u00e7\u00e3o Textual ter\u00e1 como tem\u00e1tica: <a href=\"http:\/\/portifolioos-prontos.com\"><strong>Organizando um material online<\/strong><\/a><br \/>\n<a href=\"https:\/\/portifolioos-prontos.com\/index.php\/home\/\"><strong>complementar para o Ensino M\u00e9dio<\/strong><\/a>. Escolhemos esta tem\u00e1tica para possibilitar a aprendizagem<br \/>\ninterdisciplinar dos conte\u00fados desenvolvidos nas disciplinas desse semestre.<br \/>\nInicialmente, \u00e9 importante que voc\u00ea realize a leitura atenta da situa\u00e7\u00e3o descrita para, na sequ\u00eancia,<br \/>\nseguir as orienta\u00e7\u00f5es apresentadas em cada uma das etapas subsequentes de modo a organizar suas<br \/>\nideias para a conclus\u00e3o deste trabalho.<\/p>\n<p>SITUA\u00c7\u00c3O GERADORA DE APRENDIZAGEM (SGA)<\/p>\n<p>A pandemia da COVID-19 ocasionou muitas mudan\u00e7as na sociedade, influenciando<br \/>\ndiretamente o ensino nas escolas, desde os n\u00edveis mais b\u00e1sicos at\u00e9 os mais avan\u00e7ados. Considerando<br \/>\no momento atual, \u00e9 preciso repensar os processos de ensino e aprendizagem buscando considerar<br \/>\ntais mudan\u00e7as para contribuir com o aprendizado efetivo dos alunos.<br \/>\nNesse sentido, suponha que voc\u00ea atua como professor de Matem\u00e1tica para turmas do Ensino<br \/>\nM\u00e9dio em uma escola da Educa\u00e7\u00e3o B\u00e1sica. Para o ano letivo atual, os alunos ter\u00e3o aulas presenciais,<br \/>\nretornando ao modelo anterior \u00e0 pandemia. No entanto, ap\u00f3s discuss\u00f5es realizadas em reuni\u00f5es<br \/>\npedag\u00f3gicas, percebeu-se diversas lacunas de aprendizagem causadas, principalmente, pelas<br \/>\nmudan\u00e7as nas modalidades de ensino ocorridas devido \u00e0 pandemia. Por isso, a equipe pedag\u00f3gica<br \/>\nprop\u00f4s aos professores a elabora\u00e7\u00e3o e disponibiliza\u00e7\u00e3o de materiais adicionais para contribuir com a<br \/>\nretomada e aprofundamento de conte\u00fados estudados durante a pandemia.<br \/>\nA equipe de Matem\u00e1tica decidiu utilizar o Google Sites para apresentar aos alunos conte\u00fados<br \/>\npara complementa\u00e7\u00e3o dos estudos. Assim, voc\u00ea e os outros professores de Matem\u00e1tica elaborar\u00e3o<br \/>\numa \u00fanica p\u00e1gina contemplando conhecimentos matem\u00e1ticos diversos, voltados a todas as turmas<br \/>\ndo Ensino M\u00e9dio.<br \/>\nConfira a seguir quais materiais voc\u00ea dever\u00e1 produzir para esse trabalho!<\/p>\n<p>SITUA\u00c7\u00c3O-PROBLEMA (SP)<\/p>\n<p>Para a composi\u00e7\u00e3o da p\u00e1gina do Google Sites para o ensino de Matem\u00e1tica, voltada a<br \/>\nestudantes do Ensino M\u00e9dio, voc\u00ea dever\u00e1 elaborar os seguintes materiais.<\/p>\n<p><strong>Tarefa 1: Elaborando uma atividade<\/strong><br \/>\nVoc\u00ea dever\u00e1 elaborar uma atividade que ser\u00e1 proposta aos estudantes por meio do Google<br \/>\nSites relacionada \u00e0 Geometria Plana. Voc\u00ea poder\u00e1 utilizar objetos de aprendizagem, propor<br \/>\nproblemas para serem resolvidos, tarefas investigativas, entre outras possibilidades etc. Mas lembrese que essa atividade ser\u00e1 proposta de forma online aos estudantes.<br \/>\nPara essa atividade, voc\u00ea dever\u00e1 escolher apenas UM dos temas listados abaixo:<br \/>\n\u2022 Pol\u00edgonos;<br \/>\n\u2022 C\u00edrculos e circunfer\u00eancias;<br \/>\n\u2022 Per\u00edmetro de figuras planas;<br \/>\n\u2022 \u00c1rea de figuras planas.<\/p>\n<p>Essa atividade dever\u00e1 contemplar as seguintes informa\u00e7\u00f5es:<br \/>\nT\u00edtulo da atividade.<br \/>\nConte\u00fado (com a indica\u00e7\u00e3o detalhada dos conceitos abordados na atividade).<br \/>\nObjetivos.<br \/>\nTipo de atividade com a metodologia escolhida (resolu\u00e7\u00e3o de problema, tarefa de investiga\u00e7\u00e3o,<br \/>\nuso de recurso tecnol\u00f3gico etc.).<br \/>\nA compet\u00eancia espec\u00edfica e a habilidade da Base Nacional Comum Curricular (BNCC), que podem<br \/>\nser relacionadas com a atividade.<br \/>\nEnunciado da atividade contendo todas as informa\u00e7\u00f5es necess\u00e1rias, inclusive as figuras e link do<br \/>\nobjeto de aprendizagem, caso existam.<br \/>\nGabarito da atividade, com a resolu\u00e7\u00e3o detalhada e comentada.<br \/>\nPara consultar as compet\u00eancias espec\u00edficas e habilidades da Base Nacional Comum Curricular,<br \/>\nacesse o link: &lt;http:\/\/basenacionalcomum.mec.gov.br\/abase\/#medio\/matematica-e-suastecnologias-no-ensino-medio-competencias-especificas-e-habilidades&gt; (acesso em 18 jun. 2022).<br \/>\nA produ\u00e7\u00e3o referente a essa tarefa, contemplando todos os itens indicados no quadro acima,<br \/>\ndeve contemplar de uma a duas p\u00e1ginas.<\/p>\n<p><strong>Tarefa 2: Contextualiza\u00e7\u00e3o hist\u00f3rica<\/strong><br \/>\nO segundo material que voc\u00ea dever\u00e1 elaborar \u00e9 um texto apresentando uma contextualiza\u00e7\u00e3o<br \/>\nhist\u00f3rica para algum conceito abordado pelo C\u00e1lculo Diferencial e Integral e que esteja relacionado<br \/>\naos conte\u00fados de Matem\u00e1tica abordados no Ensino M\u00e9dio.<br \/>\nPara a elabora\u00e7\u00e3o desse texto, voc\u00ea dever\u00e1 fazer pesquisas em livros de Hist\u00f3ria da<br \/>\nMatem\u00e1tica e\/ou em trabalhos acad\u00eamicos (disserta\u00e7\u00f5es, teses, artigos, entre outros), de modo a<br \/>\ncompor um texto que apresente aspectos hist\u00f3ricos relacionados ao desenvolvimento do conte\u00fado<br \/>\nescolhido. O seu texto deve apresentar uma fundamenta\u00e7\u00e3o te\u00f3rica adequada e deve ser constru\u00eddo<br \/>\na partir de, pelo menos, dois autores diferentes. O seu texto dever\u00e1 ser autoral, mas poder\u00e1 conter<br \/>\ncita\u00e7\u00f5es, desde que feitas corretamente segundo as normas da ABNT.<\/p>\n<p>Lembre-se que o seu texto ser\u00e1 voltado aos estudantes, ent\u00e3o sua linguagem deve atender a<br \/>\nesse p\u00fablico. No entanto, voc\u00ea deve elaborar um texto acad\u00eamico, utilizando as normas da ABNT.<br \/>\nVoc\u00ea tamb\u00e9m pode utilizar figuras para ilustrar seu texto, desde que n\u00e3o exceda meia p\u00e1gina em<br \/>\ntodo o texto quando consideramos todas as figuras. Tamb\u00e9m n\u00e3o esque\u00e7a de citar corretamente as<br \/>\nfontes das imagens.<br \/>\nEsse texto deve contemplar duas p\u00e1ginas.<\/p>\n<p><strong>Tarefa 3: Sele\u00e7\u00e3o de v\u00eddeo<\/strong><br \/>\nNessa tarefa, voc\u00ea dever\u00e1 pesquisar um v\u00eddeo para ser sugerido aos estudantes como<br \/>\ncomplementa\u00e7\u00e3o dos conte\u00fados estudados.<br \/>\nO tema que dever\u00e1 ser abordado nesse v\u00eddeo \u00e9 fun\u00e7\u00e3o polinomial de 1\u00ba grau. Associado a<br \/>\nesse v\u00eddeo, voc\u00ea dever\u00e1 indicar as seguintes informa\u00e7\u00f5es: O t\u00edtulo do v\u00eddeo.<br \/>\nO link e a data de acesso ao v\u00eddeo.<br \/>\nO tipo de v\u00eddeo (resolu\u00e7\u00e3o de exerc\u00edcios, abordagem hist\u00f3rica, explica\u00e7\u00e3o para algum conceito<br \/>\netc.).<br \/>\nO conte\u00fado matem\u00e1tico abordado no v\u00eddeo.<br \/>\nA compet\u00eancia espec\u00edfica e a habilidade da Base Nacional Comum Curricular (BNCC), que podem<br \/>\nser relacionadas ao v\u00eddeo.<br \/>\nUma descri\u00e7\u00e3o para o v\u00eddeo que ser\u00e1 destinada aos estudantes que acessar\u00e3o a p\u00e1gina,<br \/>\ncontemplando um resumo do assunto abordado e apresentando orienta\u00e7\u00f5es de como esse v\u00eddeo<br \/>\npode contribuir para os estudos.<br \/>\nPara consultar as compet\u00eancias e habilidades da BNCC, utilize o mesmo link apresentado nas<br \/>\norienta\u00e7\u00f5es da tarefa 1.<br \/>\nA produ\u00e7\u00e3o desse material, incluindo todos os t\u00f3picos indicados no quadro acima para o<br \/>\nv\u00eddeo, deve contemplar uma p\u00e1gina.<\/p>\n<p><strong>Tarefa 4: Estrutura\u00e7\u00e3o do Google <a href=\"https:\/\/portifolioos-prontos.com\/index.php\/home\/\">Sites<\/a><\/strong><br \/>\nAp\u00f3s a produ\u00e7\u00e3o desses materiais, voc\u00ea deve estruturar o Google Sites e inserir os materiais<br \/>\nque voc\u00ea produziu.<br \/>\nAcesse inicialmente os materiais listados abaixo. Eles possuem instru\u00e7\u00f5es de como utilizar o<br \/>\nGoogle Sites. Veja que para utiliz\u00e1-lo voc\u00ea deve ter uma conta no Google, o que pode ser obtido<br \/>\ncadastrando um @gmail.<br \/>\n\u2022 Google Sites &#8211; Aprenda a montar um site pessoal ou para sua escola usando o Google Sites:<br \/>\n&lt;https:\/\/youtu.be\/eaXWSpYDSa4&gt; (acesso em 18 jun. 2022);<br \/>\n\u2022 Google Sites (F\u00e1cil): &lt;https:\/\/youtu.be\/xmstg7C0aMg&gt; (acesso em 18 jun. 2022);<br \/>\n\u2022 Como usar o Google Sites: &lt;https:\/\/support.google.com\/sites\/answer\/6372878?hl=pt-BR&gt;<br \/>\n(acesso em 18 jun. 2022).<br \/>\nAp\u00f3s fazer login em sua conta Google, acesse &lt;https:\/\/sites.google.com\/new&gt; e comece a<br \/>\neditar o seu site. Voc\u00ea poder\u00e1 estruturar o layout (formato) dessa p\u00e1gina como desejar, podendo<br \/>\ninclusive adaptar modelos prontos e indicados pelo pr\u00f3prio Google. Por\u00e9m, dever\u00e1 inserir todos os<br \/>\nmateriais produzidos nas tarefas 1, 2 e 3. Nessa p\u00e1gina, voc\u00ea tamb\u00e9m dever\u00e1 inserir, junto ao t\u00edtulo,<br \/>\no seu nome, indicando que se trata de sua produ\u00e7\u00e3o.<br \/>\nAbaixo seguem algumas sugest\u00f5es para a inser\u00e7\u00e3o das atividades.<br \/>\n\u2022 Para a inser\u00e7\u00e3o do material da tarefa 1, voc\u00ea pode criar um formul\u00e1rio do Google, que<br \/>\ninclusive permite ao estudante enviar as respostas para o autor. Para a inser\u00e7\u00e3o no Google Sites, voc\u00ea<br \/>\npode colocar apenas o t\u00edtulo e o enunciado da atividade.<br \/>\n\u2022 Para a tarefa 2, voc\u00ea pode inserir na pr\u00f3pria p\u00e1gina como caixa de texto, ou organizar a<br \/>\npartir de t\u00f3picos, ou ainda, utilizar outra ferramenta dispon\u00edvel no Google Sites, como o<br \/>\nApresenta\u00e7\u00f5es Google, por exemplo.<br \/>\n\u2022 No caso da tarefa 3, para v\u00eddeos do Youtube \u00e9 poss\u00edvel inserir o link diretamente pela<br \/>\nplataforma de edi\u00e7\u00e3o do site. Por\u00e9m, n\u00e3o se esque\u00e7a de inserir uma caixa de texto junto ao v\u00eddeo<br \/>\ncontendo apenas o coment\u00e1rio direcionado ao estudante, conforme as orienta\u00e7\u00f5es da tarefa 3.<br \/>\nPara concluir essa tarefa, voc\u00ea dever\u00e1 apresentar, na produ\u00e7\u00e3o textual:<\/p>\n<p>O t\u00edtulo da p\u00e1gina do Google Sites.<br \/>\nO link e a data de acesso \u00e0 p\u00e1gina (n\u00e3o esque\u00e7a de publicar sua p\u00e1gina para que possa ser<br \/>\nacessada a partir do link).<br \/>\nDe 1 a 3 imagens (\u201cprints\u201d) da p\u00e1gina do Google Sites elaborada por voc\u00ea. Essas imagens devem<br \/>\nestar em quantidade suficiente para evidenciar a inser\u00e7\u00e3o de todos os materiais produzidos nas<br \/>\ntarefas 1, 2 e 3 nessa p\u00e1gina.<br \/>\nEssa tarefa da produ\u00e7\u00e3o, que deve incluir todos os itens indicados no quadro acima, precisa<br \/>\ncontemplar uma a duas p\u00e1ginas.<\/p>\n<div class=\"elementor-toggle-item\">\n<h4 id=\"elementor-tab-title-1941\" class=\"elementor-tab-title elementor-active\" tabindex=\"0\" role=\"tab\" data-tab=\"1\" aria-controls=\"elementor-tab-content-1941\" aria-expanded=\"true\" aria-selected=\"true\">Como funciona?<\/h4>\n<div id=\"elementor-tab-content-1941\" class=\"elementor-tab-content elementor-clearfix elementor-active\" role=\"tabpanel\" data-tab=\"1\" aria-labelledby=\"elementor-tab-title-1941\">\n<p>Elaboramos os portf\u00f3lios, j\u00e1 deixamos prontos, nas normas da ABNT e conforme os requisitos da universidade. F\u00e1cil assim! O MELHOR \u00c9 QUE VOC\u00ca COMPRA E J\u00c1 BAIXA NA HORA O SEU ARQUIVO EM WORD! Sabemos que conciliar trabalho, fam\u00edlia, vida profissional e estudos \u00e9 dif\u00edcil hoje em dia, por isso, estamos aqui para ajudar voc\u00ea. Conte com nossa qualidade, experi\u00eancia e profissionalismo adquirindo seu portf\u00f3lio conosco. GARANTIMOS SEU CONCEITO!<\/p>\n<h4>Como se realizam os envios?<\/h4>\n<\/div>\n<\/div>\n<div class=\"elementor-toggle-item\">\n<div id=\"elementor-tab-content-1942\" class=\"elementor-tab-content elementor-clearfix elementor-active\" role=\"tabpanel\" data-tab=\"2\" aria-labelledby=\"elementor-tab-title-1942\">O seu trabalho \u00e9 disponibilizado pronto, respondido e nas normas j\u00e1 na mesma hora aqui em nosso site na sua \u00e1rea de downloads e tamb\u00e9m no seu e-mail.<\/div>\n<\/div>\n<div class=\"elementor-toggle-item\">\n<div id=\"elementor-tab-content-1943\" class=\"elementor-tab-content elementor-clearfix elementor-active\" role=\"tabpanel\" data-tab=\"3\" aria-labelledby=\"elementor-tab-title-1943\">\n<h4>Em quanto tempo recebo o portf\u00f3lio?<\/h4>\n<\/div>\n<\/div>\n<div class=\"elementor-toggle-item\">\n<div id=\"elementor-tab-content-1944\" class=\"elementor-tab-content elementor-clearfix elementor-active\" role=\"tabpanel\" data-tab=\"4\" aria-labelledby=\"elementor-tab-title-1944\">\n<p>Os envios s\u00e3o imediatos. Ap\u00f3s sua compra, o trabalho j\u00e1 \u00e9 disponibilizado instantaneamente aqui em nosso site e no seu e-mail.<\/p>\n<h4>E se o portf\u00f3lio que comprei precisar de corre\u00e7\u00e3o?<\/h4>\n<\/div>\n<\/div>\n<div class=\"elementor-toggle-item\">\n<div id=\"elementor-tab-content-1945\" class=\"elementor-tab-content elementor-clearfix elementor-active\" role=\"tabpanel\" data-tab=\"5\" aria-labelledby=\"elementor-tab-title-1945\">\n<p>Caso haja alguma solicita\u00e7\u00e3o de corre\u00e7\u00e3o\/altera\u00e7\u00e3o por parte do tutor, basta entrar em contato conosco pelo\u00a0WhatsApp\u00a0que provid\u00eanciaremos sem custo algum.<\/p>\n<h4>Qual o formato do arquivo?<\/h4>\n<\/div>\n<\/div>\n<div class=\"elementor-toggle-item\">\n<div id=\"elementor-tab-content-1946\" class=\"elementor-tab-content elementor-clearfix elementor-active\" role=\"tabpanel\" data-tab=\"6\" aria-labelledby=\"elementor-tab-title-1946\">\n<p>Os arquivos s\u00e3o enviados em formato Word e s\u00e3o edit\u00e1veis.<\/p>\n<h4>Caso eu tiver alguma d\u00favida, terei suporte no p\u00f3s venda?<\/h4>\n<\/div>\n<\/div>\n<div class=\"elementor-toggle-item\">\n<div id=\"elementor-tab-content-1948\" class=\"elementor-tab-content elementor-clearfix elementor-active\" role=\"tabpanel\" data-tab=\"8\" aria-labelledby=\"elementor-tab-title-1948\">\n<p>Sim, com certeza. Basta clicar no \u00edcone do WhatsApp no cantinho da tela. Ser\u00e1 um prazer atend\u00ea-lo(a).<\/p>\n<div class=\"elementor-toggle-item\">\n<div id=\"elementor-tab-content-1948\" class=\"elementor-tab-content elementor-clearfix elementor-active\" role=\"tabpanel\" data-tab=\"8\" aria-labelledby=\"elementor-tab-title-1948\">\n<h4>Quais os seus canais de contato?<\/h4>\n<\/div>\n<\/div>\n<div class=\"elementor-toggle-item\">\n<div id=\"elementor-tab-content-1949\" class=\"elementor-tab-content elementor-clearfix elementor-active\" role=\"tabpanel\" data-tab=\"9\" aria-labelledby=\"elementor-tab-title-1949\">\n<p>Whatsapp: 53 984751621 \u2013 Clicar no canto da tela ou ESCANEIE O QRCODE ABAIXO<\/p>\n<p><img decoding=\"async\" class=\"alignnone wp-image-7603\" src=\"http:\/\/portifolioos-prontos.com\/wp-content\/uploads\/2022\/09\/portfolio-unopar-pronto-colaborar-ava-producao-textual-interdisciplinar.png\" alt=\"Organizando um material online complementar para o Ensino M\u00e9dio,portf\u00f3lio Organizando um material online complementar para o Ensino M\u00e9dio,portfolio Organizando um material online complementar para o Ensino M\u00e9dio,portf\u00f3lio pronto Organizando um material online complementar para o Ensino M\u00e9dio,portf\u00f3lios prontos Organizando um material online complementar para o Ensino M\u00e9dio,portf\u00f3lio ead Organizando um material online complementar para o Ensino M\u00e9dio,portf\u00f3lio unopar Organizando um material online complementar para o Ensino M\u00e9dio,portf\u00f3lio pronto unopar Organizando um material online complementar para o Ensino M\u00e9dio,portf\u00f3lioo ead Organizando um material online complementar para o Ensino M\u00e9dio,pti Organizando um material online complementar para o Ensino M\u00e9dio,portfolio matem\u00e1tica Organizando um material online complementar para o Ensino M\u00e9dio,anhanguera Organizando um material online complementar para o Ensino M\u00e9dio,portf\u00f3lio matematica,portfolio matematica,portfolio matematica unopar,portfolio matematica financeira unopar,Portfolio pronto,portifolio pronto,portf\u00f3lio pronto,portifolios prontos,portif\u00f3lios prontos,portf\u00f3lio pronto unopar,portifolio pronto unopar,portif\u00f3lio pronto unopar,portifolios prontos unopar,portifolios prontos anhanguera,portf\u00f3lios prontos anhanguera,portf\u00f3lio pronto anhanguera,portfolios ead,portf\u00f3lios ead,portfolioead,apostileiros,portf\u00f3lio ead,portifolios ead,portif\u00f3lios ead,eadhelp,shop do acad\u00eamico,unopar portfolio,portfolio pronto ead,portfolio unopar ead,ead portfolio ava,portf\u00f3lio ead anhanguera,portf\u00f3lio ead pront,o portf\u00f3lio ead unopar,portf\u00f3lio pronto em word,pti unopar,ptg unopar,modelo de portf\u00f3lio unopar,modelo de portf\u00f3lio anhanguera,como fazer um portf\u00f3lio para faculdade,como faz portf\u00f3lio universidade,como faz portf\u00f3lios para universidade,portf\u00f3lios prontos para universidade,portf\u00f3lios pronto para faculdade,portf\u00f3lio pronto para editar,portifolios prontos para editar,portf\u00f3lio em word,portfolio em word,portf\u00f3lio em word para editar,portifolio em word para editar,portfolio unopar pronto para editar,modelo de portfolio para unopar,modelo de portif\u00f3lio para unopar,modelo de portf\u00f3lio para unopar,unopar portf\u00f3lio pronto,anhanguera portf\u00f3lio pronto,portf\u00f3lio em word pronto,comprar portf\u00f3lio pronto,como fazer um portf\u00f3lio,como fazer portf\u00f3lio digital,portfolio,portf\u00f3lio,portifolio,portif\u00f3lio,portf\u00f3lio interdisciplinar individual,portfolio interdisciplinar individual,exemplos de portf\u00f3lio para faculdade,baixar portf\u00f3lio pronto,portf\u00f3lio acad\u00eamico,portf\u00f3lio online,portfoliooead,portfolio ead,portf\u00f3lio pronto interdisciplinar individual,relat\u00f3rio de est\u00e1gio unopar,relat\u00f3rio de est\u00e1gio pronto unopar,como criar um portf\u00f3lio,o que \u00e9 um portf\u00f3lio e como fazer,portfolio exemplo,modelo de portfolio acad\u00eamico,relat\u00f3rio de est\u00e1gio gest\u00e3o escolar pronto unopar,portf\u00f3lio como fazer,prova profici\u00eancia unopar,portfolio individual est\u00e1gio curricular obrigat\u00f3rio ii anos iniciais do ensino fundamental,prova de profici\u00eancia pedagogia unopar,capa de trabalho unopar para editar,portf\u00f3lio acad\u00eamico unopar,como fazer um portf\u00f3lio acad\u00eamico,portf\u00f3lio exemplos word,portfolio acad\u00eamico,portfolio individual,portfolio individual unopar,portfolio individual anhanguera,portfolio marketing digital,portf\u00f3lio educa\u00e7\u00e3o f\u00edsica unopar,portf\u00f3lio gest\u00e3o educacional e espa\u00e7os n\u00e3o escolares,como fazer um portifolio unopar,modelo de portf\u00f3lio unopar em arquivo word,capa de portf\u00f3lio de pedagogia,como fazer um portf\u00f3lio no word,projeto integrado unopar,exemplo de portf\u00f3lio academico pedagogia\" width=\"141\" height=\"141\" srcset=\"https:\/\/portifolioos-prontos.com\/wp-content\/uploads\/2022\/09\/portfolio-unopar-pronto-colaborar-ava-producao-textual-interdisciplinar.png 150w, https:\/\/portifolioos-prontos.com\/wp-content\/uploads\/2022\/09\/portfolio-unopar-pronto-colaborar-ava-producao-textual-interdisciplinar-100x100.png 100w\" sizes=\"(max-width: 141px) 100vw, 141px\" \/><\/p>\n<\/div>\n<\/div>\n<\/div>\n<\/div>\n<div class=\"elementor-toggle-item\">\n<div id=\"elementor-tab-content-1949\" class=\"elementor-tab-content elementor-clearfix elementor-active\" role=\"tabpanel\" data-tab=\"9\" aria-labelledby=\"elementor-tab-title-1949\">\n<p>E-mail:portifoliosp@gmail.com<\/p>\n<div id=\"attachment_143\" class=\"wp-caption alignnone\">\n<div id=\"attachment_143\" class=\"wp-caption alignnone\" style=\"width: 161px;\">\n<p><a href=\"http:\/\/portifolioos-prontos.com\/\"><img decoding=\"async\" class=\"wp-image-143\" title=\"portfolio pronto unopar\" src=\"http:\/\/portifolioos-prontos.com\/wp-content\/uploads\/2022\/04\/conceitomaximo.png\" alt=\"PORTFOLIO PRONTO UNOPAR ANHANGUERA\" width=\"161\" height=\"46\" aria-describedby=\"caption-attachment-143\" \/><\/a><\/p>\n<p id=\"caption-attachment-143\" class=\"wp-caption-text\">Portf\u00f3lio em Word, respondido, completo e j\u00e1 nas normas.<\/p>\n<\/div>\n<\/div>\n<\/div>\n<\/div>\n","protected":false},"excerpt":{"rendered":"<p>Portf\u00f3lio Organizando um material online complementar para o Ensino M\u00e9dio Curso: Segunda Licenciatura em Matem\u00e1tica Semestre: 2\u00ba Prezado aluno(a), Seja bem-vindo a este semestre! A proposta de Produ\u00e7\u00e3o Textual ter\u00e1 como tem\u00e1tica: Organizando um material online complementar para o Ensino M\u00e9dio. Escolhemos esta tem\u00e1tica para possibilitar a aprendizagem interdisciplinar dos conte\u00fados desenvolvidos nas disciplinas desse&hellip;<\/p>\n","protected":false},"featured_media":5967,"template":"","meta":{"_seopress_robots_primary_cat":"none","_seopress_titles_title":"%%post_title%% %%sitetitle%%","_seopress_titles_desc":"%%post_content%%","_seopress_robots_index":""},"product_cat":[47,62,15],"product_tag":[],"class_list":{"0":"post-5964","1":"product","2":"type-product","3":"status-publish","4":"has-post-thumbnail","6":"product_cat-licenciaturas","7":"product_cat-matematica","8":"product_cat-uncategorized","10":"first","11":"instock","12":"downloadable","13":"virtual","14":"purchasable","15":"product-type-simple","16":"col-xs-6 col-sm-4","17":"col-mf-5","18":"un-5-cols"},"jetpack_sharing_enabled":true,"_links":{"self":[{"href":"https:\/\/portifolioos-prontos.com\/index.php\/wp-json\/wp\/v2\/product\/5964","targetHints":{"allow":["GET"]}}],"collection":[{"href":"https:\/\/portifolioos-prontos.com\/index.php\/wp-json\/wp\/v2\/product"}],"about":[{"href":"https:\/\/portifolioos-prontos.com\/index.php\/wp-json\/wp\/v2\/types\/product"}],"version-history":[{"count":0,"href":"https:\/\/portifolioos-prontos.com\/index.php\/wp-json\/wp\/v2\/product\/5964\/revisions"}],"wp:featuredmedia":[{"embeddable":true,"href":"https:\/\/portifolioos-prontos.com\/index.php\/wp-json\/wp\/v2\/media\/5967"}],"wp:attachment":[{"href":"https:\/\/portifolioos-prontos.com\/index.php\/wp-json\/wp\/v2\/media?parent=5964"}],"wp:term":[{"taxonomy":"product_cat","embeddable":true,"href":"https:\/\/portifolioos-prontos.com\/index.php\/wp-json\/wp\/v2\/product_cat?post=5964"},{"taxonomy":"product_tag","embeddable":true,"href":"https:\/\/portifolioos-prontos.com\/index.php\/wp-json\/wp\/v2\/product_tag?post=5964"}],"curies":[{"name":"wp","href":"https:\/\/api.w.org\/{rel}","templated":true}]}}