{"id":5976,"date":"2022-08-01T13:26:33","date_gmt":"2022-08-01T16:26:33","guid":{"rendered":"https:\/\/portifolioos-prontos.com\/?post_type=product&#038;p=5976"},"modified":"2022-09-14T15:39:21","modified_gmt":"2022-09-14T18:39:21","slug":"portfolio-a-participacao-do-idoso-na-concretizacao-da-democracia","status":"publish","type":"product","link":"https:\/\/portifolioos-prontos.com\/index.php\/product\/portfolio-a-participacao-do-idoso-na-concretizacao-da-democracia\/","title":{"rendered":"Portf\u00f3lio A participa\u00e7\u00e3o do idoso na concretiza\u00e7\u00e3o da democracia"},"content":{"rendered":"<h4>Portf\u00f3lio A participa\u00e7\u00e3o do idoso na concretiza\u00e7\u00e3o da democracia<\/h4>\n<h4>Curso: Tecnologia em Servi\u00e7os Jur\u00eddicos Cartor\u00e1rios e Notariais<br \/>\nSemestre: Semestre: 3\u00ba\/4\u00ba<\/h4>\n<p>Prezado aluno,<br \/>\nSeja bem-vindo a este semestre!<br \/>\nA proposta de Produ\u00e7\u00e3o Textual Interdisciplinar Individual (PTI) ter\u00e1 como tem\u00e1tica<strong> \u201cA<\/strong><br \/>\n<strong>participa\u00e7\u00e3o do idoso na concretiza\u00e7\u00e3o da democracia\u201d<\/strong>. Tal tem\u00e1tica foi escolhida a fim de possibilitar<br \/>\na aprendizagem interdisciplinar dos conte\u00fados trabalhados nas disciplinas deste semestre. Na PTI,<br \/>\nvoc\u00ea dever\u00e1 conhecer a Situa\u00e7\u00e3o Geradora de Aprendizagem (SGA) para a realiza\u00e7\u00e3o das atividades<br \/>\nprevistas. Siga as orienta\u00e7\u00f5es disponibilizadas neste manual, al\u00e9m de demais fontes de conte\u00fado<br \/>\ncomplementares!<br \/>\nVamos conhecer a SGA?<\/p>\n<p><strong>SITUA\u00c7\u00c3O GERADORA DE APRENDIZAGEM (SGA)<\/strong><br \/>\n<strong>A participa\u00e7\u00e3o do idoso na concretiza\u00e7\u00e3o da democracia<\/strong><\/p>\n<p>A democracia tem sido um assunto de extrema relev\u00e2ncia no cen\u00e1rio pol\u00edtico brasileiro, pois<br \/>\nsua manuten\u00e7\u00e3o e fortalecimento revelam nosso compromisso com uma sociedade justa e<br \/>\nigualit\u00e1ria. Al\u00e9m disso, a proximidade das elei\u00e7\u00f5es a n\u00edvel federal aprofunda, ainda mais, esse debate.<br \/>\nPara tratarmos da efetiva democracia e n\u00e3o apenas de uma democracia formal, \u00e9 preciso ter<br \/>\nem mente que nossos processos de escolha precisam estar pautados na inclus\u00e3o dos v\u00e1rios grupos<br \/>\nsociais, inclusive aqueles mais vulner\u00e1veis que carecem de pol\u00edticas p\u00fablicas mais inclusivas.<\/p>\n<p>Nesse cen\u00e1rio, nosso enfoque de estudo \u00e9 sobre a necessidade da discuss\u00e3o acerca da<br \/>\ninclus\u00e3o na popula\u00e7\u00e3o idosa de maneira efetiva nos processos eleitorais, mesmo diante do voto<br \/>\nfacultativo a partir dos 70 (setenta) anos, conforme previs\u00e3o no texto constitucional. Em nossa<br \/>\n\u00faltima elei\u00e7\u00e3o, tivemos estudos estat\u00edsticos que demonstraram que boa parte de nosso eleitorado \u00e9<br \/>\nrepresentado mais por pessoas idosas do que por jovens que, entre os 16 (dezesseis) e 18 (dezoito)<br \/>\nanos, tamb\u00e9m possuem o voto facultativo.<br \/>\nA partir de um estudo estat\u00edstico realizado pelo Tribunal Superior Eleitoral (TSE) em 2020, 1<br \/>\n(um) a cada 5 (cinco) eleitores que participaram das elei\u00e7\u00f5es municipais \u00e9 idoso e isso representou<br \/>\numa marca hist\u00f3rica1:<\/p>\n<p><strong>GRAFICO<\/strong><\/p>\n<p>Al\u00e9m disso, a divis\u00e3o da popula\u00e7\u00e3o idosa que comp\u00f5e o eleitorado tamb\u00e9m foi objeto de<br \/>\nestudo pelo Tribunal Superior Eleitoral (TSE)2 que apontou a seguinte distribui\u00e7\u00e3o:<\/p>\n<p><strong>IMAGEM<\/strong><\/p>\n<p>Desta forma, percebe-se a import\u00e2ncia da pessoa idosa nos rumos do Pa\u00eds, tendo em vista o<br \/>\npercentual de votantes que na \u00faltima elei\u00e7\u00e3o representou um grande marco.<\/p>\n<p>AGORA \u00c9 COM VOC\u00ca!<br \/>\nLevando em considera\u00e7\u00e3o a SGA,\u202fresponda\u202ftodos\u202fos questionamentos apresentados abaixo.\u202fEles<br \/>\nforam elaborados com base nas disciplinas\u202fministradas\u202fao longo deste semestre. A sua participa\u00e7\u00e3o<br \/>\nnesta atividade \u00e9 fundamental para que haja o pleno desenvolvimento das compet\u00eancias e<br \/>\nhabilidades requeridas em sua atua\u00e7\u00e3o profissional.<br \/>\n1) No Brasil, h\u00e1 um n\u00famero cada vez maior de pessoas idosas (com 60 anos ou mais de<br \/>\nidade) na sociedade brasileira. S\u00e3o cidad\u00e3os usu\u00e1rios dos servi\u00e7os sociais, de sa\u00fade, de<br \/>\nprote\u00e7\u00e3o e que precisam ter os seus direitos garantidos. Considera\u00e7\u00e3o o contexto<br \/>\napresentado:<br \/>\na) Conceitue os direitos pol\u00edticos, abrangendo a as raz\u00f5es de sua fundamentalidade<br \/>\n(direitos fundamentais) e o tratamento constitucional a esses direitos.<br \/>\nb) Reflita e escreva sobre os motivos para que o idoso participe ativamente da vida<br \/>\npol\u00edtica do Estado.<\/p>\n<p>2 Dispon\u00edvel em: https:\/\/www.educamaisbrasil.com.br\/educacao\/noticias\/eleicoes-2020-idosos-representam20-doeleitorado. Acesso: 27 jul. 2022.<\/p>\n<p>2) A lei protege e facilita a preserva\u00e7\u00e3o da sa\u00fade f\u00edsica, mental, moral, intelectual,<br \/>\nespiritual e social da pessoa idosa. Nesse sentido, \u00e9 que o Estatuto do Idoso (Lei<br \/>\n10.741\/2003) tem o objetivo de garantir os direitos \u00e0 pessoa idosa, com idade igual ou<br \/>\nsuperior a 60 (sessenta) anos, impondo o dever de todos de proteger a sua dignidade. A<br \/>\npartir dessas premissas, pesquise e informe, explicando com suas palavras, tr\u00eas direitos<br \/>\nprevistos expressamente pelo Estatuto, os quais voc\u00ea(s) considera(m) essenciais para a<br \/>\npromo\u00e7\u00e3o da cidadania e da vida digna da pessoa idosa.<br \/>\n3) No \u00e2mbito da responsabilidade penal, s\u00e3o consideradas il\u00edcitas as condutas que sejam<br \/>\ncapazes de ofender os princ\u00edpios da legisla\u00e7\u00e3o eleitoral, como a lisura e a legitimidade das<br \/>\nelei\u00e7\u00f5es, a liberdade e o sigilo do voto. Essas condutas s\u00e3o chamadas de crimes eleitorais<br \/>\ne est\u00e3o discriminadas em legisla\u00e7\u00e3o espec\u00edfica ou no pr\u00f3prio C\u00f3digo Penal. O que<br \/>\ndiferencia as a\u00e7\u00f5es penais p\u00fablicas condicionadas e incondicionadas e as a\u00e7\u00f5es penais<br \/>\nprivadas?<br \/>\n4) As atividades realizadas pelos Registros de Im\u00f3veis s\u00e3o norteadas por v\u00e1rios princ\u00edpios<br \/>\nimportantes. Dentre eles, destaca-se o princ\u00edpio da prioridade. Explique o significado<br \/>\ndesse princ\u00edpio e sua import\u00e2ncia para a atividade cartor\u00e1ria, abordando ainda esse<br \/>\nprinc\u00edpio e o direito da pessoa idosa \u00e0 prioridade de atendimento (preferencial) junto aos<br \/>\n\u00f3rg\u00e3os p\u00fablicos e privados prestadores de servi\u00e7os \u00e0 popula\u00e7\u00e3o, nos termos do art. 3\u00b0,<br \/>\n\u00a71\u00b0, I, da Lei 10.741\/2003 (Estatuto do Idoso<a href=\"http:\/\/PORTIFOLIOOS-PRONTOS.COM\">)<\/a><\/p>\n<p>REFER\u00caNCIAS:<br \/>\nAZEVEDO, Fernanda Ribeiro de. SANTIAGO NETO, Jos\u00e9 de Assis. TORRES, Henrique Abi-Ackel.<br \/>\nNo\u00e7\u00f5es de processo penal. Londrina: Editora e Distribuidora Educacional S.A., 2018.<br \/>\nBRASIL. Constitui\u00e7\u00e3o da Rep\u00fablica Federativa do Brasil de 1988. Dispon\u00edvel em:<br \/>\nhttp:\/\/www.planalto.gov.br\/ccivil_03\/constituicao\/constituicao.htm<br \/>\nBRASIL. Lei n\u00ba. 10.741 de 1\u00ba de outubro de 2003. Disp\u00f5e sobre o estatuto do idoso e d\u00e1 outras<br \/>\nprovid\u00eancias. Dispon\u00edvel em: http:\/\/www.planalto.gov.br\/ccivil_03\/leis\/2003\/l10.741.htm.<br \/>\nBRASIL. Lei n\u00ba. 4.737 de 15 de julho de 1965. Institui o C\u00f3digo Eleitoral. Dispon\u00edvel em:<br \/>\nhttp:\/\/www.planalto.gov.br\/ccivil_03\/leis\/l4737compilado.htm.<br \/>\nBRASIL. Decreto-Lei n\u00ba. 2.848 de 7 de dezembro de 1948. C\u00f3digo Penal. Dispon\u00edvel em:<br \/>\nhttp:\/\/www.planalto.gov.br\/ccivil_03\/decreto-lei\/del2848compilado.htm.<br \/>\nBRASIL. Cartilha Direitos Humanos das Pessoas Idosas. Dispon\u00edvel em:<br \/>\nhttps:\/\/www.gov.br\/mdh\/pt-br\/assuntos\/noticias\/2018\/marco\/CartilhaUNISAL.pdf. Acesso em: 27<br \/>\nPRODU\u00c7\u00c3O TEXTUAL<br \/>\nINTERDISCIPLINAR<br \/>\nINDIVIDUAL \u2013 PTI<br \/>\njul. 2022.<br \/>\nMELATTI, Alexandre Guimar\u00e3es. MORAES, Jos\u00e9 Luiz de Souza de. Direito pol\u00edtico e eleitoral.<br \/>\nLondrina: Editora e Distribuidora Educacional S.A., 2019.<br \/>\nMELO, Andryssa Diniz Ferreira de. NAVES, Carlos Luiz de Lima e. LUZ, Bernardo Ara\u00fajo da.<br \/>\nDireito, prote\u00e7\u00e3o e inclus\u00e3o social. Londrina: Editora e Distribuidora Educacional S.A. 2018.<br \/>\nOLIVEIRA, Pedro Santos Assun\u00e7\u00e3o de. Registro de im\u00f3veis. Londrina: Editora e Distribuidora<br \/>\nEducacional S.A., 2018.<br \/>\nTRILHANTE. Princ\u00edpios dos Registros de Im\u00f3veis. Dispon\u00edvel em:<br \/>\nhttps:\/\/trilhante.com.br\/curso\/registro-de-imoveis\/aula\/principios-2. Acesso em: 27 jul. 2022.<\/p>\n<div class=\"elementor-toggle-item\">\n<h4 id=\"elementor-tab-title-1941\" class=\"elementor-tab-title elementor-active\" tabindex=\"0\" role=\"tab\" data-tab=\"1\" aria-controls=\"elementor-tab-content-1941\" aria-expanded=\"true\" aria-selected=\"true\">Como funciona?<\/h4>\n<div id=\"elementor-tab-content-1941\" class=\"elementor-tab-content elementor-clearfix elementor-active\" role=\"tabpanel\" data-tab=\"1\" aria-labelledby=\"elementor-tab-title-1941\">\n<p>Elaboramos os portf\u00f3lios, j\u00e1 deixamos prontos, nas normas da ABNT e conforme os requisitos da universidade. F\u00e1cil assim! O MELHOR \u00c9 QUE VOC\u00ca COMPRA E J\u00c1 BAIXA NA HORA O SEU ARQUIVO EM WORD! Sabemos que conciliar trabalho, fam\u00edlia, vida profissional e estudos \u00e9 dif\u00edcil hoje em dia, por isso, estamos aqui para ajudar voc\u00ea. Conte com nossa qualidade, experi\u00eancia e profissionalismo adquirindo seu portf\u00f3lio conosco. GARANTIMOS SEU CONCEITO!<\/p>\n<h4>Como se realizam os envios?<\/h4>\n<\/div>\n<\/div>\n<div class=\"elementor-toggle-item\">\n<div id=\"elementor-tab-content-1942\" class=\"elementor-tab-content elementor-clearfix elementor-active\" role=\"tabpanel\" data-tab=\"2\" aria-labelledby=\"elementor-tab-title-1942\">O seu trabalho \u00e9 disponibilizado pronto, respondido e nas normas j\u00e1 na mesma hora aqui em nosso site na sua \u00e1rea de downloads e tamb\u00e9m no seu e-mail.<\/div>\n<\/div>\n<div class=\"elementor-toggle-item\">\n<div id=\"elementor-tab-content-1943\" class=\"elementor-tab-content elementor-clearfix elementor-active\" role=\"tabpanel\" data-tab=\"3\" aria-labelledby=\"elementor-tab-title-1943\">\n<h4>Em quanto tempo recebo o portf\u00f3lio?<\/h4>\n<\/div>\n<\/div>\n<div class=\"elementor-toggle-item\">\n<div id=\"elementor-tab-content-1944\" class=\"elementor-tab-content elementor-clearfix elementor-active\" role=\"tabpanel\" data-tab=\"4\" aria-labelledby=\"elementor-tab-title-1944\">\n<p>Os envios s\u00e3o imediatos. Ap\u00f3s sua compra, o trabalho j\u00e1 \u00e9 disponibilizado instantaneamente aqui em nosso site e no seu e-mail.<\/p>\n<h4>E se o portf\u00f3lio que comprei precisar de corre\u00e7\u00e3o?<\/h4>\n<\/div>\n<\/div>\n<div class=\"elementor-toggle-item\">\n<div id=\"elementor-tab-content-1945\" class=\"elementor-tab-content elementor-clearfix elementor-active\" role=\"tabpanel\" data-tab=\"5\" aria-labelledby=\"elementor-tab-title-1945\">\n<p>Caso haja alguma solicita\u00e7\u00e3o de corre\u00e7\u00e3o\/altera\u00e7\u00e3o por parte do tutor, basta entrar em contato conosco pelo\u00a0WhatsApp\u00a0que provid\u00eanciaremos sem custo algum.<\/p>\n<h4>Qual o formato do arquivo?<\/h4>\n<\/div>\n<\/div>\n<div class=\"elementor-toggle-item\">\n<div id=\"elementor-tab-content-1946\" class=\"elementor-tab-content elementor-clearfix elementor-active\" role=\"tabpanel\" data-tab=\"6\" aria-labelledby=\"elementor-tab-title-1946\">\n<p>Os arquivos s\u00e3o enviados em formato Word e s\u00e3o edit\u00e1veis.<\/p>\n<h4>Caso eu tiver alguma d\u00favida, terei suporte no p\u00f3s venda?<\/h4>\n<\/div>\n<\/div>\n<div class=\"elementor-toggle-item\">\n<div id=\"elementor-tab-content-1948\" class=\"elementor-tab-content elementor-clearfix elementor-active\" role=\"tabpanel\" data-tab=\"8\" aria-labelledby=\"elementor-tab-title-1948\">\n<p>Sim, com certeza. Basta clicar no \u00edcone do WhatsApp no cantinho da tela. Ser\u00e1 um prazer atend\u00ea-lo(a).<\/p>\n<div class=\"elementor-toggle-item\">\n<div id=\"elementor-tab-content-1948\" class=\"elementor-tab-content elementor-clearfix elementor-active\" role=\"tabpanel\" data-tab=\"8\" aria-labelledby=\"elementor-tab-title-1948\">\n<h4>Quais os seus canais de contato?<\/h4>\n<\/div>\n<\/div>\n<div class=\"elementor-toggle-item\">\n<div id=\"elementor-tab-content-1949\" class=\"elementor-tab-content elementor-clearfix elementor-active\" role=\"tabpanel\" data-tab=\"9\" aria-labelledby=\"elementor-tab-title-1949\">\n<p>Whatsapp: 53 984751621 \u2013 Clicar no canto da tela ou ESCANEIE O QRCODE ABAIXO<\/p>\n<p><img decoding=\"async\" class=\"alignnone wp-image-7603\" src=\"http:\/\/portifolioos-prontos.com\/wp-content\/uploads\/2022\/09\/portfolio-unopar-pronto-colaborar-ava-producao-textual-interdisciplinar.png\" alt=\"A participa\u00e7\u00e3o do idoso na concretiza\u00e7\u00e3o da democracia,portf\u00f3lio A participa\u00e7\u00e3o do idoso na concretiza\u00e7\u00e3o da democracia,portf\u00f3lio pronto A participa\u00e7\u00e3o do idoso na concretiza\u00e7\u00e3o da democracia,pti A participa\u00e7\u00e3o do idoso na concretiza\u00e7\u00e3o da democracia,ptg A participa\u00e7\u00e3o do idoso na concretiza\u00e7\u00e3o da democracia,portf\u00f3lio unopar A participa\u00e7\u00e3o do idoso na concretiza\u00e7\u00e3o da democracia,portf\u00f3lio anhanguera A participa\u00e7\u00e3o do idoso na concretiza\u00e7\u00e3o da democracia,portf\u00f3lio pronto anhanguera A participa\u00e7\u00e3o do idoso na concretiza\u00e7\u00e3o da democracia,portf\u00f3lio ead A participa\u00e7\u00e3o do idoso na concretiza\u00e7\u00e3o da democracia,portfolio ead A participa\u00e7\u00e3o do idoso na concretiza\u00e7\u00e3o da democracia,portfolioead A participa\u00e7\u00e3o do idoso na concretiza\u00e7\u00e3o da democracia,unopar A participa\u00e7\u00e3o do idoso na concretiza\u00e7\u00e3o da democracia,Portfolio pronto,portifolio pronto,portf\u00f3lio pronto,portifolios prontos,portif\u00f3lios prontos,portf\u00f3lio pronto unopar,portifolio pronto unopar,portif\u00f3lio pronto unopar,portifolios prontos unopar,portifolios prontos anhanguera,portf\u00f3lios prontos anhanguera,portf\u00f3lio pronto anhanguera,portfolios ead,portf\u00f3lios ead,portfolioead,apostileiros,portf\u00f3lio ead,portifolios ead,portif\u00f3lios ead,eadhelp,shop do acad\u00eamico,unopar portfolio,portfolio pronto ead,portfolio unopar ead,ead portfolio ava,portf\u00f3lio ead anhanguera,portf\u00f3lio ead pront,o portf\u00f3lio ead unopar,portf\u00f3lio pronto em word,pti unopar,ptg unopar,modelo de portf\u00f3lio unopar,modelo de portf\u00f3lio anhanguera,como fazer um portf\u00f3lio para faculdade,como faz portf\u00f3lio universidade,como faz portf\u00f3lios para universidade,portf\u00f3lios prontos para universidade,portf\u00f3lios pronto para faculdade,portf\u00f3lio pronto para editar,portifolios prontos para editar,portf\u00f3lio em word,portfolio em word,portf\u00f3lio em word para editar,portifolio em word para editar,portfolio unopar pronto para editar,modelo de portfolio para unopar,modelo de portif\u00f3lio para unopar,modelo de portf\u00f3lio para unopar,unopar portf\u00f3lio pronto,anhanguera portf\u00f3lio pronto,portf\u00f3lio em word pronto,comprar portf\u00f3lio pronto,como fazer um portf\u00f3lio,como fazer portf\u00f3lio digital,portfolio,portf\u00f3lio,portifolio,portif\u00f3lio,portf\u00f3lio interdisciplinar individual,portfolio interdisciplinar individual,exemplos de portf\u00f3lio para faculdade,baixar portf\u00f3lio pronto,portf\u00f3lio acad\u00eamico,portf\u00f3lio online,portfoliooead,portfolio ead,portf\u00f3lio pronto interdisciplinar individual,relat\u00f3rio de est\u00e1gio unopar,relat\u00f3rio de est\u00e1gio pronto unopar,como criar um portf\u00f3lio,o que \u00e9 um portf\u00f3lio e como fazer,portfolio exemplo,modelo de portfolio acad\u00eamico,relat\u00f3rio de est\u00e1gio gest\u00e3o escolar pronto unopar,portf\u00f3lio como fazer,prova profici\u00eancia unopar,portfolio individual est\u00e1gio curricular obrigat\u00f3rio ii anos iniciais do ensino fundamental,prova de profici\u00eancia pedagogia unopar,capa de trabalho unopar para editar,portf\u00f3lio acad\u00eamico unopar,como fazer um portf\u00f3lio acad\u00eamico,portf\u00f3lio exemplos word,portfolio acad\u00eamico,portfolio individual,portfolio individual unopar,portfolio individual anhanguera,portfolio marketing digital,portf\u00f3lio educa\u00e7\u00e3o f\u00edsica unopar,portf\u00f3lio gest\u00e3o educacional e espa\u00e7os n\u00e3o escolares,como fazer um portifolio unopar,modelo de portf\u00f3lio unopar em arquivo word,capa de portf\u00f3lio de pedagogia,como fazer um portf\u00f3lio no word,projeto integrado unopar,exemplo de portf\u00f3lio academico pedagogia\" width=\"141\" height=\"141\" srcset=\"https:\/\/portifolioos-prontos.com\/wp-content\/uploads\/2022\/09\/portfolio-unopar-pronto-colaborar-ava-producao-textual-interdisciplinar.png 150w, https:\/\/portifolioos-prontos.com\/wp-content\/uploads\/2022\/09\/portfolio-unopar-pronto-colaborar-ava-producao-textual-interdisciplinar-100x100.png 100w\" sizes=\"(max-width: 141px) 100vw, 141px\" \/><\/p>\n<\/div>\n<\/div>\n<\/div>\n<\/div>\n<div class=\"elementor-toggle-item\">\n<div id=\"elementor-tab-content-1949\" class=\"elementor-tab-content elementor-clearfix elementor-active\" role=\"tabpanel\" data-tab=\"9\" aria-labelledby=\"elementor-tab-title-1949\">\n<p>E-mail:portifoliosp@gmail.com<\/p>\n<div id=\"attachment_143\" class=\"wp-caption alignnone\">\n<div id=\"attachment_143\" class=\"wp-caption alignnone\" style=\"width: 157px;\">\n<p><a href=\"http:\/\/portifolioos-prontos.com\/\"><img decoding=\"async\" class=\"wp-image-143\" title=\"portfolio pronto unopar\" src=\"http:\/\/portifolioos-prontos.com\/wp-content\/uploads\/2022\/04\/conceitomaximo.png\" alt=\"PORTFOLIO PRONTO UNOPAR ANHANGUERA\" width=\"157\" height=\"45\" aria-describedby=\"caption-attachment-143\" \/><\/a><\/p>\n<p id=\"caption-attachment-143\" class=\"wp-caption-text\">Portf\u00f3lio em Word, respondido, completo e j\u00e1 nas normas.<\/p>\n<\/div>\n<\/div>\n<\/div>\n<\/div>\n","protected":false},"excerpt":{"rendered":"<p>Portf\u00f3lio A participa\u00e7\u00e3o do idoso na concretiza\u00e7\u00e3o da democracia Curso: Tecnologia em Servi\u00e7os Jur\u00eddicos Cartor\u00e1rios e Notariais Semestre: Semestre: 3\u00ba\/4\u00ba Prezado aluno, Seja bem-vindo a este semestre! A proposta de Produ\u00e7\u00e3o Textual Interdisciplinar Individual (PTI) ter\u00e1 como tem\u00e1tica \u201cA participa\u00e7\u00e3o do idoso na concretiza\u00e7\u00e3o da democracia\u201d. Tal tem\u00e1tica foi escolhida a fim de possibilitar a&hellip;<\/p>\n","protected":false},"featured_media":5982,"template":"","meta":{"_seopress_robots_primary_cat":"none","_seopress_titles_title":"%%post_title%% %%sitetitle%%","_seopress_titles_desc":"%%post_content%%","_seopress_robots_index":""},"product_cat":[57,15],"product_tag":[],"class_list":{"0":"post-5976","1":"product","2":"type-product","3":"status-publish","4":"has-post-thumbnail","6":"product_cat-servicos-juridicos-cartorarios-e-notariais","7":"product_cat-uncategorized","9":"first","10":"instock","11":"downloadable","12":"virtual","13":"purchasable","14":"product-type-simple","15":"col-xs-6 col-sm-4","16":"col-mf-5","17":"un-5-cols"},"jetpack_sharing_enabled":true,"_links":{"self":[{"href":"https:\/\/portifolioos-prontos.com\/index.php\/wp-json\/wp\/v2\/product\/5976","targetHints":{"allow":["GET"]}}],"collection":[{"href":"https:\/\/portifolioos-prontos.com\/index.php\/wp-json\/wp\/v2\/product"}],"about":[{"href":"https:\/\/portifolioos-prontos.com\/index.php\/wp-json\/wp\/v2\/types\/product"}],"version-history":[{"count":0,"href":"https:\/\/portifolioos-prontos.com\/index.php\/wp-json\/wp\/v2\/product\/5976\/revisions"}],"wp:featuredmedia":[{"embeddable":true,"href":"https:\/\/portifolioos-prontos.com\/index.php\/wp-json\/wp\/v2\/media\/5982"}],"wp:attachment":[{"href":"https:\/\/portifolioos-prontos.com\/index.php\/wp-json\/wp\/v2\/media?parent=5976"}],"wp:term":[{"taxonomy":"product_cat","embeddable":true,"href":"https:\/\/portifolioos-prontos.com\/index.php\/wp-json\/wp\/v2\/product_cat?post=5976"},{"taxonomy":"product_tag","embeddable":true,"href":"https:\/\/portifolioos-prontos.com\/index.php\/wp-json\/wp\/v2\/product_tag?post=5976"}],"curies":[{"name":"wp","href":"https:\/\/api.w.org\/{rel}","templated":true}]}}