{"id":6000,"date":"2022-08-01T21:43:13","date_gmt":"2022-08-02T00:43:13","guid":{"rendered":"https:\/\/portifolioos-prontos.com\/?post_type=product&#038;p=6000"},"modified":"2022-09-14T15:39:13","modified_gmt":"2022-09-14T18:39:13","slug":"portfolio-intoxicacao-por-monoxido-de-carbono","status":"publish","type":"product","link":"https:\/\/portifolioos-prontos.com\/index.php\/product\/portfolio-intoxicacao-por-monoxido-de-carbono\/","title":{"rendered":"Portf\u00f3lio Intoxica\u00e7\u00e3o por Mon\u00f3xido de Carbono"},"content":{"rendered":"<h4>Portf\u00f3lio Intoxica\u00e7\u00e3o por Mon\u00f3xido de Carbono<\/h4>\n<h4>Curso: CST Investiga\u00e7\u00e3o e Per\u00edcia Criminal<\/h4>\n<p>Prezado aluno,<\/p>\n<p>Seja bem-vindo a este semestre!<\/p>\n<p>A presente proposta de Produ\u00e7\u00e3o Textual Individual (PTI) ter\u00e1 como tem\u00e1tica central<\/p>\n<p><a href=\"http:\/\/portifolioos-prontos.com\"><strong>&#8220;Intoxica\u00e7\u00e3o por Mon\u00f3xido de Carbono&#8221;<\/strong><\/a>.<\/p>\n<p>Tal tem\u00e1tica foi escolhida a fim de possibilitar a aprendizagem interdisciplinar dos conte\u00fados<\/p>\n<p>trabalhados nas disciplinas deste semestre. Na PTI, voc\u00ea dever\u00e1 conhecer a Situa\u00e7\u00e3o Geradora de<\/p>\n<p>Aprendizagem (SGA) para a realiza\u00e7\u00e3o das atividades previstas. Siga as orienta\u00e7\u00f5es disponibilizadas<\/p>\n<p>neste manual, al\u00e9m de demais fontes de conte\u00fado complementares!<\/p>\n<p>Vamos conhecer a SGA?<\/p>\n<p><strong>AGORA \u00c9 COM VOC\u00ca!<\/strong><\/p>\n<p>Levando em considera\u00e7\u00e3o a SGA, responda todos os questionamentos apresentados abaixo. Eles<\/p>\n<p>foram elaborados com base nas disciplinas ministradas ao longo deste semestre. A sua participa\u00e7\u00e3o<\/p>\n<p>nesta atividade \u00e9 fundamental para que haja o pleno desenvolvimento das compet\u00eancias e<\/p>\n<p>habilidades requeridas em sua atua\u00e7\u00e3o profissional.<\/p>\n<p>Um grupo de campistas que participava de um evento no auge do ver\u00e3o ficou em um trailer<\/p>\n<p>alugado em um campo aberto ao lado de outros campistas. Um gerador port\u00e1til alugado fornecia<\/p>\n<p>energia. Inicialmente colocado a uma dist\u00e2ncia razo\u00e1vel do trailer, o gerador foi movido diretamente<\/p>\n<p>ao lado do trailer em algum momento durante as primeiras horas da manh\u00e3. Mais tarde naquela<\/p>\n<p>manh\u00e3, todos dentro foram encontrados mortos.<\/p>\n<p><strong>PRODU\u00c7\u00c3O TEXTUAL<\/strong><\/p>\n<p><strong>INTERDISCIPLINAR<\/strong><\/p>\n<p>As fam\u00edlias das v\u00edtimas entraram com uma a\u00e7\u00e3o de alto valor nomeando v\u00e1rios r\u00e9us.<\/p>\n<p>Especificamente, os autores alegaram que a locadora de geradores n\u00e3o forneceu treinamento e<\/p>\n<p>documenta\u00e7\u00e3o sobre o uso do gerador. Eles alegaram ainda que o pr\u00f3prio gerador estava com defeito<\/p>\n<p>e causou ou contribuiu para as fatalidades. Finalmente, eles alegaram que a falha da organiza\u00e7\u00e3o de<\/p>\n<p>aluguel de trailers em fornecer um detector de mon\u00f3xido de carbono em funcionamento constituiu<\/p>\n<p>falha na quest\u00e3o. Os r\u00e9us argumentaram que o contrato de aluguel exclu\u00eda reclama\u00e7\u00f5es de<\/p>\n<p>responsabilidade e que eles n\u00e3o eram respons\u00e1veis pelas etiquetas de advert\u00eancia do gerador.<\/p>\n<p>Confrontados com lit\u00edgios emocionalmente carregados e evid\u00eancias imparciais m\u00ednimas, os<\/p>\n<p>r\u00e9us contrataram o Dr. Josef para conduzir uma investiga\u00e7\u00e3o independente e produzir uma avalia\u00e7\u00e3o<\/p>\n<p>toxicol\u00f3gica objetiva.<\/p>\n<p>Dr. Josef revisou relat\u00f3rios da pol\u00edcia, bombeiros e m\u00e9dicos legistas, depoimentos de<\/p>\n<p>testemunhas, v\u00eddeos no local, fotografias, relat\u00f3rios de especialistas, manuais do propriet\u00e1rio e todas<\/p>\n<p>as outras informa\u00e7\u00f5es dispon\u00edveis. Ele consultou a metodologia toxicol\u00f3gica geralmente aceita e as<\/p>\n<p>fontes de refer\u00eancia. Com base em suas descobertas preliminares, o Dr. Josef preparou uma<\/p>\n<p>avalia\u00e7\u00e3o fisiologicamente orientada de cada v\u00edtima. O foco principal de sua avalia\u00e7\u00e3o foi se a<\/p>\n<p>intoxica\u00e7\u00e3o alco\u00f3lica por parte das v\u00edtimas contribuiu para sua morte e se o alarme de mon\u00f3xido de<\/p>\n<p>carbono (se estivesse funcionando) teria despertado as v\u00edtimas do sono se elas estivessem, de fato,<\/p>\n<p>intoxicadas.<\/p>\n<p>Embora o Dr. Josef confiasse nos n\u00edveis sangu\u00edneos de COHb (carboxiemoglobina) medidos<\/p>\n<p>post-mortem, v\u00e1rias quest\u00f5es cr\u00edticas permaneceram sem resposta. Apenas resumir os registros<\/p>\n<p>existentes n\u00e3o foi suficiente para fazer uma determina\u00e7\u00e3o. Dr. Josef achou que era necess\u00e1rio ir mais<\/p>\n<p>longe para obter provas objetivas cr\u00edveis envolvendo as circunst\u00e2ncias da morte. Para o efeito, foi<\/p>\n<p>organizada uma reconstru\u00e7\u00e3o abrangente do acidente com a presen\u00e7a de ambas as partes (autores<\/p>\n<p>e r\u00e9us )<\/p>\n<p>Usando o mesmo trailer e gerador e duplicando as condi\u00e7\u00f5es originais o mais pr\u00f3ximo<\/p>\n<p>poss\u00edvel, a reconstru\u00e7\u00e3o abordou todos os aspectos poss\u00edveis do evento original. Isso proporcionou<\/p>\n<p>ao Dr. Josef a oportunidade de obter respostas sobre quest\u00f5es n\u00e3o respondidas decorrentes da<\/p>\n<p>trag\u00e9dia.<\/p>\n<p>Uma importante revela\u00e7\u00e3o decorrente da reconstru\u00e7\u00e3o do acidente foi como o mon\u00f3xido de<\/p>\n<p>carbono ficou t\u00e3o concentrado. Os gases de escape entraram principalmente atrav\u00e9s de uma<\/p>\n<p>pequena escotilha de armazenamento adjacente ao gerador que n\u00e3o estava devidamente fechada.<\/p>\n<p>A exaust\u00e3o do gerador foi apontada diretamente para o painel. Isso realmente pressurizou a<\/p>\n<p>contamina\u00e7\u00e3o, for\u00e7ando-a para dentro atrav\u00e9s de costuras e pequenas aberturas.<\/p>\n<p>Embora o gerador fornecesse energia geral ao ve\u00edculo, as v\u00edtimas dependiam principalmente<\/p>\n<p>do gerador para operar um ar condicionado montado no teto para escapar do calor de agosto. A<\/p>\n<p>reconstru\u00e7\u00e3o demonstrou v\u00e1rias entradas de ar diferentes e pontos de vazamento em todo o interior<\/p>\n<p>do trailer. O ar contaminado dentro da \u00e1rea de estar do trailer foi recirculado de volta para a \u00e1rea de<\/p>\n<p>estar ap\u00f3s ser resfriado. Embora essa conten\u00e7\u00e3o de ar fechado seja uma caracter\u00edstica comum em<\/p>\n<p>muitos sistemas de ar condicionado, teve um efeito desastroso neste caso.<\/p>\n<p>O especialista de um r\u00e9u inspecionando o sistema observou que o ar condicionado absorveu<\/p>\n<p>mon\u00f3xido de carbono do escapamento do gerador infiltrado. Ele rapidamente moveu o ar resfriado<\/p>\n<p><strong>PRODU\u00c7\u00c3O TEXTUAL<\/strong><\/p>\n<p><strong>INTERDISCIPLINAR<\/strong><\/p>\n<p>e contaminado para uma abertura no teto na extremidade do trailer. Assim, o sistema de ar<\/p>\n<p>condicionado concentrou e recirculou o mon\u00f3xido de carbono por todo o interior, potencializando e<\/p>\n<p>acelerando os efeitos t\u00f3xicos.<\/p>\n<p>Al\u00e9m disso, o gerador foi colocado entre um caminh\u00e3o estacionado adjacente e o trailer. Esse<\/p>\n<p>arranjo criou uma &#8220;zona de ar estagnado&#8221; na qual o gerador reciclava alguns de seus pr\u00f3prios gases<\/p>\n<p>de exaust\u00e3o. Essa reciclagem aumentou ainda mais as concentra\u00e7\u00f5es de CO no escapamento.<\/p>\n<p>Diante desse contexto, responda os seguintes questionamentos:<\/p>\n<ul>\n<li>Mon\u00f3xido de carbono &#8211; CO \u2014 \u00e0s vezes chamado de &#8220;assassino silencioso&#8221; \u00e9 um g\u00e1s incolor,<\/li>\n<\/ul>\n<p>inodoro e n\u00e3o irrit\u00e1vel. Como a gravidade espec\u00edfica do CO \u00e9 0,97, \u00e9 ligeiramente mais<\/p>\n<p>leve que o ar. Este g\u00e1s \u00e9 produzido principalmente pela combust\u00e3o incompleta de<\/p>\n<p>compostos org\u00e2nicos. Exaust\u00e3o de ve\u00edculos, fuma\u00e7a de inc\u00eandios e sistemas de<\/p>\n<p>aquecimento com manuten\u00e7\u00e3o inadequada est\u00e3o inclu\u00eddos como fontes comuns. Quais<\/p>\n<p>as causas de morte por intoxica\u00e7\u00e3o com mon\u00f3xido de carbono? Discuta a forma\u00e7\u00e3o da<\/p>\n<p>carboxihemoglobina (CO-Hb) e a hip\u00f3xia tecidual causada e se \u00e9 poss\u00edvel reverter a<\/p>\n<p>satura\u00e7\u00e3o de carboxihemoglobina (CO-Hb) no sangue.<\/p>\n<ul>\n<li>A realiza\u00e7\u00e3o da per\u00edcia \u00e9 crucial para a averigua\u00e7\u00e3o de um crime. Sabendo que tamb\u00e9m \u00e9<\/li>\n<\/ul>\n<p>por meio dos exames periciais que se encontrar\u00e1 elementos formadores da convic\u00e7\u00e3o do<\/p>\n<p>julgador acerca dos detalhes do cometimento ou n\u00e3o de um crime, enumere as quatro<\/p>\n<p>fases do levantamento do local crime.<\/p>\n<ul>\n<li>Sabemos que existem princ\u00edpios e regras que devem ser respeitadas para que o processo<\/li>\n<\/ul>\n<p>judicial ocorra devidamente. O juiz pode considerar como absoluta as provas<\/p>\n<p>apresentadas pelos r\u00e9us no processo, sem ouvir a parte contr\u00e1ria? Fundamente com base<\/p>\n<p>nos princ\u00edpios processuais que voc\u00ea aprendeu.<\/p>\n<ul>\n<li>Meio de prova: \u00e9 o meio atrav\u00e9s do qual se oferece ao juiz meios de conhecimento, de<\/li>\n<\/ul>\n<p>forma\u00e7\u00e3o da hist\u00f3ria do crime, cujos resultados probat\u00f3rios podem ser utilizados<\/p>\n<p>diretamente na decis\u00e3o. \u00c9 por meio das provas que constam no processo que o juiz vai<\/p>\n<p>proferir a sua decis\u00e3o. Cite no m\u00ednimo tr\u00eas meios de prova. O Juiz pode dar sua decis\u00e3o<\/p>\n<p>apenas nos elementos informativos colhidos na investiga\u00e7\u00e3o? Fundamente.<\/p>\n<p><strong>REFER\u00caNCIAS<\/strong><\/p>\n<p>BRASIL. Lei 13.105\/2015. <strong>C\u00f3digo de Processo Civil. <\/strong>Bras\u00edlia, DF: Senado Federal. 2015. Dispon\u00edvel em:<\/p>\n<p><a href=\"http:\/\/www.planalto.gov.br\/ccivil\">http:\/\/www.planalto.gov.br\/ccivil<\/a><u> 03\/ ato2015-2018\/2015\/1ei\/113105.htm<\/u><\/p>\n<p>FAGUNDES, Cristiane Druve Tavares, et. <strong>al. Teoria geral do processo. <\/strong>Londrina: Editora e<\/p>\n<p>Distribuidora Educacional S.A., 2019.<\/p>\n<p><strong>PRODU\u00c7\u00c3O TEXTUAL<\/strong><\/p>\n<p><strong>INTERDISCIPLINAR<\/strong><\/p>\n<p><strong>________ <\/strong><strong>. Carbon Monoxide Turns Camping Event Deadly. <\/strong>Dispon\u00edvel em: &lt;<\/p>\n<p><a href=\"http:\/\/experttoxicologist.com\/toxicology-case-studies-carbon-monoxide.aspx\">http:\/\/experttoxicologist.com\/toxicology-case-studies-carbon-monoxide.aspx<\/a><u>&gt;.<\/u> Acesso em: 29 <strong>jun.<\/strong><\/p>\n<p>2022.<\/p>\n<p>KARAPIRLI, M. et al. Forensic and clinical carbon monoxide (CO) poisonings in Turkey: A detailed<\/p>\n<p>analysis. <strong>J Forensic Leg Med., <\/strong>v. 20, n. 2, p. 95-101. 2013.<\/p>\n<p>KINOSHITA, <strong>H. <\/strong>et al. Carbon monoxide poisoning. <strong>Toxico) Rep., <\/strong>v. 7, p. 169-173. 2020.<\/p>\n<p>TEIXEIRA, A.G. <strong>Toxicologia. <\/strong>1.Ed. Editora e Distribuidora Educacional S.A. Londrina-Paran\u00e1. 2016.<\/p>\n<p><strong>NORMAS PARA ELABORA\u00c7\u00c3O E ENTREGA DA PRODU\u00c7\u00c3O TEXTUAL<\/strong><\/p>\n<ol>\n<li>O trabalho ser\u00e1 realizado<\/li>\n<li><strong>Importante: <\/strong>Voc\u00ea dever\u00e1 postar o trabalho finalizado no AVA, o que dever\u00e1 ser feito na pasta<\/li>\n<\/ol>\n<p>espec\u00edfica (&#8220;atividades interdisciplinares&#8221;), obedecendo ao prazo limite de postagem,<\/p>\n<p>conforme disposto no AVA. <u>N\u00e3o existe prorroga\u00e7\u00e3o para a postagem da atividade.<\/u><\/p>\n<ol start=\"3\">\n<li>Deve conter, depois de pronto, capa e folha de rosto padr\u00e3o da Institui\u00e7\u00e3o, sendo organizado<\/li>\n<\/ol>\n<p>no que tange \u00e0 sua apresenta\u00e7\u00e3o visual (tipos e tamanhos de fontes, alinhamento do texto,<\/p>\n<p>espa\u00e7amentos, adentramento de par\u00e1grafos, apresenta\u00e7\u00e3o correta de cita\u00e7\u00f5es e refer\u00eancias,<\/p>\n<p>entre outros elementos importantes), conforme modelo dispon\u00edvel no AVA.<\/p>\n<ol start=\"4\">\n<li>A produ\u00e7\u00e3o textual \u00e9 um trabalho original e, portanto, n\u00e3o poder\u00e1 haver trabalhos id\u00eanticos<\/li>\n<\/ol>\n<p>aos de outros alunos ou com reprodu\u00e7\u00e3o de materiais extra\u00eddos da internet. Os trabalhos<\/p>\n<p>plagiados ser\u00e3o <u>invalidados,<\/u> sendo os alunos reprovados na atividade. Lembre-se de que a<\/p>\n<p>pr\u00e1tica do pl\u00e1gio constitui crime, com pena prevista em lei<u> (Lei<\/u><u> n.<\/u><u><sup>2<\/sup><\/u><u> 9.610),<\/u> e deve ser evitada<\/p>\n<p>no \u00e2mbito acad\u00eamico.<\/p>\n<ol start=\"5\">\n<li><strong>Importante: <\/strong>O trabalho deve ser enviado em formato Word. N\u00e3o ser\u00e3o aceitos, sob nenhuma<\/li>\n<\/ol>\n<p>hip\u00f3tese, trabalhos enviados em PDF.<\/p>\n<p>A seguir, apresentamos a voc\u00ea alguns dos crit\u00e9rios avaliativos que nortear\u00e3o a an\u00e1lise<\/p>\n<p>do Tutor a Dist\u00e2ncia para atribuir o conceito \u00e0 produ\u00e7\u00e3o textual:<\/p>\n<ul>\n<li>Normaliza\u00e7\u00e3o correta do trabalho, com atendimento ao n\u00famero de p\u00e1ginas solicitadas.<\/li>\n<li>Apresenta\u00e7\u00e3o de estrutura condizente com a proposta apresentada (com introdu\u00e7\u00e3o,<\/li>\n<\/ul>\n<p>desenvolvimento e conclus\u00e3o).<\/p>\n<ul>\n<li>Uso de linguagem acad\u00eamica adequada, com clareza e corre\u00e7\u00e3o, atendendo \u00e0 norma padr\u00e3o.<\/li>\n<li>Atendimento \u00e0 proposta, contemplando todos os itens solicitados, com objetividade,<\/li>\n<\/ul>\n<p>criatividade, originalidade e autenticidade.<\/p>\n<ul>\n<li>Fundamenta\u00e7\u00e3o te\u00f3rica do trabalho, com as devidas refer\u00eancias dos autores eventualmente<\/li>\n<\/ul>\n<p>citados.<\/p>\n<p>&nbsp;<\/p>\n<p><strong>PRODU\u00c7\u00c3O TEXTUAL<\/strong><\/p>\n<p><strong>INTERDISCIPLINAR<\/strong><\/p>\n<p>Lembre-se de que seu Tutor a Dist\u00e2ncia est\u00e1 \u00e0 disposi\u00e7\u00e3o para lhe atender em suas<\/p>\n<p>d\u00favidas e, tamb\u00e9m, para repassar orienta\u00e7\u00f5es sempre que voc\u00ea precisar. Aproveite esta<\/p>\n<p>oportunidade para realizar um trabalho com a qualidade acad\u00eamica de n\u00edvel universit\u00e1rio.<\/p>\n<p><strong>Bom trabalho!<\/strong><\/p>\n<p><strong>Equipe de professores<\/strong><\/p>\n<div class=\"elementor-toggle-item\">\n<h4 id=\"elementor-tab-title-1941\" class=\"elementor-tab-title elementor-active\" tabindex=\"0\" role=\"tab\" data-tab=\"1\" aria-controls=\"elementor-tab-content-1941\" aria-expanded=\"true\" aria-selected=\"true\">Como funciona?<\/h4>\n<div id=\"elementor-tab-content-1941\" class=\"elementor-tab-content elementor-clearfix elementor-active\" role=\"tabpanel\" data-tab=\"1\" aria-labelledby=\"elementor-tab-title-1941\">\n<p>Elaboramos os portf\u00f3lios, j\u00e1 deixamos prontos, nas normas da ABNT e conforme os requisitos da universidade. F\u00e1cil assim! O MELHOR \u00c9 QUE VOC\u00ca COMPRA E J\u00c1 BAIXA NA HORA O SEU ARQUIVO EM WORD! Sabemos que conciliar trabalho, fam\u00edlia, vida profissional e estudos \u00e9 dif\u00edcil hoje em dia, por isso, estamos aqui para ajudar voc\u00ea. Conte com nossa qualidade, experi\u00eancia e profissionalismo adquirindo seu portf\u00f3lio conosco. GARANTIMOS SEU CONCEITO!<\/p>\n<h4>Como se realizam os envios?<\/h4>\n<\/div>\n<\/div>\n<div class=\"elementor-toggle-item\">\n<div id=\"elementor-tab-content-1942\" class=\"elementor-tab-content elementor-clearfix elementor-active\" role=\"tabpanel\" data-tab=\"2\" aria-labelledby=\"elementor-tab-title-1942\">O seu trabalho \u00e9 disponibilizado pronto, respondido e nas normas j\u00e1 na mesma hora aqui em nosso site na sua \u00e1rea de downloads e tamb\u00e9m no seu e-mail.<\/div>\n<\/div>\n<div class=\"elementor-toggle-item\">\n<div id=\"elementor-tab-content-1943\" class=\"elementor-tab-content elementor-clearfix elementor-active\" role=\"tabpanel\" data-tab=\"3\" aria-labelledby=\"elementor-tab-title-1943\">\n<h4>Em quanto tempo recebo o portf\u00f3lio?<\/h4>\n<\/div>\n<\/div>\n<div class=\"elementor-toggle-item\">\n<div id=\"elementor-tab-content-1944\" class=\"elementor-tab-content elementor-clearfix elementor-active\" role=\"tabpanel\" data-tab=\"4\" aria-labelledby=\"elementor-tab-title-1944\">\n<p>Os envios s\u00e3o imediatos. Ap\u00f3s sua compra, o trabalho j\u00e1 \u00e9 disponibilizado instantaneamente aqui em nosso site e no seu e-mail.<\/p>\n<h4>E se o portf\u00f3lio que comprei precisar de corre\u00e7\u00e3o?<\/h4>\n<\/div>\n<\/div>\n<div class=\"elementor-toggle-item\">\n<div id=\"elementor-tab-content-1945\" class=\"elementor-tab-content elementor-clearfix elementor-active\" role=\"tabpanel\" data-tab=\"5\" aria-labelledby=\"elementor-tab-title-1945\">\n<p>Caso haja alguma solicita\u00e7\u00e3o de corre\u00e7\u00e3o\/altera\u00e7\u00e3o por parte do tutor, basta entrar em contato conosco pelo\u00a0WhatsApp\u00a0que provid\u00eanciaremos sem custo algum.<\/p>\n<h4>Qual o formato do arquivo?<\/h4>\n<\/div>\n<\/div>\n<div class=\"elementor-toggle-item\">\n<div id=\"elementor-tab-content-1946\" class=\"elementor-tab-content elementor-clearfix elementor-active\" role=\"tabpanel\" data-tab=\"6\" aria-labelledby=\"elementor-tab-title-1946\">\n<p>Os arquivos s\u00e3o enviados em formato Word e s\u00e3o edit\u00e1veis.<\/p>\n<h4>Caso eu tiver alguma d\u00favida, terei suporte no p\u00f3s venda?<\/h4>\n<\/div>\n<\/div>\n<div class=\"elementor-toggle-item\">\n<div id=\"elementor-tab-content-1948\" class=\"elementor-tab-content elementor-clearfix elementor-active\" role=\"tabpanel\" data-tab=\"8\" aria-labelledby=\"elementor-tab-title-1948\">\n<p>Sim, com certeza. Basta clicar no \u00edcone do WhatsApp no cantinho da tela. Ser\u00e1 um prazer atend\u00ea-lo(a).<\/p>\n<div class=\"elementor-toggle-item\">\n<div id=\"elementor-tab-content-1948\" class=\"elementor-tab-content elementor-clearfix elementor-active\" role=\"tabpanel\" data-tab=\"8\" aria-labelledby=\"elementor-tab-title-1948\">\n<h4>Quais os seus canais de contato?<\/h4>\n<\/div>\n<\/div>\n<div class=\"elementor-toggle-item\">\n<div id=\"elementor-tab-content-1949\" class=\"elementor-tab-content elementor-clearfix elementor-active\" role=\"tabpanel\" data-tab=\"9\" aria-labelledby=\"elementor-tab-title-1949\">\n<p>Whatsapp: 53 984751621 \u2013 Clicar no canto da tela ou ESCANEIE O QRCODE ABAIXO<\/p>\n<p><img decoding=\"async\" class=\"alignnone wp-image-7603\" src=\"http:\/\/portifolioos-prontos.com\/wp-content\/uploads\/2022\/09\/portfolio-unopar-pronto-colaborar-ava-producao-textual-interdisciplinar.png\" alt=\"Intoxica\u00e7\u00e3o por Mon\u00f3xido de Carbono,portf\u00f3lio Intoxica\u00e7\u00e3o por Mon\u00f3xido de Carbono,portfolio Intoxica\u00e7\u00e3o por Mon\u00f3xido de Carbono,portfolio pronto Intoxica\u00e7\u00e3o por Mon\u00f3xido de Carbono,portf\u00f3lio ead Intoxica\u00e7\u00e3o por Mon\u00f3xido de Carbono,portf\u00f3lioo ead Intoxica\u00e7\u00e3o por Mon\u00f3xido de Carbono,portfolio ead Intoxica\u00e7\u00e3o por Mon\u00f3xido de Carbono,portfolio unopar Intoxica\u00e7\u00e3o por Mon\u00f3xido de Carbono,portf\u00f3lio pronto unopar Intoxica\u00e7\u00e3o por Mon\u00f3xido de Carbono,portf\u00f3lio pronto anhanguera Intoxica\u00e7\u00e3o por Mon\u00f3xido de Carbono,pti Intoxica\u00e7\u00e3o por Mon\u00f3xido de Carbono,produ\u00e7\u00e3o textual Intoxica\u00e7\u00e3o por Mon\u00f3xido de Carbono,ptg Intoxica\u00e7\u00e3o por Mon\u00f3xido de Carbono,trabalho pronto unopar Intoxica\u00e7\u00e3o por Mon\u00f3xido de Carbono,trabalhos feitos,trabalhos feitos Intoxica\u00e7\u00e3o por Mon\u00f3xido de Carbono,investiga\u00e7\u00e3o e pericia criminal,investiga\u00e7\u00e3o e pericia criminal unopar,investiga\u00e7\u00e3o e pericia criminal anhanguera,investiga\u00e7\u00e3o e per\u00edcia criminal curso,investiga\u00e7\u00e3o e pericia criminal oq faz,Portfolio pronto,portifolio pronto,portf\u00f3lio pronto,portifolios prontos,portif\u00f3lios prontos,portf\u00f3lio pronto unopar,portifolio pronto unopar,portif\u00f3lio pronto unopar,portifolios prontos unopar,portifolios prontos anhanguera,portf\u00f3lios prontos anhanguera,portf\u00f3lio pronto anhanguera,portfolios ead,portf\u00f3lios ead,portfolioead,apostileiros,portf\u00f3lio ead,portifolios ead,portif\u00f3lios ead,eadhelp,shop do acad\u00eamico,unopar portfolio,portfolio pronto ead,portfolio unopar ead,ead portfolio ava,portf\u00f3lio ead anhanguera,portf\u00f3lio ead pront,o portf\u00f3lio ead unopar,portf\u00f3lio pronto em word,pti unopar,ptg unopar,modelo de portf\u00f3lio unopar,modelo de portf\u00f3lio anhanguera,como fazer um portf\u00f3lio para faculdade,como faz portf\u00f3lio universidade,como faz portf\u00f3lios para universidade,portf\u00f3lios prontos para universidade,portf\u00f3lios pronto para faculdade,portf\u00f3lio pronto para editar,portifolios prontos para editar,portf\u00f3lio em word,portfolio em word,portf\u00f3lio em word para editar,portifolio em word para editar,portfolio unopar pronto para editar,modelo de portfolio para unopar,modelo de portif\u00f3lio para unopar,modelo de portf\u00f3lio para unopar,unopar portf\u00f3lio pronto,anhanguera portf\u00f3lio pronto,portf\u00f3lio em word pronto,comprar portf\u00f3lio pronto,como fazer um portf\u00f3lio,como fazer portf\u00f3lio digital,portfolio,portf\u00f3lio,portifolio,portif\u00f3lio,portf\u00f3lio interdisciplinar individual,portfolio interdisciplinar individual,exemplos de portf\u00f3lio para faculdade,baixar portf\u00f3lio pronto,portf\u00f3lio acad\u00eamico,portf\u00f3lio online,portfoliooead,portfolio ead,portf\u00f3lio pronto interdisciplinar individual,relat\u00f3rio de est\u00e1gio unopar,relat\u00f3rio de est\u00e1gio pronto unopar,como criar um portf\u00f3lio,o que \u00e9 um portf\u00f3lio e como fazer,portfolio exemplo,modelo de portfolio acad\u00eamico,relat\u00f3rio de est\u00e1gio gest\u00e3o escolar pronto unopar,portf\u00f3lio como fazer,prova profici\u00eancia unopar,portfolio individual est\u00e1gio curricular obrigat\u00f3rio ii anos iniciais do ensino fundamental,prova de profici\u00eancia pedagogia unopar,capa de trabalho unopar para editar,portf\u00f3lio acad\u00eamico unopar,como fazer um portf\u00f3lio acad\u00eamico,portf\u00f3lio exemplos word,portfolio acad\u00eamico,portfolio individual,portfolio individual unopar,portfolio individual anhanguera,portfolio marketing digital,portf\u00f3lio educa\u00e7\u00e3o f\u00edsica unopar,portf\u00f3lio gest\u00e3o educacional e espa\u00e7os n\u00e3o escolares,como fazer um portifolio unopar,modelo de portf\u00f3lio unopar em arquivo word,capa de portf\u00f3lio de pedagogia,como fazer um portf\u00f3lio no word,projeto integrado unopar,exemplo de portf\u00f3lio academico pedagogia\" width=\"141\" height=\"141\" srcset=\"https:\/\/portifolioos-prontos.com\/wp-content\/uploads\/2022\/09\/portfolio-unopar-pronto-colaborar-ava-producao-textual-interdisciplinar.png 150w, https:\/\/portifolioos-prontos.com\/wp-content\/uploads\/2022\/09\/portfolio-unopar-pronto-colaborar-ava-producao-textual-interdisciplinar-100x100.png 100w\" sizes=\"(max-width: 141px) 100vw, 141px\" \/><\/p>\n<\/div>\n<\/div>\n<\/div>\n<\/div>\n<div class=\"elementor-toggle-item\">\n<div id=\"elementor-tab-content-1949\" class=\"elementor-tab-content elementor-clearfix elementor-active\" role=\"tabpanel\" data-tab=\"9\" aria-labelledby=\"elementor-tab-title-1949\">\n<p>E-mail:portifoliosp@gmail.com<\/p>\n<div id=\"attachment_143\" class=\"wp-caption alignnone\">\n<div id=\"attachment_143\" class=\"wp-caption alignnone\" style=\"width: 140px;\">\n<p><a href=\"http:\/\/portifolioos-prontos.com\/\"><img decoding=\"async\" class=\"wp-image-143\" title=\"portfolio pronto unopar\" src=\"http:\/\/portifolioos-prontos.com\/wp-content\/uploads\/2022\/04\/conceitomaximo.png\" alt=\"PORTFOLIO PRONTO UNOPAR ANHANGUERA\" width=\"140\" height=\"40\" aria-describedby=\"caption-attachment-143\" \/><\/a><\/p>\n<p id=\"caption-attachment-143\" class=\"wp-caption-text\">Portf\u00f3lio em Word, respondido, completo e j\u00e1 nas normas.<\/p>\n<\/div>\n<\/div>\n<\/div>\n<\/div>\n","protected":false},"excerpt":{"rendered":"<p>Portf\u00f3lio Intoxica\u00e7\u00e3o por Mon\u00f3xido de Carbono Curso: CST Investiga\u00e7\u00e3o e Per\u00edcia Criminal Prezado aluno, Seja bem-vindo a este semestre! A presente proposta de Produ\u00e7\u00e3o Textual Individual (PTI) ter\u00e1 como tem\u00e1tica central &#8220;Intoxica\u00e7\u00e3o por Mon\u00f3xido de Carbono&#8221;. Tal tem\u00e1tica foi escolhida a fim de possibilitar a aprendizagem interdisciplinar dos conte\u00fados trabalhados nas disciplinas deste semestre. Na&hellip;<\/p>\n","protected":false},"featured_media":6087,"template":"","meta":{"_seopress_robots_primary_cat":"none","_seopress_titles_title":"%%post_title%% %%sitetitle%%","_seopress_titles_desc":"%%post_content%%","_seopress_robots_index":""},"product_cat":[46,15],"product_tag":[],"class_list":{"0":"post-6000","1":"product","2":"type-product","3":"status-publish","4":"has-post-thumbnail","6":"product_cat-investigacao-e-pericia-criminal","7":"product_cat-uncategorized","9":"first","10":"instock","11":"downloadable","12":"virtual","13":"purchasable","14":"product-type-simple","15":"col-xs-6 col-sm-4","16":"col-mf-5","17":"un-5-cols"},"jetpack_sharing_enabled":true,"_links":{"self":[{"href":"https:\/\/portifolioos-prontos.com\/index.php\/wp-json\/wp\/v2\/product\/6000","targetHints":{"allow":["GET"]}}],"collection":[{"href":"https:\/\/portifolioos-prontos.com\/index.php\/wp-json\/wp\/v2\/product"}],"about":[{"href":"https:\/\/portifolioos-prontos.com\/index.php\/wp-json\/wp\/v2\/types\/product"}],"version-history":[{"count":0,"href":"https:\/\/portifolioos-prontos.com\/index.php\/wp-json\/wp\/v2\/product\/6000\/revisions"}],"wp:featuredmedia":[{"embeddable":true,"href":"https:\/\/portifolioos-prontos.com\/index.php\/wp-json\/wp\/v2\/media\/6087"}],"wp:attachment":[{"href":"https:\/\/portifolioos-prontos.com\/index.php\/wp-json\/wp\/v2\/media?parent=6000"}],"wp:term":[{"taxonomy":"product_cat","embeddable":true,"href":"https:\/\/portifolioos-prontos.com\/index.php\/wp-json\/wp\/v2\/product_cat?post=6000"},{"taxonomy":"product_tag","embeddable":true,"href":"https:\/\/portifolioos-prontos.com\/index.php\/wp-json\/wp\/v2\/product_tag?post=6000"}],"curies":[{"name":"wp","href":"https:\/\/api.w.org\/{rel}","templated":true}]}}