{"id":6006,"date":"2022-08-01T22:24:30","date_gmt":"2022-08-02T01:24:30","guid":{"rendered":"https:\/\/portifolioos-prontos.com\/?post_type=product&#038;p=6006"},"modified":"2022-09-29T18:12:15","modified_gmt":"2022-09-29T21:12:15","slug":"atividade-pratica-reclamacoes-no-setor-imobiliario","status":"publish","type":"product","link":"https:\/\/portifolioos-prontos.com\/index.php\/product\/atividade-pratica-reclamacoes-no-setor-imobiliario\/","title":{"rendered":"Atividade pr\u00e1tica Reclama\u00e7\u00f5es no setor imobili\u00e1rio"},"content":{"rendered":"<h4>Atividade pr\u00e1tica Reclama\u00e7\u00f5es no setor imobili\u00e1rio<\/h4>\n<p><strong>OBJETIVOS<\/strong><br \/>\nA proposta desta atividade pr\u00e1tica est\u00e1 amparada nos seguintes objetivos:<br \/>\n\uf0b7 Verificar quais s\u00e3o as reclama\u00e7\u00f5es em rela\u00e7\u00e3o aos im\u00f3veis e ao setor<br \/>\nimobili\u00e1rio.<br \/>\n\uf0b7 Correlacionar essas reclama\u00e7\u00f5es aos direitos dos consumidores e deveres dos<br \/>\nfornecedores.<\/p>\n<p><strong>RECURSOS<\/strong><br \/>\nComputador com acesso \u00e0 internet.<\/p>\n<p><strong>PROCEDIMENTOS PR\u00c1TICOS<\/strong><br \/>\nAtividade proposta 1 \u2013 Verificar as reclama\u00e7\u00f5es em rela\u00e7\u00e3o aos im\u00f3veis e setor<br \/>\nimobili\u00e1rio<br \/>\nPesquisar no site ReclameAqui as reclama\u00e7\u00f5es desse setor.<br \/>\nProcedimentos para a realiza\u00e7\u00e3o da atividade<br \/>\n\uf0b7 Os procedimentos ser\u00e3o realizados por meio do site Reclame Aqui<a href=\"http:\/\/portifolioos-prontos.com\">.<\/a><br \/>\n\uf0b7 Acessar o google;<br \/>\n\uf0b7 Ao abrir o google, voc\u00ea dever\u00e1 pesquisar&gt;Reclame Aqui<\/p>\n<p>\uf0b7 Em seguida, voc\u00ea j\u00e1 ser\u00e1 direcionado ao site para realizar a pesquisa<br \/>\n1. Iniciando a pesquisa: No campo pesquisar digite: im\u00f3veis.<\/p>\n<p>Em seguida, des\u00e7a a p\u00e1gina e em categoria clique em&gt; Construtoras e Imobili\u00e1rias<\/p>\n<p>2. Selecionando as reclama\u00e7\u00f5es:<br \/>\nV\u00e1 para as reclama\u00e7\u00f5es e escolha tr\u00eas relatos de consumidores relacionados com<br \/>\nv\u00edcios\/defeitos, propaganda enganosa e\/ou pr\u00e1tica abusiva.<\/p>\n<p>3. Reclama\u00e7\u00f5es: Procure por reclama\u00e7\u00f5es consistentes e que tenha r\u00e9plica da<br \/>\nconstrutora\/empresa, para realizar o check-list final e realizar a atividade.<br \/>\n4. Avaliando os resultados: Escolha 3 reclama\u00e7\u00f5es que se relacione a<br \/>\nv\u00edcio\/defeito, propaganda enganosa ou abusiva, ou pr\u00e1tica abusiva. Siga para<br \/>\na se\u00e7\u00e3o \u201cChecklist\u201d, neste roteiro, e responda de acordo com o que foi<br \/>\nobservado na pr\u00e1tica.<br \/>\nChecklist<br \/>\n1. Quais s\u00e3o as maiores reclama\u00e7\u00f5es acerca de im\u00f3veis e setor imobili\u00e1rio?<br \/>\n2. As empresas respondem os consumidores e buscam resolver os problemas?<br \/>\n3. Quais medidas as empresas poderiam tomar para melhorar os aspectos mais<br \/>\nreclamados?<br \/>\n4. Das reclama\u00e7\u00f5es escolhidas, o que diz o C\u00f3digo de Defesa do Consumidor?<br \/>\n5. Os consumidores, caso comprovado o relato feito, teriam quais direitos nas<br \/>\nreclama\u00e7\u00f5es escolhidas?<br \/>\nRESULTADOS<br \/>\nEntrega de um arquivo word que contemple todas as etapas da atividade pr\u00e1tica<br \/>\n(Atividades 1), respondendo a todas as quest\u00f5es propostas no checklist.<\/p>\n<div class=\"elementor-toggle-item\">\n<h4 id=\"elementor-tab-title-1941\" class=\"elementor-tab-title elementor-active\" tabindex=\"0\" role=\"tab\" data-tab=\"1\" aria-controls=\"elementor-tab-content-1941\" aria-expanded=\"true\" aria-selected=\"true\">Como funciona?<\/h4>\n<div id=\"elementor-tab-content-1941\" class=\"elementor-tab-content elementor-clearfix elementor-active\" role=\"tabpanel\" data-tab=\"1\" aria-labelledby=\"elementor-tab-title-1941\">\n<p>Elaboramos os portf\u00f3lios, j\u00e1 deixamos prontos, nas normas da ABNT e conforme os requisitos da universidade. F\u00e1cil assim! O MELHOR \u00c9 QUE VOC\u00ca COMPRA E J\u00c1 BAIXA NA HORA O SEU ARQUIVO EM WORD! Sabemos que conciliar trabalho, fam\u00edlia, vida profissional e estudos \u00e9 dif\u00edcil hoje em dia, por isso, estamos aqui para ajudar voc\u00ea. Conte com nossa qualidade, experi\u00eancia e profissionalismo adquirindo seu portf\u00f3lio conosco. GARANTIMOS SEU CONCEITO!<\/p>\n<h4>Como se realizam os envios?<\/h4>\n<\/div>\n<\/div>\n<div class=\"elementor-toggle-item\">\n<div id=\"elementor-tab-content-1942\" class=\"elementor-tab-content elementor-clearfix elementor-active\" role=\"tabpanel\" data-tab=\"2\" aria-labelledby=\"elementor-tab-title-1942\">O seu trabalho \u00e9 disponibilizado pronto, respondido e nas normas j\u00e1 na mesma hora aqui em nosso site na sua \u00e1rea de downloads e tamb\u00e9m no seu e-mail.<\/div>\n<\/div>\n<div class=\"elementor-toggle-item\">\n<div id=\"elementor-tab-content-1943\" class=\"elementor-tab-content elementor-clearfix elementor-active\" role=\"tabpanel\" data-tab=\"3\" aria-labelledby=\"elementor-tab-title-1943\">\n<h4>Em quanto tempo recebo o portf\u00f3lio?<\/h4>\n<\/div>\n<\/div>\n<div class=\"elementor-toggle-item\">\n<div id=\"elementor-tab-content-1944\" class=\"elementor-tab-content elementor-clearfix elementor-active\" role=\"tabpanel\" data-tab=\"4\" aria-labelledby=\"elementor-tab-title-1944\">\n<p>Os envios s\u00e3o imediatos. Ap\u00f3s sua compra, o trabalho j\u00e1 \u00e9 disponibilizado instantaneamente aqui em nosso site e no seu e-mail.<\/p>\n<h4>E se o portf\u00f3lio que comprei precisar de corre\u00e7\u00e3o?<\/h4>\n<\/div>\n<\/div>\n<div class=\"elementor-toggle-item\">\n<div id=\"elementor-tab-content-1945\" class=\"elementor-tab-content elementor-clearfix elementor-active\" role=\"tabpanel\" data-tab=\"5\" aria-labelledby=\"elementor-tab-title-1945\">\n<p>Caso haja alguma solicita\u00e7\u00e3o de corre\u00e7\u00e3o\/altera\u00e7\u00e3o por parte do tutor, basta entrar em contato conosco pelo\u00a0WhatsApp\u00a0que provid\u00eanciaremos sem custo algum.<\/p>\n<h4>Qual o formato do arquivo?<\/h4>\n<\/div>\n<\/div>\n<div class=\"elementor-toggle-item\">\n<div id=\"elementor-tab-content-1946\" class=\"elementor-tab-content elementor-clearfix elementor-active\" role=\"tabpanel\" data-tab=\"6\" aria-labelledby=\"elementor-tab-title-1946\">\n<p>Os arquivos s\u00e3o enviados em formato Word e s\u00e3o edit\u00e1veis.<\/p>\n<h4>Caso eu tiver alguma d\u00favida, terei suporte no p\u00f3s venda?<\/h4>\n<\/div>\n<\/div>\n<div class=\"elementor-toggle-item\">\n<div id=\"elementor-tab-content-1948\" class=\"elementor-tab-content elementor-clearfix elementor-active\" role=\"tabpanel\" data-tab=\"8\" aria-labelledby=\"elementor-tab-title-1948\">\n<p>Sim, com certeza. Basta clicar no \u00edcone do WhatsApp no cantinho da tela. Ser\u00e1 um prazer atend\u00ea-lo(a).<\/p>\n<div class=\"elementor-toggle-item\">\n<div id=\"elementor-tab-content-1948\" class=\"elementor-tab-content elementor-clearfix elementor-active\" role=\"tabpanel\" data-tab=\"8\" aria-labelledby=\"elementor-tab-title-1948\">\n<h4>Quais os seus canais de contato?<\/h4>\n<\/div>\n<\/div>\n<div class=\"elementor-toggle-item\">\n<div id=\"elementor-tab-content-1949\" class=\"elementor-tab-content elementor-clearfix elementor-active\" role=\"tabpanel\" data-tab=\"9\" aria-labelledby=\"elementor-tab-title-1949\">\n<p>Whatsapp: 53 984751621 \u2013 Clicar no canto da tela ou ESCANEIE O QRCODE ABAIXO<\/p>\n<p><img decoding=\"async\" class=\"alignnone wp-image-7603\" src=\"http:\/\/portifolioos-prontos.com\/wp-content\/uploads\/2022\/09\/portfolio-unopar-pronto-colaborar-ava-producao-textual-interdisciplinar.png\" alt=\"Atividade pr\u00e1tica Reclama\u00e7\u00f5es no setor imobili\u00e1rio,portf\u00f3lio Atividade pr\u00e1tica Reclama\u00e7\u00f5es no setor imobili\u00e1rio,portf\u00f3lio pronto Atividade pr\u00e1tica Reclama\u00e7\u00f5es no setor imobili\u00e1rio,portfolio ead Atividade pr\u00e1tica Reclama\u00e7\u00f5es no setor imobili\u00e1rio,portf\u00f3lioo ead Atividade pr\u00e1tica Reclama\u00e7\u00f5es no setor imobili\u00e1rio,portfolio pronto unopar Atividade pr\u00e1tica Reclama\u00e7\u00f5es no setor imobili\u00e1rio,potf\u00f3lio pronto anhanguera Atividade pr\u00e1tica Reclama\u00e7\u00f5es no setor imobili\u00e1rio,trabalho pronto Atividade pr\u00e1tica Reclama\u00e7\u00f5es no setor imobili\u00e1rio,trabalhos feitos Atividade pr\u00e1tica Reclama\u00e7\u00f5es no setor imobili\u00e1rio,trabalhos feitos,trabalhos prontos unopar,portf\u00f3lio anhanguera Atividade pr\u00e1tica Reclama\u00e7\u00f5es no setor imobili\u00e1rio,Portfolio pronto,portifolio pronto,portf\u00f3lio pronto,portifolios prontos,portif\u00f3lios prontos,portf\u00f3lio pronto unopar,portifolio pronto unopar,portif\u00f3lio pronto unopar,portifolios prontos unopar,portifolios prontos anhanguera,portf\u00f3lios prontos anhanguera,portf\u00f3lio pronto anhanguera,portfolios ead,portf\u00f3lios ead,portfolioead,apostileiros,portf\u00f3lio ead,portifolios ead,portif\u00f3lios ead,eadhelp,shop do acad\u00eamico,unopar portfolio,portfolio pronto ead,portfolio unopar ead,ead portfolio ava,portf\u00f3lio ead anhanguera,portf\u00f3lio ead pront,o portf\u00f3lio ead unopar,portf\u00f3lio pronto em word,pti unopar,ptg unopar,modelo de portf\u00f3lio unopar,modelo de portf\u00f3lio anhanguera,como fazer um portf\u00f3lio para faculdade,como faz portf\u00f3lio universidade,como faz portf\u00f3lios para universidade,portf\u00f3lios prontos para universidade,portf\u00f3lios pronto para faculdade,portf\u00f3lio pronto para editar,portifolios prontos para editar,portf\u00f3lio em word,portfolio em word,portf\u00f3lio em word para editar,portifolio em word para editar,portfolio unopar pronto para editar,modelo de portfolio para unopar,modelo de portif\u00f3lio para unopar,modelo de portf\u00f3lio para unopar,unopar portf\u00f3lio pronto,anhanguera portf\u00f3lio pronto,portf\u00f3lio em word pronto,comprar portf\u00f3lio pronto,como fazer um portf\u00f3lio,como fazer portf\u00f3lio digital,portfolio,portf\u00f3lio,portifolio,portif\u00f3lio,portf\u00f3lio interdisciplinar individual,portfolio interdisciplinar individual,exemplos de portf\u00f3lio para faculdade,baixar portf\u00f3lio pronto,portf\u00f3lio acad\u00eamico,portf\u00f3lio online,portfoliooead,portfolio ead,portf\u00f3lio pronto interdisciplinar individual,relat\u00f3rio de est\u00e1gio unopar,relat\u00f3rio de est\u00e1gio pronto unopar,como criar um portf\u00f3lio,o que \u00e9 um portf\u00f3lio e como fazer,portfolio exemplo,modelo de portfolio acad\u00eamico,relat\u00f3rio de est\u00e1gio gest\u00e3o escolar pronto unopar,portf\u00f3lio como fazer,prova profici\u00eancia unopar,portfolio individual est\u00e1gio curricular obrigat\u00f3rio ii anos iniciais do ensino fundamental,prova de profici\u00eancia pedagogia unopar,capa de trabalho unopar para editar,portf\u00f3lio acad\u00eamico unopar,como fazer um portf\u00f3lio acad\u00eamico,portf\u00f3lio exemplos word,portfolio acad\u00eamico,portfolio individual,portfolio individual unopar,portfolio individual anhanguera,portfolio marketing digital,portf\u00f3lio educa\u00e7\u00e3o f\u00edsica unopar,portf\u00f3lio gest\u00e3o educacional e espa\u00e7os n\u00e3o escolares,como fazer um portifolio unopar,modelo de portf\u00f3lio unopar em arquivo word,capa de portf\u00f3lio de pedagogia,como fazer um portf\u00f3lio no word,projeto integrado unopar,exemplo de portf\u00f3lio academico pedagogia\" width=\"141\" height=\"141\" srcset=\"https:\/\/portifolioos-prontos.com\/wp-content\/uploads\/2022\/09\/portfolio-unopar-pronto-colaborar-ava-producao-textual-interdisciplinar.png 150w, https:\/\/portifolioos-prontos.com\/wp-content\/uploads\/2022\/09\/portfolio-unopar-pronto-colaborar-ava-producao-textual-interdisciplinar-100x100.png 100w\" sizes=\"(max-width: 141px) 100vw, 141px\" \/><\/p>\n<\/div>\n<\/div>\n<\/div>\n<\/div>\n<div class=\"elementor-toggle-item\">\n<div id=\"elementor-tab-content-1949\" class=\"elementor-tab-content elementor-clearfix elementor-active\" role=\"tabpanel\" data-tab=\"9\" aria-labelledby=\"elementor-tab-title-1949\">\n<p>E-mail:portifoliosp@gmail.com<\/p>\n<div id=\"attachment_143\" class=\"wp-caption alignnone\">\n<div id=\"attachment_143\" class=\"wp-caption alignnone\" style=\"width: 157px;\">\n<p><a href=\"http:\/\/portifolioos-prontos.com\/\"><img decoding=\"async\" class=\"wp-image-143\" title=\"portfolio pronto unopar\" src=\"http:\/\/portifolioos-prontos.com\/wp-content\/uploads\/2022\/04\/conceitomaximo.png\" alt=\"PORTFOLIO PRONTO UNOPAR ANHANGUERA\" width=\"157\" height=\"45\" aria-describedby=\"caption-attachment-143\" \/><\/a><\/p>\n<p id=\"caption-attachment-143\" class=\"wp-caption-text\">Portf\u00f3lio em Word, respondido, completo e j\u00e1 nas normas.<\/p>\n<\/div>\n<\/div>\n<\/div>\n<\/div>\n","protected":false},"excerpt":{"rendered":"<p>Atividade pr\u00e1tica Reclama\u00e7\u00f5es no setor imobili\u00e1rio OBJETIVOS A proposta desta atividade pr\u00e1tica est\u00e1 amparada nos seguintes objetivos: \uf0b7 Verificar quais s\u00e3o as reclama\u00e7\u00f5es em rela\u00e7\u00e3o aos im\u00f3veis e ao setor imobili\u00e1rio. \uf0b7 Correlacionar essas reclama\u00e7\u00f5es aos direitos dos consumidores e deveres dos fornecedores. RECURSOS Computador com acesso \u00e0 internet. PROCEDIMENTOS PR\u00c1TICOS Atividade proposta 1 \u2013&hellip;<\/p>\n","protected":false},"featured_media":6470,"template":"","meta":{"_seopress_robots_primary_cat":"none","_seopress_titles_title":"%%post_title%% %%sitetitle%%","_seopress_titles_desc":"%%post_content%%","_seopress_robots_index":""},"product_cat":[50,15],"product_tag":[],"class_list":{"0":"post-6006","1":"product","2":"type-product","3":"status-publish","4":"has-post-thumbnail","6":"product_cat-negocios-imobiliarios","7":"product_cat-uncategorized","9":"first","10":"instock","11":"downloadable","12":"virtual","13":"purchasable","14":"product-type-simple","15":"col-xs-6 col-sm-4","16":"col-mf-5","17":"un-5-cols"},"jetpack_sharing_enabled":true,"_links":{"self":[{"href":"https:\/\/portifolioos-prontos.com\/index.php\/wp-json\/wp\/v2\/product\/6006","targetHints":{"allow":["GET"]}}],"collection":[{"href":"https:\/\/portifolioos-prontos.com\/index.php\/wp-json\/wp\/v2\/product"}],"about":[{"href":"https:\/\/portifolioos-prontos.com\/index.php\/wp-json\/wp\/v2\/types\/product"}],"version-history":[{"count":0,"href":"https:\/\/portifolioos-prontos.com\/index.php\/wp-json\/wp\/v2\/product\/6006\/revisions"}],"wp:featuredmedia":[{"embeddable":true,"href":"https:\/\/portifolioos-prontos.com\/index.php\/wp-json\/wp\/v2\/media\/6470"}],"wp:attachment":[{"href":"https:\/\/portifolioos-prontos.com\/index.php\/wp-json\/wp\/v2\/media?parent=6006"}],"wp:term":[{"taxonomy":"product_cat","embeddable":true,"href":"https:\/\/portifolioos-prontos.com\/index.php\/wp-json\/wp\/v2\/product_cat?post=6006"},{"taxonomy":"product_tag","embeddable":true,"href":"https:\/\/portifolioos-prontos.com\/index.php\/wp-json\/wp\/v2\/product_tag?post=6006"}],"curies":[{"name":"wp","href":"https:\/\/api.w.org\/{rel}","templated":true}]}}