{"id":6039,"date":"2022-08-02T12:16:48","date_gmt":"2022-08-02T15:16:48","guid":{"rendered":"https:\/\/portifolioos-prontos.com\/?post_type=product&#038;p=6039"},"modified":"2022-09-14T15:30:32","modified_gmt":"2022-09-14T18:30:32","slug":"portfolio-o-corpo-humano-em-desenvovimento-aspectos-biologicos-anatomicos-e-maturacionais","status":"publish","type":"product","link":"https:\/\/portifolioos-prontos.com\/index.php\/product\/portfolio-o-corpo-humano-em-desenvovimento-aspectos-biologicos-anatomicos-e-maturacionais\/","title":{"rendered":"Portf\u00f3lio O CORPO HUMANO EM DESENVOVIMENTO: ASPECTOS BIOL\u00d3GICOS, ANAT\u00d4MICOS E MATURACIONAIS"},"content":{"rendered":"<h4>Portf\u00f3lio O CORPO HUMANO EM DESENVOVIMENTO: ASPECTOS BIOL\u00d3GICOS, ANAT\u00d4MICOS E MATURACIONAIS<\/h4>\n<h4>Curso: Educa\u00e7\u00e3o F\u00edsica<\/h4>\n<p>Caro aluno e cara aluna, sejam bem-vindos e bem-vindas a este semestre!<br \/>\n\u2022 O presente semestre est\u00e1 possibilitando uma significativa amplia\u00e7\u00e3o e<br \/>\naprofundamento de conhecimentos sobre a Educa\u00e7\u00e3o F\u00edsica e suas bases te\u00f3ricopr\u00e1ticas que s\u00e3o essenciais para a atua\u00e7\u00e3o na \u00e1rea. Desta forma, o campo de atua\u00e7\u00e3o<br \/>\nprofissional apresenta-se diverso e possibilita que a materializa\u00e7\u00e3o dos<br \/>\nconhecimentos te\u00f3rico e t\u00e9cnicos, ocorram fundamentados pelas novas evid\u00eancias<br \/>\ncient\u00edficas. Assim sendo,<a href=\"http:\/\/portifolioos-prontos.com\"><strong> O CORPO HUMANO EM DESENVOVIMENTO:<\/strong><\/a><br \/>\n<a href=\"http:\/\/portifolioos-prontos.com\"><strong>ASPECTOS BIOL\u00d3GICOS, ANAT\u00d4MICOS E MATURACIONAIS<\/strong>. Este tema \u00e9<\/a><br \/>\nimportante para que voc\u00ea possa conhecer e reconhecer sobre o significado do objeto<br \/>\nde estudo da Educa\u00e7\u00e3o F\u00edsica. Com isso, as possibilidades profissionais de atua\u00e7\u00e3o,<br \/>\no conhecimento t\u00e9cnico-cient\u00edfico, seu p\u00fablico-alvo, seus campos de atua\u00e7\u00e3o e como<br \/>\nesses elementos interagem com a din\u00e2mica cultural e tecnol\u00f3gica na sociedade<br \/>\nfazem com que a seja uma profiss\u00e3o de grande amplitude e complexidade sobre a<br \/>\natua\u00e7\u00e3o deste profissional no futuro. Neste sentido, considere este cen\u00e1rio exposto<br \/>\npara o desenvolvimento desta produ\u00e7\u00e3o textual, tendo como conte\u00fados apresentados<br \/>\nnas disciplinas: ANATOMO FISIOLOGIA DO CORPOR HUMANO; BASES DA<br \/>\nATIVIDADE F\u00cdSICA E SA\u00daDE; CRESCIMENTO E DESENVOLVIMENTO HUMANO;<br \/>\nINTRODU\u00c7\u00c3O A BIOLOGIA CELULAR E DO DESENVOLVIMENTO; INTRODU\u00c7\u00c3O<br \/>\nA EDUCA\u00c7\u00c3O F\u00cdSICA.<\/p>\n<p><strong>ATIVIDADE(S)<\/strong><br \/>\n<strong>1\u00aa PARTE \u2013 Tema: Impacto dos processos de crescimento,<\/strong><br \/>\ndesenvolvimento e matura\u00e7\u00e3o sobre os tecidos e sistemas biol\u00f3gicos e<br \/>\nanat\u00f4micos do corpo humano<br \/>\n<strong>Situa\u00e7\u00e3o-problema:<\/strong><br \/>\nPensando nos aspectos an\u00e1tomo-fisiol\u00f3gicos e biol\u00f3gicos do processo de matura\u00e7\u00e3o<br \/>\nnos diferentes sistemas e no desenvolvimento das capacidades motoras em meninos e<br \/>\nmeninas, desenvolva um texto de 10 a 20 linhas respondendo o seguinte questionamento:<br \/>\nO que deve ser levado em considera\u00e7\u00e3o na elabora\u00e7\u00e3o e orienta\u00e7\u00e3o de<br \/>\nexerc\u00edcios f\u00edsicos no processo de crescimento e desenvolvimento humano?<br \/>\nPara responder essa quest\u00e3o, realize a leitura obrigat\u00f3rio do texto a seguir:<br \/>\nR\u00c9, A. H. N. Crescimento, matura\u00e7\u00e3o e desenvolvimento na inf\u00e2ncia e adolesc\u00eancia:<br \/>\nImplica\u00e7\u00f5es para o esporte. Motricidade, 7(3), 55-67, 2011. Dispon\u00edvel em:<br \/>\nhttps:\/\/revistas.rcaap.pt\/motricidade\/article\/view\/103\/94. Acesso em 19-07-2021.<br \/>\nPRODU\u00c7\u00c3O TEXTUAL<br \/>\nINTERDISCIPLINAR<br \/>\nEM GRUPO \u2013 PTG<br \/>\nEduca\u00e7\u00e3o F\u00edsica<br \/>\n<strong>2\u00aa PARTE \u2013 RESOLU\u00c7\u00c3O DE SITUA\u00c7\u00c3O-PROBLEMA<\/strong><br \/>\n<strong>Tema: \u00c9tica, atua\u00e7\u00e3o profissional e a \u00e1rea da sa\u00fade.<\/strong><br \/>\nArt. 1\u00ba da Lei 96.96 de 1 de setembro de 1998, que regulamentou a Profiss\u00e3o da<br \/>\nEduca\u00e7\u00e3o F\u00edsica determina que \u201cO exerc\u00edcio das atividades de Educa\u00e7\u00e3o F\u00edsica e a<br \/>\ndesigna\u00e7\u00e3o de Profissional de Educa\u00e7\u00e3o F\u00edsica \u00e9 prerrogativa dos profissionais<br \/>\nregularmente registrados nos Conselhos Regionais de Educa\u00e7\u00e3o F\u00edsica\u201d. J\u00e1 o seu Art. 2\u00ba:<br \/>\nestabelece as condi\u00e7\u00f5es para inscri\u00e7\u00e3o no Conselho Profissional, sendo elas a) Diplomado<br \/>\nem curso de Educa\u00e7\u00e3o F\u00edsica; b) Diploma em institui\u00e7\u00e3o estrangeira e revalidado; c)<br \/>\nprovisionados.<br \/>\nIsso \u00e9 um fator garantidor da reserva de um mercado que j\u00e1 foi ocupado por<br \/>\nprofissionais de diversas \u00e1reas de forma\u00e7\u00e3o. Uma dessas \u00e1reas mais tradicionais da<br \/>\nEduca\u00e7\u00e3o F\u00edsica \u00e9 a \u00e1rea da Sa\u00fade. Historicamente, Educa\u00e7\u00e3o F\u00edsica e Sa\u00fade sempre<br \/>\nestiveram relacionadas, de acordo com cada per\u00edodo hist\u00f3rico, pol\u00edtico e econ\u00f4mico, al\u00e9m<br \/>\ndo pr\u00f3prio entendimento e compreens\u00e3o do papel da Educa\u00e7\u00e3o F\u00edsica na sociedade. A<br \/>\nclassifica\u00e7\u00e3o da Educa\u00e7\u00e3o F\u00edsica como profiss\u00e3o da \u00e1rea da sa\u00fade ocorre efetivamente no<br \/>\nano de 1997, mas isso n\u00e3o ocorre para limitar nossa atua\u00e7\u00e3o a esse campo, mas para<br \/>\ngarantir conquistas e consolidar avan\u00e7os da sua contribui\u00e7\u00e3o para a sa\u00fade da popula\u00e7\u00e3o.<br \/>\nOs conhecimentos historicamente desenvolvidos pela \u00e1rea contemplam diversos campo de<br \/>\natua\u00e7\u00e3o na \u00e1rea da sa\u00fade. Seja no contexto escolar ou fora desse campo, a Sa\u00fade \u00e9 um<br \/>\nconhecimento ser apreendido e desenvolvido pensando a contribui\u00e7\u00e3o da \u00e1rea para uma<br \/>\neduca\u00e7\u00e3o em sa\u00fade, principalmente por meio da atividade f\u00edsica, do exerc\u00edcio f\u00edsico, do<br \/>\nesporte e das mais diversas pr\u00e1ticas de lazer. Diante desse cen\u00e1rio, leia e analise a seguinte<br \/>\nsitua\u00e7\u00e3o problema.<\/p>\n<p><strong>Situa\u00e7\u00e3o problema \u2013 SP:<\/strong><br \/>\nEzequiel \u00e9 formado em educa\u00e7\u00e3o f\u00edsica e atua em um Programa de Educa\u00e7\u00e3o para Sa\u00fade<br \/>\nem seu munic\u00edpio. Dentre suas fun\u00e7\u00f5es, ele desenvolve palestras em escolas e empresas<br \/>\nsobre o tema da sa\u00fade, atividade f\u00edsica e exerc\u00edcio f\u00edsico. Um dos seus principais pap\u00e9is \u00e9<br \/>\no de conscientizar e sensibilizar as pessoas sobre a import\u00e2ncia da atividade f\u00edsica e da<br \/>\nbusca por profissionais formados, capacitados e respons\u00e1veis. Ele precisa preparar uma<br \/>\napresenta\u00e7\u00e3o para uma interven\u00e7\u00e3o e decidiu escrever um texto norteador para sua palestra<br \/>\npara professores e profissionais de Educa\u00e7\u00e3o F\u00edsica do Munic\u00edpio. O tema de sua palestra<br \/>\n\u00e9: A \u00e9tica, a biosseguran\u00e7a e a atua\u00e7\u00e3o profissional no campo da sa\u00fade.<br \/>\nPara orientar esse texto ele elencou alguns micros conte\u00fados:<br \/>\n\u2022 O que \u00e9 \u00e9tica?<br \/>\n\u2022 Qual a import\u00e2ncia da \u00e9tica para a atua\u00e7\u00e3o profissional?<br \/>\n\u2022 O que \u00e9 bio\u00e9tica e seus quatro princ\u00edpios?<br \/>\n\u2022 Como relacionar os princ\u00edpios da bio\u00e9tica com a atua\u00e7\u00e3o profissional da<br \/>\nEduca\u00e7\u00e3o F\u00edsica no campo da sa\u00fade?<br \/>\n\u2022 Como ser um profissional respons\u00e1vel e \u00e9tico e atuar na \u00e1rea da sa\u00fade com<br \/>\ncrian\u00e7as e adolescente no campo escolar e fora do contexto escolar?<br \/>\nOBS: Para esse \u00faltimo ponto ele cria dois exemplos de Situa\u00e7\u00f5es Problemas: a) como o<br \/>\ndoping no esporte pode ser utilizado como situa\u00e7\u00e3o problema para discutir a \u00e9tica na<br \/>\nsociedade? e; b) como pensar uma atua\u00e7\u00e3o \u00e9tica mediante a muitos casos de<br \/>\n\u201csuplementa\u00e7\u00e3o\u201d e usos de anabolizantes na busca por um \u201ccorpo perfeito\u201d?<br \/>\nPara a realiza\u00e7\u00e3o dessa tarefa \u00e9 fundamental a leitura dos artigos\/textos base:<br \/>\nBRASIL. Resolu\u00e7\u00e3o CONFEF n\u00ba 307\/15 \u2013 C\u00f3digo de \u00c9tica dos Profissionais de Educa\u00e7\u00e3o<br \/>\nF\u00edsica. Promulgado em 09 de novembro de 2015. Dispon\u00edvel em:<br \/>\nhttps:\/\/www.confef.org.br\/confef\/resolucoes\/381. Acesso em: 15 de jul. 2021.<br \/>\nCONFEF. Estatuto do Conselho Federal de Educa\u00e7\u00e3o F\u00edsica. Publicado no Di\u00e1rio Oficial<br \/>\nda Uni\u00e3o (DOE), n\u00ba 237, Se\u00e7\u00e3o 1, p.137-143, 12 de dezembro de 2010. Dispon\u00edvel em:<br \/>\nhttps:\/\/www.confef.org.br\/confef\/conteudo\/471. Acesso em: 15 de jul. 2021.<br \/>\nJUNQUEIRA, Cilene Renn\u00f3. Bio\u00e9tica. UNASUS, Unifesp. Dispon\u00edvel em:<br \/>\nhttps:\/\/www.unasus.unifesp.br\/biblioteca_virtual\/esf\/2\/unidades_conteudos\/unidade18\/unid<br \/>\nade18.pdf. Acesso em: 15 de jul 2021.<br \/>\nSILVA, M\u00e9ri Rosane Santos. Doping: consagra\u00e7\u00e3o ou profana\u00e7\u00e3o. Rev. Bras. Cienc.<br \/>\nEsporte, Campinas, v. 27, n. 1, p. 9-22, set. 2005. Dispon\u00edvel em:<br \/>\nhttp:\/\/repositorio.furg.br\/bitstream\/handle\/1\/1416\/131-392-1-PB.pdf?sequence=1. Acesso<br \/>\nem: 15 de jul 2021.<\/p>\n<p>ORIENTA\u00c7\u00d5ES PARA A EXECU\u00c7\u00c3O DO TRABALHO<br \/>\n<strong>Orienta\u00e7\u00f5es espec\u00edficas &#8211; 1\u00aa Parte:<\/strong><br \/>\n&#8211; Elaborar um texto de no m\u00ednimo de 10(dez) e no m\u00e1ximo 20(vinte) linhas, de conte\u00fado<br \/>\nescrito, sem t\u00f3picos. Redigir o texto abordando os micros conte\u00fados elencados por Ezequiel<br \/>\nna SP e de acordo com as normas da ABNT atual.<br \/>\n<strong>Orienta\u00e7\u00f5es espec\u00edficas &#8211; 2\u00aa Parte:<\/strong><br \/>\n&#8211; Elaborar um texto de no m\u00ednimo 3 (tr\u00eas) e no m\u00e1ximo 4 (quatro) p\u00e1ginas de conte\u00fado<br \/>\nescrito, sem t\u00f3picos. Redigir o texto abordando os micros conte\u00fados elencados por Ezequiel<br \/>\nna SP e de acordo com as normas da ABNT atual.<\/p>\n<div class=\"elementor-toggle-item\">\n<h4 id=\"elementor-tab-title-1941\" class=\"elementor-tab-title elementor-active\" tabindex=\"0\" role=\"tab\" data-tab=\"1\" aria-controls=\"elementor-tab-content-1941\" aria-expanded=\"true\" aria-selected=\"true\">Como funciona?<\/h4>\n<div id=\"elementor-tab-content-1941\" class=\"elementor-tab-content elementor-clearfix elementor-active\" role=\"tabpanel\" data-tab=\"1\" aria-labelledby=\"elementor-tab-title-1941\">\n<p>Elaboramos os portf\u00f3lios, j\u00e1 deixamos prontos, nas normas da ABNT e conforme os requisitos da universidade. F\u00e1cil assim! O MELHOR \u00c9 QUE VOC\u00ca COMPRA E J\u00c1 BAIXA NA HORA O SEU ARQUIVO EM WORD! Sabemos que conciliar trabalho, fam\u00edlia, vida profissional e estudos \u00e9 dif\u00edcil hoje em dia, por isso, estamos aqui para ajudar voc\u00ea. Conte com nossa qualidade, experi\u00eancia e profissionalismo adquirindo seu portf\u00f3lio conosco. GARANTIMOS SEU CONCEITO!<\/p>\n<h4>Como se realizam os envios?<\/h4>\n<\/div>\n<\/div>\n<div class=\"elementor-toggle-item\">\n<div id=\"elementor-tab-content-1942\" class=\"elementor-tab-content elementor-clearfix elementor-active\" role=\"tabpanel\" data-tab=\"2\" aria-labelledby=\"elementor-tab-title-1942\">O seu trabalho \u00e9 disponibilizado pronto, respondido e nas normas j\u00e1 na mesma hora aqui em nosso site na sua \u00e1rea de downloads e tamb\u00e9m no seu e-mail.<\/div>\n<\/div>\n<div class=\"elementor-toggle-item\">\n<div id=\"elementor-tab-content-1943\" class=\"elementor-tab-content elementor-clearfix elementor-active\" role=\"tabpanel\" data-tab=\"3\" aria-labelledby=\"elementor-tab-title-1943\">\n<h4>Em quanto tempo recebo o portf\u00f3lio?<\/h4>\n<\/div>\n<\/div>\n<div class=\"elementor-toggle-item\">\n<div id=\"elementor-tab-content-1944\" class=\"elementor-tab-content elementor-clearfix elementor-active\" role=\"tabpanel\" data-tab=\"4\" aria-labelledby=\"elementor-tab-title-1944\">\n<p>Os envios s\u00e3o imediatos. Ap\u00f3s sua compra, o trabalho j\u00e1 \u00e9 disponibilizado instantaneamente aqui em nosso site e no seu e-mail.<\/p>\n<h4>E se o portf\u00f3lio que comprei precisar de corre\u00e7\u00e3o?<\/h4>\n<\/div>\n<\/div>\n<div class=\"elementor-toggle-item\">\n<div id=\"elementor-tab-content-1945\" class=\"elementor-tab-content elementor-clearfix elementor-active\" role=\"tabpanel\" data-tab=\"5\" aria-labelledby=\"elementor-tab-title-1945\">\n<p>Caso haja alguma solicita\u00e7\u00e3o de corre\u00e7\u00e3o\/altera\u00e7\u00e3o por parte do tutor, basta entrar em contato conosco pelo\u00a0WhatsApp\u00a0que provid\u00eanciaremos sem custo algum.<\/p>\n<h4>Qual o formato do arquivo?<\/h4>\n<\/div>\n<\/div>\n<div class=\"elementor-toggle-item\">\n<div id=\"elementor-tab-content-1946\" class=\"elementor-tab-content elementor-clearfix elementor-active\" role=\"tabpanel\" data-tab=\"6\" aria-labelledby=\"elementor-tab-title-1946\">\n<p>Os arquivos s\u00e3o enviados em formato Word e s\u00e3o edit\u00e1veis.<\/p>\n<h4>Caso eu tiver alguma d\u00favida, terei suporte no p\u00f3s venda?<\/h4>\n<\/div>\n<\/div>\n<div class=\"elementor-toggle-item\">\n<div id=\"elementor-tab-content-1948\" class=\"elementor-tab-content elementor-clearfix elementor-active\" role=\"tabpanel\" data-tab=\"8\" aria-labelledby=\"elementor-tab-title-1948\">\n<p>Sim, com certeza. Basta clicar no \u00edcone do WhatsApp no cantinho da tela. Ser\u00e1 um prazer atend\u00ea-lo(a).<\/p>\n<div class=\"elementor-toggle-item\">\n<div id=\"elementor-tab-content-1948\" class=\"elementor-tab-content elementor-clearfix elementor-active\" role=\"tabpanel\" data-tab=\"8\" aria-labelledby=\"elementor-tab-title-1948\">\n<h4>Quais os seus canais de contato?<\/h4>\n<\/div>\n<\/div>\n<div class=\"elementor-toggle-item\">\n<div id=\"elementor-tab-content-1949\" class=\"elementor-tab-content elementor-clearfix elementor-active\" role=\"tabpanel\" data-tab=\"9\" aria-labelledby=\"elementor-tab-title-1949\">\n<p>Whatsapp: 53 984751621 \u2013 Clicar no canto da tela ou ESCANEIE O QRCODE ABAIXO<\/p>\n<p><img decoding=\"async\" class=\"alignnone wp-image-7603\" src=\"http:\/\/portifolioos-prontos.com\/wp-content\/uploads\/2022\/09\/portfolio-unopar-pronto-colaborar-ava-producao-textual-interdisciplinar.png\" alt=\"O CORPO HUMANO EM DESENVOVIMENTO ASPECTOS BIOL\u00d3GICOS ANAT\u00d4MICOS E MATURACIONAIS,portf\u00f3lio O CORPO HUMANO EM DESENVOVIMENTO ASPECTOS BIOL\u00d3GICOS ANAT\u00d4MICOS E MATURACIONAIS,portf\u00f3lio pronto O CORPO HUMANO EM DESENVOVIMENTO ASPECTOS BIOL\u00d3GICOS ANAT\u00d4MICOS E MATURACIONAIS,portf\u00f3lio ead O CORPO HUMANO EM DESENVOVIMENTO ASPECTOS BIOL\u00d3GICOS ANAT\u00d4MICOS E MATURACIONAIS,portfolio unopar O CORPO HUMANO EM DESENVOVIMENTO ASPECTOS BIOL\u00d3GICOS ANAT\u00d4MICOS E MATURACIONAIS,portf\u00f3lio anhanguera O CORPO HUMANO EM DESENVOVIMENTO ASPECTOS BIOL\u00d3GICOS ANAT\u00d4MICOS E MATURACIONAIS,pti O CORPO HUMANO EM DESENVOVIMENTO ASPECTOS BIOL\u00d3GICOS ANAT\u00d4MICOS E MATURACIONAIS,ptg O CORPO HUMANO EM DESENVOVIMENTO ASPECTOS BIOL\u00d3GICOS ANAT\u00d4MICOS E MATURACIONAIS,ptg pronto O CORPO HUMANO EM DESENVOVIMENTO ASPECTOS BIOL\u00d3GICOS ANAT\u00d4MICOS E MATURACIONAIS,portf\u00f3lio pronto unopar O CORPO HUMANO EM DESENVOVIMENTO ASPECTOS BIOL\u00d3GICOS ANAT\u00d4MICOS E MATURACIONAIS,portf\u00f3lio pronto anhanguera O CORPO HUMANO EM DESENVOVIMENTO ASPECTOS BIOL\u00d3GICOS ANAT\u00d4MICOS E MATURACIONAIS,portfolioo ead O CORPO HUMANO EM DESENVOVIMENTO ASPECTOS BIOL\u00d3GICOS ANAT\u00d4MICOS E MATURACIONAIS,portf\u00f3lioo ead O CORPO HUMANO EM DESENVOVIMENTO ASPECTOS BIOL\u00d3GICOS ANAT\u00d4MICOS E MATURACIONAIS,apostileiros O CORPO HUMANO EM DESENVOVIMENTO ASPECTOS BIOL\u00d3GICOS ANAT\u00d4MICOS E MATURACIONAIS,trabalhos feitos,trabalho feito O CORPO HUMANO EM DESENVOVIMENTO ASPECTOS BIOL\u00d3GICOS ANAT\u00d4MICOS E MATURACIONAIS,trabalho pronto unopar,trabalho pronto unopar O CORPO HUMANO EM DESENVOVIMENTO ASPECTOS BIOL\u00d3GICOS ANAT\u00d4MICOS E MATURACIONAIS,trabalhos feitos O CORPO HUMANO EM DESENVOVIMENTO ASPECTOS BIOL\u00d3GICOS ANAT\u00d4MICOS E MATURACIONAIS,mystudbay O CORPO HUMANO EM DESENVOVIMENTO ASPECTOS BIOL\u00d3GICOS ANAT\u00d4MICOS E MATURACIONAIS,Portfolio pronto,portifolio pronto,portf\u00f3lio pronto,portifolios prontos,portif\u00f3lios prontos,portf\u00f3lio pronto unopar,portifolio pronto unopar,portif\u00f3lio pronto unopar,portifolios prontos unopar,portifolios prontos anhanguera,portf\u00f3lios prontos anhanguera,portf\u00f3lio pronto anhanguera,portfolios ead,portf\u00f3lios ead,portfolioead,apostileiros,portf\u00f3lio ead,portifolios ead,portif\u00f3lios ead,eadhelp,shop do acad\u00eamico,unopar portfolio,portfolio pronto ead,portfolio unopar ead,ead portfolio ava,portf\u00f3lio ead anhanguera,portf\u00f3lio ead pront,o portf\u00f3lio ead unopar,portf\u00f3lio pronto em word,pti unopar,ptg unopar,modelo de portf\u00f3lio unopar,modelo de portf\u00f3lio anhanguera,como fazer um portf\u00f3lio para faculdade,como faz portf\u00f3lio universidade,como faz portf\u00f3lios para universidade,portf\u00f3lios prontos para universidade,portf\u00f3lios pronto para faculdade,portf\u00f3lio pronto para editar,portifolios prontos para editar,portf\u00f3lio em word,portfolio em word,portf\u00f3lio em word para editar,portifolio em word para editar,portfolio unopar pronto para editar,modelo de portfolio para unopar,modelo de portif\u00f3lio para unopar,modelo de portf\u00f3lio para unopar,unopar portf\u00f3lio pronto,anhanguera portf\u00f3lio pronto,portf\u00f3lio em word pronto,comprar portf\u00f3lio pronto,como fazer um portf\u00f3lio,como fazer portf\u00f3lio digital,portfolio,portf\u00f3lio,portifolio,portif\u00f3lio,portf\u00f3lio interdisciplinar individual,portfolio interdisciplinar individual,exemplos de portf\u00f3lio para faculdade,baixar portf\u00f3lio pronto,portf\u00f3lio acad\u00eamico,portf\u00f3lio online,portfoliooead,portfolio ead,portf\u00f3lio pronto interdisciplinar individual,relat\u00f3rio de est\u00e1gio unopar,relat\u00f3rio de est\u00e1gio pronto unopar,como criar um portf\u00f3lio,o que \u00e9 um portf\u00f3lio e como fazer,portfolio exemplo,modelo de portfolio acad\u00eamico,relat\u00f3rio de est\u00e1gio gest\u00e3o escolar pronto unopar,portf\u00f3lio como fazer,prova profici\u00eancia unopar,portfolio individual est\u00e1gio curricular obrigat\u00f3rio ii anos iniciais do ensino fundamental,prova de profici\u00eancia pedagogia unopar,capa de trabalho unopar para editar,portf\u00f3lio acad\u00eamico unopar,como fazer um portf\u00f3lio acad\u00eamico,portf\u00f3lio exemplos word,portfolio acad\u00eamico,portfolio individual,portfolio individual unopar,portfolio individual anhanguera,portfolio marketing digital,portf\u00f3lio educa\u00e7\u00e3o f\u00edsica unopar,portf\u00f3lio gest\u00e3o educacional e espa\u00e7os n\u00e3o escolares,como fazer um portifolio unopar,modelo de portf\u00f3lio unopar em arquivo word,capa de portf\u00f3lio de pedagogia,como fazer um portf\u00f3lio no word,projeto integrado unopar,exemplo de portf\u00f3lio academico pedagogia\" width=\"141\" height=\"141\" srcset=\"https:\/\/portifolioos-prontos.com\/wp-content\/uploads\/2022\/09\/portfolio-unopar-pronto-colaborar-ava-producao-textual-interdisciplinar.png 150w, https:\/\/portifolioos-prontos.com\/wp-content\/uploads\/2022\/09\/portfolio-unopar-pronto-colaborar-ava-producao-textual-interdisciplinar-100x100.png 100w\" sizes=\"(max-width: 141px) 100vw, 141px\" \/><\/p>\n<\/div>\n<\/div>\n<\/div>\n<\/div>\n<div class=\"elementor-toggle-item\">\n<div id=\"elementor-tab-content-1949\" class=\"elementor-tab-content elementor-clearfix elementor-active\" role=\"tabpanel\" data-tab=\"9\" aria-labelledby=\"elementor-tab-title-1949\">\n<p>E-mail:portifoliosp@gmail.com<\/p>\n<div id=\"attachment_143\" class=\"wp-caption alignnone\">\n<div id=\"attachment_143\" class=\"wp-caption alignnone\" style=\"width: 161px;\">\n<p><a href=\"http:\/\/portifolioos-prontos.com\/\"><img decoding=\"async\" class=\"wp-image-143\" title=\"portfolio pronto unopar\" src=\"http:\/\/portifolioos-prontos.com\/wp-content\/uploads\/2022\/04\/conceitomaximo.png\" alt=\"PORTFOLIO PRONTO UNOPAR ANHANGUERA\" width=\"161\" height=\"46\" aria-describedby=\"caption-attachment-143\" \/><\/a><\/p>\n<p id=\"caption-attachment-143\" class=\"wp-caption-text\">Portf\u00f3lio em Word, respondido, completo e j\u00e1 nas normas.<\/p>\n<\/div>\n<\/div>\n<\/div>\n<\/div>\n","protected":false},"excerpt":{"rendered":"<p>Portf\u00f3lio O CORPO HUMANO EM DESENVOVIMENTO: ASPECTOS BIOL\u00d3GICOS, ANAT\u00d4MICOS E MATURACIONAIS Curso: Educa\u00e7\u00e3o F\u00edsica Caro aluno e cara aluna, sejam bem-vindos e bem-vindas a este semestre! \u2022 O presente semestre est\u00e1 possibilitando uma significativa amplia\u00e7\u00e3o e aprofundamento de conhecimentos sobre a Educa\u00e7\u00e3o F\u00edsica e suas bases te\u00f3ricopr\u00e1ticas que s\u00e3o essenciais para a atua\u00e7\u00e3o na \u00e1rea.&hellip;<\/p>\n","protected":false},"featured_media":6045,"template":"","meta":{"_seopress_robots_primary_cat":"none","_seopress_titles_title":"%%post_title%% %%sitetitle%%","_seopress_titles_desc":"%%post_content%%","_seopress_robots_index":""},"product_cat":[35,15],"product_tag":[],"class_list":{"0":"post-6039","1":"product","2":"type-product","3":"status-publish","4":"has-post-thumbnail","6":"product_cat-educacao-fisica","7":"product_cat-uncategorized","9":"first","10":"instock","11":"downloadable","12":"virtual","13":"purchasable","14":"product-type-simple","15":"col-xs-6 col-sm-4","16":"col-mf-5","17":"un-5-cols"},"jetpack_sharing_enabled":true,"_links":{"self":[{"href":"https:\/\/portifolioos-prontos.com\/index.php\/wp-json\/wp\/v2\/product\/6039","targetHints":{"allow":["GET"]}}],"collection":[{"href":"https:\/\/portifolioos-prontos.com\/index.php\/wp-json\/wp\/v2\/product"}],"about":[{"href":"https:\/\/portifolioos-prontos.com\/index.php\/wp-json\/wp\/v2\/types\/product"}],"version-history":[{"count":0,"href":"https:\/\/portifolioos-prontos.com\/index.php\/wp-json\/wp\/v2\/product\/6039\/revisions"}],"wp:featuredmedia":[{"embeddable":true,"href":"https:\/\/portifolioos-prontos.com\/index.php\/wp-json\/wp\/v2\/media\/6045"}],"wp:attachment":[{"href":"https:\/\/portifolioos-prontos.com\/index.php\/wp-json\/wp\/v2\/media?parent=6039"}],"wp:term":[{"taxonomy":"product_cat","embeddable":true,"href":"https:\/\/portifolioos-prontos.com\/index.php\/wp-json\/wp\/v2\/product_cat?post=6039"},{"taxonomy":"product_tag","embeddable":true,"href":"https:\/\/portifolioos-prontos.com\/index.php\/wp-json\/wp\/v2\/product_tag?post=6039"}],"curies":[{"name":"wp","href":"https:\/\/api.w.org\/{rel}","templated":true}]}}