{"id":6058,"date":"2022-08-02T17:14:42","date_gmt":"2022-08-02T20:14:42","guid":{"rendered":"https:\/\/portifolioos-prontos.com\/?post_type=product&#038;p=6058"},"modified":"2022-09-14T15:30:27","modified_gmt":"2022-09-14T18:30:27","slug":"portfolio-a-realizacao-de-uma-semana-cultural-a-nos-anos-iniciais-do-ensino-fundamental","status":"publish","type":"product","link":"https:\/\/portifolioos-prontos.com\/index.php\/product\/portfolio-a-realizacao-de-uma-semana-cultural-a-nos-anos-iniciais-do-ensino-fundamental\/","title":{"rendered":"Portf\u00f3lio A realiza\u00e7\u00e3o de uma semana cultural a nos anos iniciais do Ensino Fundamental"},"content":{"rendered":"<h4>Portf\u00f3lio A realiza\u00e7\u00e3o de uma semana cultural a nos anos iniciais do Ensino Fundamental<\/h4>\n<h4>Curso: Educa\u00e7\u00e3o Especial Semestre: 4\u00ba<\/h4>\n<p>Prezado aluno(a),<br \/>\nSeja bem-vindo a este semestre!<br \/>\nA proposta de Produ\u00e7\u00e3o Textual ter\u00e1 como tem\u00e1tica: <strong>A realiza\u00e7\u00e3o de uma semana cultural a<\/strong><br \/>\n<strong>nos anos iniciais do Ensino Fundamental<\/strong>. Escolhemos esta tem\u00e1tica para possibilitar a aprendizagem<br \/>\ninterdisciplinar dos conte\u00fados desenvolvidos nas disciplinas desse semestre.<br \/>\nInicialmente, \u00e9 importante que voc\u00ea realize a leitura atenta da situa\u00e7\u00e3o descrita para, na<br \/>\nsequ\u00eancia, seguir as orienta\u00e7\u00f5es apresentadas em cada uma das etapas subsequentes de modo a<br \/>\norganizar suas ideias para a conclus\u00e3o deste trabalho.<br \/>\nA Base Nacional Comum Curricular (BRASIL, 2018) apresenta um conjunto de compet\u00eancias e<br \/>\nhabilidades que auxiliam na organiza\u00e7\u00e3o curricular e, por conseguinte, nas aprendizagens essenciais<br \/>\nque os alunos devem desenvolver ao longo da educa\u00e7\u00e3o b\u00e1sica. No ensino fundamental, as<br \/>\naprendizagens sistematizadas devem se articular com as experi\u00eancias vivenciadas pelos alunos em<br \/>\nseu contexto domiciliar, haja vista que o desenvolvimento de habilidades cognitivas e<br \/>\nsocioemocionais podem contribuir para o pleno desenvolvimento do aluno. O planejamento do<br \/>\nprofessor deve contribuir com a forma\u00e7\u00e3o de um sujeito criativo, proativo, que saiba partilhar,<br \/>\nrespeitar a conviv\u00eancia no contexto da diversidade e desenvolver autonomia para resolver problemas<br \/>\nde modo respons\u00e1vel e produtivo. Seguindo essa perspectiva, ao longo da educa\u00e7\u00e3o b\u00e1sica, cabe ao<br \/>\nprofessor instigar o aluno a questionar, analisar, interpretar, conceituar, trabalhar em equipe, enfim,<br \/>\nampliar a vis\u00e3o de mundo enquanto estabelece rela\u00e7\u00f5es com seu meio. (BRASIL. Base Nacional Comum<br \/>\nCurricular. Bras\u00edlia: MEC. Vers\u00e3o entregue ao CNE em 3 de abril de 2018. Dispon\u00edvel em:<br \/>\nhttp:\/\/basenacionalcomum.mec.gov.br\/images\/BNCC_EI_EF_110518_versaofinal_site.pdf. Acesso em: 26 jun. 2022).<br \/>\nDe acordo com a BNCC (BRASIL, 2018), cada \u00e1rea do conhecimento possui habilidades e<br \/>\ncompet\u00eancias a serem desenvolvidas pelos alunos. O componente curricular Arte est\u00e1 centrado nas<br \/>\nseguintes linguagens: Artes Visuais, M\u00fasica, Dan\u00e7a e Teatro. Segundo o documento, a Arte contribui<br \/>\ncom a intera\u00e7\u00e3o cr\u00edtica dos alunos frente \u00e0 complexidade do mundo, favorece o respeito \u00e0s diferen\u00e7as<br \/>\ne o di\u00e1logo intercultural, articula saberes referentes a produtos e fen\u00f4menos art\u00edsticos e envolve as<br \/>\npr\u00e1ticas de criar, ler, produzir, construir, exteriorizar e refletir sobre formas art\u00edsticas.<br \/>\nConsiderando a import\u00e2ncia de oportunizar uma educa\u00e7\u00e3o inclusiva, que respeite as<br \/>\ndiferen\u00e7as e necessidades dos estudantes, independente de serem p\u00fablico alvo da educa\u00e7\u00e3o especial<br \/>\nou n\u00e3o, torna-se extremamente relevante refletir sobre como todos os alunos podem ser envolver<br \/>\nnas propostas vivenciadas, entre elas, as propostas art\u00edsticas. Observa-se, assim, a necessidade de<br \/>\nconhecer as especificidades presentes na sala de aula para decidir quais pr\u00e1ticas poder\u00e3o ser<br \/>\npropostas e quais adapta\u00e7\u00f5es precisam ser realizadas, visando a participa\u00e7\u00e3o, o desenvolvimento, a<br \/>\naprendizagem e o bem-estar dos alunos.<br \/>\nVale lembrar ainda, a necessidade de se pensar em pr\u00e1ticas que utilizem metodologias ativas,<br \/>\nque estimulem o desenvolvimento do protagonismo dos alunos, no lugar de pr\u00e1ticas mec\u00e2nicas,<br \/>\ncentradas no professor e pautadas na memoriza\u00e7\u00e3o ou apenas na imita\u00e7\u00e3o.<br \/>\nA partir do que foi exposto, prossigam para a leitura e interpreta\u00e7\u00e3o da Situa\u00e7\u00e3o Geradora de<br \/>\nAprendizagem.<br \/>\nORIENTA\u00c7\u00d5ES DA PRODU\u00c7\u00c3O TEXTUAL<br \/>\n1. Leitura e interpreta\u00e7\u00e3o da SGA<br \/>\nPor meio da leitura da SGA e, tamb\u00e9m, da situa\u00e7\u00e3o-problema destacada, voc\u00ea deve elaborar uma<br \/>\nprodu\u00e7\u00e3o textual que contemple os objetivos de aprendizagem propostos.<\/p>\n<p><strong>SITUA\u00c7\u00c3O GERADORA DE APRENDIZAGEM (SGA)<\/strong><br \/>\nGabriela atua como professora nos anos iniciais do ensino fundamental em uma escola que<br \/>\nacredita na educa\u00e7\u00e3o inclusiva. Ao realizar uma autoavalia\u00e7\u00e3o do seu trabalho a professora percebeu<br \/>\nque estava deixando as pr\u00e1ticas art\u00edsticas em segundo plano em suas aulas e por isso come\u00e7ou a<br \/>\npensar como poderia reverter essa situa\u00e7\u00e3o e que estrat\u00e9gias poderia utilizar nesse tipo de viv\u00eancia.<br \/>\nA partir das suas reflex\u00f5es, Gabriela apresentou \u00e0 coordena\u00e7\u00e3o pedag\u00f3gica a proposta de<br \/>\nrealizar uma Semana Cultural na escola, com o objetivo de oportunizar aos alunos o contato com<br \/>\ndiferentes express\u00f5es art\u00edsticas, viabilizando uma reflex\u00e3o cultural, art\u00edstica e social.<br \/>\nA coordena\u00e7\u00e3o pedag\u00f3gica adorou a ideia, visto que tamb\u00e9m havia percebido a dificuldade<br \/>\nde alguns professores em abordar esse componente curricular. Agora, para efetivar a realiza\u00e7\u00e3o da<br \/>\nSemana Cultural, convocou os professores para a constru\u00e7\u00e3o de um projeto interdisciplinar que<br \/>\nviabilize a realiza\u00e7\u00e3o do evento, o qual deve considerar as quest\u00f5es culturais, l\u00fadicas, art\u00edsticas,<br \/>\nsociais e inclusivas que perpassam a pr\u00e1tica docente nessa etapa da educa\u00e7\u00e3o.<\/p>\n<p><strong>SITUA\u00c7\u00c3O-PROBLEMA (SP)<\/strong><br \/>\nOs professores se reuniram para construir o projeto interdisciplinar voltado \u00e0 realiza\u00e7\u00e3o da<br \/>\nSemana Cultural e algumas d\u00favidas surgiram: Que tipo de aprecia\u00e7\u00f5es e experi\u00eancias art\u00edsticas<br \/>\npodem ser vivenciadas com os alunos dos anos iniciais do ensino fundamental? Como considerar a<br \/>\ninterdisciplinaridade no planejamento e execu\u00e7\u00e3o do projeto? Como as metodologias ativas<br \/>\npoderiam ser utilizadas nesse processo?<br \/>\nO seu desafio, agora, \u00e9 se colocar no lugar dos professores para:<br \/>\nConstruir uma proposta de Projeto interdisciplinar que viabilize a realiza\u00e7\u00e3o de uma Semana<br \/>\nCultural voltada aos anos iniciais do ensino fundamental. Este projeto deve contemplar os aspectos<br \/>\nculturais e sociais que perpassam a aprendizagem dos alunos, de modo interdisciplinar, apontando a<br \/>\nutiliza\u00e7\u00e3o de metodologias ativas que possibilitem aprecia\u00e7\u00f5es, atividades, di\u00e1logos e intera\u00e7\u00f5es<br \/>\nentre os alunos, considerando a perspectiva inclusiva.<br \/>\n<a href=\"http:\/\/portifolioos-prontos.com\">PRODU\u00c7\u00c3O TEXTUAL<\/a><br \/>\nINTERDISCIPLINAR<br \/>\nINDIVIDUAL \u2013 PTI<br \/>\nORIENTA\u00c7\u00d5ES PARA A EXECU\u00c7\u00c3O DO TRABALHO<br \/>\nAp\u00f3s an\u00e1lise da situa\u00e7\u00e3o geradora de aprendizagem e da situa\u00e7\u00e3o problema, voc\u00ea dever\u00e1:<br \/>\na) Ler os textos disponibilizados em anexo:<br \/>\nTexto 1: SOUZA, F. P. O ensino de arte e o desenvolvimento do potencial criativo da crian\u00e7a na escola<br \/>\ndo ensino fundamental. DESAFIOS &#8211; Revista Interdisciplinar Da Universidade Federal Do<br \/>\nTocantins, 7 (Especial), 258-269, 2020, dispon\u00edvel em:<br \/>\nhttps:\/\/sistemas.uft.edu.br\/periodicos\/index.php\/desafios\/article\/view\/8620. Acesso em: 24 jun.<br \/>\n2022.<br \/>\nTexto 2: DIESEL, A.; BALDEZ, A. L. S.; MARTINS, S. N. Os princ\u00edpios das metodologias ativas de ensino:<br \/>\numa abordagem te\u00f3rica. Dispon\u00edvel em:<br \/>\nhttps:\/\/periodicos.ifsul.edu.br\/index.php\/thema\/article\/view\/404. Acesso em: 24 jun. 2022.<br \/>\nTexto 3: SILVA, M. de F. G. da; SANTANA, I. M. de. Interdisciplinaridade nas pr\u00e1ticas pedag\u00f3gicas de<br \/>\nprofessoras do Ensino Fundamental. Revista de Educa\u00e7\u00e3o, Ci\u00eancia e Cultura, Canoas, v. 23, n. 2,<br \/>\n2018, dispon\u00edvel em:<br \/>\nhttps:\/\/revistas.unilasalle.edu.br\/index.php\/Educacao\/article\/view\/4467\/. Acesso em: 24 jun. 2022.<br \/>\nTexto 4: OLIVEIRA, E. de S.; SILVA, T. P. da.; PADILHA, M. A. de O.; BOMFIM, R. da S. Inclus\u00e3o social:<br \/>\nProfessoras preparados ou n\u00e3o? Dispon\u00edvel em: https:\/\/www.epublicacoes.uerj.br\/index.php\/polemica\/article\/view\/3103\/2224. Acesso em: 24 jun. 2022.<br \/>\nb) A produ\u00e7\u00e3o textual deve ser organizada por meio dos seguintes itens, a serem considerados:<br \/>\n1\u00ba) Elaborar a introdu\u00e7\u00e3o da produ\u00e7\u00e3o textual. Neste t\u00f3pico, voc\u00ea dever\u00e1 fazer, com at\u00e9 uma p\u00e1gina,<br \/>\numa apresenta\u00e7\u00e3o sobre o que ser\u00e1 abordado no trabalho, expor os objetivos e a import\u00e2ncia de sua<br \/>\nrealiza\u00e7\u00e3o.<br \/>\nPRODU\u00c7\u00c3O TEXTUAL<br \/>\nINTERDISCIPLINAR<br \/>\nINDIVIDUAL \u2013 PTI<br \/>\n2\u00ba) Para o desenvolvimento do trabalho, voc\u00ea deve elaborar um texto, entre 2 a 3 p\u00e1ginas, sobre a<br \/>\narte no ensino fundamental, apontando informa\u00e7\u00f5es relevantes para a resolu\u00e7\u00e3o da situa\u00e7\u00e3o<br \/>\nproblema indicada na proposta inicial, al\u00e9m de discorrer sobre a perspectiva inclusiva a ser<br \/>\nconsiderada nas pr\u00e1ticas realizadas. Voc\u00ea tamb\u00e9m deve apresentar uma proposta de projeto<br \/>\ninterdisciplinar visando a viabiliza\u00e7\u00e3o da Semana Cultural com os alunos dos anos iniciais do ensino<br \/>\nfundamental.<br \/>\n<strong>Adote o modelo a seguir:<\/strong><br \/>\nTema do projeto Semana Cultural<br \/>\nJustificativa Refere-se \u00e0 explica\u00e7\u00e3o sobre a import\u00e2ncia do trabalho<br \/>\n(projeto).<br \/>\nObjetivo geral Defini\u00e7\u00e3o do que se trata a ideia central do trabalho.<br \/>\nDeve expressar, de forma clara, qual \u00e9 a inten\u00e7\u00e3o<br \/>\ndaquele projeto.<br \/>\nObjetivos espec\u00edficos Refere-se ao que se espera com o desenvolvimento do<br \/>\ntrabalho realizado com os alunos. Se configura como as<br \/>\nmetas tra\u00e7adas para o aprendizado, as quais ser\u00e3o<br \/>\natingidas a partir das atividades desenvolvidas em sala.<br \/>\nMetodologia S\u00e3o os caminhos percorridos para que os objetivos<br \/>\nsejam atingidos. Trata-se de um conjunto de t\u00e9cnicas e<br \/>\nm\u00e9todos que direcionam o modo como os conte\u00fados<br \/>\nser\u00e3o socializados. N\u00e3o se esque\u00e7am de descrever as<br \/>\na\u00e7\u00f5es que ser\u00e3o realizadas.<br \/>\nRecursos did\u00e1ticos S\u00e3o os materiais e\/ou equipamentos que ser\u00e3o<br \/>\nutilizados como suporte para a realiza\u00e7\u00e3o das<br \/>\natividades propostas.<br \/>\nPRODU\u00c7\u00c3O TEXTUAL<br \/>\nINTERDISCIPLINAR<br \/>\nINDIVIDUAL \u2013 PTI<br \/>\nAvalia\u00e7\u00e3o Modo como o professor ir\u00e1 acompanhar o processo de<br \/>\naprendizagem dos alunos, verificando os avan\u00e7os e o<br \/>\nque ainda necessita de aperfei\u00e7oamento.<br \/>\nRefer\u00eancias Material te\u00f3rico que subsidiou a constru\u00e7\u00e3o das aulas.<br \/>\nVale lembrar que voc\u00ea n\u00e3o ir\u00e1 para o campo, ou seja, para a escola. Trata-se de uma proposta fict\u00edcia,<br \/>\na partir de uma situa\u00e7\u00e3o apresentada.<br \/>\n3\u00ba) Para finalizar, voc\u00ea dever\u00e1 fazer suas considera\u00e7\u00f5es finais, apresentando a conclus\u00e3o do seu<br \/>\ntrabalho, sintetizando os elementos discutidos no seu texto (at\u00e9 1 p\u00e1gina). Manifeste seu o ponto de<br \/>\nvista sobre o assunto trabalhado, fundamentados nas refer\u00eancias bibliogr\u00e1ficas. Apresente, tamb\u00e9m,<br \/>\nas contribui\u00e7\u00f5es que o trabalho trouxe para o seu aprendizado.<br \/>\n4\u00ba) Anexos e ap\u00eandices: Apresentar, caso sejam utilizados, imagens, fotografias ou registros.<br \/>\n5\u00ba) Refer\u00eancias: n\u00e3o se esquecer de listar todos os autores e materiais que utilizados para<br \/>\ndesenvolver o trabalho.<\/p>\n<div class=\"elementor-toggle-item\">\n<h4 id=\"elementor-tab-title-1941\" class=\"elementor-tab-title elementor-active\" tabindex=\"0\" role=\"tab\" data-tab=\"1\" aria-controls=\"elementor-tab-content-1941\" aria-expanded=\"true\" aria-selected=\"true\">Como funciona?<\/h4>\n<div id=\"elementor-tab-content-1941\" class=\"elementor-tab-content elementor-clearfix elementor-active\" role=\"tabpanel\" data-tab=\"1\" aria-labelledby=\"elementor-tab-title-1941\">\n<p>Elaboramos os portf\u00f3lios, j\u00e1 deixamos prontos, nas normas da ABNT e conforme os requisitos da universidade. F\u00e1cil assim! O MELHOR \u00c9 QUE VOC\u00ca COMPRA E J\u00c1 BAIXA NA HORA O SEU ARQUIVO EM WORD! Sabemos que conciliar trabalho, fam\u00edlia, vida profissional e estudos \u00e9 dif\u00edcil hoje em dia, por isso, estamos aqui para ajudar voc\u00ea. Conte com nossa qualidade, experi\u00eancia e profissionalismo adquirindo seu portf\u00f3lio conosco. GARANTIMOS SEU CONCEITO!<\/p>\n<h4>Como se realizam os envios?<\/h4>\n<\/div>\n<\/div>\n<div class=\"elementor-toggle-item\">\n<div id=\"elementor-tab-content-1942\" class=\"elementor-tab-content elementor-clearfix elementor-active\" role=\"tabpanel\" data-tab=\"2\" aria-labelledby=\"elementor-tab-title-1942\">O seu trabalho \u00e9 disponibilizado pronto, respondido e nas normas j\u00e1 na mesma hora aqui em nosso site na sua \u00e1rea de downloads e tamb\u00e9m no seu e-mail.<\/div>\n<\/div>\n<div class=\"elementor-toggle-item\">\n<div id=\"elementor-tab-content-1943\" class=\"elementor-tab-content elementor-clearfix elementor-active\" role=\"tabpanel\" data-tab=\"3\" aria-labelledby=\"elementor-tab-title-1943\">\n<h4>Em quanto tempo recebo o portf\u00f3lio?<\/h4>\n<\/div>\n<\/div>\n<div class=\"elementor-toggle-item\">\n<div id=\"elementor-tab-content-1944\" class=\"elementor-tab-content elementor-clearfix elementor-active\" role=\"tabpanel\" data-tab=\"4\" aria-labelledby=\"elementor-tab-title-1944\">\n<p>Os envios s\u00e3o imediatos. Ap\u00f3s sua compra, o trabalho j\u00e1 \u00e9 disponibilizado instantaneamente aqui em nosso site e no seu e-mail.<\/p>\n<h4>E se o portf\u00f3lio que comprei precisar de corre\u00e7\u00e3o?<\/h4>\n<\/div>\n<\/div>\n<div class=\"elementor-toggle-item\">\n<div id=\"elementor-tab-content-1945\" class=\"elementor-tab-content elementor-clearfix elementor-active\" role=\"tabpanel\" data-tab=\"5\" aria-labelledby=\"elementor-tab-title-1945\">\n<p>Caso haja alguma solicita\u00e7\u00e3o de corre\u00e7\u00e3o\/altera\u00e7\u00e3o por parte do tutor, basta entrar em contato conosco pelo\u00a0WhatsApp\u00a0que provid\u00eanciaremos sem custo algum.<\/p>\n<h4>Qual o formato do arquivo?<\/h4>\n<\/div>\n<\/div>\n<div class=\"elementor-toggle-item\">\n<div id=\"elementor-tab-content-1946\" class=\"elementor-tab-content elementor-clearfix elementor-active\" role=\"tabpanel\" data-tab=\"6\" aria-labelledby=\"elementor-tab-title-1946\">\n<p>Os arquivos s\u00e3o enviados em formato Word e s\u00e3o edit\u00e1veis.<\/p>\n<h4>Caso eu tiver alguma d\u00favida, terei suporte no p\u00f3s venda?<\/h4>\n<\/div>\n<\/div>\n<div class=\"elementor-toggle-item\">\n<div id=\"elementor-tab-content-1948\" class=\"elementor-tab-content elementor-clearfix elementor-active\" role=\"tabpanel\" data-tab=\"8\" aria-labelledby=\"elementor-tab-title-1948\">\n<p>Sim, com certeza. Basta clicar no \u00edcone do WhatsApp no cantinho da tela. Ser\u00e1 um prazer atend\u00ea-lo(a).<\/p>\n<div class=\"elementor-toggle-item\">\n<div id=\"elementor-tab-content-1948\" class=\"elementor-tab-content elementor-clearfix elementor-active\" role=\"tabpanel\" data-tab=\"8\" aria-labelledby=\"elementor-tab-title-1948\">\n<h4>Quais os seus canais de contato?<\/h4>\n<\/div>\n<\/div>\n<div class=\"elementor-toggle-item\">\n<div id=\"elementor-tab-content-1949\" class=\"elementor-tab-content elementor-clearfix elementor-active\" role=\"tabpanel\" data-tab=\"9\" aria-labelledby=\"elementor-tab-title-1949\">\n<p>Whatsapp: 53 984751621 \u2013 Clicar no canto da tela ou ESCANEIE O QRCODE ABAIXO<\/p>\n<p><img decoding=\"async\" class=\"alignnone wp-image-7603\" src=\"http:\/\/portifolioos-prontos.com\/wp-content\/uploads\/2022\/09\/portfolio-unopar-pronto-colaborar-ava-producao-textual-interdisciplinar.png\" alt=\"realiza\u00e7\u00e3o de uma semana cultural,A realiza\u00e7\u00e3o de uma semana cultural a nos anos iniciais do Ensino Fundamental,portf\u00f3lio A realiza\u00e7\u00e3o de uma semana cultural a nos anos iniciais do Ensino Fundamental,portfolio A realiza\u00e7\u00e3o de uma semana cultural a nos anos iniciais do Ensino Fundamental,portf\u00f3lio pronto A realiza\u00e7\u00e3o de uma semana cultural a nos anos iniciais do Ensino Fundamental,portf\u00f3lio pronto unopar A realiza\u00e7\u00e3o de uma semana cultural a nos anos iniciais do Ensino Fundamental,portf\u00f3lio pronto anhanguera A realiza\u00e7\u00e3o de uma semana cultural a nos anos iniciais do Ensino Fundamental,pti A realiza\u00e7\u00e3o de uma semana cultural a nos anos iniciais do Ensino Fundamental,trabalho feito A realiza\u00e7\u00e3o de uma semana cultural a nos anos iniciais do Ensino Fundamental,trabalhos feitos A realiza\u00e7\u00e3o de uma semana cultural a nos anos iniciais do Ensino Fundamental,portfolio ead A realiza\u00e7\u00e3o de uma semana cultural a nos anos iniciais do Ensino Fundamental,portf\u00f3lioo ead A realiza\u00e7\u00e3o de uma semana cultural a nos anos iniciais do Ensino Fundamental,portfolio pedagogia,portfolio pedagogia 5 semestre unopar,portfolio pedagogia 3 semestre,portfolio pedagogia unopar 2 semestre,portfolio pedagogia 5 semestre unopar semana cultural,portfolio pedagogia 4 semestre unopar,portfolio pedagogia 2 semestre,portf\u00f3lio pedagogia 1 semestre anhanguera,portf\u00f3lio pedagogia pronto pdf,portfolio pedagogia 1 semestre,Portfolio pronto,portifolio pronto,portf\u00f3lio pronto,portifolios prontos,portif\u00f3lios prontos,portf\u00f3lio pronto unopar,portifolio pronto unopar,portif\u00f3lio pronto unopar,portifolios prontos unopar,portifolios prontos anhanguera,portf\u00f3lios prontos anhanguera,portf\u00f3lio pronto anhanguera,portfolios ead,portf\u00f3lios ead,portfolioead,apostileiros,portf\u00f3lio ead,portifolios ead,portif\u00f3lios ead,eadhelp,shop do acad\u00eamico,unopar portfolio,portfolio pronto ead,portfolio unopar ead,ead portfolio ava,portf\u00f3lio ead anhanguera,portf\u00f3lio ead pront,o portf\u00f3lio ead unopar,portf\u00f3lio pronto em word,pti unopar,ptg unopar,modelo de portf\u00f3lio unopar,modelo de portf\u00f3lio anhanguera,como fazer um portf\u00f3lio para faculdade,como faz portf\u00f3lio universidade,como faz portf\u00f3lios para universidade,portf\u00f3lios prontos para universidade,portf\u00f3lios pronto para faculdade,portf\u00f3lio pronto para editar,portifolios prontos para editar,portf\u00f3lio em word,portfolio em word,portf\u00f3lio em word para editar,portifolio em word para editar,portfolio unopar pronto para editar,modelo de portfolio para unopar,modelo de portif\u00f3lio para unopar,modelo de portf\u00f3lio para unopar,unopar portf\u00f3lio pronto,anhanguera portf\u00f3lio pronto,portf\u00f3lio em word pronto,comprar portf\u00f3lio pronto,como fazer um portf\u00f3lio,como fazer portf\u00f3lio digital,portfolio,portf\u00f3lio,portifolio,portif\u00f3lio,portf\u00f3lio interdisciplinar individual,portfolio interdisciplinar individual,exemplos de portf\u00f3lio para faculdade,baixar portf\u00f3lio pronto,portf\u00f3lio acad\u00eamico,portf\u00f3lio online,portfoliooead,portfolio ead,portf\u00f3lio pronto interdisciplinar individual,relat\u00f3rio de est\u00e1gio unopar,relat\u00f3rio de est\u00e1gio pronto unopar,como criar um portf\u00f3lio,o que \u00e9 um portf\u00f3lio e como fazer,portfolio exemplo,modelo de portfolio acad\u00eamico,relat\u00f3rio de est\u00e1gio gest\u00e3o escolar pronto unopar,portf\u00f3lio como fazer,prova profici\u00eancia unopar,portfolio individual est\u00e1gio curricular obrigat\u00f3rio ii anos iniciais do ensino fundamental,prova de profici\u00eancia pedagogia unopar,capa de trabalho unopar para editar,portf\u00f3lio acad\u00eamico unopar,como fazer um portf\u00f3lio acad\u00eamico,portf\u00f3lio exemplos word,portfolio acad\u00eamico,portfolio individual,portfolio individual unopar,portfolio individual anhanguera,portfolio marketing digital,portf\u00f3lio educa\u00e7\u00e3o f\u00edsica unopar,portf\u00f3lio gest\u00e3o educacional e espa\u00e7os n\u00e3o escolares,como fazer um portifolio unopar,modelo de portf\u00f3lio unopar em arquivo word,capa de portf\u00f3lio de pedagogia,como fazer um portf\u00f3lio no word,projeto integrado unopar,exemplo de portf\u00f3lio academico pedagogia\" width=\"141\" height=\"141\" srcset=\"https:\/\/portifolioos-prontos.com\/wp-content\/uploads\/2022\/09\/portfolio-unopar-pronto-colaborar-ava-producao-textual-interdisciplinar.png 150w, https:\/\/portifolioos-prontos.com\/wp-content\/uploads\/2022\/09\/portfolio-unopar-pronto-colaborar-ava-producao-textual-interdisciplinar-100x100.png 100w\" sizes=\"(max-width: 141px) 100vw, 141px\" \/><\/p>\n<\/div>\n<\/div>\n<\/div>\n<\/div>\n<div class=\"elementor-toggle-item\">\n<div id=\"elementor-tab-content-1949\" class=\"elementor-tab-content elementor-clearfix elementor-active\" role=\"tabpanel\" data-tab=\"9\" aria-labelledby=\"elementor-tab-title-1949\">\n<p>E-mail:portifoliosp@gmail.com<\/p>\n<div id=\"attachment_143\" class=\"wp-caption alignnone\">\n<div id=\"attachment_143\" class=\"wp-caption alignnone\" style=\"width: 147px;\">\n<p><a href=\"http:\/\/portifolioos-prontos.com\/\"><img decoding=\"async\" class=\"wp-image-143\" title=\"portfolio pronto unopar\" src=\"http:\/\/portifolioos-prontos.com\/wp-content\/uploads\/2022\/04\/conceitomaximo.png\" alt=\"PORTFOLIO PRONTO UNOPAR ANHANGUERA\" width=\"147\" height=\"42\" aria-describedby=\"caption-attachment-143\" \/><\/a><\/p>\n<p id=\"caption-attachment-143\" class=\"wp-caption-text\">Portf\u00f3lio em Word, respondido, completo e j\u00e1 nas normas.<\/p>\n<\/div>\n<\/div>\n<\/div>\n<\/div>\n","protected":false},"excerpt":{"rendered":"<p>Portf\u00f3lio A realiza\u00e7\u00e3o de uma semana cultural a nos anos iniciais do Ensino Fundamental Curso: Educa\u00e7\u00e3o Especial Semestre: 4\u00ba Prezado aluno(a), Seja bem-vindo a este semestre! A proposta de Produ\u00e7\u00e3o Textual ter\u00e1 como tem\u00e1tica: A realiza\u00e7\u00e3o de uma semana cultural a nos anos iniciais do Ensino Fundamental. Escolhemos esta tem\u00e1tica para possibilitar a aprendizagem interdisciplinar&hellip;<\/p>\n","protected":false},"featured_media":582,"template":"","meta":{"_seopress_robots_primary_cat":"none","_seopress_titles_title":"%%post_title%% %%sitetitle%%","_seopress_titles_desc":"%%post_content%%","_seopress_robots_index":""},"product_cat":[47,52,15],"product_tag":[],"class_list":{"0":"post-6058","1":"product","2":"type-product","3":"status-publish","4":"has-post-thumbnail","6":"product_cat-licenciaturas","7":"product_cat-pedagogia","8":"product_cat-uncategorized","10":"first","11":"instock","12":"downloadable","13":"virtual","14":"purchasable","15":"product-type-simple","16":"col-xs-6 col-sm-4","17":"col-mf-5","18":"un-5-cols"},"jetpack_sharing_enabled":true,"_links":{"self":[{"href":"https:\/\/portifolioos-prontos.com\/index.php\/wp-json\/wp\/v2\/product\/6058","targetHints":{"allow":["GET"]}}],"collection":[{"href":"https:\/\/portifolioos-prontos.com\/index.php\/wp-json\/wp\/v2\/product"}],"about":[{"href":"https:\/\/portifolioos-prontos.com\/index.php\/wp-json\/wp\/v2\/types\/product"}],"version-history":[{"count":0,"href":"https:\/\/portifolioos-prontos.com\/index.php\/wp-json\/wp\/v2\/product\/6058\/revisions"}],"wp:featuredmedia":[{"embeddable":true,"href":"https:\/\/portifolioos-prontos.com\/index.php\/wp-json\/wp\/v2\/media\/582"}],"wp:attachment":[{"href":"https:\/\/portifolioos-prontos.com\/index.php\/wp-json\/wp\/v2\/media?parent=6058"}],"wp:term":[{"taxonomy":"product_cat","embeddable":true,"href":"https:\/\/portifolioos-prontos.com\/index.php\/wp-json\/wp\/v2\/product_cat?post=6058"},{"taxonomy":"product_tag","embeddable":true,"href":"https:\/\/portifolioos-prontos.com\/index.php\/wp-json\/wp\/v2\/product_tag?post=6058"}],"curies":[{"name":"wp","href":"https:\/\/api.w.org\/{rel}","templated":true}]}}