{"id":6092,"date":"2022-08-03T11:33:57","date_gmt":"2022-08-03T14:33:57","guid":{"rendered":"https:\/\/portifolioos-prontos.com\/?post_type=product&#038;p=6092"},"modified":"2025-07-28T14:02:34","modified_gmt":"2025-07-28T17:02:34","slug":"plano-de-trabalho-de-estagio-cursos-de-licenciatura-estagio-iii-gestao-educacional-e-espacos-nao-escolares-pedagogia","status":"publish","type":"product","link":"https:\/\/portifolioos-prontos.com\/index.php\/product\/plano-de-trabalho-de-estagio-cursos-de-licenciatura-estagio-iii-gestao-educacional-e-espacos-nao-escolares-pedagogia\/","title":{"rendered":"Plano de trabalho de est\u00e1gio cursos de licenciatura \u2013 Est\u00e1gio III Gest\u00e3o (Pedagogia)"},"content":{"rendered":"<h4>Plano de trabalho de est\u00e1gio cursos de licenciatura : Est\u00e1gio III Gest\u00e3o (Pedagogia)<\/h4>\n<p>5\u00b0 e 6\u00b0 semestre<\/p>\n<p>100 horas<\/p>\n<hr \/>\n<p>Sum\u00e1rio<\/p>\n<p>1. RELA\u00c7\u00c3O DE EST\u00c1GIOS DAS LICENCIATURAS \u2013 VIG\u00caNCIA \u2026\u2026\u2026\u2026\u2026\u2026\u2026\u2026\u2026\u2026\u2026\u2026\u2026\u2026 3<br \/>\n2. CAMPO DE EST\u00c1GIO: EDUCA\u00c7\u00c3O INFANTIL, ENSINO FUNDAMENTAL \u2013 ANOS INICIAIS E<br \/>\nENSINO FUNDAMENTAL \u2013 ANOS FINAIS \u2026\u2026\u2026\u2026\u2026\u2026\u2026\u2026\u2026\u2026\u2026\u2026\u2026\u2026\u2026\u2026\u2026\u2026\u2026\u2026\u2026\u2026\u2026\u2026\u2026\u2026\u2026\u2026\u2026. 5<br \/>\n2.1 ORIENTA\u00c7\u00d5ES PARA AS ATIVIDADES\u2026\u2026\u2026\u2026\u2026\u2026\u2026\u2026\u2026\u2026\u2026\u2026\u2026\u2026\u2026\u2026\u2026\u2026\u2026\u2026\u2026\u2026\u2026\u2026\u2026\u2026\u2026\u2026\u2026.6<br \/>\n3. CAMPO DE\u00a0EST\u00c1GIO: ENSINO M\u00c9DIO (exceto Pedagogia)\u2026\u2026\u2026\u2026\u2026\u2026\u2026\u2026\u2026\u2026\u2026\u2026\u2026\u2026\u2026\u2026\u2026.. 27<br \/>\n3.1 ORIENTA\u00c7\u00d5ES PARA AS ATIVIDADES\u2026\u2026\u2026\u2026\u2026\u2026\u2026\u2026\u2026\u2026\u2026\u2026\u2026\u2026\u2026\u2026\u2026\u2026\u2026\u2026\u2026\u2026\u2026\u2026\u2026\u2026\u2026\u2026..28<br \/>\n4. CAMPO\u00a0DE\u00a0EST\u00c1GIO: GEST\u00c3O\u2026\u2026\u2026\u2026\u2026\u2026\u2026\u2026\u2026\u2026\u2026\u2026\u2026\u2026\u2026\u2026\u2026\u2026\u2026\u2026\u2026\u2026\u2026\u2026\u2026\u2026\u2026\u2026\u2026\u2026\u2026. 48<br \/>\n4.1 ORIENTA\u00c7\u00d5ES PARA AS ATIVIDADES\u2026\u2026\u2026\u2026\u2026\u2026\u2026\u2026\u2026\u2026\u2026\u2026\u2026\u2026\u2026\u2026\u2026\u2026\u2026\u2026\u2026\u2026\u2026\u2026\u2026\u2026\u2026\u2026..49<\/p>\n<p>&nbsp;<\/p>\n<p>CAMPO DE EST\u00c1GIO: GEST\u00c3O<br \/>\nNo quadro a seguir, h\u00e1 a descri\u00e7\u00e3o do Plano de Trabalho a ser realizado pelo estudante,<br \/>\nconforme carga hor\u00e1ria total do respectivo est\u00e1gio especificado nos quadros das p\u00e1ginas 3 a 4.<br \/>\nPlano de Trabalho 100 h<br \/>\n*Atividade 1: Visita \u00e0 escola, com a carta de apresenta\u00e7\u00e3o. 2 h<br \/>\nAtividade 2: Leitura obrigat\u00f3ria e produ\u00e7\u00e3o de texto. 4 h<br \/>\n*Atividade 3: An\u00e1lise do Regimento Escolar com destaque para as atribui\u00e7\u00f5es do<br \/>\nCorpo Diretivo e elabora\u00e7\u00e3o de texto referente \u00e0 an\u00e1lise. 12 h<br \/>\n*Atividade 4: Entrevistas com a Equipe diretiva e Equipe Pedag\u00f3gica e elabora\u00e7\u00e3o de<br \/>\ntexto referente \u00e0s entrevistas. 12 h<br \/>\n*Atividade 5: Observa\u00e7\u00e3o da organiza\u00e7\u00e3o e supervis\u00e3o da escola e elabora\u00e7\u00e3o de<br \/>\ntexto 18 h<br \/>\n*Atividade 6: Observa\u00e7\u00e3o de reuni\u00e3o pedag\u00f3gica e\/ou administrativa. 4 h<br \/>\nAtividade 7: Elabora\u00e7\u00e3o de ata do que foi discutido na reuni\u00e3o e quais foram os<br \/>\nencaminhamentos.2 h<br \/>\n*Atividade 8: Observa\u00e7\u00e3o da rotina da Equipe Pedag\u00f3gica e elabora\u00e7\u00e3o de texto. 6 h<br \/>\nAtividade 9: Elabora\u00e7\u00e3o de plano de a\u00e7\u00e3o. 18 h<br \/>\n*Atividade 10: Apresenta\u00e7\u00e3o do plano de a\u00e7\u00e3o \u00e0 Dire\u00e7\u00e3o da escola Elabora\u00e7\u00e3o de relato. 6 h<br \/>\nAtividade 11: Produ\u00e7\u00e3o do Relat\u00f3rio do Est\u00e1gio. 14 h<br \/>\n*Atividade 12: Valida\u00e7\u00e3o do Relat\u00f3rio do Est\u00e1gio. 2h<br \/>\n*Atividades que devem ser realizadas obrigatoriamente em campo.<\/p>\n<div class=\"elementor-toggle-item\">\n<h4 id=\"elementor-tab-title-1941\" class=\"elementor-tab-title elementor-active\" tabindex=\"0\" role=\"tab\" data-tab=\"1\" aria-controls=\"elementor-tab-content-1941\" aria-expanded=\"true\" aria-selected=\"true\">Como funciona?<\/h4>\n<div id=\"elementor-tab-content-1941\" class=\"elementor-tab-content elementor-clearfix elementor-active\" role=\"tabpanel\" data-tab=\"1\" aria-labelledby=\"elementor-tab-title-1941\">\n<p>Elaboramos os portf\u00f3lios, j\u00e1 deixamos prontos, nas normas da ABNT e conforme os requisitos da universidade. F\u00e1cil assim! O MELHOR \u00c9 QUE VOC\u00ca COMPRA E J\u00c1 BAIXA NA HORA O SEU ARQUIVO EM WORD! Sabemos que conciliar trabalho, fam\u00edlia, vida profissional e estudos \u00e9 dif\u00edcil hoje em dia, por isso, estamos aqui para ajudar voc\u00ea. Conte com nossa qualidade, experi\u00eancia e profissionalismo adquirindo seu portf\u00f3lio conosco. GARANTIMOS SEU CONCEITO!<\/p>\n<h4>Como se realizam os envios?<\/h4>\n<\/div>\n<\/div>\n<div class=\"elementor-toggle-item\">\n<div id=\"elementor-tab-content-1942\" class=\"elementor-tab-content elementor-clearfix elementor-active\" role=\"tabpanel\" data-tab=\"2\" aria-labelledby=\"elementor-tab-title-1942\">O seu trabalho \u00e9 disponibilizado pronto, respondido e nas normas j\u00e1 na mesma hora aqui em nosso site na sua \u00e1rea de downloads e tamb\u00e9m no seu e-mail.<\/div>\n<\/div>\n<div class=\"elementor-toggle-item\">\n<div id=\"elementor-tab-content-1943\" class=\"elementor-tab-content elementor-clearfix elementor-active\" role=\"tabpanel\" data-tab=\"3\" aria-labelledby=\"elementor-tab-title-1943\">\n<h4>Em quanto tempo recebo o portf\u00f3lio?<\/h4>\n<\/div>\n<\/div>\n<div class=\"elementor-toggle-item\">\n<div id=\"elementor-tab-content-1944\" class=\"elementor-tab-content elementor-clearfix elementor-active\" role=\"tabpanel\" data-tab=\"4\" aria-labelledby=\"elementor-tab-title-1944\">\n<p>Os envios s\u00e3o imediatos. Ap\u00f3s sua compra, o trabalho j\u00e1 \u00e9 disponibilizado instantaneamente aqui em nosso site e no seu e-mail.<\/p>\n<h4>E se o portf\u00f3lio que comprei precisar de corre\u00e7\u00e3o?<\/h4>\n<\/div>\n<\/div>\n<div class=\"elementor-toggle-item\">\n<div id=\"elementor-tab-content-1945\" class=\"elementor-tab-content elementor-clearfix elementor-active\" role=\"tabpanel\" data-tab=\"5\" aria-labelledby=\"elementor-tab-title-1945\">\n<p>Caso haja alguma solicita\u00e7\u00e3o de corre\u00e7\u00e3o\/altera\u00e7\u00e3o por parte do tutor, basta entrar em contato conosco pelo\u00a0WhatsApp\u00a0que provid\u00eanciaremos sem custo algum.<\/p>\n<h4>Qual o formato do arquivo?<\/h4>\n<\/div>\n<\/div>\n<div class=\"elementor-toggle-item\">\n<div id=\"elementor-tab-content-1946\" class=\"elementor-tab-content elementor-clearfix elementor-active\" role=\"tabpanel\" data-tab=\"6\" aria-labelledby=\"elementor-tab-title-1946\">\n<p>Os arquivos s\u00e3o enviados em formato Word e s\u00e3o edit\u00e1veis.<\/p>\n<h4>Caso eu tiver alguma d\u00favida, terei suporte no p\u00f3s venda?<\/h4>\n<\/div>\n<\/div>\n<div class=\"elementor-toggle-item\">\n<div id=\"elementor-tab-content-1948\" class=\"elementor-tab-content elementor-clearfix elementor-active\" role=\"tabpanel\" data-tab=\"8\" aria-labelledby=\"elementor-tab-title-1948\">\n<p>Sim, com certeza. Basta clicar no \u00edcone do WhatsApp no cantinho da tela. Ser\u00e1 um prazer atend\u00ea-lo(a).<\/p>\n<div class=\"elementor-toggle-item\">\n<div id=\"elementor-tab-content-1948\" class=\"elementor-tab-content elementor-clearfix elementor-active\" role=\"tabpanel\" data-tab=\"8\" aria-labelledby=\"elementor-tab-title-1948\">\n<h4>Quais os seus canais de contato?<\/h4>\n<\/div>\n<\/div>\n<div class=\"elementor-toggle-item\">\n<div id=\"elementor-tab-content-1949\" class=\"elementor-tab-content elementor-clearfix elementor-active\" role=\"tabpanel\" data-tab=\"9\" aria-labelledby=\"elementor-tab-title-1949\">\n<p>Whatsapp: 53 984751621 \u2013 Clicar no canto da tela ou ESCANEIE O QRCODE ABAIXO<\/p>\n<p><img decoding=\"async\" class=\"alignnone wp-image-7603\" src=\"http:\/\/portifolioos-prontos.com\/wp-content\/uploads\/2022\/09\/portfolio-unopar-pronto-colaborar-ava-producao-textual-interdisciplinar.png\" alt=\"Gest\u00e3o educacional e espa\u00e7os n\u00e3o escolares,portf\u00f3lio est\u00e1gio Gest\u00e3o educacional e espa\u00e7os n\u00e3o escolares,est\u00e1gio iii pedagogia Gest\u00e3o educacional e espa\u00e7os n\u00e3o escolares,trabalho de est\u00e1gio pronto Gest\u00e3o educacional e espa\u00e7os n\u00e3o escolares,trabalho iii de est\u00e1gio Gest\u00e3o educacional e espa\u00e7os n\u00e3o escolares,trabalho de est\u00e1gio pedagogia unopar,trabalho de est\u00e1gio Gest\u00e3o educacional e espa\u00e7os n\u00e3o escolares,portf\u00f3lio pronto Gest\u00e3o educacional e espa\u00e7os n\u00e3o escolares,portf\u00f3lio ead Gest\u00e3o educacional e espa\u00e7os n\u00e3o escolares,portf\u00f3lio pronto de est\u00e1gio Gest\u00e3o educacional e espa\u00e7os n\u00e3o escolares,gest\u00e3o educacional e espa\u00e7os n\u00e3o escolares unopar,gest\u00e3o educacional e espa\u00e7os n\u00e3o escolares resumo,gest\u00e3o educacional e espa\u00e7os n\u00e3o escolares brainly,gest\u00e3o educacional e espa\u00e7os n\u00e3o escolares conclus\u00e3o,gest\u00e3o educacional e espa\u00e7os n\u00e3o escolares passei direto,portf\u00f3lio gest\u00e3o educacional e espa\u00e7os n\u00e3o escolares,relat\u00f3rio gest\u00e3o educacional e espa\u00e7os n\u00e3o escolares,est\u00e1gio gest\u00e3o educacional e espa\u00e7os n\u00e3o escolares,relat\u00f3rio gest\u00e3o educacional e espa\u00e7os n\u00e3o escolares unopar,Portfolio pronto,portifolio pronto,portf\u00f3lio pronto,portifolios prontos,portif\u00f3lios prontos,portf\u00f3lio pronto unopar,portifolio pronto unopar,portif\u00f3lio pronto unopar,portifolios prontos unopar,portifolios prontos anhanguera,portf\u00f3lios prontos anhanguera,portf\u00f3lio pronto anhanguera,portfolios ead,portf\u00f3lios ead,portfolioead,apostileiros,portf\u00f3lio ead,portifolios ead,portif\u00f3lios ead,eadhelp,shop do acad\u00eamico,unopar portfolio,portfolio pronto ead,portfolio unopar ead,ead portfolio ava,portf\u00f3lio ead anhanguera,portf\u00f3lio ead pront,o portf\u00f3lio ead unopar,portf\u00f3lio pronto em word,pti unopar,ptg unopar,modelo de portf\u00f3lio unopar,modelo de portf\u00f3lio anhanguera,como fazer um portf\u00f3lio para faculdade,como faz portf\u00f3lio universidade,como faz portf\u00f3lios para universidade,portf\u00f3lios prontos para universidade,portf\u00f3lios pronto para faculdade,portf\u00f3lio pronto para editar,portifolios prontos para editar,portf\u00f3lio em word,portfolio em word,portf\u00f3lio em word para editar,portifolio em word para editar,portfolio unopar pronto para editar,modelo de portfolio para unopar,modelo de portif\u00f3lio para unopar,modelo de portf\u00f3lio para unopar,unopar portf\u00f3lio pronto,anhanguera portf\u00f3lio pronto,portf\u00f3lio em word pronto,comprar portf\u00f3lio pronto,como fazer um portf\u00f3lio,como fazer portf\u00f3lio digital,portfolio,portf\u00f3lio,portifolio,portif\u00f3lio,portf\u00f3lio interdisciplinar individual,portfolio interdisciplinar individual,exemplos de portf\u00f3lio para faculdade,baixar portf\u00f3lio pronto,portf\u00f3lio acad\u00eamico,portf\u00f3lio online,portfoliooead,portfolio ead,portf\u00f3lio pronto interdisciplinar individual,relat\u00f3rio de est\u00e1gio unopar,relat\u00f3rio de est\u00e1gio pronto unopar,como criar um portf\u00f3lio,o que \u00e9 um portf\u00f3lio e como fazer,portfolio exemplo,modelo de portfolio acad\u00eamico,relat\u00f3rio de est\u00e1gio gest\u00e3o escolar pronto unopar,portf\u00f3lio como fazer,prova profici\u00eancia unopar,portfolio individual est\u00e1gio curricular obrigat\u00f3rio ii anos iniciais do ensino fundamental,prova de profici\u00eancia pedagogia unopar,capa de trabalho unopar para editar,portf\u00f3lio acad\u00eamico unopar,como fazer um portf\u00f3lio acad\u00eamico,portf\u00f3lio exemplos word,portfolio acad\u00eamico,portfolio individual,portfolio individual unopar,portfolio individual anhanguera,portfolio marketing digital,portf\u00f3lio educa\u00e7\u00e3o f\u00edsica unopar,como fazer um portifolio unopar,modelo de portf\u00f3lio unopar em arquivo word,capa de portf\u00f3lio de pedagogia,como fazer um portf\u00f3lio no word,projeto integrado unopar,exemplo de portf\u00f3lio academico pedagogia\" width=\"141\" height=\"141\" srcset=\"https:\/\/portifolioos-prontos.com\/wp-content\/uploads\/2022\/09\/portfolio-unopar-pronto-colaborar-ava-producao-textual-interdisciplinar.png 150w, https:\/\/portifolioos-prontos.com\/wp-content\/uploads\/2022\/09\/portfolio-unopar-pronto-colaborar-ava-producao-textual-interdisciplinar-100x100.png 100w\" sizes=\"(max-width: 141px) 100vw, 141px\" \/><\/p>\n<\/div>\n<\/div>\n<\/div>\n<\/div>\n<div class=\"elementor-toggle-item\">\n<div id=\"elementor-tab-content-1949\" class=\"elementor-tab-content elementor-clearfix elementor-active\" role=\"tabpanel\" data-tab=\"9\" aria-labelledby=\"elementor-tab-title-1949\">\n<p>E-mail:portifoliosp@gmail.com<\/p>\n<div id=\"attachment_143\" class=\"wp-caption alignnone\">\n<div id=\"attachment_143\" class=\"wp-caption alignnone\" style=\"width: 161px;\">\n<p><a href=\"http:\/\/portifolioos-prontos.com\/\"><img decoding=\"async\" class=\"wp-image-143\" title=\"portfolio pronto unopar\" src=\"http:\/\/portifolioos-prontos.com\/wp-content\/uploads\/2022\/04\/conceitomaximo.png\" alt=\"PORTFOLIO PRONTO UNOPAR ANHANGUERA\" width=\"161\" height=\"46\" aria-describedby=\"caption-attachment-143\" \/><\/a><\/p>\n<p id=\"caption-attachment-143\" class=\"wp-caption-text\">Portf\u00f3lio em Word, respondido, completo e j\u00e1 nas normas.<\/p>\n<\/div>\n<\/div>\n<\/div>\n<\/div>\n","protected":false},"excerpt":{"rendered":"<p>Plano de trabalho de est\u00e1gio cursos de licenciatura : Est\u00e1gio III Gest\u00e3o (Pedagogia) 5\u00b0 e 6\u00b0 semestre 100 horas Sum\u00e1rio 1. RELA\u00c7\u00c3O DE EST\u00c1GIOS DAS LICENCIATURAS \u2013 VIG\u00caNCIA \u2026\u2026\u2026\u2026\u2026\u2026\u2026\u2026\u2026\u2026\u2026\u2026\u2026\u2026 3 2. CAMPO DE EST\u00c1GIO: EDUCA\u00c7\u00c3O INFANTIL, ENSINO FUNDAMENTAL \u2013 ANOS INICIAIS E ENSINO FUNDAMENTAL \u2013 ANOS FINAIS \u2026\u2026\u2026\u2026\u2026\u2026\u2026\u2026\u2026\u2026\u2026\u2026\u2026\u2026\u2026\u2026\u2026\u2026\u2026\u2026\u2026\u2026\u2026\u2026\u2026\u2026\u2026\u2026\u2026. 5 2.1 ORIENTA\u00c7\u00d5ES PARA AS ATIVIDADES\u2026\u2026\u2026\u2026\u2026\u2026\u2026\u2026\u2026\u2026\u2026\u2026\u2026\u2026\u2026\u2026\u2026\u2026\u2026\u2026\u2026\u2026\u2026\u2026\u2026\u2026\u2026\u2026\u2026.6 3.&hellip;<\/p>\n","protected":false},"featured_media":34621,"template":"","meta":{"_seopress_robots_primary_cat":"none","_seopress_titles_title":"%%post_title%% %%sitetitle%%","_seopress_titles_desc":"%%post_title%% Portfolio Pronto Ead Unopar | Anhanguera - Pronto, em Word, respondido, completo, nas normas da ABNT. DOWNLOAD IMEDIATO.","_seopress_robots_index":""},"product_cat":[47,52,15],"product_tag":[747,746],"class_list":{"0":"post-6092","1":"product","2":"type-product","3":"status-publish","4":"has-post-thumbnail","6":"product_cat-licenciaturas","7":"product_cat-pedagogia","8":"product_cat-uncategorized","9":"product_tag-portfolio-de-estagio-anhanguera","10":"product_tag-portfolio-de-estagio-unopar","12":"first","13":"instock","14":"featured","15":"downloadable","16":"virtual","17":"purchasable","18":"product-type-simple","19":"col-xs-6 col-sm-4","20":"col-mf-5","21":"un-5-cols"},"jetpack_sharing_enabled":true,"_links":{"self":[{"href":"https:\/\/portifolioos-prontos.com\/index.php\/wp-json\/wp\/v2\/product\/6092","targetHints":{"allow":["GET"]}}],"collection":[{"href":"https:\/\/portifolioos-prontos.com\/index.php\/wp-json\/wp\/v2\/product"}],"about":[{"href":"https:\/\/portifolioos-prontos.com\/index.php\/wp-json\/wp\/v2\/types\/product"}],"version-history":[{"count":0,"href":"https:\/\/portifolioos-prontos.com\/index.php\/wp-json\/wp\/v2\/product\/6092\/revisions"}],"wp:featuredmedia":[{"embeddable":true,"href":"https:\/\/portifolioos-prontos.com\/index.php\/wp-json\/wp\/v2\/media\/34621"}],"wp:attachment":[{"href":"https:\/\/portifolioos-prontos.com\/index.php\/wp-json\/wp\/v2\/media?parent=6092"}],"wp:term":[{"taxonomy":"product_cat","embeddable":true,"href":"https:\/\/portifolioos-prontos.com\/index.php\/wp-json\/wp\/v2\/product_cat?post=6092"},{"taxonomy":"product_tag","embeddable":true,"href":"https:\/\/portifolioos-prontos.com\/index.php\/wp-json\/wp\/v2\/product_tag?post=6092"}],"curies":[{"name":"wp","href":"https:\/\/api.w.org\/{rel}","templated":true}]}}