{"id":6170,"date":"2022-08-03T14:32:59","date_gmt":"2022-08-03T17:32:59","guid":{"rendered":"https:\/\/portifolioos-prontos.com\/?post_type=product&#038;p=6170"},"modified":"2023-11-01T15:50:37","modified_gmt":"2023-11-01T18:50:37","slug":"projeto-integrado-e-bolha-ou-ressaca-apesar-de-bitcoin-derreter-em-2022-ainda-ha-quem-espere-recuperacao","status":"publish","type":"product","link":"https:\/\/portifolioos-prontos.com\/index.php\/product\/projeto-integrado-e-bolha-ou-ressaca-apesar-de-bitcoin-derreter-em-2022-ainda-ha-quem-espere-recuperacao\/","title":{"rendered":"Projeto Integrado \u2013 \u00c9 bolha ou ressaca? Apesar de Bitcoin derreter em 2022, ainda h\u00e1 quem espere recupera\u00e7\u00e3o"},"content":{"rendered":"<h4 class=\"product_title entry-title wd-entities-title\">Projeto Integrado \u2013 \u00c9 bolha ou ressaca? Apesar de Bitcoin derreter em 2022, ainda h\u00e1 quem espere recupera\u00e7\u00e3o<\/h4>\n<div class=\"woocommerce-product-details__short-description\">\n<h4><strong>Projeto Integrado \u2013 Cursos da \u00c1rea de TI<\/strong><\/h4>\n<p><strong>Leitura proposta<\/strong><\/p>\n<p>Para atingir os objetivos deste projeto integrado, voc\u00ea dever\u00e1 seguir as instru\u00e7\u00f5es voltadas \u00e0 elabora\u00e7\u00e3o do trabalho disponibilizadas ao longo do semestre, sob a orienta\u00e7\u00e3o do Tutor a Dist\u00e2ncia.<\/p>\n<p><strong>TEXTO PARA LEITURA: LEIAM A INTRODU\u00c7\u00c3O DO TEXTO, O LINK INDICADO NESTA, E O TEXTO COMPLETO REFERENCIADO NO OUTRO LINK<\/strong><\/p>\n<p><a href=\"http:\/\/portifolioos-prontos.com\"><strong>\u00c9 bolha ou ressaca? Apesar de Bitcoin derreter em 2022, ainda h\u00e1 quem espere recupera\u00e7\u00e3o!<\/strong><\/a><\/p>\n<p>O Bitcoin terminou o primeiro semestre de 2022 valendo quase um ter\u00e7o do que valia em 2021. Em seis meses, a criptomoeda despencou 60%\u00a0<strong>(ACESSAR O LINK)<\/strong>, saindo de US$ 47 mil para a atual cota\u00e7\u00e3o de US$ 19 mil, conforme dados do\u00a0\u00a0 Mercado\u00a0\u00a0 Bitcoin\u00a0\u00a0 dispon\u00edveis\u00a0\u00a0 na plataforma\u00a0<strong>TradeMap<\/strong>.<\/p>\n<p>A \u00faltima vez em que a cota\u00e7\u00e3o ficou t\u00e3o baixa foi em dezembro de 2020, mas naquele momento a situa\u00e7\u00e3o era totalmente distinta, porque o BTC se encaminhava para um ciclo de alta nunca visto at\u00e9 ent\u00e3o.<\/p>\n<p>Em novembro de 2021, a cota\u00e7\u00e3o bateu o topo hist\u00f3rico de US$ 69 mil \u2013 valoriza\u00e7\u00e3o de 245% em menos de dois anos. O volume de investimentos tamb\u00e9m nunca havia sido t\u00e3o alto, com mais de US$ 3 trilh\u00f5es em circula\u00e7\u00e3o. Hoje, h\u00e1 menos de US$ 1 trilh\u00e3o aplicados. (FONTE: TradeMap \u2013 Dispon\u00edvel em http:\/\/trademap.com.br).<\/p>\n<p><strong>Agora voc\u00ea dever\u00e1 realizar a leitura do texto completo referenciado no link:\u00a0<\/strong><strong>https:\/\/bit.ly\/3bNMgqK<\/strong><strong>.\u00a0<\/strong>FONTE: TradeMap \u2013 Dispon\u00edvel em (http:\/\/trademap.com.br). Acesso em 06\/2022.<\/p>\n<p><strong>SITUA\u00c7\u00c3O GERADORA DE APRENDIZAGEM (SGA)\u00a0\u00a0\u00a0\u00a0\u00a0\u00a0\u00a0\u00a0\u00a0\u00a0\u00a0\u00a0\u00a0\u00a0\u00a0\u00a0\u00a0\u00a0\u00a0\u00a0\u00a0\u00a0\u00a0\u00a0\u00a0\u00a0\u00a0\u00a0\u00a0\u00a0\u00a0\u00a0\u00a0\u00a0\u00a0\u00a0\u00a0\u00a0\u00a0\u00a0<\/strong><\/p>\n<p>Partindo da premissa de que o Bitcoin \u00e9 a principal criptomoeda dispon\u00edvel no mercado, e de que seja no momento de alta ou de baixa, influencia as demais, e al\u00e9m disso outros ativos digitais, temos que existe um efeito cascata toda vez que h\u00e1 uma grande flutua\u00e7\u00e3o do Bitcoin.<\/p>\n<p>Isso j\u00e1 aconteceu antes, com \u201cbaleias\u201d que ocorrem quando um detentor de um grande volume de criptomoedas\/criptoativos (em especial Bitcoin), compra ou vende um grande volume destes, ou em alguns casos mais extremos, se houver a liquida\u00e7\u00e3o de uma carteira digital.<\/p>\n<p>Da mesma maneira ocorreu antes com as bolhas, em que h\u00e1 um movimento de crescimento exponencial e depois um processo de \u201cimplos\u00e3o\u201d da cota\u00e7\u00e3o do Bitcoin, e, por conseguinte, das demais criptomoedas\/criptoativos.<\/p>\n<p>Al\u00e9m \u00e9 claro do que chamamos mais recentemente de ressacas, quando temos um processo de adequa\u00e7\u00e3o\/acomoda\u00e7\u00e3o de determinada cota\u00e7\u00e3o de determinado criptomoeda\/criptoativo, ap\u00f3s um ciclo de crescimento, inclusive com o recuo da cota\u00e7\u00e3o a um n\u00edvel est\u00e1vel e mais realista.<\/p>\n<p><strong>Agora \u00e9 com voc\u00ea!<\/strong><\/p>\n<p>Considerando o contexto acima, voc\u00ea dever\u00e1 realizar uma pesquisa sobre os seguintes pontos:<\/p>\n<p><strong>1 \u2013<\/strong> Hist\u00f3rico das criptomoedas, como surgiram, quais as premissas, e como impactam hoje o mercado financeiro;<\/p>\n<p><strong>2 \u2013<\/strong> Hist\u00f3rico e caracter\u00edsticas do Bitcoin;<\/p>\n<p><strong>3 \u2013<\/strong> Como s\u00e3o definidos os criptoativos distintos das criptomoedas, suas caracter\u00edsticas, e rela\u00e7\u00e3o com o Bitcoin;<\/p>\n<p><strong>4 <a href=\"http:\/\/portifolioos-prontos.com\">\u2013<\/a><\/strong> Definir\u00a0\u00a0\u00a0 e\u00a0\u00a0\u00a0 contextualizar\u00a0\u00a0\u00a0 o\u00a0\u00a0\u00a0 que\u00a0\u00a0\u00a0 \u00e9\u00a0\u00a0\u00a0 um\u00a0\u00a0\u00a0 \u201cEfeito\u00a0\u00a0\u00a0 Baleia\u201d\u00a0\u00a0 no\u00a0\u00a0\u00a0 mercado\u00a0\u00a0\u00a0 de criptomoedas\/criptoativos, al\u00e9m de exemplificar fatos conhecidos que estejam relacionados.<\/p>\n<div class=\"elementor-toggle-item\">\n<h4 id=\"elementor-tab-title-1941\" class=\"elementor-tab-title elementor-active\" tabindex=\"0\" role=\"tab\" data-tab=\"1\" aria-controls=\"elementor-tab-content-1941\" aria-expanded=\"true\" aria-selected=\"true\">Como funciona?<\/h4>\n<div id=\"elementor-tab-content-1941\" class=\"elementor-tab-content elementor-clearfix elementor-active\" role=\"tabpanel\" data-tab=\"1\" aria-labelledby=\"elementor-tab-title-1941\">\n<p>Elaboramos os portf\u00f3lios, j\u00e1 deixamos prontos, nas normas da ABNT e conforme os requisitos da universidade. F\u00e1cil assim! O MELHOR \u00c9 QUE VOC\u00ca COMPRA E J\u00c1 BAIXA NA HORA O SEU ARQUIVO EM WORD! Sabemos que conciliar trabalho, fam\u00edlia, vida profissional e estudos \u00e9 dif\u00edcil hoje em dia, por isso, estamos aqui para ajudar voc\u00ea. Conte com nossa qualidade, experi\u00eancia e profissionalismo adquirindo seu portf\u00f3lio conosco. GARANTIMOS SEU CONCEITO!<\/p>\n<h4>Como se realizam os envios?<\/h4>\n<\/div>\n<\/div>\n<div class=\"elementor-toggle-item\">\n<div id=\"elementor-tab-content-1942\" class=\"elementor-tab-content elementor-clearfix elementor-active\" role=\"tabpanel\" data-tab=\"2\" aria-labelledby=\"elementor-tab-title-1942\">O seu trabalho \u00e9 disponibilizado pronto, respondido e nas normas j\u00e1 na mesma hora aqui em nosso site na sua \u00e1rea de downloads e tamb\u00e9m no seu e-mail.<\/div>\n<\/div>\n<div class=\"elementor-toggle-item\">\n<div id=\"elementor-tab-content-1943\" class=\"elementor-tab-content elementor-clearfix elementor-active\" role=\"tabpanel\" data-tab=\"3\" aria-labelledby=\"elementor-tab-title-1943\">\n<h4>Em quanto tempo recebo o portf\u00f3lio?<\/h4>\n<\/div>\n<\/div>\n<div class=\"elementor-toggle-item\">\n<div id=\"elementor-tab-content-1944\" class=\"elementor-tab-content elementor-clearfix elementor-active\" role=\"tabpanel\" data-tab=\"4\" aria-labelledby=\"elementor-tab-title-1944\">\n<p>Os envios s\u00e3o imediatos. Ap\u00f3s sua compra, o trabalho j\u00e1 \u00e9 disponibilizado instantaneamente aqui em nosso site e no seu e-mail.<\/p>\n<h4>E se o portf\u00f3lio que comprei precisar de corre\u00e7\u00e3o?<\/h4>\n<\/div>\n<\/div>\n<div class=\"elementor-toggle-item\">\n<div id=\"elementor-tab-content-1945\" class=\"elementor-tab-content elementor-clearfix elementor-active\" role=\"tabpanel\" data-tab=\"5\" aria-labelledby=\"elementor-tab-title-1945\">\n<p>Caso haja alguma solicita\u00e7\u00e3o de corre\u00e7\u00e3o\/altera\u00e7\u00e3o por parte do tutor, basta entrar em contato conosco pelo\u00a0WhatsApp\u00a0que provid\u00eanciaremos sem custo algum.<\/p>\n<h4>Qual o formato do arquivo?<\/h4>\n<\/div>\n<\/div>\n<div class=\"elementor-toggle-item\">\n<div id=\"elementor-tab-content-1946\" class=\"elementor-tab-content elementor-clearfix elementor-active\" role=\"tabpanel\" data-tab=\"6\" aria-labelledby=\"elementor-tab-title-1946\">\n<p>Os arquivos s\u00e3o enviados em formato Word e s\u00e3o edit\u00e1veis.<\/p>\n<h4>Caso eu tiver alguma d\u00favida, terei suporte no p\u00f3s venda?<\/h4>\n<\/div>\n<\/div>\n<div class=\"elementor-toggle-item\">\n<div id=\"elementor-tab-content-1948\" class=\"elementor-tab-content elementor-clearfix elementor-active\" role=\"tabpanel\" data-tab=\"8\" aria-labelledby=\"elementor-tab-title-1948\">\n<p>Sim, com certeza. Basta clicar no \u00edcone do WhatsApp no cantinho da tela. Ser\u00e1 um prazer atend\u00ea-lo(a).<\/p>\n<div class=\"elementor-toggle-item\">\n<div id=\"elementor-tab-content-1948\" class=\"elementor-tab-content elementor-clearfix elementor-active\" role=\"tabpanel\" data-tab=\"8\" aria-labelledby=\"elementor-tab-title-1948\">\n<h4>Quais os seus canais de contato?<\/h4>\n<\/div>\n<\/div>\n<div class=\"elementor-toggle-item\">\n<div id=\"elementor-tab-content-1949\" class=\"elementor-tab-content elementor-clearfix elementor-active\" role=\"tabpanel\" data-tab=\"9\" aria-labelledby=\"elementor-tab-title-1949\">\n<p>Whatsapp: 53 984751621 \u2013 Clicar no canto da tela ou ESCANEIE O QRCODE ABAIXO<\/p>\n<p><img decoding=\"async\" class=\"alignnone wp-image-7603\" src=\"http:\/\/portifolioos-prontos.com\/wp-content\/uploads\/2022\/09\/portfolio-unopar-pronto-colaborar-ava-producao-textual-interdisciplinar.png\" alt=\"\u00c9 bolha ou ressaca? Apesar de Bitcoin derreter em 2022,ainda h\u00e1 quem espere recupera\u00e7\u00e3o,\u00c9 bolha ou ressaca? Apesar de Bitcoin derreter em 2022 ainda h\u00e1 quem espere recupera\u00e7\u00e3o,portf\u00f3lio \u00c9 bolha ou ressaca? Apesar de Bitcoin derreter em 2022 ainda h\u00e1 quem espere recupera\u00e7\u00e3o,projeto integrado \u00c9 bolha ou ressaca? Apesar de Bitcoin derreter em 2022 ainda h\u00e1 quem espere recupera\u00e7\u00e3o,projeto integrado pronto \u00c9 bolha ou ressaca? Apesar de Bitcoin derreter em 2022 ainda h\u00e1 quem espere recupera\u00e7\u00e3o,projeto \u00c9 bolha ou ressaca? Apesar de Bitcoin derreter em 2022 ainda h\u00e1 quem espere recupera\u00e7\u00e3o,projeto ti \u00c9 bolha ou ressaca? Apesar de Bitcoin derreter em 2022 ainda h\u00e1 quem espere recupera\u00e7\u00e3o,portf\u00f3lio projeto integrado \u00c9 bolha ou ressaca? Apesar de Bitcoin derreter em 2022 ainda h\u00e1 quem espere recupera\u00e7\u00e3o,portfolio ead \u00c9 bolha ou ressaca? Apesar de Bitcoin derreter em 2022 ainda h\u00e1 quem espere recupera\u00e7\u00e3o,portf\u00f3lio ead \u00c9 bolha ou ressaca? Apesar de Bitcoin derreter em 2022 ainda h\u00e1 quem espere recupera\u00e7\u00e3o,projeto integrado unopar \u00c9 bolha ou ressaca? Apesar de Bitcoin derreter em 2022 ainda h\u00e1 quem espere recupera\u00e7\u00e3o,trabalho pronto \u00c9 bolha ou ressaca? Apesar de Bitcoin derreter em 2022 ainda h\u00e1 quem espere recupera\u00e7\u00e3o,mystudbay \u00c9 bolha ou ressaca? Apesar de Bitcoin derreter em 2022 ainda h\u00e1 quem espere recupera\u00e7\u00e3o,trabalho feito \u00c9 bolha ou ressaca? Apesar de Bitcoin derreter em 2022 ainda h\u00e1 quem espere recupera\u00e7\u00e3o,trabalhos feitos \u00c9 bolha ou ressaca? Apesar de Bitcoin derreter em 2022 ainda h\u00e1 quem espere recupera\u00e7\u00e3o,projeto pronto \u00c9 bolha ou ressaca? Apesar de Bitcoin derreter em 2022 ainda h\u00e1 quem espere recupera\u00e7\u00e3o,projeto integrado unopar,projeto integrado unopar ads,projeto integrado unopar reprova,projeto integrado 1 unopar,projeto integrado iii unopar,projeto integrado ii unopar,projeto integrado unopar fake news,Portfolio pronto,portifolio pronto,portf\u00f3lio pronto,portifolios prontos,portif\u00f3lios prontos,portf\u00f3lio pronto unopar,portifolio pronto unopar,portif\u00f3lio pronto unopar,portifolios prontos unopar,portifolios prontos anhanguera,portf\u00f3lios prontos anhanguera,portf\u00f3lio pronto anhanguera,portfolios ead,portf\u00f3lios ead,portfolioead,apostileiros,portf\u00f3lio ead,portifolios ead,portif\u00f3lios ead,eadhelp,shop do acad\u00eamico,unopar portfolio,portfolio pronto ead,portfolio unopar ead,ead portfolio ava,portf\u00f3lio ead anhanguera,portf\u00f3lio ead pront,o portf\u00f3lio ead unopar,portf\u00f3lio pronto em word,pti unopar,ptg unopar,modelo de portf\u00f3lio unopar,modelo de portf\u00f3lio anhanguera,como fazer um portf\u00f3lio para faculdade,como faz portf\u00f3lio universidade,como faz portf\u00f3lios para universidade,portf\u00f3lios prontos para universidade,portf\u00f3lios pronto para faculdade,portf\u00f3lio pronto para editar,portifolios prontos para editar,portf\u00f3lio em word,portfolio em word,portf\u00f3lio em word para editar,portifolio em word para editar,portfolio unopar pronto para editar,modelo de portfolio para unopar,modelo de portif\u00f3lio para unopar,modelo de portf\u00f3lio para unopar,unopar portf\u00f3lio pronto,anhanguera portf\u00f3lio pronto,portf\u00f3lio em word pronto,comprar portf\u00f3lio pronto,como fazer um portf\u00f3lio,como fazer portf\u00f3lio digital,portfolio,portf\u00f3lio,portifolio,portif\u00f3lio,portf\u00f3lio interdisciplinar individual,portfolio interdisciplinar individual,exemplos de portf\u00f3lio para faculdade,baixar portf\u00f3lio pronto,portf\u00f3lio acad\u00eamico,portf\u00f3lio online,portfoliooead,portfolio ead,portf\u00f3lio pronto interdisciplinar individual,relat\u00f3rio de est\u00e1gio unopar,relat\u00f3rio de est\u00e1gio pronto unopar,como criar um portf\u00f3lio,o que \u00e9 um portf\u00f3lio e como fazer,portfolio exemplo,modelo de portfolio acad\u00eamico,relat\u00f3rio de est\u00e1gio gest\u00e3o escolar pronto unopar,portf\u00f3lio como fazer,prova profici\u00eancia unopar,portfolio individual est\u00e1gio curricular obrigat\u00f3rio ii anos iniciais do ensino fundamental,prova de profici\u00eancia pedagogia unopar,capa de trabalho unopar para editar,portf\u00f3lio acad\u00eamico unopar,como fazer um portf\u00f3lio acad\u00eamico,portf\u00f3lio exemplos word,portfolio acad\u00eamico,portfolio individual,portfolio individual unopar,portfolio individual anhanguera,portfolio marketing digital,portf\u00f3lio educa\u00e7\u00e3o f\u00edsica unopar,portf\u00f3lio gest\u00e3o educacional e espa\u00e7os n\u00e3o escolares,como fazer um portifolio unopar,modelo de portf\u00f3lio unopar em arquivo word,capa de portf\u00f3lio de pedagogia,como fazer um portf\u00f3lio no word,exemplo de portf\u00f3lio academico pedagogia\" width=\"141\" height=\"141\" srcset=\"https:\/\/portifolioos-prontos.com\/wp-content\/uploads\/2022\/09\/portfolio-unopar-pronto-colaborar-ava-producao-textual-interdisciplinar.png 150w, https:\/\/portifolioos-prontos.com\/wp-content\/uploads\/2022\/09\/portfolio-unopar-pronto-colaborar-ava-producao-textual-interdisciplinar-100x100.png 100w\" sizes=\"(max-width: 141px) 100vw, 141px\" \/><\/p>\n<\/div>\n<\/div>\n<\/div>\n<\/div>\n<div class=\"elementor-toggle-item\">\n<div id=\"elementor-tab-content-1949\" class=\"elementor-tab-content elementor-clearfix elementor-active\" role=\"tabpanel\" data-tab=\"9\" aria-labelledby=\"elementor-tab-title-1949\">\n<p>E-mail:portifoliosp@gmail.com<\/p>\n<div id=\"attachment_143\" class=\"wp-caption alignnone\">\n<div id=\"attachment_143\" class=\"wp-caption alignnone\" style=\"width: 157px;\">\n<p><a href=\"http:\/\/portifolioos-prontos.com\/\"><img decoding=\"async\" class=\"wp-image-143\" title=\"portfolio pronto unopar\" src=\"http:\/\/portifolioos-prontos.com\/wp-content\/uploads\/2022\/04\/conceitomaximo.png\" alt=\"PORTFOLIO PRONTO UNOPAR ANHANGUERA\" width=\"157\" height=\"45\" aria-describedby=\"caption-attachment-143\" \/><\/a><\/p>\n<p id=\"caption-attachment-143\" class=\"wp-caption-text\">Portf\u00f3lio em Word, respondido, completo e j\u00e1 nas normas.<\/p>\n<\/div>\n<\/div>\n<\/div>\n<\/div>\n<\/div>\n","protected":false},"excerpt":{"rendered":"<p>Projeto Integrado \u2013 \u00c9 bolha ou ressaca? Apesar de Bitcoin derreter em 2022, ainda h\u00e1 quem espere recupera\u00e7\u00e3o Projeto Integrado \u2013 Cursos da \u00c1rea de TI Leitura proposta Para atingir os objetivos deste projeto integrado, voc\u00ea dever\u00e1 seguir as instru\u00e7\u00f5es voltadas \u00e0 elabora\u00e7\u00e3o do trabalho disponibilizadas ao longo do semestre, sob a orienta\u00e7\u00e3o do Tutor&hellip;<\/p>\n","protected":false},"featured_media":6269,"template":"","meta":{"_seopress_robots_primary_cat":"none","_seopress_titles_title":"%%post_title%% %%sitetitle%%","_seopress_titles_desc":"%%post_content%%","_seopress_robots_index":""},"product_cat":[72,58,15],"product_tag":[],"class_list":{"0":"post-6170","1":"product","2":"type-product","3":"status-publish","4":"has-post-thumbnail","6":"product_cat-blockchain-criptomoedas-e-financas-na-era-digital","7":"product_cat-cursos-de-t-i","8":"product_cat-uncategorized","10":"first","11":"instock","12":"downloadable","13":"virtual","14":"purchasable","15":"product-type-simple","16":"col-xs-6 col-sm-4","17":"col-mf-5","18":"un-5-cols"},"jetpack_sharing_enabled":true,"_links":{"self":[{"href":"https:\/\/portifolioos-prontos.com\/index.php\/wp-json\/wp\/v2\/product\/6170","targetHints":{"allow":["GET"]}}],"collection":[{"href":"https:\/\/portifolioos-prontos.com\/index.php\/wp-json\/wp\/v2\/product"}],"about":[{"href":"https:\/\/portifolioos-prontos.com\/index.php\/wp-json\/wp\/v2\/types\/product"}],"version-history":[{"count":0,"href":"https:\/\/portifolioos-prontos.com\/index.php\/wp-json\/wp\/v2\/product\/6170\/revisions"}],"wp:featuredmedia":[{"embeddable":true,"href":"https:\/\/portifolioos-prontos.com\/index.php\/wp-json\/wp\/v2\/media\/6269"}],"wp:attachment":[{"href":"https:\/\/portifolioos-prontos.com\/index.php\/wp-json\/wp\/v2\/media?parent=6170"}],"wp:term":[{"taxonomy":"product_cat","embeddable":true,"href":"https:\/\/portifolioos-prontos.com\/index.php\/wp-json\/wp\/v2\/product_cat?post=6170"},{"taxonomy":"product_tag","embeddable":true,"href":"https:\/\/portifolioos-prontos.com\/index.php\/wp-json\/wp\/v2\/product_tag?post=6170"}],"curies":[{"name":"wp","href":"https:\/\/api.w.org\/{rel}","templated":true}]}}