{"id":6180,"date":"2022-08-03T15:16:30","date_gmt":"2022-08-03T18:16:30","guid":{"rendered":"https:\/\/portifolioos-prontos.com\/?post_type=product&#038;p=6180"},"modified":"2025-09-29T19:10:40","modified_gmt":"2025-09-29T22:10:40","slug":"roteiro-aula-pratica-projeto-de-software","status":"publish","type":"product","link":"https:\/\/portifolioos-prontos.com\/index.php\/product\/roteiro-aula-pratica-projeto-de-software\/","title":{"rendered":"Roteiro Aula Pr\u00e1tica Projeto de Software"},"content":{"rendered":"<h4>Roteiro Aula Pr\u00e1tica Projeto de Software<\/h4>\n<p><strong>OBJETIVOS<\/strong><\/p>\n<p><strong>Defini\u00e7\u00e3o dos objetivos da aula pr\u00e1tica:<\/strong><\/p>\n<p>&#8211; Desenvolver pr\u00e1ticas de um projeto conforme os princ\u00edpios da metodologia \u00e1gil <a href=\"http:\/\/portifolioos-prontos.com\">Scrum<\/a>.<\/p>\n<p><strong>INFRAESTRUTURA<\/strong><\/p>\n<p><strong>Instala\u00e7\u00f5es:<\/strong><\/p>\n<p>Computador com internet. <strong>Materiais de consumo:<\/strong><\/p>\n<p><strong>Software:<\/strong><\/p>\n<p><strong>Sim ( X ) N\u00e3o ( )<\/strong><\/p>\n<p><strong>Em caso afirmativo, qual? IceScrum, Trello e Asana.<\/strong><\/p>\n<p><strong>Pago ( ) N\u00e3o Pago ( X )<\/strong><\/p>\n<p><strong>Tipo de Licen\u00e7a:<\/strong><strong> Gratuita<\/strong><\/p>\n<p><strong>Descri\u00e7\u00e3o do software:<\/strong><\/p>\n<p>As plataformas utilizadas s\u00e3o online, e auxiliam as equipes a organizar, acompanhar e gerenciar seu trabalho.<\/p>\n<p><strong>Equipamento de Prote\u00e7\u00e3o Individual (EPI):<\/strong><\/p>\n<p><strong>&#8211; <\/strong>NSA<\/p>\n<p><strong>PROCEDIMENTOS PR\u00c1TICOS<\/strong><\/p>\n<p>Desenvolvimento de etapas de um projeto \u00e1gil<\/p>\n<p><strong>Atividade proposta:<\/strong><\/p>\n<p>&#8211; Desenvolvimento de etapas de um projeto \u00e1gil<\/p>\n<p>&nbsp;<\/p>\n<p><strong>Problema Proposto:<\/strong><\/p>\n<ul>\n<li><strong>Primeira etapa:<\/strong><\/li>\n<\/ul>\n<p><strong>Nesta primeira etapa voc\u00ea \u00e9 o cliente, pense em um aplicativo que voc\u00ea deseja construir, levante as funcionalidades <\/strong><strong>e caracter\u00edstica que voc\u00ea almeja no seu aplicativo. Seja criativo e detalhista.<\/strong><\/p>\n<ul>\n<li><strong>Segunda etapa:<\/strong><\/li>\n<\/ul>\n<p><strong>Nesta etapa, voc\u00ea n\u00e3o \u00e9 mais o cliente e sim o <em>Product Owner <\/em>da empresa que vai elaborar o aplicativo proposto. <\/strong><strong>Suas responsabilidades s\u00e3o:<\/strong><\/p>\n<ol>\n<li><strong>Definir as funcionalidades do produto, ou seja, desenvolver o <em>product backlog;<\/em><\/strong><\/li>\n<li><strong>Priorizar as funcionalidades de acordo com o valor de neg\u00f3cio;<\/strong><\/li>\n<li><strong>Montar um quadro do Scrum (Kanban) com as divis\u00f5es de etapas, tarefas, data de entrega e respons\u00e1veis <\/strong><strong>por atividade. Para este item, imagine que o desenvolvimento do seu aplicativo est\u00e1 em um est\u00e1gio mais <\/strong><strong>avan\u00e7ado, por este motivo, deve haver tarefas em todas as etapas. Utilize uma das ferramentas propostas <\/strong><strong>para montar o seu quadro.<\/strong><\/li>\n<\/ol>\n<p><strong>Para a realiza\u00e7\u00e3o do problema proposto, voc\u00ea deve utilizar pelo menos uma das ferramentas listadas a seguir:<\/strong><\/p>\n<ul>\n<li><strong>IceScrum (<\/strong><a href=\"https:\/\/www.icescrum.com\"><strong>https:\/\/www.icescrum.com<\/strong><\/a><strong>);<\/strong><\/li>\n<li><strong>Trello (<\/strong><a href=\"https:\/\/www.trello.com\"><strong>https:\/\/www.trello.com<\/strong><\/a><strong>);<\/strong><\/li>\n<li><strong>Asana (<\/strong><a href=\"https:\/\/asana.com\/pt);\"><strong>https:\/\/asana.com\/pt);<\/strong><\/a><\/li>\n<\/ul>\n<p><strong>Checklist:<\/strong><\/p>\n<ul>\n<li><strong>Criar a ideia de um aplicativo;<\/strong><\/li>\n<li><strong>Desenvolver a solu\u00e7\u00e3o de acordo com os princ\u00edpios da metodologia \u00e1gil Scrum.<\/strong><\/li>\n<\/ul>\n<p><strong>RESULTADOS<\/strong><\/p>\n<p><strong>Resultados da aula pr\u00e1tica:<\/strong><\/p>\n<p><strong>Elaborar um relat\u00f3rio que dever\u00e1 conter introdu\u00e7\u00e3o, m\u00e9todos, resultados e conclus\u00e3o sobre o assunto desenvolvido <\/strong><strong>em aula pr\u00e1tica.<\/strong><\/p>\n<div class=\"elementor-toggle-item\">\n<div class=\"elementor-toggle-item\">\n<p id=\"elementor-tab-title-1941\" class=\"elementor-tab-title elementor-active\" tabindex=\"0\" role=\"tab\" data-tab=\"1\" aria-controls=\"elementor-tab-content-1941\" aria-expanded=\"true\" aria-selected=\"true\"><strong>Como funciona?<\/strong><\/p>\n<p>Elaboramos os portf\u00f3lios, j\u00e1 deixamos prontos, nas normas da ABNT e conforme os requisitos da universidade. F\u00e1cil assim! O MELHOR \u00c9 QUE VOC\u00ca COMPRA E J\u00c1 BAIXA NA HORA O SEU ARQUIVO EM WORD! Sabemos que conciliar trabalho, fam\u00edlia, vida profissional e estudos \u00e9 dif\u00edcil hoje em dia, por isso, estamos aqui para ajudar voc\u00ea. Conte com nossa qualidade, experi\u00eancia e profissionalismo adquirindo seu portf\u00f3lio conosco. GARANTIMOS SEU CONCEITO!<\/p>\n<p><strong>Como se realizam os envios?<\/strong><\/p>\n<\/div>\n<p id=\"elementor-tab-content-1942\" class=\"elementor-tab-content elementor-clearfix elementor-active\" role=\"tabpanel\" data-tab=\"2\" aria-labelledby=\"elementor-tab-title-1942\">O seu trabalho \u00e9 disponibilizado pronto, respondido e nas normas j\u00e1 na mesma hora aqui em nosso site na sua \u00e1rea de downloads e tamb\u00e9m no seu e-mail.<\/p>\n<p><strong>Em quanto tempo recebo o portf\u00f3lio?<\/strong><\/p>\n<p>Os envios s\u00e3o imediatos. Ap\u00f3s sua compra, o trabalho j\u00e1 \u00e9 disponibilizado instantaneamente aqui em nosso site e no seu e-mail.<\/p>\n<p><strong>E se o portf\u00f3lio que comprei precisar de corre\u00e7\u00e3o?<\/strong><\/p>\n<p>Caso haja alguma solicita\u00e7\u00e3o de corre\u00e7\u00e3o\/altera\u00e7\u00e3o por parte do tutor, basta entrar em contato conosco pelo\u00a0WhatsApp\u00a0que provid\u00eanciaremos sem custo algum.<\/p>\n<p><strong>Qual o formato do arquivo?<\/strong><\/p>\n<p>Os arquivos s\u00e3o enviados em formato Word e s\u00e3o edit\u00e1veis.<\/p>\n<p><strong>Caso eu tiver alguma d\u00favida, terei suporte no p\u00f3s venda?<\/strong><\/p>\n<p>Sim, com certeza. Basta clicar no \u00edcone do WhatsApp no cantinho da tela. Ser\u00e1 um prazer atend\u00ea-lo(a).<\/p>\n<div id=\"elementor-tab-content-1948\" class=\"elementor-tab-content elementor-clearfix elementor-active\" role=\"tabpanel\" data-tab=\"8\" aria-labelledby=\"elementor-tab-title-1948\">\n<p><strong>Quais os seus canais de contato?<\/strong><\/p>\n<\/div>\n<div id=\"elementor-tab-content-1949\" class=\"elementor-tab-content elementor-clearfix elementor-active\" role=\"tabpanel\" data-tab=\"9\" aria-labelledby=\"elementor-tab-title-1949\">\n<p>Whatsapp: 53 984751621 \u2013 Clicar no canto da tela ou ESCANEIE O QRCODE ABAIXO<\/p>\n<h4><img decoding=\"async\" class=\"alignnone wp-image-13699 jetpack-lazy-image jetpack-lazy-image--handled\" src=\"https:\/\/i0.wp.com\/portifolioos-prontos.com\/wp-content\/uploads\/2023\/02\/whatsapp-business-projeto-de-extensao-300x300.jpeg?resize=144%2C144\" sizes=\"(max-width: 144px) 100vw, 144px\" srcset=\"https:\/\/i0.wp.com\/portifolioos-prontos.com\/wp-content\/uploads\/2023\/02\/whatsapp-business-projeto-de-extensao.jpeg?resize=300%2C301&amp;ssl=1 300w, https:\/\/i0.wp.com\/portifolioos-prontos.com\/wp-content\/uploads\/2023\/02\/whatsapp-business-projeto-de-extensao.jpeg?resize=150%2C150&amp;ssl=1 150w, https:\/\/i0.wp.com\/portifolioos-prontos.com\/wp-content\/uploads\/2023\/02\/whatsapp-business-projeto-de-extensao.jpeg?resize=370%2C372&amp;ssl=1 370w, https:\/\/i0.wp.com\/portifolioos-prontos.com\/wp-content\/uploads\/2023\/02\/whatsapp-business-projeto-de-extensao.jpeg?resize=100%2C100&amp;ssl=1 100w, https:\/\/i0.wp.com\/portifolioos-prontos.com\/wp-content\/uploads\/2023\/02\/whatsapp-business-projeto-de-extensao.jpeg?w=470&amp;ssl=1 470w\" alt=\"projeto de extens\u00e3o unopar\" width=\"144\" height=\"144\" data-lazy-loaded=\"1\" \/><\/h4>\n<\/div>\n<div class=\"elementor-toggle-item\">\n<div id=\"elementor-tab-content-1949\" class=\"elementor-tab-content elementor-clearfix elementor-active\" role=\"tabpanel\" data-tab=\"9\" aria-labelledby=\"elementor-tab-title-1949\">\n<p>E-mail:portifoliosp@gmail.com<\/p>\n<div id=\"attachment_143\" class=\"wp-caption alignnone\">\n<div id=\"attachment_143\" class=\"wp-caption alignnone\">\n<p id=\"caption-attachment-143\" class=\"wp-caption-text\"><a href=\"http:\/\/portfolio-pronto.com\/\">Portf\u00f3lio<\/a>\u00a0em Word, respondido, completo e j\u00e1 nas normas<\/p>\n<\/div>\n<\/div>\n<\/div>\n<\/div>\n<\/div>\n","protected":false},"excerpt":{"rendered":"<div class=\"product-short-description\">\n<p><strong>Pague pelo PIX ou cart\u00e3o e fa\u00e7a o download agora mesmo.<\/strong><\/p>\n<\/div>\n<div class=\"sticky-add-to-cart-wrapper\">\n<div class=\"sticky-add-to-cart\">\n<p class=\"quantity buttons_added form-flat\"><img decoding=\"async\" class=\"lazyloaded smush-image-5 smush-image-3 smush-image-4 smush-detected-img smush-image-bigger-3\" src=\"https:\/\/d26lpennugtm8s.cloudfront.net\/assets\/common\/img\/logos\/payment\/visa@2x.png\" width=\"46\" height=\"29\" data-src=\"https:\/\/d26lpennugtm8s.cloudfront.net\/assets\/common\/img\/logos\/payment\/visa@2x.png\" \/><img decoding=\"async\" class=\"lazyloaded smush-image-6 smush-image-4 smush-image-5 smush-detected-img smush-image-bigger-4\" src=\"https:\/\/d26lpennugtm8s.cloudfront.net\/assets\/common\/img\/logos\/payment\/boleto@2x.png\" width=\"43\" height=\"27\" data-src=\"https:\/\/d26lpennugtm8s.cloudfront.net\/assets\/common\/img\/logos\/payment\/boleto@2x.png\" \/><img loading=\"lazy\" decoding=\"async\" class=\"lazyloaded smush-image-7 smush-image-5 smush-image-6 smush-detected-img smush-image-bigger-5\" src=\"https:\/\/d26lpennugtm8s.cloudfront.net\/assets\/common\/img\/logos\/payment\/mastercard@2x.png\" width=\"43\" height=\"27\" data-src=\"https:\/\/d26lpennugtm8s.cloudfront.net\/assets\/common\/img\/logos\/payment\/mastercard@2x.png\" \/><img loading=\"lazy\" decoding=\"async\" class=\"lazyloaded smush-image-8 smush-image-6 smush-image-7 smush-detected-img smush-image-bigger-6\" src=\"https:\/\/d26lpennugtm8s.cloudfront.net\/assets\/common\/img\/logos\/payment\/amex@2x.png\" width=\"43\" height=\"27\" data-src=\"https:\/\/d26lpennugtm8s.cloudfront.net\/assets\/common\/img\/logos\/payment\/amex@2x.png\" \/><img loading=\"lazy\" decoding=\"async\" class=\"lazyloaded smush-image-9 smush-image-7 smush-image-8 smush-detected-img smush-image-bigger-7\" src=\"https:\/\/d26lpennugtm8s.cloudfront.net\/assets\/common\/img\/logos\/payment\/diners@2x.png\" width=\"46\" height=\"29\" data-src=\"https:\/\/d26lpennugtm8s.cloudfront.net\/assets\/common\/img\/logos\/payment\/diners@2x.png\" \/><img loading=\"lazy\" decoding=\"async\" class=\"lazyloaded smush-image-10 smush-image-8 smush-image-9 alignnone smush-detected-img smush-image-bigger-8\" src=\"https:\/\/d26lpennugtm8s.cloudfront.net\/assets\/common\/img\/logos\/payment\/br\/elo@2x.png\" alt=\"portf\u00f3lio unopar anhanguera\" width=\"45\" height=\"28\" data-src=\"https:\/\/d26lpennugtm8s.cloudfront.net\/assets\/common\/img\/logos\/payment\/br\/elo@2x.png\" \/><img loading=\"lazy\" decoding=\"async\" class=\"lazyloaded smush-image-11 smush-image-9 smush-image-10 alignnone smush-detected-img smush-image-bigger-9\" src=\"https:\/\/d26lpennugtm8s.cloudfront.net\/assets\/common\/img\/logos\/payment\/br\/hipercard@2x.png\" alt=\"portf\u00f3lio unopar anhanguera\" width=\"44\" height=\"28\" data-src=\"https:\/\/d26lpennugtm8s.cloudfront.net\/assets\/common\/img\/logos\/payment\/br\/hipercard@2x.png\" \/><img loading=\"lazy\" decoding=\"async\" class=\"lazyloaded smush-image-12 smush-image-10 smush-image-11 alignnone smush-detected-img smush-image-bigger-10\" src=\"https:\/\/d26lpennugtm8s.cloudfront.net\/assets\/common\/img\/logos\/payment\/mercadopago@2x.png\" alt=\"portf\u00f3lio unopar anhanguera\" width=\"45\" height=\"28\" data-src=\"https:\/\/d26lpennugtm8s.cloudfront.net\/assets\/common\/img\/logos\/payment\/mercadopago@2x.png\" \/><img loading=\"lazy\" decoding=\"async\" class=\"alignnone lazyloaded smush-detected-img smush-image-bigger-11\" src=\"https:\/\/futurium.com.br\/wp-content\/uploads\/2021\/06\/logo-pix-icone-512.png\" alt=\"portfolio pronto\" width=\"30\" height=\"30\" data-src=\"https:\/\/futurium.com.br\/wp-content\/uploads\/2021\/06\/logo-pix-icone-512.png\" \/><\/p>\n<\/div>\n<\/div>\n","protected":false},"featured_media":6183,"template":"","meta":{"_seopress_robots_primary_cat":"none","_seopress_titles_title":"%%post_title%% %%sitetitle%%","_seopress_titles_desc":"%%post_content%%","_seopress_robots_index":""},"product_cat":[109,280,140,145,149,325,144,150,276],"product_tag":[],"class_list":{"0":"post-6180","1":"product","2":"type-product","3":"status-publish","4":"has-post-thumbnail","6":"product_cat-analise-e-desenvolvimento-de-sistemas","7":"product_cat-arquitetura-de-dados","8":"product_cat-ciencia-da-computacao","9":"product_cat-desenvolvimento-back-end","10":"product_cat-desenvolvimento-web","11":"product_cat-engenharia-da-computacao","12":"product_cat-engenharia-de-software","13":"product_cat-sistemas-de-informacao","14":"product_cat-tecnologia-da-informacao","16":"first","17":"instock","18":"downloadable","19":"virtual","20":"purchasable","21":"product-type-simple","22":"col-xs-6 col-sm-4","23":"col-mf-5","24":"un-5-cols"},"jetpack_sharing_enabled":true,"_links":{"self":[{"href":"https:\/\/portifolioos-prontos.com\/index.php\/wp-json\/wp\/v2\/product\/6180","targetHints":{"allow":["GET"]}}],"collection":[{"href":"https:\/\/portifolioos-prontos.com\/index.php\/wp-json\/wp\/v2\/product"}],"about":[{"href":"https:\/\/portifolioos-prontos.com\/index.php\/wp-json\/wp\/v2\/types\/product"}],"version-history":[{"count":1,"href":"https:\/\/portifolioos-prontos.com\/index.php\/wp-json\/wp\/v2\/product\/6180\/revisions"}],"predecessor-version":[{"id":45491,"href":"https:\/\/portifolioos-prontos.com\/index.php\/wp-json\/wp\/v2\/product\/6180\/revisions\/45491"}],"wp:featuredmedia":[{"embeddable":true,"href":"https:\/\/portifolioos-prontos.com\/index.php\/wp-json\/wp\/v2\/media\/6183"}],"wp:attachment":[{"href":"https:\/\/portifolioos-prontos.com\/index.php\/wp-json\/wp\/v2\/media?parent=6180"}],"wp:term":[{"taxonomy":"product_cat","embeddable":true,"href":"https:\/\/portifolioos-prontos.com\/index.php\/wp-json\/wp\/v2\/product_cat?post=6180"},{"taxonomy":"product_tag","embeddable":true,"href":"https:\/\/portifolioos-prontos.com\/index.php\/wp-json\/wp\/v2\/product_tag?post=6180"}],"curies":[{"name":"wp","href":"https:\/\/api.w.org\/{rel}","templated":true}]}}