{"id":6196,"date":"2022-08-03T20:48:45","date_gmt":"2022-08-03T23:48:45","guid":{"rendered":"https:\/\/portifolioos-prontos.com\/?post_type=product&#038;p=6196"},"modified":"2022-09-14T15:28:57","modified_gmt":"2022-09-14T18:28:57","slug":"portfolio-direito-a-alimentacao-reflexao-sobre-a-protecao-social-e-o-papel-do-estado","status":"publish","type":"product","link":"https:\/\/portifolioos-prontos.com\/index.php\/product\/portfolio-direito-a-alimentacao-reflexao-sobre-a-protecao-social-e-o-papel-do-estado\/","title":{"rendered":"Portf\u00f3lio Direito \u00e0 alimenta\u00e7\u00e3o. Reflex\u00e3o sobre a prote\u00e7\u00e3o social e o papel do Estado"},"content":{"rendered":"<h4>Portf\u00f3lio Direito \u00e0 alimenta\u00e7\u00e3o. Reflex\u00e3o sobre a prote\u00e7\u00e3o social e o papel do Estado<\/h4>\n<h4>Servi\u00e7o Social: 3\u00ba E 4\u00ba semestre<\/h4>\n<p>A proposta de Produ\u00e7\u00e3o Textual em Grupo (PTG) ter\u00e1 como tem\u00e1tica: <strong><a href=\"http:\/\/portifolioos-prontos.com\">\u201c<\/a>Direito \u00e0 alimenta\u00e7\u00e3o. Reflex\u00e3o sobre a prote\u00e7\u00e3o social e o papel do Estado\u201d.<\/strong><\/p>\n<p>Caro discente, \u00e0 partir do tema proposto, o desafio \u00e9 refletir sobre a tem\u00e1tica no Brasil, refletindo a luz dos conte\u00fados despertados e aprofundados nas disciplinas sobre o direito \u00e0 alimenta\u00e7\u00e3o, atualmente inscrito junto aos direitos fundamentais em nosso pacto de Estado \u2013 Constitui\u00e7\u00e3o Federal de 1988 (Seguran\u00e7a Alimentar) \u2013 mas violado continuamente na hist\u00f3ria do Estado brasileiro, submetendo a popula\u00e7\u00e3o a pen\u00faria, humilha\u00e7\u00e3o e viol\u00eancia que gira em torno da exist\u00eancia material humana.<\/p>\n<p><strong>SITUA\u00c7\u00c3O GERADORA DE APRENDIZAGEM (SGA)\u00a0<\/strong><\/p>\n<p><strong>Leia e interprete a Situa\u00e7\u00e3o Geradora de Aprendizagem (SGA)<\/strong><\/p>\n<p>Caro discente. Vivemos tempos excepcionais. A conviv\u00eancia em sociedade nos revela os potenciais e desafios humanos hodiernos que mesmo se manifestando nestes com grande express\u00e3o n\u00e3o s\u00e3o necessariamente novos.<\/p>\n<p>Conforme estamos veiculando no curso deste o in\u00edcio de suas forma\u00e7\u00f5es, o est\u00e1gio de desenvolvimento das for\u00e7as produtivas atingem um crescimento fant\u00e1stico, com uso de tecnologias jamais pensadas \u2013 em termo de senso comum \u2013 o que possibilita as diferentes sociedades submeter os desafios impostos pela natureza aos desejos e necessidades humanas.<\/p>\n<p>Tamb\u00e9m n\u00e3o \u00e9 necessariamente novo \u00e0 voc\u00eas que mesmo neste est\u00e1gio de desenvolvimento as contradi\u00e7\u00f5es se revelam cada vez mais agudas atingindo as diferentes dimens\u00f5es da vida, de acesso ao universo cultural produzido historicamente, acesso aos mais diferentes espa\u00e7os territoriais e suas incont\u00e1veis belezas e riquezas, bem como aquelas mais elementares que nos possibilitam a exist\u00eancia material, como a alimenta\u00e7\u00e3o.<\/p>\n<p>Buscando na concep\u00e7\u00e3o da natureza e do objeto do Servi\u00e7o Social \u2013 hoje compreendido seu objeto como a Quest\u00e3o Social \u2013 oferecer elementos para a forma\u00e7\u00e3o dos discentes, para que junto com as demais especializa\u00e7\u00f5es do trabalho que se inserem neste objeto, oferecer aqueles que vivem do trabalho recursos de prote\u00e7\u00e3o social e uma sociabilidade que satisfa\u00e7a em maiores patamares as necessidades dos coletivos a que pertencem \u2013 classes sociais.<\/p>\n<p>Assim, ap\u00f3s a leitura (obrigat\u00f3ria do texto) o desafio \u00e9 refletir sobre o \u201c<strong>Direito \u00e0 alimenta\u00e7\u00e3o. Reflex\u00e3o sobre a prote\u00e7\u00e3o social e o papel do Estado \u201d.<\/strong><\/p>\n<p><strong>\u00a0<\/strong><\/p>\n<p><strong>Reflita sobre a seguinte situa\u00e7\u00e3o-problema:<\/strong><\/p>\n<p>Considere a seguinte SP. A legisla\u00e7\u00e3o social brasileira se inscreve entre uma das mais avan\u00e7adas do mundo, mesmo assim, \u00e9 explicito em nosso cotidiano as diferen\u00e7as para acessar elementos b\u00e1sicas a condi\u00e7\u00e3o de exist\u00eancia, tais como o abrigo\/habita\u00e7\u00e3o, \u00e1gua adequada ao consumo e alimenta\u00e7\u00e3o em qualidade e quantidade suficientes.<\/p>\n<p>Neste sentido \u00e9 que materializamos aqui uma situa\u00e7\u00e3o hipot\u00e9tica que, embora hipot\u00e9tica se materializa nos mais diferentes espa\u00e7os de conviv\u00eancia no pa\u00eds, trazendo desafios ao universo do Servi\u00e7o Social enquanto elemento mediador entre o aparelho do Estado e a sua sociedade.<\/p>\n<p>O Sr. Joaquim, ap\u00f3s ser diagnosticado com uma doen\u00e7a que o impossibilita para a sua fun\u00e7\u00e3o de operador de m\u00e1quinas \u2013 fun\u00e7\u00e3o esta que realizou por mais de 15 anos de sua vida \u2013 requereu o direito a aux\u00edlio doen\u00e7a e\/ou aposentadoria por invalidez para o trabalho e descobriu que o empregador n\u00e3o recolheu suas contribui\u00e7\u00f5es previdenci\u00e1rias junto ao Instituto Nacional de Previd\u00eancia Social.<\/p>\n<p>Tal situa\u00e7\u00e3o gerou o indeferimento do pedido uma vez que este senhor n\u00e3o figura no rol dos segurados deste Instituto \u2013 o que em tese de imediato, o priva da inser\u00e7\u00e3o da prote\u00e7\u00e3o previdenci\u00e1ria brasileira naquele momento. Mesmo sabendo que esta situa\u00e7\u00e3o \u00e9 um conflito jur\u00eddico de obriga\u00e7\u00f5es n\u00e3o cumpridas em partes por representantes da empresa em que foi explorado por 15 anos de sua vida, e j\u00e1 movendo uma causa jur\u00eddica junto ao Minist\u00e9rio do Trabalho para o reconhecimento de suas fun\u00e7\u00f5es e contribui\u00e7\u00f5es, o senhor Joaquim necessita existir.<\/p>\n<p>Pois bem. O Sr Joaquim requereu junto a uma das unidades de prote\u00e7\u00e3o social de seu munic\u00edpio aux\u00edlio para poder acessar alimenta\u00e7\u00e3o, visto que: sua situa\u00e7\u00e3o de sa\u00fade o impede de trabalhar (n\u00e3o somente em sua especializa\u00e7\u00e3o da divis\u00e3o do trabalho), o mesmo tem 62 anos de idade, n\u00e3o possui resid\u00eancia pr\u00f3pria, est\u00e1 ocupando uma parcela de \u00e1rea de preserva\u00e7\u00e3o permanente (fundo de vale) sem acesso a energia el\u00e9trica e consumindo \u00e1gua de uma mina (a qualidade da \u00e1gua n\u00e3o foi atestada, visto que esta mina passa entre diferentes barracos cujo o destino de esgoto \u00e9 por meio de fossas), n\u00e3o possui uma companheira fixa, seus filhos romperam v\u00ednculo face a um processo de viol\u00eancia domiciliar que cometeu contra a antiga companheira quando ainda estava trabalhando.<\/p>\n<p>Assim, refletindo sobre o texto indicado, sobre a situa\u00e7\u00e3o problema, o desafio \u00e9 que voc\u00ea estabele\u00e7a conex\u00f5es entre a prote\u00e7\u00e3o social coletiva e a sua manifesta\u00e7\u00e3o individual. O concreto se apresenta aqui na express\u00e3o hipot\u00e9tica do Sr Joaquim, mas reproduzido em diferentes tonalidades singulares nas mais diferentes regi\u00f5es. Em seguida construa o texto, cujo o foco principal \u00e9 o acesso a alimenta\u00e7\u00e3o adequada.<\/p>\n<p>Esta aproxima\u00e7\u00e3o do cotidiano concreto que hipoteticamente foi exposta aqui deve servir de exemplo para a constru\u00e7\u00e3o textual.<\/p>\n<p>Se necess\u00e1rio para a produ\u00e7\u00e3o textual, utilize outras refer\u00eancias e articule o conte\u00fado da Situa\u00e7\u00e3o Problema com as disciplinas cursadas no semestre dissertando\u00a0<strong>no m\u00ednimo 5 (cinco) e no m\u00e1ximo 8 (oito) p\u00e1ginas<\/strong>, apresentando:\u00a0<strong>Introdu\u00e7\u00e3o<\/strong>,\u00a0<strong>Desenvolvimento, Conclus\u00e3o e Refer\u00eancias,\u00a0<\/strong>sem contar as a Introdu\u00e7\u00e3o, a conclus\u00e3o e as Refer\u00eancias.<\/p>\n<p>&nbsp;<\/p>\n<p><strong>ORIENTA\u00c7\u00d5ES PARA A EXECU\u00c7\u00c3O DO TRABALHO\u00a0\u00a0\u00a0\u00a0\u00a0\u00a0\u00a0\u00a0\u00a0\u00a0\u00a0\u00a0\u00a0\u00a0\u00a0\u00a0<\/strong><\/p>\n<p>Para lhes auxiliar na elabora\u00e7\u00e3o da interven\u00e7\u00e3o did\u00e1tica, voc\u00eas devem realizar as seguintes etapas:<\/p>\n<p>Leitura dos seguintes materiais: (Indiquem aqui refer\u00eancias bibliogr\u00e1ficas de suas disciplinas afetas a tem\u00e1tica)<\/p>\n<p><strong>Ap\u00f3s o processo de reflex\u00e3o, deem in\u00edcio \u00e0 elabora\u00e7\u00e3o da produ\u00e7\u00e3o textual, organizando-a com base nos seguintes crit\u00e9rios<\/strong>:<\/p>\n<p><strong>Passo 1:\u00a0<\/strong>Com base nas leituras indicadas e nos materiais das disciplinas semestrais desenvolvam uma produ\u00e7\u00e3o de no\u00a0<u>m\u00ednimo 5 laudas e no m\u00e1ximo 8 (sem contar introdu\u00e7\u00e3o, conclus\u00e3o e refer\u00eancias<\/u>\u00a0<u>bibliogr\u00e1ficas).<\/u><\/p>\n<p><strong>Passo 2:\u00a0<\/strong>A produ\u00e7\u00e3o textual dever\u00e1 conter:\u00a0<u>introdu\u00e7\u00e3o, desenvolvimento, conclus\u00e3o e refer\u00eancias<\/u>, em itens separados, conforme as normas da ABNT.<\/p>\n<p><strong>Passo 3:\u00a0<\/strong>Contemplem as quest\u00f5es abaixo e relacionem com os materiais indicados. Essas quest\u00f5es devem ser usadas para nortear a produ\u00e7\u00e3o do texto<strong>: (Indique aqui reflex\u00f5es de acordo com o conte\u00fado das disciplinas dos docentes, afetas ao tema)<\/strong><\/p>\n<ul>\n<li>Neste semestre a disciplina de Fundamentos Hist\u00f3ricos, Te\u00f3ricos e Metodol\u00f3gicos do Servi\u00e7o ir\u00e1 destacar a eros\u00e3o do dito \u201cServi\u00e7o Social Tradicional\u201d bem como os desdobramentos da profiss\u00e3o para adequa\u00e7\u00e3o dos desafios impostos entre a d\u00e9cada de 1950 a 1980 no Brasil. Com isso, para al\u00e9m do registro hist\u00f3rico evolutivo da profiss\u00e3o, com rela\u00e7\u00e3o a confec\u00e7\u00e3o do trabalho, desejo que voc\u00eas reflitam sobre o papel do Estado e do Servi\u00e7o Social no conjunto a prote\u00e7\u00e3o social . Quanto mais temos as nossas necessidades f\u00edsicas satisfeitas, mais temos condi\u00e7\u00f5es de refletir sobre nossa sociabilidade e trabalhar no sentido de uma melhor sociedade. Assim, com rela\u00e7\u00e3o ao processo evolutivo do Servi\u00e7o Social, como nos articulamos historicamente com a prote\u00e7\u00e3o social? Como o Estado brasileiro lidou com os movimentos sociais (a exemplo do Movimento Contra a Carestia)? Qual era o cen\u00e1rio do Brasil com rela\u00e7\u00e3o ao acesso a alimenta\u00e7\u00e3o na d\u00e9cada de 1970 e como o Estado brasileiro mediou esta situa\u00e7\u00e3o?<\/li>\n<li>Sociologia Cr\u00edtica.<\/li>\n<\/ul>\n<p>Diferentes teorias cl\u00e1ssicas e contempor\u00e2neas refletem sobre a organiza\u00e7\u00e3o societ\u00e1ria. A partir dos estudos realizados na \u201cSociologia Cr\u00edtica\u201d, descreva suas potencialidades e debilidades para a compreens\u00e3o da sociabilidade e como elas ajudam a refletir sobre o fen\u00f4meno da fome e da mis\u00e9ria, particularmente na situa\u00e7\u00e3o do Brasil e do Estado social.<\/p>\n<ul>\n<li>Ci\u00eancia Pol\u00edtica.<\/li>\n<\/ul>\n<p>O contexto atual, de crises econ\u00f4mica e sanit\u00e1ria potencializadas pelas pol\u00edticas neoliberais, suprimem cada vez mais as condi\u00e7\u00f5es dignas de vida dos(as) trabalhadores(as) e ataca sistematicamente os direitos sociais. Ao atacar os direitos sociais, ataca diretamente a constitui\u00e7\u00e3o da Democracia e da Rep\u00fablica brasileira, pois rompe com os princ\u00edpios que asseguram a dignidade e igualdade de direitos entre os cidad\u00e3os. Considerando esse breve apontamento acerca do sucateamento sistem\u00e1tico aos direitos sociais, a disciplina de Ci\u00eancia Pol\u00edtica pode contribuir com a an\u00e1lise a partir do debate sobre a necessidade de manter as institui\u00e7\u00f5es democr\u00e1ticas e republicanas, que podem ser um \u201csopro\u201d de esperan\u00e7a neste cen\u00e1rio de precariza\u00e7\u00e3o da vida social. Feito esta reflex\u00e3o inicial, explique sobre a import\u00e2ncia de um Estado Democr\u00e1tico de Direto para a manuten\u00e7\u00e3o dos direitos sociais.<\/p>\n<ul>\n<li>Antropologia:<\/li>\n<\/ul>\n<p>Na disciplina de Antropologia discutimos aspectos relevantes que podem te ajudar a construir o pano de fundo hist\u00f3rico e social onde se d\u00e1 o processo de aprofundamento das desigualdades e concentra\u00e7\u00e3o de renda, levando grande parcela da sociedade a uma alta vulnerabilidade, como a extrema pobreza. Voc\u00ea pode aproveitar os conte\u00fados da disciplina para contextualizar a import\u00e2ncia do Estado e suas pol\u00edticas frente a um mundo do trabalho que se apoia na explora\u00e7\u00e3o da m\u00e3o de obra em detrimento do lucro do capital. Voc\u00ea pode demonstrar como as crises no mundo do trabalho afeta de forma diversa as diferentes classes sociais.<\/p>\n<div class=\"elementor-toggle-item\">\n<h4 id=\"elementor-tab-title-1941\" class=\"elementor-tab-title elementor-active\" tabindex=\"0\" role=\"tab\" data-tab=\"1\" aria-controls=\"elementor-tab-content-1941\" aria-expanded=\"true\" aria-selected=\"true\">Como funciona?<\/h4>\n<div id=\"elementor-tab-content-1941\" class=\"elementor-tab-content elementor-clearfix elementor-active\" role=\"tabpanel\" data-tab=\"1\" aria-labelledby=\"elementor-tab-title-1941\">\n<p>Elaboramos os portf\u00f3lios, j\u00e1 deixamos prontos, nas normas da ABNT e conforme os requisitos da universidade. F\u00e1cil assim! O MELHOR \u00c9 QUE VOC\u00ca COMPRA E J\u00c1 BAIXA NA HORA O SEU ARQUIVO EM WORD! Sabemos que conciliar trabalho, fam\u00edlia, vida profissional e estudos \u00e9 dif\u00edcil hoje em dia, por isso, estamos aqui para ajudar voc\u00ea. Conte com nossa qualidade, experi\u00eancia e profissionalismo adquirindo seu portf\u00f3lio conosco. GARANTIMOS SEU CONCEITO!<\/p>\n<h4>Como se realizam os envios?<\/h4>\n<\/div>\n<\/div>\n<div class=\"elementor-toggle-item\">\n<div id=\"elementor-tab-content-1942\" class=\"elementor-tab-content elementor-clearfix elementor-active\" role=\"tabpanel\" data-tab=\"2\" aria-labelledby=\"elementor-tab-title-1942\">O seu trabalho \u00e9 disponibilizado pronto, respondido e nas normas j\u00e1 na mesma hora aqui em nosso site na sua \u00e1rea de downloads e tamb\u00e9m no seu e-mail.<\/div>\n<\/div>\n<div class=\"elementor-toggle-item\">\n<div id=\"elementor-tab-content-1943\" class=\"elementor-tab-content elementor-clearfix elementor-active\" role=\"tabpanel\" data-tab=\"3\" aria-labelledby=\"elementor-tab-title-1943\">\n<h4>Em quanto tempo recebo o portf\u00f3lio?<\/h4>\n<\/div>\n<\/div>\n<div class=\"elementor-toggle-item\">\n<div id=\"elementor-tab-content-1944\" class=\"elementor-tab-content elementor-clearfix elementor-active\" role=\"tabpanel\" data-tab=\"4\" aria-labelledby=\"elementor-tab-title-1944\">\n<p>Os envios s\u00e3o imediatos. Ap\u00f3s sua compra, o trabalho j\u00e1 \u00e9 disponibilizado instantaneamente aqui em nosso site e no seu e-mail.<\/p>\n<h4>E se o portf\u00f3lio que comprei precisar de corre\u00e7\u00e3o?<\/h4>\n<\/div>\n<\/div>\n<div class=\"elementor-toggle-item\">\n<div id=\"elementor-tab-content-1945\" class=\"elementor-tab-content elementor-clearfix elementor-active\" role=\"tabpanel\" data-tab=\"5\" aria-labelledby=\"elementor-tab-title-1945\">\n<p>Caso haja alguma solicita\u00e7\u00e3o de corre\u00e7\u00e3o\/altera\u00e7\u00e3o por parte do tutor, basta entrar em contato conosco pelo\u00a0WhatsApp\u00a0que provid\u00eanciaremos sem custo algum.<\/p>\n<h4>Qual o formato do arquivo?<\/h4>\n<\/div>\n<\/div>\n<div class=\"elementor-toggle-item\">\n<div id=\"elementor-tab-content-1946\" class=\"elementor-tab-content elementor-clearfix elementor-active\" role=\"tabpanel\" data-tab=\"6\" aria-labelledby=\"elementor-tab-title-1946\">\n<p>Os arquivos s\u00e3o enviados em formato Word e s\u00e3o edit\u00e1veis.<\/p>\n<h4>Caso eu tiver alguma d\u00favida, terei suporte no p\u00f3s venda?<\/h4>\n<\/div>\n<\/div>\n<div class=\"elementor-toggle-item\">\n<div id=\"elementor-tab-content-1948\" class=\"elementor-tab-content elementor-clearfix elementor-active\" role=\"tabpanel\" data-tab=\"8\" aria-labelledby=\"elementor-tab-title-1948\">\n<p>Sim, com certeza. Basta clicar no \u00edcone do WhatsApp no cantinho da tela. Ser\u00e1 um prazer atend\u00ea-lo(a).<\/p>\n<div class=\"elementor-toggle-item\">\n<div id=\"elementor-tab-content-1948\" class=\"elementor-tab-content elementor-clearfix elementor-active\" role=\"tabpanel\" data-tab=\"8\" aria-labelledby=\"elementor-tab-title-1948\">\n<h4>Quais os seus canais de contato?<\/h4>\n<\/div>\n<\/div>\n<div class=\"elementor-toggle-item\">\n<div id=\"elementor-tab-content-1949\" class=\"elementor-tab-content elementor-clearfix elementor-active\" role=\"tabpanel\" data-tab=\"9\" aria-labelledby=\"elementor-tab-title-1949\">\n<p>Whatsapp: 53 984751621 \u2013 Clicar no canto da tela ou ESCANEIE O QRCODE ABAIXO<\/p>\n<p><img decoding=\"async\" class=\"alignnone wp-image-7603\" src=\"http:\/\/portifolioos-prontos.com\/wp-content\/uploads\/2022\/09\/portfolio-unopar-pronto-colaborar-ava-producao-textual-interdisciplinar.png\" alt=\"Direito \u00e0 alimenta\u00e7\u00e3o. Reflex\u00e3o sobre a prote\u00e7\u00e3o social e o papel do Estado,portf\u00f3lio Direito \u00e0 alimenta\u00e7\u00e3o. Reflex\u00e3o sobre a prote\u00e7\u00e3o social e o papel do Estado,portf\u00f3lio pronto Direito \u00e0 alimenta\u00e7\u00e3o. Reflex\u00e3o sobre a prote\u00e7\u00e3o social e o papel do Estado,portf\u00f3lio unopar Direito \u00e0 alimenta\u00e7\u00e3o. Reflex\u00e3o sobre a prote\u00e7\u00e3o social e o papel do Estado,portf\u00f3lio anhanguera Direito \u00e0 alimenta\u00e7\u00e3o. Reflex\u00e3o sobre a prote\u00e7\u00e3o social e o papel do Estado,portf\u00f3lio servi\u00e7o social Direito \u00e0 alimenta\u00e7\u00e3o. Reflex\u00e3o sobre a prote\u00e7\u00e3o social e o papel do Estado,portf\u00f3lio pronto unopar Direito \u00e0 alimenta\u00e7\u00e3o. Reflex\u00e3o sobre a prote\u00e7\u00e3o social e o papel do Estado,portf\u00f3lio ead Direito \u00e0 alimenta\u00e7\u00e3o. Reflex\u00e3o sobre a prote\u00e7\u00e3o social e o papel do Estado,portf\u00f3lioo ead Direito \u00e0 alimenta\u00e7\u00e3o. Reflex\u00e3o sobre a prote\u00e7\u00e3o social e o papel do Estado,apostileiros Direito \u00e0 alimenta\u00e7\u00e3o. Reflex\u00e3o sobre a prote\u00e7\u00e3o social e o papel do Estado,ead help Direito \u00e0 alimenta\u00e7\u00e3o. Reflex\u00e3o sobre a prote\u00e7\u00e3o social e o papel do Estado,colaborar ava Direito \u00e0 alimenta\u00e7\u00e3o. Reflex\u00e3o sobre a prote\u00e7\u00e3o social e o papel do Estado,pti Direito \u00e0 alimenta\u00e7\u00e3o. Reflex\u00e3o sobre a prote\u00e7\u00e3o social e o papel do Estado,ptg Direito \u00e0 alimenta\u00e7\u00e3o. Reflex\u00e3o sobre a prote\u00e7\u00e3o social e o papel do Estado,portf\u00f3lio servi\u00e7o social,portf\u00f3lio servi\u00e7o social pronto,portf\u00f3lio servi\u00e7o social unopar,portf\u00f3lio servi\u00e7o social 1 semestre,portf\u00f3lio servi\u00e7o social unopar 3 semestre,portfolio servi\u00e7o social,portf\u00f3lio servi\u00e7o social uninter,portfolio servi\u00e7o social unopar 1 semestre,portfolio assistente social,portfolio servi\u00e7o social unopar 4 semestre,portf\u00f3lio acad\u00eamico servi\u00e7o social,Portfolio pronto,portifolio pronto,portf\u00f3lio pronto,portifolios prontos,portif\u00f3lios prontos,portf\u00f3lio pronto unopar,portifolio pronto unopar,portif\u00f3lio pronto unopar,portifolios prontos unopar,portifolios prontos anhanguera,portf\u00f3lios prontos anhanguera,portf\u00f3lio pronto anhanguera,portfolios ead,portf\u00f3lios ead,portfolioead,apostileiros,portf\u00f3lio ead,portifolios ead,portif\u00f3lios ead,eadhelp,shop do acad\u00eamico,unopar portfolio,portfolio pronto ead,portfolio unopar ead,ead portfolio ava,portf\u00f3lio ead anhanguera,portf\u00f3lio ead pront,o portf\u00f3lio ead unopar,portf\u00f3lio pronto em word,pti unopar,ptg unopar,modelo de portf\u00f3lio unopar,modelo de portf\u00f3lio anhanguera,como fazer um portf\u00f3lio para faculdade,como faz portf\u00f3lio universidade,como faz portf\u00f3lios para universidade,portf\u00f3lios prontos para universidade,portf\u00f3lios pronto para faculdade,portf\u00f3lio pronto para editar,portifolios prontos para editar,portf\u00f3lio em word,portfolio em word,portf\u00f3lio em word para editar,portifolio em word para editar,portfolio unopar pronto para editar,modelo de portfolio para unopar,modelo de portif\u00f3lio para unopar,modelo de portf\u00f3lio para unopar,unopar portf\u00f3lio pronto,anhanguera portf\u00f3lio pronto,portf\u00f3lio em word pronto,comprar portf\u00f3lio pronto,como fazer um portf\u00f3lio,como fazer portf\u00f3lio digital,portfolio,portf\u00f3lio,portifolio,portif\u00f3lio,portf\u00f3lio interdisciplinar individual,portfolio interdisciplinar individual,exemplos de portf\u00f3lio para faculdade,baixar portf\u00f3lio pronto,portf\u00f3lio acad\u00eamico,portf\u00f3lio online,portfoliooead,portfolio ead,portf\u00f3lio pronto interdisciplinar individual,relat\u00f3rio de est\u00e1gio unopar,relat\u00f3rio de est\u00e1gio pronto unopar,como criar um portf\u00f3lio,o que \u00e9 um portf\u00f3lio e como fazer,portfolio exemplo,modelo de portfolio acad\u00eamico,relat\u00f3rio de est\u00e1gio gest\u00e3o escolar pronto unopar,portf\u00f3lio como fazer,prova profici\u00eancia unopar,portfolio individual est\u00e1gio curricular obrigat\u00f3rio ii anos iniciais do ensino fundamental,prova de profici\u00eancia pedagogia unopar,capa de trabalho unopar para editar,portf\u00f3lio acad\u00eamico unopar,como fazer um portf\u00f3lio acad\u00eamico,portf\u00f3lio exemplos word,portfolio acad\u00eamico,portfolio individual,portfolio individual unopar,portfolio individual anhanguera,portfolio marketing digital,portf\u00f3lio educa\u00e7\u00e3o f\u00edsica unopar,portf\u00f3lio gest\u00e3o educacional e espa\u00e7os n\u00e3o escolares,como fazer um portifolio unopar,modelo de portf\u00f3lio unopar em arquivo word,capa de portf\u00f3lio de pedagogia,como fazer um portf\u00f3lio no word,projeto integrado unopar,exemplo de portf\u00f3lio academico pedagogia\" width=\"141\" height=\"141\" srcset=\"https:\/\/portifolioos-prontos.com\/wp-content\/uploads\/2022\/09\/portfolio-unopar-pronto-colaborar-ava-producao-textual-interdisciplinar.png 150w, https:\/\/portifolioos-prontos.com\/wp-content\/uploads\/2022\/09\/portfolio-unopar-pronto-colaborar-ava-producao-textual-interdisciplinar-100x100.png 100w\" sizes=\"(max-width: 141px) 100vw, 141px\" \/><\/p>\n<\/div>\n<\/div>\n<\/div>\n<\/div>\n<div class=\"elementor-toggle-item\">\n<div id=\"elementor-tab-content-1949\" class=\"elementor-tab-content elementor-clearfix elementor-active\" role=\"tabpanel\" data-tab=\"9\" aria-labelledby=\"elementor-tab-title-1949\">\n<p>E-mail:portifoliosp@gmail.com<\/p>\n<div id=\"attachment_143\" class=\"wp-caption alignnone\">\n<div id=\"attachment_143\" class=\"wp-caption alignnone\" style=\"width: 161px;\">\n<p><a href=\"http:\/\/portifolioos-prontos.com\/\"><img decoding=\"async\" class=\"wp-image-143\" title=\"portfolio pronto unopar\" src=\"http:\/\/portifolioos-prontos.com\/wp-content\/uploads\/2022\/04\/conceitomaximo.png\" alt=\"PORTFOLIO PRONTO UNOPAR ANHANGUERA\" width=\"161\" height=\"46\" aria-describedby=\"caption-attachment-143\" \/><\/a><\/p>\n<p id=\"caption-attachment-143\" class=\"wp-caption-text\">Portf\u00f3lio em Word, respondido, completo e j\u00e1 nas normas.<\/p>\n<\/div>\n<\/div>\n<\/div>\n<\/div>\n","protected":false},"excerpt":{"rendered":"<p>Portf\u00f3lio Direito \u00e0 alimenta\u00e7\u00e3o. Reflex\u00e3o sobre a prote\u00e7\u00e3o social e o papel do Estado Servi\u00e7o Social: 3\u00ba E 4\u00ba semestre A proposta de Produ\u00e7\u00e3o Textual em Grupo (PTG) ter\u00e1 como tem\u00e1tica: \u201cDireito \u00e0 alimenta\u00e7\u00e3o. Reflex\u00e3o sobre a prote\u00e7\u00e3o social e o papel do Estado\u201d. Caro discente, \u00e0 partir do tema proposto, o desafio \u00e9 refletir&hellip;<\/p>\n","protected":false},"featured_media":6255,"template":"","meta":{"_seopress_robots_primary_cat":"none","_seopress_titles_title":"%%post_title%% %%sitetitle%%","_seopress_titles_desc":"%%post_content%%","_seopress_robots_index":""},"product_cat":[56,15],"product_tag":[],"class_list":{"0":"post-6196","1":"product","2":"type-product","3":"status-publish","4":"has-post-thumbnail","6":"product_cat-servico-social","7":"product_cat-uncategorized","9":"first","10":"instock","11":"downloadable","12":"virtual","13":"purchasable","14":"product-type-simple","15":"col-xs-6 col-sm-4","16":"col-mf-5","17":"un-5-cols"},"jetpack_sharing_enabled":true,"_links":{"self":[{"href":"https:\/\/portifolioos-prontos.com\/index.php\/wp-json\/wp\/v2\/product\/6196","targetHints":{"allow":["GET"]}}],"collection":[{"href":"https:\/\/portifolioos-prontos.com\/index.php\/wp-json\/wp\/v2\/product"}],"about":[{"href":"https:\/\/portifolioos-prontos.com\/index.php\/wp-json\/wp\/v2\/types\/product"}],"version-history":[{"count":0,"href":"https:\/\/portifolioos-prontos.com\/index.php\/wp-json\/wp\/v2\/product\/6196\/revisions"}],"wp:featuredmedia":[{"embeddable":true,"href":"https:\/\/portifolioos-prontos.com\/index.php\/wp-json\/wp\/v2\/media\/6255"}],"wp:attachment":[{"href":"https:\/\/portifolioos-prontos.com\/index.php\/wp-json\/wp\/v2\/media?parent=6196"}],"wp:term":[{"taxonomy":"product_cat","embeddable":true,"href":"https:\/\/portifolioos-prontos.com\/index.php\/wp-json\/wp\/v2\/product_cat?post=6196"},{"taxonomy":"product_tag","embeddable":true,"href":"https:\/\/portifolioos-prontos.com\/index.php\/wp-json\/wp\/v2\/product_tag?post=6196"}],"curies":[{"name":"wp","href":"https:\/\/api.w.org\/{rel}","templated":true}]}}