{"id":6205,"date":"2022-08-03T22:34:29","date_gmt":"2022-08-04T01:34:29","guid":{"rendered":"https:\/\/portifolioos-prontos.com\/?post_type=product&#038;p=6205"},"modified":"2022-09-14T15:28:51","modified_gmt":"2022-09-14T18:28:51","slug":"6205","status":"publish","type":"product","link":"https:\/\/portifolioos-prontos.com\/index.php\/product\/6205\/","title":{"rendered":"Portf\u00f3lio Infec\u00e7\u00f5es sexualmente transmiss\u00edveis: diagn\u00f3stico laboratorial e complica\u00e7\u00f5es"},"content":{"rendered":"<h4>Portf\u00f3lio Infec\u00e7\u00f5es sexualmente transmiss\u00edveis: diagn\u00f3stico laboratorial e complica\u00e7\u00f5es<\/h4>\n<h4>Curso: Biomedicina<\/h4>\n<h4>Semestre: 6\u00b0 REG \/ 5\u00b0 FLEX<\/h4>\n<p>A proposta de Produ\u00e7\u00e3o Textual Interdisciplinar em Grupo (PTG) ter\u00e1 como tem\u00e1tica<br \/>\nInfec\u00e7\u00f5es sexualmente transmiss\u00edveis: diagn\u00f3stico laboratorial e complica\u00e7\u00f5es. Escolhemos esta<br \/>\ntem\u00e1tica para possibilitar a aprendizagem interdisciplinar dos conte\u00fados desenvolvidos nas<br \/>\ndisciplinas desse semestre conforme o eixo integrador.<br \/>\nNa atividade de <a href=\"http:\/\/portifolioos-prontos.com\">produ\u00e7\u00e3o textual<\/a>, os alunos responder\u00e3o questionamentos relacionados a<br \/>\ncada disciplina estudada no semestre, a fim de elucidar e resolver a situa\u00e7\u00e3o-problema (Situa\u00e7\u00e3o<br \/>\nGeradora de Aprendizagem \u2013 SGA) proposta.<\/p>\n<p><strong>SITUA\u00c7\u00c3O GERADORA DE APRENIZAGEM\u00a0(SGA)<\/strong><\/p>\n<p>Paciente do sexo feminino, 33 anos, procurou a unidade b\u00e1sica de sa\u00fade (UBS) de sua cidade<br \/>\napresentando dor intensa, dificuldade em urinar e coceira na regi\u00e3o genital e secre\u00e7\u00e3o vaginal<br \/>\namarelo-esverdeado. Durante a consulta a paciente relatou que na semana anterior teve rela\u00e7\u00e3o<br \/>\nsexual sem uso de preservativo, al\u00e9m disso ela expos que procurou no google sobre seus sintomas<br \/>\ne viu que poderia se tratar de candid\u00edase, ent\u00e3o procurou a farm\u00e1cia mais pr\u00f3xima de sua resid\u00eancia<br \/>\ne solicitou a medica\u00e7\u00e3o fluconazol 150\u00a0mg.\u00a0Por\u00e9m alguns dias depois ela notou que os sintomas n\u00e3o<br \/>\ntinham melhorado e comentou com sua amiga que prontamente lhe ofereceu os antibi\u00f3ticos<br \/>\nciprofloxacino e amoxicilina medica\u00e7\u00f5es que sobraram do seu tratamento para infec\u00e7\u00e3o urin\u00e1ria.<br \/>\nAo n\u00e3o notar melhora mesmo ap\u00f3s a ingest\u00e3o dos antibi\u00f3ticos a paciente procurou a UBS e<br \/>\nno momento da sua consulta com o clinico geral relatou os fatos anteriores.<br \/>\nO m\u00e9dico solicitou coleta da secre\u00e7\u00e3o vaginal e exame de urina e enviou ao laborat\u00f3rio para<br \/>\nan\u00e1lise.<br \/>\nAlguns dias depois o exame de sedimentoscopia apresentou positivo para Trichomonas<br \/>\nvaginalis. Ao voltar ao m\u00e9dico para verificar o resultado do exame, a paciente apresentou mal-estar,<br \/>\nn\u00e1useas, v\u00f4mitos, palidez e epigastralgia, e ao ser questionada a paciente relatou que devido as<br \/>\ndores intensar, ingeriu v\u00e1rios comprimidos de paracetamol em um curto espa\u00e7o de tempo, (em<br \/>\ntorno de 20 comprimidos de 500mg), ela alegou que n\u00e3o percebeu a alta quantidade de<br \/>\ncomprimidos que havia ingerido.<\/p>\n<p><strong>DESAFIOS PROPOSTOS<\/strong><br \/>\n<strong>1. Descreva a fisiopatologia da Trichomonas vaginalis?<\/strong><br \/>\n<strong>2. Como \u00e9 feito o diagn\u00f3stico da Trichomonas vaginalis?<\/strong><br \/>\n<strong>3. Porque as medica\u00e7\u00f5es fluconazol e os antibi\u00f3ticos n\u00e3o eliminaram Trichomonas vaginalis?<\/strong><br \/>\n<strong>4. Qual o risco do uso indiscriminado de antibi\u00f3ticos?<\/strong><br \/>\n<strong>5. A Trichomonas vaginalis \u00e9 uma infec\u00e7\u00e3o sexualmente transmiss\u00edvel (IST), cite uma IST causada<\/strong><br \/>\n<strong>por v\u00edrus, bact\u00e9ria e fungos.<\/strong><br \/>\n<strong>6. Descreva como ocorre a intoxica\u00e7\u00e3o por paracetamol.<\/strong><\/p>\n<p><strong>7. Qual o tratamento para a intoxica\u00e7\u00e3o por paracetamol<\/strong><\/p>\n<p>Sugest\u00e3o de leitura:<br \/>\nBRAVO R. S. et al. Tricomoniase vaginal: o que se passa? Jornal Brasileiro de Doen\u00e7as Sexualmente<br \/>\nTransmiss\u00edveis, v.22, n.2, p. 73-80. 2010. Dispon\u00edvel em:\u00a0<a href=\"http:\/\/www.dst.uff.br\/revista22-2-\" rel=\"nofollow\">http:\/\/www.dst.uff.br\/revista22-2-<\/a><br \/>\n2010\/4%20-%20Tricomoniase.pdf<br \/>\nGARBER, Gary E. The laboratory diagnosis of Trichomonas vaginalis. Canadian Journal of Infectious<br \/>\nDiseases and Medical Microbiology, v.16, n.1, p.35-38. 2005. Dispon\u00edvel em:<br \/>\n<a href=\"https:\/\/downloads.hindawi.com\/journals\/cjidmm\/2005\/373920.pdf\" rel=\"nofollow\">https:\/\/downloads.hindawi.com\/journals\/cjidmm\/2005\/373920.pdf<\/a><br \/>\nLOPES, Juliana; MATHEUS, Maria Eline. Risco de hepatotoxicidade do Paracetamol (Acetaminofem).<br \/>\nRevista Brasileira de Farm\u00e1cia, v. 93, n. 4, p. 411-414, 2012. Dispon\u00edvel em:<br \/>\n<a href=\"https:\/\/www.rbfarma.org.br\/files\/rbf-2012-93-4-3.pdf\" rel=\"nofollow\">https:\/\/www.rbfarma.org.br\/files\/rbf-2012-93-4-3.pdf<\/a><br \/>\nMACIEL, Gisele de Paiva; TASCA, Tiana; DE CARLI, Geraldo Attilio. Aspectos cl\u00ednicos, patog\u00eanese e<br \/>\ndiagn\u00f3stico de Trichomonas vaginalis. Jornal Brasileiro de Patologia e Medicina Laboratorial, v. 40,<br \/>\nn. 3, p. 152-160. 2004.\u00a0<a href=\"https:\/\/doi.org\/10.1590\/S1676-24442004000300005\" rel=\"nofollow\">https:\/\/doi.org\/10.1590\/S1676-24442004000300005<\/a><br \/>\nPETRIN, Dino, et al. Clinical and microbiological aspects of Trichomonas vaginalis. Clinical<br \/>\nmicrobiology reviews, v.11, n.2, p.300-317. 1998.\u00a0<a href=\"https:\/\/doi.org\/10.1128%2Fcmr.11.2.300\" rel=\"nofollow\">https:\/\/doi.org\/10.1128%2Fcmr.11.2.300<\/a><br \/>\nVIEIRA, Ariane Lombarde; FRAN\u00c7A, Gustavo Galv\u00e3o. As consequ\u00eancias no consumo indiscriminado<br \/>\ndo paracetamol e orienta\u00e7\u00e3o farmac\u00eautica \u00e0 promo\u00e7\u00e3o ao uso racional. Revista Acad\u00eamica Oswaldo<br \/>\nCruz. S\u00e3o Paulo, v. 6, n. 6, p. 1-12, 2015. Dispon\u00edvel em:<br \/>\n<a href=\"http:\/\/revista.oswaldocruz.br\/Content\/pdf\/Edicao_6_Ariane_vieira.pdf\" rel=\"nofollow\">http:\/\/revista.oswaldocruz.br\/Content\/pdf\/Edicao_6_Ariane_vieira.pdf<\/a><br \/>\nZANARDO, Carla Helfenstein. et al. Intoxica\u00e7\u00e3o por Paracetamol. Acta m\u00e9dica (Porto Alegre), v. 34,<\/p>\n<p>n. 6, p. 1-6. 2013. Dispon\u00edvel em:\u00a0<a href=\"http:\/\/docs.bvsalud.org\/biblioref\/2018\/03\/880510\/intoxicacao-\" rel=\"nofollow\">http:\/\/docs.bvsalud.org\/biblioref\/2018\/03\/880510\/intoxicacao-<\/a><br \/>\npor-paracetamol.pdf<\/p>\n<div class=\"elementor-toggle-item\">\n<h4 id=\"elementor-tab-title-1941\" class=\"elementor-tab-title elementor-active\" tabindex=\"0\" role=\"tab\" data-tab=\"1\" aria-controls=\"elementor-tab-content-1941\" aria-expanded=\"true\" aria-selected=\"true\">Como funciona?<\/h4>\n<div id=\"elementor-tab-content-1941\" class=\"elementor-tab-content elementor-clearfix elementor-active\" role=\"tabpanel\" data-tab=\"1\" aria-labelledby=\"elementor-tab-title-1941\">\n<p>Elaboramos os portf\u00f3lios, j\u00e1 deixamos prontos, nas normas da ABNT e conforme os requisitos da universidade. F\u00e1cil assim! O MELHOR \u00c9 QUE VOC\u00ca COMPRA E J\u00c1 BAIXA NA HORA O SEU ARQUIVO EM WORD! Sabemos que conciliar trabalho, fam\u00edlia, vida profissional e estudos \u00e9 dif\u00edcil hoje em dia, por isso, estamos aqui para ajudar voc\u00ea. Conte com nossa qualidade, experi\u00eancia e profissionalismo adquirindo seu portf\u00f3lio conosco. GARANTIMOS SEU CONCEITO!<\/p>\n<h4>Como se realizam os envios?<\/h4>\n<\/div>\n<\/div>\n<div class=\"elementor-toggle-item\">\n<div id=\"elementor-tab-content-1942\" class=\"elementor-tab-content elementor-clearfix elementor-active\" role=\"tabpanel\" data-tab=\"2\" aria-labelledby=\"elementor-tab-title-1942\">O seu trabalho \u00e9 disponibilizado pronto, respondido e nas normas j\u00e1 na mesma hora aqui em nosso site na sua \u00e1rea de downloads e tamb\u00e9m no seu e-mail.<\/div>\n<\/div>\n<div class=\"elementor-toggle-item\">\n<div id=\"elementor-tab-content-1943\" class=\"elementor-tab-content elementor-clearfix elementor-active\" role=\"tabpanel\" data-tab=\"3\" aria-labelledby=\"elementor-tab-title-1943\">\n<h4>Em quanto tempo recebo o portf\u00f3lio?<\/h4>\n<\/div>\n<\/div>\n<div class=\"elementor-toggle-item\">\n<div id=\"elementor-tab-content-1944\" class=\"elementor-tab-content elementor-clearfix elementor-active\" role=\"tabpanel\" data-tab=\"4\" aria-labelledby=\"elementor-tab-title-1944\">\n<p>Os envios s\u00e3o imediatos. Ap\u00f3s sua compra, o trabalho j\u00e1 \u00e9 disponibilizado instantaneamente aqui em nosso site e no seu e-mail.<\/p>\n<h4>E se o portf\u00f3lio que comprei precisar de corre\u00e7\u00e3o?<\/h4>\n<\/div>\n<\/div>\n<div class=\"elementor-toggle-item\">\n<div id=\"elementor-tab-content-1945\" class=\"elementor-tab-content elementor-clearfix elementor-active\" role=\"tabpanel\" data-tab=\"5\" aria-labelledby=\"elementor-tab-title-1945\">\n<p>Caso haja alguma solicita\u00e7\u00e3o de corre\u00e7\u00e3o\/altera\u00e7\u00e3o por parte do tutor, basta entrar em contato conosco pelo\u00a0WhatsApp\u00a0que provid\u00eanciaremos sem custo algum.<\/p>\n<h4>Qual o formato do arquivo?<\/h4>\n<\/div>\n<\/div>\n<div class=\"elementor-toggle-item\">\n<div id=\"elementor-tab-content-1946\" class=\"elementor-tab-content elementor-clearfix elementor-active\" role=\"tabpanel\" data-tab=\"6\" aria-labelledby=\"elementor-tab-title-1946\">\n<p>Os arquivos s\u00e3o enviados em formato Word e s\u00e3o edit\u00e1veis.<\/p>\n<h4>Caso eu tiver alguma d\u00favida, terei suporte no p\u00f3s venda?<\/h4>\n<\/div>\n<\/div>\n<div class=\"elementor-toggle-item\">\n<div id=\"elementor-tab-content-1948\" class=\"elementor-tab-content elementor-clearfix elementor-active\" role=\"tabpanel\" data-tab=\"8\" aria-labelledby=\"elementor-tab-title-1948\">\n<p>Sim, com certeza. Basta clicar no \u00edcone do WhatsApp no cantinho da tela. Ser\u00e1 um prazer atend\u00ea-lo(a).<\/p>\n<div class=\"elementor-toggle-item\">\n<div id=\"elementor-tab-content-1948\" class=\"elementor-tab-content elementor-clearfix elementor-active\" role=\"tabpanel\" data-tab=\"8\" aria-labelledby=\"elementor-tab-title-1948\">\n<h4>Quais os seus canais de contato?<\/h4>\n<\/div>\n<\/div>\n<div class=\"elementor-toggle-item\">\n<div id=\"elementor-tab-content-1949\" class=\"elementor-tab-content elementor-clearfix elementor-active\" role=\"tabpanel\" data-tab=\"9\" aria-labelledby=\"elementor-tab-title-1949\">\n<p>Whatsapp: 53 984751621 \u2013 Clicar no canto da tela ou ESCANEIE O QRCODE ABAIXO<\/p>\n<p><img decoding=\"async\" class=\"alignnone wp-image-7603\" src=\"http:\/\/portifolioos-prontos.com\/wp-content\/uploads\/2022\/09\/portfolio-unopar-pronto-colaborar-ava-producao-textual-interdisciplinar.png\" alt=\"Infec\u00e7\u00f5es sexualmente transmiss\u00edveis: diagn\u00f3stico laboratorial e complica\u00e7\u00f5es,portf\u00f3lio Infec\u00e7\u00f5es sexualmente transmiss\u00edveis: diagn\u00f3stico laboratorial e complica\u00e7\u00f5es,portf\u00f3lio pronto Infec\u00e7\u00f5es sexualmente transmiss\u00edveis: diagn\u00f3stico laboratorial e complica\u00e7\u00f5es,portf\u00f3lio pronto unopar Infec\u00e7\u00f5es sexualmente transmiss\u00edveis: diagn\u00f3stico laboratorial e complica\u00e7\u00f5es,portf\u00f3lio unopar Infec\u00e7\u00f5es sexualmente transmiss\u00edveis: diagn\u00f3stico laboratorial e complica\u00e7\u00f5es,portf\u00f3lio unopar pronto Infec\u00e7\u00f5es sexualmente transmiss\u00edveis: diagn\u00f3stico laboratorial e complica\u00e7\u00f5es,portf\u00f3lio ead Infec\u00e7\u00f5es sexualmente transmiss\u00edveis: diagn\u00f3stico laboratorial e complica\u00e7\u00f5es,portf\u00f3lioo ead Infec\u00e7\u00f5es sexualmente transmiss\u00edveis: diagn\u00f3stico laboratorial e complica\u00e7\u00f5es,portf\u00f3lio anhanguera Infec\u00e7\u00f5es sexualmente transmiss\u00edveis: diagn\u00f3stico laboratorial e complica\u00e7\u00f5es,portf\u00f3lio ci\u00eancias biol\u00f3gicas,portf\u00f3lio anhanguera,portf\u00f3lio pronto ci\u00eancias biol\u00f3gicas,trabalhos feitos Infec\u00e7\u00f5es sexualmente transmiss\u00edveis: diagn\u00f3stico laboratorial e complica\u00e7\u00f5es,trabalho pronto Infec\u00e7\u00f5es sexualmente transmiss\u00edveis: diagn\u00f3stico laboratorial e complica\u00e7\u00f5es,trabalhos prontos unopar,trabalhos feitos,mystudbay,mystudbay Infec\u00e7\u00f5es sexualmente transmiss\u00edveis: diagn\u00f3stico laboratorial e complica\u00e7\u00f5es,Portfolio pronto,portifolio pronto,portf\u00f3lio pronto,portifolios prontos,portif\u00f3lios prontos,portf\u00f3lio pronto unopar,portifolio pronto unopar,portif\u00f3lio pronto unopar,portifolios prontos unopar,portifolios prontos anhanguera,portf\u00f3lios prontos anhanguera,portf\u00f3lio pronto anhanguera,portfolios ead,portf\u00f3lios ead,portfolioead,apostileiros,portf\u00f3lio ead,portifolios ead,portif\u00f3lios ead,eadhelp,shop do acad\u00eamico,unopar portfolio,portfolio pronto ead,portfolio unopar ead,ead portfolio ava,portf\u00f3lio ead anhanguera,portf\u00f3lio ead pront,o portf\u00f3lio ead unopar,portf\u00f3lio pronto em word,pti unopar,ptg unopar,modelo de portf\u00f3lio unopar,modelo de portf\u00f3lio anhanguera,como fazer um portf\u00f3lio para faculdade,como faz portf\u00f3lio universidade,como faz portf\u00f3lios para universidade,portf\u00f3lios prontos para universidade,portf\u00f3lios pronto para faculdade,portf\u00f3lio pronto para editar,portifolios prontos para editar,portf\u00f3lio em word,portfolio em word,portf\u00f3lio em word para editar,portifolio em word para editar,portfolio unopar pronto para editar,modelo de portfolio para unopar,modelo de portif\u00f3lio para unopar,modelo de portf\u00f3lio para unopar,unopar portf\u00f3lio pronto,anhanguera portf\u00f3lio pronto,portf\u00f3lio em word pronto,comprar portf\u00f3lio pronto,como fazer um portf\u00f3lio,como fazer portf\u00f3lio digital,portfolio,portf\u00f3lio,portifolio,portif\u00f3lio,portf\u00f3lio interdisciplinar individual,portfolio interdisciplinar individual,exemplos de portf\u00f3lio para faculdade,baixar portf\u00f3lio pronto,portf\u00f3lio acad\u00eamico,portf\u00f3lio online,portfoliooead,portfolio ead,portf\u00f3lio pronto interdisciplinar individual,relat\u00f3rio de est\u00e1gio unopar,relat\u00f3rio de est\u00e1gio pronto unopar,como criar um portf\u00f3lio,o que \u00e9 um portf\u00f3lio e como fazer,portfolio exemplo,modelo de portfolio acad\u00eamico,relat\u00f3rio de est\u00e1gio gest\u00e3o escolar pronto unopar,portf\u00f3lio como fazer,prova profici\u00eancia unopar,portfolio individual est\u00e1gio curricular obrigat\u00f3rio ii anos iniciais do ensino fundamental,prova de profici\u00eancia pedagogia unopar,capa de trabalho unopar para editar,portf\u00f3lio acad\u00eamico unopar,como fazer um portf\u00f3lio acad\u00eamico,portf\u00f3lio exemplos word,portfolio acad\u00eamico,portfolio individual,portfolio individual unopar,portfolio individual anhanguera,portfolio marketing digital,portf\u00f3lio educa\u00e7\u00e3o f\u00edsica unopar,portf\u00f3lio gest\u00e3o educacional e espa\u00e7os n\u00e3o escolares,como fazer um portifolio unopar,modelo de portf\u00f3lio unopar em arquivo word,capa de portf\u00f3lio de pedagogia,como fazer um portf\u00f3lio no word,projeto integrado unopar,exemplo de portf\u00f3lio academico pedagogia\" width=\"141\" height=\"141\" srcset=\"https:\/\/portifolioos-prontos.com\/wp-content\/uploads\/2022\/09\/portfolio-unopar-pronto-colaborar-ava-producao-textual-interdisciplinar.png 150w, https:\/\/portifolioos-prontos.com\/wp-content\/uploads\/2022\/09\/portfolio-unopar-pronto-colaborar-ava-producao-textual-interdisciplinar-100x100.png 100w\" sizes=\"(max-width: 141px) 100vw, 141px\" \/><\/p>\n<\/div>\n<\/div>\n<\/div>\n<\/div>\n<div class=\"elementor-toggle-item\">\n<div id=\"elementor-tab-content-1949\" class=\"elementor-tab-content elementor-clearfix elementor-active\" role=\"tabpanel\" data-tab=\"9\" aria-labelledby=\"elementor-tab-title-1949\">\n<p>E-mail:portifoliosp@gmail.com<\/p>\n<div id=\"attachment_143\" class=\"wp-caption alignnone\">\n<div id=\"attachment_143\" class=\"wp-caption alignnone\" style=\"width: 147px;\">\n<p><a href=\"http:\/\/portifolioos-prontos.com\/\"><img decoding=\"async\" class=\"wp-image-143\" title=\"portfolio pronto unopar\" src=\"http:\/\/portifolioos-prontos.com\/wp-content\/uploads\/2022\/04\/conceitomaximo.png\" alt=\"PORTFOLIO PRONTO UNOPAR ANHANGUERA\" width=\"147\" height=\"42\" aria-describedby=\"caption-attachment-143\" \/><\/a><\/p>\n<p id=\"caption-attachment-143\" class=\"wp-caption-text\">Portf\u00f3lio em Word, respondido, completo e j\u00e1 nas normas.<\/p>\n<\/div>\n<\/div>\n<\/div>\n<\/div>\n","protected":false},"excerpt":{"rendered":"<p>Portf\u00f3lio Infec\u00e7\u00f5es sexualmente transmiss\u00edveis: diagn\u00f3stico laboratorial e complica\u00e7\u00f5es Curso: Biomedicina Semestre: 6\u00b0 REG \/ 5\u00b0 FLEX A proposta de Produ\u00e7\u00e3o Textual Interdisciplinar em Grupo (PTG) ter\u00e1 como tem\u00e1tica Infec\u00e7\u00f5es sexualmente transmiss\u00edveis: diagn\u00f3stico laboratorial e complica\u00e7\u00f5es. Escolhemos esta tem\u00e1tica para possibilitar a aprendizagem interdisciplinar dos conte\u00fados desenvolvidos nas disciplinas desse semestre conforme o eixo integrador. Na&hellip;<\/p>\n","protected":false},"featured_media":6250,"template":"","meta":{"_seopress_robots_primary_cat":"none","_seopress_titles_title":"%%post_title%% %%sitetitle%%","_seopress_titles_desc":"%%post_content%%","_seopress_robots_index":""},"product_cat":[64,15],"product_tag":[],"class_list":{"0":"post-6205","1":"product","2":"type-product","3":"status-publish","4":"has-post-thumbnail","6":"product_cat-biomedicina","7":"product_cat-uncategorized","9":"first","10":"instock","11":"downloadable","12":"virtual","13":"purchasable","14":"product-type-simple","15":"col-xs-6 col-sm-4","16":"col-mf-5","17":"un-5-cols"},"jetpack_sharing_enabled":true,"_links":{"self":[{"href":"https:\/\/portifolioos-prontos.com\/index.php\/wp-json\/wp\/v2\/product\/6205","targetHints":{"allow":["GET"]}}],"collection":[{"href":"https:\/\/portifolioos-prontos.com\/index.php\/wp-json\/wp\/v2\/product"}],"about":[{"href":"https:\/\/portifolioos-prontos.com\/index.php\/wp-json\/wp\/v2\/types\/product"}],"version-history":[{"count":0,"href":"https:\/\/portifolioos-prontos.com\/index.php\/wp-json\/wp\/v2\/product\/6205\/revisions"}],"wp:featuredmedia":[{"embeddable":true,"href":"https:\/\/portifolioos-prontos.com\/index.php\/wp-json\/wp\/v2\/media\/6250"}],"wp:attachment":[{"href":"https:\/\/portifolioos-prontos.com\/index.php\/wp-json\/wp\/v2\/media?parent=6205"}],"wp:term":[{"taxonomy":"product_cat","embeddable":true,"href":"https:\/\/portifolioos-prontos.com\/index.php\/wp-json\/wp\/v2\/product_cat?post=6205"},{"taxonomy":"product_tag","embeddable":true,"href":"https:\/\/portifolioos-prontos.com\/index.php\/wp-json\/wp\/v2\/product_tag?post=6205"}],"curies":[{"name":"wp","href":"https:\/\/api.w.org\/{rel}","templated":true}]}}