{"id":6274,"date":"2022-08-04T14:42:58","date_gmt":"2022-08-04T17:42:58","guid":{"rendered":"https:\/\/portifolioos-prontos.com\/?post_type=product&#038;p=6274"},"modified":"2022-09-14T15:28:38","modified_gmt":"2022-09-14T18:28:38","slug":"portfolio-doencas-parasitarias-e-infectocontagiosas-diagnostico-laboratorial-e-tratamento","status":"publish","type":"product","link":"https:\/\/portifolioos-prontos.com\/index.php\/product\/portfolio-doencas-parasitarias-e-infectocontagiosas-diagnostico-laboratorial-e-tratamento\/","title":{"rendered":"Portf\u00f3lio Doen\u00e7as Parasit\u00e1rias e infectocontagiosas: diagn\u00f3stico laboratorial e tratamento"},"content":{"rendered":"<h4>Portf\u00f3lio Doen\u00e7as Parasit\u00e1rias e infectocontagiosas: diagn\u00f3stico laboratorial e tratamento<\/h4>\n<h4>Curso: Biomedicina Semestre: 4\u00ba REG \/ 3\u00ba FLEX<\/h4>\n<p>Prezados(as) alunos(as),<br \/>\nSeja bem-vindo a este semestre!<br \/>\nA proposta de Produ\u00e7\u00e3o Textual Interdisciplinar em Grupo (PTG) ter\u00e1 como tem\u00e1tica <strong>Doen\u00e7as<\/strong><br \/>\n<strong>Parasit\u00e1rias e infectocontagiosas: diagn\u00f3stico laboratorial e tratamento<\/strong>. Escolhemos esta tem\u00e1tica<br \/>\npara possibilitar a aprendizagem interdisciplinar dos conte\u00fados desenvolvidos nas disciplinas desse<br \/>\nsemestre conforme o eixo integrador.<br \/>\nNa atividade de produ\u00e7\u00e3o textual, os alunos responder\u00e3o questionamentos relacionados a<br \/>\ncada disciplina estudada no semestre, a fim de elucidar e resolver a situa\u00e7\u00e3o-problema (Situa\u00e7\u00e3o<br \/>\nGeradora de Aprendizagem \u2013 SGA) proposta.<\/p>\n<p><strong>SITUA\u00c7\u00c3O GERADOTA DE APRENIZAGEM (<a href=\"http:\/\/portifolioos-prontos.com\">SGA<\/a>)<\/strong><br \/>\nPaciente do sexo masculino, 45 anos de idade, natural de \u00c1gua Preta \u2013 PE, compareceu ao<br \/>\nservi\u00e7o de Infectologia, no setor da DIP (Doen\u00e7as Infecto-Parasit\u00e1rias) do Hospital Universit\u00e1rio, com<br \/>\nqueixa de \u201cferida no nariz e no p\u00eanis que n\u00e3o cicatrizava\u201d. Na avalia\u00e7\u00e3o da hist\u00f3ria atual da doen\u00e7a,<br \/>\nverificou-se que o paciente era HIV soropositivo e apresentava uma les\u00e3o ulcerada em asa direita<br \/>\nnasal com comprometimento da mucosa do assoalho nasal, causando obstru\u00e7\u00e3o nasal e les\u00e3o<\/p>\n<p>avan\u00e7ada em glande peniana com a presen\u00e7a de infec\u00e7\u00e3o secund\u00e1ria caracterizada por uma mi\u00edase,<br \/>\na qual havia se instalado antes da les\u00e3o nasal. O paciente relatou um tempo de evolu\u00e7\u00e3o de 8 meses<br \/>\nda les\u00e3o nasal, e, h\u00e1 mais tempo, a les\u00e3o do p\u00eanis. Apresentava sintomatologia dolorosa na regi\u00e3o<br \/>\nnasal e peniana, associada tamb\u00e9m a alg\u00faria.<br \/>\nPaciente relata ainda que foi atendido no posto de sa\u00fade de sua cidade, onde foram<br \/>\nadministradas Penicilina e Tetraciclina, sem resolu\u00e7\u00e3o. Uso tamb\u00e9m de Glucantime, nome comercial<br \/>\ndo antimonial pentavalente, sem que tenha completado a terapia.<br \/>\nAo exame f\u00edsico, o paciente apresentava-se com Estado Geral Regular (EGR), consciente,<br \/>\norientado, eupn\u00e9ico, afebril, hidratado, acian\u00f3tico e deambulando. Na revis\u00e3o dos sistemas, n\u00e3o<br \/>\nforam encontradas altera\u00e7\u00f5es cardio-pulmonares. No exame abdominal n\u00e3o foram observadas<br \/>\nv\u00edsceras palp\u00e1veis, sem evid\u00eancia de visceromegalias, ou dores \u00e0s palpa\u00e7\u00f5es, afastando a hip\u00f3tese<br \/>\nde associa\u00e7\u00e3o com a forma visceral da leishmaniose, em que o aspecto da les\u00e3o fornecia a hip\u00f3tese<br \/>\ndiagn\u00f3stica.<br \/>\nDurante o exame loco-regional da face, observou-se les\u00e3o ulcerada, com bordas elevadas e<br \/>\neritematosas, na regi\u00e3o de asa do nariz com assoalho nasal do lado direito, com presen\u00e7a de<br \/>\nconte\u00fado granulomatoso e purulento e a presen\u00e7a de crostas, al\u00e9m do comprometimento da<br \/>\ncartilagem alar, sem altera\u00e7\u00f5es no septo. Havia aumento e eritema dos tecidos moles circunvizinhos,<br \/>\ncomo dorso nasal, asa do nariz, regi\u00e3o naso-geniana e l\u00e1bio superior do lado direito, com<br \/>\ncaracter\u00edsticas de celulite.<br \/>\nNa inspe\u00e7\u00e3o intrabucal, n\u00e3o se evidenciaram altera\u00e7\u00f5es. No exame peniano, segundo<br \/>\navalia\u00e7\u00e3o conjunta com infectologista e urologista, havia les\u00e3o avan\u00e7ada em regi\u00e3o de glande, com<br \/>\nulcera\u00e7\u00f5es, aumento de volume com aspecto desfigurante, supura\u00e7\u00e3o e presen\u00e7a de larvas.<br \/>\nEm exame tomogr\u00e1fico computadorizado, em cortes axiais e coronais com janela para tecido<br \/>\nmole, n\u00e3o foi observado aspecto infiltrativo, mantendo a preserva\u00e7\u00e3o do tecido \u00f3sseo subjacente,<br \/>\nassim como fossas nasais e seio maxilar. Diante dos achados cl\u00ednicos, sugeriu-se Leishmaniose mucocut\u00e2nea, com s\u00edtio de inocula\u00e7\u00e3o em p\u00eanis e manifesta\u00e7\u00e3o muco-cut\u00e2nea em regi\u00e3o nasal. Foi iniciada<br \/>\nadministra\u00e7\u00e3o medicamentosa de Anfotericina B na dosagem de 1mg\/Kg\/dia, com dose di\u00e1ria de 50<br \/>\nmg por via endovenosa.<\/p>\n<p>Simultaneamente foi realizada uma bi\u00f3psia incisional da les\u00e3o nasal para avalia\u00e7\u00e3o<br \/>\nhistopatol\u00f3gica. Com 7 dias de p\u00f3s-operat\u00f3rio e medica\u00e7\u00e3o, pode-se observar diminui\u00e7\u00e3o do volume<br \/>\nfacial, diminui\u00e7\u00e3o do eritema e melhora no aspecto da ulcera\u00e7\u00e3o.<br \/>\nO laudo histopatol\u00f3gico n\u00e3o foi conclusivo, apenas sugestivo da leishmaniose, sem<br \/>\nobserva\u00e7\u00e3o dos parasitas diretamente. N\u00e3o foram realizados mais exames complementares em raz\u00e3o<br \/>\nda satisfat\u00f3ria resposta terap\u00eautica \u00e0 medica\u00e7\u00e3o administrada.<br \/>\nNo 30\u00b0 dia, o paciente j\u00e1 apresentava cicatriza\u00e7\u00e3o completa da les\u00e3o nasal, e<br \/>\nsimultaneamente da les\u00e3o peniana, confirmada a hip\u00f3tese de serem les\u00f5es causadas pela<br \/>\nleishmaniose, devido ao aspecto mutilante e cicatriza\u00e7\u00e3o desfigurante que a doen\u00e7a provoca.<\/p>\n<p><a href=\"http:\/\/portifolioos-prontos.com\"><strong>DESAFIOS PROPOSTOS<\/strong><\/a><\/p>\n<p><strong>1.<\/strong> Discuta os mecanismos que determinam o aparecimento de les\u00f5es secund\u00e1rias distantes do<br \/>\nlocal de inocula\u00e7\u00e3o de Leishmania no hospedeiro.<br \/>\n<strong>2.<\/strong> O paciente apresentou diversas les\u00f5es caracter\u00edsticas da Leishmaniose Tegumentar Americana<br \/>\n(LTA), descreva essas les\u00f5es.<br \/>\n<strong>3.<\/strong> Discuta a relev\u00e2ncia, para o caso apresentado, da informa\u00e7\u00e3o sobre o paciente ser HIV positivo.<br \/>\nEm caso de co-infec\u00e7\u00e3o por HIV e Leishmaniose Tegumentar Americana (LTA), como a doen\u00e7a<br \/>\nse manifestaria?<br \/>\n<strong>4.<\/strong> Discuta o mecanismo de a\u00e7\u00e3o dos medicamentos utilizados.<br \/>\n<strong>5.<\/strong> Como \u00e9 realizado o diagn\u00f3stico da Leishmaniose Tegumentar Americana (LTA)? Aponte os<br \/>\nprincipais exames utilizados para fim de diagn\u00f3stico: imunol\u00f3gicos, parasitol\u00f3gicos e<br \/>\nmoleculares e histopatol\u00f3gicos.<\/p>\n<div class=\"elementor-toggle-item\">\n<h4 id=\"elementor-tab-title-1941\" class=\"elementor-tab-title elementor-active\" tabindex=\"0\" role=\"tab\" data-tab=\"1\" aria-controls=\"elementor-tab-content-1941\" aria-expanded=\"true\" aria-selected=\"true\">Como funciona?<\/h4>\n<div id=\"elementor-tab-content-1941\" class=\"elementor-tab-content elementor-clearfix elementor-active\" role=\"tabpanel\" data-tab=\"1\" aria-labelledby=\"elementor-tab-title-1941\">\n<p>Elaboramos os portf\u00f3lios, j\u00e1 deixamos prontos, nas normas da ABNT e conforme os requisitos da universidade. F\u00e1cil assim! O MELHOR \u00c9 QUE VOC\u00ca COMPRA E J\u00c1 BAIXA NA HORA O SEU ARQUIVO EM WORD! Sabemos que conciliar trabalho, fam\u00edlia, vida profissional e estudos \u00e9 dif\u00edcil hoje em dia, por isso, estamos aqui para ajudar voc\u00ea. Conte com nossa qualidade, experi\u00eancia e profissionalismo adquirindo seu portf\u00f3lio conosco. GARANTIMOS SEU CONCEITO!<\/p>\n<h4>Como se realizam os envios?<\/h4>\n<\/div>\n<\/div>\n<div class=\"elementor-toggle-item\">\n<div id=\"elementor-tab-content-1942\" class=\"elementor-tab-content elementor-clearfix elementor-active\" role=\"tabpanel\" data-tab=\"2\" aria-labelledby=\"elementor-tab-title-1942\">O seu trabalho \u00e9 disponibilizado pronto, respondido e nas normas j\u00e1 na mesma hora aqui em nosso site na sua \u00e1rea de downloads e tamb\u00e9m no seu e-mail.<\/div>\n<\/div>\n<div class=\"elementor-toggle-item\">\n<div id=\"elementor-tab-content-1943\" class=\"elementor-tab-content elementor-clearfix elementor-active\" role=\"tabpanel\" data-tab=\"3\" aria-labelledby=\"elementor-tab-title-1943\">\n<h4>Em quanto tempo recebo o portf\u00f3lio?<\/h4>\n<\/div>\n<\/div>\n<div class=\"elementor-toggle-item\">\n<div id=\"elementor-tab-content-1944\" class=\"elementor-tab-content elementor-clearfix elementor-active\" role=\"tabpanel\" data-tab=\"4\" aria-labelledby=\"elementor-tab-title-1944\">\n<p>Os envios s\u00e3o imediatos. Ap\u00f3s sua compra, o trabalho j\u00e1 \u00e9 disponibilizado instantaneamente aqui em nosso site e no seu e-mail.<\/p>\n<h4>E se o portf\u00f3lio que comprei precisar de corre\u00e7\u00e3o?<\/h4>\n<\/div>\n<\/div>\n<div class=\"elementor-toggle-item\">\n<div id=\"elementor-tab-content-1945\" class=\"elementor-tab-content elementor-clearfix elementor-active\" role=\"tabpanel\" data-tab=\"5\" aria-labelledby=\"elementor-tab-title-1945\">\n<p>Caso haja alguma solicita\u00e7\u00e3o de corre\u00e7\u00e3o\/altera\u00e7\u00e3o por parte do tutor, basta entrar em contato conosco pelo\u00a0WhatsApp\u00a0que provid\u00eanciaremos sem custo algum.<\/p>\n<h4>Qual o formato do arquivo?<\/h4>\n<\/div>\n<\/div>\n<div class=\"elementor-toggle-item\">\n<div id=\"elementor-tab-content-1946\" class=\"elementor-tab-content elementor-clearfix elementor-active\" role=\"tabpanel\" data-tab=\"6\" aria-labelledby=\"elementor-tab-title-1946\">\n<p>Os arquivos s\u00e3o enviados em formato Word e s\u00e3o edit\u00e1veis.<\/p>\n<h4>Caso eu tiver alguma d\u00favida, terei suporte no p\u00f3s venda?<\/h4>\n<\/div>\n<\/div>\n<div class=\"elementor-toggle-item\">\n<div id=\"elementor-tab-content-1948\" class=\"elementor-tab-content elementor-clearfix elementor-active\" role=\"tabpanel\" data-tab=\"8\" aria-labelledby=\"elementor-tab-title-1948\">\n<p>Sim, com certeza. Basta clicar no \u00edcone do WhatsApp no cantinho da tela. Ser\u00e1 um prazer atend\u00ea-lo(a).<\/p>\n<div class=\"elementor-toggle-item\">\n<div id=\"elementor-tab-content-1948\" class=\"elementor-tab-content elementor-clearfix elementor-active\" role=\"tabpanel\" data-tab=\"8\" aria-labelledby=\"elementor-tab-title-1948\">\n<h4>Quais os seus canais de contato?<\/h4>\n<\/div>\n<\/div>\n<div class=\"elementor-toggle-item\">\n<div id=\"elementor-tab-content-1949\" class=\"elementor-tab-content elementor-clearfix elementor-active\" role=\"tabpanel\" data-tab=\"9\" aria-labelledby=\"elementor-tab-title-1949\">\n<p>Whatsapp: 53 984751621 \u2013 Clicar no canto da tela ou ESCANEIE O QRCODE ABAIXO<\/p>\n<p><img decoding=\"async\" class=\"alignnone wp-image-7603\" src=\"http:\/\/portifolioos-prontos.com\/wp-content\/uploads\/2022\/09\/portfolio-unopar-pronto-colaborar-ava-producao-textual-interdisciplinar.png\" alt=\"Doen\u00e7as Parasit\u00e1rias e infectocontagiosas: diagn\u00f3stico laboratorial e tratamento,portf\u00f3lio Doen\u00e7as Parasit\u00e1rias e infectocontagiosas: diagn\u00f3stico laboratorial e tratamento,portfolio Doen\u00e7as Parasit\u00e1rias e infectocontagiosas: diagn\u00f3stico laboratorial e tratamento,trabalho Doen\u00e7as Parasit\u00e1rias e infectocontagiosas: diagn\u00f3stico laboratorial e tratamento,portf\u00f3lio pronto Doen\u00e7as Parasit\u00e1rias e infectocontagiosas: diagn\u00f3stico laboratorial e tratamento,portf\u00f3lio ead Doen\u00e7as Parasit\u00e1rias e infectocontagiosas: diagn\u00f3stico laboratorial e tratamento,mystudbay Doen\u00e7as Parasit\u00e1rias e infectocontagiosas: diagn\u00f3stico laboratorial e tratamento,trabalhos feitos Doen\u00e7as Parasit\u00e1rias e infectocontagiosas: diagn\u00f3stico laboratorial e tratamento,trabalhos gratuitos,trabalhos feitos,portf\u00f3lios pronto unopar,portf\u00f3lios prontos,portfolio pronto,portfolioo ead Doen\u00e7as Parasit\u00e1rias e infectocontagiosas: diagn\u00f3stico laboratorial e tratamento,portfolio pronto Doen\u00e7as Parasit\u00e1rias e infectocontagiosas: diagn\u00f3stico laboratorial e tratamento,pti Doen\u00e7as Parasit\u00e1rias e infectocontagiosas: diagn\u00f3stico laboratorial e tratamento,ptg Doen\u00e7as Parasit\u00e1rias e infectocontagiosas: diagn\u00f3stico laboratorial e tratamento,produ\u00e7\u00e3o textual Doen\u00e7as Parasit\u00e1rias e infectocontagiosas: diagn\u00f3stico laboratorial e tratamento,portf\u00f3lio biomedicina,portf\u00f3lio pronto biomedicina,portfolio biomedicina,portifolio pronto,portf\u00f3lio pronto,portifolios prontos,portif\u00f3lios prontos,portf\u00f3lio pronto unopar,portifolio pronto unopar,portif\u00f3lio pronto unopar,portifolios prontos unopar,portifolios prontos anhanguera,portf\u00f3lios prontos anhanguera,portf\u00f3lio pronto anhanguera,portfolios ead,portf\u00f3lios ead,portfolioead,apostileiros,portf\u00f3lio ead,portifolios ead,portif\u00f3lios ead,eadhelp,shop do acad\u00eamico,unopar portfolio,portfolio pronto ead,portfolio unopar ead,ead portfolio ava,portf\u00f3lio ead anhanguera,portf\u00f3lio ead pront,o portf\u00f3lio ead unopar,portf\u00f3lio pronto em word,pti unopar,ptg unopar,modelo de portf\u00f3lio unopar,modelo de portf\u00f3lio anhanguera,como fazer um portf\u00f3lio para faculdade,como faz portf\u00f3lio universidade,como faz portf\u00f3lios para universidade,portf\u00f3lios prontos para universidade,portf\u00f3lios pronto para faculdade,portf\u00f3lio pronto para editar,portifolios prontos para editar,portf\u00f3lio em word,portfolio em word,portf\u00f3lio em word para editar,portifolio em word para editar,portfolio unopar pronto para editar,modelo de portfolio para unopar,modelo de portif\u00f3lio para unopar,modelo de portf\u00f3lio para unopar,unopar portf\u00f3lio pronto,anhanguera portf\u00f3lio pronto,portf\u00f3lio em word pronto,comprar portf\u00f3lio pronto,como fazer um portf\u00f3lio,como fazer portf\u00f3lio digital,portfolio,portf\u00f3lio,portifolio,portif\u00f3lio,portf\u00f3lio interdisciplinar individual,portfolio interdisciplinar individual,exemplos de portf\u00f3lio para faculdade,baixar portf\u00f3lio pronto,portf\u00f3lio acad\u00eamico,portf\u00f3lio online,portfoliooead,portfolio ead,portf\u00f3lio pronto interdisciplinar individual,relat\u00f3rio de est\u00e1gio unopar,relat\u00f3rio de est\u00e1gio pronto unopar,como criar um portf\u00f3lio,o que \u00e9 um portf\u00f3lio e como fazer,portfolio exemplo,modelo de portfolio acad\u00eamico,relat\u00f3rio de est\u00e1gio gest\u00e3o escolar pronto unopar,portf\u00f3lio como fazer,prova profici\u00eancia unopar,portfolio individual est\u00e1gio curricular obrigat\u00f3rio ii anos iniciais do ensino fundamental,prova de profici\u00eancia pedagogia unopar,capa de trabalho unopar para editar,portf\u00f3lio acad\u00eamico unopar,como fazer um portf\u00f3lio acad\u00eamico,portf\u00f3lio exemplos word,portfolio acad\u00eamico,portfolio individual,portfolio individual unopar,portfolio individual anhanguera,portfolio marketing digital,portf\u00f3lio educa\u00e7\u00e3o f\u00edsica unopar,portf\u00f3lio gest\u00e3o educacional e espa\u00e7os n\u00e3o escolares,como fazer um portifolio unopar,modelo de portf\u00f3lio unopar em arquivo word,capa de portf\u00f3lio de pedagogia,como fazer um portf\u00f3lio no word,projeto integrado unopar,exemplo de portf\u00f3lio academico pedagogia\" width=\"141\" height=\"141\" srcset=\"https:\/\/portifolioos-prontos.com\/wp-content\/uploads\/2022\/09\/portfolio-unopar-pronto-colaborar-ava-producao-textual-interdisciplinar.png 150w, https:\/\/portifolioos-prontos.com\/wp-content\/uploads\/2022\/09\/portfolio-unopar-pronto-colaborar-ava-producao-textual-interdisciplinar-100x100.png 100w\" sizes=\"(max-width: 141px) 100vw, 141px\" \/><\/p>\n<\/div>\n<\/div>\n<\/div>\n<\/div>\n<div class=\"elementor-toggle-item\">\n<div id=\"elementor-tab-content-1949\" class=\"elementor-tab-content elementor-clearfix elementor-active\" role=\"tabpanel\" data-tab=\"9\" aria-labelledby=\"elementor-tab-title-1949\">\n<p>E-mail:portifoliosp@gmail.com<\/p>\n<div id=\"attachment_143\" class=\"wp-caption alignnone\">\n<div id=\"attachment_143\" class=\"wp-caption alignnone\" style=\"width: 154px;\">\n<p><a href=\"http:\/\/portifolioos-prontos.com\/\"><img decoding=\"async\" class=\"wp-image-143\" title=\"portfolio pronto unopar\" src=\"http:\/\/portifolioos-prontos.com\/wp-content\/uploads\/2022\/04\/conceitomaximo.png\" alt=\"PORTFOLIO PRONTO UNOPAR ANHANGUERA\" width=\"154\" height=\"44\" aria-describedby=\"caption-attachment-143\" \/><\/a><\/p>\n<p id=\"caption-attachment-143\" class=\"wp-caption-text\">Portf\u00f3lio em Word, respondido, completo e j\u00e1 nas normas.<\/p>\n<\/div>\n<\/div>\n<\/div>\n<\/div>\n","protected":false},"excerpt":{"rendered":"<p>Portf\u00f3lio Doen\u00e7as Parasit\u00e1rias e infectocontagiosas: diagn\u00f3stico laboratorial e tratamento Curso: Biomedicina Semestre: 4\u00ba REG \/ 3\u00ba FLEX Prezados(as) alunos(as), Seja bem-vindo a este semestre! A proposta de Produ\u00e7\u00e3o Textual Interdisciplinar em Grupo (PTG) ter\u00e1 como tem\u00e1tica Doen\u00e7as Parasit\u00e1rias e infectocontagiosas: diagn\u00f3stico laboratorial e tratamento. Escolhemos esta tem\u00e1tica para possibilitar a aprendizagem interdisciplinar dos conte\u00fados desenvolvidos&hellip;<\/p>\n","protected":false},"featured_media":6278,"template":"","meta":{"_seopress_robots_primary_cat":"none","_seopress_titles_title":"%%post_title%% %%sitetitle%%","_seopress_titles_desc":"%%post_content%%","_seopress_robots_index":""},"product_cat":[64,15],"product_tag":[],"class_list":{"0":"post-6274","1":"product","2":"type-product","3":"status-publish","4":"has-post-thumbnail","6":"product_cat-biomedicina","7":"product_cat-uncategorized","9":"first","10":"instock","11":"downloadable","12":"virtual","13":"purchasable","14":"product-type-simple","15":"col-xs-6 col-sm-4","16":"col-mf-5","17":"un-5-cols"},"jetpack_sharing_enabled":true,"_links":{"self":[{"href":"https:\/\/portifolioos-prontos.com\/index.php\/wp-json\/wp\/v2\/product\/6274","targetHints":{"allow":["GET"]}}],"collection":[{"href":"https:\/\/portifolioos-prontos.com\/index.php\/wp-json\/wp\/v2\/product"}],"about":[{"href":"https:\/\/portifolioos-prontos.com\/index.php\/wp-json\/wp\/v2\/types\/product"}],"version-history":[{"count":0,"href":"https:\/\/portifolioos-prontos.com\/index.php\/wp-json\/wp\/v2\/product\/6274\/revisions"}],"wp:featuredmedia":[{"embeddable":true,"href":"https:\/\/portifolioos-prontos.com\/index.php\/wp-json\/wp\/v2\/media\/6278"}],"wp:attachment":[{"href":"https:\/\/portifolioos-prontos.com\/index.php\/wp-json\/wp\/v2\/media?parent=6274"}],"wp:term":[{"taxonomy":"product_cat","embeddable":true,"href":"https:\/\/portifolioos-prontos.com\/index.php\/wp-json\/wp\/v2\/product_cat?post=6274"},{"taxonomy":"product_tag","embeddable":true,"href":"https:\/\/portifolioos-prontos.com\/index.php\/wp-json\/wp\/v2\/product_tag?post=6274"}],"curies":[{"name":"wp","href":"https:\/\/api.w.org\/{rel}","templated":true}]}}