{"id":6355,"date":"2022-08-05T14:53:52","date_gmt":"2022-08-05T17:53:52","guid":{"rendered":"https:\/\/portifolioos-prontos.com\/?post_type=product&#038;p=6355"},"modified":"2022-09-14T15:28:18","modified_gmt":"2022-09-14T18:28:18","slug":"portfolio-onicomicose-em-idosos","status":"publish","type":"product","link":"https:\/\/portifolioos-prontos.com\/index.php\/product\/portfolio-onicomicose-em-idosos\/","title":{"rendered":"Portf\u00f3lio Onicomicose em idosos"},"content":{"rendered":"<h4>Portf\u00f3lio Onicomicose em idosos<\/h4>\n<h4>Curso: Podologia<\/h4>\n<h4>Semestre: 3\u00b0 semestre<\/h4>\n<p style=\"box-sizing: border-box; color: #666666;\"><span style=\"font-weight: 400;\">A proposta de Produ\u00e7\u00e3o Textual Interdisciplinar Individual (PTI) ter\u00e1 como tem\u00e1tica<\/span><br style=\"box-sizing: border-box;\" \/>\u201cOnicomicose em idosos\u201d<span style=\"font-weight: 400;\">. Com essa tem\u00e1tica objetivamos possibilitar a voc\u00ea, estudante, a<br style=\"box-sizing: border-box;\" \/>aprendizagem interdisciplinar de conte\u00fados contemplados nas disciplinas desse semestre.<br style=\"box-sizing: border-box;\" \/>Neste trabalho voc\u00ea desenvolver\u00e1 a atitude de investiga\u00e7\u00e3o e pr\u00e1tica, sistematizando<br style=\"box-sizing: border-box;\" \/>julgamentos baseados em crit\u00e9rios e padr\u00f5es qualitativos e quantitativos relacionados a uma<br style=\"box-sizing: border-box;\" \/>situa\u00e7\u00e3o geradora de aprendizagem (SGA) e embasados em conhecimentos constru\u00eddos em cada<br style=\"box-sizing: border-box;\" \/>disciplina.<br style=\"box-sizing: border-box;\" \/>Paulo filho de Jos\u00e9 um senhor de 70 anos, ao visitar seu pai Jose, percebeu que Jos\u00e9 estava com<br style=\"box-sizing: border-box;\" \/>o andar diferente, e ao questionar Jos\u00e9 sobre seu andar, Jos\u00e9 relatou que seu andar \u00e9 devido as<br style=\"box-sizing: border-box;\" \/>unhas do seu p\u00e9 que estavam com esfareladas e ao uso de cal\u00e7ado fechado, as unhas fr\u00e1geis ficam<br style=\"box-sizing: border-box;\" \/>em contato direto com o cal\u00e7ado o que interferia no seu caminhar.<br style=\"box-sizing: border-box;\" \/>Paulo ao ver o caso do seu pai procurou ajuda de um profissional pod\u00f3logo para ver o que<br style=\"box-sizing: border-box;\" \/>poderia ser feito para ajudar seu pai, ao chegar no pod\u00f3logo durante a anamnese Paulo contou que<br style=\"box-sizing: border-box;\" \/>seu pai Jos\u00e9 era diab\u00e9tico.<br style=\"box-sizing: border-box;\" \/>O pod\u00f3logo ent\u00e3o ao analisar os p\u00e9s de Jos\u00e9 constatou que ele apresentava onicomicose, e<br style=\"box-sizing: border-box;\" \/>explicou a Paulo e Jos\u00e9 os tratamentos a serem realizados em Jos\u00e9 deveriam ter um cuidado<br style=\"box-sizing: border-box;\" \/>redobrado uma vez que Jos\u00e9 \u00e9 diab\u00e9tico, al\u00e9m disso o pod\u00f3logo explicou que um dos tratamentos<br style=\"box-sizing: border-box;\" \/>da onicomicose \u00e9 uso de medicamentos orais, por\u00e9m para isso apenas o m\u00e9dico poderia prescrever<br style=\"box-sizing: border-box;\" \/>tais antif\u00fangicos e que ele o pod\u00f3logo poderia utilizar tratamentos alternativos como o laser.<br style=\"box-sizing: border-box;\" \/>Ap\u00f3s a consulta com o pod\u00f3logo, Paulo pesquisou no google as medica\u00e7\u00f5es para onicomicose e<br style=\"box-sizing: border-box;\" \/>resolveu comprar por conta pr\u00f3pria e ofereceu ao seu Jos\u00e9.<br style=\"box-sizing: border-box;\" \/>No dia do retorno ao pod\u00f3logo, o pod\u00f3logo ao ver sei Jos\u00e9 percebeu que a cor da sua pele<br style=\"box-sizing: border-box;\" \/>estava amarelada, assim como seus olhos, e ao questionar seu Jos\u00e9, e ele contou que seu filho<br style=\"box-sizing: border-box;\" \/>Paulo comprou as medica\u00e7\u00f5es para onicomicose por conta pr\u00f3pria e ele estava tomando e desde<br style=\"box-sizing: border-box;\" \/>ent\u00e3o apresentou epis\u00f3dios de v\u00f4mitos, febre e dor abdominal. O pod\u00f3logo imediatamente entro<br style=\"box-sizing: border-box;\" \/>em contato com Paulo e disse para ele levar seu Jos\u00e9 a unidade b\u00e1sica de sa\u00fade (UBS) mais pr\u00f3xima<br style=\"box-sizing: border-box;\" \/>que seu Jos\u00e9 precisava ser avaliado por um m\u00e9dico, pois apresentava quadro de hepatotoxicidade.<\/span><\/p>\n<p style=\"box-sizing: border-box; color: #666666; font-weight: 400;\">Diante\u00a0desse contexto, convidamos voc\u00ea a refletir sobre quest\u00f5es que envolvem os conte\u00fados<br style=\"box-sizing: border-box;\" \/>do semestre no sentido de encontrar ferramentas e subs\u00eddios te\u00f3ricos para superar os desafios<br style=\"box-sizing: border-box;\" \/>impostos pelas mudan\u00e7as que estamos enfrentando. Ap\u00f3s o aporte te\u00f3rico dos materiais did\u00e1ticos<br style=\"box-sizing: border-box;\" \/>e de apoio e das teleaulas ministradas pelos professores, \u00e9 hora de seguir os passos descritos a<br style=\"box-sizing: border-box;\" \/>seguir e desenvolver sua produ\u00e7\u00e3o textual.<br style=\"box-sizing: border-box;\" \/>Agora o desafio \u00e9 com voc\u00ea!<\/p>\n<p style=\"box-sizing: border-box; color: #666666; font-weight: 400;\">Etapa 1<br style=\"box-sizing: border-box;\" \/>O laser \u00e9 um recurso eletroter\u00e1pico usado com diversas finalidades e que apresenta entre seus<br style=\"box-sizing: border-box;\" \/>efeitos o est\u00edmulo da microcircula\u00e7\u00e3o que proporciona o aumento do tecido de granula\u00e7\u00e3o,<br style=\"box-sizing: border-box;\" \/>est\u00edmulo ao sistema imunol\u00f3gico, com efeito, antinflamat\u00f3rio, est\u00edmulo mit\u00f3tico resultando em<br style=\"box-sizing: border-box;\" \/>efeitos cicatrizantes, efeito analg\u00e9sico, promovendo equil\u00edbrio energ\u00e9tico no local da les\u00e3o. Como a<br style=\"box-sizing: border-box;\" \/>laserterapia atua especificamente no tratamento da onicomicose? Cite os efeitos.<br style=\"box-sizing: border-box;\" \/>Etapa 2<br style=\"box-sizing: border-box;\" \/>O diabetes mellitus \u00e9 uma doen\u00e7a grave, de evolu\u00e7\u00e3o lenta, que se n\u00e3o controlada<br style=\"box-sizing: border-box;\" \/>adequadamente provoca in\u00fameras les\u00f5es em todo o organismo. Qual a complica\u00e7\u00f5es nos p\u00e9s que o<br style=\"box-sizing: border-box;\" \/>paciente diab\u00e9tico pode apresentar? Qual o papel do pod\u00f3logo nesta patologia?<br style=\"box-sizing: border-box;\" \/>Etapa 3<br style=\"box-sizing: border-box;\" \/>A onicomicose \u00e9 uma infe\u00e7\u00e3o muito comum, especialmente nos idosos e imunodeprimidos.<br style=\"box-sizing: border-box;\" \/>Apesar de n\u00e3o ser perigosa para a vida, pode gerar grande inc\u00f3modo, devido \u00e0 distor\u00e7\u00e3o das<br style=\"box-sizing: border-box;\" \/>unhas e desconforto que pode causar. \u00c9 a doen\u00e7a das unhas mais frequente. O que \u00e9 onicomicose?<br style=\"box-sizing: border-box;\" \/>Como ocorre sua transmiss\u00e3o?<br style=\"box-sizing: border-box;\" \/>Etapa 4<br style=\"box-sizing: border-box;\" \/>O profissional de podologia est\u00e1 diariamente em contato com diversas infec\u00e7\u00f5es e<br style=\"box-sizing: border-box;\" \/>obstru\u00e7\u00f5es da pele do seu cliente, com isso o profissional torna-se mais propenso a adquirir<br style=\"box-sizing: border-box;\" \/>doen\u00e7as infecciosas como Hepatites B e C, micoses, AIDS entre outros.<\/p>\n<p style=\"box-sizing: border-box; color: #666666; font-weight: 400;\">Portanto, seguir os padr\u00f5es de biosseguran\u00e7a, e cumprir todas as recomenda\u00e7\u00f5es de higiene<br style=\"box-sizing: border-box;\" \/>durante os procedimentos \u00e9 essencial para evitar riscos \u00e0 sua sa\u00fade, e a de seus clientes. Os<br style=\"box-sizing: border-box;\" \/>equipamentos de Podologia s\u00e3o os instrumentos de prote\u00e7\u00e3o individual (EPI) utilizados pelo<br style=\"box-sizing: border-box;\" \/>pod\u00f3logo durante o atendimento ao paciente. Esses instrumentos ajudam a prevenir doen\u00e7as e<br style=\"box-sizing: border-box;\" \/>les\u00f5es no ambiente de trabalho. Quais s\u00e3o eles?<\/p>\n<p style=\"box-sizing: border-box; color: #666666; font-weight: 400;\">Etapa 5<br style=\"box-sizing: border-box;\" \/>O tratamento convencional das onicomicoses s\u00e3o, em geral, muito longos, fazendo com que<br style=\"box-sizing: border-box;\" \/>muitos pacientes desistam no meio do processo. Al\u00e9m disso, os medicamentos de via oral s\u00e3o<br style=\"box-sizing: border-box;\" \/>hepatot\u00f3xicos, ou seja, causam danos ao f\u00edgado. Justamente por ser longo e contar com medica\u00e7\u00e3o<br style=\"box-sizing: border-box;\" \/>lesiva, n\u00e3o costumo prescrever esse tipo de tratamento. Diante disso quais outros tratamentos<br style=\"box-sizing: border-box;\" \/>podem utilizados para onicomicose? Cite cada um deles explicando o mecanismo de a\u00e7\u00e3o dos<br style=\"box-sizing: border-box;\" \/>mesmos.<br style=\"box-sizing: border-box;\" \/>Refer\u00eancias:<br style=\"box-sizing: border-box;\" \/>JUSTINO, C. A. P.; JUSTINO, J. R.; BOMBONATO, A. M. Podologia: patologias da unha. S\u00e3o Paulo:<br style=\"box-sizing: border-box;\" \/>P\u00e1ginas do Brasil, 2011.<br style=\"box-sizing: border-box;\" \/>KAPANDJI, A. I. Fisiologia articular: miembro inferior. 6aed. Madrid: M\u00e9dica Paname-ricana, 2010.<br style=\"box-sizing: border-box;\" \/>v. 2.<br style=\"box-sizing: border-box;\" \/>PETRI, V. Dermatologia Pr\u00e1tica. Rio de Janeiro: Guanabara Koogan, 2009.<br style=\"box-sizing: border-box;\" \/>SIM\u00c2O, D; SANTOS, LPF. Podologia. Porto Alegre:SAGAH, 2018.<br style=\"box-sizing: border-box;\" \/>RUIZ, L. R. B.; CHIACCHIO, N. Di. Manual de conduta nas onicomicoses diagn\u00f3stico e tratamento.<br style=\"box-sizing: border-box;\" \/>In: Sociedade Brasileira de Dermatologia. Manual de Conduta. Rio de Janeiro: Sociedade Brasileira<br style=\"box-sizing: border-box;\" \/>de Dermatologia; 2004. p. 191-201.<\/p>\n<h4 id=\"elementor-tab-title-1941\" class=\"elementor-tab-title elementor-active\" style=\"box-sizing: border-box; color: var(--mf-dark-color);\" tabindex=\"0\" role=\"tab\" data-tab=\"1\" aria-controls=\"elementor-tab-content-1941\" aria-expanded=\"true\" aria-selected=\"true\">Como funciona?<\/h4>\n<div class=\"elementor-toggle-item\" style=\"box-sizing: border-box; color: #666666; font-size: 14px; font-weight: 400;\">\n<div id=\"elementor-tab-content-1941\" class=\"elementor-tab-content elementor-clearfix elementor-active\" style=\"box-sizing: border-box;\" role=\"tabpanel\" data-tab=\"1\" aria-labelledby=\"elementor-tab-title-1941\">\n<p style=\"box-sizing: border-box;\">Elaboramos os portf\u00f3lios, j\u00e1 deixamos prontos, nas normas da ABNT e conforme os requisitos da universidade. F\u00e1cil assim! O MELHOR \u00c9 QUE VOC\u00ca COMPRA E J\u00c1 BAIXA NA HORA O SEU ARQUIVO EM WORD! Sabemos que conciliar trabalho, fam\u00edlia, vida profissional e estudos \u00e9 dif\u00edcil hoje em dia, por isso, estamos aqui para ajudar voc\u00ea. Conte com nossa qualidade, experi\u00eancia e profissionalismo adquirindo seu portf\u00f3lio conosco. GARANTIMOS SEU CONCEITO!<\/p>\n<\/div>\n<\/div>\n<h4 style=\"box-sizing: border-box; color: var(--mf-dark-color);\">Como se realizam os envios?<\/h4>\n<div class=\"elementor-toggle-item\" style=\"box-sizing: border-box; color: #666666; font-size: 14px; font-weight: 400;\">\n<div class=\"elementor-tab-content elementor-clearfix elementor-active\" style=\"box-sizing: border-box;\" role=\"tabpanel\" data-tab=\"1\" aria-labelledby=\"elementor-tab-title-1941\"><\/div>\n<\/div>\n<div class=\"elementor-toggle-item\" style=\"box-sizing: border-box; color: #666666; font-size: 14px; font-weight: 400;\">\n<div id=\"elementor-tab-content-1942\" class=\"elementor-tab-content elementor-clearfix elementor-active\" style=\"box-sizing: border-box;\" role=\"tabpanel\" data-tab=\"2\" aria-labelledby=\"elementor-tab-title-1942\">O seu trabalho \u00e9 disponibilizado pronto, respondido e nas normas j\u00e1 na mesma hora aqui em nosso site na sua \u00e1rea de downloads e tamb\u00e9m no seu e-mail.<\/div>\n<\/div>\n<h4 style=\"box-sizing: border-box; color: var(--mf-dark-color);\">Em quanto tempo recebo o portf\u00f3lio?<\/h4>\n<div class=\"elementor-toggle-item\" style=\"box-sizing: border-box; color: #666666; font-size: 14px; font-weight: 400;\">\n<div class=\"elementor-tab-content elementor-clearfix elementor-active\" style=\"box-sizing: border-box;\" role=\"tabpanel\" data-tab=\"3\" aria-labelledby=\"elementor-tab-title-1943\"><\/div>\n<\/div>\n<div class=\"elementor-toggle-item\" style=\"box-sizing: border-box; color: #666666; font-size: 14px; font-weight: 400;\">\n<div id=\"elementor-tab-content-1944\" class=\"elementor-tab-content elementor-clearfix elementor-active\" style=\"box-sizing: border-box;\" role=\"tabpanel\" data-tab=\"4\" aria-labelledby=\"elementor-tab-title-1944\">\n<p style=\"box-sizing: border-box;\">Os envios s\u00e3o imediatos. Ap\u00f3s sua compra, o trabalho j\u00e1 \u00e9 disponibilizado instantaneamente aqui em nosso site e no seu e-mail.<\/p>\n<\/div>\n<\/div>\n<h4 style=\"box-sizing: border-box; color: var(--mf-dark-color);\">E se o portf\u00f3lio que comprei precisar de corre\u00e7\u00e3o?<\/h4>\n<div class=\"elementor-toggle-item\" style=\"box-sizing: border-box; color: #666666; font-size: 14px; font-weight: 400;\">\n<div class=\"elementor-tab-content elementor-clearfix elementor-active\" style=\"box-sizing: border-box;\" role=\"tabpanel\" data-tab=\"4\" aria-labelledby=\"elementor-tab-title-1944\"><\/div>\n<\/div>\n<div class=\"elementor-toggle-item\" style=\"box-sizing: border-box; color: #666666; font-size: 14px; font-weight: 400;\">\n<div id=\"elementor-tab-content-1945\" class=\"elementor-tab-content elementor-clearfix elementor-active\" style=\"box-sizing: border-box;\" role=\"tabpanel\" data-tab=\"5\" aria-labelledby=\"elementor-tab-title-1945\">\n<p style=\"box-sizing: border-box;\">Caso haja alguma solicita\u00e7\u00e3o de corre\u00e7\u00e3o\/altera\u00e7\u00e3o por parte do tutor, basta entrar em contato conosco pelo\u00a0<a style=\"box-sizing: border-box; background: transparent; transition-property: all; box-shadow: none;\" href=\"https:\/\/api.whatsapp.com\/send\/?phone=5553984751621&amp;text&amp;app_absent=0\">W<\/a>h<a style=\"box-sizing: border-box; background: transparent; transition-property: all; box-shadow: none;\" href=\"https:\/\/api.whatsapp.com\/send\/?phone=5553984751621&amp;text&amp;app_absent=0\">atsApp<\/a>\u00a0que provid\u00eanciaremos sem custo algum.<\/p>\n<\/div>\n<\/div>\n<h4 style=\"box-sizing: border-box; color: var(--mf-dark-color);\">Qual o formato do arquivo?<\/h4>\n<div class=\"elementor-toggle-item\" style=\"box-sizing: border-box; color: #666666; font-size: 14px; font-weight: 400;\">\n<div class=\"elementor-tab-content elementor-clearfix elementor-active\" style=\"box-sizing: border-box;\" role=\"tabpanel\" data-tab=\"5\" aria-labelledby=\"elementor-tab-title-1945\"><\/div>\n<\/div>\n<div class=\"elementor-toggle-item\" style=\"box-sizing: border-box; color: #666666; font-size: 14px; font-weight: 400;\">\n<div id=\"elementor-tab-content-1946\" class=\"elementor-tab-content elementor-clearfix elementor-active\" style=\"box-sizing: border-box;\" role=\"tabpanel\" data-tab=\"6\" aria-labelledby=\"elementor-tab-title-1946\">\n<p style=\"box-sizing: border-box;\">Os arquivos s\u00e3o enviados em formato Word e s\u00e3o edit\u00e1veis.<\/p>\n<\/div>\n<\/div>\n<h4 style=\"box-sizing: border-box; color: var(--mf-dark-color);\">Caso eu tiver alguma d\u00favida, terei suporte no p\u00f3s venda?<\/h4>\n<div class=\"elementor-toggle-item\" style=\"box-sizing: border-box; color: #666666; font-size: 14px; font-weight: 400;\">\n<div class=\"elementor-tab-content elementor-clearfix elementor-active\" style=\"box-sizing: border-box;\" role=\"tabpanel\" data-tab=\"6\" aria-labelledby=\"elementor-tab-title-1946\"><\/div>\n<\/div>\n<div class=\"elementor-toggle-item\" style=\"box-sizing: border-box; color: #666666; font-size: 14px; font-weight: 400;\">\n<div id=\"elementor-tab-content-1948\" class=\"elementor-tab-content elementor-clearfix elementor-active\" style=\"box-sizing: border-box;\" role=\"tabpanel\" data-tab=\"8\" aria-labelledby=\"elementor-tab-title-1948\">\n<p style=\"box-sizing: border-box;\">Sim, com certeza. Basta clicar no \u00edcone do WhatsApp no cantinho da tela. Ser\u00e1 um prazer atend\u00ea-lo(a).<\/p>\n<\/div>\n<\/div>\n<div class=\"elementor-toggle-item\">\n<div id=\"elementor-tab-content-1948\" class=\"elementor-tab-content elementor-clearfix elementor-active\" role=\"tabpanel\" data-tab=\"8\" aria-labelledby=\"elementor-tab-title-1948\">\n<h4>Quais os seus canais de contato?<\/h4>\n<\/div>\n<\/div>\n<div class=\"elementor-toggle-item\">\n<div id=\"elementor-tab-content-1949\" class=\"elementor-tab-content elementor-clearfix elementor-active\" role=\"tabpanel\" data-tab=\"9\" aria-labelledby=\"elementor-tab-title-1949\">\n<p>Whatsapp: 53 984751621 \u2013 Clicar no canto da tela ou ESCANEIE O QRCODE ABAIXO<\/p>\n<p><img decoding=\"async\" class=\"alignnone wp-image-7603\" src=\"http:\/\/portifolioos-prontos.com\/wp-content\/uploads\/2022\/09\/portfolio-unopar-pronto-colaborar-ava-producao-textual-interdisciplinar.png\" alt=\"Onicomicose em idosos,portf\u00f3lio Onicomicose em idosos,pti Onicomicose em idosos,portf\u00f3lio ead Onicomicose em idosos,portf\u00f3lio pronto Onicomicose em idosos,portf\u00f3lio unopar Onicomicose em idosos,trabalho pronto Onicomicose em idosos,portf\u00f3lioo ead Onicomicose em idosos,portf\u00f3lio podologia Onicomicose em idosos,podologia Onicomicose em idosos,Onicomicose em idosos portf\u00f3lio,portf\u00f3lio podologia,portfolio podologia,portf\u00f3lio pronto unopar Onicomicose em idosos portf\u00f3lio,portf\u00f3lio anhanguera Onicomicose em idosos portf\u00f3lio,portf\u00f3lio anhanguera podologia,trabalho pronto Onicomicose em idosos portf\u00f3lio,trabalhos feitos Onicomicose em idosos portf\u00f3lio,Portfolio pronto,portifolio pronto,portf\u00f3lio pronto,portifolios prontos,portif\u00f3lios prontos,portf\u00f3lio pronto unopar,portifolio pronto unopar,portif\u00f3lio pronto unopar,portifolios prontos unopar,portifolios prontos anhanguera,portf\u00f3lios prontos anhanguera,portf\u00f3lio pronto anhanguera,portfolios ead,portf\u00f3lios ead,portfolioead,apostileiros,portf\u00f3lio ead,portifolios ead,portif\u00f3lios ead,eadhelp,shop do acad\u00eamico,unopar portfolio,portfolio pronto ead,portfolio unopar ead,ead portfolio ava,portf\u00f3lio ead anhanguera,portf\u00f3lio ead pront,o portf\u00f3lio ead unopar,portf\u00f3lio pronto em word,pti unopar,ptg unopar,modelo de portf\u00f3lio unopar,modelo de portf\u00f3lio anhanguera,como fazer um portf\u00f3lio para faculdade,como faz portf\u00f3lio universidade,como faz portf\u00f3lios para universidade,portf\u00f3lios prontos para universidade,portf\u00f3lios pronto para faculdade,portf\u00f3lio pronto para editar,portifolios prontos para editar,portf\u00f3lio em word,portfolio em word,portf\u00f3lio em word para editar,portifolio em word para editar,portfolio unopar pronto para editar,modelo de portfolio para unopar,modelo de portif\u00f3lio para unopar,modelo de portf\u00f3lio para unopar,unopar portf\u00f3lio pronto,anhanguera portf\u00f3lio pronto,portf\u00f3lio em word pronto,comprar portf\u00f3lio pronto,como fazer um portf\u00f3lio,como fazer portf\u00f3lio digital,portfolio,portf\u00f3lio,portifolio,portif\u00f3lio,portf\u00f3lio interdisciplinar individual,portfolio interdisciplinar individual,exemplos de portf\u00f3lio para faculdade,baixar portf\u00f3lio pronto,portf\u00f3lio acad\u00eamico,portf\u00f3lio online,portfoliooead,portfolio ead,portf\u00f3lio pronto interdisciplinar individual,relat\u00f3rio de est\u00e1gio unopar,relat\u00f3rio de est\u00e1gio pronto unopar,como criar um portf\u00f3lio,o que \u00e9 um portf\u00f3lio e como fazer,portfolio exemplo,modelo de portfolio acad\u00eamico,relat\u00f3rio de est\u00e1gio gest\u00e3o escolar pronto unopar,portf\u00f3lio como fazer,prova profici\u00eancia unopar,portfolio individual est\u00e1gio curricular obrigat\u00f3rio ii anos iniciais do ensino fundamental,prova de profici\u00eancia pedagogia unopar,capa de trabalho unopar para editar,portf\u00f3lio acad\u00eamico unopar,como fazer um portf\u00f3lio acad\u00eamico,portf\u00f3lio exemplos word,portfolio acad\u00eamico,portfolio individual,portfolio individual unopar,portfolio individual anhanguera,portfolio marketing digital,portf\u00f3lio educa\u00e7\u00e3o f\u00edsica unopar,portf\u00f3lio gest\u00e3o educacional e espa\u00e7os n\u00e3o escolares,como fazer um portifolio unopar,modelo de portf\u00f3lio unopar em arquivo word,capa de portf\u00f3lio de pedagogia,como fazer um portf\u00f3lio no word,projeto integrado unopar,exemplo de portf\u00f3lio academico pedagogia\" width=\"141\" height=\"141\" srcset=\"https:\/\/portifolioos-prontos.com\/wp-content\/uploads\/2022\/09\/portfolio-unopar-pronto-colaborar-ava-producao-textual-interdisciplinar.png 150w, https:\/\/portifolioos-prontos.com\/wp-content\/uploads\/2022\/09\/portfolio-unopar-pronto-colaborar-ava-producao-textual-interdisciplinar-100x100.png 100w\" sizes=\"(max-width: 141px) 100vw, 141px\" \/><\/p>\n<\/div>\n<\/div>\n<div class=\"elementor-toggle-item\" style=\"box-sizing: border-box; color: #666666; font-size: 14px; font-weight: 400;\">\n<div id=\"elementor-tab-content-1949\" class=\"elementor-tab-content elementor-clearfix elementor-active\" style=\"box-sizing: border-box;\" role=\"tabpanel\" data-tab=\"9\" aria-labelledby=\"elementor-tab-title-1949\">\n<p style=\"box-sizing: border-box;\">E-mail:portifoliosp@gmail.com<\/p>\n<div id=\"attachment_143\" class=\"wp-caption alignnone\" style=\"box-sizing: border-box; padding: 5px; text-align: center; width: 164px;\">\n<div id=\"attachment_143\" class=\"wp-caption aligncenter\" style=\"box-sizing: border-box; padding: 5px; width: 148px;\">\n<p style=\"box-sizing: border-box;\"><a style=\"box-sizing: border-box; background: transparent; transition-property: all; box-shadow: none;\" href=\"http:\/\/portifolioos-prontos.com\/\"><img decoding=\"async\" class=\"wp-image-143\" style=\"box-sizing: border-box; vertical-align: middle; display: block; width: 148px; margin: 0px; border-radius: 0px; box-shadow: none;\" title=\"portfolio pronto unopar\" src=\"http:\/\/portifolioos-prontos.com\/wp-content\/uploads\/2022\/04\/conceitomaximo.png\" alt=\"PORTFOLIO PRONTO UNOPAR ANHANGUERA\" width=\"164\" height=\"42\" aria-describedby=\"caption-attachment-143\" \/><\/a><\/p>\n<p id=\"caption-attachment-143\" class=\"wp-caption-text\" style=\"box-sizing: border-box; margin-right: 0px; margin-bottom: 0px; margin-left: 0px; font-size: small; padding: 5px 0px 0px;\">Portf\u00f3lio em Word, respondido, completo e j\u00e1 nas normas.<\/p>\n<\/div>\n<\/div>\n<\/div>\n<\/div>\n","protected":false},"excerpt":{"rendered":"<p>Portf\u00f3lio Onicomicose em idosos Curso: Podologia Semestre: 3\u00b0 semestre A proposta de Produ\u00e7\u00e3o Textual Interdisciplinar Individual (PTI) ter\u00e1 como tem\u00e1tica\u201cOnicomicose em idosos\u201d. Com essa tem\u00e1tica objetivamos possibilitar a voc\u00ea, estudante, aaprendizagem interdisciplinar de conte\u00fados contemplados nas disciplinas desse semestre.Neste trabalho voc\u00ea desenvolver\u00e1 a atitude de investiga\u00e7\u00e3o e pr\u00e1tica, sistematizandojulgamentos baseados em crit\u00e9rios e padr\u00f5es qualitativos&hellip;<\/p>\n","protected":false},"featured_media":6590,"template":"","meta":{"_seopress_robots_primary_cat":"none","_seopress_titles_title":"%%post_title%% %%sitetitle%%","_seopress_titles_desc":"%%post_content%%","_seopress_robots_index":""},"product_cat":[68,15],"product_tag":[],"class_list":{"0":"post-6355","1":"product","2":"type-product","3":"status-publish","4":"has-post-thumbnail","6":"product_cat-podologia","7":"product_cat-uncategorized","9":"first","10":"instock","11":"downloadable","12":"virtual","13":"purchasable","14":"product-type-simple","15":"col-xs-6 col-sm-4","16":"col-mf-5","17":"un-5-cols"},"jetpack_sharing_enabled":true,"_links":{"self":[{"href":"https:\/\/portifolioos-prontos.com\/index.php\/wp-json\/wp\/v2\/product\/6355","targetHints":{"allow":["GET"]}}],"collection":[{"href":"https:\/\/portifolioos-prontos.com\/index.php\/wp-json\/wp\/v2\/product"}],"about":[{"href":"https:\/\/portifolioos-prontos.com\/index.php\/wp-json\/wp\/v2\/types\/product"}],"version-history":[{"count":0,"href":"https:\/\/portifolioos-prontos.com\/index.php\/wp-json\/wp\/v2\/product\/6355\/revisions"}],"wp:featuredmedia":[{"embeddable":true,"href":"https:\/\/portifolioos-prontos.com\/index.php\/wp-json\/wp\/v2\/media\/6590"}],"wp:attachment":[{"href":"https:\/\/portifolioos-prontos.com\/index.php\/wp-json\/wp\/v2\/media?parent=6355"}],"wp:term":[{"taxonomy":"product_cat","embeddable":true,"href":"https:\/\/portifolioos-prontos.com\/index.php\/wp-json\/wp\/v2\/product_cat?post=6355"},{"taxonomy":"product_tag","embeddable":true,"href":"https:\/\/portifolioos-prontos.com\/index.php\/wp-json\/wp\/v2\/product_tag?post=6355"}],"curies":[{"name":"wp","href":"https:\/\/api.w.org\/{rel}","templated":true}]}}