{"id":6367,"date":"2022-08-05T15:12:42","date_gmt":"2022-08-05T18:12:42","guid":{"rendered":"https:\/\/portifolioos-prontos.com\/?post_type=product&#038;p=6367"},"modified":"2022-09-14T15:16:20","modified_gmt":"2022-09-14T18:16:20","slug":"portfolio-criancas-e-adolescentes-e-as-politicas-publicas","status":"publish","type":"product","link":"https:\/\/portifolioos-prontos.com\/index.php\/product\/portfolio-criancas-e-adolescentes-e-as-politicas-publicas\/","title":{"rendered":"Portf\u00f3lio Crian\u00e7as e adolescentes e as pol\u00edticas p\u00fablicas"},"content":{"rendered":"<h4>Portf\u00f3lio Crian\u00e7as e adolescentes e as Pol\u00edticas P\u00fablicas<\/h4>\n<h4>Curso: Servi\u00e7o Social<\/h4>\n<h4>Semestre: 5\u00b0 \/ 6\u00b0<\/h4>\n<hr \/>\n<p>A proposta de Produ\u00e7\u00e3o Textual Individual (PTI) ter\u00e1 como tem\u00e1tica: <b>\u201cCrian\u00e7as e<br \/>\nadolescentes e as Pol\u00edticas P\u00fablicas\u201d<\/b>.<\/p>\n<p>1. Leitura e interpreta\u00e7\u00e3o da Situa\u00e7\u00e3o Geradora de Aprendizagem (SGA)<br \/>\nPor meio da leitura da SGA voc\u00ea, futuro(a) assistente social, dever\u00e1 elaborar uma<br \/>\nprodu\u00e7\u00e3o textual, com respaldo te\u00f3rico-metodol\u00f3gico das disciplinas que foram cursadas ao<br \/>\nlongo deste semestre.<\/p>\n<p>SITUA\u00c7\u00c3O GERADORA DE APRENDIZAGEM (<a href=\"http:\/\/portifolioos-prontos.com\">SGA<\/a>)<\/p>\n<p>2. Leia e interprete a Situa\u00e7\u00e3o Geradora de Aprendizagem (SGA)<br \/>\nDesde a Constitui\u00e7\u00e3o Federal em 1988 encontramos afirma\u00e7\u00f5es que direcionam a<br \/>\nprote\u00e7\u00e3o de crian\u00e7as e adolescentes e seus direitos a n\u00edvel nacional. No entanto, n\u00e3o podemos<br \/>\ndesconsiderar que anteriormente sob car\u00e1ter caritativo, filantr\u00f3pico e por vezes correcional<br \/>\ne\/ou repressivo, al\u00e9m de assistencialista e paternalista o atendimento e acolhimento das<br \/>\ndemandas voltadas aos \u201cmenores\u201d registram a hist\u00f3ria que se caracteriza muito mais em<br \/>\ndesprote\u00e7\u00e3o que em aten\u00e7\u00e3o protetiva.<\/p>\n<p>Como assistente social, atuando em qualquer que seja a esfera de governo, junto \u00e0<br \/>\nexecu\u00e7\u00e3o de servi\u00e7os, programas e\/ou projetos de aten\u00e7\u00e3o \u00e0 fam\u00edlias, se faz imprescind\u00edvel o<br \/>\nreconhecimento dos fatores de condi\u00e7\u00e3o peculiar de desenvolvimento das crian\u00e7as e<br \/>\nadolescentes como credores de prioridade absoluta no que tange a prote\u00e7\u00e3o integral de que<br \/>\ntratam as legisla\u00e7\u00f5es vigentes como a CF\/1988 e o Estatuto da Crian\u00e7a e do Adolescente.<\/p>\n<p>3. Reflita sobre a seguinte situa\u00e7\u00e3o-problema:<br \/>\nJeni \u00e9 assistente social na Escola Municipal de Ensino Fundamental I e II Amadeu Rosa<br \/>\nna zona rural do Munic\u00edpio de Ponte Pequena. Ela e outras profissionais de servi\u00e7o social foram<br \/>\ncontratadas na perspectiva de atender a Lei 13.935\/2019. At\u00e9 ent\u00e3o n\u00e3o havia atua\u00e7\u00e3o de<br \/>\nassistentes sociais junto a Pol\u00edtica de Educa\u00e7\u00e3o no munic\u00edpio, fosse em zona urbana ou rural.<br \/>\nNeste sentido, compreendendo a necessidade de fundamentar a atua\u00e7\u00e3o profissional<br \/>\nna Pol\u00edtica de Educa\u00e7\u00e3o atuando diretamente em unidade de ensino, reflita sobre a situa\u00e7\u00e3o<br \/>\nexposta para desenvolver criticamente sobre os principais aspectos te\u00f3rico-metodol\u00f3gicos,<br \/>\nt\u00e9cnico-operativos e \u00e9tico-pol\u00edticos que precisar\u00e3o fomentar a atua\u00e7\u00e3o t\u00e9cnica da assistente<br \/>\nsocial Jeni no que diz respeito a considera\u00e7\u00e3o da SGA e os conte\u00fados das diversas disciplinas<br \/>\ndesenvolvidas neste semestre. Esta aproxima\u00e7\u00e3o do cotidiano concreto que hipoteticamente foi<br \/>\nexposta aqui deve servir de exemplo para an\u00e1lise da SGA e conseguinte constru\u00e7\u00e3o textual.<br \/>\nSe necess\u00e1rio para a produ\u00e7\u00e3o textual, utilize outras refer\u00eancias e articule o conte\u00fado<br \/>\nda Situa\u00e7\u00e3o Problema com as disciplinas cursadas no semestre dissertando no m\u00ednimo 5 (cinco)<br \/>\ne no m\u00e1ximo 8 (oito) p\u00e1ginas, (sem contar, introdu\u00e7\u00e3o, conclus\u00e3o e refer\u00eancias) apresentando:<br \/>\nIntrodu\u00e7\u00e3o, Desenvolvimento, Conclus\u00e3o e Refer\u00eancias.<\/p>\n<p>ORIENTA\u00c7\u00d5ES PARA A EXECU\u00c7\u00c3O DO TRABALHO<\/p>\n<p>Para lhes auxiliar na elabora\u00e7\u00e3o da interven\u00e7\u00e3o did\u00e1tica, voc\u00eas devem realizar as seguintes<br \/>\netapas:<br \/>\n4. Leitura dos seguintes materiais:<br \/>\na) LEMOS, Fl\u00e1via Cristina Silveira et al. UNICEF, inf\u00e2ncia, educa\u00e7\u00e3o e pr\u00e1ticas de<br \/>\nprote\u00e7\u00e3o de direitos no Brasil. Revista de Ci\u00eancias HUMANAS, v. 51, n. 2, p. 388-<br \/>\n404, 2017.<\/p>\n<p>b) CFESS. Comiss\u00e3o de Fiscaliza\u00e7\u00e3o. Subs\u00eddios para a atua\u00e7\u00e3o de assistentes<br \/>\nsociais na pol\u00edtica de educa\u00e7\u00e3o. Social. S\u00e9rie Trabalho e projeto profissional<br \/>\nnas pol\u00edticas sociais, n. 3. Bras\u00edlia: CFESS, 2010. Dispon\u00edvel em:<\/p>\n<p><a href=\"http:\/\/www.cfess.org.br\/arquivos\" rel=\"nofollow\">http:\/\/www.cfess.org.br\/arquivos<\/a>\u00a0\/BROCHURACFESS_SUBSIDIOS-AS-<br \/>\nEDUCACAO.pdf. Acesso em: 28 jun 2022.<\/p>\n<p>c) SILVA, Maria do Ros\u00e1rio de F\u00e1tima. ATUA\u00c7\u00c3O DO SERVI\u00c7O SOCIAL NO PROCESSO<br \/>\nDE GEST\u00c3O E AVALIA\u00c7\u00c3O DE POL\u00cdTICAS E PROGRAMAS SOCIAIS. Revista de<br \/>\nPol\u00edticas P\u00fablicas, vol. 22, pp. 561-578, 2018. Dispon\u00edvel em:<br \/>\n<a href=\"https:\/\/www.redalyc.org\/journal\/3211\/321158844026\/html\/\" rel=\"nofollow\">https:\/\/www.redalyc.org\/journal\/3211\/321158844026\/html\/<\/a>\u00a0acesso em<br \/>\n28\/06\/2022.<br \/>\nd) DIGI\u00c1COMO, Murillo Jos\u00e9. Diretrizes para a Pol\u00edtica Destinada ao Atendimento de<br \/>\nCrian\u00e7as e Adolescentes. ENCONTRO \u201cPROGRAMA DE MOBILIZA\u00c7\u00c3O PARA A<br \/>\nINCLUS\u00c3O ESCOLAR E VALORIZA\u00c7\u00c3O DA VIDA\u201d. Faxinal do C\u00e9u, v. 17, 2019.<br \/>\ne) SOUSA, Charles Toniolo. A pr\u00e1tica do assistente social: conhecimento,<br \/>\ninstrumentalidade e interven\u00e7\u00e3o profissional (The social worker practice:<br \/>\nknowledge, instrumentality and professional intervention. Emancipa\u00e7\u00e3o, v. 8, n. 1,<br \/>\n2008.<\/p>\n<p>5. Ap\u00f3s o processo de reflex\u00e3o, de in\u00edcio \u00e0 elabora\u00e7\u00e3o da produ\u00e7\u00e3o textual, organizando-<br \/>\na com base nos seguintes crit\u00e9rios:<\/p>\n<p><b>Passo 1:<\/b> Com base nas leituras indicadas e nos materiais das disciplinas semestrais desenvolvam<br \/>\numa produ\u00e7\u00e3o.<br \/>\n<b>Passo 2:<\/b> A produ\u00e7\u00e3o textual dever\u00e1 conter: introdu\u00e7\u00e3o, desenvolvimento, conclus\u00e3o e<br \/>\nrefer\u00eancias, em itens separados, conforme as normas da ABNT.<br \/>\n<b>Passo 3:<\/b> Contemple as quest\u00f5es abaixo e relacionem com os materiais indicados. Essas quest\u00f5es<br \/>\ndevem ser usadas para nortear a produ\u00e7\u00e3o do texto:<\/p>\n<p>1 Pesquisa Social: A sua produ\u00e7\u00e3o textual dever\u00e1 se pautar em uma pesquisa com<br \/>\nfundamenta\u00e7\u00e3o bibliogr\u00e1fica. Na introdu\u00e7\u00e3o do seu texto, voc\u00ea dever\u00e1 descrever, de<br \/>\nforma simplificada, os objetivos (geral e espec\u00edficos), metodologia e m\u00e9todo<br \/>\nutilizados para o desenvolvimento da pesquisa realizada (estes itens dever\u00e3o ser<\/p>\n<p>trabalhados ao longo da introdu\u00e7\u00e3o, sem fragmenta\u00e7\u00e3o). Lembre-se, portanto, de<br \/>\nrevisitar os materiais da disciplina de Pesquisa Social para que seu embasamento seja<br \/>\ns\u00f3lido. Para lhe auxiliar com as normas da ABNT, voc\u00ea poder\u00e1 consultar a o site<br \/>\nabaixo indicado.<\/p>\n<p>Texto: Normas ABNT.ORG: Dispon\u00edvel em:\u00a0<a href=\"https:\/\/www.normasabnt.org\/normas-abnt-2022\/\" rel=\"nofollow\">https:\/\/www.normasabnt.org\/normas-abnt-2022\/<\/a>.<br \/>\nAcesso em: 28 jun 2022.<\/p>\n<p>2 Gest\u00e3o e An\u00e1lise de Pol\u00edticas Sociais Considerando os par\u00e2metros estabelecidos<br \/>\npara a atua\u00e7\u00e3o do Assistente Social nas \u00e1reas da Assist\u00eancia Social e Educa\u00e7\u00e3o, com<br \/>\n\u00eanfase ao atendimento de crian\u00e7as e adolescentes, quais as atribui\u00e7\u00f5es e<br \/>\ncompet\u00eancias do assistente social no processo de gest\u00e3o e avalia\u00e7\u00e3o das pol\u00edticas e<br \/>\nprogramas sociais, considerando as duas \u00e1reas de pol\u00edticas p\u00fablicas aqui<br \/>\ndestacadas?<\/p>\n<p>Texto: SILVA, Maria do Ros\u00e1rio de F\u00e1tima. ATUA\u00c7\u00c3O DO SERVI\u00c7O SOCIAL NO PROCESSO DE<br \/>\nGEST\u00c3O E AVALIA\u00c7\u00c3O DE POL\u00cdTICAS E PROGRAMAS SOCIAIS. Revista de Pol\u00edticas P\u00fablicas, vol.<br \/>\n22, pp. 561-578, 2018.<\/p>\n<p>3 Pol\u00edticas Setoriais: Invariavelmente, as pol\u00edticas p\u00fablicas que mais se aproximam da<br \/>\nvida cotidiana dos sujeitos s\u00e3o as pol\u00edticas sociais \u2013 comumente elas est\u00e3o<br \/>\norganizadas em pol\u00edticas p\u00fablicas setoriais (como por exemplo, sa\u00fade, educa\u00e7\u00e3o,<br \/>\nsaneamento b\u00e1sico, transporte, seguran\u00e7a etc.). Compreender o que s\u00e3o pol\u00edticas<br \/>\np\u00fablicas tamb\u00e9m implica no entendimento do processo de elabora\u00e7\u00e3o e execu\u00e7\u00e3o<br \/>\ndas mesmas. De forma did\u00e1tica, \u00e9 poss\u00edvel compreender o desenvolvimento das<br \/>\npol\u00edticas p\u00fablicas \u00e9 o ciclo de pol\u00edticas p\u00fablicas. A perspectiva da inten\u00e7\u00e3o na<br \/>\npresen\u00e7a do\/a assistente social na pol\u00edtica de educa\u00e7\u00e3o atuando junto as unidades<br \/>\nde ensino (escolas) deve ser a base para a produ\u00e7\u00e3o textual.<\/p>\n<p>Texto: DIGI\u00c1COMO, Murillo Jos\u00e9. Diretrizes para a Pol\u00edtica Destinada ao Atendimento de<br \/>\nCrian\u00e7as e Adolescentes. ENCONTRO \u201cPROGRAMA DE MOBILIZA\u00c7\u00c3O PARA A INCLUS\u00c3O<br \/>\nESCOLAR E VALORIZA\u00c7\u00c3O DA VIDA\u201d. Faxinal do C\u00e9u, v. 17, 2019.<\/p>\n<p>4 Instrumentalidade em Servi\u00e7o Social e Est\u00e1gio em Servi\u00e7o Social II: Atualmente<br \/>\npodemos identificar v\u00e1rios espa\u00e7os de trabalho do(a) Assistente Social, vinculados<br \/>\n\u00e0 \u00e1rea da inf\u00e2ncia e adolesc\u00eancia. Pode citar alguns como: Acolhimentos<\/p>\n<p>Institucionais; Programas de Fam\u00edlia Acolhedora e Guarda Subsidiada; Servi\u00e7os de<br \/>\nConviv\u00eancia e Fortalecimentos de V\u00ednculos; Escolas; CREAS, dentre outros. Em todos<br \/>\neles, Assistentes Sociais utilizam, em seu cotidiano profissional, um arsenal de<br \/>\ninstrumentos, a fim de atingir objetivos previamente estabelecidos em sua<br \/>\ninterven\u00e7\u00e3o. Diante disso, a proposta dessa atividade \u00e9 que voc\u00ea construa um texto<br \/>\nque apresente e explique alguns instrumentos e t\u00e9cnicas do Servi\u00e7o Social, que s\u00e3o<br \/>\ncomumente utilizados nessas na \u00e1rea da inf\u00e2ncia e adolesc\u00eancia. Uma dica: n\u00e3o se<br \/>\nesque\u00e7a que o(a) Assistente Social atua tanto em uma perspectiva individualizada,<br \/>\nfamiliar, em grupo, no territ\u00f3rio e em articula\u00e7\u00e3o com o Sistema de Garantia de<br \/>\nDireitos da Crian\u00e7a e do Adolescente e rede de servi\u00e7os, em geral.<\/p>\n<p>Texto: SOUSA, Charles Toniolo. A pr\u00e1tica do assistente social: conhecimento,<br \/>\ninstrumentalidade e interven\u00e7\u00e3o profissional (The social worker practice: knowledge,<br \/>\ninstrumentality and professional intervention. Emancipa\u00e7\u00e3o, v. 8, n. 1, 2008.<\/p>\n<p>&nbsp;<\/p>\n<div class=\"elementor-toggle-item\" style=\"box-sizing: border-box;\">\n<h4 id=\"elementor-tab-title-1941\" class=\"elementor-tab-title elementor-active\" style=\"box-sizing: border-box; color: var(--mf-dark-color);\" tabindex=\"0\" role=\"tab\" data-tab=\"1\" aria-controls=\"elementor-tab-content-1941\" aria-expanded=\"true\" aria-selected=\"true\">Como funciona?<\/h4>\n<div id=\"elementor-tab-content-1941\" class=\"elementor-tab-content elementor-clearfix elementor-active\" style=\"box-sizing: border-box;\" role=\"tabpanel\" data-tab=\"1\" aria-labelledby=\"elementor-tab-title-1941\">\n<p style=\"box-sizing: border-box;\">Elaboramos os portf\u00f3lios, j\u00e1 deixamos prontos, nas normas da ABNT e conforme os requisitos da universidade. F\u00e1cil assim! O MELHOR \u00c9 QUE VOC\u00ca COMPRA E J\u00c1 BAIXA NA HORA O SEU ARQUIVO EM WORD! Sabemos que conciliar trabalho, fam\u00edlia, vida profissional e estudos \u00e9 dif\u00edcil hoje em dia, por isso, estamos aqui para ajudar voc\u00ea. Conte com nossa qualidade, experi\u00eancia e profissionalismo adquirindo seu portf\u00f3lio conosco. GARANTIMOS SEU CONCEITO!<\/p>\n<h4 style=\"box-sizing: border-box; color: var(--mf-dark-color);\">Como se realizam os envios?<\/h4>\n<\/div>\n<\/div>\n<div class=\"elementor-toggle-item\" style=\"box-sizing: border-box;\">\n<div id=\"elementor-tab-content-1942\" class=\"elementor-tab-content elementor-clearfix elementor-active\" style=\"box-sizing: border-box;\" role=\"tabpanel\" data-tab=\"2\" aria-labelledby=\"elementor-tab-title-1942\">O seu trabalho \u00e9 disponibilizado pronto, respondido e nas normas j\u00e1 na mesma hora aqui em nosso site na sua \u00e1rea de downloads e tamb\u00e9m no seu e-mail.<\/div>\n<\/div>\n<div class=\"elementor-toggle-item\" style=\"box-sizing: border-box;\">\n<div id=\"elementor-tab-content-1943\" class=\"elementor-tab-content elementor-clearfix elementor-active\" style=\"box-sizing: border-box;\" role=\"tabpanel\" data-tab=\"3\" aria-labelledby=\"elementor-tab-title-1943\">\n<h4 style=\"box-sizing: border-box; color: var(--mf-dark-color);\">Em quanto tempo recebo o portf\u00f3lio?<\/h4>\n<\/div>\n<\/div>\n<div class=\"elementor-toggle-item\" style=\"box-sizing: border-box;\">\n<div id=\"elementor-tab-content-1944\" class=\"elementor-tab-content elementor-clearfix elementor-active\" style=\"box-sizing: border-box;\" role=\"tabpanel\" data-tab=\"4\" aria-labelledby=\"elementor-tab-title-1944\">\n<p style=\"box-sizing: border-box;\">Os envios s\u00e3o imediatos. Ap\u00f3s sua compra, o trabalho j\u00e1 \u00e9 disponibilizado instantaneamente aqui em nosso site e no seu e-mail.<\/p>\n<h4 style=\"box-sizing: border-box; color: var(--mf-dark-color);\">E se o portf\u00f3lio que comprei precisar de corre\u00e7\u00e3o?<\/h4>\n<\/div>\n<\/div>\n<div class=\"elementor-toggle-item\" style=\"box-sizing: border-box;\">\n<div id=\"elementor-tab-content-1945\" class=\"elementor-tab-content elementor-clearfix elementor-active\" style=\"box-sizing: border-box;\" role=\"tabpanel\" data-tab=\"5\" aria-labelledby=\"elementor-tab-title-1945\">\n<p style=\"box-sizing: border-box;\">Caso haja alguma solicita\u00e7\u00e3o de corre\u00e7\u00e3o\/altera\u00e7\u00e3o por parte do tutor, basta entrar em contato conosco pelo\u00a0WhatsApp\u00a0que provid\u00eanciaremos sem custo algum.<\/p>\n<h4 style=\"box-sizing: border-box; color: var(--mf-dark-color);\">Qual o formato do arquivo?<\/h4>\n<\/div>\n<\/div>\n<div class=\"elementor-toggle-item\" style=\"box-sizing: border-box;\">\n<div id=\"elementor-tab-content-1946\" class=\"elementor-tab-content elementor-clearfix elementor-active\" style=\"box-sizing: border-box;\" role=\"tabpanel\" data-tab=\"6\" aria-labelledby=\"elementor-tab-title-1946\">\n<p style=\"box-sizing: border-box;\">Os arquivos s\u00e3o enviados em formato Word e s\u00e3o edit\u00e1veis.<\/p>\n<h4 style=\"box-sizing: border-box; color: var(--mf-dark-color);\">Caso eu tiver alguma d\u00favida, terei suporte no p\u00f3s venda?<\/h4>\n<\/div>\n<\/div>\n<div class=\"elementor-toggle-item\" style=\"box-sizing: border-box;\">\n<div id=\"elementor-tab-content-1948\" class=\"elementor-tab-content elementor-clearfix elementor-active\" style=\"box-sizing: border-box;\" role=\"tabpanel\" data-tab=\"8\" aria-labelledby=\"elementor-tab-title-1948\">\n<p style=\"box-sizing: border-box;\">Sim, com certeza. Basta clicar no \u00edcone do WhatsApp no cantinho da tela. Ser\u00e1 um prazer atend\u00ea-lo(a).<\/p>\n<div class=\"elementor-toggle-item\">\n<div id=\"elementor-tab-content-1948\" class=\"elementor-tab-content elementor-clearfix elementor-active\" role=\"tabpanel\" data-tab=\"8\" aria-labelledby=\"elementor-tab-title-1948\">\n<h4>Quais os seus canais de contato?<\/h4>\n<\/div>\n<\/div>\n<div class=\"elementor-toggle-item\">\n<div id=\"elementor-tab-content-1949\" class=\"elementor-tab-content elementor-clearfix elementor-active\" role=\"tabpanel\" data-tab=\"9\" aria-labelledby=\"elementor-tab-title-1949\">\n<p>Whatsapp: 53 984751621 \u2013 Clicar no canto da tela ou ESCANEIE O QRCODE ABAIXO<\/p>\n<p><img decoding=\"async\" class=\"alignnone wp-image-7603\" src=\"http:\/\/portifolioos-prontos.com\/wp-content\/uploads\/2022\/09\/portfolio-unopar-pronto-colaborar-ava-producao-textual-interdisciplinar.png\" alt=\"Crian\u00e7as e adolescentes e as pol\u00edticas p\u00fablicas,portf\u00f3lio Crian\u00e7as e adolescentes e as pol\u00edticas p\u00fablicas,portf\u00f3lio pronto Crian\u00e7as e adolescentes e as pol\u00edticas p\u00fablicas,trabalho pronto Crian\u00e7as e adolescentes e as pol\u00edticas p\u00fablicas,portf\u00f3lio unopar,portf\u00f3lio unopar Crian\u00e7as e adolescentes e as pol\u00edticas p\u00fablicas,portf\u00f3lio pronto unopar Crian\u00e7as e adolescentes e as pol\u00edticas p\u00fablicas,trabalho pronto unopar Crian\u00e7as e adolescentes e as pol\u00edticas p\u00fablicas,portf\u00f3lio servi\u00e7o social Crian\u00e7as e adolescentes e as pol\u00edticas p\u00fablicas,portf\u00f3lio servico social Crian\u00e7as e adolescentes e as pol\u00edticas p\u00fablicas,servi\u00e7o social Crian\u00e7as e adolescentes e as pol\u00edticas p\u00fablicas,portf\u00f3lio servi\u00e7o social,portf\u00f3lio servi\u00e7o social pronto,portf\u00f3lio servi\u00e7o social unopar,portf\u00f3lio servi\u00e7o social unopar 3 semestre,portfolio servi\u00e7o social,portfolio servi\u00e7o social unopar 1 semestre,portf\u00f3lio servi\u00e7o social uninter,portf\u00f3lio servi\u00e7o social 1 semestre,portfolio servi\u00e7o social unopar 4 semestre,portfolio assistente social,portf\u00f3lio acad\u00eamico servi\u00e7o social,Portfolio pronto,portifolio pronto,portf\u00f3lio pronto,portifolios prontos,portif\u00f3lios prontos,portf\u00f3lio pronto unopar,portifolio pronto unopar,portif\u00f3lio pronto unopar,portifolios prontos unopar,portifolios prontos anhanguera,portf\u00f3lios prontos anhanguera,portf\u00f3lio pronto anhanguera,portfolios ead,portf\u00f3lios ead,portfolioead,apostileiros,portf\u00f3lio ead,portifolios ead,portif\u00f3lios ead,eadhelp,shop do acad\u00eamico,unopar portfolio,portfolio pronto ead,portfolio unopar ead,ead portfolio ava,portf\u00f3lio ead anhanguera,portf\u00f3lio ead pront,o portf\u00f3lio ead unopar,portf\u00f3lio pronto em word,pti unopar,ptg unopar,modelo de portf\u00f3lio unopar,modelo de portf\u00f3lio anhanguera,como fazer um portf\u00f3lio para faculdade,como faz portf\u00f3lio universidade,como faz portf\u00f3lios para universidade,portf\u00f3lios prontos para universidade,portf\u00f3lios pronto para faculdade,portf\u00f3lio pronto para editar,portifolios prontos para editar,portf\u00f3lio em word,portfolio em word,portf\u00f3lio em word para editar,portifolio em word para editar,portfolio unopar pronto para editar,modelo de portfolio para unopar,modelo de portif\u00f3lio para unopar,modelo de portf\u00f3lio para unopar,unopar portf\u00f3lio pronto,anhanguera portf\u00f3lio pronto,portf\u00f3lio em word pronto,comprar portf\u00f3lio pronto,como fazer um portf\u00f3lio,como fazer portf\u00f3lio digital,portfolio,portf\u00f3lio,portifolio,portif\u00f3lio,portf\u00f3lio interdisciplinar individual,portfolio interdisciplinar individual,exemplos de portf\u00f3lio para faculdade,baixar portf\u00f3lio pronto,portf\u00f3lio acad\u00eamico,portf\u00f3lio online,portfoliooead,portfolio ead,portf\u00f3lio pronto interdisciplinar individual,relat\u00f3rio de est\u00e1gio unopar,relat\u00f3rio de est\u00e1gio pronto unopar,como criar um portf\u00f3lio,o que \u00e9 um portf\u00f3lio e como fazer,portfolio exemplo,modelo de portfolio acad\u00eamico,relat\u00f3rio de est\u00e1gio gest\u00e3o escolar pronto unopar,portf\u00f3lio como fazer,prova profici\u00eancia unopar,portfolio individual est\u00e1gio curricular obrigat\u00f3rio ii anos iniciais do ensino fundamental,prova de profici\u00eancia pedagogia unopar,capa de trabalho unopar para editar,portf\u00f3lio acad\u00eamico unopar,como fazer um portf\u00f3lio acad\u00eamico,portf\u00f3lio exemplos word,portfolio acad\u00eamico,portfolio individual,portfolio individual unopar,portfolio individual anhanguera,portfolio marketing digital,portf\u00f3lio educa\u00e7\u00e3o f\u00edsica unopar,portf\u00f3lio gest\u00e3o educacional e espa\u00e7os n\u00e3o escolares,como fazer um portifolio unopar,modelo de portf\u00f3lio unopar em arquivo word,capa de portf\u00f3lio de pedagogia,como fazer um portf\u00f3lio no word,projeto integrado unopar,exemplo de portf\u00f3lio academico pedagogia\" width=\"141\" height=\"141\" srcset=\"https:\/\/portifolioos-prontos.com\/wp-content\/uploads\/2022\/09\/portfolio-unopar-pronto-colaborar-ava-producao-textual-interdisciplinar.png 150w, https:\/\/portifolioos-prontos.com\/wp-content\/uploads\/2022\/09\/portfolio-unopar-pronto-colaborar-ava-producao-textual-interdisciplinar-100x100.png 100w\" sizes=\"(max-width: 141px) 100vw, 141px\" \/><\/p>\n<\/div>\n<\/div>\n<\/div>\n<\/div>\n<div class=\"elementor-toggle-item\" style=\"box-sizing: border-box;\">\n<div id=\"elementor-tab-content-1949\" class=\"elementor-tab-content elementor-clearfix elementor-active\" style=\"box-sizing: border-box;\" role=\"tabpanel\" data-tab=\"9\" aria-labelledby=\"elementor-tab-title-1949\">\n<p style=\"box-sizing: border-box;\">E-mail:portifoliosp@gmail.com<\/p>\n<div id=\"attachment_143\" class=\"wp-caption alignnone\" style=\"box-sizing: border-box; padding: 5px; text-align: center; width: 164px;\">\n<div id=\"attachment_143\" class=\"wp-caption alignnone\" style=\"box-sizing: border-box; padding: 5px; width: 148px;\">\n<p><a style=\"box-sizing: border-box; background: transparent; transition-property: all;\" href=\"http:\/\/portifolioos-prontos.com\/\"><img decoding=\"async\" class=\"wp-image-143\" style=\"box-sizing: border-box; vertical-align: middle; display: block; width: 148px; margin: 0px;\" title=\"portfolio pronto unopar\" src=\"http:\/\/portifolioos-prontos.com\/wp-content\/uploads\/2022\/04\/conceitomaximo.png\" alt=\"PORTFOLIO PRONTO UNOPAR ANHANGUERA\" width=\"164\" height=\"42\" aria-describedby=\"caption-attachment-143\" \/><\/a><\/p>\n<p id=\"caption-attachment-143\" class=\"wp-caption-text\" style=\"box-sizing: border-box; margin-right: 0px; margin-bottom: 0px; margin-left: 0px; font-size: small; padding: 5px 0px 0px;\">Portf\u00f3lio em Word, respondido, completo e j\u00e1 nas normas.<\/p>\n<\/div>\n<\/div>\n<\/div>\n<\/div>\n","protected":false},"excerpt":{"rendered":"<p>Portf\u00f3lio Crian\u00e7as e adolescentes e as Pol\u00edticas P\u00fablicas Curso: Servi\u00e7o Social Semestre: 5\u00b0 \/ 6\u00b0 A proposta de Produ\u00e7\u00e3o Textual Individual (PTI) ter\u00e1 como tem\u00e1tica: \u201cCrian\u00e7as e adolescentes e as Pol\u00edticas P\u00fablicas\u201d. 1. Leitura e interpreta\u00e7\u00e3o da Situa\u00e7\u00e3o Geradora de Aprendizagem (SGA) Por meio da leitura da SGA voc\u00ea, futuro(a) assistente social, dever\u00e1 elaborar uma&hellip;<\/p>\n","protected":false},"featured_media":6582,"template":"","meta":{"_seopress_robots_primary_cat":"none","_seopress_titles_title":"%%post_title%% %%sitetitle%%","_seopress_titles_desc":"%%post_content%%","_seopress_robots_index":""},"product_cat":[56,15],"product_tag":[],"class_list":{"0":"post-6367","1":"product","2":"type-product","3":"status-publish","4":"has-post-thumbnail","6":"product_cat-servico-social","7":"product_cat-uncategorized","9":"first","10":"instock","11":"downloadable","12":"virtual","13":"purchasable","14":"product-type-simple","15":"col-xs-6 col-sm-4","16":"col-mf-5","17":"un-5-cols"},"jetpack_sharing_enabled":true,"_links":{"self":[{"href":"https:\/\/portifolioos-prontos.com\/index.php\/wp-json\/wp\/v2\/product\/6367","targetHints":{"allow":["GET"]}}],"collection":[{"href":"https:\/\/portifolioos-prontos.com\/index.php\/wp-json\/wp\/v2\/product"}],"about":[{"href":"https:\/\/portifolioos-prontos.com\/index.php\/wp-json\/wp\/v2\/types\/product"}],"version-history":[{"count":0,"href":"https:\/\/portifolioos-prontos.com\/index.php\/wp-json\/wp\/v2\/product\/6367\/revisions"}],"wp:featuredmedia":[{"embeddable":true,"href":"https:\/\/portifolioos-prontos.com\/index.php\/wp-json\/wp\/v2\/media\/6582"}],"wp:attachment":[{"href":"https:\/\/portifolioos-prontos.com\/index.php\/wp-json\/wp\/v2\/media?parent=6367"}],"wp:term":[{"taxonomy":"product_cat","embeddable":true,"href":"https:\/\/portifolioos-prontos.com\/index.php\/wp-json\/wp\/v2\/product_cat?post=6367"},{"taxonomy":"product_tag","embeddable":true,"href":"https:\/\/portifolioos-prontos.com\/index.php\/wp-json\/wp\/v2\/product_tag?post=6367"}],"curies":[{"name":"wp","href":"https:\/\/api.w.org\/{rel}","templated":true}]}}