{"id":6372,"date":"2022-08-05T15:20:54","date_gmt":"2022-08-05T18:20:54","guid":{"rendered":"https:\/\/portifolioos-prontos.com\/?post_type=product&#038;p=6372"},"modified":"2023-08-27T19:38:09","modified_gmt":"2023-08-27T22:38:09","slug":"projeto-integrador-o-canvas-para-rh-e-o-canvas-pessoal","status":"publish","type":"product","link":"https:\/\/portifolioos-prontos.com\/index.php\/product\/projeto-integrador-o-canvas-para-rh-e-o-canvas-pessoal\/","title":{"rendered":"Projeto Integrador O canvas para RH e o canvas pessoal"},"content":{"rendered":"<h4>Projeto Integrador O canvas para RH e o canvas pessoal<\/h4>\n<h4>Curso: COACHING E DESENVOLVIMENTO HUMANO<\/h4>\n<p>A proposta do Projeto Integrador Interdisciplinar ter\u00e1 como tema norteador: <b>O Canvas para RH e o Canvas Pessoal<\/b><a href=\"http:\/\/portifolioos-prontos.com\">.<\/a><\/p>\n<p>CONTEXTUALIZA\u00c7\u00c3O<\/p>\n<p>Para que uma organiza\u00e7\u00e3o tenha sucesso e longevidade \u00e9 imprescind\u00edvel ter pessoas<br \/>\neficientes atuando na organiza\u00e7\u00e3o, mas para isso \u00e9 fundamental ter processos voltados para o<br \/>\ndesenvolvimento do capital humano nas organiza\u00e7\u00f5es.<br \/>\nMuito mais do que conhecer os neg\u00f3cios \u00e9 preciso ter uma equipe atuante estrategicamente<br \/>\nna organiza\u00e7\u00e3o. Para desenvolver vantagem competitiva \u00e9 preciso ter conhecimento sobre os<br \/>\nneg\u00f3cios e as pessoas que ali atuam. A ferramenta canvas (Business Model Canvas), permite<br \/>\nvisualizar em uma \u00fanica tela (canvas) um resumo dos principais pontos relacionados as a\u00e7\u00f5es e<br \/>\nestrat\u00e9gias do modelo de neg\u00f3cio.<\/p>\n<p>A ferramenta canvas permite realizar a estrutura\u00e7\u00e3o do neg\u00f3cio, de forma pr\u00e1tica e eficiente<br \/>\nbaseado na proposta de valor do cliente. A ferramenta possui o formato de um quadro, contendo<br \/>\nramifica\u00e7\u00f5es, com o objetivo de criar uma visualiza\u00e7\u00e3o de todo o neg\u00f3cio.<br \/>\nO canvas \u00e9 um instrumento que permite visualizar o neg\u00f3cio como se fosse um grande mapa<br \/>\ncomposto por nove blocos que servem para organizar as ideias para a elabora\u00e7\u00e3o de um projeto<br \/>\nqualquer. Contudo, como a metodologia Canvas pode ser aplicada na gest\u00e3o de pessoas e no setor<br \/>\nde recursos humanos? Por ser uma ferramenta de planejamento e de organiza\u00e7\u00e3o de informa\u00e7\u00f5es, o<br \/>\nCanvas pode auxiliar no planejamento das a\u00e7\u00f5es de gest\u00f5es de pessoas de forma sistem\u00e1tica e<br \/>\nmetodol\u00f3gica, sempre procurando evitar erros e reduzir riscos no momento da implanta\u00e7\u00e3o da<br \/>\nestrat\u00e9gia e da execu\u00e7\u00e3o das a\u00e7\u00f5es planejadas.<br \/>\nPara voc\u00ea entender direitinho, o modelo abaixo ilustra as principais quest\u00f5es propostas pelo<br \/>\nCanvas:<\/p>\n<p><img fetchpriority=\"high\" decoding=\"async\" class=\"alignnone\" title=\"O canvas para RH e o canvas pessoal\" src=\"https:\/\/i0.wp.com\/portfoliooead.com.br\/wp-content\/uploads\/2022\/08\/Sem-titulo-8.png?resize=522%2C266&amp;ssl=1\" alt=\"O canvas para RH e o canvas pessoal\" width=\"522\" height=\"266\" data-recalc-dims=\"1\" data-lazy-loaded=\"1\" \/><\/p>\n<p>O RH est\u00e1 no foco das aten\u00e7\u00f5es na maioria dos problemas das organiza\u00e7\u00f5es, muitas vezes<br \/>\nocasionada pela escassez de talentos. O canvas do RH, \u00e9 uma adapta\u00e7\u00e3o do modelo canvas. O canvas<br \/>\ndo RH \u00e9 uma ferramenta de gerenciamento estrat\u00e9gico que fornece uma vis\u00e3o estrat\u00e9gica da<br \/>\norganiza\u00e7\u00e3o, atrav\u00e9s de blocos, mostrando as a\u00e7\u00f5es que ser\u00e3o desempenhadas.<\/p>\n<p><img decoding=\"async\" class=\"\" src=\"https:\/\/i0.wp.com\/portfoliooead.com.br\/wp-content\/uploads\/2022\/08\/Sem-titulo-9.png?resize=508%2C251&amp;ssl=1\" alt=\"O canvas para RH e o canvas pessoal,portf\u00f3lio,portf\u00f3lio O canvas para RH e o canvas pessoal,projeto integrado O canvas para RH e o canvas pessoal,projeto integrador O canvas para RH e o canvas pessoal,projeto integrador portf\u00f3lio,projeto integrador pronto O canvas para RH e o canvas pessoal,portfolio ead O canvas para RH e o canvas pessoal,portf\u00f3lio ead O canvas para RH e o canvas pessoal,portf\u00f3lioo ead O canvas para RH e o canvas pessoal,portf\u00f3lio pronto O canvas para RH e o canvas pessoal,modelo de portf\u00f3lio O canvas para RH e o canvas pessoal,trabalhos prontos O canvas para RH e o canvas pessoal,trabalhos feitos O canvas para RH e o canvas pessoal,trabalho pronto O canvas para RH e o canvas pessoal,portf\u00f3lio projeto integrador O canvas para RH e o canvas pessoal,projeto integrador unopar,projeto integrador,projeto integrador pronto,projeto integrador pronto pdf,projeto integrador coaching,Portfolio pronto,portifolio pronto,portf\u00f3lio pronto,portifolios prontos,portif\u00f3lios prontos,portf\u00f3lio pronto unopar,portifolio pronto unopar,portif\u00f3lio pronto unopar,portifolios prontos unopar,portifolios prontos anhanguera,portf\u00f3lios prontos anhanguera,portf\u00f3lio pronto anhanguera,portfolios ead,portf\u00f3lios ead,portfolioead,apostileiros,portf\u00f3lio ead,portifolios ead,portif\u00f3lios ead,eadhelp,shop do acad\u00eamico,unopar portfolio,portfolio pronto ead,portfolio unopar ead,ead portfolio ava,portf\u00f3lio ead anhanguera,portf\u00f3lio ead pront,o portf\u00f3lio ead unopar,portf\u00f3lio pronto em word,pti unopar,ptg unopar,modelo de portf\u00f3lio unopar,modelo de portf\u00f3lio anhanguera,como fazer um portf\u00f3lio para faculdade,como faz portf\u00f3lio universidade,como faz portf\u00f3lios para universidade,portf\u00f3lios prontos para universidade,portf\u00f3lios pronto para faculdade,portf\u00f3lio pronto para editar,portifolios prontos para editar,portf\u00f3lio em word,portfolio em word,portf\u00f3lio em word para editar,portifolio em word para editar,portfolio unopar pronto para editar,modelo de portfolio para unopar,modelo de portif\u00f3lio para unopar,modelo de portf\u00f3lio para unopar,unopar portf\u00f3lio pronto,anhanguera portf\u00f3lio pronto,portf\u00f3lio em word pronto,comprar portf\u00f3lio pronto,como fazer um portf\u00f3lio,como fazer portf\u00f3lio digital,portfolio,portifolio,portif\u00f3lio,portf\u00f3lio interdisciplinar individual,portfolio interdisciplinar individual,exemplos de portf\u00f3lio para faculdade,baixar portf\u00f3lio pronto,portf\u00f3lio acad\u00eamico,portf\u00f3lio online,portfoliooead,portfolio ead,portf\u00f3lio pronto interdisciplinar individual,relat\u00f3rio de est\u00e1gio unopar,relat\u00f3rio de est\u00e1gio pronto unopar,como criar um portf\u00f3lio,o que \u00e9 um portf\u00f3lio e como fazer,portfolio exemplo,modelo de portfolio acad\u00eamico,relat\u00f3rio de est\u00e1gio gest\u00e3o escolar pronto unopar,portf\u00f3lio como fazer,prova profici\u00eancia unopar,portfolio individual est\u00e1gio curricular obrigat\u00f3rio ii anos iniciais do ensino fundamental,prova de profici\u00eancia pedagogia unopar,capa de trabalho unopar para editar,portf\u00f3lio acad\u00eamico unopar,como fazer um portf\u00f3lio acad\u00eamico,portf\u00f3lio exemplos word,portfolio acad\u00eamico,portfolio individual,portfolio individual unopar,portfolio individual anhanguera,portfolio marketing digital,portf\u00f3lio educa\u00e7\u00e3o f\u00edsica unopar,portf\u00f3lio gest\u00e3o educacional e espa\u00e7os n\u00e3o escolares,como fazer um portifolio unopar,modelo de portf\u00f3lio unopar em arquivo word,capa de portf\u00f3lio de pedagogia,como fazer um portf\u00f3lio no word,projeto integrado unopar,exemplo de portf\u00f3lio academico pedagogia\" width=\"514\" height=\"254\" data-recalc-dims=\"1\" data-lazy-loaded=\"1\" \/><\/p>\n<p>1. Segmentos de clientes do RH: Para quem estamos criando valor? Quem s\u00e3o os clientes<br \/>\nmais importantes (internos e externos)?<br \/>\n2. Proposta de valor do RH: Qual \u00e9 o valor que estamos entregando para cada segmento<br \/>\nde cliente? Quais os problemas que estamos ajudando-os a resolver? Qual o conjunto<br \/>\nde produtos e servi\u00e7os que estamos oferecendo? Qual a diferencia\u00e7\u00e3o perante o que<br \/>\nj\u00e1 existe no mercado<br \/>\n3. Modelo de opera\u00e7\u00e3o do RH? Quais s\u00e3o as caracter\u00edsticas chave do nosso modelo de<br \/>\nopera\u00e7\u00e3o de RH? Como colaboramos?<br \/>\n4. Rela\u00e7\u00f5es com clientes? Qual \u00e9 o tipo de relacionamento que cada segmento de cliente<br \/>\nespera do RH? Quais tipos de rela\u00e7\u00e3o que a empresa ir\u00e1 estabelecer com clientes para<br \/>\nconquist\u00e1-los e mant\u00ea-los?<br \/>\n5. Valores do RH: Qual \u00e9 o valor que o neg\u00f3cio e nossos clientes mais apreciam? o que<br \/>\nestamos fazendo para diferenciar nossa organiza\u00e7\u00e3o dos competidores e ajudar a<br \/>\nprosperar no mercado?<br \/>\n6. Atividades-chave: A\u00e7\u00f5es importantes que a empresa deve realizar para fazer seu<br \/>\nmodelo de neg\u00f3cios funcionar. Quais s\u00e3o as atividades essenciais para que seja<br \/>\nposs\u00edvel entregar a Proposta de Valor. Quais as atividades chave que nossos valores e<br \/>\nproposta de valor requerem?<br \/>\n7. Recursos e compet\u00eancias chave: Quais recursos f\u00edsicos humanos e financeiros nossa<br \/>\nproposta de valor requer?<br \/>\n5. Valores do RH 9. Estrutura de custos do RH<\/p>\n<p><b>Estrat\u00e9gia Execu\u00e7\u00e3o Canvas do RH<\/b><\/p>\n<p>1. Segmentos de clientes do RH<\/p>\n<p>2. Proposta de valor do RH<\/p>\n<p>6. Atividades-chave<\/p>\n<p>8. Parceiros-chave<\/p>\n<p>3. Modelo de Opera\u00e7\u00e3o do RH<\/p>\n<p>4. Rela\u00e7\u00f5es com clientes<\/p>\n<p>7. Recursos e compet\u00eancias chave<\/p>\n<p>8. Parceiros-chave: Quem s\u00e3o os parceiros chave e fornecedores?<\/p>\n<p>9. Estrutura de custos do RH: s\u00e3o os custos relevantes necess\u00e1rios para que a estrutura<br \/>\nproposta possa funcionar. Quais s\u00e3o os custos mais significativos da sua proposta de<br \/>\nvalor de RH? Quais parceiros s\u00e3o os mais \u201ccaros\u201d? O RH \u00e9 visto como um custo<br \/>\n(efici\u00eancia em custos) ou como gerador de valor (foco em criar valor)?<\/p>\n<p>Agora \u00e9 com voc\u00ea!!<br \/>\nVoc\u00ea trabalha para uma empresa de consultoria que presta servi\u00e7os de auditoria e consultoria<br \/>\nem recursos humanos, avalia\u00e7\u00e3o de performance, din\u00e2micas e jogos vivenciais, gest\u00e3o de carreira,<br \/>\nempreendedorismo e inova\u00e7\u00e3o. Voc\u00ea dever\u00e1 escolher uma empresa da sua regi\u00e3o para desenvolver<br \/>\na atividade.<br \/>\nAs atividades a serem desempenhadas s\u00e3o:<br \/>\n\u2022 Fa\u00e7a uma breve descri\u00e7\u00e3o da empresa (setor de atua\u00e7\u00e3o, tempo no mercado, porte da<br \/>\nempresa, entre outros).<br \/>\n\u2022 Preencha o canvas do RH da empresa escolhida.<br \/>\no Na empresa selecionada fa\u00e7a as perguntas propostas no modelo canvas do RH<br \/>\ne caso a empresa n\u00e3o tenha a\u00e7\u00f5es voltadas para aquele bloco, aponte<br \/>\nsugest\u00f5es de melhoria. Exemplo: No bloco Parceiros-chave, a empresa n\u00e3o<br \/>\npossui parceiros-chave, indique quais parceiros chaves a organiza\u00e7\u00e3o pode<br \/>\nbuscar para que possa atuar em parceria (empresas de treinamento e<br \/>\ndesenvolvimento, coaching, mentoring, etc).<\/p>\n<p>\u2022 Como a compreens\u00e3o do processo e funcionamento de grupo poder\u00e1 contribuir com<br \/>\na rela\u00e7\u00e3o com clientes: qual \u00e9 o tipo de relacionamento que cada segmento de cliente<br \/>\nespera do RH? Quais tipos de rela\u00e7\u00e3o que a empresa ir\u00e1 estabelecer com clientes para<br \/>\nconquist\u00e1-los e mant\u00ea-los?<\/p>\n<p>\u2022 O Canvas tamb\u00e9m pode ser aplicado para a elabora\u00e7\u00e3o de um projeto de<br \/>\ndesenvolvimento pessoal, de modo a orientar a evolu\u00e7\u00e3o da carreira de um<br \/>\nprofissional. O Mapa Canvas para uso pessoal foi idealizado para ajudar profissionais<br \/>\ncomo voc\u00ea a pensar em suas vidas e tra\u00e7ar um plano de trajet\u00f3ria para a carreira.<br \/>\nTrata-se de uma ferramenta fundamental para levantar e identificar os principais<br \/>\ncomponentes que fazem parte da vida de uma pessoa e, como a presen\u00e7a ou aus\u00eancia<br \/>\ndesses componentes afetar\u00e1 a sua trajet\u00f3ria profissional, facilitando o processo de<br \/>\nplanejamento pessoal.<br \/>\nDesafio: Que tal aprender a preencher o mapa <a href=\"http:\/\/portifolioos-prontos.com\">Canvas<\/a> para uso pessoal? Coloque a sua<br \/>\nmem\u00f3ria para trabalhar e lembre-se de qual \u00e9 o bloco central da ferramenta Canvas Business Model.<br \/>\nLembrou? Cria\u00e7\u00e3o de proposta de valor para o cliente \u00e9 a resposta correta, por\u00e9m, para uma<br \/>\naplica\u00e7\u00e3o de uso pessoal, o foco ser\u00e1 voc\u00ea. Isso mesmo, qual \u00e9 o valor que voc\u00ea pode oferecer para<br \/>\numa organiza\u00e7\u00e3o? Essa pergunta vai mexer um pouco com voc\u00ea, contudo, respire, tome um tempo<br \/>\npara refletir sobre ela e s\u00f3 depois elabore uma resposta para ela. Voc\u00ea tamb\u00e9m dever\u00e1 definir quem<br \/>\n\u00e9 voc\u00ea e quais s\u00e3o os recursos que voc\u00ea disp\u00f5e e tem compet\u00eancia para mobilizar. Tente responder<br \/>\nbaseado nos seus interesses, nas suas compet\u00eancias e nos seus talentos. Agora voc\u00ea ter\u00e1 de<br \/>\nrelacionar o que voc\u00ea faz, ou quais s\u00e3o as suas atividades, descrevendo as tarefas que voc\u00ea pode<br \/>\nexecutar.<\/p>\n<p>Na sequ\u00eancia do preenchimento do mapa de neg\u00f3cio pessoal, \u00e9 chegado o momento de<br \/>\ndefinir quem s\u00e3o os clientes, em outras palavras, quem voc\u00ea ajudar\u00e1 ou que dependem das tarefas<br \/>\nque voc\u00ea executa. Logo depois, voc\u00ea dever\u00e1 descrever quais s\u00e3o os canais pelos quais o servi\u00e7o que<br \/>\nvoc\u00ea presta chega aos seus clientes e, em seguida, apresentar como ser\u00e1 o relacionamento e a<br \/>\nintera\u00e7\u00e3o com esses clientes.<br \/>\nDando andamento ao preenchimento dos \u00faltimos tr\u00eas blocos, agora \u00e9 hora de relacionar as<br \/>\nfontes de receitas, incluindo remunera\u00e7\u00e3o, benef\u00edcios e extras. Depois, \u00e9 preciso identificar quais s\u00e3o<br \/>\nos principais parceiros e finalizar com o levantamento da estrutura de custos que sustenta\u00a0a sua vida.<\/p>\n<div class=\"elementor-toggle-item\" style=\"box-sizing: border-box;\">\n<h4 id=\"elementor-tab-title-1941\" class=\"elementor-tab-title elementor-active\" style=\"box-sizing: border-box; color: var(--mf-dark-color);\" tabindex=\"0\" role=\"tab\" data-tab=\"1\" aria-controls=\"elementor-tab-content-1941\" aria-expanded=\"true\" aria-selected=\"true\">Como funciona?<\/h4>\n<div id=\"elementor-tab-content-1941\" class=\"elementor-tab-content elementor-clearfix elementor-active\" style=\"box-sizing: border-box;\" role=\"tabpanel\" data-tab=\"1\" aria-labelledby=\"elementor-tab-title-1941\">\n<p style=\"box-sizing: border-box;\">Elaboramos os portf\u00f3lios, j\u00e1 deixamos prontos, nas normas da ABNT e conforme os requisitos da universidade. F\u00e1cil assim! O MELHOR \u00c9 QUE VOC\u00ca COMPRA E J\u00c1 BAIXA NA HORA O SEU ARQUIVO EM WORD! Sabemos que conciliar trabalho, fam\u00edlia, vida profissional e estudos \u00e9 dif\u00edcil hoje em dia, por isso, estamos aqui para ajudar voc\u00ea. Conte com nossa qualidade, experi\u00eancia e profissionalismo adquirindo seu portf\u00f3lio conosco. GARANTIMOS SEU CONCEITO!<\/p>\n<h4 style=\"box-sizing: border-box; color: var(--mf-dark-color);\">Como se realizam os envios?<\/h4>\n<\/div>\n<\/div>\n<div class=\"elementor-toggle-item\" style=\"box-sizing: border-box;\">\n<div id=\"elementor-tab-content-1942\" class=\"elementor-tab-content elementor-clearfix elementor-active\" style=\"box-sizing: border-box;\" role=\"tabpanel\" data-tab=\"2\" aria-labelledby=\"elementor-tab-title-1942\">O seu trabalho \u00e9 disponibilizado pronto, respondido e nas normas j\u00e1 na mesma hora aqui em nosso site na sua \u00e1rea de downloads e tamb\u00e9m no seu e-mail.<\/div>\n<\/div>\n<div class=\"elementor-toggle-item\" style=\"box-sizing: border-box;\">\n<div id=\"elementor-tab-content-1943\" class=\"elementor-tab-content elementor-clearfix elementor-active\" style=\"box-sizing: border-box;\" role=\"tabpanel\" data-tab=\"3\" aria-labelledby=\"elementor-tab-title-1943\">\n<h4 style=\"box-sizing: border-box; color: var(--mf-dark-color);\">Em quanto tempo recebo o portf\u00f3lio?<\/h4>\n<\/div>\n<\/div>\n<div class=\"elementor-toggle-item\" style=\"box-sizing: border-box;\">\n<div id=\"elementor-tab-content-1944\" class=\"elementor-tab-content elementor-clearfix elementor-active\" style=\"box-sizing: border-box;\" role=\"tabpanel\" data-tab=\"4\" aria-labelledby=\"elementor-tab-title-1944\">\n<p style=\"box-sizing: border-box;\">Os envios s\u00e3o imediatos. Ap\u00f3s sua compra, o trabalho j\u00e1 \u00e9 disponibilizado instantaneamente aqui em nosso site e no seu e-mail.<\/p>\n<h4 style=\"box-sizing: border-box; color: var(--mf-dark-color);\">E se o portf\u00f3lio que comprei precisar de corre\u00e7\u00e3o?<\/h4>\n<\/div>\n<\/div>\n<div class=\"elementor-toggle-item\" style=\"box-sizing: border-box;\">\n<div id=\"elementor-tab-content-1945\" class=\"elementor-tab-content elementor-clearfix elementor-active\" style=\"box-sizing: border-box;\" role=\"tabpanel\" data-tab=\"5\" aria-labelledby=\"elementor-tab-title-1945\">\n<p style=\"box-sizing: border-box;\">Caso haja alguma solicita\u00e7\u00e3o de corre\u00e7\u00e3o\/altera\u00e7\u00e3o por parte do tutor, basta entrar em contato conosco pelo\u00a0WhatsApp\u00a0que provid\u00eanciaremos sem custo algum.<\/p>\n<h4 style=\"box-sizing: border-box; color: var(--mf-dark-color);\">Qual o formato do arquivo?<\/h4>\n<\/div>\n<\/div>\n<div class=\"elementor-toggle-item\" style=\"box-sizing: border-box;\">\n<div id=\"elementor-tab-content-1946\" class=\"elementor-tab-content elementor-clearfix elementor-active\" style=\"box-sizing: border-box;\" role=\"tabpanel\" data-tab=\"6\" aria-labelledby=\"elementor-tab-title-1946\">\n<p style=\"box-sizing: border-box;\">Os arquivos s\u00e3o enviados em formato Word e s\u00e3o edit\u00e1veis.<\/p>\n<h4 style=\"box-sizing: border-box; color: var(--mf-dark-color);\">Caso eu tiver alguma d\u00favida, terei suporte no p\u00f3s venda?<\/h4>\n<\/div>\n<\/div>\n<div class=\"elementor-toggle-item\" style=\"box-sizing: border-box;\">\n<div id=\"elementor-tab-content-1948\" class=\"elementor-tab-content elementor-clearfix elementor-active\" style=\"box-sizing: border-box;\" role=\"tabpanel\" data-tab=\"8\" aria-labelledby=\"elementor-tab-title-1948\">\n<p style=\"box-sizing: border-box;\">Sim, com certeza. Basta clicar no \u00edcone do WhatsApp no cantinho da tela. Ser\u00e1 um prazer atend\u00ea-lo(a).<\/p>\n<div class=\"elementor-toggle-item\">\n<div id=\"elementor-tab-content-1948\" class=\"elementor-tab-content elementor-clearfix elementor-active\" role=\"tabpanel\" data-tab=\"8\" aria-labelledby=\"elementor-tab-title-1948\">\n<h4>Quais os seus canais de contato?<\/h4>\n<\/div>\n<\/div>\n<div class=\"elementor-toggle-item\">\n<div id=\"elementor-tab-content-1949\" class=\"elementor-tab-content elementor-clearfix elementor-active\" role=\"tabpanel\" data-tab=\"9\" aria-labelledby=\"elementor-tab-title-1949\">\n<p>Whatsapp: 53 984751621 \u2013 Clicar no canto da tela ou ESCANEIE O QRCODE ABAIXO<\/p>\n<p><img decoding=\"async\" class=\"alignnone wp-image-7603\" src=\"http:\/\/portifolioos-prontos.com\/wp-content\/uploads\/2022\/09\/portfolio-unopar-pronto-colaborar-ava-producao-textual-interdisciplinar.png\" alt=\"O canvas para RH e o canvas pessoal,portf\u00f3lio,portf\u00f3lio O canvas para RH e o canvas pessoal,projeto integrado O canvas para RH e o canvas pessoal,projeto integrador O canvas para RH e o canvas pessoal,projeto integrador portf\u00f3lio,projeto integrador pronto O canvas para RH e o canvas pessoal,portfolio ead O canvas para RH e o canvas pessoal,portf\u00f3lio ead O canvas para RH e o canvas pessoal,portf\u00f3lioo ead O canvas para RH e o canvas pessoal,portf\u00f3lio pronto O canvas para RH e o canvas pessoal,modelo de portf\u00f3lio O canvas para RH e o canvas pessoal,trabalhos prontos O canvas para RH e o canvas pessoal,trabalhos feitos O canvas para RH e o canvas pessoal,trabalho pronto O canvas para RH e o canvas pessoal,portf\u00f3lio projeto integrador O canvas para RH e o canvas pessoal,projeto integrador unopar,projeto integrador,projeto integrador pronto,projeto integrador pronto pdf,projeto integrador coaching,Portfolio pronto,portifolio pronto,portf\u00f3lio pronto,portifolios prontos,portif\u00f3lios prontos,portf\u00f3lio pronto unopar,portifolio pronto unopar,portif\u00f3lio pronto unopar,portifolios prontos unopar,portifolios prontos anhanguera,portf\u00f3lios prontos anhanguera,portf\u00f3lio pronto anhanguera,portfolios ead,portf\u00f3lios ead,portfolioead,apostileiros,portf\u00f3lio ead,portifolios ead,portif\u00f3lios ead,eadhelp,shop do acad\u00eamico,unopar portfolio,portfolio pronto ead,portfolio unopar ead,ead portfolio ava,portf\u00f3lio ead anhanguera,portf\u00f3lio ead pront,o portf\u00f3lio ead unopar,portf\u00f3lio pronto em word,pti unopar,ptg unopar,modelo de portf\u00f3lio unopar,modelo de portf\u00f3lio anhanguera,como fazer um portf\u00f3lio para faculdade,como faz portf\u00f3lio universidade,como faz portf\u00f3lios para universidade,portf\u00f3lios prontos para universidade,portf\u00f3lios pronto para faculdade,portf\u00f3lio pronto para editar,portifolios prontos para editar,portf\u00f3lio em word,portfolio em word,portf\u00f3lio em word para editar,portifolio em word para editar,portfolio unopar pronto para editar,modelo de portfolio para unopar,modelo de portif\u00f3lio para unopar,modelo de portf\u00f3lio para unopar,unopar portf\u00f3lio pronto,anhanguera portf\u00f3lio pronto,portf\u00f3lio em word pronto,comprar portf\u00f3lio pronto,como fazer um portf\u00f3lio,como fazer portf\u00f3lio digital,portfolio,portifolio,portif\u00f3lio,portf\u00f3lio interdisciplinar individual,portfolio interdisciplinar individual,exemplos de portf\u00f3lio para faculdade,baixar portf\u00f3lio pronto,portf\u00f3lio acad\u00eamico,portf\u00f3lio online,portfoliooead,portfolio ead,portf\u00f3lio pronto interdisciplinar individual,relat\u00f3rio de est\u00e1gio unopar,relat\u00f3rio de est\u00e1gio pronto unopar,como criar um portf\u00f3lio,o que \u00e9 um portf\u00f3lio e como fazer,portfolio exemplo,modelo de portfolio acad\u00eamico,relat\u00f3rio de est\u00e1gio gest\u00e3o escolar pronto unopar,portf\u00f3lio como fazer,prova profici\u00eancia unopar,portfolio individual est\u00e1gio curricular obrigat\u00f3rio ii anos iniciais do ensino fundamental,prova de profici\u00eancia pedagogia unopar,capa de trabalho unopar para editar,portf\u00f3lio acad\u00eamico unopar,como fazer um portf\u00f3lio acad\u00eamico,portf\u00f3lio exemplos word,portfolio acad\u00eamico,portfolio individual,portfolio individual unopar,portfolio individual anhanguera,portfolio marketing digital,portf\u00f3lio educa\u00e7\u00e3o f\u00edsica unopar,portf\u00f3lio gest\u00e3o educacional e espa\u00e7os n\u00e3o escolares,como fazer um portifolio unopar,modelo de portf\u00f3lio unopar em arquivo word,capa de portf\u00f3lio de pedagogia,como fazer um portf\u00f3lio no word,projeto integrado unopar,exemplo de portf\u00f3lio academico pedagogia\" width=\"141\" height=\"141\" srcset=\"https:\/\/portifolioos-prontos.com\/wp-content\/uploads\/2022\/09\/portfolio-unopar-pronto-colaborar-ava-producao-textual-interdisciplinar.png 150w, https:\/\/portifolioos-prontos.com\/wp-content\/uploads\/2022\/09\/portfolio-unopar-pronto-colaborar-ava-producao-textual-interdisciplinar-100x100.png 100w\" sizes=\"(max-width: 141px) 100vw, 141px\" \/><\/p>\n<\/div>\n<\/div>\n<\/div>\n<\/div>\n<div class=\"elementor-toggle-item\" style=\"box-sizing: border-box;\">\n<div id=\"elementor-tab-content-1949\" class=\"elementor-tab-content elementor-clearfix elementor-active\" style=\"box-sizing: border-box;\" role=\"tabpanel\" data-tab=\"9\" aria-labelledby=\"elementor-tab-title-1949\">\n<p style=\"box-sizing: border-box;\">E-mail:portifoliosp@gmail.com<\/p>\n<div id=\"attachment_143\" class=\"wp-caption alignnone\" style=\"box-sizing: border-box; padding: 5px; text-align: center; width: 164px;\">\n<div id=\"attachment_143\" class=\"wp-caption alignnone\" style=\"box-sizing: border-box; padding: 5px; width: 145px;\">\n<p><a style=\"box-sizing: border-box; background: transparent; transition-property: all;\" href=\"http:\/\/portifolioos-prontos.com\/\"><img loading=\"lazy\" decoding=\"async\" class=\"wp-image-143\" style=\"box-sizing: border-box; vertical-align: middle; display: block; width: 145px; margin: 0px;\" title=\"portfolio pronto unopar\" src=\"http:\/\/portifolioos-prontos.com\/wp-content\/uploads\/2022\/04\/conceitomaximo.png\" alt=\"PORTFOLIO PRONTO UNOPAR ANHANGUERA\" width=\"164\" height=\"41\" aria-describedby=\"caption-attachment-143\" \/><\/a><\/p>\n<p id=\"caption-attachment-143\" class=\"wp-caption-text\" style=\"box-sizing: border-box; margin-right: 0px; margin-bottom: 0px; margin-left: 0px; font-size: small; padding: 5px 0px 0px;\">Portf\u00f3lio em Word, respondido, completo e j\u00e1 nas normas.<\/p>\n<\/div>\n<\/div>\n<\/div>\n<\/div>\n","protected":false},"excerpt":{"rendered":"<p>Projeto Integrador O canvas para RH e o canvas pessoal Curso: COACHING E DESENVOLVIMENTO HUMANO A proposta do Projeto Integrador Interdisciplinar ter\u00e1 como tema norteador: O Canvas para RH e o Canvas Pessoal. CONTEXTUALIZA\u00c7\u00c3O Para que uma organiza\u00e7\u00e3o tenha sucesso e longevidade \u00e9 imprescind\u00edvel ter pessoas eficientes atuando na organiza\u00e7\u00e3o, mas para isso \u00e9 fundamental&hellip;<\/p>\n","protected":false},"featured_media":6578,"template":"","meta":{"_seopress_robots_primary_cat":"none","_seopress_titles_title":"%%post_title%% %%sitetitle%%","_seopress_titles_desc":"%%post_content%%","_seopress_robots_index":""},"product_cat":[112,119,15],"product_tag":[],"class_list":{"0":"post-6372","1":"product","2":"type-product","3":"status-publish","4":"has-post-thumbnail","6":"product_cat-coaching-e-desenvolvimento-humano","7":"product_cat-gestao-de-cooperativas","8":"product_cat-uncategorized","10":"first","11":"instock","12":"downloadable","13":"virtual","14":"purchasable","15":"product-type-simple","16":"col-xs-6 col-sm-4","17":"col-mf-5","18":"un-5-cols"},"jetpack_sharing_enabled":true,"_links":{"self":[{"href":"https:\/\/portifolioos-prontos.com\/index.php\/wp-json\/wp\/v2\/product\/6372","targetHints":{"allow":["GET"]}}],"collection":[{"href":"https:\/\/portifolioos-prontos.com\/index.php\/wp-json\/wp\/v2\/product"}],"about":[{"href":"https:\/\/portifolioos-prontos.com\/index.php\/wp-json\/wp\/v2\/types\/product"}],"version-history":[{"count":0,"href":"https:\/\/portifolioos-prontos.com\/index.php\/wp-json\/wp\/v2\/product\/6372\/revisions"}],"wp:featuredmedia":[{"embeddable":true,"href":"https:\/\/portifolioos-prontos.com\/index.php\/wp-json\/wp\/v2\/media\/6578"}],"wp:attachment":[{"href":"https:\/\/portifolioos-prontos.com\/index.php\/wp-json\/wp\/v2\/media?parent=6372"}],"wp:term":[{"taxonomy":"product_cat","embeddable":true,"href":"https:\/\/portifolioos-prontos.com\/index.php\/wp-json\/wp\/v2\/product_cat?post=6372"},{"taxonomy":"product_tag","embeddable":true,"href":"https:\/\/portifolioos-prontos.com\/index.php\/wp-json\/wp\/v2\/product_tag?post=6372"}],"curies":[{"name":"wp","href":"https:\/\/api.w.org\/{rel}","templated":true}]}}