{"id":6381,"date":"2022-08-05T15:39:18","date_gmt":"2022-08-05T18:39:18","guid":{"rendered":"https:\/\/portifolioos-prontos.com\/?post_type=product&#038;p=6381"},"modified":"2022-09-16T11:27:15","modified_gmt":"2022-09-16T14:27:15","slug":"portfolio-embates-em-torno-do-estado-laico","status":"publish","type":"product","link":"https:\/\/portifolioos-prontos.com\/index.php\/product\/portfolio-embates-em-torno-do-estado-laico\/","title":{"rendered":"Portf\u00f3lio Embates em torno do Estado laico"},"content":{"rendered":"<h4>Portf\u00f3lio Embates em torno do Estado laico<\/h4>\n<h4>Curso: TEOLOGIA BACHARELADO Semestre: 4\u00ba<\/h4>\n<p>Prezado(a) aluno e aluna, Seja bem-vindo(a) a este semestre! A proposta de Produ\u00e7\u00e3o Textual ter\u00e1 como tem\u00e1tica: \u201cembates em torno do Estado laico\u201d. Escolhemos essa tem\u00e1tica com o intuito de que voc\u00ea possa adquirir novos saberes possibilitando a aprendizagem interdisciplinar dos conte\u00fados desenvolvidos nas disciplinas deste semestre e, ainda, fomentar pr\u00e1ticas relacionadas \u00e0 religi\u00e3o e seu ensino sem proselitismos. Para entendermos melhor a Hist\u00f3ria das Religi\u00f5es no Brasil, \u00e9 preciso compreender que ela n\u00e3o est\u00e1 isolada de um contexto mais amplo, que envolve a hist\u00f3ria dos continentes americano, europeu e africano. No per\u00edodo colonial, a religi\u00e3o oficial do Brasil era a cat\u00f3lica como uma extens\u00e3o da religiosidade portuguesa. A coloniza\u00e7\u00e3o portuguesa no territ\u00f3rio que hoje se conhece como Brasil est\u00e1 indissociavelmente ligada ao catolicismo, a partir da alian\u00e7a surgida entre os portugueses (e tamb\u00e9m os espanh\u00f3is, na sua parte do continente) e a Igreja e que recebeu o nome de Padroado. Os termos desta alian\u00e7a seria o apoio e reconhecimento da Igreja na posse ib\u00e9ricas das terras americanas e estas na\u00e7\u00f5es em troca, se comprometiam a garantir a catequiza\u00e7\u00e3o dos nativos que l\u00e1 existiam. Como a Igreja atestou n\u00e3o ter recursos para realizar tal a\u00e7\u00e3o, as na\u00e7\u00f5es ib\u00e9ricas se<\/p>\n<p>responsabilizaram por ela em troca de terem o poder institucional e religioso m\u00e1ximo no continente, incluindo o recebimento dos d\u00edzimos e a nomea\u00e7\u00e3o de bispos. Assim, conquista da terra e das almas andaram juntos, o que se intensifica ainda mais devido ao fato de que o povo portugu\u00eas era um dos mais cat\u00f3licos no momento ainda entrando em contato com as novidades trazidas pelo Renascimento e pela Reforma Protestante.<\/p>\n<p><b>SITUA\u00c7\u00c3O GERADORA DE APRENDIZAGEM (SGA) \u00a0<\/b><\/p>\n<p>A reflex\u00e3o e os desdobramentos sociais relativos ao car\u00e1ter laico do Estado s\u00e3o tema de grande relev\u00e2ncia para a Am\u00e9rica Latina e em particular para o Brasil. A Constitui\u00e7\u00e3o Federal de 1988 estabelece a laicidade estatal, definindo o que n\u00e3o se pode incluir em mat\u00e9ria de religi\u00e3o e de rela\u00e7\u00e3o com institui\u00e7\u00f5es religiosas. Sendo do \u00e2mbito privado, as religi\u00f5es e denomina\u00e7\u00f5es n\u00e3o podem normatizar a esfera p\u00fablica, sendo limitadas a fazer recomenda\u00e7\u00f5es a seus adeptos (LAFER, 2007). Contudo, a persist\u00eancia de estruturas no \u00e2mbito da sociedade, como \u201cpris\u00f5es de longa dura\u00e7\u00e3o\u201d (BRAUDEL), tornam indispens\u00e1vel retomar o tema. A partir desta breve descri\u00e7\u00e3o, convido voc\u00ea a pensar no tema. Desenvolva uma reflex\u00e3o que fa\u00e7a uma rela\u00e7\u00e3o entre Pol\u00edtica e Religi\u00e3o que ainda hoje \u00e9 desenvolvida em nosso pa\u00eds, n\u00e3o mais entendida como \u201cpadroado\u201d, mas como bancadas religiosas no Congresso Nacional, o que ficou popularmente conhecido como as chamadas \u201cBancada Evang\u00e9lica\u201d e \u201cBancada Cat\u00f3lica\u201d no Congresso Nacional. Assim, o tema \u201cEmbates em torno do Estado laico\u201d \u00e9 o nosso foco.<\/p>\n<p><b><a href=\"http:\/\/portifolioos-prontos.com\">SITUA\u00c7\u00c3O-PROBLEMA (SP)\u00a0<\/a><br \/>\n<\/b><\/p>\n<p>Em um pa\u00eds de propor\u00e7\u00f5es continentais como o Brasil, a amplitude religiosa \u00e9 muito maior do que se costuma crer. A chegada dos pa\u00edses europeus ao territ\u00f3rio americano acabou alterando as diversas rela\u00e7\u00f5es sociais que aqui existiam entre os povos tradicionais, e na quest\u00e3o religiosa n\u00e3o poderia ser diferente. O contato, que foi t\u00e3o prejudicial \u00e0s culturas ind\u00edgenas acabou por extinguir algumas das centenas \u2013 ou milhares \u2013 de diferentes religiosidades que aqui havia, por\u00e9m muitas delas sobreviveram e, de maneira sincr\u00e9tica, incorporou dogmas e doutrinas crist\u00e3s, e hoje mostram significativa for\u00e7a entre povos tradicionais e at\u00e9 entre sociedades com maiores liga\u00e7\u00f5es ocidentais. Com o desenrolar da nossa Hist\u00f3ria, outras religi\u00f5es acabaram se incorporando \u00e0 sociedade brasileira, trazida pelos africanos escravizados e, principalmente a partir do s\u00e9culo XIX, pelos imigrantes europeus de origem n\u00e3o-portuguesa, como italianos, alem\u00e3es e su\u00ed\u00e7os, que trouxeram suas religiosidades crist\u00e3s de car\u00e1ter protestante. Essas religiosidades todas convivem em nossos tempos, em car\u00e1ter sincr\u00e9tico, ou n\u00e3o, e compreender sua Hist\u00f3ria e particularidades permite a voc\u00ea, aluno, obter uma maior compreens\u00e3o da cultura e dos costumes brasileiros como um todo, que afetam e s\u00e3o afetados pelas manifesta\u00e7\u00f5es religiosas. Por fim, se compreende que os movimentos de coloniza\u00e7\u00e3o europeu em todo o continente americano at\u00e9 o s\u00e9culo XIX n\u00e3o eram independentes e espec\u00edficos de cada pa\u00eds europeu, e que todos eles estavam ligados a um movimento maior de coloniza\u00e7\u00e3o e integra\u00e7\u00e3o ao mercado econ\u00f4mico mercantil. Por isso, a car\u00e1ter de contexto, tamb\u00e9m ser\u00e3o realizadas pequenas discuss\u00f5es sobre as tradi\u00e7\u00f5es religiosas continente americano em sua totalidade, para que possa ser realizado compara\u00e7\u00f5es entre as semelhan\u00e7as e diferen\u00e7as entre os pa\u00edses americanos e o Brasil. Agora imaginemos a seguinte situa\u00e7\u00e3o: voc\u00ea \u00e9 um professor(a) especialista em religiosidades, com especialidade nas manifesta\u00e7\u00f5es religiosas do per\u00edodo pr\u00e9-colonial. Conhecendo sua forma\u00e7\u00e3o e especialidade, a escola de seu filho a convidou para realizar uma palestra aos alunos no in\u00edcio do ano letivo, na semana de boas-vindas aos alunos. Conhecendo os conte\u00fados program\u00e1ticos escolares, voc\u00ea escolheu por tema uma fala que permitisse aos alunos aprofundarem seus conhecimentos identificando as pr\u00e1ticas religiosas expressas em diversas matrizes que caracterizam a religiosidade brasileira, contextualizando os seus desdobramentos para a hist\u00f3ria da religi\u00e3o no Brasil. Deve, portanto refletir sobre as diversas facetas que se apresentam com rela\u00e7\u00e3o \u00e0 religiosidade no Brasil desde o cristianismo imperial at\u00e9 a contemporaneidade, destacando a diversidade religiosa existente no pa\u00eds e seus desdobramentos at\u00e9 os dias atuais. Baseado em seus conhecimentos adquiridos em leituras, aulas, f\u00f3runs e demais debates, responda: quais os pontos principais voc\u00ea abordaria na realiza\u00e7\u00e3o da palestra? Para essa finalidade em sua palestra, voc\u00ea deve seguir um roteiro de perguntas que leve os alunos a entenderem a realidade atual do Brasil diante de uma pluralidade religiosa ineg\u00e1vel, o Estado que se declara laico, no entanto vemos bancadas religiosas que atual fortemente no meio pol\u00edtico:<\/p>\n<p><b>1. Religiosos devem ou n\u00e3o fazer parte da pol\u00edtica<a href=\"http:\/\/portifolioos-prontos.com\">?<\/a>\u00a0<\/b><\/p>\n<p><b>2. Quais os pontos positivos e os negativos dessa associa\u00e7\u00e3o para a sociedade de modo geral?\u00a0<\/b><\/p>\n<p><b>3. Existe algum limite para essa rela\u00e7\u00e3o?<\/b><\/p>\n<p><b>\u00a04. A presen\u00e7a de religiosos na Pol\u00edtica deve ser vista como Democracia ou atentado ao Estado Laico?<br \/>\n<\/b><\/p>\n<p>A partir do que foi apresentado, desenvolva um trabalho em um texto argumentativo dissertativo, onde, estejam presentes os fatores hist\u00f3ricos, culturais, pol\u00edticos, econ\u00f4micos e religiosos que envolvam essas estruturas. Fa\u00e7a uma rela\u00e7\u00e3o entre o hist\u00f3rico religioso do Brasil e o estabelecimento do Estado laico, utilizando como fundamentos, os elementos citados e os \u201cembates em torno do Estado laico\u201d. No seu trabalho, voc\u00ea poder\u00e1 contar e seguir com os textos de apoio referenciados na proposta e o que voc\u00ea estudou nas Disciplinas do semestre e principalmente: siga o roteiro de perguntas elaboradas na Situa\u00e7\u00e3o-Problema. Lembre-se sempre que \u00e9 um trabalho acad\u00eamico, cient\u00edfico e de pr\u00f3pria autoria. Introdu\u00e7\u00e3o (1 lauda) Desenvolvimento (2 a 3 laudas) Considera\u00e7\u00f5es finais (1 lauda) PRODU\u00c7\u00c3O TEXTUAL INTERDISCIPLINAR INDIVIDUAL \u2013 PTI Materiais indicados para leitura e o desenvolvimento da produ\u00e7\u00e3o textual: D\u2019AVILA-LEVY, Claudia Masini; CUNHA, Luiz Ant\u00f4nio (Orgs.). Embates em torno do Estado laico. S\u00e3o Paulo: SBPC, 2018. Dispon\u00edvel em: http:\/\/portal.sbpcnet.org.br\/livro\/estadolaico.pdf Acesso em: Dez. 2021. CURY, Carlos Roberto Jamil. Por uma concep\u00e7\u00e3o do estado laico. In: Embates em torno do Estado laico. Claudia Masini d\u2019Avila-Levy, Luiz Ant\u00f4nio Cunha (Orgs.). \u2013 S\u00e3o Paulo: SBPC, 2018. Dispon\u00edvel em: http:\/\/portal.sbpcnet.org.br\/livro\/estadolaico.pdf Acesso em: Dez. 2021. OLIVEIRA, Fabr\u00edcio Roberto Costa. Religi\u00e3o e participa\u00e7\u00e3o pol\u00edtica: considera\u00e7\u00f5es sobre um pequeno munic\u00edpio brasileiro. Dispon\u00edvel em: https:\/\/www.ces.uc.pt\/ecadernos\/media\/ecadernos13\/02_%20Fabricio%20Oliveira.pdf Acesso em: Dez. 2021. FRANKLIN DE SOUSA, Rodrigo. Resenha &#8220;Religiosidade no Brasil&#8221;. In: Revista Estudos avan\u00e7ados, 27 (79). 2013. p. 285-288. Dispon\u00edvel em: https:\/\/www.scielo.br\/j\/ea\/a\/In\/?lang=pt Acesso: 07 dez. 2021. BOSISIO, Izabella. &#8220;Religi\u00e3o, cultura, na\u00e7\u00e3o: articula\u00e7\u00f5es poss\u00edveis a partir de tr\u00eas datas comemorativas&#8221;. In: Revista Horizontes antropol\u00f3gicos, Porto Alegre, ano 24, n. 52. set.\/dez. 2018. p. 199-221. Dispon\u00edvel em: https:\/\/www.scielo.br\/j\/ha\/a\/xBYbdFTPDvgyYTcmVPVNJ8L\/?lang=pt&amp;format=pdf Acesso: 07 dez. 2021. CHUEIRE, L\u00daCIA. Religiosidades africanas e amer\u00edndias. Curitiba: InterSaberes, 2021. [Biblioteca Virtual 3.0 Pearson] COSTA, Val\u00e9ria Gomes; GOMES, Fl\u00e1vio. Religi\u00f5es negras no Brasil: da escravid\u00e3o \u00e0 p\u00f3semancipa\u00e7\u00e3o. S\u00e3o Paulo: Selo Negro, 2016. [Biblioteca Virtual 3.0 Pearson] ANDRADE, Marli Turetti Rabelo; RUPPELL J\u00daNIOR, Ivan Santos. O Cristianismo e a Civiliza\u00e7\u00e3o Ocidental: Influ\u00eancias culturais e movimentos hist\u00f3ricos. Curitiba: Intersaberes, 2021. [Biblioteca Virtual 3.0 Pearson] COUTO, Jorge. A Constru\u00e7\u00e3o do Brasil: amer\u00edndios, portugueses e africanos, do in\u00edcio do povoamento a finais de Quinhentos. Rio de Janeiro: Forense. 2011. [Minha Biblioteca] ALENCAR, Fl\u00e1vio L. Hist\u00f3ria da Igreja no Brasil. Curitiba: Intersaberes, 2019. [Biblioteca Virtual 3.0 Pearson]<\/p>\n<div class=\"elementor-toggle-item\" style=\"box-sizing: border-box;\">\n<h4 id=\"elementor-tab-title-1941\" class=\"elementor-tab-title elementor-active\" style=\"box-sizing: border-box; color: var(--mf-dark-color);\" tabindex=\"0\" role=\"tab\" data-tab=\"1\" aria-controls=\"elementor-tab-content-1941\" aria-expanded=\"true\" aria-selected=\"true\">Como funciona?<\/h4>\n<div id=\"elementor-tab-content-1941\" class=\"elementor-tab-content elementor-clearfix elementor-active\" style=\"box-sizing: border-box;\" role=\"tabpanel\" data-tab=\"1\" aria-labelledby=\"elementor-tab-title-1941\">\n<p style=\"box-sizing: border-box;\">Elaboramos os portf\u00f3lios, j\u00e1 deixamos prontos, nas normas da ABNT e conforme os requisitos da universidade. F\u00e1cil assim! O MELHOR \u00c9 QUE VOC\u00ca COMPRA E J\u00c1 BAIXA NA HORA O SEU ARQUIVO EM WORD! Sabemos que conciliar trabalho, fam\u00edlia, vida profissional e estudos \u00e9 dif\u00edcil hoje em dia, por isso, estamos aqui para ajudar voc\u00ea. Conte com nossa qualidade, experi\u00eancia e profissionalismo adquirindo seu portf\u00f3lio conosco. GARANTIMOS SEU CONCEITO!<\/p>\n<h4 style=\"box-sizing: border-box; color: var(--mf-dark-color);\">Como se realizam os envios?<\/h4>\n<\/div>\n<\/div>\n<div class=\"elementor-toggle-item\" style=\"box-sizing: border-box;\">\n<div id=\"elementor-tab-content-1942\" class=\"elementor-tab-content elementor-clearfix elementor-active\" style=\"box-sizing: border-box;\" role=\"tabpanel\" data-tab=\"2\" aria-labelledby=\"elementor-tab-title-1942\">O seu trabalho \u00e9 disponibilizado pronto, respondido e nas normas j\u00e1 na mesma hora aqui em nosso site na sua \u00e1rea de downloads e tamb\u00e9m no seu e-mail.<\/div>\n<\/div>\n<div class=\"elementor-toggle-item\" style=\"box-sizing: border-box;\">\n<div id=\"elementor-tab-content-1943\" class=\"elementor-tab-content elementor-clearfix elementor-active\" style=\"box-sizing: border-box;\" role=\"tabpanel\" data-tab=\"3\" aria-labelledby=\"elementor-tab-title-1943\">\n<h4 style=\"box-sizing: border-box; color: var(--mf-dark-color);\">Em quanto tempo recebo o portf\u00f3lio?<\/h4>\n<\/div>\n<\/div>\n<div class=\"elementor-toggle-item\" style=\"box-sizing: border-box;\">\n<div id=\"elementor-tab-content-1944\" class=\"elementor-tab-content elementor-clearfix elementor-active\" style=\"box-sizing: border-box;\" role=\"tabpanel\" data-tab=\"4\" aria-labelledby=\"elementor-tab-title-1944\">\n<p style=\"box-sizing: border-box;\">Os envios s\u00e3o imediatos. Ap\u00f3s sua compra, o trabalho j\u00e1 \u00e9 disponibilizado instantaneamente aqui em nosso site e no seu e-mail.<\/p>\n<h4 style=\"box-sizing: border-box; color: var(--mf-dark-color);\">E se o portf\u00f3lio que comprei precisar de corre\u00e7\u00e3o?<\/h4>\n<\/div>\n<\/div>\n<div class=\"elementor-toggle-item\" style=\"box-sizing: border-box;\">\n<div id=\"elementor-tab-content-1945\" class=\"elementor-tab-content elementor-clearfix elementor-active\" style=\"box-sizing: border-box;\" role=\"tabpanel\" data-tab=\"5\" aria-labelledby=\"elementor-tab-title-1945\">\n<p style=\"box-sizing: border-box;\">Caso haja alguma solicita\u00e7\u00e3o de corre\u00e7\u00e3o\/altera\u00e7\u00e3o por parte do tutor, basta entrar em contato conosco pelo\u00a0<a style=\"box-sizing: border-box; background: transparent; transition-property: all;\" href=\"https:\/\/api.whatsapp.com\/send\/?phone=5553984751621&amp;text&amp;app_absent=0\">WhatsApp<\/a>\u00a0que provid\u00eanciaremos sem custo algum.<\/p>\n<h4 style=\"box-sizing: border-box; color: var(--mf-dark-color);\">Qual o formato do arquivo?<\/h4>\n<\/div>\n<\/div>\n<div class=\"elementor-toggle-item\" style=\"box-sizing: border-box;\">\n<div id=\"elementor-tab-content-1946\" class=\"elementor-tab-content elementor-clearfix elementor-active\" style=\"box-sizing: border-box;\" role=\"tabpanel\" data-tab=\"6\" aria-labelledby=\"elementor-tab-title-1946\">\n<p style=\"box-sizing: border-box;\">Os arquivos s\u00e3o enviados em formato Word e s\u00e3o edit\u00e1veis.<\/p>\n<h4 style=\"box-sizing: border-box; color: var(--mf-dark-color);\">Caso eu tiver alguma d\u00favida, terei suporte no p\u00f3s venda?<\/h4>\n<\/div>\n<\/div>\n<div class=\"elementor-toggle-item\" style=\"box-sizing: border-box;\">\n<div id=\"elementor-tab-content-1948\" class=\"elementor-tab-content elementor-clearfix elementor-active\" style=\"box-sizing: border-box;\" role=\"tabpanel\" data-tab=\"8\" aria-labelledby=\"elementor-tab-title-1948\">\n<p style=\"box-sizing: border-box;\">Sim, com certeza. Basta clicar no \u00edcone do WhatsApp no cantinho da tela. Ser\u00e1 um prazer atend\u00ea-lo(a).<\/p>\n<div class=\"elementor-toggle-item\">\n<div id=\"elementor-tab-content-1948\" class=\"elementor-tab-content elementor-clearfix elementor-active\" role=\"tabpanel\" data-tab=\"8\" aria-labelledby=\"elementor-tab-title-1948\">\n<h4>Quais os seus canais de contato?<\/h4>\n<\/div>\n<\/div>\n<div class=\"elementor-toggle-item\">\n<div id=\"elementor-tab-content-1949\" class=\"elementor-tab-content elementor-clearfix elementor-active\" role=\"tabpanel\" data-tab=\"9\" aria-labelledby=\"elementor-tab-title-1949\">\n<p>Whatsapp: 53 984751621 \u2013 Clicar no canto da tela ou ESCANEIE O QRCODE ABAIXO<\/p>\n<p><img decoding=\"async\" class=\"alignnone wp-image-7603\" src=\"http:\/\/portifolioos-prontos.com\/wp-content\/uploads\/2022\/09\/portfolio-unopar-pronto-colaborar-ava-producao-textual-interdisciplinar.png\" alt=\"Embates em torno do Estado laico,portf\u00f3lio Embates em torno do Estado laico,portf\u00f3lio ead Embates em torno do Estado laico,portf\u00f3lioo ead Embates em torno do Estado laico,portf\u00f3lios prontos Embates em torno do Estado laico,portf\u00f3lio unopar Embates em torno do Estado laico,portf\u00f3lio teologia Embates em torno do Estado laico,portf\u00f3lio teologia,Religiosos devem ou n\u00e3o fazer parte da pol\u00edtica?,Quais os pontos positivos e os negativos dessa associa\u00e7\u00e3o para a sociedade de modo geral?,Existe algum limite para essa rela\u00e7\u00e3o?,A presen\u00e7a de religiosos na Pol\u00edtica deve ser vista como Democracia ou atentado ao Estado Laico?,teologia,teologia unopar,portf\u00f3lio teologia unopar,apostileiros A presen\u00e7a de religiosos na Pol\u00edtica deve ser vista como Democracia ou atentado ao Estado Laico?,Portfolio pronto,portifolio pronto,portf\u00f3lio pronto,portifolios prontos,portif\u00f3lios prontos,portf\u00f3lio pronto unopar,portifolio pronto unopar,portif\u00f3lio pronto unopar,portifolios prontos unopar,portifolios prontos anhanguera,portf\u00f3lios prontos anhanguera,portf\u00f3lio pronto anhanguera,portfolios ead,portf\u00f3lios ead,portfolioead,apostileiros,portf\u00f3lio ead,portifolios ead,portif\u00f3lios ead,eadhelp,shop do acad\u00eamico,unopar portfolio,portfolio pronto ead,portfolio unopar ead,ead portfolio ava,portf\u00f3lio ead anhanguera,portf\u00f3lio ead pront,o portf\u00f3lio ead unopar,portf\u00f3lio pronto em word,pti unopar,ptg unopar,modelo de portf\u00f3lio unopar,modelo de portf\u00f3lio anhanguera,como fazer um portf\u00f3lio para faculdade,como faz portf\u00f3lio universidade,como faz portf\u00f3lios para universidade,portf\u00f3lios prontos para universidade,portf\u00f3lios pronto para faculdade,portf\u00f3lio pronto para editar,portifolios prontos para editar,portf\u00f3lio em word,portfolio em word,portf\u00f3lio em word para editar,portifolio em word para editar,portfolio unopar pronto para editar,modelo de portfolio para unopar,modelo de portif\u00f3lio para unopar,modelo de portf\u00f3lio para unopar,unopar portf\u00f3lio pronto,anhanguera portf\u00f3lio pronto,portf\u00f3lio em word pronto,comprar portf\u00f3lio pronto,como fazer um portf\u00f3lio,como fazer portf\u00f3lio digital,portfolio,portf\u00f3lio,portifolio,portif\u00f3lio,portf\u00f3lio interdisciplinar individual,portfolio interdisciplinar individual,exemplos de portf\u00f3lio para faculdade,baixar portf\u00f3lio pronto,portf\u00f3lio acad\u00eamico,portf\u00f3lio online,portfoliooead,portfolio ead,portf\u00f3lio pronto interdisciplinar individual,relat\u00f3rio de est\u00e1gio unopar,relat\u00f3rio de est\u00e1gio pronto unopar,como criar um portf\u00f3lio,o que \u00e9 um portf\u00f3lio e como fazer,portfolio exemplo,modelo de portfolio acad\u00eamico,relat\u00f3rio de est\u00e1gio gest\u00e3o escolar pronto unopar,portf\u00f3lio como fazer,prova profici\u00eancia unopar,portfolio individual est\u00e1gio curricular obrigat\u00f3rio ii anos iniciais do ensino fundamental,prova de profici\u00eancia pedagogia unopar,capa de trabalho unopar para editar,portf\u00f3lio acad\u00eamico unopar,como fazer um portf\u00f3lio acad\u00eamico,portf\u00f3lio exemplos word,portfolio acad\u00eamico,portfolio individual,portfolio individual unopar,portfolio individual anhanguera,portfolio marketing digital,portf\u00f3lio educa\u00e7\u00e3o f\u00edsica unopar,portf\u00f3lio gest\u00e3o educacional e espa\u00e7os n\u00e3o escolares,como fazer um portifolio unopar,modelo de portf\u00f3lio unopar em arquivo word,capa de portf\u00f3lio de pedagogia,como fazer um portf\u00f3lio no word,projeto integrado unopar,exemplo de portf\u00f3lio academico pedagogia\" width=\"141\" height=\"141\" srcset=\"https:\/\/portifolioos-prontos.com\/wp-content\/uploads\/2022\/09\/portfolio-unopar-pronto-colaborar-ava-producao-textual-interdisciplinar.png 150w, https:\/\/portifolioos-prontos.com\/wp-content\/uploads\/2022\/09\/portfolio-unopar-pronto-colaborar-ava-producao-textual-interdisciplinar-100x100.png 100w\" sizes=\"(max-width: 141px) 100vw, 141px\" \/><\/p>\n<\/div>\n<\/div>\n<\/div>\n<\/div>\n<div class=\"elementor-toggle-item\" style=\"box-sizing: border-box;\">\n<div id=\"elementor-tab-content-1949\" class=\"elementor-tab-content elementor-clearfix elementor-active\" style=\"box-sizing: border-box;\" role=\"tabpanel\" data-tab=\"9\" aria-labelledby=\"elementor-tab-title-1949\">\n<p style=\"box-sizing: border-box;\">E-mail:portifoliosp@gmail.com<\/p>\n<div id=\"attachment_143\" class=\"wp-caption alignnone\" style=\"box-sizing: border-box; padding: 5px; text-align: center; width: 164px;\">\n<div id=\"attachment_143\" class=\"wp-caption alignnone\" style=\"box-sizing: border-box; padding: 5px; width: 151px;\">\n<p><a style=\"box-sizing: border-box; background: transparent; transition-property: all;\" href=\"http:\/\/portifolioos-prontos.com\/\"><img decoding=\"async\" class=\"wp-image-143\" style=\"box-sizing: border-box; vertical-align: middle; display: block; width: 151px; margin: 0px;\" title=\"portfolio pronto unopar\" src=\"http:\/\/portifolioos-prontos.com\/wp-content\/uploads\/2022\/04\/conceitomaximo.png\" alt=\"PORTFOLIO PRONTO UNOPAR ANHANGUERA\" width=\"164\" height=\"43\" aria-describedby=\"caption-attachment-143\" \/><\/a><\/p>\n<p id=\"caption-attachment-143\" class=\"wp-caption-text\" style=\"box-sizing: border-box; margin-right: 0px; margin-bottom: 0px; margin-left: 0px; font-size: small; padding: 5px 0px 0px;\">Portf\u00f3lio em Word, respondido, completo e j\u00e1 nas normas.<\/p>\n<\/div>\n<\/div>\n<\/div>\n<\/div>\n","protected":false},"excerpt":{"rendered":"<p>Portf\u00f3lio Embates em torno do Estado laico Curso: TEOLOGIA BACHARELADO Semestre: 4\u00ba Prezado(a) aluno e aluna, Seja bem-vindo(a) a este semestre! A proposta de Produ\u00e7\u00e3o Textual ter\u00e1 como tem\u00e1tica: \u201cembates em torno do Estado laico\u201d. Escolhemos essa tem\u00e1tica com o intuito de que voc\u00ea possa adquirir novos saberes possibilitando a aprendizagem interdisciplinar dos conte\u00fados desenvolvidos&hellip;<\/p>\n","protected":false},"featured_media":6626,"template":"","meta":{"_seopress_robots_primary_cat":"none","_seopress_titles_title":"%%post_title%% %%sitetitle%%","_seopress_titles_desc":"%%post_content%%","_seopress_robots_index":""},"product_cat":[59,15],"product_tag":[],"class_list":{"0":"post-6381","1":"product","2":"type-product","3":"status-publish","4":"has-post-thumbnail","6":"product_cat-teologia","7":"product_cat-uncategorized","9":"first","10":"instock","11":"downloadable","12":"virtual","13":"purchasable","14":"product-type-simple","15":"col-xs-6 col-sm-4","16":"col-mf-5","17":"un-5-cols"},"jetpack_sharing_enabled":true,"_links":{"self":[{"href":"https:\/\/portifolioos-prontos.com\/index.php\/wp-json\/wp\/v2\/product\/6381","targetHints":{"allow":["GET"]}}],"collection":[{"href":"https:\/\/portifolioos-prontos.com\/index.php\/wp-json\/wp\/v2\/product"}],"about":[{"href":"https:\/\/portifolioos-prontos.com\/index.php\/wp-json\/wp\/v2\/types\/product"}],"version-history":[{"count":0,"href":"https:\/\/portifolioos-prontos.com\/index.php\/wp-json\/wp\/v2\/product\/6381\/revisions"}],"wp:featuredmedia":[{"embeddable":true,"href":"https:\/\/portifolioos-prontos.com\/index.php\/wp-json\/wp\/v2\/media\/6626"}],"wp:attachment":[{"href":"https:\/\/portifolioos-prontos.com\/index.php\/wp-json\/wp\/v2\/media?parent=6381"}],"wp:term":[{"taxonomy":"product_cat","embeddable":true,"href":"https:\/\/portifolioos-prontos.com\/index.php\/wp-json\/wp\/v2\/product_cat?post=6381"},{"taxonomy":"product_tag","embeddable":true,"href":"https:\/\/portifolioos-prontos.com\/index.php\/wp-json\/wp\/v2\/product_tag?post=6381"}],"curies":[{"name":"wp","href":"https:\/\/api.w.org\/{rel}","templated":true}]}}