{"id":6399,"date":"2022-08-05T23:03:35","date_gmt":"2022-08-06T02:03:35","guid":{"rendered":"https:\/\/portifolioos-prontos.com\/?post_type=product&#038;p=6399"},"modified":"2022-09-14T15:15:45","modified_gmt":"2022-09-14T18:15:45","slug":"portfolio-a-abordagem-de-aspectos-relacionados-ao-discurso-literario-suas-caracteristicas-tematicas-discursivas-e-historicas","status":"publish","type":"product","link":"https:\/\/portifolioos-prontos.com\/index.php\/product\/portfolio-a-abordagem-de-aspectos-relacionados-ao-discurso-literario-suas-caracteristicas-tematicas-discursivas-e-historicas\/","title":{"rendered":"Portf\u00f3lio A abordagem de aspectos relacionados ao discurso liter\u00e1rio, suas caracter\u00edsticas tem\u00e1ticas, discursivas e hist\u00f3ricas"},"content":{"rendered":"<h4>Portf\u00f3lio A abordagem de aspectos relacionados ao discurso liter\u00e1rio, suas caracter\u00edsticas tem\u00e1ticas, discursivas e hist\u00f3ricas<\/h4>\n<h4>Curso: Letras<\/h4>\n<h4>Semestre: 7\u00b0 e 8\u00b0<\/h4>\n<p>A proposta de Produ\u00e7\u00e3o Textual Interdisciplinar Individual (PTI) ter\u00e1 como tem\u00e1tica a<br \/>\nabordagem de aspectos relacionados ao discurso liter\u00e1rio, suas caracter\u00edsticas tem\u00e1ticas, discursivas<br \/>\ne hist\u00f3ricas.<br \/>\nA escolha dessa tem\u00e1tica foi realizada com o intuito de possibilitar a aprendizagem<br \/>\ninterdisciplinar dos conte\u00fados desenvolvidos nas disciplinas do semestre recorrente.<\/p>\n<p>ORIENTA\u00c7\u00d5ES DA PRODU\u00c7\u00c3O TEXTUAL<\/p>\n<p>1. Leitura e interpreta\u00e7\u00e3o da SGA<br \/>\nPor meio da leitura da SGA e, tamb\u00e9m, da situa\u00e7\u00e3o-problema destacada, voc\u00ea deve elaborar<br \/>\num <a href=\"http:\/\/portifolioos-prontos.com\">Plano<\/a> de Aula, tendo como foco o trabalho com a leitura liter\u00e1ria, seus aspectos tem\u00e1ticos,<br \/>\ndiscursivos e hist\u00f3ricos em meio ao contexto proposto.<\/p>\n<p>Situa\u00e7\u00e3o Geradora de Aprendizagem (SGA)<\/p>\n<p>Para refletir sobre a atua\u00e7\u00e3o do professor de L\u00edngua Portuguesa e de Literatura no Ensino<br \/>\nM\u00e9dio, tome como exemplo o caso que apresentaremos a seguir.<br \/>\nGisele \u00e9 professora de L\u00edngua Portuguesa de uma escola da rede p\u00fablica do interior do pa\u00eds.<br \/>\nNo in\u00edcio do ano letivo, ela assumiu todas as turmas de Ensino M\u00e9dio, no per\u00edodo matutino. Gisele<br \/>\nsentiu que o desafio seria grande, pois era a primeira vez que trabalhava com turmas de Ensino<\/p>\n<p>M\u00e9dio, visto que, desde o in\u00edcio da carreira, estava acostumada a interagir com alunos dos anos finais<br \/>\ndo Ensino Fundamental.<br \/>\nNas primeiras aulas ministradas, percebeu que lidava com turmas bastante heterog\u00eaneas e<br \/>\ncome\u00e7ou a buscar um ponto em comum entre esses alunos, para que pudesse preparar aulas<br \/>\nprazerosas e que tivessem bons resultados, considerando as orienta\u00e7\u00f5es dos documentos oficiais<br \/>\nvoltados \u00e0 educa\u00e7\u00e3o.<br \/>\nCerto dia, observando um grupo de alunos do 3o ano do Ensino M\u00e9dio em uma atividade de<br \/>\nleitura liter\u00e1ria, notou que eles gostavam de ler temas espec\u00edficos como, por exemplo, o amor. Assim,<br \/>\nteve a ideia de aliar a leitura de obras liter\u00e1rias com esse tema, de modo que os alunos pudessem<br \/>\ndar aten\u00e7\u00e3o ao discurso liter\u00e1rio, considerando as estrat\u00e9gias de cada autor no tratamento do tema.<br \/>\nDe igual modo, com essa atividade, ela tamb\u00e9m percebeu que poderia aliar aspectos da<br \/>\nan\u00e1lise do discurso que seriam trabalhados no bimestre, visto que esse objeto de conhecimento<br \/>\nconstava no planejamento integrado \u00e0 disciplina de L\u00edngua Portuguesa.<br \/>\nLembrou-se, ent\u00e3o, de que j\u00e1 tinha trabalhado com eles o poema \u201cSoneto do Amor Total\u201d, de<br \/>\nVinicius de Moraes, e acreditou ser poss\u00edvel traz\u00ea-lo para a sala de aula e trabalhar com os objetos<br \/>\nde conhecimento propostos, antes de adentrar \u00e0s especificidades dos textos da literatura inglesa,<br \/>\nque tamb\u00e9m passariam a fazer parte desse contexto.<br \/>\nGisele, animada com a proposta, procurou elaborar um plano de aula a fim de descrever os<br \/>\nobjetos de conhecimento que seriam trabalhados e de que maneira iria desenvolv\u00ea-los. Buscou ajuda<br \/>\nem textos sobre a leitura liter\u00e1ria na escola, como ensinar literatura e abordar as especificidades do<br \/>\ntexto liter\u00e1rio, bem como aspectos relacionados ao discurso liter\u00e1rio, suas caracter\u00edsticas tem\u00e1ticas,<br \/>\ndiscursivas e hist\u00f3ricas.<br \/>\nAp\u00f3s as leituras iniciou a elabora\u00e7\u00e3o do plano de aula.<br \/>\nSitua\u00e7\u00e3o-problema:<\/p>\n<p>Para realizar essa Produ\u00e7\u00e3o Textual Interdisciplinar Individual (PTI), voc\u00ea deve se colocar na<br \/>\nsitua\u00e7\u00e3o da professora Gisele e elaborar um Plano de Aula para uma turma de 3o ano do Ensino<br \/>\nM\u00e9dio, aliando a leitura do texto liter\u00e1rio aos aspectos tem\u00e1ticos, discursivos e hist\u00f3ricos<br \/>\nrelacionados ao contexto proposto.<\/p>\n<p>ORIENTA\u00c7\u00d5ES PARA A EXECU\u00c7\u00c3O DO TRABALHO<\/p>\n<p>Desse modo, o Plano de Aula que voc\u00ea ir\u00e1 elaborar dever\u00e1 levar em conta esse cen\u00e1rio<br \/>\ndesafiador e propor um trabalho que considere o poema \u201cSoneto do Amor Total\u201d, de Vinicius de<br \/>\nMoraes, e a an\u00e1lise dos aspectos tem\u00e1ticos, discursivos e hist\u00f3ricos dessa obra.<br \/>\n1. Inicialmente, ler o poema \u201cSoneto do Amor Total\u201d, de Vinicius de Moraes.<\/p>\n<p>MORAES, Vinicius de. Soneto do amor total. In: Livro de sonetos. Rio de Janeiro. Livros de<br \/>\nPortugal, 1957, p. 73. (ANEXO 1)<br \/>\n2. Reflita sobre estes questionamentos:<br \/>\n\u2022 Como o autor em quest\u00e3o trabalha o tema do amor?<br \/>\n\u2022 Quais aspectos da hist\u00f3ria da L\u00edngua Portuguesa se apresentam no contexto dessa obra do<br \/>\ns\u00e9culo XX?<br \/>\n\u2022 De que forma o eu l\u00edrico constr\u00f3i o discurso em rela\u00e7\u00e3o \u00e0 tem\u00e1tica explorada?<br \/>\n\u2022 Qual a especificidade tem\u00e1tica, discursiva e hist\u00f3rica do texto?<br \/>\n3. Para aprofundar suas reflex\u00f5es, leia os textos indicados a seguir:<br \/>\n\u2022 Artigo: \u201cDiscurso e amor: a esfera da intimidade e suas manifesta\u00e7\u00f5es na literatura\u201d.<br \/>\nMORAES, Vera L. A. de. Discurso e amor: a esfera da intimidade e suas manifesta\u00e7\u00f5es na<br \/>\nliteratura. Revista de Letras (UFC) N.27 \u2013 Vol. 1\/2 \u2013 jan\/dez. 2005. (ANEXO 2)<br \/>\n\u2022 Artigo: \u201cAs abordagens do sentimento amor nas cria\u00e7\u00f5es dos sonetos de Vinicius de<br \/>\nMoraes\u201d.<br \/>\nCOSTA, Noemy Oliveira Cardoso. Artigo apresentado como Trabalho de Conclus\u00e3o de<br \/>\nCurso, orientado pela Prof.a Dr.a Maria Imaculada Cavalcante, da Universidade Federal de<br \/>\nGoi\u00e1s, Regional Catal\u00e3o. (ANEXO 3)<br \/>\n\u2022 Artigo: \u201cPoesia e autoria: a voz que fala no eu-l\u00edrico\u201d.<br \/>\nBRISOLARA, Val\u00e9ria Silveira; MEDINA, Roberto. Poesia e autoria: a voz que fala no eu-l\u00edrico.<br \/>\nDispon\u00edvel em:<br \/>\n<a href=\"https:\/\/www.uniritter.edu.br\/uploads\/eventos\/sepesq\/x_sepesq\/arquivos_trabalhos\/29\" rel=\"nofollow\">https:\/\/www.uniritter.edu.br\/uploads\/eventos\/sepesq\/x_sepesq\/arquivos_trabalhos\/29<\/a><br \/>\n66\/495\/682.pdf. Acesso em: 25 jun, 2022. (ANEXO 4)<br \/>\n\u2022 Diretriz: Base Nacional Comum Curricular (BNCC)<br \/>\nBRASIL. Base Nacional Comum Curricular (BNCC). Educa\u00e7\u00e3o \u00e9 a Base. Bras\u00edlia,<br \/>\nMEC\/CONSED\/UNDIME, 2018. (ANEXO 5)<br \/>\nAl\u00e9m desses textos sugeridos, voc\u00ea pode tamb\u00e9m reler os materiais das disciplinas para a<br \/>\nelabora\u00e7\u00e3o da proposta. Utilize a sua biblioteca digital e pesquise nos livros das disciplinas do<br \/>\nsemestre.<br \/>\nNesse mesmo sentido, atente-se \u00e0s especificidades da BNCC para a atividade proposta. O<br \/>\ncampo art\u00edstico \u00e9 o espa\u00e7o de circula\u00e7\u00e3o das manifesta\u00e7\u00f5es art\u00edsticas em geral, contribuindo para a<br \/>\nconstru\u00e7\u00e3o da aprecia\u00e7\u00e3o est\u00e9tica, significativa para a constitui\u00e7\u00e3o de identidades, a viv\u00eancia de<br \/>\nprocessos criativos, o reconhecimento da diversidade e da multiculturalidade e a express\u00e3o de<br \/>\nsentimentos e emo\u00e7\u00f5es. Possibilita aos estudantes, portanto, reconhecer, valorizar, fruir e produzir<br \/>\ntais manifesta\u00e7\u00f5es, com base em crit\u00e9rios est\u00e9ticos e no exerc\u00edcio da sensibilidade.<\/p>\n<p>\u00c1rea: Linguagens e suas Tecnologias<br \/>\nDisciplina: L\u00edngua Portuguesa<br \/>\nApreciar esteticamente as mais diversas produ\u00e7\u00f5es art\u00edsticas e culturais, considerando suas<br \/>\ncaracter\u00edsticas locais, regionais e globais, e mobilizar seus conhecimentos sobre as linguagens<br \/>\nart\u00edsticas para dar significado e (re)construir produ\u00e7\u00f5es autorais individuais e coletivas, exercendo<br \/>\nprotagonismo de maneira cr\u00edtica e criativa, com respeito \u00e0 diversidade de saberes, identidades e<br \/>\nculturas. (BNCC, p. 490)<\/p>\n<p>4. Ap\u00f3s o processo de reflex\u00e3o, d\u00ea in\u00edcio \u00e0 elabora\u00e7\u00e3o do plano de aula, organizando-o com base<br \/>\nnos seguintes crit\u00e9rios:<br \/>\n\u2022 Capa e Folha de Rosto: Utilizar capa e folha de rosto padronizadas da institui\u00e7\u00e3o.<br \/>\n\u2022 Introdu\u00e7\u00e3o: Apresentar o tema do Plano de Aula, a justificativa, os objetivos gerais e<br \/>\nespec\u00edficos, os objetos de conhecimento a serem tratados pelo professor e o que se<br \/>\npretende desenvolver no plano de trabalho. (Ao menos 1 lauda).<br \/>\n\u2022 Desenvolvimento: Para o desenvolvimento do trabalho, realizar:<br \/>\na. Uma breve fundamenta\u00e7\u00e3o te\u00f3rica sobre o assunto, abordando a An\u00e1lise do Discurso no<br \/>\neu l\u00edrico, o Amor na Literatura e a L\u00edngua Portuguesa nesse contexto. Respaldar-se nas<br \/>\nleituras sugeridas. (Ao menos 3 laudas).<br \/>\nb. Voc\u00ea dever\u00e1, com o respaldo da discuss\u00e3o te\u00f3rica, apresentar o plano de aula elaborado,<br \/>\nque leve em conta a proposta da situa\u00e7\u00e3o-problema. Para isso, utilizar o modelo<br \/>\nestrutural a seguir. (At\u00e9 2 laudas)<\/p>\n<p>PLANO DE AULA<br \/>\nIdentifica\u00e7\u00e3o da escola: Colocar o nome de uma escola fict\u00edcia.<br \/>\nPer\u00edodo de realiza\u00e7\u00e3o: Tempo em que a proposta fict\u00edcia ser\u00e1 realizada, levando em considera\u00e7\u00e3o<br \/>\na especifica\u00e7\u00e3o de 2 (duas) aulas conjugadas.<br \/>\nTurma: 3o ano do Ensino M\u00e9dio.<br \/>\nCronograma de atividades: Per\u00edodo de realiza\u00e7\u00e3o da proposta. Pode ser apresentado em forma de<br \/>\nquadro.<br \/>\nPercurso metodol\u00f3gico: Descrever a(s) atividade(s) a ser(em) realizada(s) de forma detalhada.<\/p>\n<p>Recursos: Apresentar os recursos materiais e did\u00e1ticos necess\u00e1rios (Datashow, cartolina, tesoura,<br \/>\nrevistas, textos, v\u00eddeos, entre outros). Ao optar por utilizar textos, v\u00eddeos ou imagens, coloc\u00e1-los<br \/>\nem anexo na \u00edntegra ou a indica\u00e7\u00e3o do link para acesso.<br \/>\nAvalia\u00e7\u00e3o: Descrever como a proposta ser\u00e1 avaliada.<br \/>\nRefer\u00eancias: Apresentar todas as fontes utilizadas para a consulta na elabora\u00e7\u00e3o das propostas.<\/p>\n<p>\u2022 Considera\u00e7\u00f5es finais: Para a finaliza\u00e7\u00e3o do texto, fazer uma retomada do tema-base, com a<br \/>\ns\u00edntese do posicionamento em rela\u00e7\u00e3o \u00e0 proposta elaborada. (Ao menos 1 lauda)<br \/>\n\u2022 Anexos e\/ou ap\u00eandices: Apresentar, caso sejam utilizados, materiais, imagens, fotografias ou<br \/>\nregistros.<br \/>\n\u2022 Refer\u00eancias: Apresentar todas as fontes utilizadas para consulta na elabora\u00e7\u00e3o das propostas.<br \/>\nObserva\u00e7\u00e3o: Voc\u00ea pode \u2013 e deve \u2013 consultar outras fontes (textos, artigos e afins) sobre o tema, na<br \/>\nBiblioteca Virtual, nos materiais das disciplinas e\/ou em outras fontes.<\/p>\n<div class=\"elementor-toggle-item\">\n<h4 id=\"elementor-tab-title-1941\" class=\"elementor-tab-title elementor-active\" tabindex=\"0\" role=\"tab\" data-tab=\"1\" aria-controls=\"elementor-tab-content-1941\" aria-expanded=\"true\" aria-selected=\"true\">Como funciona?<\/h4>\n<div id=\"elementor-tab-content-1941\" class=\"elementor-tab-content elementor-clearfix elementor-active\" role=\"tabpanel\" data-tab=\"1\" aria-labelledby=\"elementor-tab-title-1941\">\n<p>Elaboramos os portf\u00f3lios, j\u00e1 deixamos prontos, nas normas da ABNT e conforme os requisitos da universidade. F\u00e1cil assim! O MELHOR \u00c9 QUE VOC\u00ca COMPRA E J\u00c1 BAIXA NA HORA O SEU ARQUIVO EM WORD! Sabemos que conciliar trabalho, fam\u00edlia, vida profissional e estudos \u00e9 dif\u00edcil hoje em dia, por isso, estamos aqui para ajudar voc\u00ea. Conte com nossa qualidade, experi\u00eancia e profissionalismo adquirindo seu portf\u00f3lio conosco. GARANTIMOS SEU CONCEITO!<\/p>\n<h4>Como se realizam os envios?<\/h4>\n<\/div>\n<\/div>\n<div class=\"elementor-toggle-item\">\n<div id=\"elementor-tab-content-1942\" class=\"elementor-tab-content elementor-clearfix elementor-active\" role=\"tabpanel\" data-tab=\"2\" aria-labelledby=\"elementor-tab-title-1942\">O seu trabalho \u00e9 disponibilizado pronto, respondido e nas normas j\u00e1 na mesma hora aqui em nosso site na sua \u00e1rea de downloads e tamb\u00e9m no seu e-mail.<\/div>\n<\/div>\n<div class=\"elementor-toggle-item\">\n<div id=\"elementor-tab-content-1943\" class=\"elementor-tab-content elementor-clearfix elementor-active\" role=\"tabpanel\" data-tab=\"3\" aria-labelledby=\"elementor-tab-title-1943\">\n<h4>Em quanto tempo recebo o portf\u00f3lio?<\/h4>\n<\/div>\n<\/div>\n<div class=\"elementor-toggle-item\">\n<div id=\"elementor-tab-content-1944\" class=\"elementor-tab-content elementor-clearfix elementor-active\" role=\"tabpanel\" data-tab=\"4\" aria-labelledby=\"elementor-tab-title-1944\">\n<p>Os envios s\u00e3o imediatos. Ap\u00f3s sua compra, o trabalho j\u00e1 \u00e9 disponibilizado instantaneamente aqui em nosso site e no seu e-mail.<\/p>\n<h4>E se o portf\u00f3lio que comprei precisar de corre\u00e7\u00e3o?<\/h4>\n<\/div>\n<\/div>\n<div class=\"elementor-toggle-item\">\n<div id=\"elementor-tab-content-1945\" class=\"elementor-tab-content elementor-clearfix elementor-active\" role=\"tabpanel\" data-tab=\"5\" aria-labelledby=\"elementor-tab-title-1945\">\n<p>Caso haja alguma solicita\u00e7\u00e3o de corre\u00e7\u00e3o\/altera\u00e7\u00e3o por parte do tutor, basta entrar em contato conosco pelo\u00a0WhatsApp\u00a0que provid\u00eanciaremos sem custo algum.<\/p>\n<h4>Qual o formato do arquivo?<\/h4>\n<\/div>\n<\/div>\n<div class=\"elementor-toggle-item\">\n<div id=\"elementor-tab-content-1946\" class=\"elementor-tab-content elementor-clearfix elementor-active\" role=\"tabpanel\" data-tab=\"6\" aria-labelledby=\"elementor-tab-title-1946\">\n<p>Os arquivos s\u00e3o enviados em formato Word e s\u00e3o edit\u00e1veis.<\/p>\n<h4>Caso eu tiver alguma d\u00favida, terei suporte no p\u00f3s venda?<\/h4>\n<\/div>\n<\/div>\n<div class=\"elementor-toggle-item\">\n<div id=\"elementor-tab-content-1948\" class=\"elementor-tab-content elementor-clearfix elementor-active\" role=\"tabpanel\" data-tab=\"8\" aria-labelledby=\"elementor-tab-title-1948\">\n<p>Sim, com certeza. Basta clicar no \u00edcone do WhatsApp no cantinho da tela. Ser\u00e1 um prazer atend\u00ea-lo(a).<\/p>\n<div class=\"elementor-toggle-item\">\n<div id=\"elementor-tab-content-1948\" class=\"elementor-tab-content elementor-clearfix elementor-active\" role=\"tabpanel\" data-tab=\"8\" aria-labelledby=\"elementor-tab-title-1948\">\n<h4>Quais os seus canais de contato?<\/h4>\n<\/div>\n<\/div>\n<div class=\"elementor-toggle-item\">\n<div id=\"elementor-tab-content-1949\" class=\"elementor-tab-content elementor-clearfix elementor-active\" role=\"tabpanel\" data-tab=\"9\" aria-labelledby=\"elementor-tab-title-1949\">\n<p>Whatsapp: 53 984751621 \u2013 Clicar no canto da tela ou ESCANEIE O QRCODE ABAIXO<\/p>\n<p><img decoding=\"async\" class=\"alignnone wp-image-7603\" src=\"http:\/\/portifolioos-prontos.com\/wp-content\/uploads\/2022\/09\/portfolio-unopar-pronto-colaborar-ava-producao-textual-interdisciplinar.png\" alt=\"A abordagem de aspectos relacionados ao discurso liter\u00e1rio suas caracter\u00edsticas tem\u00e1ticas discursivas e hist\u00f3ricas,portf\u00f3lio A abordagem de aspectos relacionados ao discurso liter\u00e1rio suas caracter\u00edsticas tem\u00e1ticas discursivas e hist\u00f3ricas,portf\u00f3lioo ead A abordagem de aspectos relacionados ao discurso liter\u00e1rio suas caracter\u00edsticas tem\u00e1ticas discursivas e hist\u00f3ricas,portf\u00f3lio letras A abordagem de aspectos relacionados ao discurso liter\u00e1rio suas caracter\u00edsticas tem\u00e1ticas discursivas e hist\u00f3ricas,portf\u00f3lio letra,portfolio interdisciplinar individual letras,portf\u00f3lio letras,portfolio letras unopar,portf\u00f3lio pronto letras,portf\u00f3lio pronto letras unopar,portf\u00f3lio pronto letras anhanguera,pti letras,ptg letras,pti A abordagem de aspectos relacionados ao discurso liter\u00e1rio suas caracter\u00edsticas tem\u00e1ticas discursivas e hist\u00f3ricas,ptg A abordagem de aspectos relacionados ao discurso liter\u00e1rio suas caracter\u00edsticas tem\u00e1ticas discursivas e hist\u00f3ricas,portfolio ead A abordagem de aspectos relacionados ao discurso liter\u00e1rio suas caracter\u00edsticas tem\u00e1ticas discursivas e hist\u00f3ricas,produ\u00e7\u00e3o textual unopar,Portfolio pronto,portifolio pronto,portf\u00f3lio pronto,portifolios prontos,portif\u00f3lios prontos,portf\u00f3lio pronto unopar,portifolio pronto unopar,portif\u00f3lio pronto unopar,portifolios prontos unopar,portifolios prontos anhanguera,portf\u00f3lios prontos anhanguera,portf\u00f3lio pronto anhanguera,portfolios ead,portf\u00f3lios ead,portfolioead,apostileiros,portf\u00f3lio ead,portifolios ead,portif\u00f3lios ead,eadhelp,shop do acad\u00eamico,unopar portfolio,portfolio pronto ead,portfolio unopar ead,ead portfolio ava,portf\u00f3lio ead anhanguera,portf\u00f3lio ead pront,o portf\u00f3lio ead unopar,portf\u00f3lio pronto em word,pti unopar,ptg unopar,modelo de portf\u00f3lio unopar,modelo de portf\u00f3lio anhanguera,como fazer um portf\u00f3lio para faculdade,como faz portf\u00f3lio universidade,como faz portf\u00f3lios para universidade,portf\u00f3lios prontos para universidade,portf\u00f3lios pronto para faculdade,portf\u00f3lio pronto para editar,portifolios prontos para editar,portf\u00f3lio em word,portfolio em word,portf\u00f3lio em word para editar,portifolio em word para editar,portfolio unopar pronto para editar,modelo de portfolio para unopar,modelo de portif\u00f3lio para unopar,modelo de portf\u00f3lio para unopar,unopar portf\u00f3lio pronto,anhanguera portf\u00f3lio pronto,portf\u00f3lio em word pronto,comprar portf\u00f3lio pronto,como fazer um portf\u00f3lio,como fazer portf\u00f3lio digital,portfolio,portf\u00f3lio,portifolio,portif\u00f3lio,portf\u00f3lio interdisciplinar individual,portfolio interdisciplinar individual,exemplos de portf\u00f3lio para faculdade,baixar portf\u00f3lio pronto,portf\u00f3lio acad\u00eamico,portf\u00f3lio online,portfoliooead,portfolio ead,portf\u00f3lio pronto interdisciplinar individual,relat\u00f3rio de est\u00e1gio unopar,relat\u00f3rio de est\u00e1gio pronto unopar,como criar um portf\u00f3lio,o que \u00e9 um portf\u00f3lio e como fazer,portfolio exemplo,modelo de portfolio acad\u00eamico,relat\u00f3rio de est\u00e1gio gest\u00e3o escolar pronto unopar,portf\u00f3lio como fazer,prova profici\u00eancia unopar,portfolio individual est\u00e1gio curricular obrigat\u00f3rio ii anos iniciais do ensino fundamental,prova de profici\u00eancia pedagogia unopar,capa de trabalho unopar para editar,portf\u00f3lio acad\u00eamico unopar,como fazer um portf\u00f3lio acad\u00eamico,portf\u00f3lio exemplos word,portfolio acad\u00eamico,portfolio individual,portfolio individual unopar,portfolio individual anhanguera,portfolio marketing digital,portf\u00f3lio educa\u00e7\u00e3o f\u00edsica unopar,portf\u00f3lio gest\u00e3o educacional e espa\u00e7os n\u00e3o escolares,como fazer um portifolio unopar,modelo de portf\u00f3lio unopar em arquivo word,capa de portf\u00f3lio de pedagogia,como fazer um portf\u00f3lio no word,projeto integrado unopar,exemplo de portf\u00f3lio academico pedagogia\" width=\"141\" height=\"141\" srcset=\"https:\/\/portifolioos-prontos.com\/wp-content\/uploads\/2022\/09\/portfolio-unopar-pronto-colaborar-ava-producao-textual-interdisciplinar.png 150w, https:\/\/portifolioos-prontos.com\/wp-content\/uploads\/2022\/09\/portfolio-unopar-pronto-colaborar-ava-producao-textual-interdisciplinar-100x100.png 100w\" sizes=\"(max-width: 141px) 100vw, 141px\" \/><\/p>\n<\/div>\n<\/div>\n<\/div>\n<\/div>\n<div class=\"elementor-toggle-item\">\n<div id=\"elementor-tab-content-1949\" class=\"elementor-tab-content elementor-clearfix elementor-active\" role=\"tabpanel\" data-tab=\"9\" aria-labelledby=\"elementor-tab-title-1949\">\n<p>E-mail:portifoliosp@gmail.com<\/p>\n<div id=\"attachment_143\" class=\"wp-caption alignnone\">\n<div id=\"attachment_143\" class=\"wp-caption alignnone\" style=\"width: 159px;\">\n<p><a href=\"http:\/\/portifolioos-prontos.com\/\"><img decoding=\"async\" class=\"wp-image-143\" title=\"portfolio pronto unopar\" src=\"http:\/\/portifolioos-prontos.com\/wp-content\/uploads\/2022\/04\/conceitomaximo.png\" alt=\"PORTFOLIO PRONTO UNOPAR ANHANGUERA\" width=\"159\" height=\"45\" aria-describedby=\"caption-attachment-143\" \/><\/a><\/p>\n<p id=\"caption-attachment-143\" class=\"wp-caption-text\">Portf\u00f3lio em Word, respondido, completo e j\u00e1 nas normas.<\/p>\n<\/div>\n<\/div>\n<\/div>\n<\/div>\n","protected":false},"excerpt":{"rendered":"<p>Portf\u00f3lio A abordagem de aspectos relacionados ao discurso liter\u00e1rio, suas caracter\u00edsticas tem\u00e1ticas, discursivas e hist\u00f3ricas Curso: Letras Semestre: 7\u00b0 e 8\u00b0 A proposta de Produ\u00e7\u00e3o Textual Interdisciplinar Individual (PTI) ter\u00e1 como tem\u00e1tica a abordagem de aspectos relacionados ao discurso liter\u00e1rio, suas caracter\u00edsticas tem\u00e1ticas, discursivas e hist\u00f3ricas. A escolha dessa tem\u00e1tica foi realizada com o intuito&hellip;<\/p>\n","protected":false},"featured_media":6618,"template":"","meta":{"_seopress_robots_primary_cat":"none","_seopress_titles_title":"%%post_title%% %%sitetitle%%","_seopress_titles_desc":"%%post_content%%","_seopress_robots_index":""},"product_cat":[47,15],"product_tag":[],"class_list":{"0":"post-6399","1":"product","2":"type-product","3":"status-publish","4":"has-post-thumbnail","6":"product_cat-licenciaturas","7":"product_cat-uncategorized","9":"first","10":"instock","11":"downloadable","12":"virtual","13":"purchasable","14":"product-type-simple","15":"col-xs-6 col-sm-4","16":"col-mf-5","17":"un-5-cols"},"jetpack_sharing_enabled":true,"_links":{"self":[{"href":"https:\/\/portifolioos-prontos.com\/index.php\/wp-json\/wp\/v2\/product\/6399","targetHints":{"allow":["GET"]}}],"collection":[{"href":"https:\/\/portifolioos-prontos.com\/index.php\/wp-json\/wp\/v2\/product"}],"about":[{"href":"https:\/\/portifolioos-prontos.com\/index.php\/wp-json\/wp\/v2\/types\/product"}],"version-history":[{"count":0,"href":"https:\/\/portifolioos-prontos.com\/index.php\/wp-json\/wp\/v2\/product\/6399\/revisions"}],"wp:featuredmedia":[{"embeddable":true,"href":"https:\/\/portifolioos-prontos.com\/index.php\/wp-json\/wp\/v2\/media\/6618"}],"wp:attachment":[{"href":"https:\/\/portifolioos-prontos.com\/index.php\/wp-json\/wp\/v2\/media?parent=6399"}],"wp:term":[{"taxonomy":"product_cat","embeddable":true,"href":"https:\/\/portifolioos-prontos.com\/index.php\/wp-json\/wp\/v2\/product_cat?post=6399"},{"taxonomy":"product_tag","embeddable":true,"href":"https:\/\/portifolioos-prontos.com\/index.php\/wp-json\/wp\/v2\/product_tag?post=6399"}],"curies":[{"name":"wp","href":"https:\/\/api.w.org\/{rel}","templated":true}]}}