{"id":6426,"date":"2022-08-07T20:42:24","date_gmt":"2022-08-07T23:42:24","guid":{"rendered":"https:\/\/portifolioos-prontos.com\/?post_type=product&#038;p=6426"},"modified":"2022-09-02T14:10:05","modified_gmt":"2022-09-02T17:10:05","slug":"portfolio-regime-disciplinar-diferenciado-rdd-solucao-ou-nao","status":"publish","type":"product","link":"https:\/\/portifolioos-prontos.com\/index.php\/product\/portfolio-regime-disciplinar-diferenciado-rdd-solucao-ou-nao\/","title":{"rendered":"Portf\u00f3lio Regime disciplinar diferenciado (RDD): Solu\u00e7\u00e3o? Ou n\u00e3o?"},"content":{"rendered":"<h4>Portf\u00f3lio Regime disciplinar diferenciado (RDD): Solu\u00e7\u00e3o? Ou n\u00e3o?<\/h4>\n<h4>Curso: Criminologia<\/h4>\n<h4>Semestre: 3\u00b0<\/h4>\n<p>A presente proposta de Produ\u00e7\u00e3o Textual Individual (PTI) ter\u00e1 como tem\u00e1tica central \u201cRegime<br \/>\nDisciplinar Diferenciado (RDD): Solu\u00e7\u00e3o? Ou n\u00e3o? \u201d.<br \/>\nTal tem\u00e1tica foi escolhida a fim de possibilitar a aprendizagem interdisciplinar dos conte\u00fados<br \/>\ntrabalhados nas disciplinas deste semestre. Na PTI, voc\u00ea dever\u00e1 conhecer a Situa\u00e7\u00e3o Geradora de<br \/>\nAprendizagem (SGA) para a realiza\u00e7\u00e3o das atividades previstas. Siga as orienta\u00e7\u00f5es disponibilizadas<br \/>\nneste manual, al\u00e9m de demais fontes de conte\u00fado complementares!<br \/>\nVamos conhecer a SGA?<\/p>\n<p><strong>SITUA\u00c7\u00c3O GERADORA DE APRENDIZAGEM (SGA)<\/strong><br \/>\n<strong>Regime Disciplinar Diferenciado (RDD): Solu\u00e7\u00e3o? Ou n\u00e3o?<\/strong><\/p>\n<p>O Regime Disciplinar Diferenciado (RDD) consiste em uma modalidade de san\u00e7\u00e3o disciplinar<br \/>\ncom especificidades que o difere dos demais regimes apresentados na Lei de Execu\u00e7\u00e3o Penal (LEP),<br \/>\nsendo institu\u00eddo com o objetivo central de combater o crime organizado, sendo aplicado,<\/p>\n<p>PRODU\u00c7\u00c3O TEXTUAL<br \/>\nINTERDISCIPLINAR<br \/>\nINDIVIDUAL \u2013 PTI<br \/>\ninicialmente, ao combate do crime organizado e a l\u00edderes de fac\u00e7\u00f5es criminosas que de dentro dos<br \/>\npres\u00eddios continuavam a dar ordens e a incitarem seus comparsas em liberdade \u00e0 pr\u00e1tica de delitos<br \/>\ngraves de todos os tipos.<br \/>\nOriginado no Estado de S\u00e3o Paulo, a partir da Resolu\u00e7\u00e3o no 26\/2001 que, posteriormente,<br \/>\ntornou-se a Lei no 10.792\/2003, o RDD prev\u00ea: a) dura\u00e7\u00e3o m\u00e1xima de 360 dias, sem preju\u00edzo de<br \/>\nrepeti\u00e7\u00e3o da san\u00e7\u00e3o por nova falta grave de mesma esp\u00e9cie, at\u00e9 o limite de um sexto da pena<br \/>\naplicada; b) recolhimento em cela individual; c) visitas semanais de duas pessoas, sem contar<br \/>\ncrian\u00e7as, com dura\u00e7\u00e3o de duas horas; d) direito de sa\u00edda da cela para banho de sol por duas horas<br \/>\ndi\u00e1rias (art. 52, I a IV da Lei 7.210\/84).<br \/>\nPodem se submeter a este regime tanto condenados, como presos provis\u00f3rios, que apresentem<br \/>\nalto risco para ordem e a seguran\u00e7a do estabelecimento penal ou da sociedade, podendo se estender,<br \/>\ninclusive, a presos estrangeiros provis\u00f3rios ou condenados, bem como aqueles que estiverem envolvidos<br \/>\nou participarem com fundadas suspeitas, a qualquer t\u00edtulo, de organiza\u00e7\u00f5es criminosas, quadrilha ou<br \/>\nbando (atual associa\u00e7\u00e3o criminosa, com fundamento na Lei no 12.850\/2013 (art. 52, \u00a7\u00a7 1o e 2o LEP).<br \/>\nNo ano de 2019, mais especificamente no in\u00edcio de dezembro, um projeto de Lei do Pacote<br \/>\nAnticrime (PL 10372\/2018), aprovado pela C\u00e2mara dos Deputados, tornou mais r\u00edgidas tais regras,<br \/>\npassando a contar crian\u00e7as nas visitas quinzenais e em instala\u00e7\u00f5es que impe\u00e7am o contato f\u00edsico e a<br \/>\npassagem de objetos, bem como outras particularidades que podem ser verificadas no link a seguir:<\/p>\n<p>Fonte: Ag\u00eancia C\u00e2mara de Not\u00edcias, 2019. Acesse o texto na \u00edntegra em:<\/p>\n<p><a href=\"https:\/\/www.camara.leg.br\/noticias\/622342-pacote-anticrime-torna-mais-rigido-cumprimento-de-pena-\" rel=\"nofollow\">https:\/\/www.camara.leg.br\/noticias\/622342-pacote-anticrime-torna-mais-rigido-cumprimento-de-pena-<\/a><br \/>\nem-regime-disciplinar-diferenciado\/<\/p>\n<p>\u00c9 inquestion\u00e1vel que n\u00e3o se pode tratar integrantes de crime organizado como se fossem<br \/>\ndelinquentes comuns, e ainda que o RDD seja considerado constitucional em virtude de entendimento<br \/>\ndo Supremo Tribunal Federal (STF) e do Superior Tribunal de Justi\u00e7a (STJ), todavia, tal regime \u00e9 alvo<br \/>\nde cr\u00edticas e de opini\u00f5es divergentes (a favor ou contra), em raz\u00e3o das peculiaridades que envolvem<br \/>\nsua aplica\u00e7\u00e3o.<br \/>\nVis\u00f5es favor\u00e1veis argumentam que o RDD \u00e9 necess\u00e1rio a fim de evitar que indiv\u00edduos<br \/>\nconsiderados como de \u201calta periculosidade\u201d continuem atuando de forma a comprometer a ordem<br \/>\ne a seguran\u00e7a p\u00fablica, visto que o isolamento total de tais indiv\u00edduos \u00e9 capaz de enfraquecer e<\/p>\n<p>desestabilizar a estrutura da organiza\u00e7\u00e3o criminosa. J\u00e1 vis\u00f5es contr\u00e1rias \u00e0 medida, argumentam que<br \/>\no RDD est\u00e1 diretamente associado ao desenvolvimento de problemas psiqui\u00e1tricos nos detentos,<br \/>\nindo contra a premissa de ressocializa\u00e7\u00e3o do sistema prisional. Logo, \u00e9 poss\u00edvel verificar que a aplica\u00e7\u00e3o<br \/>\ndo RDD e as pr\u00f3prias especifica\u00e7\u00f5es do regime podem ser analisadas a partir de diferentes \u00f3ticas as quais<br \/>\npodem considerar o regime como eficiente ou n\u00e3o, dado o contexto da aplica\u00e7\u00e3o da san\u00e7\u00e3o.<\/p>\n<p>AGORA \u00c9 COM VOC\u00ca!<\/p>\n<p>Partindo dos seus conhecimentos frente ao tema \u2013 o RDD e sua aplica\u00e7\u00e3o permeada por posi\u00e7\u00f5es<br \/>\nconflitantes no que tange \u00e0 sua efetividade ou n\u00e3o \u2013 voc\u00ea dever\u00e1 analisar as premissas centrais que<br \/>\nsustentam o regime diferenciado em quest\u00e3o, analisando-o criticamente a fim de construir um<br \/>\nposicionamento favor\u00e1vel ou contr\u00e1rio \u00e0 san\u00e7\u00e3o sendo que, tal posicionamento, deve estar ancorado<br \/>\npor informa\u00e7\u00f5es e dados que defendam seus argumentos.<br \/>\nLevando em considera\u00e7\u00e3o tal SGA, responda todos os questionamentos apresentados a seguir, pois<br \/>\neles foram elaborados com base nas disciplinas ministradas ao longo deste semestre e ir\u00e3o nortear<br \/>\no desenvolvimento de seus argumentos. Assim, o produto desta atividade configurar\u00e1 um texto<br \/>\nargumentativo, abordando os t\u00f3picos de cada etapa.<\/p>\n<p>A sua participa\u00e7\u00e3o nesta atividade \u00e9 fundamental para que haja o pleno desenvolvimento das<br \/>\ncompet\u00eancias e habilidades requeridas em sua atua\u00e7\u00e3o profissional.<\/p>\n<p><strong>Etapa 1:<\/strong><br \/>\nO estudo da Vitimologia em um determinado crime pode ser utilizado para embasar o<br \/>\naumento ou redu\u00e7\u00e3o da pena do criminoso? Fundamente.<\/p>\n<p><strong>Etapa 2:<\/strong><br \/>\nLevando em considera\u00e7\u00e3o a vis\u00e3o contr\u00e1ria e favor\u00e1vel ao Regime Disciplinar Diferenciado e<br \/>\na Teoria das Penas, responda, de forma fundamentada, sobre as esp\u00e9cies de penas permitidas no<\/p>\n<p>direito penal brasileiro e as proibidas, bem como sobre o que o Estado pretende quando aplica uma<br \/>\npena, citando as teorias acerca do tema e qual a teoria adotada pelo Direito Penal brasileiro.<\/p>\n<p><strong>Etapa 3:<\/strong><\/p>\n<p>Qual fundamento permite a estipula\u00e7\u00e3o do Regime Disciplinar Diferenciado (RDD) da<br \/>\nperspectiva do Direito de Estado e do exerc\u00edcio da jurisdi\u00e7\u00e3o? Neste prisma, o que impediria a medida<br \/>\nde ser implementada tamb\u00e9m pensando nos fundamentos basilares do Direito Penal? Justifique suas<br \/>\nrespostas.<\/p>\n<p><strong>Etapa 4:<\/strong><br \/>\nDesenvolva uma leitura sociol\u00f3gica da viol\u00eancia na nossa sociedade moderna capitalista. Voc\u00ea<br \/>\npode utilizar qualquer vertente considerada cl\u00e1ssica da Sociologia (Durkheim, Weber e Marx) ou<br \/>\nqualquer vertente sociol\u00f3gica contempor\u00e2nea. Para guiar sua resposta, considere a seguinte<br \/>\nquest\u00e3o: a pobreza e a mis\u00e9ria na sociedade brasileira da atual conjuntura, s\u00e3o sin\u00f4nimos, e<br \/>\nrespons\u00e1veis \u00fanicas de crimes? Para responder essa quest\u00e3o, procure a refer\u00eancia citada e que est\u00e1<br \/>\ndispon\u00edvel na sua biblioteca virtual:<\/p>\n<p>BREUNIG, Alex Erno. Sociologia do crime e da viol\u00eancia. Curitiba: InterSaberes, 2018. [Biblioteca<br \/>\nVirtual Universit\u00e1ria 3.0]<\/p>\n<p><strong>Etapa 5:<\/strong><br \/>\nSabe-se que \u00e9 dever constitucional do Estado proteger a sociedade, garantir efici\u00eancia \u00e0<br \/>\natua\u00e7\u00e3o estatal frente \u00e0 solu\u00e7\u00e3o de conflitos sociais, bem como respeitar e criar medidas em prol da<br \/>\nefetiva\u00e7\u00e3o dos direitos fundamentais.<br \/>\nA efici\u00eancia estatal, no contexto da implanta\u00e7\u00e3o do RDD, deve ser vista sob tr\u00eas \u00e2ngulos: 01)<br \/>\nNa garantia de um sistema prisional eficiente no combate da criminalidade; 02) Na prote\u00e7\u00e3o da<br \/>\nintegridade f\u00edsica e psicol\u00f3gica do preso; 03) na prote\u00e7\u00e3o da sociedade e da coletividade, por meio<br \/>\nde pol\u00edticas eficientes de seguran\u00e7a p\u00fablica.<\/p>\n<p>Neste\u00a0contexto, a partir da pr\u00f3pria SGA, associada aos seus estudos frente a presente<br \/>\ntem\u00e1tica, torna-se poss\u00edvel \u00e0 compreens\u00e3o dos diferentes argumentos que sustentam as vis\u00f5es<br \/>\nconflitantes que permeiam o RDD e, considerando sua miss\u00e3o de sustentar um argumento contr\u00e1rio<br \/>\nou favor\u00e1vel ao regime, \u00e9 importante que ao elaborar sua vis\u00e3o e posicionamento, algumas<br \/>\nestrat\u00e9gias voltadas \u00e0 negocia\u00e7\u00e3o e comunica\u00e7\u00e3o se fa\u00e7am presentes.<br \/>\nImagine que voc\u00ea, na elabora\u00e7\u00e3o de seu texto, busque convencer aos demais que possuem<br \/>\nvis\u00f5es opostas \u00e0 sua. Assim:<br \/>\n\uf0b7 Analise e explique os seguintes pontos importantes que devem ser levantados: interesses (do<br \/>\nrepresentado e da parte oposta); dados e informa\u00e7\u00f5es a serem levantadas que justifiquem o<br \/>\nposicionamento e tente descontruir os argumentos divergentes; proposta (se houver) e<br \/>\nop\u00e7\u00f5es para validar o argumento; crit\u00e9rios que legitimam o argumento; t\u00f3picos a serem<br \/>\ndestacados na argumenta\u00e7\u00e3o.<\/p>\n<div class=\"elementor-toggle-item\">\n<h4 id=\"elementor-tab-title-1941\" class=\"elementor-tab-title elementor-active\" tabindex=\"0\" role=\"tab\" data-tab=\"1\" aria-controls=\"elementor-tab-content-1941\" aria-expanded=\"true\" aria-selected=\"true\">Como funciona?<\/h4>\n<div id=\"elementor-tab-content-1941\" class=\"elementor-tab-content elementor-clearfix elementor-active\" role=\"tabpanel\" data-tab=\"1\" aria-labelledby=\"elementor-tab-title-1941\">\n<p>Elaboramos os portf\u00f3lios, j\u00e1 deixamos prontos, nas normas da ABNT e conforme os requisitos da universidade. F\u00e1cil assim! O MELHOR \u00c9 QUE VOC\u00ca COMPRA E J\u00c1 BAIXA NA HORA O SEU ARQUIVO EM WORD! Sabemos que conciliar trabalho, fam\u00edlia, vida profissional e estudos \u00e9 dif\u00edcil hoje em dia, por isso, estamos aqui para ajudar voc\u00ea. Conte com nossa qualidade, experi\u00eancia e profissionalismo adquirindo seu portf\u00f3lio conosco. GARANTIMOS SEU CONCEITO!<\/p>\n<h4>Como se realizam os envios?<\/h4>\n<\/div>\n<\/div>\n<div class=\"elementor-toggle-item\">\n<div id=\"elementor-tab-content-1942\" class=\"elementor-tab-content elementor-clearfix elementor-active\" role=\"tabpanel\" data-tab=\"2\" aria-labelledby=\"elementor-tab-title-1942\">O seu trabalho \u00e9 disponibilizado pronto, respondido e nas normas j\u00e1 na mesma hora aqui em nosso site na sua \u00e1rea de downloads e tamb\u00e9m no seu e-mail.<\/div>\n<\/div>\n<div class=\"elementor-toggle-item\">\n<div id=\"elementor-tab-content-1943\" class=\"elementor-tab-content elementor-clearfix elementor-active\" role=\"tabpanel\" data-tab=\"3\" aria-labelledby=\"elementor-tab-title-1943\">\n<h4>Em quanto tempo recebo o portf\u00f3lio?<\/h4>\n<\/div>\n<\/div>\n<div class=\"elementor-toggle-item\">\n<div id=\"elementor-tab-content-1944\" class=\"elementor-tab-content elementor-clearfix elementor-active\" role=\"tabpanel\" data-tab=\"4\" aria-labelledby=\"elementor-tab-title-1944\">\n<p>Os envios s\u00e3o imediatos. Ap\u00f3s sua compra, o trabalho j\u00e1 \u00e9 disponibilizado instantaneamente aqui em nosso site e no seu e-mail.<\/p>\n<h4>E se o portf\u00f3lio que comprei precisar de corre\u00e7\u00e3o?<\/h4>\n<\/div>\n<\/div>\n<div class=\"elementor-toggle-item\">\n<div id=\"elementor-tab-content-1945\" class=\"elementor-tab-content elementor-clearfix elementor-active\" role=\"tabpanel\" data-tab=\"5\" aria-labelledby=\"elementor-tab-title-1945\">\n<p>Caso haja alguma solicita\u00e7\u00e3o de corre\u00e7\u00e3o\/altera\u00e7\u00e3o por parte do tutor, basta entrar em contato conosco pelo\u00a0<a href=\"https:\/\/api.whatsapp.com\/send\/?phone=5553984751621&amp;text&amp;app_absent=0\">WhatsApp<\/a>\u00a0que provid\u00eanciaremos sem custo algum.<\/p>\n<h4>Qual o formato do arquivo?<\/h4>\n<\/div>\n<\/div>\n<div class=\"elementor-toggle-item\">\n<div id=\"elementor-tab-content-1946\" class=\"elementor-tab-content elementor-clearfix elementor-active\" role=\"tabpanel\" data-tab=\"6\" aria-labelledby=\"elementor-tab-title-1946\">\n<p>Os arquivos s\u00e3o enviados em formato Word e s\u00e3o edit\u00e1veis.<\/p>\n<h4>Caso eu tiver alguma d\u00favida, terei suporte no p\u00f3s venda?<\/h4>\n<\/div>\n<\/div>\n<div class=\"elementor-toggle-item\">\n<div id=\"elementor-tab-content-1948\" class=\"elementor-tab-content elementor-clearfix elementor-active\" role=\"tabpanel\" data-tab=\"8\" aria-labelledby=\"elementor-tab-title-1948\">\n<p>Sim, com certeza. Basta clicar no \u00edcone do WhatsApp no cantinho da tela. Ser\u00e1 um prazer atend\u00ea-lo(a).<\/p>\n<div class=\"elementor-toggle-item\">\n<div id=\"elementor-tab-content-1948\" class=\"elementor-tab-content elementor-clearfix elementor-active\" role=\"tabpanel\" data-tab=\"8\" aria-labelledby=\"elementor-tab-title-1948\">\n<h4>Quais os seus canais de contato?<\/h4>\n<\/div>\n<\/div>\n<div class=\"elementor-toggle-item\">\n<div id=\"elementor-tab-content-1949\" class=\"elementor-tab-content elementor-clearfix elementor-active\" role=\"tabpanel\" data-tab=\"9\" aria-labelledby=\"elementor-tab-title-1949\">\n<p>Whatsapp: 53 984751621 \u2013 Clicar no canto da tela ou ESCANEIE O QRCODE ABAIXO<\/p>\n<p><img decoding=\"async\" class=\"alignnone  wp-image-7603\" src=\"http:\/\/portifolioos-prontos.com\/wp-content\/uploads\/2022\/09\/portfolio-unopar-pronto-colaborar-ava-producao-textual-interdisciplinar.png\" alt=\"Regime disciplinar diferenciado (RDD): Solu\u00e7\u00e3o? Ou n\u00e3o?,portf\u00f3lio Regime disciplinar diferenciado (RDD): Solu\u00e7\u00e3o? Ou n\u00e3o?,portf\u00f3lio pronto Regime disciplinar diferenciado (RDD): Solu\u00e7\u00e3o? Ou n\u00e3o?,portf\u00f3lio ead Regime disciplinar diferenciado (RDD): Solu\u00e7\u00e3o? Ou n\u00e3o?,portf\u00f3lio unopar Regime disciplinar diferenciado (RDD): Solu\u00e7\u00e3o? Ou n\u00e3o?,portf\u00f3lio pronto unopar Regime disciplinar diferenciado (RDD): Solu\u00e7\u00e3o? Ou n\u00e3o?,trabalho pronto Regime disciplinar diferenciado (RDD): Solu\u00e7\u00e3o? Ou n\u00e3o?,trabalhos feitos Regime disciplinar diferenciado (RDD): Solu\u00e7\u00e3o? Ou n\u00e3o?,portf\u00f3lios prontos Regime disciplinar diferenciado (RDD): Solu\u00e7\u00e3o? Ou n\u00e3o?,portf\u00f3lioo ead Regime disciplinar diferenciado (RDD): Solu\u00e7\u00e3o? Ou n\u00e3o?,portf\u00f3lio criminologia,Portfolio pronto,portifolio pronto,portf\u00f3lio pronto,portifolios prontos,portif\u00f3lios prontos,portf\u00f3lio pronto unopar,portifolio pronto unopar,portif\u00f3lio pronto unopar,portifolios prontos unopar,portifolios prontos anhanguera,portf\u00f3lios prontos anhanguera,portf\u00f3lio pronto anhanguera,portfolios ead,portf\u00f3lios ead,portfolioead,apostileiros,portf\u00f3lio ead,portifolios ead,portif\u00f3lios ead,eadhelp,shop do acad\u00eamico,unopar portfolio,portfolio pronto ead,portfolio unopar ead,ead portfolio ava,portf\u00f3lio ead anhanguera,portf\u00f3lio ead pront,o portf\u00f3lio ead unopar,portf\u00f3lio pronto em word,pti unopar,ptg unopar,modelo de portf\u00f3lio unopar,modelo de portf\u00f3lio anhanguera,como fazer um portf\u00f3lio para faculdade,como faz portf\u00f3lio universidade,como faz portf\u00f3lios para universidade,portf\u00f3lios prontos para universidade,portf\u00f3lios pronto para faculdade,portf\u00f3lio pronto para editar,portifolios prontos para editar,portf\u00f3lio em word,portfolio em word,portf\u00f3lio em word para editar,portifolio em word para editar,portfolio unopar pronto para editar,modelo de portfolio para unopar,modelo de portif\u00f3lio para unopar,modelo de portf\u00f3lio para unopar,unopar portf\u00f3lio pronto,anhanguera portf\u00f3lio pronto,portf\u00f3lio em word pronto,comprar portf\u00f3lio pronto,como fazer um portf\u00f3lio,como fazer portf\u00f3lio digital,portfolio,portf\u00f3lio,portifolio,portif\u00f3lio,portf\u00f3lio interdisciplinar individual,portfolio interdisciplinar individual,exemplos de portf\u00f3lio para faculdade,baixar portf\u00f3lio pronto,portf\u00f3lio acad\u00eamico,portf\u00f3lio online,portfoliooead,portfolio ead,portf\u00f3lio pronto interdisciplinar individual,relat\u00f3rio de est\u00e1gio unopar,relat\u00f3rio de est\u00e1gio pronto unopar,como criar um portf\u00f3lio,o que \u00e9 um portf\u00f3lio e como fazer,portfolio exemplo,modelo de portfolio acad\u00eamico,relat\u00f3rio de est\u00e1gio gest\u00e3o escolar pronto unopar,portf\u00f3lio como fazer,prova profici\u00eancia unopar,portfolio individual est\u00e1gio curricular obrigat\u00f3rio ii anos iniciais do ensino fundamental,prova de profici\u00eancia pedagogia unopar,capa de trabalho unopar para editar,portf\u00f3lio acad\u00eamico unopar,como fazer um portf\u00f3lio acad\u00eamico,portf\u00f3lio exemplos word,portfolio acad\u00eamico,portfolio individual,portfolio individual unopar,portfolio individual anhanguera,portfolio marketing digital,portf\u00f3lio educa\u00e7\u00e3o f\u00edsica unopar,portf\u00f3lio gest\u00e3o educacional e espa\u00e7os n\u00e3o escolares,como fazer um portifolio unopar,modelo de portf\u00f3lio unopar em arquivo word,capa de portf\u00f3lio de pedagogia,como fazer um portf\u00f3lio no word,projeto integrado unopar,exemplo de portf\u00f3lio academico pedagogia\" width=\"141\" height=\"141\" srcset=\"https:\/\/portifolioos-prontos.com\/wp-content\/uploads\/2022\/09\/portfolio-unopar-pronto-colaborar-ava-producao-textual-interdisciplinar.png 150w, https:\/\/portifolioos-prontos.com\/wp-content\/uploads\/2022\/09\/portfolio-unopar-pronto-colaborar-ava-producao-textual-interdisciplinar-100x100.png 100w\" sizes=\"(max-width: 141px) 100vw, 141px\" \/><\/p>\n<\/div>\n<\/div>\n<\/div>\n<\/div>\n<div class=\"elementor-toggle-item\">\n<div id=\"elementor-tab-content-1949\" class=\"elementor-tab-content elementor-clearfix elementor-active\" role=\"tabpanel\" data-tab=\"9\" aria-labelledby=\"elementor-tab-title-1949\">\n<p>E-mail:portifoliosp@gmail.com<\/p>\n<div id=\"attachment_143\" class=\"wp-caption alignnone\">\n<div id=\"attachment_143\" class=\"wp-caption alignnone\" style=\"width: 164px;\">\n<p><a href=\"http:\/\/portifolioos-prontos.com\/\"><img decoding=\"async\" class=\"wp-image-143\" title=\"portfolio pronto unopar\" src=\"http:\/\/portifolioos-prontos.com\/wp-content\/uploads\/2022\/04\/conceitomaximo.png\" alt=\"PORTFOLIO PRONTO UNOPAR ANHANGUERA\" width=\"164\" height=\"47\" aria-describedby=\"caption-attachment-143\" \/><\/a><\/p>\n<p id=\"caption-attachment-143\" class=\"wp-caption-text\">Portf\u00f3lio Pronto em Word, respondido, completo e j\u00e1 nas normas.<\/p>\n<\/div>\n<\/div>\n<\/div>\n<\/div>\n","protected":false},"excerpt":{"rendered":"<p>Portf\u00f3lio Regime disciplinar diferenciado (RDD): Solu\u00e7\u00e3o? Ou n\u00e3o? Curso: Criminologia Semestre: 3\u00b0 A presente proposta de Produ\u00e7\u00e3o Textual Individual (PTI) ter\u00e1 como tem\u00e1tica central \u201cRegime Disciplinar Diferenciado (RDD): Solu\u00e7\u00e3o? Ou n\u00e3o? \u201d. Tal tem\u00e1tica foi escolhida a fim de possibilitar a aprendizagem interdisciplinar dos conte\u00fados trabalhados nas disciplinas deste semestre. Na PTI, voc\u00ea dever\u00e1 conhecer&hellip;<\/p>\n","protected":false},"featured_media":6586,"template":"","meta":{"_seopress_robots_primary_cat":"none","_seopress_titles_title":"%%post_title%% %%sitetitle%%","_seopress_titles_desc":"","_seopress_robots_index":""},"product_cat":[71,15],"product_tag":[],"class_list":{"0":"post-6426","1":"product","2":"type-product","3":"status-publish","4":"has-post-thumbnail","6":"product_cat-criminologia","7":"product_cat-uncategorized","9":"first","10":"instock","11":"downloadable","12":"virtual","13":"purchasable","14":"product-type-simple","15":"col-xs-6 col-sm-4","16":"col-mf-5","17":"un-5-cols"},"jetpack_sharing_enabled":true,"_links":{"self":[{"href":"https:\/\/portifolioos-prontos.com\/index.php\/wp-json\/wp\/v2\/product\/6426","targetHints":{"allow":["GET"]}}],"collection":[{"href":"https:\/\/portifolioos-prontos.com\/index.php\/wp-json\/wp\/v2\/product"}],"about":[{"href":"https:\/\/portifolioos-prontos.com\/index.php\/wp-json\/wp\/v2\/types\/product"}],"version-history":[{"count":0,"href":"https:\/\/portifolioos-prontos.com\/index.php\/wp-json\/wp\/v2\/product\/6426\/revisions"}],"wp:featuredmedia":[{"embeddable":true,"href":"https:\/\/portifolioos-prontos.com\/index.php\/wp-json\/wp\/v2\/media\/6586"}],"wp:attachment":[{"href":"https:\/\/portifolioos-prontos.com\/index.php\/wp-json\/wp\/v2\/media?parent=6426"}],"wp:term":[{"taxonomy":"product_cat","embeddable":true,"href":"https:\/\/portifolioos-prontos.com\/index.php\/wp-json\/wp\/v2\/product_cat?post=6426"},{"taxonomy":"product_tag","embeddable":true,"href":"https:\/\/portifolioos-prontos.com\/index.php\/wp-json\/wp\/v2\/product_tag?post=6426"}],"curies":[{"name":"wp","href":"https:\/\/api.w.org\/{rel}","templated":true}]}}