{"id":6440,"date":"2022-08-07T23:28:16","date_gmt":"2022-08-08T02:28:16","guid":{"rendered":"https:\/\/portifolioos-prontos.com\/?post_type=product&#038;p=6440"},"modified":"2022-09-14T15:15:34","modified_gmt":"2022-09-14T18:15:34","slug":"portfolio-osteoartrite","status":"publish","type":"product","link":"https:\/\/portifolioos-prontos.com\/index.php\/product\/portfolio-osteoartrite\/","title":{"rendered":"Portf\u00f3lio Osteoartrite"},"content":{"rendered":"<h4>Portf\u00f3lio Osteoartrite<\/h4>\n<h4>Curso: CST em Gerontologia<\/h4>\n<h4>Semestre: 3\u00b0 semestre<\/h4>\n<hr \/>\n<p>A proposta da Produ\u00e7\u00e3o Textual Interdisciplinar Individual (PTI) ter\u00e1 como tem\u00e1tica:<br \/>\n\u201cOsteoartrite\u201d. Esta tem\u00e1tica possibilita a aprendizagem interdisciplinar, considerando as diversas<br \/>\ndisciplinas do semestre, com o objetivo de desenvolver a\u00e7\u00f5es referente \u00e0 \u00e1rea de atua\u00e7\u00e3o.<\/p>\n<p>SITUA\u00c7\u00c3O GERADORA DE <a href=\"http:\/\/portifolioos-prontos.com\">APRENDIZAGEM\u00a0<\/a>(SGA)<\/p>\n<p>Joana, 73 anos, secret\u00e1ria aposentada, procura atendimento em sa\u00fade com uma hist\u00f3ria de<br \/>\ndor no punho direito h\u00e1 oito meses, localizada na parte onde o punho se encontra com o polegar. Ela<br \/>\ntamb\u00e9m possui dores nas articula\u00e7\u00f5es pequenas de ambas as m\u00e3os. A paciente descreve seu sintoma<br \/>\ncomo uma dor intensa e latejante, que \u00e9 mais leve pelas manh\u00e3s e se agrava com o passar do dia. Ela<br \/>\nmenciona ter essa dor h\u00e1 muitos anos, embora tenha se agravado depois de se mudar para a casa de<br \/>\nsua neta. Na semana passada, ao preparar uma refei\u00e7\u00e3o, deixou cair uma panela com \u00e1gua depois de<br \/>\nsua for\u00e7a, segundo ela, \u201cdesaparecer\u201d. O simples ato de abotoar suas roupas tamb\u00e9m se tornou<br \/>\nparticularmente dif\u00edcil. Al\u00e9m das m\u00e3os e do polegar, ela tem tido dor em ambos os joelhos e quadril,<br \/>\no que dificulta a realiza\u00e7\u00e3o de certas atividades, como levantar de uma cadeira e subir escadas. Certa<br \/>\nvez, sua perna aparentemente ficou travada em uma posi\u00e7\u00e3o estendida, fazendo com que ela quase<br \/>\nca\u00edsse. A paciente, al\u00e9m de ajudar a cuidar da bisneta, cozinha para toda a fam\u00edlia e est\u00e1 preocupada<br \/>\ncom a situa\u00e7\u00e3o, pois pouco a pouco vem apresentando limita\u00e7\u00e3o para realizar as atividades di\u00e1rias e<br \/>\nteme n\u00e3o conseguir realiz\u00e1-las daqui um tempo. Joana \u00e9 hipertensa e faz uso de Hidroclorotiazida.<br \/>\nQuanto ao uso de analg\u00e9sicos e anti-inflamat\u00f3rios, a paciente relata intercalar dipirona, paracetamol<br \/>\ne ibuprofeno, conforme intensidade da dor. Em dias com muita dor, particularmente quando sai de<br \/>\ncasa, faz uso de tramadol. A inspe\u00e7\u00e3o das m\u00e3os revela n\u00f3dulos, envolvendo principalmente as<br \/>\narticula\u00e7\u00f5es interfal\u00e2ngicas proximais e distais. A tor\u00e7\u00e3o do polegar reproduz dor. Depois da avalia\u00e7\u00e3o<br \/>\ncl\u00ednica e solicita\u00e7\u00e3o de alguns exames, a paciente recebe o diagn\u00f3stico de osteoartrite, ser\u00e1<br \/>\nencaminhada a outros profissionais, al\u00e9m de ser sugerido v\u00e1rias sess\u00f5es de fisioterapia.<\/p>\n<p>Ap\u00f3s a leitura da situa\u00e7\u00e3o-problema, responda a atividade proposta articulando-a em um relat\u00f3rio<br \/>\nfinal.<\/p>\n<p>A atividade consiste em apresentar, na forma de texto, as respostas para os desafios<br \/>\napresentados:<\/p>\n<p><a href=\"http:\/\/portfoliooead.com.br\/\">A<\/a>\u00a0Osteoartrite (OA), tamb\u00e9m conhecida como artrite ou osteoartrose, \u00e9 uma doen\u00e7a degenerativa<br \/>\nque acomete as articula\u00e7\u00f5es e se caracteriza pelo desgaste da cartilagem articular e por altera\u00e7\u00f5es<br \/>\n\u00f3sseas. Clinicamente, apresenta sinais e sintomas de dor articular, rigidez, inflama\u00e7\u00e3o, edema, perda<br \/>\nde mobilidade, atrofia e fraqueza muscular, deformidades, altera\u00e7\u00e3o de fun\u00e7\u00e3o e instabilidade<br \/>\narticular. Encontra-se comumente em idosos devido \u00e0 desidrata\u00e7\u00e3o e perda de prote\u00ednas decorrentes<br \/>\ndo envelhecimento.<br \/>\n\u2022 Considerando a situa\u00e7\u00e3o-problema apresentada, descreva a fisiopatologia da osteoartrite e<br \/>\nexplique de que maneira a reabilita\u00e7\u00e3o geri\u00e1trica pode auxiliar Joana. Se desejar<br \/>\ncontextualizar sua resposta, voc\u00ea pode inserir imagens para diferenciar as estruturas<br \/>\n\u00f3sseas\/cartilaginosas de uma pessoa saud\u00e1vel e de uma pessoa com osteoartrite, al\u00e9m de dar<br \/>\nexemplos de atividades de reabilita\u00e7\u00e3o. Use sua criatividade!<br \/>\nDando continuidade ao desafio, \u00e9 preciso mencionar que acima dos 70 anos, mais de 85% das pessoas<br \/>\napresentam sintomas de osteoartrose e quase 100% t\u00eam altera\u00e7\u00f5es nas radiografias compat\u00edveis<br \/>\ncom esta doen\u00e7a (SOCIEDADE PORTUGUESA DE REMATOLOGIA, 2016). Al\u00e9m disso, \u00e9 ineg\u00e1vel que o<br \/>\nprocesso de envelhecimento \u00e9 implac\u00e1vel, e todos os seres humanos passar\u00e3o por essa experi\u00eancia,<\/p>\n<p>ele acontece de maneira gradual, ativa e irrevers\u00edvel, com uma s\u00e9rie de mudan\u00e7as gen\u00e9tico-<br \/>\nbiol\u00f3gicas, psicossociais e fisiopatol\u00f3gicas. As mudan\u00e7as provenientes desse processo resultam em<\/p>\n<p>decr\u00e9scimo na capacidade fisiol\u00f3gica e diminui\u00e7\u00e3o de resposta do organismo a eventos estressantes,<br \/>\ncausando instabilidade na homeostasia e aumentando o risco de desenvolvimento de patologias.<br \/>\nVale ressaltar que essas mudan\u00e7as adv\u00eam de v\u00e1rios fatores, sejam eles internos ou externos.<br \/>\n\u2022 Diante deste contexto, \u00e9 poss\u00edvel afirmar que a osteoartrite caracteriza o processo de<br \/>\nsenilidade ou senesc\u00eancia? Responda esta pergunta diferenciando os dois processos.<\/p>\n<p>Ainda em rela\u00e7\u00e3o ao exposto na situa\u00e7\u00e3o-problema, \u00e9 sabido que o conceito de sa\u00fade hoje faz<br \/>\nrefer\u00eancia a um produto da qualidade de vida do indiv\u00edduo, o que est\u00e1 em conson\u00e2ncia com o modelo<br \/>\nbiopsicossocial, isto \u00e9, aquele que prop\u00f5e entender a sa\u00fade e tamb\u00e9m a doen\u00e7a por meio da reuni\u00e3o<br \/>\ndoas aspectos biol\u00f3gicos (corpo, organismo), psicol\u00f3gicos (psique, emo\u00e7\u00f5es, personalidade) e sociais<br \/>\n(cultura, h\u00e1bitos, comportamento). Ou seja, a sa\u00fade e o adoecimento somente podem ser<br \/>\ncompreendidos, investigados e tratados de modo efetivo a partir da intera\u00e7\u00e3o das diversas esferas<br \/>\nda vida.<br \/>\n\u2022 Levando-se em considera\u00e7\u00e3o o caso de Joana, \u00e9 poss\u00edvel afirmar que os aspectos<br \/>\nbiopsicossociais (mais especificamente os fatores psicol\u00f3gicos, emocionais) interferem na<br \/>\ndetermina\u00e7\u00e3o desta dor e, consequentemente, desta doen\u00e7a? Se sim, de que forma?<br \/>\nJustifique sua resposta.<br \/>\nPara finalizarmos o desafio, cabe destacar o fato de a senhora Joana fazer uso de v\u00e1rios<br \/>\nmedicamentos. Com o aumento da expectativa de vida isso tem se tornado cada vez mais frequente,<br \/>\numa vez que a maior preval\u00eancia de doen\u00e7as cr\u00f4nicas entre indiv\u00edduos idosos resulta em uma maior<br \/>\nutiliza\u00e7\u00e3o simult\u00e2nea de m\u00faltiplos medicamentos. Diante desse contexto, o que seria a polifarm\u00e1cia?<br \/>\nQual o impacto da polifarm\u00e1cia na qualidade de vida do idoso?<\/p>\n<div class=\"elementor-toggle-item\">\n<h4 id=\"elementor-tab-title-1941\" class=\"elementor-tab-title elementor-active\" tabindex=\"0\" role=\"tab\" data-tab=\"1\" aria-controls=\"elementor-tab-content-1941\" aria-expanded=\"true\" aria-selected=\"true\">Como funciona?<\/h4>\n<div id=\"elementor-tab-content-1941\" class=\"elementor-tab-content elementor-clearfix elementor-active\" role=\"tabpanel\" data-tab=\"1\" aria-labelledby=\"elementor-tab-title-1941\">\n<p>Elaboramos os portf\u00f3lios, j\u00e1 deixamos prontos, nas normas da ABNT e conforme os requisitos da universidade. F\u00e1cil assim! O MELHOR \u00c9 QUE VOC\u00ca COMPRA E J\u00c1 BAIXA NA HORA O SEU ARQUIVO EM WORD! Sabemos que conciliar trabalho, fam\u00edlia, vida profissional e estudos \u00e9 dif\u00edcil hoje em dia, por isso, estamos aqui para ajudar voc\u00ea. Conte com nossa qualidade, experi\u00eancia e profissionalismo adquirindo seu portf\u00f3lio conosco. GARANTIMOS SEU CONCEITO!<\/p>\n<h4>Como se realizam os envios?<\/h4>\n<\/div>\n<\/div>\n<div class=\"elementor-toggle-item\">\n<div id=\"elementor-tab-content-1942\" class=\"elementor-tab-content elementor-clearfix elementor-active\" role=\"tabpanel\" data-tab=\"2\" aria-labelledby=\"elementor-tab-title-1942\">O seu trabalho \u00e9 disponibilizado pronto, respondido e nas normas j\u00e1 na mesma hora aqui em nosso site na sua \u00e1rea de downloads e tamb\u00e9m no seu e-mail.<\/div>\n<\/div>\n<div class=\"elementor-toggle-item\">\n<div id=\"elementor-tab-content-1943\" class=\"elementor-tab-content elementor-clearfix elementor-active\" role=\"tabpanel\" data-tab=\"3\" aria-labelledby=\"elementor-tab-title-1943\">\n<h4>Em quanto tempo recebo o portf\u00f3lio?<\/h4>\n<\/div>\n<\/div>\n<div class=\"elementor-toggle-item\">\n<div id=\"elementor-tab-content-1944\" class=\"elementor-tab-content elementor-clearfix elementor-active\" role=\"tabpanel\" data-tab=\"4\" aria-labelledby=\"elementor-tab-title-1944\">\n<p>Os envios s\u00e3o imediatos. Ap\u00f3s sua compra, o trabalho j\u00e1 \u00e9 disponibilizado instantaneamente aqui em nosso site e no seu e-mail.<\/p>\n<h4>E se o portf\u00f3lio que comprei precisar de corre\u00e7\u00e3o?<\/h4>\n<\/div>\n<\/div>\n<div class=\"elementor-toggle-item\">\n<div id=\"elementor-tab-content-1945\" class=\"elementor-tab-content elementor-clearfix elementor-active\" role=\"tabpanel\" data-tab=\"5\" aria-labelledby=\"elementor-tab-title-1945\">\n<p>Caso haja alguma solicita\u00e7\u00e3o de corre\u00e7\u00e3o\/altera\u00e7\u00e3o por parte do tutor, basta entrar em contato conosco pelo\u00a0WhatsApp\u00a0que provid\u00eanciaremos sem custo algum.<\/p>\n<h4>Qual o formato do arquivo?<\/h4>\n<\/div>\n<\/div>\n<div class=\"elementor-toggle-item\">\n<div id=\"elementor-tab-content-1946\" class=\"elementor-tab-content elementor-clearfix elementor-active\" role=\"tabpanel\" data-tab=\"6\" aria-labelledby=\"elementor-tab-title-1946\">\n<p>Os arquivos s\u00e3o enviados em formato Word e s\u00e3o edit\u00e1veis.<\/p>\n<h4>Caso eu tiver alguma d\u00favida, terei suporte no p\u00f3s venda?<\/h4>\n<\/div>\n<\/div>\n<div class=\"elementor-toggle-item\">\n<div id=\"elementor-tab-content-1948\" class=\"elementor-tab-content elementor-clearfix elementor-active\" role=\"tabpanel\" data-tab=\"8\" aria-labelledby=\"elementor-tab-title-1948\">\n<p>Sim, com certeza. Basta clicar no \u00edcone do WhatsApp no cantinho da tela. Ser\u00e1 um prazer atend\u00ea-lo(a).<\/p>\n<div class=\"elementor-toggle-item\">\n<div id=\"elementor-tab-content-1948\" class=\"elementor-tab-content elementor-clearfix elementor-active\" role=\"tabpanel\" data-tab=\"8\" aria-labelledby=\"elementor-tab-title-1948\">\n<h4>Quais os seus canais de contato?<\/h4>\n<\/div>\n<\/div>\n<div class=\"elementor-toggle-item\">\n<div id=\"elementor-tab-content-1949\" class=\"elementor-tab-content elementor-clearfix elementor-active\" role=\"tabpanel\" data-tab=\"9\" aria-labelledby=\"elementor-tab-title-1949\">\n<p>Whatsapp: 53 984751621 \u2013 Clicar no canto da tela ou ESCANEIE O QRCODE ABAIXO<\/p>\n<p><img decoding=\"async\" class=\"alignnone wp-image-7603\" src=\"http:\/\/portifolioos-prontos.com\/wp-content\/uploads\/2022\/09\/portfolio-unopar-pronto-colaborar-ava-producao-textual-interdisciplinar.png\" alt=\"portf\u00f3lio ead Osteoartrite,portf\u00f3lio Osteoartrite,portf\u00f3lio unopar Osteoartrite,portf\u00f3lio gerontologia,portf\u00f3lio pronto gerontologia,portf\u00f3lio pronto Osteoartrite,portf\u00f3lio pronto unopar Osteoartrite,portf\u00f3lio anhanguera,portf\u00f3lio anhanguera Osteoartrite,portf\u00f3lios prontos,portf\u00f3lios prontos Osteoartrite,apostileiros Osteoartrite,eadhelp,gerontologia unopar,gerontologia anhanguera,trabalhos feitos Osteoartrite,pti Osteoartrite,ptg Osteoartrite,trabalho pronto Osteoartrite,Portfolio pronto,portifolio pronto,portf\u00f3lio pronto,portifolios prontos,portif\u00f3lios prontos,portf\u00f3lio pronto unopar,portifolio pronto unopar,portif\u00f3lio pronto unopar,portifolios prontos unopar,portifolios prontos anhanguera,portf\u00f3lios prontos anhanguera,portf\u00f3lio pronto anhanguera,portfolios ead,portf\u00f3lios ead,portfolioead,apostileiros,portf\u00f3lio ead,portifolios ead,portif\u00f3lios ead,shop do acad\u00eamico,unopar portfolio,portfolio pronto ead,portfolio unopar ead,ead portfolio ava,portf\u00f3lio ead anhanguera,portf\u00f3lio ead pront,o portf\u00f3lio ead unopar,portf\u00f3lio pronto em word,pti unopar,ptg unopar,modelo de portf\u00f3lio unopar,modelo de portf\u00f3lio anhanguera,como fazer um portf\u00f3lio para faculdade,como faz portf\u00f3lio universidade,como faz portf\u00f3lios para universidade,portf\u00f3lios prontos para universidade,portf\u00f3lios pronto para faculdade,portf\u00f3lio pronto para editar,portifolios prontos para editar,portf\u00f3lio em word,portfolio em word,portf\u00f3lio em word para editar,portifolio em word para editar,portfolio unopar pronto para editar,modelo de portfolio para unopar,modelo de portif\u00f3lio para unopar,modelo de portf\u00f3lio para unopar,unopar portf\u00f3lio pronto,anhanguera portf\u00f3lio pronto,portf\u00f3lio em word pronto,comprar portf\u00f3lio pronto,como fazer um portf\u00f3lio,como fazer portf\u00f3lio digital,portfolio,portf\u00f3lio,portifolio,portif\u00f3lio,portf\u00f3lio interdisciplinar individual,portfolio interdisciplinar individual,exemplos de portf\u00f3lio para faculdade,baixar portf\u00f3lio pronto,portf\u00f3lio acad\u00eamico,portf\u00f3lio online,portfoliooead,portfolio ead,portf\u00f3lio pronto interdisciplinar individual,relat\u00f3rio de est\u00e1gio unopar,relat\u00f3rio de est\u00e1gio pronto unopar,como criar um portf\u00f3lio,o que \u00e9 um portf\u00f3lio e como fazer,portfolio exemplo,modelo de portfolio acad\u00eamico,relat\u00f3rio de est\u00e1gio gest\u00e3o escolar pronto unopar,portf\u00f3lio como fazer,prova profici\u00eancia unopar,portfolio individual est\u00e1gio curricular obrigat\u00f3rio ii anos iniciais do ensino fundamental,prova de profici\u00eancia pedagogia unopar,capa de trabalho unopar para editar,portf\u00f3lio acad\u00eamico unopar,como fazer um portf\u00f3lio acad\u00eamico,portf\u00f3lio exemplos word,portfolio acad\u00eamico,portfolio individual,portfolio individual unopar,portfolio individual anhanguera,portfolio marketing digital,portf\u00f3lio educa\u00e7\u00e3o f\u00edsica unopar,portf\u00f3lio gest\u00e3o educacional e espa\u00e7os n\u00e3o escolares,como fazer um portifolio unopar,modelo de portf\u00f3lio unopar em arquivo word,capa de portf\u00f3lio de pedagogia,como fazer um portf\u00f3lio no word,projeto integrado unopar,exemplo de portf\u00f3lio academico pedagogia\" width=\"141\" height=\"141\" srcset=\"https:\/\/portifolioos-prontos.com\/wp-content\/uploads\/2022\/09\/portfolio-unopar-pronto-colaborar-ava-producao-textual-interdisciplinar.png 150w, https:\/\/portifolioos-prontos.com\/wp-content\/uploads\/2022\/09\/portfolio-unopar-pronto-colaborar-ava-producao-textual-interdisciplinar-100x100.png 100w\" sizes=\"(max-width: 141px) 100vw, 141px\" \/><\/p>\n<\/div>\n<\/div>\n<\/div>\n<\/div>\n<div class=\"elementor-toggle-item\">\n<div id=\"elementor-tab-content-1949\" class=\"elementor-tab-content elementor-clearfix elementor-active\" role=\"tabpanel\" data-tab=\"9\" aria-labelledby=\"elementor-tab-title-1949\">\n<p>E-mail:portifoliosp@gmail.com<\/p>\n<div id=\"attachment_143\" class=\"wp-caption alignnone\">\n<div id=\"attachment_143\" class=\"wp-caption alignnone\" style=\"width: 161px;\">\n<p><a href=\"http:\/\/portifolioos-prontos.com\/\"><img decoding=\"async\" class=\"wp-image-143\" title=\"portfolio pronto unopar\" src=\"http:\/\/portifolioos-prontos.com\/wp-content\/uploads\/2022\/04\/conceitomaximo.png\" alt=\"PORTFOLIO PRONTO UNOPAR ANHANGUERA\" width=\"161\" height=\"46\" aria-describedby=\"caption-attachment-143\" \/><\/a><\/p>\n<p id=\"caption-attachment-143\" class=\"wp-caption-text\">Portf\u00f3lio em Word, respondido, completo e j\u00e1 nas normas.<\/p>\n<\/div>\n<\/div>\n<\/div>\n<\/div>\n","protected":false},"excerpt":{"rendered":"<p>Portf\u00f3lio Osteoartrite Curso: CST em Gerontologia Semestre: 3\u00b0 semestre A proposta da Produ\u00e7\u00e3o Textual Interdisciplinar Individual (PTI) ter\u00e1 como tem\u00e1tica: \u201cOsteoartrite\u201d. Esta tem\u00e1tica possibilita a aprendizagem interdisciplinar, considerando as diversas disciplinas do semestre, com o objetivo de desenvolver a\u00e7\u00f5es referente \u00e0 \u00e1rea de atua\u00e7\u00e3o. SITUA\u00c7\u00c3O GERADORA DE APRENDIZAGEM\u00a0(SGA) Joana, 73 anos, secret\u00e1ria aposentada, procura atendimento&hellip;<\/p>\n","protected":false},"featured_media":6594,"template":"","meta":{"_seopress_robots_primary_cat":"none","_seopress_titles_title":"%%post_title%% %%sitetitle%%","_seopress_titles_desc":"%%post_content%%","_seopress_robots_index":""},"product_cat":[75,15],"product_tag":[],"class_list":{"0":"post-6440","1":"product","2":"type-product","3":"status-publish","4":"has-post-thumbnail","6":"product_cat-gerontologia","7":"product_cat-uncategorized","9":"first","10":"instock","11":"downloadable","12":"virtual","13":"purchasable","14":"product-type-simple","15":"col-xs-6 col-sm-4","16":"col-mf-5","17":"un-5-cols"},"jetpack_sharing_enabled":true,"_links":{"self":[{"href":"https:\/\/portifolioos-prontos.com\/index.php\/wp-json\/wp\/v2\/product\/6440","targetHints":{"allow":["GET"]}}],"collection":[{"href":"https:\/\/portifolioos-prontos.com\/index.php\/wp-json\/wp\/v2\/product"}],"about":[{"href":"https:\/\/portifolioos-prontos.com\/index.php\/wp-json\/wp\/v2\/types\/product"}],"version-history":[{"count":0,"href":"https:\/\/portifolioos-prontos.com\/index.php\/wp-json\/wp\/v2\/product\/6440\/revisions"}],"wp:featuredmedia":[{"embeddable":true,"href":"https:\/\/portifolioos-prontos.com\/index.php\/wp-json\/wp\/v2\/media\/6594"}],"wp:attachment":[{"href":"https:\/\/portifolioos-prontos.com\/index.php\/wp-json\/wp\/v2\/media?parent=6440"}],"wp:term":[{"taxonomy":"product_cat","embeddable":true,"href":"https:\/\/portifolioos-prontos.com\/index.php\/wp-json\/wp\/v2\/product_cat?post=6440"},{"taxonomy":"product_tag","embeddable":true,"href":"https:\/\/portifolioos-prontos.com\/index.php\/wp-json\/wp\/v2\/product_tag?post=6440"}],"curies":[{"name":"wp","href":"https:\/\/api.w.org\/{rel}","templated":true}]}}